{"id":3396,"date":"2025-07-02T15:09:32","date_gmt":"2025-07-02T15:09:32","guid":{"rendered":"https:\/\/puffvapestore.com\/?post_type=product&#038;p=3396"},"modified":"2026-01-19T10:54:04","modified_gmt":"2026-01-19T10:54:04","slug":"randm-tornado-9000-puff-raspberry-watermelon","status":"publish","type":"product","link":"https:\/\/puffvapestore.com\/es\/product\/randm-tornado-9000-puff-frambuesa-sandia\/","title":{"rendered":"RandM Tornado 9000 Puff - Sand\u00eda Frambuesa"},"content":{"rendered":"<div data-elementor-type=\"wp-post\" data-elementor-id=\"3396\" class=\"elementor elementor-3396\">\n\t\t\t\t<div class=\"elementor-element elementor-element-d3f3f97 e-flex e-con-boxed e-con e-parent\" data-id=\"d3f3f97\" data-element_type=\"container\" data-e-type=\"container\">\n\t\t\t\t\t<div class=\"e-con-inner\">\n\t\t\t\t<div class=\"elementor-element elementor-element-9600b1d elementor-widget elementor-widget-text-editor\" data-id=\"9600b1d\" data-element_type=\"widget\" data-e-type=\"widget\" data-widget_type=\"text-editor.default\">\n\t\t\t\t<div class=\"elementor-widget-container\">\n\t\t\t\t\t\t\t\t\t<h2>Sabor : Sand\u00eda Frambuesa<\/h2><p>Raspberry Watermelon es un refrescante sabor a frutos rojos y mel\u00f3n de la serie RandM Tornado 9000, que combina la energ\u00eda \u00e1cida y dulce de la frambuesa con la jugosa dulzura de la sand\u00eda para una experiencia de sabor rica, equilibrada y duradera.<\/p><h3>Sabor: Frambuesa \u00e1cida y dulce con la jugosa frescura de la sand\u00eda.<\/h3><ul><li>Tarta de frambuesa: Al inhalar, el sabor agrio y dulce de las frambuesas invade primero las papilas gustativas, aportando un aroma afrutado vivo y ligeramente \u00e1cido que recuerda a las frambuesas reci\u00e9n recogidas. Esta acidez ligera y dulce a\u00f1ade una nota de salida viva al conjunto, como un destello afrutado en la punta de la lengua.<\/li><li>Refresco de sand\u00eda: Despu\u00e9s de la frambuesa, aparece gradualmente el sabor refrescante y jugoso de la sand\u00eda. El dulzor de la sand\u00eda, ligeramente afrutado y refrescante, evoca el frescor de una sand\u00eda helada en verano. Suave y redondo, este sabor complementa la acidez de la frambuesa para un sabor refrescante y satisfactorio.<\/li><\/ul><h3>Un fest\u00edn afrutado con un equilibrio dulce-agrio<\/h3><p>La caracter\u00edstica distintiva de Watermelon Raspberry es su exquisito equilibrio dulce-amargo. La dulzura acidulada de la frambuesa en la nota de salida proporciona una apertura vigorizante, mientras que la dulzura de la sand\u00eda suaviza la acidez de las notas medias y de fondo, a\u00f1adiendo una jugosa cremosidad.<\/p><h3>Una combinaci\u00f3n de frescor y notas veraniegas<\/h3><p>Este sabor evoca el placer de la fruta de verano, como si estuvieras disfrutando de un plato de frambuesas frescas y sand\u00eda glaseadas al sol.<\/p>\t\t\t\t\t\t\t\t<\/div>\n\t\t\t\t<\/div>\n\t\t\t\t\t<\/div>\n\t\t\t\t<\/div>\n\t\t<div class=\"elementor-element elementor-element-08c26f9 e-flex e-con-boxed e-con e-parent\" data-id=\"08c26f9\" data-element_type=\"container\" data-e-type=\"container\">\n\t\t\t\t\t<div class=\"e-con-inner\">\n\t\t\t\t<div class=\"elementor-element elementor-element-a005a97 elementor-widget elementor-widget-text-editor\" data-id=\"a005a97\" data-element_type=\"widget\" data-e-type=\"widget\" data-widget_type=\"text-editor.default\">\n\t\t\t\t<div class=\"elementor-widget-container\">\n\t\t\t\t\t\t\t\t\t<h2>RandM Tornado 9000 Sand\u00eda Frambuesa<\/h2><p>El cigarrillo electr\u00f3nico RandM Tornado 9000 Raspberry Watermelon ofrece hasta 9000 caladas para un placer prolongado. Est\u00e1 equipado con una potente bater\u00eda recargable de 850 mAh y un puerto USB-C de carga r\u00e1pida para un uso continuo. Su dise\u00f1o elegante y ergon\u00f3mico combina portabilidad y estilo, por lo que es imprescindible para los vapers que buscan rendimiento y practicidad. El Tornado 9000 Raspberry Watermelon tiene un tanque de 18 ml para un sabor duradero sin recargas frecuentes. La resistencia de malla integrada de 0,8 ohmios mejora el flujo de vapor para un sabor rico y cremoso en cada calada.<\/p>\t\t\t\t\t\t\t\t<\/div>\n\t\t\t\t<\/div>\n\t\t\t\t\t<\/div>\n\t\t\t\t<\/div>\n\t\t<div class=\"elementor-element elementor-element-4ac287c e-flex e-con-boxed e-con e-parent\" data-id=\"4ac287c\" data-element_type=\"container\" data-e-type=\"container\">\n\t\t\t\t\t<div class=\"e-con-inner\">\n\t\t<div class=\"elementor-element elementor-element-bbd8e4a e-con-full e-flex e-con e-child\" data-id=\"bbd8e4a\" data-element_type=\"container\" data-e-type=\"container\">\n\t\t\t\t<div class=\"elementor-element elementor-element-0dc5338 elementor-widget elementor-widget-text-editor\" data-id=\"0dc5338\" data-element_type=\"widget\" data-e-type=\"widget\" data-widget_type=\"text-editor.default\">\n\t\t\t\t<div class=\"elementor-widget-container\">\n\t\t\t\t\t\t\t\t\t<h2>Caracter\u00edsticas del RandM Tornado 9000 Sand\u00eda Frambuesa:<\/h2><ul><li>Capacidad de calada : Hasta 9.000 caladas, ideal para un uso prolongado.<\/li><li>Bater\u00eda: bater\u00eda recargable de 850 mAh con funci\u00f3n de carga Type-C para una carga r\u00e1pida y eficiente.<\/li><li>E-l\u00edquido: Precargado con 18 ml de e-l\u00edquido, concentraci\u00f3n de nicotina 2% u opcional 5%.<\/li><li>Tecnolog\u00eda: Utiliza resistencias de malla avanzadas para un vapor suave y uniforme y un sabor intenso.<\/li><li>Dise\u00f1o: Peque\u00f1o y ligero, elegante y atractivo, cuenta con LEDs RGB brillantes para excelentes efectos visuales. No necesita botones: basta con inhalar para empezar, lo que resulta pr\u00e1ctico para los principiantes.<\/li><\/ul>\t\t\t\t\t\t\t\t<\/div>\n\t\t\t\t<\/div>\n\t\t\t\t<\/div>\n\t\t<div class=\"elementor-element elementor-element-8e0e87d e-con-full e-flex e-con e-child\" data-id=\"8e0e87d\" data-element_type=\"container\" data-e-type=\"container\">\n\t\t\t\t<div class=\"elementor-element elementor-element-63d978d elementor-widget elementor-widget-image-gallery\" data-id=\"63d978d\" data-element_type=\"widget\" data-e-type=\"widget\" data-widget_type=\"image-gallery.default\">\n\t\t\t\t<div class=\"elementor-widget-container\">\n\t\t\t\t\t\t\t<div class=\"elementor-image-gallery\">\n\t\t\t<div id='gallery-1' class='gallery galleryid-3396 gallery-columns-1 gallery-size-medium_large'><figure class='gallery-item'>\n\t\t\t<div class='gallery-icon landscape'>\n\t\t\t\t<img fetchpriority=\"high\" decoding=\"async\" width=\"768\" height=\"768\" src=\"https:\/\/puffvapestore.com\/wp-content\/uploads\/2025\/06\/randm-tornado-vape-9000-raspberry-watermelon-pvafrt9000-768x768.jpg\" class=\"attachment-medium_large size-medium_large\" alt=\"frambuesa sand\u00eda randm vape 9000\" aria-describedby=\"gallery-1-3170\" srcset=\"https:\/\/puffvapestore.com\/wp-content\/uploads\/2025\/06\/randm-tornado-vape-9000-raspberry-watermelon-pvafrt9000-768x768.jpg 768w, https:\/\/puffvapestore.com\/wp-content\/uploads\/2025\/06\/randm-tornado-vape-9000-raspberry-watermelon-pvafrt9000-300x300.jpg 300w, https:\/\/puffvapestore.com\/wp-content\/uploads\/2025\/06\/randm-tornado-vape-9000-raspberry-watermelon-pvafrt9000-150x150.jpg 150w, https:\/\/puffvapestore.com\/wp-content\/uploads\/2025\/06\/randm-tornado-vape-9000-raspberry-watermelon-pvafrt9000-600x600.jpg 600w, https:\/\/puffvapestore.com\/wp-content\/uploads\/2025\/06\/randm-tornado-vape-9000-raspberry-watermelon-pvafrt9000-100x100.jpg 100w, https:\/\/puffvapestore.com\/wp-content\/uploads\/2025\/06\/randm-tornado-vape-9000-raspberry-watermelon-pvafrt9000.jpg 1016w\" sizes=\"(max-width: 768px) 100vw, 768px\" \/>\n\t\t\t<\/div>\n\t\t\t\t<figcaption class='wp-caption-text gallery-caption' id='gallery-1-3170'>\n\t\t\t\tframbuesa sand\u00eda randm vape 9000\n\t\t\t\t<\/figcaption><\/figure>\n\t\t<\/div>\n\t\t<\/div>\n\t\t\t\t\t\t<\/div>\n\t\t\t\t<\/div>\n\t\t\t\t<\/div>\n\t\t\t\t\t<\/div>\n\t\t\t\t<\/div>\n\t\t<div class=\"elementor-element elementor-element-718b380 e-flex e-con-boxed e-con e-parent\" data-id=\"718b380\" data-element_type=\"container\" data-e-type=\"container\">\n\t\t\t\t\t<div class=\"e-con-inner\">\n\t\t\t\t<div class=\"elementor-element elementor-element-d2cc8fa elementor-widget elementor-widget-text-editor\" data-id=\"d2cc8fa\" data-element_type=\"widget\" data-e-type=\"widget\" data-widget_type=\"text-editor.default\">\n\t\t\t\t<div class=\"elementor-widget-container\">\n\t\t\t\t\t\t\t\t\t<h3>\u00bfEs suficiente la duraci\u00f3n de la bater\u00eda del RandM Tornado 9000 para utilizar los 18 ml de e-l\u00edquido?<\/h3><p>Por supuesto. El cigarrillo electr\u00f3nico RandM Tornado 9000 lleva incorporada una bater\u00eda de 850 mAh. Esta peque\u00f1a bater\u00eda de iones de litio suele proporcionar de 300 a 500 ciclos completos de carga y descarga. Para fumar 18 ml de e-l\u00edquido y conseguir 9.000 caladas, con una media de 600 caladas por carga, s\u00f3lo necesita unas 15 cargas completas. Esto est\u00e1 dentro de la vida \u00fatil de la bater\u00eda de iones de litio, y su capacidad de ciclo es suficiente para cubrir la cantidad de e-l\u00edquido utilizada. Adem\u00e1s, el producto es compatible con la carga r\u00e1pida USB Type-C, lo que facilita su uso.<\/p><p>El RandM Tornado 9000 est\u00e1 equipado con una bater\u00eda recargable de iones de litio de 850 mAh y admite carga r\u00e1pida Type-C. Aunque el RandM Tornado 9000 est\u00e1 equipado con una bater\u00eda de 850 mAh, la capacidad de una sola carga completa s\u00f3lo permite realizar entre 200 y 1.000 caladas, dependiendo de la duraci\u00f3n y la intensidad de cada calada (inhalaci\u00f3n ligera o profunda). As\u00ed pues, desde el punto de vista de la autonom\u00eda, la capacidad de una sola carga es obviamente insuficiente para 9.000 caladas o para consumir los 18 ml de e-l\u00edquido de una sola vez. Sin embargo, esto no es un defecto de dise\u00f1o, sino m\u00e1s bien el resultado de la estrategia de RandM para segmentar la vida \u00fatil de la bater\u00eda: varios ciclos de carga permiten satisfacer las necesidades de consumo de e-l\u00edquido a lo largo de todo el ciclo de vida.<\/p><h3>\u00bfSe desvanece el sabor de RandM Tornado 9000 con el tiempo?<\/h3><p>El sabor de RandM Tornado 9000 no se desvanece con el tiempo.<\/p><p>El RandM Tornado 9000 cuenta con un avanzado atomizador de malla de 0,8 ohmios y una gran capacidad de almacenamiento de e-l\u00edquido de 18 ml. Una de sus principales ventajas es la consistencia del sabor durante todo el ciclo de uso. Esta tecnolog\u00eda garantiza un equilibrio \u00f3ptimo entre la cantidad de humo y el sabor de cada calada, evitando el fen\u00f3meno de alta intensidad al principio de la vapeada y atenuaci\u00f3n a la mitad y al final de la misma en los cigarrillos electr\u00f3nicos tradicionales.<\/p><p>Aunque la tecnolog\u00eda del dispositivo garantiza una salida estable, la experiencia de sabor real tambi\u00e9n se ve influida por la sensibilidad gustativa del usuario. Por ejemplo, algunos sabores \u00abICE\u00bb como \u00abICE Mango\u00bb e \u00abICE Sand\u00eda\u00bb dar\u00e1n una impresi\u00f3n subjetiva de \u00abmayor frescura y menor sabor afrutado\u00bb tras un uso prolongado. Cabe se\u00f1alar que este cambio no suele deberse al funcionamiento del aparato, sino que puede ser una ilusi\u00f3n sensorial causada por la fatiga gustativa. El uso prolongado del mismo sabor provocar\u00e1 una adaptaci\u00f3n gradual del gusto a determinados ingredientes, lo que le proporcionar\u00e1 una sensaci\u00f3n \u00abmenos intensa\u00bb.<\/p><p>Si siente que el sabor se ha vuelto m\u00e1s ligero, compruebe primero si la bater\u00eda y el e-l\u00edquido se han agotado. A continuaci\u00f3n, puede probar otros sabores para reducir la fatiga gustativa. Por ejemplo, alternar el sabor \u00abICE\u00bb con sabores m\u00e1s suaves como \u00abmango\u00bb y \u00abmel\u00f3n cantalupo\u00bb puede ayudar a recuperar la textura compleja del sabor.<\/p>\t\t\t\t\t\t\t\t<\/div>\n\t\t\t\t<\/div>\n\t\t\t\t\t<\/div>\n\t\t\t\t<\/div>\n\t\t\t\t<\/div>","protected":false},"excerpt":{"rendered":"<p>Go\u00fbt\u00a0: Raspberry Watermelon Framboise Past\u00e8que est un ar\u00f4me de fruits rouges et de melon rafra\u00eechissant de la s\u00e9rie RandM Tornado 9000, alliant l&rsquo;\u00e9nergie acidul\u00e9e et sucr\u00e9e de la framboise \u00e0 la douceur juteuse de la past\u00e8que pour une exp\u00e9rience gustative riche, \u00e9quilibr\u00e9e et durable. Go\u00fbt\u00a0: Framboise acidul\u00e9e et sucr\u00e9e avec la fra\u00eecheur juteuse de la [&hellip;]<\/p>\n","protected":false},"featured_media":3170,"comment_status":"open","ping_status":"closed","template":"","meta":{"site-sidebar-layout":"no-sidebar","site-content-layout":"page-builder","ast-site-content-layout":"normal-width-container","site-content-style":"default","site-sidebar-style":"default","ast-global-header-display":"","ast-banner-title-visibility":"","ast-main-header-display":"","ast-hfb-above-header-display":"","ast-hfb-below-header-display":"","ast-hfb-mobile-header-display":"","site-post-title":"disabled","ast-breadcrumbs-content":"","ast-featured-img":"disabled","footer-sml-layout":"","ast-disable-related-posts":"","theme-transparent-header-meta":"default","adv-header-id-meta":"","stick-header-meta":"default","header-above-stick-meta":"","header-main-stick-meta":"","header-below-stick-meta":"","astra-migrate-meta-layouts":"set","ast-page-background-enabled":"default","ast-page-background-meta":{"desktop":{"background-color":"","background-image":"","background-repeat":"repeat","background-position":"center center","background-size":"auto","background-attachment":"scroll","background-type":"","background-media":"","overlay-type":"","overlay-color":"","overlay-opacity":"","overlay-gradient":""},"tablet":{"background-color":"","background-image":"","background-repeat":"repeat","background-position":"center center","background-size":"auto","background-attachment":"scroll","background-type":"","background-media":"","overlay-type":"","overlay-color":"","overlay-opacity":"","overlay-gradient":""},"mobile":{"background-color":"","background-image":"","background-repeat":"repeat","background-position":"center center","background-size":"auto","background-attachment":"scroll","background-type":"","background-media":"","overlay-type":"","overlay-color":"","overlay-opacity":"","overlay-gradient":""}},"ast-content-background-meta":{"desktop":{"background-color":"var(--ast-global-color-5)","background-image":"","background-repeat":"repeat","background-position":"center center","background-size":"auto","background-attachment":"scroll","background-type":"","background-media":"","overlay-type":"","overlay-color":"","overlay-opacity":"","overlay-gradient":""},"tablet":{"background-color":"var(--ast-global-color-5)","background-image":"","background-repeat":"repeat","background-position":"center center","background-size":"auto","background-attachment":"scroll","background-type":"","background-media":"","overlay-type":"","overlay-color":"","overlay-opacity":"","overlay-gradient":""},"mobile":{"background-color":"var(--ast-global-color-5)","background-image":"","background-repeat":"repeat","background-position":"center center","background-size":"auto","background-attachment":"scroll","background-type":"","background-media":"","overlay-type":"","overlay-color":"","overlay-opacity":"","overlay-gradient":""}}},"product_brand":[42],"product_cat":[43,78,15],"product_tag":[],"class_list":{"0":"post-3396","1":"product","2":"type-product","3":"status-publish","4":"has-post-thumbnail","6":"product_brand-randm-tornado","7":"product_cat-randm-tornado-9000","8":"product_cat-puff-9k","9":"product_cat-magasin-cigarette-electronique","10":"desktop-align-center","11":"tablet-align-center","12":"mobile-align-center","13":"ast-product-gallery-layout-horizontal","14":"ast-product-gallery-with-no-image","15":"ast-product-single-variable","16":"ast-product-tabs-layout-horizontal","17":"ast-qv-on-image","19":"first","20":"outofstock","21":"sale","22":"shipping-taxable","23":"purchasable","24":"product-type-variable","25":"has-default-attributes"},"tiered_pricing_type":"fixed","tiered_pricing_fixed_rules":{"30":8.58,"60":8.13,"100":7.61,"200":7.12,"400":6.86},"tiered_pricing_product_settings":{"layout":"default","base_unit_name":{"singular":null,"plural":null},"default_variation":null},"tiered_pricing_minimum_quantity":null,"tiered_pricing_roles_data":[],"tiered_pricing_percentage_rules":[],"_links":{"self":[{"href":"https:\/\/puffvapestore.com\/es\/wp-json\/wp\/v2\/product\/3396","targetHints":{"allow":["GET"]}}],"collection":[{"href":"https:\/\/puffvapestore.com\/es\/wp-json\/wp\/v2\/product"}],"about":[{"href":"https:\/\/puffvapestore.com\/es\/wp-json\/wp\/v2\/types\/product"}],"replies":[{"embeddable":true,"href":"https:\/\/puffvapestore.com\/es\/wp-json\/wp\/v2\/comments?post=3396"}],"version-history":[{"count":8,"href":"https:\/\/puffvapestore.com\/es\/wp-json\/wp\/v2\/product\/3396\/revisions"}],"predecessor-version":[{"id":4757,"href":"https:\/\/puffvapestore.com\/es\/wp-json\/wp\/v2\/product\/3396\/revisions\/4757"}],"wp:featuredmedia":[{"embeddable":true,"href":"https:\/\/puffvapestore.com\/es\/wp-json\/wp\/v2\/media\/3170"}],"wp:attachment":[{"href":"https:\/\/puffvapestore.com\/es\/wp-json\/wp\/v2\/media?parent=3396"}],"wp:term":[{"taxonomy":"product_brand","embeddable":true,"href":"https:\/\/puffvapestore.com\/es\/wp-json\/wp\/v2\/product_brand?post=3396"},{"taxonomy":"product_cat","embeddable":true,"href":"https:\/\/puffvapestore.com\/es\/wp-json\/wp\/v2\/product_cat?post=3396"},{"taxonomy":"product_tag","embeddable":true,"href":"https:\/\/puffvapestore.com\/es\/wp-json\/wp\/v2\/product_tag?post=3396"}],"curies":[{"name":"wp","href":"https:\/\/api.w.org\/{rel}","templated":true}]}}