{"id":3361,"date":"2025-06-27T11:24:17","date_gmt":"2025-06-27T11:24:17","guid":{"rendered":"https:\/\/puffvapestore.com\/?post_type=product&#038;p=3361"},"modified":"2026-01-19T10:54:04","modified_gmt":"2026-01-19T10:54:04","slug":"fumot-randm-tornado-9000-strawberry-banana","status":"publish","type":"product","link":"https:\/\/puffvapestore.com\/es\/product\/fumot-randm-tornado-9000-fresa-platano\/","title":{"rendered":"Fumot RandM Tornado 9000 - Fresa Pl\u00e1tano"},"content":{"rendered":"<div data-elementor-type=\"wp-post\" data-elementor-id=\"3361\" class=\"elementor elementor-3361\">\n\t\t\t\t<div class=\"elementor-element elementor-element-d3f3f97 e-flex e-con-boxed e-con e-parent\" data-id=\"d3f3f97\" data-element_type=\"container\" data-e-type=\"container\">\n\t\t\t\t\t<div class=\"e-con-inner\">\n\t\t\t\t<div class=\"elementor-element elementor-element-9600b1d elementor-widget elementor-widget-text-editor\" data-id=\"9600b1d\" data-element_type=\"widget\" data-e-type=\"widget\" data-widget_type=\"text-editor.default\">\n\t\t\t\t<div class=\"elementor-widget-container\">\n\t\t\t\t\t\t\t\t\t<h2>Sabor : Fresa Pl\u00e1tano<\/h2><p>El sabor de RandM Tornado 9000 Fresa Pl\u00e1tano gira en torno al aroma fresco y afrutado de la fresa y el dulzor del pl\u00e1tano, ofreciendo una experiencia de vapeo digna de un batido tropical. La frescura de la fresa te invade nada m\u00e1s inhalar, mientras que el regusto suave del pl\u00e1tano es agradable al exhalar, mezcl\u00e1ndose armoniosamente, dulce sin ser nauseabundo.<\/p><ul><li>Fresa: Nada m\u00e1s inhalar, experimentar\u00e1 el aroma dulce y afrutado de las fresas maduras, jugosas y abundantes, impregnado del frescor natural de las fresas frescas. Este sabor a fresa es dulce sin ser empalagoso, como reci\u00e9n recogido del huerto, ofreciendo un entrante afrutado y apetitoso.<\/li><li>Pl\u00e1tano: El sabor suave y sedoso del pl\u00e1tano aparece gradualmente al exhalar, a\u00f1adiendo un dulzor c\u00e1lido y cremoso. El sabor a pl\u00e1tano se describe como maduro sin ser abrumador, complementando perfectamente la frescura de la fresa y a\u00f1adiendo una suave textura de fruta tropical, que recuerda el sabor de un batido de frutas o un batido de pl\u00e1tano.<\/li><\/ul>\t\t\t\t\t\t\t\t<\/div>\n\t\t\t\t<\/div>\n\t\t\t\t\t<\/div>\n\t\t\t\t<\/div>\n\t\t<div class=\"elementor-element elementor-element-08c26f9 e-flex e-con-boxed e-con e-parent\" data-id=\"08c26f9\" data-element_type=\"container\" data-e-type=\"container\">\n\t\t\t\t\t<div class=\"e-con-inner\">\n\t\t\t\t<div class=\"elementor-element elementor-element-a005a97 elementor-widget elementor-widget-text-editor\" data-id=\"a005a97\" data-element_type=\"widget\" data-e-type=\"widget\" data-widget_type=\"text-editor.default\">\n\t\t\t\t<div class=\"elementor-widget-container\">\n\t\t\t\t\t\t\t\t\t<h2>Fumot RandM Tornado 9000 Fresa Pl\u00e1tano<\/h2><p>El cigarrillo electr\u00f3nico RandM Tornado 9000 Strawberry Banana cuenta con una vida \u00fatil extremadamente larga (hasta 9.000 caladas), un alto rendimiento y un dise\u00f1o \u00fanico. Est\u00e1 equipado con una bater\u00eda recargable de 850 mAh y una interfaz de carga r\u00e1pida USB-C, lo que permite cargarlo completamente en aproximadamente una hora para un uso duradero. El dep\u00f3sito de aceite integrado tiene capacidad para unos 18 ml de aceite. Adem\u00e1s, el RandM Tornado 9000 Strawberry Banana utiliza un atomizador de malla de 0,8 ohmios para mejorar eficazmente la concentraci\u00f3n de humo y el sabor.<\/p>\t\t\t\t\t\t\t\t<\/div>\n\t\t\t\t<\/div>\n\t\t\t\t\t<\/div>\n\t\t\t\t<\/div>\n\t\t<div class=\"elementor-element elementor-element-4ac287c e-flex e-con-boxed e-con e-parent\" data-id=\"4ac287c\" data-element_type=\"container\" data-e-type=\"container\">\n\t\t\t\t\t<div class=\"e-con-inner\">\n\t\t<div class=\"elementor-element elementor-element-bbd8e4a e-con-full e-flex e-con e-child\" data-id=\"bbd8e4a\" data-element_type=\"container\" data-e-type=\"container\">\n\t\t\t\t<div class=\"elementor-element elementor-element-0dc5338 elementor-widget elementor-widget-text-editor\" data-id=\"0dc5338\" data-element_type=\"widget\" data-e-type=\"widget\" data-widget_type=\"text-editor.default\">\n\t\t\t\t<div class=\"elementor-widget-container\">\n\t\t\t\t\t\t\t\t\t<h2>Caracter\u00edsticas de RandM Tornado 9000 Fresa Pl\u00e1tano:<\/h2><ul><li>Capacidad de calada : Hasta 9.000 caladas, ideal para un uso prolongado.<\/li><li>Bater\u00eda: bater\u00eda recargable de 850 mAh con funci\u00f3n de carga Type-C para una carga r\u00e1pida y eficiente.<\/li><li>E-l\u00edquido: Precargado con 18 ml de e-l\u00edquido, concentraci\u00f3n de nicotina 2% u opcional 5%.<\/li><li>Tecnolog\u00eda: Utiliza resistencias de malla avanzadas para un vapor suave y uniforme y un sabor intenso.<\/li><li>Dise\u00f1o: Peque\u00f1o y ligero, elegante y atractivo, cuenta con LEDs RGB brillantes para excelentes efectos visuales. No necesita botones: basta con inhalar para empezar, lo que resulta pr\u00e1ctico para los principiantes.<\/li><\/ul>\t\t\t\t\t\t\t\t<\/div>\n\t\t\t\t<\/div>\n\t\t\t\t<\/div>\n\t\t<div class=\"elementor-element elementor-element-8e0e87d e-con-full e-flex e-con e-child\" data-id=\"8e0e87d\" data-element_type=\"container\" data-e-type=\"container\">\n\t\t\t\t<div class=\"elementor-element elementor-element-63d978d elementor-widget elementor-widget-image-gallery\" data-id=\"63d978d\" data-element_type=\"widget\" data-e-type=\"widget\" data-widget_type=\"image-gallery.default\">\n\t\t\t\t<div class=\"elementor-widget-container\">\n\t\t\t\t\t\t\t<div class=\"elementor-image-gallery\">\n\t\t\t<div id='gallery-1' class='gallery galleryid-3361 gallery-columns-1 gallery-size-medium_large'><figure class='gallery-item'>\n\t\t\t<div class='gallery-icon landscape'>\n\t\t\t\t<img fetchpriority=\"high\" decoding=\"async\" width=\"768\" height=\"768\" src=\"https:\/\/puffvapestore.com\/wp-content\/uploads\/2025\/06\/RandM-Tornado-Vape-9000-Strawberry-Banana-pvafrt9000-768x768.jpg\" class=\"attachment-medium_large size-medium_large\" alt=\"Fresa Pl\u00e1tano RandM 9000\" aria-describedby=\"gallery-1-3173\" srcset=\"https:\/\/puffvapestore.com\/wp-content\/uploads\/2025\/06\/RandM-Tornado-Vape-9000-Strawberry-Banana-pvafrt9000-768x768.jpg 768w, https:\/\/puffvapestore.com\/wp-content\/uploads\/2025\/06\/RandM-Tornado-Vape-9000-Strawberry-Banana-pvafrt9000-300x300.jpg 300w, https:\/\/puffvapestore.com\/wp-content\/uploads\/2025\/06\/RandM-Tornado-Vape-9000-Strawberry-Banana-pvafrt9000-150x150.jpg 150w, https:\/\/puffvapestore.com\/wp-content\/uploads\/2025\/06\/RandM-Tornado-Vape-9000-Strawberry-Banana-pvafrt9000-600x600.jpg 600w, https:\/\/puffvapestore.com\/wp-content\/uploads\/2025\/06\/RandM-Tornado-Vape-9000-Strawberry-Banana-pvafrt9000-100x100.jpg 100w, https:\/\/puffvapestore.com\/wp-content\/uploads\/2025\/06\/RandM-Tornado-Vape-9000-Strawberry-Banana-pvafrt9000.jpg 1016w\" sizes=\"(max-width: 768px) 100vw, 768px\" \/>\n\t\t\t<\/div>\n\t\t\t\t<figcaption class='wp-caption-text gallery-caption' id='gallery-1-3173'>\n\t\t\t\tFresa Pl\u00e1tano RandM 9000\n\t\t\t\t<\/figcaption><\/figure>\n\t\t<\/div>\n\t\t<\/div>\n\t\t\t\t\t\t<\/div>\n\t\t\t\t<\/div>\n\t\t\t\t<\/div>\n\t\t\t\t\t<\/div>\n\t\t\t\t<\/div>\n\t\t<div class=\"elementor-element elementor-element-718b380 e-flex e-con-boxed e-con e-parent\" data-id=\"718b380\" data-element_type=\"container\" data-e-type=\"container\">\n\t\t\t\t\t<div class=\"e-con-inner\">\n\t\t\t\t<div class=\"elementor-element elementor-element-d2cc8fa elementor-widget elementor-widget-text-editor\" data-id=\"d2cc8fa\" data-element_type=\"widget\" data-e-type=\"widget\" data-widget_type=\"text-editor.default\">\n\t\t\t\t<div class=\"elementor-widget-container\">\n\t\t\t\t\t\t\t\t\t<h3>\u00bfEs suficiente la duraci\u00f3n de la bater\u00eda del RandM Tornado 9000 Strawberry Banana para utilizar los 18 ml de e-l\u00edquido?<\/h3><p>La bater\u00eda de 850 mAh del RandM Tornado 9000 Strawberry Banana le proporcionar\u00e1 9.000 caladas de 18 ml de e-l\u00edquido despu\u00e9s de varias cargas.<\/p><p>El RandM Tornado 9000 Strawberry Banana est\u00e1 equipado con una bater\u00eda recargable de 850 mAh y 18 ml de e-l\u00edquido precargado, ofreciendo alrededor de 9.000 caladas. La bater\u00eda de 850 mAh ofrece una mayor capacidad que las desechables y permite una carga r\u00e1pida a trav\u00e9s del puerto Type-C. La bater\u00eda de 850 mAh del RandM Tornado 9000 puede soportar aproximadamente entre 200 y 1000 caladas con una sola carga completa (dependiendo de la duraci\u00f3n de las caladas). Una sola carga de 850 mAh no es suficiente para cubrir las 9000 caladas, pero varias cargas pueden compensar este d\u00e9ficit. Adem\u00e1s, las bater\u00edas de iones de litio (como las de 850 mAh) suelen soportar entre 300 y 500 ciclos de carga completa (de 0 % a 100 %), lo que significa que la autonom\u00eda total supera con creces las necesidades de los dispositivos desechables.<\/p><h3>\u00bfSe desvanece el sabor de RandM Tornado 9000 con el tiempo?<\/h3><p>El sabor de RandM Tornado 9000 no se desvanece con el tiempo.<\/p><p>El RandM Tornado 9000 ofrece una experiencia de sabor muy consistente durante todo su ciclo de uso. La gran capacidad de 18 ml de e-l\u00edquido y la tecnolog\u00eda de n\u00facleo de malla de 0,8 ohmios garantizan una dosis consistente y duradera. Los sabores afrutados como \u00abICE\u00bb y \u00abBlueberry Raspberry\u00bb conservan su frescura y no se desvanecen durante semanas de uso.<\/p><h5>Diferentes experiencias de usuario para diferentes personas<\/h5><p>Aunque la tecnolog\u00eda est\u00e1 dise\u00f1ada para mantener un sabor constante, la experiencia del usuario variar\u00e1 de una persona a otra. Algunos usuarios informan de que determinados sabores (como los que contienen elementos \u00abICE\u00bb) pueden experimentar cambios de sabor tras un uso prolongado, como un mayor frescor y sabores afrutados ligeramente m\u00e1s ligeros. Esto podr\u00eda estar relacionado con la fatiga gustativa. La mayor\u00eda de los usuarios del RandM Tornado 9000 consideran que el sabor del cigarrillo electr\u00f3nico RandM Tornado 9000 permanece estable durante todo su ciclo de vida. Si te cansas del sabor, puedes cambiar de sabor. Cambiar de sabor con frecuencia es una buena forma de aliviar la fatiga de sabor.<\/p>\t\t\t\t\t\t\t\t<\/div>\n\t\t\t\t<\/div>\n\t\t\t\t\t<\/div>\n\t\t\t\t<\/div>\n\t\t\t\t<\/div>","protected":false},"excerpt":{"rendered":"<p>Saveur : Strawberry Banana La saveur du RandM Tornado 9000 Fraise Banane s&rsquo;articule autour de l&rsquo;ar\u00f4me frais et fruit\u00e9 de la fraise et de la douceur sucr\u00e9e de la banane, offrant une exp\u00e9rience de vapotage digne d&rsquo;un smoothie tropical. La fra\u00eecheur de la fraise vous envahit d\u00e8s l&rsquo;inhalation, tandis que l&rsquo;arri\u00e8re-go\u00fbt moelleux de la banane [&hellip;]<\/p>\n","protected":false},"featured_media":3173,"comment_status":"open","ping_status":"closed","template":"","meta":{"site-sidebar-layout":"no-sidebar","site-content-layout":"page-builder","ast-site-content-layout":"normal-width-container","site-content-style":"default","site-sidebar-style":"default","ast-global-header-display":"","ast-banner-title-visibility":"","ast-main-header-display":"","ast-hfb-above-header-display":"","ast-hfb-below-header-display":"","ast-hfb-mobile-header-display":"","site-post-title":"disabled","ast-breadcrumbs-content":"","ast-featured-img":"disabled","footer-sml-layout":"","ast-disable-related-posts":"","theme-transparent-header-meta":"default","adv-header-id-meta":"","stick-header-meta":"default","header-above-stick-meta":"","header-main-stick-meta":"","header-below-stick-meta":"","astra-migrate-meta-layouts":"set","ast-page-background-enabled":"default","ast-page-background-meta":{"desktop":{"background-color":"","background-image":"","background-repeat":"repeat","background-position":"center center","background-size":"auto","background-attachment":"scroll","background-type":"","background-media":"","overlay-type":"","overlay-color":"","overlay-opacity":"","overlay-gradient":""},"tablet":{"background-color":"","background-image":"","background-repeat":"repeat","background-position":"center center","background-size":"auto","background-attachment":"scroll","background-type":"","background-media":"","overlay-type":"","overlay-color":"","overlay-opacity":"","overlay-gradient":""},"mobile":{"background-color":"","background-image":"","background-repeat":"repeat","background-position":"center center","background-size":"auto","background-attachment":"scroll","background-type":"","background-media":"","overlay-type":"","overlay-color":"","overlay-opacity":"","overlay-gradient":""}},"ast-content-background-meta":{"desktop":{"background-color":"var(--ast-global-color-5)","background-image":"","background-repeat":"repeat","background-position":"center center","background-size":"auto","background-attachment":"scroll","background-type":"","background-media":"","overlay-type":"","overlay-color":"","overlay-opacity":"","overlay-gradient":""},"tablet":{"background-color":"var(--ast-global-color-5)","background-image":"","background-repeat":"repeat","background-position":"center center","background-size":"auto","background-attachment":"scroll","background-type":"","background-media":"","overlay-type":"","overlay-color":"","overlay-opacity":"","overlay-gradient":""},"mobile":{"background-color":"var(--ast-global-color-5)","background-image":"","background-repeat":"repeat","background-position":"center center","background-size":"auto","background-attachment":"scroll","background-type":"","background-media":"","overlay-type":"","overlay-color":"","overlay-opacity":"","overlay-gradient":""}}},"product_brand":[42],"product_cat":[43,78,15],"product_tag":[],"class_list":{"0":"post-3361","1":"product","2":"type-product","3":"status-publish","4":"has-post-thumbnail","6":"product_brand-randm-tornado","7":"product_cat-randm-tornado-9000","8":"product_cat-puff-9k","9":"product_cat-magasin-cigarette-electronique","10":"desktop-align-center","11":"tablet-align-center","12":"mobile-align-center","13":"ast-product-gallery-layout-horizontal","14":"ast-product-gallery-with-no-image","15":"ast-product-single-variable","16":"ast-product-tabs-layout-horizontal","17":"ast-qv-on-image","19":"first","20":"outofstock","21":"sale","22":"shipping-taxable","23":"purchasable","24":"product-type-variable","25":"has-default-attributes"},"tiered_pricing_type":"fixed","tiered_pricing_fixed_rules":{"30":8.58,"60":8.13,"100":7.61,"200":7.12,"400":6.86},"tiered_pricing_product_settings":{"layout":"default","base_unit_name":{"singular":null,"plural":null},"default_variation":null},"tiered_pricing_minimum_quantity":null,"tiered_pricing_roles_data":[],"tiered_pricing_percentage_rules":[],"_links":{"self":[{"href":"https:\/\/puffvapestore.com\/es\/wp-json\/wp\/v2\/product\/3361","targetHints":{"allow":["GET"]}}],"collection":[{"href":"https:\/\/puffvapestore.com\/es\/wp-json\/wp\/v2\/product"}],"about":[{"href":"https:\/\/puffvapestore.com\/es\/wp-json\/wp\/v2\/types\/product"}],"replies":[{"embeddable":true,"href":"https:\/\/puffvapestore.com\/es\/wp-json\/wp\/v2\/comments?post=3361"}],"version-history":[{"count":8,"href":"https:\/\/puffvapestore.com\/es\/wp-json\/wp\/v2\/product\/3361\/revisions"}],"predecessor-version":[{"id":7252,"href":"https:\/\/puffvapestore.com\/es\/wp-json\/wp\/v2\/product\/3361\/revisions\/7252"}],"wp:featuredmedia":[{"embeddable":true,"href":"https:\/\/puffvapestore.com\/es\/wp-json\/wp\/v2\/media\/3173"}],"wp:attachment":[{"href":"https:\/\/puffvapestore.com\/es\/wp-json\/wp\/v2\/media?parent=3361"}],"wp:term":[{"taxonomy":"product_brand","embeddable":true,"href":"https:\/\/puffvapestore.com\/es\/wp-json\/wp\/v2\/product_brand?post=3361"},{"taxonomy":"product_cat","embeddable":true,"href":"https:\/\/puffvapestore.com\/es\/wp-json\/wp\/v2\/product_cat?post=3361"},{"taxonomy":"product_tag","embeddable":true,"href":"https:\/\/puffvapestore.com\/es\/wp-json\/wp\/v2\/product_tag?post=3361"}],"curies":[{"name":"wp","href":"https:\/\/api.w.org\/{rel}","templated":true}]}}