{"id":3343,"date":"2025-06-25T06:49:17","date_gmt":"2025-06-25T06:49:17","guid":{"rendered":"https:\/\/puffvapestore.com\/?post_type=product&#038;p=3343"},"modified":"2026-01-19T10:54:04","modified_gmt":"2026-01-19T10:54:04","slug":"randm-9000-vape-strawberry-cream","status":"publish","type":"product","link":"https:\/\/puffvapestore.com\/es\/product\/randm-9000-vape-crema-fresa\/","title":{"rendered":"RandM 9000 Vape - Crema de Fresa"},"content":{"rendered":"<div data-elementor-type=\"wp-post\" data-elementor-id=\"3343\" class=\"elementor elementor-3343\">\n\t\t\t\t<div class=\"elementor-element elementor-element-d3f3f97 e-flex e-con-boxed e-con e-parent\" data-id=\"d3f3f97\" data-element_type=\"container\" data-e-type=\"container\">\n\t\t\t\t\t<div class=\"e-con-inner\">\n\t\t\t\t<div class=\"elementor-element elementor-element-9600b1d elementor-widget elementor-widget-text-editor\" data-id=\"9600b1d\" data-element_type=\"widget\" data-e-type=\"widget\" data-widget_type=\"text-editor.default\">\n\t\t\t\t<div class=\"elementor-widget-container\">\n\t\t\t\t\t\t\t\t\t<h2>Sabor : Crema de fresa<\/h2><p>RandM Tornado 9000 Cr\u00e8me Fraise es un aceite para cigarrillos electr\u00f3nicos con un sabor afrutado y dulce combinado con una rica nota l\u00e1ctea. Su aroma est\u00e1 dise\u00f1ado para recrear la deliciosa experiencia de un postre de fresa.<\/p><ul><li>Dulzura de fresa: Al inhalar, la primera sensaci\u00f3n es la frescura y la dulzura de las fresas maduras. Este sabor a fresa es jugoso y dulce, con el frescor de la fruta natural, similar al de las fresas reci\u00e9n recolectadas, dulce sin ser graso y apetitoso.<\/li><li>Suavidad cremosa: Al exhalar, el rico sabor cremoso se revela gradualmente, proporcionando un sabor suave y cremoso. Este sabor cremoso a\u00f1ade una lujosa capa a la dulzura de las fresas, como si estuvieras disfrutando de un taz\u00f3n de fresas frescas cubiertas con crema espesa, proporcionando una sensaci\u00f3n sedosa y rica en capas.<\/li><\/ul>\t\t\t\t\t\t\t\t<\/div>\n\t\t\t\t<\/div>\n\t\t\t\t\t<\/div>\n\t\t\t\t<\/div>\n\t\t<div class=\"elementor-element elementor-element-08c26f9 e-flex e-con-boxed e-con e-parent\" data-id=\"08c26f9\" data-element_type=\"container\" data-e-type=\"container\">\n\t\t\t\t\t<div class=\"e-con-inner\">\n\t\t\t\t<div class=\"elementor-element elementor-element-a005a97 elementor-widget elementor-widget-text-editor\" data-id=\"a005a97\" data-element_type=\"widget\" data-e-type=\"widget\" data-widget_type=\"text-editor.default\">\n\t\t\t\t<div class=\"elementor-widget-container\">\n\t\t\t\t\t\t\t\t\t<h2>RandM 9000 Crema de fresa<\/h2><p>El cigarrillo electr\u00f3nico RandM Tornado 9000 Strawberry Cream presume de una vida \u00fatil extremadamente larga (hasta 9.000 caladas), un alto rendimiento y un dise\u00f1o \u00fanico. Est\u00e1 equipado con una bater\u00eda recargable de 850 mAh y una interfaz de carga r\u00e1pida USB-C, lo que permite cargarlo por completo en aproximadamente una hora para un uso duradero. El dep\u00f3sito de aceite integrado tiene capacidad para unos 18 ml de aceite. Adem\u00e1s, el RandM Tornado 9000 Strawberry Cream utiliza un atomizador de malla de 0,8 ohmios para mejorar eficazmente la concentraci\u00f3n de humo y el sabor.<\/p>\t\t\t\t\t\t\t\t<\/div>\n\t\t\t\t<\/div>\n\t\t\t\t\t<\/div>\n\t\t\t\t<\/div>\n\t\t<div class=\"elementor-element elementor-element-4ac287c e-flex e-con-boxed e-con e-parent\" data-id=\"4ac287c\" data-element_type=\"container\" data-e-type=\"container\">\n\t\t\t\t\t<div class=\"e-con-inner\">\n\t\t<div class=\"elementor-element elementor-element-bbd8e4a e-con-full e-flex e-con e-child\" data-id=\"bbd8e4a\" data-element_type=\"container\" data-e-type=\"container\">\n\t\t\t\t<div class=\"elementor-element elementor-element-0dc5338 elementor-widget elementor-widget-text-editor\" data-id=\"0dc5338\" data-element_type=\"widget\" data-e-type=\"widget\" data-widget_type=\"text-editor.default\">\n\t\t\t\t<div class=\"elementor-widget-container\">\n\t\t\t\t\t\t\t\t\t<h2>Caracter\u00edsticas de RandM Tornado 9000 Crema de Fresa:<\/h2><ul><li>Capacidad de calada : Hasta 9.000 caladas, ideal para un uso prolongado.<\/li><li>Bater\u00eda: bater\u00eda recargable de 850 mAh con funci\u00f3n de carga Type-C para una carga r\u00e1pida y eficiente.<\/li><li>E-l\u00edquido: Precargado con 18 ml de e-l\u00edquido, concentraci\u00f3n de nicotina 2% u opcional 5%.<\/li><li>Tecnolog\u00eda: Utiliza resistencias de malla avanzadas para un vapor suave y uniforme y un sabor intenso.<\/li><li>Dise\u00f1o: Peque\u00f1o y ligero, elegante y atractivo, cuenta con LEDs RGB brillantes para excelentes efectos visuales. No necesita botones: basta con inhalar para empezar, lo que resulta pr\u00e1ctico para los principiantes.<\/li><\/ul>\t\t\t\t\t\t\t\t<\/div>\n\t\t\t\t<\/div>\n\t\t\t\t<\/div>\n\t\t<div class=\"elementor-element elementor-element-8e0e87d e-con-full e-flex e-con e-child\" data-id=\"8e0e87d\" data-element_type=\"container\" data-e-type=\"container\">\n\t\t\t\t<div class=\"elementor-element elementor-element-63d978d elementor-widget elementor-widget-image-gallery\" data-id=\"63d978d\" data-element_type=\"widget\" data-e-type=\"widget\" data-widget_type=\"image-gallery.default\">\n\t\t\t\t<div class=\"elementor-widget-container\">\n\t\t\t\t\t\t\t<div class=\"elementor-image-gallery\">\n\t\t\t<div id='gallery-1' class='gallery galleryid-3343 gallery-columns-1 gallery-size-medium_large'><figure class='gallery-item'>\n\t\t\t<div class='gallery-icon landscape'>\n\t\t\t\t<img fetchpriority=\"high\" decoding=\"async\" width=\"768\" height=\"768\" src=\"https:\/\/puffvapestore.com\/wp-content\/uploads\/2025\/06\/randm-tornado-vape-9000-strawberry-cream-pvafrt9000-768x768.jpg\" class=\"attachment-medium_large size-medium_large\" alt=\"crema fresa randm tornado 9000\" aria-describedby=\"gallery-1-3174\" srcset=\"https:\/\/puffvapestore.com\/wp-content\/uploads\/2025\/06\/randm-tornado-vape-9000-strawberry-cream-pvafrt9000-768x768.jpg 768w, https:\/\/puffvapestore.com\/wp-content\/uploads\/2025\/06\/randm-tornado-vape-9000-strawberry-cream-pvafrt9000-300x300.jpg 300w, https:\/\/puffvapestore.com\/wp-content\/uploads\/2025\/06\/randm-tornado-vape-9000-strawberry-cream-pvafrt9000-150x150.jpg 150w, https:\/\/puffvapestore.com\/wp-content\/uploads\/2025\/06\/randm-tornado-vape-9000-strawberry-cream-pvafrt9000-600x600.jpg 600w, https:\/\/puffvapestore.com\/wp-content\/uploads\/2025\/06\/randm-tornado-vape-9000-strawberry-cream-pvafrt9000-100x100.jpg 100w, https:\/\/puffvapestore.com\/wp-content\/uploads\/2025\/06\/randm-tornado-vape-9000-strawberry-cream-pvafrt9000.jpg 1016w\" sizes=\"(max-width: 768px) 100vw, 768px\" \/>\n\t\t\t<\/div>\n\t\t\t\t<figcaption class='wp-caption-text gallery-caption' id='gallery-1-3174'>\n\t\t\t\tcrema fresa randm tornado 9000\n\t\t\t\t<\/figcaption><\/figure>\n\t\t<\/div>\n\t\t<\/div>\n\t\t\t\t\t\t<\/div>\n\t\t\t\t<\/div>\n\t\t\t\t<\/div>\n\t\t\t\t\t<\/div>\n\t\t\t\t<\/div>\n\t\t<div class=\"elementor-element elementor-element-718b380 e-flex e-con-boxed e-con e-parent\" data-id=\"718b380\" data-element_type=\"container\" data-e-type=\"container\">\n\t\t\t\t\t<div class=\"e-con-inner\">\n\t\t\t\t<div class=\"elementor-element elementor-element-d2cc8fa elementor-widget elementor-widget-text-editor\" data-id=\"d2cc8fa\" data-element_type=\"widget\" data-e-type=\"widget\" data-widget_type=\"text-editor.default\">\n\t\t\t\t<div class=\"elementor-widget-container\">\n\t\t\t\t\t\t\t\t\t<h3>\u00bfLa duraci\u00f3n de la bater\u00eda del RandM Tornado 9000 Strawberry Cream es suficiente para utilizar los 18 ml de e-l\u00edquido?<\/h3><p>La bater\u00eda de 850 mAh del RandM Tornado 9000 Strawberry Cream le proporcionar\u00e1 9.000 caladas de 18 ml de e-l\u00edquido tras varias cargas.<\/p><p>El RandM Tornado 9000 Strawberry Cream est\u00e1 equipado con una bater\u00eda recargable de 850 mAh y 18 ml de e-l\u00edquido precargado, que ofrece unas 9.000 caladas. La bater\u00eda de 850 mAh ofrece una mayor capacidad que las desechables y permite una carga r\u00e1pida a trav\u00e9s del puerto Type-C. La bater\u00eda de 850 mAh del RandM Tornado 9000 Strawberry Cream puede soportar aproximadamente entre 200 y 1000 caladas con una sola carga completa (dependiendo de la duraci\u00f3n de las caladas). Una sola carga de 850 mAh no es suficiente para cubrir las 9000 caladas, pero varias cargas pueden compensar este d\u00e9ficit. Adem\u00e1s, las bater\u00edas de iones de litio (como las de 850 mAh) suelen soportar entre 300 y 500 ciclos de carga completa (de 0 % a 100 %), lo que significa que la autonom\u00eda total supera con creces las necesidades de los dispositivos desechables.<\/p><h3>\u00bfSe desvanece el sabor de RandM Tornado 9000 con el tiempo?<\/h3><p>El sabor de RandM Tornado 9000 no se desvanece con el tiempo.<\/p><p>El RandM Tornado 9000 ofrece una experiencia de sabor muy consistente durante todo su ciclo de uso. La gran capacidad de 18 ml de e-l\u00edquido y la tecnolog\u00eda de n\u00facleo de malla de 0,8 ohmios garantizan una dosis consistente y duradera. Los sabores afrutados como \u00abICE\u00bb y \u00abBlueberry Raspberry\u00bb conservan su frescura y no se desvanecen durante semanas de uso.<\/p><h5>Diferentes experiencias de usuario para diferentes personas<\/h5><p>Aunque la tecnolog\u00eda est\u00e1 dise\u00f1ada para mantener un sabor constante, la experiencia del usuario variar\u00e1 de una persona a otra. Algunos usuarios informan de que determinados sabores (como los que contienen elementos \u00abICE\u00bb) pueden experimentar cambios de sabor tras un uso prolongado, como un mayor frescor y sabores afrutados ligeramente m\u00e1s ligeros. Esto podr\u00eda estar relacionado con la fatiga gustativa. La mayor\u00eda de los usuarios del RandM Tornado 9000 consideran que el sabor del cigarrillo electr\u00f3nico RandM Tornado 9000 permanece estable durante todo su ciclo de vida. Si te cansas del sabor, puedes cambiar de sabor. Cambiar de sabor con frecuencia es una buena forma de aliviar la fatiga de sabor.<\/p>\t\t\t\t\t\t\t\t<\/div>\n\t\t\t\t<\/div>\n\t\t\t\t\t<\/div>\n\t\t\t\t<\/div>\n\t\t\t\t<\/div>","protected":false},"excerpt":{"rendered":"<p>Ar\u00f4me\u00a0: Strawberry Cream La RandM Tornado 9000 Cr\u00e8me Fraise est une huile pour cigarette \u00e9lectronique aux ar\u00f4mes fruit\u00e9s et sucr\u00e9s, alli\u00e9s \u00e0 une riche note lact\u00e9e. Son ar\u00f4me est con\u00e7u pour recr\u00e9er la d\u00e9licieuse exp\u00e9rience d&rsquo;un dessert \u00e0 la fraise. Douceur de la fraise\u00a0: \u00c0 l&rsquo;inhalation, la premi\u00e8re sensation est la fra\u00eecheur et la douceur [&hellip;]<\/p>\n","protected":false},"featured_media":3174,"comment_status":"open","ping_status":"closed","template":"","meta":{"site-sidebar-layout":"no-sidebar","site-content-layout":"page-builder","ast-site-content-layout":"normal-width-container","site-content-style":"default","site-sidebar-style":"default","ast-global-header-display":"","ast-banner-title-visibility":"","ast-main-header-display":"","ast-hfb-above-header-display":"","ast-hfb-below-header-display":"","ast-hfb-mobile-header-display":"","site-post-title":"disabled","ast-breadcrumbs-content":"","ast-featured-img":"disabled","footer-sml-layout":"","ast-disable-related-posts":"","theme-transparent-header-meta":"default","adv-header-id-meta":"","stick-header-meta":"default","header-above-stick-meta":"","header-main-stick-meta":"","header-below-stick-meta":"","astra-migrate-meta-layouts":"set","ast-page-background-enabled":"default","ast-page-background-meta":{"desktop":{"background-color":"","background-image":"","background-repeat":"repeat","background-position":"center center","background-size":"auto","background-attachment":"scroll","background-type":"","background-media":"","overlay-type":"","overlay-color":"","overlay-opacity":"","overlay-gradient":""},"tablet":{"background-color":"","background-image":"","background-repeat":"repeat","background-position":"center center","background-size":"auto","background-attachment":"scroll","background-type":"","background-media":"","overlay-type":"","overlay-color":"","overlay-opacity":"","overlay-gradient":""},"mobile":{"background-color":"","background-image":"","background-repeat":"repeat","background-position":"center center","background-size":"auto","background-attachment":"scroll","background-type":"","background-media":"","overlay-type":"","overlay-color":"","overlay-opacity":"","overlay-gradient":""}},"ast-content-background-meta":{"desktop":{"background-color":"var(--ast-global-color-5)","background-image":"","background-repeat":"repeat","background-position":"center center","background-size":"auto","background-attachment":"scroll","background-type":"","background-media":"","overlay-type":"","overlay-color":"","overlay-opacity":"","overlay-gradient":""},"tablet":{"background-color":"var(--ast-global-color-5)","background-image":"","background-repeat":"repeat","background-position":"center center","background-size":"auto","background-attachment":"scroll","background-type":"","background-media":"","overlay-type":"","overlay-color":"","overlay-opacity":"","overlay-gradient":""},"mobile":{"background-color":"var(--ast-global-color-5)","background-image":"","background-repeat":"repeat","background-position":"center center","background-size":"auto","background-attachment":"scroll","background-type":"","background-media":"","overlay-type":"","overlay-color":"","overlay-opacity":"","overlay-gradient":""}}},"product_brand":[42],"product_cat":[43,78,15],"product_tag":[],"class_list":{"0":"post-3343","1":"product","2":"type-product","3":"status-publish","4":"has-post-thumbnail","6":"product_brand-randm-tornado","7":"product_cat-randm-tornado-9000","8":"product_cat-puff-9k","9":"product_cat-magasin-cigarette-electronique","10":"desktop-align-center","11":"tablet-align-center","12":"mobile-align-center","13":"ast-product-gallery-layout-horizontal","14":"ast-product-gallery-with-no-image","15":"ast-product-single-variable","16":"ast-product-tabs-layout-horizontal","17":"ast-qv-on-image","19":"first","20":"outofstock","21":"sale","22":"shipping-taxable","23":"purchasable","24":"product-type-variable","25":"has-default-attributes"},"tiered_pricing_type":"fixed","tiered_pricing_fixed_rules":{"30":8.58,"60":8.13,"100":7.61,"200":7.12,"400":6.86},"tiered_pricing_product_settings":{"layout":"default","base_unit_name":{"singular":null,"plural":null},"default_variation":null},"tiered_pricing_minimum_quantity":null,"tiered_pricing_roles_data":[],"tiered_pricing_percentage_rules":[],"_links":{"self":[{"href":"https:\/\/puffvapestore.com\/es\/wp-json\/wp\/v2\/product\/3343","targetHints":{"allow":["GET"]}}],"collection":[{"href":"https:\/\/puffvapestore.com\/es\/wp-json\/wp\/v2\/product"}],"about":[{"href":"https:\/\/puffvapestore.com\/es\/wp-json\/wp\/v2\/types\/product"}],"replies":[{"embeddable":true,"href":"https:\/\/puffvapestore.com\/es\/wp-json\/wp\/v2\/comments?post=3343"}],"version-history":[{"count":7,"href":"https:\/\/puffvapestore.com\/es\/wp-json\/wp\/v2\/product\/3343\/revisions"}],"predecessor-version":[{"id":3721,"href":"https:\/\/puffvapestore.com\/es\/wp-json\/wp\/v2\/product\/3343\/revisions\/3721"}],"wp:featuredmedia":[{"embeddable":true,"href":"https:\/\/puffvapestore.com\/es\/wp-json\/wp\/v2\/media\/3174"}],"wp:attachment":[{"href":"https:\/\/puffvapestore.com\/es\/wp-json\/wp\/v2\/media?parent=3343"}],"wp:term":[{"taxonomy":"product_brand","embeddable":true,"href":"https:\/\/puffvapestore.com\/es\/wp-json\/wp\/v2\/product_brand?post=3343"},{"taxonomy":"product_cat","embeddable":true,"href":"https:\/\/puffvapestore.com\/es\/wp-json\/wp\/v2\/product_cat?post=3343"},{"taxonomy":"product_tag","embeddable":true,"href":"https:\/\/puffvapestore.com\/es\/wp-json\/wp\/v2\/product_tag?post=3343"}],"curies":[{"name":"wp","href":"https:\/\/api.w.org\/{rel}","templated":true}]}}