{"id":2517,"date":"2025-06-19T06:00:50","date_gmt":"2025-06-19T06:00:50","guid":{"rendered":"https:\/\/puffvapestore.com\/?post_type=product&#038;p=2517"},"modified":"2026-01-19T10:32:53","modified_gmt":"2026-01-19T10:32:53","slug":"puff-tornado-7000-strawberry-kiwi","status":"publish","type":"product","link":"https:\/\/puffvapestore.com\/es\/product\/puff-tornado-7000-fresa-kiwi\/","title":{"rendered":"Puff Tornado 7000 - Fresa Kiwi"},"content":{"rendered":"<div data-elementor-type=\"wp-post\" data-elementor-id=\"2517\" class=\"elementor elementor-2517\">\n\t\t\t\t<div class=\"elementor-element elementor-element-d3f3f97 e-flex e-con-boxed e-con e-parent\" data-id=\"d3f3f97\" data-element_type=\"container\" data-e-type=\"container\">\n\t\t\t\t\t<div class=\"e-con-inner\">\n\t\t\t\t<div class=\"elementor-element elementor-element-9600b1d elementor-widget elementor-widget-text-editor\" data-id=\"9600b1d\" data-element_type=\"widget\" data-e-type=\"widget\" data-widget_type=\"text-editor.default\">\n\t\t\t\t<div class=\"elementor-widget-container\">\n\t\t\t\t\t\t\t\t\t<h2>Sabor : Fresa Kiwi<\/h2><p>El sabor de RandM Tornado 7000 - Fresa Kiwi es una combinaci\u00f3n dulce, fresca y afrutada, que combina el dulzor de las fresas con la acidez del kiwi para una agradable experiencia gustativa.<\/p><ul><li><strong>Sabor dulce y afrutado a fresa:<\/strong><br \/>Uno de los aromas principales es el rico dulzor de las fresas maduras, que proporciona un sabor jugoso que recuerda a las fresas reci\u00e9n recolectadas. El sabor a fresa es suave y natural, con una textura ligeramente pulposa, y su dulzor suave y redondo se deja sentir en el paladar.<\/li><li><strong>La vitalidad acidulada y refrescante del kiwi:<\/strong><br \/>El sabor a kiwi aporta una acidez refrescante y un animado aroma afrutado. El sabor del kiwi es ligeramente \u00e1cido y acidulado, con un sabor \u00fanico a fruta tropical que contrasta fuertemente con el dulzor de la fresa. Esta acidez es particularmente pronunciada en la inhalaci\u00f3n, estimulando las papilas gustativas y acentuando el dinamismo y la complejidad del conjunto. El frescor del kiwi aporta vitalidad a cada calada.<\/li><\/ul>\t\t\t\t\t\t\t\t<\/div>\n\t\t\t\t<\/div>\n\t\t\t\t\t<\/div>\n\t\t\t\t<\/div>\n\t\t<div class=\"elementor-element elementor-element-08c26f9 e-flex e-con-boxed e-con e-parent\" data-id=\"08c26f9\" data-element_type=\"container\" data-e-type=\"container\">\n\t\t\t\t\t<div class=\"e-con-inner\">\n\t\t\t\t<div class=\"elementor-element elementor-element-a005a97 elementor-widget elementor-widget-text-editor\" data-id=\"a005a97\" data-element_type=\"widget\" data-e-type=\"widget\" data-widget_type=\"text-editor.default\">\n\t\t\t\t<div class=\"elementor-widget-container\">\n\t\t\t\t\t\t\t\t\t<h2>RandM Tornado 7000 Fresa Kiwi<\/h2><p>El cigarrillo electr\u00f3nico desechable RandM Tornado 7000 Strawberry Kiwi est\u00e1 precargado con 14 ml de e-l\u00edquido premium con sales de nicotina, con dos concentraciones de nicotina: 2 % y 5 %, satisfaciendo las necesidades tanto de los vapeadores ocasionales como de aquellos que buscan una experiencia m\u00e1s intensa. La bater\u00eda incorporada cuenta con un fiable puerto de carga Type-C para una alimentaci\u00f3n continua, lo que permite a los usuarios disfrutar de cada calada. Su dise\u00f1o elegante y port\u00e1til combina la practicidad con un rendimiento duradero, por lo que es una opci\u00f3n ideal para los entusiastas de los cigarrillos electr\u00f3nicos.<\/p>\t\t\t\t\t\t\t\t<\/div>\n\t\t\t\t<\/div>\n\t\t\t\t\t<\/div>\n\t\t\t\t<\/div>\n\t\t<div class=\"elementor-element elementor-element-4ac287c e-flex e-con-boxed e-con e-parent\" data-id=\"4ac287c\" data-element_type=\"container\" data-e-type=\"container\">\n\t\t\t\t\t<div class=\"e-con-inner\">\n\t\t<div class=\"elementor-element elementor-element-bbd8e4a e-con-full e-flex e-con e-child\" data-id=\"bbd8e4a\" data-element_type=\"container\" data-e-type=\"container\">\n\t\t\t\t<div class=\"elementor-element elementor-element-0dc5338 elementor-widget elementor-widget-text-editor\" data-id=\"0dc5338\" data-element_type=\"widget\" data-e-type=\"widget\" data-widget_type=\"text-editor.default\">\n\t\t\t\t<div class=\"elementor-widget-container\">\n\t\t\t\t\t\t\t\t\t<h2>Caracter\u00edsticas del RandM Tornado 7000 Fresa Kiwi:<\/h2><ul><li><strong>N\u00famero de caladas<\/strong>\u00a0Cada dispositivo admite hasta 7.000 inhalaciones, lo que resulta ideal para un uso prolongado.<\/li><li><strong>Bater\u00eda\u00a0<\/strong>Bater\u00eda recargable de 850 mAh con puerto de carga de tipo C para una carga r\u00e1pida (de 30 a 60 minutos).<\/li><li><strong>Capacidad de e-l\u00edquido<\/strong>\u00a0Tanques precargados de 14 ml con una selecci\u00f3n de 2 % o 5 % sales de nicotina.<\/li><li><strong>Dise\u00f1o\u00a0<\/strong>Port\u00e1til, fabricado con materiales duraderos, cuenta con un dep\u00f3sito de aceite transparente para comprobar el nivel de aceite restante. Las luces RGB y los indicadores LED a\u00f1aden un toque de elegancia.<\/li><li><strong>Resistencia de la malla<\/strong>\u00a0Utilice una resistencia Mesh para obtener un sabor y una producci\u00f3n de vapor constantes.<\/li><\/ul>\t\t\t\t\t\t\t\t<\/div>\n\t\t\t\t<\/div>\n\t\t\t\t<\/div>\n\t\t<div class=\"elementor-element elementor-element-8e0e87d e-con-full e-flex e-con e-child\" data-id=\"8e0e87d\" data-element_type=\"container\" data-e-type=\"container\">\n\t\t\t\t<div class=\"elementor-element elementor-element-63d978d elementor-widget elementor-widget-image-gallery\" data-id=\"63d978d\" data-element_type=\"widget\" data-e-type=\"widget\" data-widget_type=\"image-gallery.default\">\n\t\t\t\t<div class=\"elementor-widget-container\">\n\t\t\t\t\t\t\t<div class=\"elementor-image-gallery\">\n\t\t\t<div id='gallery-1' class='gallery galleryid-2517 gallery-columns-1 gallery-size-medium_large'><figure class='gallery-item'>\n\t\t\t<div class='gallery-icon landscape'>\n\t\t\t\t<img fetchpriority=\"high\" decoding=\"async\" width=\"768\" height=\"768\" src=\"https:\/\/puffvapestore.com\/wp-content\/uploads\/2025\/06\/RandM-Tornado-7000-Strawberry-Kiwi-pvafrt7000-768x768.jpg\" class=\"attachment-medium_large size-medium_large\" alt=\"Fresa Kiwi RandM Tornado 7000\" aria-describedby=\"gallery-1-2289\" srcset=\"https:\/\/puffvapestore.com\/wp-content\/uploads\/2025\/06\/RandM-Tornado-7000-Strawberry-Kiwi-pvafrt7000-768x768.jpg 768w, https:\/\/puffvapestore.com\/wp-content\/uploads\/2025\/06\/RandM-Tornado-7000-Strawberry-Kiwi-pvafrt7000-300x300.jpg 300w, https:\/\/puffvapestore.com\/wp-content\/uploads\/2025\/06\/RandM-Tornado-7000-Strawberry-Kiwi-pvafrt7000-1024x1024.jpg 1024w, https:\/\/puffvapestore.com\/wp-content\/uploads\/2025\/06\/RandM-Tornado-7000-Strawberry-Kiwi-pvafrt7000-150x150.jpg 150w, https:\/\/puffvapestore.com\/wp-content\/uploads\/2025\/06\/RandM-Tornado-7000-Strawberry-Kiwi-pvafrt7000-600x600.jpg 600w, https:\/\/puffvapestore.com\/wp-content\/uploads\/2025\/06\/RandM-Tornado-7000-Strawberry-Kiwi-pvafrt7000-100x100.jpg 100w, https:\/\/puffvapestore.com\/wp-content\/uploads\/2025\/06\/RandM-Tornado-7000-Strawberry-Kiwi-pvafrt7000.jpg 1039w\" sizes=\"(max-width: 768px) 100vw, 768px\" \/>\n\t\t\t<\/div>\n\t\t\t\t<figcaption class='wp-caption-text gallery-caption' id='gallery-1-2289'>\n\t\t\t\tFresa Kiwi RandM Tornado 7000 \n\t\t\t\t<\/figcaption><\/figure>\n\t\t<\/div>\n\t\t<\/div>\n\t\t\t\t\t\t<\/div>\n\t\t\t\t<\/div>\n\t\t\t\t<\/div>\n\t\t\t\t\t<\/div>\n\t\t\t\t<\/div>\n\t\t<div class=\"elementor-element elementor-element-718b380 e-flex e-con-boxed e-con e-parent\" data-id=\"718b380\" data-element_type=\"container\" data-e-type=\"container\">\n\t\t\t\t\t<div class=\"e-con-inner\">\n\t\t\t\t<div class=\"elementor-element elementor-element-d2cc8fa elementor-widget elementor-widget-text-editor\" data-id=\"d2cc8fa\" data-element_type=\"widget\" data-e-type=\"widget\" data-widget_type=\"text-editor.default\">\n\t\t\t\t<div class=\"elementor-widget-container\">\n\t\t\t\t\t\t\t\t\t<h3>\u00bfEl RandM Tornado 7000 Kiwi Fresa desprende olores o tiene fugas?<\/h3><p>Los cigarrillos electr\u00f3nicos RandM Tornado 7000 Strawberry Kiwi son inodoros y no pierden aceite en condiciones normales de uso.<\/p><p>El cigarrillo electr\u00f3nico RandM Tornado 7000 Strawberry Kiwi adopta un dise\u00f1o cerrado integrado: componentes como el dep\u00f3sito de aceite, la bater\u00eda, la resistencia de malla y la boquilla est\u00e1n integrados en una s\u00f3lida carcasa. Fabricada con materiales de alta resistencia y mecanizada con precisi\u00f3n, esta carcasa mejora no s\u00f3lo su resistencia estructural, sino tambi\u00e9n su resistencia a las fugas. En particular, se utilizan materiales de calidad alimentaria para el almacenamiento de aceite y se aplica un tratamiento de sellado multicapa para evitar eficazmente la volatilizaci\u00f3n, la oxidaci\u00f3n y las fugas de aceite.<\/p><p>Para evitar las fugas de aceite, el RandM Tornado 7000 est\u00e1 provisto de juntas y almohadillas de goma muy el\u00e1sticas y resistentes a la corrosi\u00f3n en varios puntos clave, como la conexi\u00f3n entre el dep\u00f3sito de aceite y el n\u00facleo del atomizador, la boquilla del cigarrillo electr\u00f3nico, etc. La parte inferior del dispositivo tambi\u00e9n est\u00e1 provista de un tap\u00f3n o adhesivo de sellado de silicona, que absorbe eficazmente los impactos externos y las variaciones de presi\u00f3n del aire durante el transporte. Adem\u00e1s, la parte inferior del dispositivo est\u00e1 provista de un tap\u00f3n de silicona o una pegatina de sellado, que absorbe eficazmente los golpes externos y las variaciones de presi\u00f3n del aire durante el transporte o el almacenamiento, y evita as\u00ed las fugas de aceite. Todo el cigarrillo electr\u00f3nico est\u00e1 protegido de diversas formas, sobre todo en lo que respecta a la estructura de sellado y la elecci\u00f3n de los materiales, para garantizar su estabilidad y limpieza a diario.<\/p><h3>\u00bfEs el RandM Tornado 7000 Kiwi Fresa compatible con el inicio autom\u00e1tico por inhalaci\u00f3n?<\/h3><p>S\u00ed, el cigarrillo electr\u00f3nico RandM Tornado 7000 Strawberry Kiwi es compatible con la activaci\u00f3n autom\u00e1tica por inhalaci\u00f3n. Este dise\u00f1o no requiere botones. Basta con inhalar para que el atomizador se encienda autom\u00e1ticamente, caliente el e-l\u00edquido y produzca humo. Su principio b\u00e1sico es la integraci\u00f3n de un sensor de presi\u00f3n de aire. Al inhalar, el flujo de aire activa la se\u00f1al del sensor, que alimenta instant\u00e1neamente la bater\u00eda y activa el elemento calefactor para completar el proceso de atomizaci\u00f3n. Esta tecnolog\u00eda de \u00abinterruptor de aire\u00bb es uno de los m\u00e9todos m\u00e1s comunes y probados para controlar los cigarrillos electr\u00f3nicos desechables.<\/p><p>La tecnolog\u00eda de activaci\u00f3n autom\u00e1tica de la inhalaci\u00f3n mejora considerablemente la comodidad y la intuitividad de uso, sobre todo para los usuarios principiantes o los que buscan una experiencia lista para usar. Simplifica el uso de los botones y evita tediosos ajustes. Es ideal para un uso r\u00e1pido en el coche, durante actividades al aire libre o en situaciones de dif\u00edcil acceso. Adem\u00e1s, reduce el riesgo de contacto accidental, mejora la seguridad general y prolonga la vida \u00fatil del dispositivo.<\/p><p>Cabe destacar que el sistema de activaci\u00f3n autom\u00e1tica de la RandM Tornado 7000 Strawberry Kiwi ha sido optimizado para mantener una respuesta sensible y un disparo estable incluso con m\u00faltiples usos continuados, evitando disparos retardados o fallos de disparo.<\/p>\t\t\t\t\t\t\t\t<\/div>\n\t\t\t\t<\/div>\n\t\t\t\t\t<\/div>\n\t\t\t\t<\/div>\n\t\t\t\t<\/div>","protected":false},"excerpt":{"rendered":"<p>Saveur\u00a0: Strawberry Kiwi La saveur de la RandM Tornado 7000 &#8211; Fraise Kiwi est une combinaison sucr\u00e9e, fra\u00eeche et fruit\u00e9e, alliant la douceur de la fraise \u00e0 l&rsquo;acidit\u00e9 du kiwi, pour une exp\u00e9rience gustative agr\u00e9able. Ar\u00f4me sucr\u00e9 et fruit\u00e9 de la fraise\u00a0:L&rsquo;un des ar\u00f4mes principaux est la riche douceur des fraises m\u00fbres, qui conf\u00e8re un [&hellip;]<\/p>\n","protected":false},"featured_media":2289,"comment_status":"open","ping_status":"closed","template":"","meta":{"site-sidebar-layout":"no-sidebar","site-content-layout":"page-builder","ast-site-content-layout":"normal-width-container","site-content-style":"default","site-sidebar-style":"default","ast-global-header-display":"","ast-banner-title-visibility":"","ast-main-header-display":"","ast-hfb-above-header-display":"","ast-hfb-below-header-display":"","ast-hfb-mobile-header-display":"","site-post-title":"disabled","ast-breadcrumbs-content":"","ast-featured-img":"disabled","footer-sml-layout":"","ast-disable-related-posts":"","theme-transparent-header-meta":"default","adv-header-id-meta":"","stick-header-meta":"default","header-above-stick-meta":"","header-main-stick-meta":"","header-below-stick-meta":"","astra-migrate-meta-layouts":"set","ast-page-background-enabled":"default","ast-page-background-meta":{"desktop":{"background-color":"","background-image":"","background-repeat":"repeat","background-position":"center center","background-size":"auto","background-attachment":"scroll","background-type":"","background-media":"","overlay-type":"","overlay-color":"","overlay-opacity":"","overlay-gradient":""},"tablet":{"background-color":"","background-image":"","background-repeat":"repeat","background-position":"center center","background-size":"auto","background-attachment":"scroll","background-type":"","background-media":"","overlay-type":"","overlay-color":"","overlay-opacity":"","overlay-gradient":""},"mobile":{"background-color":"","background-image":"","background-repeat":"repeat","background-position":"center center","background-size":"auto","background-attachment":"scroll","background-type":"","background-media":"","overlay-type":"","overlay-color":"","overlay-opacity":"","overlay-gradient":""}},"ast-content-background-meta":{"desktop":{"background-color":"var(--ast-global-color-5)","background-image":"","background-repeat":"repeat","background-position":"center center","background-size":"auto","background-attachment":"scroll","background-type":"","background-media":"","overlay-type":"","overlay-color":"","overlay-opacity":"","overlay-gradient":""},"tablet":{"background-color":"var(--ast-global-color-5)","background-image":"","background-repeat":"repeat","background-position":"center center","background-size":"auto","background-attachment":"scroll","background-type":"","background-media":"","overlay-type":"","overlay-color":"","overlay-opacity":"","overlay-gradient":""},"mobile":{"background-color":"var(--ast-global-color-5)","background-image":"","background-repeat":"repeat","background-position":"center center","background-size":"auto","background-attachment":"scroll","background-type":"","background-media":"","overlay-type":"","overlay-color":"","overlay-opacity":"","overlay-gradient":""}}},"product_brand":[42],"product_cat":[41,94,15],"product_tag":[],"class_list":{"0":"post-2517","1":"product","2":"type-product","3":"status-publish","4":"has-post-thumbnail","6":"product_brand-randm-tornado","7":"product_cat-randm-tornado-7000","8":"product_cat-puff-7k","9":"product_cat-magasin-cigarette-electronique","10":"desktop-align-center","11":"tablet-align-center","12":"mobile-align-center","13":"ast-product-gallery-layout-horizontal","14":"ast-product-gallery-with-no-image","15":"ast-product-single-variable","16":"ast-product-tabs-layout-horizontal","17":"ast-qv-on-image","19":"first","20":"outofstock","21":"sale","22":"shipping-taxable","23":"purchasable","24":"product-type-variable","25":"has-default-attributes"},"tiered_pricing_type":"fixed","tiered_pricing_fixed_rules":{"30":8.58,"60":8.12,"100":7.48,"200":6.98},"tiered_pricing_product_settings":{"layout":"default","base_unit_name":{"singular":null,"plural":null},"default_variation":null},"tiered_pricing_minimum_quantity":null,"tiered_pricing_roles_data":[],"tiered_pricing_percentage_rules":[],"_links":{"self":[{"href":"https:\/\/puffvapestore.com\/es\/wp-json\/wp\/v2\/product\/2517","targetHints":{"allow":["GET"]}}],"collection":[{"href":"https:\/\/puffvapestore.com\/es\/wp-json\/wp\/v2\/product"}],"about":[{"href":"https:\/\/puffvapestore.com\/es\/wp-json\/wp\/v2\/types\/product"}],"replies":[{"embeddable":true,"href":"https:\/\/puffvapestore.com\/es\/wp-json\/wp\/v2\/comments?post=2517"}],"version-history":[{"count":7,"href":"https:\/\/puffvapestore.com\/es\/wp-json\/wp\/v2\/product\/2517\/revisions"}],"predecessor-version":[{"id":3340,"href":"https:\/\/puffvapestore.com\/es\/wp-json\/wp\/v2\/product\/2517\/revisions\/3340"}],"wp:featuredmedia":[{"embeddable":true,"href":"https:\/\/puffvapestore.com\/es\/wp-json\/wp\/v2\/media\/2289"}],"wp:attachment":[{"href":"https:\/\/puffvapestore.com\/es\/wp-json\/wp\/v2\/media?parent=2517"}],"wp:term":[{"taxonomy":"product_brand","embeddable":true,"href":"https:\/\/puffvapestore.com\/es\/wp-json\/wp\/v2\/product_brand?post=2517"},{"taxonomy":"product_cat","embeddable":true,"href":"https:\/\/puffvapestore.com\/es\/wp-json\/wp\/v2\/product_cat?post=2517"},{"taxonomy":"product_tag","embeddable":true,"href":"https:\/\/puffvapestore.com\/es\/wp-json\/wp\/v2\/product_tag?post=2517"}],"curies":[{"name":"wp","href":"https:\/\/api.w.org\/{rel}","templated":true}]}}