{"id":2443,"date":"2025-06-12T05:02:51","date_gmt":"2025-06-12T05:02:51","guid":{"rendered":"https:\/\/puffvapestore.com\/?post_type=product&#038;p=2443"},"modified":"2026-01-19T10:32:53","modified_gmt":"2026-01-19T10:32:53","slug":"randm-tornado-7000-vape-blackcurrant-menthol","status":"publish","type":"product","link":"https:\/\/puffvapestore.com\/es\/product\/randm-tornado-7000-vape-grosella-negra-mentolada\/","title":{"rendered":"RandM Tornado 7000 Vape - Grosella negra mentolada"},"content":{"rendered":"<div data-elementor-type=\"wp-post\" data-elementor-id=\"2443\" class=\"elementor elementor-2443\">\n\t\t\t\t<div class=\"elementor-element elementor-element-d3f3f97 e-flex e-con-boxed e-con e-parent\" data-id=\"d3f3f97\" data-element_type=\"container\" data-e-type=\"container\">\n\t\t\t\t\t<div class=\"e-con-inner\">\n\t\t\t\t<div class=\"elementor-element elementor-element-9600b1d elementor-widget elementor-widget-text-editor\" data-id=\"9600b1d\" data-element_type=\"widget\" data-e-type=\"widget\" data-widget_type=\"text-editor.default\">\n\t\t\t\t<div class=\"elementor-widget-container\">\n\t\t\t\t\t\t\t\t\t<h2>Sabor: Grosella negra mentolada<\/h2><p>RandM Tornado 7000 Blackcurrant Menthol combina el aroma afrutado de las grosellas negras maduras con la menta fresca. Este sabor afrutado agridulce combinado con una sensaci\u00f3n de frescor es ideal para los amantes del vapeo afrutado y refrescante.<\/p><ul><li><strong>El aroma afrutado de la grosella negra :<\/strong><br \/>Cuando el humo entra en la boca, el sabor a grosella negra es especialmente pronunciado, ofreciendo una experiencia afrutada agridulce. El sabor recuerda a las grosellas negras reci\u00e9n recogidas, con un sabor rico y jugoso, dulzor natural de las bayas y una sutil acidez. Este aroma afrutado crea una base profunda para un sabor general potente, pero no excesivamente dulce e infinito.<\/li><li><strong>Mentol refrescante :<\/strong><br \/>El efecto refrescante del mentol se percibe progresivamente al exhalar, creando una sensaci\u00f3n helada en la boca. La adici\u00f3n de mentol aporta un frescor vigorizante con cada inhalaci\u00f3n y exhalaci\u00f3n, dando la impresi\u00f3n de estar mordiendo un batido helado de grosella negra en un caluroso d\u00eda de verano. Esta sensaci\u00f3n refrescante no enmascara el sabor afrutado, sino que convive armoniosamente con \u00e9l, realzando el conjunto.<\/li><\/ul>\t\t\t\t\t\t\t\t<\/div>\n\t\t\t\t<\/div>\n\t\t\t\t\t<\/div>\n\t\t\t\t<\/div>\n\t\t<div class=\"elementor-element elementor-element-08c26f9 e-flex e-con-boxed e-con e-parent\" data-id=\"08c26f9\" data-element_type=\"container\" data-e-type=\"container\">\n\t\t\t\t\t<div class=\"e-con-inner\">\n\t\t\t\t<div class=\"elementor-element elementor-element-a005a97 elementor-widget elementor-widget-text-editor\" data-id=\"a005a97\" data-element_type=\"widget\" data-e-type=\"widget\" data-widget_type=\"text-editor.default\">\n\t\t\t\t<div class=\"elementor-widget-container\">\n\t\t\t\t\t\t\t\t\t<h2>RandM Tornado 7000 Grosella negra mentolada<\/h2><p>El RandM Tornado 7000 es un cigarrillo electr\u00f3nico desechable recargable, aclamado por los usuarios por su vida \u00fatil de 7.000 caladas y su rendimiento de alta gama. Est\u00e1 precargado con 14 ml de e-l\u00edquido con sales de nicotina, con concentraciones de nicotina de 2 % y 5 %, para satisfacer las necesidades de diferentes fumadores. El dispositivo est\u00e1 equipado con una bater\u00eda recargable y un puerto de carga de tipo C.<\/p><p>Otra caracter\u00edstica importante de este cigarrillo electr\u00f3nico es su resistencia de malla, que ofrece una experiencia de humo m\u00e1s rica y uniforme. El dispositivo no tiene botones y cuenta con un arranque autom\u00e1tico de inhalaci\u00f3n, para un uso m\u00e1s sencillo.<\/p>\t\t\t\t\t\t\t\t<\/div>\n\t\t\t\t<\/div>\n\t\t\t\t\t<\/div>\n\t\t\t\t<\/div>\n\t\t<div class=\"elementor-element elementor-element-4ac287c e-flex e-con-boxed e-con e-parent\" data-id=\"4ac287c\" data-element_type=\"container\" data-e-type=\"container\">\n\t\t\t\t\t<div class=\"e-con-inner\">\n\t\t<div class=\"elementor-element elementor-element-bbd8e4a e-con-full e-flex e-con e-child\" data-id=\"bbd8e4a\" data-element_type=\"container\" data-e-type=\"container\">\n\t\t\t\t<div class=\"elementor-element elementor-element-0dc5338 elementor-widget elementor-widget-text-editor\" data-id=\"0dc5338\" data-element_type=\"widget\" data-e-type=\"widget\" data-widget_type=\"text-editor.default\">\n\t\t\t\t<div class=\"elementor-widget-container\">\n\t\t\t\t\t\t\t\t\t<h2>Caracter\u00edsticas de RandM Tornado 7000 Grosella negra mentolada:<\/h2><ul><li><strong>N\u00famero de caladas<\/strong>\u00a0Cada dispositivo admite hasta 7.000 inhalaciones, lo que resulta ideal para un uso prolongado.<\/li><li><strong>Bater\u00eda\u00a0<\/strong>Bater\u00eda recargable de 850 mAh con puerto de carga de tipo C para una carga r\u00e1pida (de 30 a 60 minutos).<\/li><li><strong>Capacidad de e-l\u00edquido<\/strong>\u00a0Tanques precargados de 14 ml con una selecci\u00f3n de 2 % o 5 % sales de nicotina.<\/li><li><strong>Dise\u00f1o\u00a0<\/strong>Port\u00e1til, fabricado con materiales duraderos, cuenta con un dep\u00f3sito de aceite transparente para comprobar el nivel de aceite restante. Las luces RGB y los indicadores LED a\u00f1aden un toque de elegancia.<\/li><li><strong>Resistencia de la malla<\/strong>\u00a0Utilice una resistencia Mesh para obtener un sabor y una producci\u00f3n de vapor constantes.<\/li><\/ul>\t\t\t\t\t\t\t\t<\/div>\n\t\t\t\t<\/div>\n\t\t\t\t<\/div>\n\t\t<div class=\"elementor-element elementor-element-8e0e87d e-con-full e-flex e-con e-child\" data-id=\"8e0e87d\" data-element_type=\"container\" data-e-type=\"container\">\n\t\t\t\t<div class=\"elementor-element elementor-element-63d978d elementor-widget elementor-widget-image-gallery\" data-id=\"63d978d\" data-element_type=\"widget\" data-e-type=\"widget\" data-widget_type=\"image-gallery.default\">\n\t\t\t\t<div class=\"elementor-widget-container\">\n\t\t\t\t\t\t\t<div class=\"elementor-image-gallery\">\n\t\t\t<div id='gallery-1' class='gallery galleryid-2443 gallery-columns-1 gallery-size-medium_large'><figure class='gallery-item'>\n\t\t\t<div class='gallery-icon landscape'>\n\t\t\t\t<img fetchpriority=\"high\" decoding=\"async\" width=\"768\" height=\"768\" src=\"https:\/\/puffvapestore.com\/wp-content\/uploads\/2025\/06\/RandM-Tornado-Vape-7000-Blackcurrant-Menthol-pvafrt7000-768x768.jpg\" class=\"attachment-medium_large size-medium_large\" alt=\"RandM 7000 Vape Grosella negra Mentol pvafrt7000\" aria-describedby=\"gallery-1-2256\" srcset=\"https:\/\/puffvapestore.com\/wp-content\/uploads\/2025\/06\/RandM-Tornado-Vape-7000-Blackcurrant-Menthol-pvafrt7000-768x768.jpg 768w, https:\/\/puffvapestore.com\/wp-content\/uploads\/2025\/06\/RandM-Tornado-Vape-7000-Blackcurrant-Menthol-pvafrt7000-300x300.jpg 300w, https:\/\/puffvapestore.com\/wp-content\/uploads\/2025\/06\/RandM-Tornado-Vape-7000-Blackcurrant-Menthol-pvafrt7000-1024x1024.jpg 1024w, https:\/\/puffvapestore.com\/wp-content\/uploads\/2025\/06\/RandM-Tornado-Vape-7000-Blackcurrant-Menthol-pvafrt7000-150x150.jpg 150w, https:\/\/puffvapestore.com\/wp-content\/uploads\/2025\/06\/RandM-Tornado-Vape-7000-Blackcurrant-Menthol-pvafrt7000-600x600.jpg 600w, https:\/\/puffvapestore.com\/wp-content\/uploads\/2025\/06\/RandM-Tornado-Vape-7000-Blackcurrant-Menthol-pvafrt7000-100x100.jpg 100w, https:\/\/puffvapestore.com\/wp-content\/uploads\/2025\/06\/RandM-Tornado-Vape-7000-Blackcurrant-Menthol-pvafrt7000.jpg 1039w\" sizes=\"(max-width: 768px) 100vw, 768px\" \/>\n\t\t\t<\/div>\n\t\t\t\t<figcaption class='wp-caption-text gallery-caption' id='gallery-1-2256'>\n\t\t\t\tRandM 7000 Vape Grosella negra Mentol pvafrt7000\n\t\t\t\t<\/figcaption><\/figure>\n\t\t<\/div>\n\t\t<\/div>\n\t\t\t\t\t\t<\/div>\n\t\t\t\t<\/div>\n\t\t\t\t<\/div>\n\t\t\t\t\t<\/div>\n\t\t\t\t<\/div>\n\t\t<div class=\"elementor-element elementor-element-718b380 e-flex e-con-boxed e-con e-parent\" data-id=\"718b380\" data-element_type=\"container\" data-e-type=\"container\">\n\t\t\t\t\t<div class=\"e-con-inner\">\n\t\t\t\t<div class=\"elementor-element elementor-element-d2cc8fa elementor-widget elementor-widget-text-editor\" data-id=\"d2cc8fa\" data-element_type=\"widget\" data-e-type=\"widget\" data-widget_type=\"text-editor.default\">\n\t\t\t\t<div class=\"elementor-widget-container\">\n\t\t\t\t\t\t\t\t\t<h3>\u00bfEl RandM Tornado 7000 Blackcurrant Menthol emite olores o gotea?<\/h3><p>En condiciones normales, el cigarrillo electr\u00f3nico RandM Tornado 7000 Blackcurrant Menthol es inodoro y no tiene fugas.<\/p><p>El RandM Tornado 7000 Blackcurrant Menthol presenta un dise\u00f1o cerrado integrado, que incluye el compartimento de almacenamiento de e-l\u00edquido, la resistencia Mesh, la bater\u00eda y el canal de flujo de aire. La carcasa del dispositivo est\u00e1 fabricada con materiales altamente resistentes, combinados con un sofisticado proceso de ensamblaje para garantizar la estanqueidad de toda la estructura. El dep\u00f3sito de aceite es la pieza central de la junta. Se utilizan materiales de calidad alimentaria para evitar cualquier reacci\u00f3n qu\u00edmica del aceite con el entorno externo o cualquier fuga. El cigarrillo electr\u00f3nico RandM Tornado 7000 utiliza juntas multicapa en la uni\u00f3n entre el dep\u00f3sito de aceite y la boquilla, la resistencia y otros componentes. Estas juntas son altamente el\u00e1sticas y resistentes a los productos qu\u00edmicos, evitando eficazmente las fugas de l\u00edquido. Adem\u00e1s, la parte inferior del dispositivo est\u00e1 provista de un tap\u00f3n o adhesivo de silicona para proteger el dep\u00f3sito de aceite durante el transporte y el almacenamiento, evitando fugas debidas a variaciones de presi\u00f3n o impactos. Este dise\u00f1o estructural proporciona una base s\u00f3lida para evitar fugas de aceite, al tiempo que garantiza que el aceite no se evaporar\u00e1 ni se contaminar\u00e1 durante un almacenamiento prolongado. El dise\u00f1o cerrado del RandM Tornado 7000 Blackcurrant Menthol, analizado anteriormente, demuestra un sellado especialmente cuidadoso, que garantiza la ausencia de olores y fugas de aceite en condiciones normales.<\/p><h3>\u00bfEs compatible el RandM Tornado 7000 Blackcurrant Menthol con el inicio autom\u00e1tico por inhalaci\u00f3n?<\/h3><p>S\u00ed, el RandM Tornado 7000 Blackcurrant Menthol es compatible con el inicio autom\u00e1tico por inhalaci\u00f3n.<\/p><p>El cigarrillo electr\u00f3nico RandM Tornado 7000 Blackcurrant Menthol utiliza la tecnolog\u00eda de activaci\u00f3n autom\u00e1tica de la inhalaci\u00f3n, la m\u00e1s extendida del mercado. Esto significa que el usuario no necesita pulsar ning\u00fan bot\u00f3n. Basta con inhalar para activar el atomizador interno y producir humo. El principio b\u00e1sico es utilizar el flujo de aire para activar el sensor interno, lo que permite que la bater\u00eda alimente autom\u00e1ticamente el coraz\u00f3n del atomizador para calentar el e-l\u00edquido.<\/p><p>El gatillo de inhalaci\u00f3n autom\u00e1tica hace que el uso del RandM Tornado 7000 Blackcurrant Menthol sea m\u00e1s sencillo, intuitivo y c\u00f3modo, especialmente para los nuevos usuarios de cigarrillos electr\u00f3nicos o para situaciones que requieran un cigarrillo listo para usar. Por ejemplo, al conducir, al aire libre o cuando no es pr\u00e1ctico usar las manos, los usuarios simplemente sostienen la boquilla e inhalan para usar el cigarrillo electr\u00f3nico RandM Tornado 7000, sin tener que buscar botones o ajustar par\u00e1metros, mejorando significativamente la portabilidad y la comodidad.<\/p>\t\t\t\t\t\t\t\t<\/div>\n\t\t\t\t<\/div>\n\t\t\t\t\t<\/div>\n\t\t\t\t<\/div>\n\t\t\t\t<\/div>","protected":false},"excerpt":{"rendered":"<p>Saveur : Blackcurrant Menthol La vape RandM Tornado 7000 Blackcurrant Menthol allie l&rsquo;ar\u00f4me fruit\u00e9 du cassis m\u00fbr \u00e0 la menthe fra\u00eeche. Ce go\u00fbt fruit\u00e9 aigre-doux m\u00eal\u00e9 \u00e0 une sensation de fra\u00eecheur est id\u00e9al pour les amateurs de vape fruit\u00e9e et rafra\u00eechissante. L&rsquo;ar\u00f4me fruit\u00e9 du cassis\u00a0:Lorsque la fum\u00e9e p\u00e9n\u00e8tre en bouche, le go\u00fbt du cassis est [&hellip;]<\/p>\n","protected":false},"featured_media":2256,"comment_status":"open","ping_status":"closed","template":"","meta":{"site-sidebar-layout":"no-sidebar","site-content-layout":"page-builder","ast-site-content-layout":"normal-width-container","site-content-style":"default","site-sidebar-style":"default","ast-global-header-display":"","ast-banner-title-visibility":"","ast-main-header-display":"","ast-hfb-above-header-display":"","ast-hfb-below-header-display":"","ast-hfb-mobile-header-display":"","site-post-title":"disabled","ast-breadcrumbs-content":"","ast-featured-img":"disabled","footer-sml-layout":"","ast-disable-related-posts":"","theme-transparent-header-meta":"default","adv-header-id-meta":"","stick-header-meta":"default","header-above-stick-meta":"","header-main-stick-meta":"","header-below-stick-meta":"","astra-migrate-meta-layouts":"set","ast-page-background-enabled":"default","ast-page-background-meta":{"desktop":{"background-color":"","background-image":"","background-repeat":"repeat","background-position":"center center","background-size":"auto","background-attachment":"scroll","background-type":"","background-media":"","overlay-type":"","overlay-color":"","overlay-opacity":"","overlay-gradient":""},"tablet":{"background-color":"","background-image":"","background-repeat":"repeat","background-position":"center center","background-size":"auto","background-attachment":"scroll","background-type":"","background-media":"","overlay-type":"","overlay-color":"","overlay-opacity":"","overlay-gradient":""},"mobile":{"background-color":"","background-image":"","background-repeat":"repeat","background-position":"center center","background-size":"auto","background-attachment":"scroll","background-type":"","background-media":"","overlay-type":"","overlay-color":"","overlay-opacity":"","overlay-gradient":""}},"ast-content-background-meta":{"desktop":{"background-color":"var(--ast-global-color-5)","background-image":"","background-repeat":"repeat","background-position":"center center","background-size":"auto","background-attachment":"scroll","background-type":"","background-media":"","overlay-type":"","overlay-color":"","overlay-opacity":"","overlay-gradient":""},"tablet":{"background-color":"var(--ast-global-color-5)","background-image":"","background-repeat":"repeat","background-position":"center center","background-size":"auto","background-attachment":"scroll","background-type":"","background-media":"","overlay-type":"","overlay-color":"","overlay-opacity":"","overlay-gradient":""},"mobile":{"background-color":"var(--ast-global-color-5)","background-image":"","background-repeat":"repeat","background-position":"center center","background-size":"auto","background-attachment":"scroll","background-type":"","background-media":"","overlay-type":"","overlay-color":"","overlay-opacity":"","overlay-gradient":""}}},"product_brand":[42],"product_cat":[41,94,15],"product_tag":[],"class_list":{"0":"post-2443","1":"product","2":"type-product","3":"status-publish","4":"has-post-thumbnail","6":"product_brand-randm-tornado","7":"product_cat-randm-tornado-7000","8":"product_cat-puff-7k","9":"product_cat-magasin-cigarette-electronique","10":"desktop-align-center","11":"tablet-align-center","12":"mobile-align-center","13":"ast-product-gallery-layout-horizontal","14":"ast-product-gallery-with-no-image","15":"ast-product-single-variable","16":"ast-product-tabs-layout-horizontal","17":"ast-qv-on-image","19":"first","20":"outofstock","21":"sale","22":"shipping-taxable","23":"purchasable","24":"product-type-variable","25":"has-default-attributes"},"tiered_pricing_type":"fixed","tiered_pricing_fixed_rules":{"30":8.58,"60":8.12,"100":7.48,"200":6.98},"tiered_pricing_product_settings":{"layout":"default","base_unit_name":{"singular":null,"plural":null},"default_variation":null},"tiered_pricing_minimum_quantity":null,"tiered_pricing_roles_data":[],"tiered_pricing_percentage_rules":[],"_links":{"self":[{"href":"https:\/\/puffvapestore.com\/es\/wp-json\/wp\/v2\/product\/2443","targetHints":{"allow":["GET"]}}],"collection":[{"href":"https:\/\/puffvapestore.com\/es\/wp-json\/wp\/v2\/product"}],"about":[{"href":"https:\/\/puffvapestore.com\/es\/wp-json\/wp\/v2\/types\/product"}],"replies":[{"embeddable":true,"href":"https:\/\/puffvapestore.com\/es\/wp-json\/wp\/v2\/comments?post=2443"}],"version-history":[{"count":7,"href":"https:\/\/puffvapestore.com\/es\/wp-json\/wp\/v2\/product\/2443\/revisions"}],"predecessor-version":[{"id":2493,"href":"https:\/\/puffvapestore.com\/es\/wp-json\/wp\/v2\/product\/2443\/revisions\/2493"}],"wp:featuredmedia":[{"embeddable":true,"href":"https:\/\/puffvapestore.com\/es\/wp-json\/wp\/v2\/media\/2256"}],"wp:attachment":[{"href":"https:\/\/puffvapestore.com\/es\/wp-json\/wp\/v2\/media?parent=2443"}],"wp:term":[{"taxonomy":"product_brand","embeddable":true,"href":"https:\/\/puffvapestore.com\/es\/wp-json\/wp\/v2\/product_brand?post=2443"},{"taxonomy":"product_cat","embeddable":true,"href":"https:\/\/puffvapestore.com\/es\/wp-json\/wp\/v2\/product_cat?post=2443"},{"taxonomy":"product_tag","embeddable":true,"href":"https:\/\/puffvapestore.com\/es\/wp-json\/wp\/v2\/product_tag?post=2443"}],"curies":[{"name":"wp","href":"https:\/\/api.w.org\/{rel}","templated":true}]}}