{"id":2318,"date":"2025-06-11T21:57:50","date_gmt":"2025-06-11T21:57:50","guid":{"rendered":"https:\/\/puffvapestore.com\/?post_type=product&#038;p=2318"},"modified":"2026-01-19T10:32:52","modified_gmt":"2026-01-19T10:32:52","slug":"randm-tornado-7000-vape","status":"publish","type":"product","link":"https:\/\/puffvapestore.com\/es\/product\/randm-tornado-7000-vape\/","title":{"rendered":"RandM Tornado 7000"},"content":{"rendered":"<div data-elementor-type=\"wp-post\" data-elementor-id=\"2318\" class=\"elementor elementor-2318\">\n\t\t\t\t<div class=\"elementor-element elementor-element-08c26f9 e-flex e-con-boxed e-con e-parent\" data-id=\"08c26f9\" data-element_type=\"container\" data-e-type=\"container\">\n\t\t\t\t\t<div class=\"e-con-inner\">\n\t\t\t\t<div class=\"elementor-element elementor-element-a005a97 elementor-widget elementor-widget-text-editor\" data-id=\"a005a97\" data-element_type=\"widget\" data-e-type=\"widget\" data-widget_type=\"text-editor.default\">\n\t\t\t\t<div class=\"elementor-widget-container\">\n\t\t\t\t\t\t\t\t\t<p>El RandM Tornado 7000 es un cigarrillo electr\u00f3nico desechable recargable, aclamado por los usuarios por su vida \u00fatil de 7.000 caladas y su rendimiento de alta gama. Est\u00e1 precargado con 14 ml de e-l\u00edquido con sales de nicotina, con concentraciones de nicotina de 2 % y 5 %, para satisfacer las necesidades de diferentes fumadores. El dispositivo est\u00e1 equipado con una bater\u00eda recargable y un puerto de carga de tipo C.<\/p><p>Otra caracter\u00edstica importante de este cigarrillo electr\u00f3nico es su resistencia de malla, que ofrece una experiencia de humo m\u00e1s rica y uniforme. El dispositivo no tiene botones y cuenta con un arranque autom\u00e1tico de inhalaci\u00f3n, para un uso m\u00e1s sencillo.<\/p>\t\t\t\t\t\t\t\t<\/div>\n\t\t\t\t<\/div>\n\t\t\t\t\t<\/div>\n\t\t\t\t<\/div>\n\t\t<div class=\"elementor-element elementor-element-4ac287c e-flex e-con-boxed e-con e-parent\" data-id=\"4ac287c\" data-element_type=\"container\" data-e-type=\"container\">\n\t\t\t\t\t<div class=\"e-con-inner\">\n\t\t<div class=\"elementor-element elementor-element-bbd8e4a e-con-full e-flex e-con e-child\" data-id=\"bbd8e4a\" data-element_type=\"container\" data-e-type=\"container\">\n\t\t\t\t<div class=\"elementor-element elementor-element-0dc5338 elementor-widget elementor-widget-text-editor\" data-id=\"0dc5338\" data-element_type=\"widget\" data-e-type=\"widget\" data-widget_type=\"text-editor.default\">\n\t\t\t\t<div class=\"elementor-widget-container\">\n\t\t\t\t\t\t\t\t\t<h2>Caracter\u00edsticas del RandM Tornado 7000 :<\/h2><ul><li><strong>N\u00famero de caladas<\/strong>\u00a0Cada dispositivo admite hasta 7.000 inhalaciones, lo que resulta ideal para un uso prolongado.<\/li><li><strong>Bater\u00eda\u00a0<\/strong>Bater\u00eda recargable de 850 mAh con puerto de carga de tipo C para una carga r\u00e1pida (de 30 a 60 minutos). <\/li><li><strong>Capacidad de e-l\u00edquido<\/strong>\u00a0Tanques precargados de 14 ml con una selecci\u00f3n de 2 % o 5 % sales de nicotina.<\/li><li><strong>Sabores\u00a0<\/strong>M\u00e1s de 50 sabores, entre ellos algunos tan populares como \u00abLush Ice (Menta-Sand\u00eda)\u00bb, \u00abBanana Ice\u00bb, \u00abBlueberry Cherry-Cranberry\u00bb y \u00abMango On Ice\u00bb.<\/li><li><strong>Dise\u00f1o\u00a0<\/strong>Port\u00e1til, fabricado con materiales duraderos, cuenta con un dep\u00f3sito de aceite transparente para comprobar el nivel de aceite restante. Las luces RGB y los indicadores LED a\u00f1aden un toque de elegancia.<\/li><li><strong>Resistencia de la malla<\/strong>\u00a0Utilice una resistencia Mesh para obtener un sabor y una producci\u00f3n de vapor constantes.<\/li><\/ul>\t\t\t\t\t\t\t\t<\/div>\n\t\t\t\t<\/div>\n\t\t\t\t<\/div>\n\t\t<div class=\"elementor-element elementor-element-8e0e87d e-con-full e-flex e-con e-child\" data-id=\"8e0e87d\" data-element_type=\"container\" data-e-type=\"container\">\n\t\t\t\t<div class=\"elementor-element elementor-element-63d978d elementor-widget elementor-widget-image-gallery\" data-id=\"63d978d\" data-element_type=\"widget\" data-e-type=\"widget\" data-widget_type=\"image-gallery.default\">\n\t\t\t\t<div class=\"elementor-widget-container\">\n\t\t\t\t\t\t\t<div class=\"elementor-image-gallery\">\n\t\t\t<div id='gallery-1' class='gallery galleryid-2318 gallery-columns-1 gallery-size-medium_large'><figure class='gallery-item'>\n\t\t\t<div class='gallery-icon landscape'>\n\t\t\t\t<img fetchpriority=\"high\" decoding=\"async\" width=\"768\" height=\"768\" src=\"https:\/\/puffvapestore.com\/wp-content\/uploads\/2025\/06\/RandM-Tornado-7000-Apple-Berry-Blast-pvafrt7000-768x768.jpg\" class=\"attachment-medium_large size-medium_large\" alt=\"RandM Tornado 7000 Apple Berry Blast pvafrt7000\" aria-describedby=\"gallery-1-2245\" srcset=\"https:\/\/puffvapestore.com\/wp-content\/uploads\/2025\/06\/RandM-Tornado-7000-Apple-Berry-Blast-pvafrt7000-768x768.jpg 768w, https:\/\/puffvapestore.com\/wp-content\/uploads\/2025\/06\/RandM-Tornado-7000-Apple-Berry-Blast-pvafrt7000-300x300.jpg 300w, https:\/\/puffvapestore.com\/wp-content\/uploads\/2025\/06\/RandM-Tornado-7000-Apple-Berry-Blast-pvafrt7000-1024x1024.jpg 1024w, https:\/\/puffvapestore.com\/wp-content\/uploads\/2025\/06\/RandM-Tornado-7000-Apple-Berry-Blast-pvafrt7000-150x150.jpg 150w, https:\/\/puffvapestore.com\/wp-content\/uploads\/2025\/06\/RandM-Tornado-7000-Apple-Berry-Blast-pvafrt7000-600x600.jpg 600w, https:\/\/puffvapestore.com\/wp-content\/uploads\/2025\/06\/RandM-Tornado-7000-Apple-Berry-Blast-pvafrt7000-100x100.jpg 100w, https:\/\/puffvapestore.com\/wp-content\/uploads\/2025\/06\/RandM-Tornado-7000-Apple-Berry-Blast-pvafrt7000.jpg 1039w\" sizes=\"(max-width: 768px) 100vw, 768px\" \/>\n\t\t\t<\/div>\n\t\t\t\t<figcaption class='wp-caption-text gallery-caption' id='gallery-1-2245'>\n\t\t\t\tRandM Tornado 7000 Apple Berry Blast pvafrt7000\n\t\t\t\t<\/figcaption><\/figure>\n\t\t<\/div>\n\t\t<\/div>\n\t\t\t\t\t\t<\/div>\n\t\t\t\t<\/div>\n\t\t\t\t<\/div>\n\t\t\t\t\t<\/div>\n\t\t\t\t<\/div>\n\t\t<div class=\"elementor-element elementor-element-d3f3f97 e-flex e-con-boxed e-con e-parent\" data-id=\"d3f3f97\" data-element_type=\"container\" data-e-type=\"container\">\n\t\t\t\t\t<div class=\"e-con-inner\">\n\t\t\t\t<div class=\"elementor-element elementor-element-9600b1d elementor-widget elementor-widget-text-editor\" data-id=\"9600b1d\" data-element_type=\"widget\" data-e-type=\"widget\" data-widget_type=\"text-editor.default\">\n\t\t\t\t<div class=\"elementor-widget-container\">\n\t\t\t\t\t\t\t\t\t<h3>El RandM Tornado 7000 ofrece una amplia gama de sabores<\/h3><p>El RandM Tornado 7000 ofrece una amplia gama de sabores, desde fruta fresca a menta fresca, desde postres a bebidas, para adaptarse a las preferencias de cada usuario. La mayor\u00eda de los sabores son ricos y adecuados para un uso prolongado.<\/p><p>El RandM Tornado 7000 ofrece una rica mezcla de sabores afrutados, como \u00abApple Berry Blast\u00bb, \u00abBlueberry Raspberry\u00bb y \u00abStrawberry Watermelon\u00bb, para una experiencia afrutada rica y compleja. Las combinaciones de frutas tropicales como \u00abKiwi, fruta de la pasi\u00f3n, guayaba\u00bb y \u00abMelocot\u00f3n, mango\u00bb est\u00e1n repletas de sabores ex\u00f3ticos. Tambi\u00e9n son muy populares los cl\u00e1sicos como \u00abBlue Razz, cereza\u00bb y \u00abFresa, kiwi\u00bb.<\/p><p>La gama de helados se centra en las sensaciones refrescantes, con \u00abBanana Ice\u00bb, \u00abGrape Ice\u00bb y \u00abRed Apple Ice\u00bb, que a\u00f1aden un toque refrescante a la base afrutada. \u00abBlackcurrant Menthol\u00bb y \u00abCool Mint\u00bb a\u00f1aden una nota mentolada m\u00e1s pronunciada, mientras que \u00abLush Ice\u00bb y \u00abCola Ice\u00bb realzan los sabores cl\u00e1sicos.<\/p><p>Los amantes de los postres pueden probar el batido de pl\u00e1tano, el donut de fresa y el algod\u00f3n de az\u00facar. Bebidas como Pink Lemonade, Cherry Cola y Dr. Blue siguen los cl\u00e1sicos, mientras que Pi\u00f1a Colada Rum a\u00f1ade una nota tropical ligeramente \u00e1cida.<\/p><p>Algunos de los sabores son muy creativos, como \u00abSkittles\u00bb y \u00abGummy Bear\u00bb, que recrean el sabor agridulce de los caramelos, mientras que \u00abBingo Crush\u00bb y \u00abVimto Crush\u00bb a\u00f1aden un sabor afrutado complejo y \u00fanico. \u00abRed Energy Ice\u00bb y \u00abStrawberry Red Bull\u00bb imitan el sabor de las bebidas energ\u00e9ticas, mientras que \u00abFizzy Cherry\u00bb y \u00abIce Pop\u00bb est\u00e1n impregnados de nostalgia veraniega.<\/p>\t\t\t\t\t\t\t\t<\/div>\n\t\t\t\t<\/div>\n\t\t\t\t\t<\/div>\n\t\t\t\t<\/div>\n\t\t<div class=\"elementor-element elementor-element-718b380 e-flex e-con-boxed e-con e-parent\" data-id=\"718b380\" data-element_type=\"container\" data-e-type=\"container\">\n\t\t\t\t\t<div class=\"e-con-inner\">\n\t\t\t\t<div class=\"elementor-element elementor-element-d2cc8fa elementor-widget elementor-widget-text-editor\" data-id=\"d2cc8fa\" data-element_type=\"widget\" data-e-type=\"widget\" data-widget_type=\"text-editor.default\">\n\t\t\t\t<div class=\"elementor-widget-container\">\n\t\t\t\t\t\t\t\t\t<h3>\u00bfEl RandM Tornado 7000 emite olores o tiene fugas?<\/h3><p>En condiciones normales, el cigarrillo electr\u00f3nico RandM Tornado 7000 es inodoro y no tiene fugas.<\/p><p>El RandM Tornado 7000 presenta un dise\u00f1o cerrado integrado, que incluye el compartimento de almacenamiento de e-l\u00edquido, la resistencia Mesh, la bater\u00eda y el canal de flujo de aire. La carcasa del dispositivo est\u00e1 fabricada con materiales altamente resistentes, combinados con un sofisticado proceso de ensamblaje para garantizar la estanqueidad de toda la estructura. El dep\u00f3sito de aceite es la pieza central de la junta. Se utilizan materiales de calidad alimentaria para evitar cualquier reacci\u00f3n qu\u00edmica del aceite con el entorno externo o cualquier fuga. El cigarrillo electr\u00f3nico RandM Tornado 7000 utiliza juntas multicapa en la uni\u00f3n entre el dep\u00f3sito de aceite y la boquilla, la resistencia y otros componentes. Estas juntas son altamente el\u00e1sticas y resistentes a los productos qu\u00edmicos, evitando eficazmente las fugas de l\u00edquido. Adem\u00e1s, la parte inferior del dispositivo est\u00e1 provista de un tap\u00f3n o adhesivo de silicona para proteger el dep\u00f3sito de aceite durante el transporte y el almacenamiento, evitando fugas debidas a variaciones de presi\u00f3n o impactos. Este dise\u00f1o estructural proporciona una base s\u00f3lida para evitar fugas de aceite, al tiempo que garantiza que el aceite no se evaporar\u00e1 ni se contaminar\u00e1 durante un almacenamiento prolongado. El dise\u00f1o cerrado del RandM Tornado 7000, analizado anteriormente, demuestra un sellado especialmente cuidadoso, garantizando la ausencia de olores y fugas de aceite en condiciones normales.<\/p><h3>\u00bfEs compatible el RandM Tornado 7000 con el arranque autom\u00e1tico por inhalaci\u00f3n?<\/h3><p>S\u00ed, el RandM Tornado 7000 es compatible con el inicio autom\u00e1tico por inhalaci\u00f3n.<\/p><p>El cigarrillo electr\u00f3nico RandM Tornado 7000 utiliza la tecnolog\u00eda de disparo autom\u00e1tico por inhalaci\u00f3n, la m\u00e1s extendida del mercado. Esto significa que el usuario no necesita pulsar ning\u00fan bot\u00f3n. Basta con inhalar para activar el atomizador interno y producir humo. El principio b\u00e1sico es utilizar el flujo de aire para activar el sensor interno, lo que permite que la bater\u00eda alimente autom\u00e1ticamente el coraz\u00f3n del atomizador para calentar el e-l\u00edquido.<\/p><p>El gatillo de inhalaci\u00f3n autom\u00e1tica hace que el uso del RandM Tornado 7000 sea m\u00e1s sencillo, intuitivo y c\u00f3modo, especialmente para los nuevos usuarios de cigarrillos electr\u00f3nicos o para situaciones que requieren un cigarrillo listo para usar. Por ejemplo, al conducir, al aire libre o cuando no es pr\u00e1ctico usar las manos, los usuarios simplemente sostienen la boquilla e inhalan para usar el cigarrillo electr\u00f3nico RandM Tornado 7000, sin tener que buscar botones o ajustar par\u00e1metros, mejorando significativamente la portabilidad y la comodidad.<\/p>\t\t\t\t\t\t\t\t<\/div>\n\t\t\t\t<\/div>\n\t\t\t\t\t<\/div>\n\t\t\t\t<\/div>\n\t\t\t\t<\/div>","protected":false},"excerpt":{"rendered":"<p>La RandM Tornado 7000 est une cigarette \u00e9lectronique jetable rechargeable, pl\u00e9biscit\u00e9e par les utilisateurs pour sa dur\u00e9e de vie de 7000 bouff\u00e9es et ses performances haut de gamme. Elle est pr\u00e9-remplie de 14 ml d&rsquo;e-liquide aux sels de nicotine, avec des concentrations de nicotine de 2\u00a0% et 5\u00a0%, pour r\u00e9pondre aux besoins des diff\u00e9rents fumeurs. [&hellip;]<\/p>\n","protected":false},"featured_media":2245,"comment_status":"open","ping_status":"closed","template":"","meta":{"site-sidebar-layout":"no-sidebar","site-content-layout":"page-builder","ast-site-content-layout":"normal-width-container","site-content-style":"default","site-sidebar-style":"default","ast-global-header-display":"","ast-banner-title-visibility":"","ast-main-header-display":"","ast-hfb-above-header-display":"","ast-hfb-below-header-display":"","ast-hfb-mobile-header-display":"","site-post-title":"disabled","ast-breadcrumbs-content":"","ast-featured-img":"disabled","footer-sml-layout":"","ast-disable-related-posts":"","theme-transparent-header-meta":"default","adv-header-id-meta":"","stick-header-meta":"default","header-above-stick-meta":"","header-main-stick-meta":"","header-below-stick-meta":"","astra-migrate-meta-layouts":"set","ast-page-background-enabled":"default","ast-page-background-meta":{"desktop":{"background-color":"","background-image":"","background-repeat":"repeat","background-position":"center center","background-size":"auto","background-attachment":"scroll","background-type":"","background-media":"","overlay-type":"","overlay-color":"","overlay-opacity":"","overlay-gradient":""},"tablet":{"background-color":"","background-image":"","background-repeat":"repeat","background-position":"center center","background-size":"auto","background-attachment":"scroll","background-type":"","background-media":"","overlay-type":"","overlay-color":"","overlay-opacity":"","overlay-gradient":""},"mobile":{"background-color":"","background-image":"","background-repeat":"repeat","background-position":"center center","background-size":"auto","background-attachment":"scroll","background-type":"","background-media":"","overlay-type":"","overlay-color":"","overlay-opacity":"","overlay-gradient":""}},"ast-content-background-meta":{"desktop":{"background-color":"var(--ast-global-color-5)","background-image":"","background-repeat":"repeat","background-position":"center center","background-size":"auto","background-attachment":"scroll","background-type":"","background-media":"","overlay-type":"","overlay-color":"","overlay-opacity":"","overlay-gradient":""},"tablet":{"background-color":"var(--ast-global-color-5)","background-image":"","background-repeat":"repeat","background-position":"center center","background-size":"auto","background-attachment":"scroll","background-type":"","background-media":"","overlay-type":"","overlay-color":"","overlay-opacity":"","overlay-gradient":""},"mobile":{"background-color":"var(--ast-global-color-5)","background-image":"","background-repeat":"repeat","background-position":"center center","background-size":"auto","background-attachment":"scroll","background-type":"","background-media":"","overlay-type":"","overlay-color":"","overlay-opacity":"","overlay-gradient":""}}},"product_brand":[42],"product_cat":[41,94,15],"product_tag":[],"class_list":{"0":"post-2318","1":"product","2":"type-product","3":"status-publish","4":"has-post-thumbnail","6":"product_brand-randm-tornado","7":"product_cat-randm-tornado-7000","8":"product_cat-puff-7k","9":"product_cat-magasin-cigarette-electronique","10":"desktop-align-center","11":"tablet-align-center","12":"mobile-align-center","13":"ast-product-gallery-layout-horizontal","14":"ast-product-single-variable","15":"ast-product-tabs-layout-horizontal","16":"ast-qv-on-image","18":"first","19":"outofstock","20":"sale","21":"shipping-taxable","22":"purchasable","23":"product-type-variable","24":"has-default-attributes"},"tiered_pricing_type":"fixed","tiered_pricing_fixed_rules":{"30":8.58,"60":8.12,"100":7.48,"200":6.98},"tiered_pricing_product_settings":{"layout":"default","base_unit_name":{"singular":null,"plural":null},"default_variation":null},"tiered_pricing_minimum_quantity":null,"tiered_pricing_roles_data":[],"tiered_pricing_percentage_rules":[],"_links":{"self":[{"href":"https:\/\/puffvapestore.com\/es\/wp-json\/wp\/v2\/product\/2318","targetHints":{"allow":["GET"]}}],"collection":[{"href":"https:\/\/puffvapestore.com\/es\/wp-json\/wp\/v2\/product"}],"about":[{"href":"https:\/\/puffvapestore.com\/es\/wp-json\/wp\/v2\/types\/product"}],"replies":[{"embeddable":true,"href":"https:\/\/puffvapestore.com\/es\/wp-json\/wp\/v2\/comments?post=2318"}],"version-history":[{"count":8,"href":"https:\/\/puffvapestore.com\/es\/wp-json\/wp\/v2\/product\/2318\/revisions"}],"predecessor-version":[{"id":2442,"href":"https:\/\/puffvapestore.com\/es\/wp-json\/wp\/v2\/product\/2318\/revisions\/2442"}],"wp:featuredmedia":[{"embeddable":true,"href":"https:\/\/puffvapestore.com\/es\/wp-json\/wp\/v2\/media\/2245"}],"wp:attachment":[{"href":"https:\/\/puffvapestore.com\/es\/wp-json\/wp\/v2\/media?parent=2318"}],"wp:term":[{"taxonomy":"product_brand","embeddable":true,"href":"https:\/\/puffvapestore.com\/es\/wp-json\/wp\/v2\/product_brand?post=2318"},{"taxonomy":"product_cat","embeddable":true,"href":"https:\/\/puffvapestore.com\/es\/wp-json\/wp\/v2\/product_cat?post=2318"},{"taxonomy":"product_tag","embeddable":true,"href":"https:\/\/puffvapestore.com\/es\/wp-json\/wp\/v2\/product_tag?post=2318"}],"curies":[{"name":"wp","href":"https:\/\/api.w.org\/{rel}","templated":true}]}}