{"id":2134,"date":"2025-04-18T19:20:39","date_gmt":"2025-04-18T19:20:39","guid":{"rendered":"https:\/\/puffvapestore.com\/?post_type=product&#038;p=2134"},"modified":"2026-01-19T10:37:33","modified_gmt":"2026-01-19T10:37:33","slug":"blueberry-kiwi-puff-18000-jnr-falcon","status":"publish","type":"product","link":"https:\/\/puffvapestore.com\/es\/product\/arandano-kiwi-puff-18000-jnr-falcon\/","title":{"rendered":"Ar\u00e1ndano Kiwi Puff 18000 JNR Falcon X"},"content":{"rendered":"<div data-elementor-type=\"wp-post\" data-elementor-id=\"2134\" class=\"elementor elementor-2134\">\n\t\t\t\t<div class=\"elementor-element elementor-element-0510f80 e-flex e-con-boxed e-con e-parent\" data-id=\"0510f80\" data-element_type=\"container\" data-e-type=\"container\">\n\t\t\t\t\t<div class=\"e-con-inner\">\n\t\t<div class=\"elementor-element elementor-element-5f144d5 e-con-full e-flex e-con e-child\" data-id=\"5f144d5\" data-element_type=\"container\" data-e-type=\"container\">\n\t\t\t\t<div class=\"elementor-element elementor-element-53019a1 elementor-widget elementor-widget-text-editor\" data-id=\"53019a1\" data-element_type=\"widget\" data-e-type=\"widget\" data-widget_type=\"text-editor.default\">\n\t\t\t\t<div class=\"elementor-widget-container\">\n\t\t\t\t\t\t\t\t\t<h2>Caracter\u00edsticas del JNR Falcon 18K Blueberry Kiwi:<\/h2><p>Bocanadas : Hasta 18.000 caladas<br \/>L\u00edquido: 24 ml<br \/>Niveles de nicotina: 0 %, 2 %, 5 %<br \/>Resistencia: 0,6 ohmios<br \/>Capacidad de la bater\u00eda: 950 mAh<br \/>Carga: Tipo-C<br \/>Caudal de aire regulable: S\u00ed<br \/>Pantalla digital<br \/>Doble malla y doble n\u00facleo de resistencia<br \/>Dimensiones: 53,5 x 32 x 121 mm<\/p>\t\t\t\t\t\t\t\t<\/div>\n\t\t\t\t<\/div>\n\t\t\t\t<\/div>\n\t\t<div class=\"elementor-element elementor-element-434c269 e-con-full e-flex e-con e-child\" data-id=\"434c269\" data-element_type=\"container\" data-e-type=\"container\">\n\t\t\t\t<div class=\"elementor-element elementor-element-baaa2b5 elementor-widget elementor-widget-image-gallery\" data-id=\"baaa2b5\" data-element_type=\"widget\" data-e-type=\"widget\" data-widget_type=\"image-gallery.default\">\n\t\t\t\t<div class=\"elementor-widget-container\">\n\t\t\t\t\t\t\t<div class=\"elementor-image-gallery\">\n\t\t\t<div id='gallery-1' class='gallery galleryid-2134 gallery-columns-1 gallery-size-medium_large'><figure class='gallery-item'>\n\t\t\t<div class='gallery-icon portrait'>\n\t\t\t\t<img fetchpriority=\"high\" decoding=\"async\" width=\"654\" height=\"690\" src=\"https:\/\/puffvapestore.com\/wp-content\/uploads\/2025\/04\/pvajf18000-9.jpg\" class=\"attachment-medium_large size-medium_large\" alt=\"JNR Falcon Ar\u00e1ndano Kiwi 18000 pvajf18000\" aria-describedby=\"gallery-1-1949\" srcset=\"https:\/\/puffvapestore.com\/wp-content\/uploads\/2025\/04\/pvajf18000-9.jpg 654w, https:\/\/puffvapestore.com\/wp-content\/uploads\/2025\/04\/pvajf18000-9-284x300.jpg 284w, https:\/\/puffvapestore.com\/wp-content\/uploads\/2025\/04\/pvajf18000-9-600x633.jpg 600w\" sizes=\"(max-width: 654px) 100vw, 654px\" \/>\n\t\t\t<\/div>\n\t\t\t\t<figcaption class='wp-caption-text gallery-caption' id='gallery-1-1949'>\n\t\t\t\tJNR Falcon Ar\u00e1ndano Kiwi 18000 pvajf18000\n\t\t\t\t<\/figcaption><\/figure>\n\t\t<\/div>\n\t\t<\/div>\n\t\t\t\t\t\t<\/div>\n\t\t\t\t<\/div>\n\t\t\t\t<\/div>\n\t\t\t\t\t<\/div>\n\t\t\t\t<\/div>\n\t\t<div class=\"elementor-element elementor-element-cad69f4 e-flex e-con-boxed e-con e-parent\" data-id=\"cad69f4\" data-element_type=\"container\" data-e-type=\"container\">\n\t\t\t\t\t<div class=\"e-con-inner\">\n\t\t\t\t<div class=\"elementor-element elementor-element-6bc25e5 elementor-widget elementor-widget-n-accordion\" data-id=\"6bc25e5\" data-element_type=\"widget\" data-e-type=\"widget\" data-settings=\"{&quot;default_state&quot;:&quot;expanded&quot;,&quot;max_items_expended&quot;:&quot;one&quot;,&quot;n_accordion_animation_duration&quot;:{&quot;unit&quot;:&quot;ms&quot;,&quot;size&quot;:400,&quot;sizes&quot;:[]}}\" data-widget_type=\"nested-accordion.default\">\n\t\t\t\t<div class=\"elementor-widget-container\">\n\t\t\t\t\t\t\t<div class=\"e-n-accordion\" aria-label=\"Acorde\u00f3n. Abra los enlaces con Intro o Espacio, ci\u00e9rrelos con Escape y navegue con las teclas de flecha.\">\n\t\t\t\t\t\t<details id=\"e-n-accordion-item-1120\" class=\"e-n-accordion-item\" open>\n\t\t\t\t<summary class=\"e-n-accordion-item-title\" data-accordion-index=\"1\" tabindex=\"0\" aria-expanded=\"true\" aria-controls=\"e-n-accordion-item-1120\" >\n\t\t\t\t\t<span class='e-n-accordion-item-title-header'><div class=\"e-n-accordion-item-title-text\"> Caracter\u00edsticas y funciones del JNR Falcon X 18K Blueberry Kiwi <\/div><\/span>\n\t\t\t\t\t\t\t<span class='e-n-accordion-item-title-icon'>\n\t\t\t<span class='e-opened' ><svg aria-hidden=\"true\" class=\"e-font-icon-svg e-fas-minus\" viewbox=\"0 0 448 512\" xmlns=\"http:\/\/www.w3.org\/2000\/svg\"><path d=\"M416 208H32c-17.67 0-32 14.33-32 32v32c0 17.67 14.33 32 32 32h384c17.67 0 32-14.33 32-32v-32c0-17.67-14.33-32-32-32z\"><\/path><\/svg><\/span>\n\t\t\t<span class='e-closed'><svg aria-hidden=\"true\" class=\"e-font-icon-svg e-fas-plus\" viewbox=\"0 0 448 512\" xmlns=\"http:\/\/www.w3.org\/2000\/svg\"><path d=\"M416 208H272V64c0-17.67-14.33-32-32-32h-32c-17.67 0-32 14.33-32 32v144H32c-17.67 0-32 14.33-32 32v32c0 17.67 14.33 32 32 32h144v144c0 17.67 14.33 32 32 32h32c17.67 0 32-14.33 32-32V304h144c17.67 0 32-14.33 32-32v-32c0-17.67-14.33-32-32-32z\"><\/path><\/svg><\/span>\n\t\t<\/span>\n\n\t\t\t\t\t\t<\/summary>\n\t\t\t\t<div role=\"region\" aria-labelledby=\"e-n-accordion-item-1120\" class=\"elementor-element elementor-element-57ad40e e-con-full e-flex e-con e-child\" data-id=\"57ad40e\" data-element_type=\"container\" data-e-type=\"container\">\n\t\t<div role=\"region\" aria-labelledby=\"e-n-accordion-item-1120\" class=\"elementor-element elementor-element-e7698e3 e-flex e-con-boxed e-con e-child\" data-id=\"e7698e3\" data-element_type=\"container\" data-e-type=\"container\">\n\t\t\t\t\t<div class=\"e-con-inner\">\n\t\t\t\t<div class=\"elementor-element elementor-element-76f0fd1 elementor-widget elementor-widget-text-editor\" data-id=\"76f0fd1\" data-element_type=\"widget\" data-e-type=\"widget\" data-widget_type=\"text-editor.default\">\n\t\t\t\t<div class=\"elementor-widget-container\">\n\t\t\t\t\t\t\t\t\t<h2>Gran capacidad de e-l\u00edquido<\/h2><p>El JNR Falcon-X 18K ofrece una capacidad de e-l\u00edquido de 24 ml, m\u00e1s que la mayor\u00eda de los cigarrillos electr\u00f3nicos desechables del mercado. Esta generosa capacidad no s\u00f3lo reduce la necesidad de recargas frecuentes, sino que tambi\u00e9n significa que puede fumar durante largos periodos sin interrupci\u00f3n. As\u00ed que es ideal para aquellos que buscan un uso duradero y un sabor consistente en el trabajo, de viaje o en su tiempo libre.<\/p><p>El JNR Falcon-X 18K est\u00e1 equipado con una bater\u00eda integrada de alto rendimiento de 950 mAh para usarlo durante todo el d\u00eda. El moderno puerto de carga Type-C hace que la carga sea m\u00e1s r\u00e1pida y segura, para que puedas recargar tu dispositivo sin esperar mucho.<\/p><h2>Resistencias Dual-Mesh Dual-Core de 0,6 ohmios para mejorar el vapor y el sabor<\/h2><p>El JNR Falcon-X 18K utiliza una resistencia Dual-Mesh Dual-Core de 0,6 ohmios, que mejora dr\u00e1sticamente la producci\u00f3n y el espesor del vapor. La estructura de doble mecha garantiza un calentamiento m\u00e1s uniforme, evita los olores a quemado y proporciona una experiencia de vapeo m\u00e1s suave y refinada. Tanto si buscas un gran volumen de vapor como un sabor puro, el JNR Falcon 18K es perfecto para tus necesidades.<\/p><h2>Sistema de flujo de aire flexible y ajustable para una inhalaci\u00f3n personalizada<\/h2><p>La JNR Falcon-X 18K incorpora una innovadora funci\u00f3n de ajuste del flujo de aire, que permite a los usuarios ajustar libremente la cantidad de aire inhalado seg\u00fan sus preferencias, creando una experiencia de fumada variada, desde una fumada firme y suave hasta una fumada plena y amplia.<\/p><h2>Duradero, econ\u00f3mico y pr\u00e1ctico<\/h2><p>Gracias a su avanzada tecnolog\u00eda, el JNR Falcon-X 18K ofrece hasta 18.000 caladas, superando con creces la vida \u00fatil de los cigarrillos electr\u00f3nicos desechables convencionales. Su durabilidad mejora significativamente su relaci\u00f3n calidad-precio, haci\u00e9ndolo ideal para usuarios intensivos y largos periodos de uso. Elimina la necesidad de sustituirlo con frecuencia, lo que lo hace respetuoso con el medio ambiente y econ\u00f3mico.<\/p><p>Una pantalla digital integrada de alta definici\u00f3n muestra el nivel de bater\u00eda y el e-l\u00edquido restante en tiempo real, ofreciendo a los usuarios una visi\u00f3n clara del estado del dispositivo. La informaci\u00f3n intuitiva simplifica el uso, eliminando las interrupciones debidas a una bater\u00eda baja o un e-l\u00edquido agotado, garantizando siempre una calada suave y sin preocupaciones.<\/p><p>El JNR Falcon-X 18K ofrece tres niveles de nicotina: 0 %, 2 % y 5 %, para satisfacer las necesidades y gustos de cada usuario para dejar de fumar. Desde el placer puro sin nicotina hasta el abandono gradual con niveles bajos de nicotina y necesidades altas de nicotina, las opciones flexibles le ayudan a encontrar la soluci\u00f3n m\u00e1s adecuada para usted.<\/p>\t\t\t\t\t\t\t\t<\/div>\n\t\t\t\t<\/div>\n\t\t\t\t\t<\/div>\n\t\t\t\t<\/div>\n\t\t\t\t<\/div>\n\t\t\t\t\t<\/details>\n\t\t\t\t\t\t<details id=\"e-n-accordion-item-1121\" class=\"e-n-accordion-item\" >\n\t\t\t\t<summary class=\"e-n-accordion-item-title\" data-accordion-index=\"2\" tabindex=\"-1\" aria-expanded=\"false\" aria-controls=\"e-n-accordion-item-1121\" >\n\t\t\t\t\t<span class='e-n-accordion-item-title-header'><div class=\"e-n-accordion-item-title-text\"> Puff JNR Falcon X 18K Ar\u00e1ndano Kiwi <\/div><\/span>\n\t\t\t\t\t\t\t<span class='e-n-accordion-item-title-icon'>\n\t\t\t<span class='e-opened' ><svg aria-hidden=\"true\" class=\"e-font-icon-svg e-fas-minus\" viewbox=\"0 0 448 512\" xmlns=\"http:\/\/www.w3.org\/2000\/svg\"><path d=\"M416 208H32c-17.67 0-32 14.33-32 32v32c0 17.67 14.33 32 32 32h384c17.67 0 32-14.33 32-32v-32c0-17.67-14.33-32-32-32z\"><\/path><\/svg><\/span>\n\t\t\t<span class='e-closed'><svg aria-hidden=\"true\" class=\"e-font-icon-svg e-fas-plus\" viewbox=\"0 0 448 512\" xmlns=\"http:\/\/www.w3.org\/2000\/svg\"><path d=\"M416 208H272V64c0-17.67-14.33-32-32-32h-32c-17.67 0-32 14.33-32 32v144H32c-17.67 0-32 14.33-32 32v32c0 17.67 14.33 32 32 32h144v144c0 17.67 14.33 32 32 32h32c17.67 0 32-14.33 32-32V304h144c17.67 0 32-14.33 32-32v-32c0-17.67-14.33-32-32-32z\"><\/path><\/svg><\/span>\n\t\t<\/span>\n\n\t\t\t\t\t\t<\/summary>\n\t\t\t\t<div role=\"region\" aria-labelledby=\"e-n-accordion-item-1121\" class=\"elementor-element elementor-element-b6b0c11 e-con-full e-flex e-con e-child\" data-id=\"b6b0c11\" data-element_type=\"container\" data-e-type=\"container\">\n\t\t<div role=\"region\" aria-labelledby=\"e-n-accordion-item-1121\" class=\"elementor-element elementor-element-615d36f e-flex e-con-boxed e-con e-child\" data-id=\"615d36f\" data-element_type=\"container\" data-e-type=\"container\">\n\t\t\t\t\t<div class=\"e-con-inner\">\n\t\t\t\t<div class=\"elementor-element elementor-element-55fd5fa elementor-widget elementor-widget-text-editor\" data-id=\"55fd5fa\" data-element_type=\"widget\" data-e-type=\"widget\" data-widget_type=\"text-editor.default\">\n\t\t\t\t<div class=\"elementor-widget-container\">\n\t\t\t\t\t\t\t\t\t<p>En la zona de llegadas del aeropuerto de Par\u00eds, los cansados viajeros de negocios a menudo necesitan un momento para relajarse. En este momento, el sabor kiwi ar\u00e1ndano del cigarrillo electr\u00f3nico JNR Falcon 18000 se ha convertido en la primera opci\u00f3n para muchas personas. Este cigarrillo electr\u00f3nico no s\u00f3lo tiene un sabor delicioso, sino que tambi\u00e9n es port\u00e1til y pr\u00e1ctico, lo que lo hace especialmente adecuado para su uso a corto plazo en estos espacios semiabiertos.<\/p><p>La principal caracter\u00edstica del sabor ar\u00e1ndano-kiwi es su experiencia gustativa en capas. El dulzor de los ar\u00e1ndanos y la acidez de los kiwis se combinan a la perfecci\u00f3n, ofreciendo a los usuarios un sabor familiar pero fresco. El sabor est\u00e1 bien equilibrado, ni demasiado dulce ni demasiado \u00e1cido, adecuado para consumidores con todo tipo de preferencias gustativas. La tecnolog\u00eda de doble bobina de malla de 0,6 ohmios del JNR Falcon garantiza que este complejo sabor se libere completamente con cada inhalaci\u00f3n, permitiendo a los usuarios experimentar la riqueza del ar\u00e1ndano y la frescura del kiwi.<\/p><p>En t\u00e9rminos de experiencia de usuario, el JNR Falcon 18000 ofrece claras ventajas. La gran capacidad de e-l\u00edquido de 24 ml y una vida \u00fatil de hasta 18.000 caladas hacen que incluso los usuarios frecuentes no necesiten sustituir el dispositivo con frecuencia. El contenido de nicotina del 2% proporciona una satisfacci\u00f3n moderada evitando una estimulaci\u00f3n excesiva. El dise\u00f1o de flujo de aire ajustable permite a los usuarios ajustar la experiencia de inhalaci\u00f3n seg\u00fan sus preferencias personales, de modo que tanto si les gustan las caladas ligeras como las caladas completas, pueden conseguir el efecto ideal.<\/p>\t\t\t\t\t\t\t\t<\/div>\n\t\t\t\t<\/div>\n\t\t<div role=\"region\" aria-labelledby=\"e-n-accordion-item-1121\" class=\"elementor-element elementor-element-942ccb0 e-con-full e-flex e-con e-child\" data-id=\"942ccb0\" data-element_type=\"container\" data-e-type=\"container\">\n\t\t<div role=\"region\" aria-labelledby=\"e-n-accordion-item-1121\" class=\"elementor-element elementor-element-d5e4b56 e-con-full e-flex e-con e-child\" data-id=\"d5e4b56\" data-element_type=\"container\" data-e-type=\"container\">\n\t\t\t\t<div class=\"elementor-element elementor-element-381dfcb elementor-widget elementor-widget-image-gallery\" data-id=\"381dfcb\" data-element_type=\"widget\" data-e-type=\"widget\" data-widget_type=\"image-gallery.default\">\n\t\t\t\t<div class=\"elementor-widget-container\">\n\t\t\t\t\t\t\t<div class=\"elementor-image-gallery\">\n\t\t\t<div id='gallery-1' class='gallery galleryid-2134 gallery-columns-1 gallery-size-medium_large'><figure class='gallery-item'>\n\t\t\t<div class='gallery-icon portrait'>\n\t\t\t\t<img fetchpriority=\"high\" decoding=\"async\" width=\"654\" height=\"690\" src=\"https:\/\/puffvapestore.com\/wp-content\/uploads\/2025\/04\/pvajf18000-9.jpg\" class=\"attachment-medium_large size-medium_large\" alt=\"JNR Falcon Ar\u00e1ndano Kiwi 18000 pvajf18000\" aria-describedby=\"gallery-1-1949\" srcset=\"https:\/\/puffvapestore.com\/wp-content\/uploads\/2025\/04\/pvajf18000-9.jpg 654w, https:\/\/puffvapestore.com\/wp-content\/uploads\/2025\/04\/pvajf18000-9-284x300.jpg 284w, https:\/\/puffvapestore.com\/wp-content\/uploads\/2025\/04\/pvajf18000-9-600x633.jpg 600w\" sizes=\"(max-width: 654px) 100vw, 654px\" \/>\n\t\t\t<\/div>\n\t\t\t\t<figcaption class='wp-caption-text gallery-caption' id='gallery-1-1949'>\n\t\t\t\tJNR Falcon Ar\u00e1ndano Kiwi 18000 pvajf18000\n\t\t\t\t<\/figcaption><\/figure>\n\t\t<\/div>\n\t\t<\/div>\n\t\t\t\t\t\t<\/div>\n\t\t\t\t<\/div>\n\t\t\t\t<\/div>\n\t\t<div role=\"region\" aria-labelledby=\"e-n-accordion-item-1121\" class=\"elementor-element elementor-element-577deeb e-con-full e-flex e-con e-child\" data-id=\"577deeb\" data-element_type=\"container\" data-e-type=\"container\">\n\t\t\t\t<div class=\"elementor-element elementor-element-5d167cf elementor-widget elementor-widget-text-editor\" data-id=\"5d167cf\" data-element_type=\"widget\" data-e-type=\"widget\" data-widget_type=\"text-editor.default\">\n\t\t\t\t<div class=\"elementor-widget-container\">\n\t\t\t\t\t\t\t\t\t<p>La practicidad del producto es tambi\u00e9n uno de sus puntos fuertes. La capacidad de la bater\u00eda de 950 mAh garantiza un uso prolongado, lo que resulta especialmente adecuado para usuarios que viajan o est\u00e1n ocupados en el trabajo. El puerto de carga Type-C ofrece una c\u00f3moda experiencia de carga, y se puede seguir utilizando despu\u00e9s de una carga corta. La pantalla LED digital indica claramente el nivel de energ\u00eda y el uso, lo que permite a los usuarios comprender el estado del dispositivo en todo momento.<\/p><p>El JNR Falcon 18000 integra muchas funciones avanzadas en un cuerpo port\u00e1til de 53,5 \u00d7 32 \u00d7 121 mm, que ahorra espacio y es f\u00e1cil de transportar. Tanto si est\u00e1 esperando a amigos y familiares en el aeropuerto como si se toma un breve descanso, este dispositivo puede proporcionarle una experiencia de uso c\u00f3moda y satisfactoria.<\/p>\t\t\t\t\t\t\t\t<\/div>\n\t\t\t\t<\/div>\n\t\t\t\t<\/div>\n\t\t\t\t<\/div>\n\t\t<div role=\"region\" aria-labelledby=\"e-n-accordion-item-1121\" class=\"elementor-element elementor-element-7926c6b e-con-full e-flex e-con e-child\" data-id=\"7926c6b\" data-element_type=\"container\" data-e-type=\"container\">\n\t\t\t\t<div class=\"elementor-element elementor-element-2b41948 elementor-widget elementor-widget-text-editor\" data-id=\"2b41948\" data-element_type=\"widget\" data-e-type=\"widget\" data-widget_type=\"text-editor.default\">\n\t\t\t\t<div class=\"elementor-widget-container\">\n\t\t\t\t\t\t\t\t\t<p>En definitiva, hay buenas razones por las que el JNR Falcon 18000, sabor ar\u00e1ndano y kiwi, es popular entre los consumidores franceses. No s\u00f3lo satisface la b\u00fasqueda de calidad, sino que tambi\u00e9n ofrece una experiencia de uso c\u00f3moda y pr\u00e1ctica. Para los consumidores que buscan un cigarrillo electr\u00f3nico desechable de calidad, esta es sin duda una opci\u00f3n a tener en cuenta.<\/p>\t\t\t\t\t\t\t\t<\/div>\n\t\t\t\t<\/div>\n\t\t\t\t<\/div>\n\t\t\t\t\t<\/div>\n\t\t\t\t<\/div>\n\t\t\t\t<\/div>\n\t\t\t\t\t<\/details>\n\t\t\t\t\t<\/div>\n\t\t\t\t\t\t<\/div>\n\t\t\t\t<\/div>\n\t\t\t\t\t<\/div>\n\t\t\t\t<\/div>\n\t\t\t\t<\/div>","protected":false},"excerpt":{"rendered":"<p>Caract\u00e9ristiques du JNR Falcon 18K Blueberry Kiwi: Bouff\u00e9es : Jusqu\u2019\u00e0 18000 bouff\u00e9es Liquide : 24 ml Taux de nicotine : 0 %, 2 %, 5 % R\u00e9sistance : 0.6 ohm Capacit\u00e9 de la batterie : 950 mAh Chargement : Type-C D\u00e9bit d\u2019air r\u00e9glable : Oui Affichage num\u00e9rique R\u00e9sistance double maille et double c\u0153ur Dimensions : [&hellip;]<\/p>\n","protected":false},"featured_media":1949,"comment_status":"open","ping_status":"closed","template":"","meta":{"site-sidebar-layout":"no-sidebar","site-content-layout":"page-builder","ast-site-content-layout":"normal-width-container","site-content-style":"default","site-sidebar-style":"default","ast-global-header-display":"","ast-banner-title-visibility":"","ast-main-header-display":"","ast-hfb-above-header-display":"","ast-hfb-below-header-display":"","ast-hfb-mobile-header-display":"","site-post-title":"disabled","ast-breadcrumbs-content":"","ast-featured-img":"disabled","footer-sml-layout":"","ast-disable-related-posts":"","theme-transparent-header-meta":"default","adv-header-id-meta":"","stick-header-meta":"default","header-above-stick-meta":"","header-main-stick-meta":"","header-below-stick-meta":"","astra-migrate-meta-layouts":"set","ast-page-background-enabled":"default","ast-page-background-meta":{"desktop":{"background-color":"","background-image":"","background-repeat":"repeat","background-position":"center center","background-size":"auto","background-attachment":"scroll","background-type":"","background-media":"","overlay-type":"","overlay-color":"","overlay-opacity":"","overlay-gradient":""},"tablet":{"background-color":"","background-image":"","background-repeat":"repeat","background-position":"center center","background-size":"auto","background-attachment":"scroll","background-type":"","background-media":"","overlay-type":"","overlay-color":"","overlay-opacity":"","overlay-gradient":""},"mobile":{"background-color":"","background-image":"","background-repeat":"repeat","background-position":"center center","background-size":"auto","background-attachment":"scroll","background-type":"","background-media":"","overlay-type":"","overlay-color":"","overlay-opacity":"","overlay-gradient":""}},"ast-content-background-meta":{"desktop":{"background-color":"var(--ast-global-color-5)","background-image":"","background-repeat":"repeat","background-position":"center center","background-size":"auto","background-attachment":"scroll","background-type":"","background-media":"","overlay-type":"","overlay-color":"","overlay-opacity":"","overlay-gradient":""},"tablet":{"background-color":"var(--ast-global-color-5)","background-image":"","background-repeat":"repeat","background-position":"center center","background-size":"auto","background-attachment":"scroll","background-type":"","background-media":"","overlay-type":"","overlay-color":"","overlay-opacity":"","overlay-gradient":""},"mobile":{"background-color":"var(--ast-global-color-5)","background-image":"","background-repeat":"repeat","background-position":"center center","background-size":"auto","background-attachment":"scroll","background-type":"","background-media":"","overlay-type":"","overlay-color":"","overlay-opacity":"","overlay-gradient":""}}},"product_brand":[30],"product_cat":[40,84,77,34,31],"product_tag":[],"class_list":{"0":"post-2134","1":"product","2":"type-product","3":"status-publish","4":"has-post-thumbnail","6":"product_brand-jnr","7":"product_cat-jnr-18k","8":"product_cat-puff-18k","9":"product_cat-entrepot-de-lue","10":"product_cat-puff-jnr","11":"product_cat-jnr-falcon","12":"desktop-align-center","13":"tablet-align-center","14":"mobile-align-center","15":"ast-product-gallery-layout-horizontal","16":"ast-product-gallery-with-no-image","17":"ast-product-single-variable","18":"ast-product-tabs-layout-horizontal","19":"ast-qv-on-image","21":"first","22":"instock","23":"sale","24":"shipping-taxable","25":"purchasable","26":"product-type-variable","27":"has-default-attributes"},"tiered_pricing_type":"fixed","tiered_pricing_fixed_rules":{"30":10.08,"60":9.28,"100":8.13,"200":7.48,"500":7.28,"1000":6.98},"tiered_pricing_product_settings":{"layout":"default","base_unit_name":{"singular":null,"plural":null},"default_variation":null},"tiered_pricing_minimum_quantity":null,"tiered_pricing_roles_data":[],"tiered_pricing_percentage_rules":[],"_links":{"self":[{"href":"https:\/\/puffvapestore.com\/es\/wp-json\/wp\/v2\/product\/2134","targetHints":{"allow":["GET"]}}],"collection":[{"href":"https:\/\/puffvapestore.com\/es\/wp-json\/wp\/v2\/product"}],"about":[{"href":"https:\/\/puffvapestore.com\/es\/wp-json\/wp\/v2\/types\/product"}],"replies":[{"embeddable":true,"href":"https:\/\/puffvapestore.com\/es\/wp-json\/wp\/v2\/comments?post=2134"}],"version-history":[{"count":24,"href":"https:\/\/puffvapestore.com\/es\/wp-json\/wp\/v2\/product\/2134\/revisions"}],"predecessor-version":[{"id":13602,"href":"https:\/\/puffvapestore.com\/es\/wp-json\/wp\/v2\/product\/2134\/revisions\/13602"}],"wp:featuredmedia":[{"embeddable":true,"href":"https:\/\/puffvapestore.com\/es\/wp-json\/wp\/v2\/media\/1949"}],"wp:attachment":[{"href":"https:\/\/puffvapestore.com\/es\/wp-json\/wp\/v2\/media?parent=2134"}],"wp:term":[{"taxonomy":"product_brand","embeddable":true,"href":"https:\/\/puffvapestore.com\/es\/wp-json\/wp\/v2\/product_brand?post=2134"},{"taxonomy":"product_cat","embeddable":true,"href":"https:\/\/puffvapestore.com\/es\/wp-json\/wp\/v2\/product_cat?post=2134"},{"taxonomy":"product_tag","embeddable":true,"href":"https:\/\/puffvapestore.com\/es\/wp-json\/wp\/v2\/product_tag?post=2134"}],"curies":[{"name":"wp","href":"https:\/\/api.w.org\/{rel}","templated":true}]}}