{"id":2113,"date":"2025-04-18T10:02:31","date_gmt":"2025-04-18T10:02:31","guid":{"rendered":"https:\/\/puffvapestore.com\/?post_type=product&#038;p=2113"},"modified":"2026-01-19T10:37:33","modified_gmt":"2026-01-19T10:37:33","slug":"white-peach-razz-18k-jnr-falcon-vape","status":"publish","type":"product","link":"https:\/\/puffvapestore.com\/es\/product\/melocoton-blanco-razz-18k-jnr-falcon-vape\/","title":{"rendered":"Melocot\u00f3n Blanco Razz 18k JNR Falcon X Vape"},"content":{"rendered":"<div data-elementor-type=\"wp-post\" data-elementor-id=\"2113\" class=\"elementor elementor-2113\">\n\t\t\t\t<div class=\"elementor-element elementor-element-0afcbff e-flex e-con-boxed e-con e-parent\" data-id=\"0afcbff\" data-element_type=\"container\" data-e-type=\"container\">\n\t\t\t\t\t<div class=\"e-con-inner\">\n\t\t<div class=\"elementor-element elementor-element-05eab3c e-con-full e-flex e-con e-child\" data-id=\"05eab3c\" data-element_type=\"container\" data-e-type=\"container\">\n\t\t\t\t<div class=\"elementor-element elementor-element-d5ff43b elementor-widget elementor-widget-text-editor\" data-id=\"d5ff43b\" data-element_type=\"widget\" data-e-type=\"widget\" data-widget_type=\"text-editor.default\">\n\t\t\t\t<div class=\"elementor-widget-container\">\n\t\t\t\t\t\t\t\t\t<h2>Caracter\u00edsticas del JNR Falcon 18K Blanco Melocot\u00f3n Razz:<\/h2><p>Bocanadas : Hasta 18.000 caladas<br \/>L\u00edquido: 24 ml<br \/>Niveles de nicotina: 0 %, 2 %, 5 %<br \/>Resistencia: 0,6 ohmios<br \/>Capacidad de la bater\u00eda: 950 mAh<br \/>Carga: Tipo-C<br \/>Caudal de aire regulable: S\u00ed<br \/>Pantalla digital<br \/>Doble malla y doble n\u00facleo de resistencia<br \/>Dimensiones: 53,5 x 32 x 121 mm<\/p>\t\t\t\t\t\t\t\t<\/div>\n\t\t\t\t<\/div>\n\t\t\t\t<\/div>\n\t\t<div class=\"elementor-element elementor-element-acc5e0f e-con-full e-flex e-con e-child\" data-id=\"acc5e0f\" data-element_type=\"container\" data-e-type=\"container\">\n\t\t\t\t<div class=\"elementor-element elementor-element-9041add elementor-widget elementor-widget-image-gallery\" data-id=\"9041add\" data-element_type=\"widget\" data-e-type=\"widget\" data-widget_type=\"image-gallery.default\">\n\t\t\t\t<div class=\"elementor-widget-container\">\n\t\t\t\t\t\t\t<div class=\"elementor-image-gallery\">\n\t\t\t<div id='gallery-1' class='gallery galleryid-2113 gallery-columns-1 gallery-size-medium_large'><figure class='gallery-item'>\n\t\t\t<div class='gallery-icon portrait'>\n\t\t\t\t<img fetchpriority=\"high\" decoding=\"async\" width=\"654\" height=\"690\" src=\"https:\/\/puffvapestore.com\/wp-content\/uploads\/2025\/04\/pvajf18000-24.jpg\" class=\"attachment-medium_large size-medium_large\" alt=\"JNR Falcon 18k Blanco Melocot\u00f3n Razz pvajf18000\" aria-describedby=\"gallery-1-1964\" srcset=\"https:\/\/puffvapestore.com\/wp-content\/uploads\/2025\/04\/pvajf18000-24.jpg 654w, https:\/\/puffvapestore.com\/wp-content\/uploads\/2025\/04\/pvajf18000-24-284x300.jpg 284w, https:\/\/puffvapestore.com\/wp-content\/uploads\/2025\/04\/pvajf18000-24-600x633.jpg 600w\" sizes=\"(max-width: 654px) 100vw, 654px\" \/>\n\t\t\t<\/div>\n\t\t\t\t<figcaption class='wp-caption-text gallery-caption' id='gallery-1-1964'>\n\t\t\t\tJNR Falcon 18k Blanco Melocot\u00f3n Razz pvajf18000\n\t\t\t\t<\/figcaption><\/figure>\n\t\t<\/div>\n\t\t<\/div>\n\t\t\t\t\t\t<\/div>\n\t\t\t\t<\/div>\n\t\t\t\t<\/div>\n\t\t\t\t\t<\/div>\n\t\t\t\t<\/div>\n\t\t<div class=\"elementor-element elementor-element-720c4b4 e-flex e-con-boxed e-con e-parent\" data-id=\"720c4b4\" data-element_type=\"container\" data-e-type=\"container\">\n\t\t\t\t\t<div class=\"e-con-inner\">\n\t\t\t\t<div class=\"elementor-element elementor-element-dda71bb elementor-widget elementor-widget-n-accordion\" data-id=\"dda71bb\" data-element_type=\"widget\" data-e-type=\"widget\" data-settings=\"{&quot;default_state&quot;:&quot;expanded&quot;,&quot;max_items_expended&quot;:&quot;one&quot;,&quot;n_accordion_animation_duration&quot;:{&quot;unit&quot;:&quot;ms&quot;,&quot;size&quot;:400,&quot;sizes&quot;:[]}}\" data-widget_type=\"nested-accordion.default\">\n\t\t\t\t<div class=\"elementor-widget-container\">\n\t\t\t\t\t\t\t<div class=\"e-n-accordion\" aria-label=\"Acorde\u00f3n. Abra los enlaces con Intro o Espacio, ci\u00e9rrelos con Escape y navegue con las teclas de flecha.\">\n\t\t\t\t\t\t<details id=\"e-n-accordion-item-2320\" class=\"e-n-accordion-item\" open>\n\t\t\t\t<summary class=\"e-n-accordion-item-title\" data-accordion-index=\"1\" tabindex=\"0\" aria-expanded=\"true\" aria-controls=\"e-n-accordion-item-2320\" >\n\t\t\t\t\t<span class='e-n-accordion-item-title-header'><div class=\"e-n-accordion-item-title-text\"> Caracter\u00edsticas y funciones del JNR Falcon X 18K White Peach Razz <\/div><\/span>\n\t\t\t\t\t\t\t<span class='e-n-accordion-item-title-icon'>\n\t\t\t<span class='e-opened' ><svg aria-hidden=\"true\" class=\"e-font-icon-svg e-fas-minus\" viewbox=\"0 0 448 512\" xmlns=\"http:\/\/www.w3.org\/2000\/svg\"><path d=\"M416 208H32c-17.67 0-32 14.33-32 32v32c0 17.67 14.33 32 32 32h384c17.67 0 32-14.33 32-32v-32c0-17.67-14.33-32-32-32z\"><\/path><\/svg><\/span>\n\t\t\t<span class='e-closed'><svg aria-hidden=\"true\" class=\"e-font-icon-svg e-fas-plus\" viewbox=\"0 0 448 512\" xmlns=\"http:\/\/www.w3.org\/2000\/svg\"><path d=\"M416 208H272V64c0-17.67-14.33-32-32-32h-32c-17.67 0-32 14.33-32 32v144H32c-17.67 0-32 14.33-32 32v32c0 17.67 14.33 32 32 32h144v144c0 17.67 14.33 32 32 32h32c17.67 0 32-14.33 32-32V304h144c17.67 0 32-14.33 32-32v-32c0-17.67-14.33-32-32-32z\"><\/path><\/svg><\/span>\n\t\t<\/span>\n\n\t\t\t\t\t\t<\/summary>\n\t\t\t\t<div role=\"region\" aria-labelledby=\"e-n-accordion-item-2320\" class=\"elementor-element elementor-element-667cd60 e-con-full e-flex e-con e-child\" data-id=\"667cd60\" data-element_type=\"container\" data-e-type=\"container\">\n\t\t<div role=\"region\" aria-labelledby=\"e-n-accordion-item-2320\" class=\"elementor-element elementor-element-266facc e-flex e-con-boxed e-con e-child\" data-id=\"266facc\" data-element_type=\"container\" data-e-type=\"container\">\n\t\t\t\t\t<div class=\"e-con-inner\">\n\t\t\t\t<div class=\"elementor-element elementor-element-a33a812 elementor-widget elementor-widget-text-editor\" data-id=\"a33a812\" data-element_type=\"widget\" data-e-type=\"widget\" data-widget_type=\"text-editor.default\">\n\t\t\t\t<div class=\"elementor-widget-container\">\n\t\t\t\t\t\t\t\t\t<h2>Gran capacidad de e-l\u00edquido<\/h2><p>El JNR Falcon-X 18K ofrece una capacidad de e-l\u00edquido de 24 ml, m\u00e1s que la mayor\u00eda de los cigarrillos electr\u00f3nicos desechables del mercado. Esta generosa capacidad no s\u00f3lo reduce la necesidad de recargas frecuentes, sino que tambi\u00e9n significa que puede fumar durante largos periodos sin interrupci\u00f3n. As\u00ed que es ideal para aquellos que buscan un uso duradero y un sabor consistente en el trabajo, de viaje o en su tiempo libre.<\/p><p>El JNR Falcon-X 18K est\u00e1 equipado con una bater\u00eda integrada de alto rendimiento de 950 mAh para usarlo durante todo el d\u00eda. El moderno puerto de carga Type-C hace que la carga sea m\u00e1s r\u00e1pida y segura, para que puedas recargar tu dispositivo sin esperar mucho.<\/p><h2>Resistencias Dual-Mesh Dual-Core de 0,6 ohmios para mejorar el vapor y el sabor<\/h2><p>El JNR Falcon-X 18K utiliza una resistencia Dual-Mesh Dual-Core de 0,6 ohmios, que mejora dr\u00e1sticamente la producci\u00f3n y el espesor del vapor. La estructura de doble mecha garantiza un calentamiento m\u00e1s uniforme, evita los olores a quemado y proporciona una experiencia de vapeo m\u00e1s suave y refinada. Tanto si buscas un gran volumen de vapor como un sabor puro, el JNR Falcon 18K es perfecto para tus necesidades.<\/p><h2>Sistema de flujo de aire flexible y ajustable para una inhalaci\u00f3n personalizada<\/h2><p>La JNR Falcon-X 18K incorpora una innovadora funci\u00f3n de ajuste del flujo de aire, que permite a los usuarios ajustar libremente la cantidad de aire inhalado seg\u00fan sus preferencias, creando una experiencia de fumada variada, desde una fumada firme y suave hasta una fumada plena y amplia.<\/p><h2>Duradero, econ\u00f3mico y pr\u00e1ctico<\/h2><p>Gracias a su avanzada tecnolog\u00eda, el JNR Falcon-X 18K ofrece hasta 18.000 caladas, superando con creces la vida \u00fatil de los cigarrillos electr\u00f3nicos desechables convencionales. Su durabilidad mejora significativamente su relaci\u00f3n calidad-precio, haci\u00e9ndolo ideal para usuarios intensivos y largos periodos de uso. Elimina la necesidad de sustituirlo con frecuencia, lo que lo hace respetuoso con el medio ambiente y econ\u00f3mico.<\/p><p>Una pantalla digital integrada de alta definici\u00f3n muestra el nivel de bater\u00eda y el e-l\u00edquido restante en tiempo real, ofreciendo a los usuarios una visi\u00f3n clara del estado del dispositivo. La informaci\u00f3n intuitiva simplifica el uso, eliminando las interrupciones debidas a una bater\u00eda baja o un e-l\u00edquido agotado, garantizando siempre una calada suave y sin preocupaciones.<\/p><p>El JNR Falcon-X 18K ofrece tres niveles de nicotina: 0 %, 2 % y 5 %, para satisfacer las necesidades y gustos de cada usuario para dejar de fumar. Desde el placer puro sin nicotina hasta el abandono gradual con niveles bajos de nicotina y necesidades altas de nicotina, las opciones flexibles le ayudan a encontrar la soluci\u00f3n m\u00e1s adecuada para usted.<\/p>\t\t\t\t\t\t\t\t<\/div>\n\t\t\t\t<\/div>\n\t\t\t\t\t<\/div>\n\t\t\t\t<\/div>\n\t\t\t\t<\/div>\n\t\t\t\t\t<\/details>\n\t\t\t\t\t\t<details id=\"e-n-accordion-item-2321\" class=\"e-n-accordion-item\" >\n\t\t\t\t<summary class=\"e-n-accordion-item-title\" data-accordion-index=\"2\" tabindex=\"-1\" aria-expanded=\"false\" aria-controls=\"e-n-accordion-item-2321\" >\n\t\t\t\t\t<span class='e-n-accordion-item-title-header'><div class=\"e-n-accordion-item-title-text\"> Puff JNR Falcon X 18K Blanco Melocot\u00f3n Razz <\/div><\/span>\n\t\t\t\t\t\t\t<span class='e-n-accordion-item-title-icon'>\n\t\t\t<span class='e-opened' ><svg aria-hidden=\"true\" class=\"e-font-icon-svg e-fas-minus\" viewbox=\"0 0 448 512\" xmlns=\"http:\/\/www.w3.org\/2000\/svg\"><path d=\"M416 208H32c-17.67 0-32 14.33-32 32v32c0 17.67 14.33 32 32 32h384c17.67 0 32-14.33 32-32v-32c0-17.67-14.33-32-32-32z\"><\/path><\/svg><\/span>\n\t\t\t<span class='e-closed'><svg aria-hidden=\"true\" class=\"e-font-icon-svg e-fas-plus\" viewbox=\"0 0 448 512\" xmlns=\"http:\/\/www.w3.org\/2000\/svg\"><path d=\"M416 208H272V64c0-17.67-14.33-32-32-32h-32c-17.67 0-32 14.33-32 32v144H32c-17.67 0-32 14.33-32 32v32c0 17.67 14.33 32 32 32h144v144c0 17.67 14.33 32 32 32h32c17.67 0 32-14.33 32-32V304h144c17.67 0 32-14.33 32-32v-32c0-17.67-14.33-32-32-32z\"><\/path><\/svg><\/span>\n\t\t<\/span>\n\n\t\t\t\t\t\t<\/summary>\n\t\t\t\t<div role=\"region\" aria-labelledby=\"e-n-accordion-item-2321\" class=\"elementor-element elementor-element-fa95ffa e-con-full e-flex e-con e-child\" data-id=\"fa95ffa\" data-element_type=\"container\" data-e-type=\"container\">\n\t\t<div role=\"region\" aria-labelledby=\"e-n-accordion-item-2321\" class=\"elementor-element elementor-element-a2620ae e-flex e-con-boxed e-con e-child\" data-id=\"a2620ae\" data-element_type=\"container\" data-e-type=\"container\">\n\t\t\t\t\t<div class=\"e-con-inner\">\n\t\t\t\t<div class=\"elementor-element elementor-element-55fd5fa elementor-widget elementor-widget-text-editor\" data-id=\"55fd5fa\" data-element_type=\"widget\" data-e-type=\"widget\" data-widget_type=\"text-editor.default\">\n\t\t\t\t<div class=\"elementor-widget-container\">\n\t\t\t\t\t\t\t\t\t<h2>Melocot\u00f3n con frambuesa blanca: un viaje gustativo con la brisa marina del verano<\/h2><p>White Peach Razz - Una experiencia de sabor \u00fanica ofrecida por JNR Falcon 18000<\/p><p>El sabor Melocot\u00f3n Blanco Frambuesa es una joya de la gama JNR Falcon, que combina a la perfecci\u00f3n el dulzor de los melocotones blancos maduros con la acidez de las frambuesas silvestres. En Francia, donde la calidad de vida es primordial, este sabor es especialmente popular entre los consumidores que buscan un sabor delicado.<\/p><p>Cada calada de 2 % de nicotina se suministra con precisi\u00f3n a trav\u00e9s de la bobina de doble malla de 0,6 ohmios para garantizar que el sabor afrutado se presente en toda su plenitud. Dulce, carnoso melocot\u00f3n blanco y frambuesa fresca se entremezclan en el paladar, con capas distintas y unidad armoniosa.<\/p>\t\t\t\t\t\t\t\t<\/div>\n\t\t\t\t<\/div>\n\t\t<div role=\"region\" aria-labelledby=\"e-n-accordion-item-2321\" class=\"elementor-element elementor-element-942ccb0 e-con-full e-flex e-con e-child\" data-id=\"942ccb0\" data-element_type=\"container\" data-e-type=\"container\">\n\t\t<div role=\"region\" aria-labelledby=\"e-n-accordion-item-2321\" class=\"elementor-element elementor-element-577deeb e-con-full e-flex e-con e-child\" data-id=\"577deeb\" data-element_type=\"container\" data-e-type=\"container\">\n\t\t\t\t<div class=\"elementor-element elementor-element-5d167cf elementor-widget elementor-widget-text-editor\" data-id=\"5d167cf\" data-element_type=\"widget\" data-e-type=\"widget\" data-widget_type=\"text-editor.default\">\n\t\t\t\t<div class=\"elementor-widget-container\">\n\t\t\t\t\t\t\t\t\t<p>El otro d\u00eda tuve una experiencia especialmente memorable fum\u00e1ndolo en la cubierta del ferry. De pie en la proa, frente al mar azul, la brisa marina te acaricia las mejillas y das una calada al cigarrillo electr\u00f3nico White Peach Razz. La fragancia de la fruta y la salinidad de la brisa marina forman un contraste maravilloso. La funci\u00f3n de flujo de aire ajustable me permite ajustar la sensaci\u00f3n de inhalaci\u00f3n en cualquier momento seg\u00fan la fuerza de la brisa marina, aumentando la flexibilidad de uso. La pantalla digital me muestra claramente la energ\u00eda restante y el n\u00famero de caladas, haciendo que todo el viaje por el mar sea sin preocupaciones.<\/p>\t\t\t\t\t\t\t\t<\/div>\n\t\t\t\t<\/div>\n\t\t\t\t<\/div>\n\t\t<div role=\"region\" aria-labelledby=\"e-n-accordion-item-2321\" class=\"elementor-element elementor-element-d5e4b56 e-con-full e-flex e-con e-child\" data-id=\"d5e4b56\" data-element_type=\"container\" data-e-type=\"container\">\n\t\t\t\t<div class=\"elementor-element elementor-element-381dfcb elementor-widget elementor-widget-image-gallery\" data-id=\"381dfcb\" data-element_type=\"widget\" data-e-type=\"widget\" data-widget_type=\"image-gallery.default\">\n\t\t\t\t<div class=\"elementor-widget-container\">\n\t\t\t\t\t\t\t<div class=\"elementor-image-gallery\">\n\t\t\t<div id='gallery-1' class='gallery galleryid-2113 gallery-columns-1 gallery-size-medium_large'><figure class='gallery-item'>\n\t\t\t<div class='gallery-icon portrait'>\n\t\t\t\t<img fetchpriority=\"high\" decoding=\"async\" width=\"654\" height=\"690\" src=\"https:\/\/puffvapestore.com\/wp-content\/uploads\/2025\/04\/pvajf18000-24.jpg\" class=\"attachment-medium_large size-medium_large\" alt=\"JNR Falcon 18k Blanco Melocot\u00f3n Razz pvajf18000\" aria-describedby=\"gallery-1-1964\" srcset=\"https:\/\/puffvapestore.com\/wp-content\/uploads\/2025\/04\/pvajf18000-24.jpg 654w, https:\/\/puffvapestore.com\/wp-content\/uploads\/2025\/04\/pvajf18000-24-284x300.jpg 284w, https:\/\/puffvapestore.com\/wp-content\/uploads\/2025\/04\/pvajf18000-24-600x633.jpg 600w\" sizes=\"(max-width: 654px) 100vw, 654px\" \/>\n\t\t\t<\/div>\n\t\t\t\t<figcaption class='wp-caption-text gallery-caption' id='gallery-1-1964'>\n\t\t\t\tJNR Falcon 18k Blanco Melocot\u00f3n Razz pvajf18000\n\t\t\t\t<\/figcaption><\/figure>\n\t\t<\/div>\n\t\t<\/div>\n\t\t\t\t\t\t<\/div>\n\t\t\t\t<\/div>\n\t\t\t\t<\/div>\n\t\t\t\t<\/div>\n\t\t<div role=\"region\" aria-labelledby=\"e-n-accordion-item-2321\" class=\"elementor-element elementor-element-3c1fb34 e-con-full e-flex e-con e-child\" data-id=\"3c1fb34\" data-element_type=\"container\" data-e-type=\"container\">\n\t\t<div role=\"region\" aria-labelledby=\"e-n-accordion-item-2321\" class=\"elementor-element elementor-element-2b9d469 e-con-full e-flex e-con e-child\" data-id=\"2b9d469\" data-element_type=\"container\" data-e-type=\"container\">\n\t\t\t\t<div class=\"elementor-element elementor-element-aa46266 elementor-widget elementor-widget-image-gallery\" data-id=\"aa46266\" data-element_type=\"widget\" data-e-type=\"widget\" data-widget_type=\"image-gallery.default\">\n\t\t\t\t<div class=\"elementor-widget-container\">\n\t\t\t\t\t\t\t<div class=\"elementor-image-gallery\">\n\t\t\t<div id='gallery-2' class='gallery galleryid-2113 gallery-columns-1 gallery-size-medium_large'><figure class='gallery-item'>\n\t\t\t<div class='gallery-icon portrait'>\n\t\t\t\t<img decoding=\"async\" width=\"654\" height=\"690\" src=\"https:\/\/puffvapestore.com\/wp-content\/uploads\/2025\/04\/pvajf18000-24.jpg\" class=\"attachment-medium_large size-medium_large\" alt=\"JNR Falcon 18k Blanco Melocot\u00f3n Razz pvajf18000\" aria-describedby=\"gallery-2-1964\" srcset=\"https:\/\/puffvapestore.com\/wp-content\/uploads\/2025\/04\/pvajf18000-24.jpg 654w, https:\/\/puffvapestore.com\/wp-content\/uploads\/2025\/04\/pvajf18000-24-284x300.jpg 284w, https:\/\/puffvapestore.com\/wp-content\/uploads\/2025\/04\/pvajf18000-24-600x633.jpg 600w\" sizes=\"(max-width: 654px) 100vw, 654px\" \/>\n\t\t\t<\/div>\n\t\t\t\t<figcaption class='wp-caption-text gallery-caption' id='gallery-2-1964'>\n\t\t\t\tJNR Falcon 18k Blanco Melocot\u00f3n Razz pvajf18000\n\t\t\t\t<\/figcaption><\/figure>\n\t\t<\/div>\n\t\t<\/div>\n\t\t\t\t\t\t<\/div>\n\t\t\t\t<\/div>\n\t\t\t\t<\/div>\n\t\t<div role=\"region\" aria-labelledby=\"e-n-accordion-item-2321\" class=\"elementor-element elementor-element-d5f00b5 e-con-full e-flex e-con e-child\" data-id=\"d5f00b5\" data-element_type=\"container\" data-e-type=\"container\">\n\t\t\t\t<div class=\"elementor-element elementor-element-b3c274b elementor-widget__width-initial elementor-widget elementor-widget-text-editor\" data-id=\"b3c274b\" data-element_type=\"widget\" data-e-type=\"widget\" data-widget_type=\"text-editor.default\">\n\t\t\t\t<div class=\"elementor-widget-container\">\n\t\t\t\t\t\t\t\t\t<p>La bater\u00eda de 950 mAh del JNR Falcon 18000 y la gran capacidad de 24 ml de e-l\u00edquido son sus caracter\u00edsticas m\u00e1s pr\u00e1cticas. Una carga completa puede durar mucho tiempo, y la ultra-larga duraci\u00f3n de la bater\u00eda de 18.000 caladas tambi\u00e9n significa que no hay necesidad de reemplazar el dispositivo con frecuencia. El dise\u00f1o del puerto de carga tipo C satisface las necesidades de la vida moderna y se puede cargar en cualquier lugar, lo que resulta muy c\u00f3modo.<\/p><p>El delgado cuerpo de 53,5 \u00d7 32 \u00d7 121 mm es c\u00f3modo de sujetar y no abulta en el bolsillo. La bobina de doble malla y la tecnolog\u00eda de doble n\u00facleo garantizan que cada calada produzca un humo pleno y uniforme, realzando la expresi\u00f3n del sabor del White Peach Razz.<\/p>\t\t\t\t\t\t\t\t<\/div>\n\t\t\t\t<\/div>\n\t\t\t\t<\/div>\n\t\t\t\t<\/div>\n\t\t<div role=\"region\" aria-labelledby=\"e-n-accordion-item-2321\" class=\"elementor-element elementor-element-7926c6b e-con-full e-flex e-con e-child\" data-id=\"7926c6b\" data-element_type=\"container\" data-e-type=\"container\">\n\t\t\t\t<div class=\"elementor-element elementor-element-2b41948 elementor-widget elementor-widget-text-editor\" data-id=\"2b41948\" data-element_type=\"widget\" data-e-type=\"widget\" data-widget_type=\"text-editor.default\">\n\t\t\t\t<div class=\"elementor-widget-container\">\n\t\t\t\t\t\t\t\t\t<p>Este producto no s\u00f3lo satisface el ansia de nicotina, sino que tambi\u00e9n a\u00f1ade un poco de felicidad a la vida cotidiana gracias al sabor a melocot\u00f3n blanco y frambuesa cuidadosamente formulado. Ya se trate de un breve momento de relajaci\u00f3n en el trabajo o de buscar un momento de tranquilidad cuando se viaja como hago yo, White Peach Razz puede proporcionar un peque\u00f1o pero precioso momento de placer.<\/p><p>Si est\u00e1s harto de sabores ordinarios y quieres probar una experiencia \u00fanica, dulce y ligeramente \u00e1cida, te recomiendo encarecidamente que pruebes este White Peach Razz. El placer duradero de 18.000 caladas te llevar\u00e1 a un viaje gustativo diferente.<\/p>\t\t\t\t\t\t\t\t<\/div>\n\t\t\t\t<\/div>\n\t\t\t\t<\/div>\n\t\t\t\t\t<\/div>\n\t\t\t\t<\/div>\n\t\t\t\t<\/div>\n\t\t\t\t\t<\/details>\n\t\t\t\t\t<\/div>\n\t\t\t\t\t\t<\/div>\n\t\t\t\t<\/div>\n\t\t\t\t\t<\/div>\n\t\t\t\t<\/div>\n\t\t\t\t<\/div>","protected":false},"excerpt":{"rendered":"<p>Caract\u00e9ristiques du JNR Falcon 18K White Peach Razz: Bouff\u00e9es : Jusqu\u2019\u00e0 18000 bouff\u00e9es Liquide : 24 ml Taux de nicotine : 0 %, 2 %, 5 % R\u00e9sistance : 0.6 ohm Capacit\u00e9 de la batterie : 950 mAh Chargement : Type-C D\u00e9bit d\u2019air r\u00e9glable : Oui Affichage num\u00e9rique R\u00e9sistance double maille et double c\u0153ur Dimensions [&hellip;]<\/p>\n","protected":false},"featured_media":1964,"comment_status":"open","ping_status":"closed","template":"","meta":{"site-sidebar-layout":"no-sidebar","site-content-layout":"page-builder","ast-site-content-layout":"normal-width-container","site-content-style":"default","site-sidebar-style":"default","ast-global-header-display":"","ast-banner-title-visibility":"","ast-main-header-display":"","ast-hfb-above-header-display":"","ast-hfb-below-header-display":"","ast-hfb-mobile-header-display":"","site-post-title":"disabled","ast-breadcrumbs-content":"","ast-featured-img":"disabled","footer-sml-layout":"","ast-disable-related-posts":"","theme-transparent-header-meta":"default","adv-header-id-meta":"","stick-header-meta":"default","header-above-stick-meta":"","header-main-stick-meta":"","header-below-stick-meta":"","astra-migrate-meta-layouts":"set","ast-page-background-enabled":"default","ast-page-background-meta":{"desktop":{"background-color":"","background-image":"","background-repeat":"repeat","background-position":"center center","background-size":"auto","background-attachment":"scroll","background-type":"","background-media":"","overlay-type":"","overlay-color":"","overlay-opacity":"","overlay-gradient":""},"tablet":{"background-color":"","background-image":"","background-repeat":"repeat","background-position":"center center","background-size":"auto","background-attachment":"scroll","background-type":"","background-media":"","overlay-type":"","overlay-color":"","overlay-opacity":"","overlay-gradient":""},"mobile":{"background-color":"","background-image":"","background-repeat":"repeat","background-position":"center center","background-size":"auto","background-attachment":"scroll","background-type":"","background-media":"","overlay-type":"","overlay-color":"","overlay-opacity":"","overlay-gradient":""}},"ast-content-background-meta":{"desktop":{"background-color":"var(--ast-global-color-5)","background-image":"","background-repeat":"repeat","background-position":"center center","background-size":"auto","background-attachment":"scroll","background-type":"","background-media":"","overlay-type":"","overlay-color":"","overlay-opacity":"","overlay-gradient":""},"tablet":{"background-color":"var(--ast-global-color-5)","background-image":"","background-repeat":"repeat","background-position":"center center","background-size":"auto","background-attachment":"scroll","background-type":"","background-media":"","overlay-type":"","overlay-color":"","overlay-opacity":"","overlay-gradient":""},"mobile":{"background-color":"var(--ast-global-color-5)","background-image":"","background-repeat":"repeat","background-position":"center center","background-size":"auto","background-attachment":"scroll","background-type":"","background-media":"","overlay-type":"","overlay-color":"","overlay-opacity":"","overlay-gradient":""}}},"product_brand":[30],"product_cat":[40,84,77,34,35,31,15],"product_tag":[],"class_list":{"0":"post-2113","1":"product","2":"type-product","3":"status-publish","4":"has-post-thumbnail","6":"product_brand-jnr","7":"product_cat-jnr-18k","8":"product_cat-puff-18k","9":"product_cat-entrepot-de-lue","10":"product_cat-puff-jnr","11":"product_cat-jnr-vape","12":"product_cat-jnr-falcon","13":"product_cat-magasin-cigarette-electronique","14":"desktop-align-center","15":"tablet-align-center","16":"mobile-align-center","17":"ast-product-gallery-layout-horizontal","18":"ast-product-gallery-with-no-image","19":"ast-product-single-variable","20":"ast-product-tabs-layout-horizontal","21":"ast-qv-on-image","23":"first","24":"instock","25":"sale","26":"shipping-taxable","27":"purchasable","28":"product-type-variable","29":"has-default-attributes"},"tiered_pricing_type":"fixed","tiered_pricing_fixed_rules":{"50":12.59,"100":11.19,"200":9.99},"tiered_pricing_product_settings":{"layout":"default","base_unit_name":{"singular":null,"plural":null},"default_variation":null},"tiered_pricing_minimum_quantity":null,"tiered_pricing_roles_data":[],"tiered_pricing_percentage_rules":[],"_links":{"self":[{"href":"https:\/\/puffvapestore.com\/es\/wp-json\/wp\/v2\/product\/2113","targetHints":{"allow":["GET"]}}],"collection":[{"href":"https:\/\/puffvapestore.com\/es\/wp-json\/wp\/v2\/product"}],"about":[{"href":"https:\/\/puffvapestore.com\/es\/wp-json\/wp\/v2\/types\/product"}],"replies":[{"embeddable":true,"href":"https:\/\/puffvapestore.com\/es\/wp-json\/wp\/v2\/comments?post=2113"}],"version-history":[{"count":23,"href":"https:\/\/puffvapestore.com\/es\/wp-json\/wp\/v2\/product\/2113\/revisions"}],"predecessor-version":[{"id":13605,"href":"https:\/\/puffvapestore.com\/es\/wp-json\/wp\/v2\/product\/2113\/revisions\/13605"}],"wp:featuredmedia":[{"embeddable":true,"href":"https:\/\/puffvapestore.com\/es\/wp-json\/wp\/v2\/media\/1964"}],"wp:attachment":[{"href":"https:\/\/puffvapestore.com\/es\/wp-json\/wp\/v2\/media?parent=2113"}],"wp:term":[{"taxonomy":"product_brand","embeddable":true,"href":"https:\/\/puffvapestore.com\/es\/wp-json\/wp\/v2\/product_brand?post=2113"},{"taxonomy":"product_cat","embeddable":true,"href":"https:\/\/puffvapestore.com\/es\/wp-json\/wp\/v2\/product_cat?post=2113"},{"taxonomy":"product_tag","embeddable":true,"href":"https:\/\/puffvapestore.com\/es\/wp-json\/wp\/v2\/product_tag?post=2113"}],"curies":[{"name":"wp","href":"https:\/\/api.w.org\/{rel}","templated":true}]}}