{"id":2078,"date":"2025-04-14T22:15:25","date_gmt":"2025-04-14T22:15:25","guid":{"rendered":"https:\/\/puffvapestore.com\/?post_type=product&#038;p=2078"},"modified":"2026-01-19T10:37:34","modified_gmt":"2026-01-19T10:37:34","slug":"18k-jnr-falcon-vape-cherry-ice","status":"publish","type":"product","link":"https:\/\/puffvapestore.com\/es\/product\/18k-jnr-falcon-vape-cherry-ice\/","title":{"rendered":"18k JNR Falcon Vape Cherry Ice | JNR Falcon X 18000"},"content":{"rendered":"<div data-elementor-type=\"wp-post\" data-elementor-id=\"2078\" class=\"elementor elementor-2078\">\n\t\t\t\t<div class=\"elementor-element elementor-element-47e2034 e-flex e-con-boxed e-con e-parent\" data-id=\"47e2034\" data-element_type=\"container\" data-e-type=\"container\">\n\t\t\t\t\t<div class=\"e-con-inner\">\n\t\t<div class=\"elementor-element elementor-element-cd4e827 e-con-full e-flex e-con e-child\" data-id=\"cd4e827\" data-element_type=\"container\" data-e-type=\"container\">\n\t\t\t\t<div class=\"elementor-element elementor-element-57aa983 elementor-widget__width-initial elementor-widget elementor-widget-text-editor\" data-id=\"57aa983\" data-element_type=\"widget\" data-e-type=\"widget\" data-widget_type=\"text-editor.default\">\n\t\t\t\t<div class=\"elementor-widget-container\">\n\t\t\t\t\t\t\t\t\t<h2>Caracter\u00edsticas del JNR Falcon 18K Cherry Ice:<\/h2><p>Bocanadas : Hasta 18.000 caladas<br \/>L\u00edquido: 24 ml<br \/>Niveles de nicotina: 0 %, 2 %, 5 %<br \/>Resistencia: 0,6 ohmios<br \/>Capacidad de la bater\u00eda: 950 mAh<br \/>Carga: Tipo-C<br \/>Caudal de aire regulable: S\u00ed<br \/>Pantalla digital<br \/>Doble malla y doble n\u00facleo de resistencia<br \/>Dimensiones: 53,5 x 32 x 121 mm<\/p>\t\t\t\t\t\t\t\t<\/div>\n\t\t\t\t<\/div>\n\t\t\t\t<\/div>\n\t\t<div class=\"elementor-element elementor-element-7693e43 e-con-full e-flex e-con e-child\" data-id=\"7693e43\" data-element_type=\"container\" data-e-type=\"container\">\n\t\t\t\t<div class=\"elementor-element elementor-element-82cab76 elementor-widget elementor-widget-image-gallery\" data-id=\"82cab76\" data-element_type=\"widget\" data-e-type=\"widget\" data-widget_type=\"image-gallery.default\">\n\t\t\t\t<div class=\"elementor-widget-container\">\n\t\t\t\t\t\t\t<div class=\"elementor-image-gallery\">\n\t\t\t<div id='gallery-1' class='gallery galleryid-2078 gallery-columns-1 gallery-size-medium_large'><figure class='gallery-item'>\n\t\t\t<div class='gallery-icon portrait'>\n\t\t\t\t<img fetchpriority=\"high\" decoding=\"async\" width=\"654\" height=\"690\" src=\"https:\/\/puffvapestore.com\/wp-content\/uploads\/2025\/04\/pvajf18000-17.jpg\" class=\"attachment-medium_large size-medium_large\" alt=\"JNR Falcon 18000 29 sabores disponibles pvajf18000\" aria-describedby=\"gallery-1-1957\" srcset=\"https:\/\/puffvapestore.com\/wp-content\/uploads\/2025\/04\/pvajf18000-17.jpg 654w, https:\/\/puffvapestore.com\/wp-content\/uploads\/2025\/04\/pvajf18000-17-284x300.jpg 284w, https:\/\/puffvapestore.com\/wp-content\/uploads\/2025\/04\/pvajf18000-17-600x633.jpg 600w\" sizes=\"(max-width: 654px) 100vw, 654px\" \/>\n\t\t\t<\/div>\n\t\t\t\t<figcaption class='wp-caption-text gallery-caption' id='gallery-1-1957'>\n\t\t\t\tJNR Falcon 18000 29 sabores disponibles pvajf18000\n\t\t\t\t<\/figcaption><\/figure>\n\t\t<\/div>\n\t\t<\/div>\n\t\t\t\t\t\t<\/div>\n\t\t\t\t<\/div>\n\t\t\t\t<\/div>\n\t\t\t\t\t<\/div>\n\t\t\t\t<\/div>\n\t\t<div class=\"elementor-element elementor-element-19e44be e-flex e-con-boxed e-con e-parent\" data-id=\"19e44be\" data-element_type=\"container\" data-e-type=\"container\">\n\t\t\t\t\t<div class=\"e-con-inner\">\n\t\t\t\t<div class=\"elementor-element elementor-element-b5d3fb1 elementor-widget elementor-widget-n-accordion\" data-id=\"b5d3fb1\" data-element_type=\"widget\" data-e-type=\"widget\" data-settings=\"{&quot;default_state&quot;:&quot;expanded&quot;,&quot;max_items_expended&quot;:&quot;one&quot;,&quot;n_accordion_animation_duration&quot;:{&quot;unit&quot;:&quot;ms&quot;,&quot;size&quot;:400,&quot;sizes&quot;:[]}}\" data-widget_type=\"nested-accordion.default\">\n\t\t\t\t<div class=\"elementor-widget-container\">\n\t\t\t\t\t\t\t<div class=\"e-n-accordion\" aria-label=\"Acorde\u00f3n. Abra los enlaces con Intro o Espacio, ci\u00e9rrelos con Escape y navegue con las teclas de flecha.\">\n\t\t\t\t\t\t<details id=\"e-n-accordion-item-1900\" class=\"e-n-accordion-item\" open>\n\t\t\t\t<summary class=\"e-n-accordion-item-title\" data-accordion-index=\"1\" tabindex=\"0\" aria-expanded=\"true\" aria-controls=\"e-n-accordion-item-1900\" >\n\t\t\t\t\t<span class='e-n-accordion-item-title-header'><div class=\"e-n-accordion-item-title-text\"> Caracter\u00edsticas y funciones del JNR Falcon X 18K Cherry Ice <\/div><\/span>\n\t\t\t\t\t\t\t<span class='e-n-accordion-item-title-icon'>\n\t\t\t<span class='e-opened' ><svg aria-hidden=\"true\" class=\"e-font-icon-svg e-fas-minus\" viewbox=\"0 0 448 512\" xmlns=\"http:\/\/www.w3.org\/2000\/svg\"><path d=\"M416 208H32c-17.67 0-32 14.33-32 32v32c0 17.67 14.33 32 32 32h384c17.67 0 32-14.33 32-32v-32c0-17.67-14.33-32-32-32z\"><\/path><\/svg><\/span>\n\t\t\t<span class='e-closed'><svg aria-hidden=\"true\" class=\"e-font-icon-svg e-fas-plus\" viewbox=\"0 0 448 512\" xmlns=\"http:\/\/www.w3.org\/2000\/svg\"><path d=\"M416 208H272V64c0-17.67-14.33-32-32-32h-32c-17.67 0-32 14.33-32 32v144H32c-17.67 0-32 14.33-32 32v32c0 17.67 14.33 32 32 32h144v144c0 17.67 14.33 32 32 32h32c17.67 0 32-14.33 32-32V304h144c17.67 0 32-14.33 32-32v-32c0-17.67-14.33-32-32-32z\"><\/path><\/svg><\/span>\n\t\t<\/span>\n\n\t\t\t\t\t\t<\/summary>\n\t\t\t\t<div role=\"region\" aria-labelledby=\"e-n-accordion-item-1900\" class=\"elementor-element elementor-element-2ec642b e-con-full e-flex e-con e-child\" data-id=\"2ec642b\" data-element_type=\"container\" data-e-type=\"container\">\n\t\t<div role=\"region\" aria-labelledby=\"e-n-accordion-item-1900\" class=\"elementor-element elementor-element-a58d769 e-flex e-con-boxed e-con e-child\" data-id=\"a58d769\" data-element_type=\"container\" data-e-type=\"container\">\n\t\t\t\t\t<div class=\"e-con-inner\">\n\t\t\t\t<div class=\"elementor-element elementor-element-648af64 elementor-widget elementor-widget-text-editor\" data-id=\"648af64\" data-element_type=\"widget\" data-e-type=\"widget\" data-widget_type=\"text-editor.default\">\n\t\t\t\t<div class=\"elementor-widget-container\">\n\t\t\t\t\t\t\t\t\t<h2>Gran capacidad de e-l\u00edquido para una experiencia duradera<\/h2><p>El cigarrillo electr\u00f3nico JNR Falcon-X 18K ofrece hasta 18.000 caladas, garantizando un uso duradero sin cambios frecuentes de dispositivo. Tanto si lo utiliza a diario como si est\u00e1 de viaje, satisfar\u00e1 sus frecuentes necesidades de e-l\u00edquido, mejorando considerablemente su comodidad y conveniencia.<\/p><p>Su gran capacidad de 24 ml de e-l\u00edquido reduce significativamente la necesidad de recargas frecuentes, lo que le permite disfrutar de una experiencia rica y suave durante largos per\u00edodos de tiempo. Tanto si eres un vapeador ocasional como regular, su dise\u00f1o de larga duraci\u00f3n significa que no tendr\u00e1s que controlar constantemente el nivel de tu e-l\u00edquido.<\/p><h2>Varios niveles de nicotina para adaptarse a sus necesidades<\/h2><p>El JNR Falcon-X 18K ofrece tres niveles de nicotina: 0 %, 2 % y 5 %, dise\u00f1ados para adaptarse a sus preferencias de sabor y a sus necesidades para dejar de fumar. Tanto si prefiere el sabor puro de la nicotina cero como si busca un nivel de nicotina moderado, encontrar\u00e1 f\u00e1cilmente el nivel adecuado para usted.<\/p><h2>Pantalla digital precisa para obtener informaci\u00f3n clara de un vistazo<\/h2><p>El JNR Falcon-X 18K cuenta con una pantalla digital de alta definici\u00f3n que muestra datos clave como la carga de la bater\u00eda y el nivel de e-l\u00edquido restante en tiempo real. Esto permite a los usuarios controlar claramente el estado del dispositivo, evitando situaciones embarazosas como cortes de corriente o que se acabe el e-l\u00edquido. Se mejora la experiencia del usuario y se simplifican la gesti\u00f3n y el mantenimiento del dispositivo.<\/p><p>La bater\u00eda integrada de iones de litio de alta capacidad de 950 mAh permite un uso prolongado, mientras que el puerto de carga r\u00e1pida Type-C hace que la carga sea m\u00e1s eficiente y c\u00f3moda. Ya sea en el trabajo, de viaje o en el d\u00eda a d\u00eda, la salida de energ\u00eda es constante, lo que elimina la tensi\u00f3n de las cargas frecuentes.<\/p><h2>Flujo de aire ajustable para una experiencia de inhalaci\u00f3n personalizada<\/h2><p>El exclusivo sistema de ajuste del flujo de aire permite a los usuarios ajustar la resistencia a la inhalaci\u00f3n seg\u00fan sus preferencias. Tanto si prefieres un vapor m\u00e1s firme como m\u00e1s suave, puedes ajustar f\u00e1cilmente la resistencia a la inhalaci\u00f3n para conseguir la experiencia de vapeo perfecta para ti.<\/p><p>El JNR Falcon-X 18K utiliza una avanzada tecnolog\u00eda de resistencias de doble malla y doble n\u00facleo de 0,6 ohmios, que mejora la eficiencia de la atomizaci\u00f3n y la densidad del vapor, proporcionando un sabor m\u00e1s rico y pleno y una inhalaci\u00f3n m\u00e1s suave. Cada calada se llena de un humo delicado y suave, que satisface las necesidades de los amantes de la m\u00fasica.<\/p>\t\t\t\t\t\t\t\t<\/div>\n\t\t\t\t<\/div>\n\t\t\t\t\t<\/div>\n\t\t\t\t<\/div>\n\t\t\t\t<\/div>\n\t\t\t\t\t<\/details>\n\t\t\t\t\t\t<details id=\"e-n-accordion-item-1901\" class=\"e-n-accordion-item\" >\n\t\t\t\t<summary class=\"e-n-accordion-item-title\" data-accordion-index=\"2\" tabindex=\"-1\" aria-expanded=\"false\" aria-controls=\"e-n-accordion-item-1901\" >\n\t\t\t\t\t<span class='e-n-accordion-item-title-header'><div class=\"e-n-accordion-item-title-text\"> Puff Cereza Hielo JNR Falcon X 18K <\/div><\/span>\n\t\t\t\t\t\t\t<span class='e-n-accordion-item-title-icon'>\n\t\t\t<span class='e-opened' ><svg aria-hidden=\"true\" class=\"e-font-icon-svg e-fas-minus\" viewbox=\"0 0 448 512\" xmlns=\"http:\/\/www.w3.org\/2000\/svg\"><path d=\"M416 208H32c-17.67 0-32 14.33-32 32v32c0 17.67 14.33 32 32 32h384c17.67 0 32-14.33 32-32v-32c0-17.67-14.33-32-32-32z\"><\/path><\/svg><\/span>\n\t\t\t<span class='e-closed'><svg aria-hidden=\"true\" class=\"e-font-icon-svg e-fas-plus\" viewbox=\"0 0 448 512\" xmlns=\"http:\/\/www.w3.org\/2000\/svg\"><path d=\"M416 208H272V64c0-17.67-14.33-32-32-32h-32c-17.67 0-32 14.33-32 32v144H32c-17.67 0-32 14.33-32 32v32c0 17.67 14.33 32 32 32h144v144c0 17.67 14.33 32 32 32h32c17.67 0 32-14.33 32-32V304h144c17.67 0 32-14.33 32-32v-32c0-17.67-14.33-32-32-32z\"><\/path><\/svg><\/span>\n\t\t<\/span>\n\n\t\t\t\t\t\t<\/summary>\n\t\t\t\t<div role=\"region\" aria-labelledby=\"e-n-accordion-item-1901\" class=\"elementor-element elementor-element-59ad1af e-con-full e-flex e-con e-child\" data-id=\"59ad1af\" data-element_type=\"container\" data-e-type=\"container\">\n\t\t<div role=\"region\" aria-labelledby=\"e-n-accordion-item-1901\" class=\"elementor-element elementor-element-7fae7b4 e-flex e-con-boxed e-con e-child\" data-id=\"7fae7b4\" data-element_type=\"container\" data-e-type=\"container\">\n\t\t\t\t\t<div class=\"e-con-inner\">\n\t\t\t\t<div class=\"elementor-element elementor-element-55fd5fa elementor-widget elementor-widget-text-editor\" data-id=\"55fd5fa\" data-element_type=\"widget\" data-e-type=\"widget\" data-widget_type=\"text-editor.default\">\n\t\t\t\t<div class=\"elementor-widget-container\">\n\t\t\t\t\t\t\t\t\t<h2>Cherry Ice - Cigarrillo electr\u00f3nico JNR Falcon X 18000<\/h2><p>De pie en el mirador de los Alpes franceses, inhalando profundamente el cigarrillo electr\u00f3nico Cherry Ice, me conquist\u00f3 al instante el dulce aroma a cereza y la sensaci\u00f3n refrescante que le sigui\u00f3. El JNR Falcon X 18000 sabor Cherry Ice es la recompensa perfecta tras un d\u00eda de senderismo.<\/p><p>El sabor Cherry Ice es realmente especial. Comienza con una rica dulzura de cereza, luego se transforma lentamente en una refrescante sensaci\u00f3n helada, dejando un agradable regusto en la boca. El dise\u00f1o de la bobina de malla dual de 0,6 ohmios de este cigarrillo electr\u00f3nico me pareci\u00f3 realmente excelente, con una liberaci\u00f3n perfecta del sabor y un volumen satisfactorio de humo con cada calada.<\/p>\t\t\t\t\t\t\t\t<\/div>\n\t\t\t\t<\/div>\n\t\t<div role=\"region\" aria-labelledby=\"e-n-accordion-item-1901\" class=\"elementor-element elementor-element-3c1fb34 e-con-full e-flex e-con e-child\" data-id=\"3c1fb34\" data-element_type=\"container\" data-e-type=\"container\">\n\t\t<div role=\"region\" aria-labelledby=\"e-n-accordion-item-1901\" class=\"elementor-element elementor-element-2b9d469 e-con-full e-flex e-con e-child\" data-id=\"2b9d469\" data-element_type=\"container\" data-e-type=\"container\">\n\t\t\t\t<div class=\"elementor-element elementor-element-aa46266 elementor-widget elementor-widget-image-gallery\" data-id=\"aa46266\" data-element_type=\"widget\" data-e-type=\"widget\" data-widget_type=\"image-gallery.default\">\n\t\t\t\t<div class=\"elementor-widget-container\">\n\t\t\t\t\t\t\t<div class=\"elementor-image-gallery\">\n\t\t\t<div id='gallery-1' class='gallery galleryid-2078 gallery-columns-1 gallery-size-medium_large'><figure class='gallery-item'>\n\t\t\t<div class='gallery-icon portrait'>\n\t\t\t\t<img fetchpriority=\"high\" decoding=\"async\" width=\"654\" height=\"690\" src=\"https:\/\/puffvapestore.com\/wp-content\/uploads\/2025\/04\/pvajf18000-17.jpg\" class=\"attachment-medium_large size-medium_large\" alt=\"JNR Falcon 18000 29 sabores disponibles pvajf18000\" aria-describedby=\"gallery-1-1957\" srcset=\"https:\/\/puffvapestore.com\/wp-content\/uploads\/2025\/04\/pvajf18000-17.jpg 654w, https:\/\/puffvapestore.com\/wp-content\/uploads\/2025\/04\/pvajf18000-17-284x300.jpg 284w, https:\/\/puffvapestore.com\/wp-content\/uploads\/2025\/04\/pvajf18000-17-600x633.jpg 600w\" sizes=\"(max-width: 654px) 100vw, 654px\" \/>\n\t\t\t<\/div>\n\t\t\t\t<figcaption class='wp-caption-text gallery-caption' id='gallery-1-1957'>\n\t\t\t\tJNR Falcon 18000 29 sabores disponibles pvajf18000\n\t\t\t\t<\/figcaption><\/figure>\n\t\t<\/div>\n\t\t<\/div>\n\t\t\t\t\t\t<\/div>\n\t\t\t\t<\/div>\n\t\t\t\t<\/div>\n\t\t<div role=\"region\" aria-labelledby=\"e-n-accordion-item-1901\" class=\"elementor-element elementor-element-d5f00b5 e-con-full e-flex e-con e-child\" data-id=\"d5f00b5\" data-element_type=\"container\" data-e-type=\"container\">\n\t\t\t\t<div class=\"elementor-element elementor-element-b3c274b elementor-widget__width-initial elementor-widget elementor-widget-text-editor\" data-id=\"b3c274b\" data-element_type=\"widget\" data-e-type=\"widget\" data-widget_type=\"text-editor.default\">\n\t\t\t\t<div class=\"elementor-widget-container\">\n\t\t\t\t\t\t\t\t\t<p>Cuando estoy descansando en la cima de la monta\u00f1a, me gusta especialmente ajustar el flujo de aire. A veces quiero un sabor m\u00e1s fuerte y otras m\u00e1s ligero. La funci\u00f3n de flujo de aire ajustable del JNR Falcon X est\u00e1 muy pensada. Puede obtener diferentes experiencias de fumada con simples ajustes.<\/p><p>Lo que m\u00e1s me sorprendi\u00f3 fue la durabilidad de este cigarrillo electr\u00f3nico. Con una capacidad de e-l\u00edquido de 24 ml y hasta 18.000 caladas, no tendr\u00e1s que preocuparte por quedarte sin e-l\u00edquido durante tu excursi\u00f3n de monta\u00f1ismo. La pantalla LED tambi\u00e9n es muy pr\u00e1ctica. Podr\u00e1 ver en todo momento cu\u00e1ntas caladas le quedan y cu\u00e1nta bater\u00eda le queda, por lo que no se enfrentar\u00e1 a la embarazosa situaci\u00f3n de quedarse sin bater\u00eda de repente.<\/p>\t\t\t\t\t\t\t\t<\/div>\n\t\t\t\t<\/div>\n\t\t\t\t<\/div>\n\t\t\t\t<\/div>\n\t\t<div role=\"region\" aria-labelledby=\"e-n-accordion-item-1901\" class=\"elementor-element elementor-element-7926c6b e-con-full e-flex e-con e-child\" data-id=\"7926c6b\" data-element_type=\"container\" data-e-type=\"container\">\n\t\t\t\t<div class=\"elementor-element elementor-element-2b41948 elementor-widget elementor-widget-text-editor\" data-id=\"2b41948\" data-element_type=\"widget\" data-e-type=\"widget\" data-widget_type=\"text-editor.default\">\n\t\t\t\t<div class=\"elementor-widget-container\">\n\t\t\t\t\t\t\t\t\t<p>Cuando se pone el sol y est\u00e1s de pie en el mirador admirando las monta\u00f1as en la distancia, el contenido de nicotina 2 % de Cherry Ice te da la cantidad justa de satisfacci\u00f3n, ni demasiado fuerte ni demasiado d\u00e9bil. La bater\u00eda de 950mAh se combina con la carga r\u00e1pida Tipo C, por lo que incluso si te olvidas de cargarlo, puedes recargarlo r\u00e1pidamente sin retrasar su uso.<\/p><p>Si, como a m\u00ed, le gusta fumar durante sus actividades al aire libre, definitivamente merece la pena probar el JNR Falcon X 18000 Cherry Ice. La combinaci\u00f3n perfecta de la dulzura y la frescura de las cerezas, combinada con el hermoso paisaje de monta\u00f1a, es definitivamente una experiencia inolvidable.<\/p>\t\t\t\t\t\t\t\t<\/div>\n\t\t\t\t<\/div>\n\t\t\t\t<\/div>\n\t\t\t\t\t<\/div>\n\t\t\t\t<\/div>\n\t\t\t\t<\/div>\n\t\t\t\t\t<\/details>\n\t\t\t\t\t<\/div>\n\t\t\t\t\t\t<\/div>\n\t\t\t\t<\/div>\n\t\t\t\t\t<\/div>\n\t\t\t\t<\/div>\n\t\t\t\t<\/div>","protected":false},"excerpt":{"rendered":"<p>Caract\u00e9ristiques du JNR Falcon 18K Cherry Ice: Bouff\u00e9es : Jusqu\u2019\u00e0 18000 bouff\u00e9es Liquide : 24 ml Taux de nicotine : 0 %, 2 %, 5 % R\u00e9sistance : 0.6 ohm Capacit\u00e9 de la batterie : 950 mAh Chargement : Type-C D\u00e9bit d\u2019air r\u00e9glable : Oui Affichage num\u00e9rique R\u00e9sistance double maille et double c\u0153ur Dimensions : [&hellip;]<\/p>\n","protected":false},"featured_media":1957,"comment_status":"open","ping_status":"closed","template":"","meta":{"site-sidebar-layout":"no-sidebar","site-content-layout":"page-builder","ast-site-content-layout":"normal-width-container","site-content-style":"default","site-sidebar-style":"default","ast-global-header-display":"","ast-banner-title-visibility":"","ast-main-header-display":"","ast-hfb-above-header-display":"","ast-hfb-below-header-display":"","ast-hfb-mobile-header-display":"","site-post-title":"disabled","ast-breadcrumbs-content":"","ast-featured-img":"disabled","footer-sml-layout":"","ast-disable-related-posts":"","theme-transparent-header-meta":"default","adv-header-id-meta":"","stick-header-meta":"default","header-above-stick-meta":"","header-main-stick-meta":"","header-below-stick-meta":"","astra-migrate-meta-layouts":"set","ast-page-background-enabled":"default","ast-page-background-meta":{"desktop":{"background-color":"","background-image":"","background-repeat":"repeat","background-position":"center center","background-size":"auto","background-attachment":"scroll","background-type":"","background-media":"","overlay-type":"","overlay-color":"","overlay-opacity":"","overlay-gradient":""},"tablet":{"background-color":"","background-image":"","background-repeat":"repeat","background-position":"center center","background-size":"auto","background-attachment":"scroll","background-type":"","background-media":"","overlay-type":"","overlay-color":"","overlay-opacity":"","overlay-gradient":""},"mobile":{"background-color":"","background-image":"","background-repeat":"repeat","background-position":"center center","background-size":"auto","background-attachment":"scroll","background-type":"","background-media":"","overlay-type":"","overlay-color":"","overlay-opacity":"","overlay-gradient":""}},"ast-content-background-meta":{"desktop":{"background-color":"var(--ast-global-color-5)","background-image":"","background-repeat":"repeat","background-position":"center center","background-size":"auto","background-attachment":"scroll","background-type":"","background-media":"","overlay-type":"","overlay-color":"","overlay-opacity":"","overlay-gradient":""},"tablet":{"background-color":"var(--ast-global-color-5)","background-image":"","background-repeat":"repeat","background-position":"center center","background-size":"auto","background-attachment":"scroll","background-type":"","background-media":"","overlay-type":"","overlay-color":"","overlay-opacity":"","overlay-gradient":""},"mobile":{"background-color":"var(--ast-global-color-5)","background-image":"","background-repeat":"repeat","background-position":"center center","background-size":"auto","background-attachment":"scroll","background-type":"","background-media":"","overlay-type":"","overlay-color":"","overlay-opacity":"","overlay-gradient":""}}},"product_brand":[30],"product_cat":[40,84,77,35,15],"product_tag":[],"class_list":{"0":"post-2078","1":"product","2":"type-product","3":"status-publish","4":"has-post-thumbnail","6":"product_brand-jnr","7":"product_cat-jnr-18k","8":"product_cat-puff-18k","9":"product_cat-entrepot-de-lue","10":"product_cat-jnr-vape","11":"product_cat-magasin-cigarette-electronique","12":"desktop-align-center","13":"tablet-align-center","14":"mobile-align-center","15":"ast-product-gallery-layout-horizontal","16":"ast-product-gallery-with-no-image","17":"ast-product-single-variable","18":"ast-product-tabs-layout-horizontal","19":"ast-qv-on-image","21":"first","22":"instock","23":"sale","24":"shipping-taxable","25":"purchasable","26":"product-type-variable","27":"has-default-attributes"},"tiered_pricing_type":"fixed","tiered_pricing_fixed_rules":{"30":10.08,"60":9.28,"100":8.13,"200":7.48,"500":7.28,"1000":6.98},"tiered_pricing_product_settings":{"layout":"default","base_unit_name":{"singular":null,"plural":null},"default_variation":null},"tiered_pricing_minimum_quantity":null,"tiered_pricing_roles_data":[],"tiered_pricing_percentage_rules":[],"_links":{"self":[{"href":"https:\/\/puffvapestore.com\/es\/wp-json\/wp\/v2\/product\/2078","targetHints":{"allow":["GET"]}}],"collection":[{"href":"https:\/\/puffvapestore.com\/es\/wp-json\/wp\/v2\/product"}],"about":[{"href":"https:\/\/puffvapestore.com\/es\/wp-json\/wp\/v2\/types\/product"}],"replies":[{"embeddable":true,"href":"https:\/\/puffvapestore.com\/es\/wp-json\/wp\/v2\/comments?post=2078"}],"version-history":[{"count":22,"href":"https:\/\/puffvapestore.com\/es\/wp-json\/wp\/v2\/product\/2078\/revisions"}],"predecessor-version":[{"id":13611,"href":"https:\/\/puffvapestore.com\/es\/wp-json\/wp\/v2\/product\/2078\/revisions\/13611"}],"wp:featuredmedia":[{"embeddable":true,"href":"https:\/\/puffvapestore.com\/es\/wp-json\/wp\/v2\/media\/1957"}],"wp:attachment":[{"href":"https:\/\/puffvapestore.com\/es\/wp-json\/wp\/v2\/media?parent=2078"}],"wp:term":[{"taxonomy":"product_brand","embeddable":true,"href":"https:\/\/puffvapestore.com\/es\/wp-json\/wp\/v2\/product_brand?post=2078"},{"taxonomy":"product_cat","embeddable":true,"href":"https:\/\/puffvapestore.com\/es\/wp-json\/wp\/v2\/product_cat?post=2078"},{"taxonomy":"product_tag","embeddable":true,"href":"https:\/\/puffvapestore.com\/es\/wp-json\/wp\/v2\/product_tag?post=2078"}],"curies":[{"name":"wp","href":"https:\/\/api.w.org\/{rel}","templated":true}]}}