{"id":2064,"date":"2025-04-14T15:42:47","date_gmt":"2025-04-14T15:42:47","guid":{"rendered":"https:\/\/puffvapestore.com\/?post_type=product&#038;p=2064"},"modified":"2026-01-19T10:37:34","modified_gmt":"2026-01-19T10:37:34","slug":"peach-ice-puff-jnr-falcon-18000","status":"publish","type":"product","link":"https:\/\/puffvapestore.com\/es\/product\/helado-de-melocoton-jnr-falcon-18000\/","title":{"rendered":"Melocot\u00f3n Ice Puff JNR Falcon X 18000"},"content":{"rendered":"<div data-elementor-type=\"wp-post\" data-elementor-id=\"2064\" class=\"elementor elementor-2064\">\n\t\t\t\t<div class=\"elementor-element elementor-element-2cf03b9 e-flex e-con-boxed e-con e-parent\" data-id=\"2cf03b9\" data-element_type=\"container\" data-e-type=\"container\">\n\t\t\t\t\t<div class=\"e-con-inner\">\n\t\t<div class=\"elementor-element elementor-element-6db255d e-con-full e-flex e-con e-child\" data-id=\"6db255d\" data-element_type=\"container\" data-e-type=\"container\">\n\t\t\t\t<div class=\"elementor-element elementor-element-50056a6 elementor-widget__width-initial elementor-widget elementor-widget-text-editor\" data-id=\"50056a6\" data-element_type=\"widget\" data-e-type=\"widget\" data-widget_type=\"text-editor.default\">\n\t\t\t\t<div class=\"elementor-widget-container\">\n\t\t\t\t\t\t\t\t\t<h2>Caracter\u00edsticas del JNR Falcon 18K Peach Ice:<\/h2><p>Bocanadas : Hasta 18.000 caladas<br \/>L\u00edquido: 24 ml<br \/>Niveles de nicotina: 0 %, 2 %, 5 %<br \/>Resistencia: 0,6 ohmios<br \/>Capacidad de la bater\u00eda: 950 mAh<br \/>Carga: Tipo-C<br \/>Caudal de aire regulable: S\u00ed<br \/>Pantalla digital<br \/>Doble malla y doble n\u00facleo de resistencia<br \/>Dimensiones: 53,5 x 32 x 121 mm<\/p>\t\t\t\t\t\t\t\t<\/div>\n\t\t\t\t<\/div>\n\t\t\t\t<\/div>\n\t\t<div class=\"elementor-element elementor-element-8886b29 e-con-full e-flex e-con e-child\" data-id=\"8886b29\" data-element_type=\"container\" data-e-type=\"container\">\n\t\t\t\t<div class=\"elementor-element elementor-element-0835ed5 elementor-widget elementor-widget-image-gallery\" data-id=\"0835ed5\" data-element_type=\"widget\" data-e-type=\"widget\" data-widget_type=\"image-gallery.default\">\n\t\t\t\t<div class=\"elementor-widget-container\">\n\t\t\t\t\t\t\t<div class=\"elementor-image-gallery\">\n\t\t\t<div id='gallery-1' class='gallery galleryid-2064 gallery-columns-1 gallery-size-medium_large'><figure class='gallery-item'>\n\t\t\t<div class='gallery-icon portrait'>\n\t\t\t\t<img fetchpriority=\"high\" decoding=\"async\" width=\"654\" height=\"690\" src=\"https:\/\/puffvapestore.com\/wp-content\/uploads\/2025\/04\/pvajf18000-21.jpg\" class=\"attachment-medium_large size-medium_large\" alt=\"JNR Falcon 18k Peach Ice pvajf18000\" aria-describedby=\"gallery-1-1961\" srcset=\"https:\/\/puffvapestore.com\/wp-content\/uploads\/2025\/04\/pvajf18000-21.jpg 654w, https:\/\/puffvapestore.com\/wp-content\/uploads\/2025\/04\/pvajf18000-21-284x300.jpg 284w, https:\/\/puffvapestore.com\/wp-content\/uploads\/2025\/04\/pvajf18000-21-600x633.jpg 600w\" sizes=\"(max-width: 654px) 100vw, 654px\" \/>\n\t\t\t<\/div>\n\t\t\t\t<figcaption class='wp-caption-text gallery-caption' id='gallery-1-1961'>\n\t\t\t\tJNR Falcon 18k Peach Ice pvajf18000\n\t\t\t\t<\/figcaption><\/figure>\n\t\t<\/div>\n\t\t<\/div>\n\t\t\t\t\t\t<\/div>\n\t\t\t\t<\/div>\n\t\t\t\t<\/div>\n\t\t\t\t\t<\/div>\n\t\t\t\t<\/div>\n\t\t<div class=\"elementor-element elementor-element-977a593 e-flex e-con-boxed e-con e-parent\" data-id=\"977a593\" data-element_type=\"container\" data-e-type=\"container\">\n\t\t\t\t\t<div class=\"e-con-inner\">\n\t\t\t\t<div class=\"elementor-element elementor-element-b340fe9 elementor-widget elementor-widget-n-accordion\" data-id=\"b340fe9\" data-element_type=\"widget\" data-e-type=\"widget\" data-settings=\"{&quot;default_state&quot;:&quot;expanded&quot;,&quot;max_items_expended&quot;:&quot;one&quot;,&quot;n_accordion_animation_duration&quot;:{&quot;unit&quot;:&quot;ms&quot;,&quot;size&quot;:400,&quot;sizes&quot;:[]}}\" data-widget_type=\"nested-accordion.default\">\n\t\t\t\t<div class=\"elementor-widget-container\">\n\t\t\t\t\t\t\t<div class=\"e-n-accordion\" aria-label=\"Acorde\u00f3n. Abra los enlaces con Intro o Espacio, ci\u00e9rrelos con Escape y navegue con las teclas de flecha.\">\n\t\t\t\t\t\t<details id=\"e-n-accordion-item-1870\" class=\"e-n-accordion-item\" open>\n\t\t\t\t<summary class=\"e-n-accordion-item-title\" data-accordion-index=\"1\" tabindex=\"0\" aria-expanded=\"true\" aria-controls=\"e-n-accordion-item-1870\" >\n\t\t\t\t\t<span class='e-n-accordion-item-title-header'><div class=\"e-n-accordion-item-title-text\"> Caracter\u00edsticas y funciones del JNR Falcon X 18K Peach Ice <\/div><\/span>\n\t\t\t\t\t\t\t<span class='e-n-accordion-item-title-icon'>\n\t\t\t<span class='e-opened' ><svg aria-hidden=\"true\" class=\"e-font-icon-svg e-fas-minus\" viewbox=\"0 0 448 512\" xmlns=\"http:\/\/www.w3.org\/2000\/svg\"><path d=\"M416 208H32c-17.67 0-32 14.33-32 32v32c0 17.67 14.33 32 32 32h384c17.67 0 32-14.33 32-32v-32c0-17.67-14.33-32-32-32z\"><\/path><\/svg><\/span>\n\t\t\t<span class='e-closed'><svg aria-hidden=\"true\" class=\"e-font-icon-svg e-fas-plus\" viewbox=\"0 0 448 512\" xmlns=\"http:\/\/www.w3.org\/2000\/svg\"><path d=\"M416 208H272V64c0-17.67-14.33-32-32-32h-32c-17.67 0-32 14.33-32 32v144H32c-17.67 0-32 14.33-32 32v32c0 17.67 14.33 32 32 32h144v144c0 17.67 14.33 32 32 32h32c17.67 0 32-14.33 32-32V304h144c17.67 0 32-14.33 32-32v-32c0-17.67-14.33-32-32-32z\"><\/path><\/svg><\/span>\n\t\t<\/span>\n\n\t\t\t\t\t\t<\/summary>\n\t\t\t\t<div role=\"region\" aria-labelledby=\"e-n-accordion-item-1870\" class=\"elementor-element elementor-element-7644e54 e-con-full e-flex e-con e-child\" data-id=\"7644e54\" data-element_type=\"container\" data-e-type=\"container\">\n\t\t<div role=\"region\" aria-labelledby=\"e-n-accordion-item-1870\" class=\"elementor-element elementor-element-e72d405 e-flex e-con-boxed e-con e-child\" data-id=\"e72d405\" data-element_type=\"container\" data-e-type=\"container\">\n\t\t\t\t\t<div class=\"e-con-inner\">\n\t\t\t\t<div class=\"elementor-element elementor-element-4c83baa elementor-widget elementor-widget-text-editor\" data-id=\"4c83baa\" data-element_type=\"widget\" data-e-type=\"widget\" data-widget_type=\"text-editor.default\">\n\t\t\t\t<div class=\"elementor-widget-container\">\n\t\t\t\t\t\t\t\t\t<h2>Gran capacidad de e-l\u00edquido de 24 ml<\/h2><p>El cigarrillo electr\u00f3nico JNR Falcon-X 18K contiene 24 ml de e-l\u00edquido de alta calidad, multiplicando su autonom\u00eda respecto a los cigarrillos electr\u00f3nicos desechables convencionales. Esta generosa capacidad permite disfrutar de vapor y sabor de larga duraci\u00f3n sin tener que recargar con frecuencia ni preocuparse por quedarse sin l\u00edquido, por lo que es ideal para viajes largos o usuarios intensivos.<\/p><h2>Hasta 18.000 caladas<\/h2><p>Gracias a su dise\u00f1o optimizado de la v\u00eda de aire y a su eficaz mecanismo de atomizaci\u00f3n, el JNR Falcon-X 18K ofrece hasta 18.000 caladas. Un solo dispositivo equivale a varios cigarrillos electr\u00f3nicos desechables convencionales, por el precio de uno, pero con una vida \u00fatil m\u00e1s larga.<\/p><p>Al ofrecer tres niveles de nicotina: 0 %, 2 % y 5 %, puedes elegir entre una amplia gama de opciones sin nicotina, desde ligeras y sin nicotina hasta intensas y satisfactorias. Tanto si eres un principiante que busca controlar su dosis o un vaper experimentado que busca el impulso definitivo de nicotina, encontrar\u00e1s la dosis perfecta.<\/p><p>El JNR Falcon-X 18K cuenta con un dise\u00f1o de doble n\u00facleo de malla dual de 0,6 ohmios para un calentamiento uniforme y una atomizaci\u00f3n eficiente, garantizando una calada rica y suave llena de sabores distintos. La estructura de doble malla no s\u00f3lo mejora el refinamiento del sabor, sino que tambi\u00e9n ofrece un volumen de vapor m\u00e1s rico, proporcionando una experiencia comparable a la de los dispositivos de gama alta.<\/p><h2>Autonom\u00eda excepcional para vapear sin preocupaciones<\/h2><p>El JNR Falcon 18K est\u00e1 equipado con una bater\u00eda de iones de litio de alta densidad de 950 mAh, que proporciona mucha potencia para un uso prolongado. Gracias a la tecnolog\u00eda de carga r\u00e1pida Type-C, se carga de forma r\u00e1pida y eficiente, lo que te permite pasar r\u00e1pidamente de una bater\u00eda baja a una carga completa. Ya est\u00e9s en casa, en la oficina o de viaje, podr\u00e1s vapear sin problemas y eliminar las preocupaciones por la bater\u00eda.<\/p><p>Una pantalla digital en miniatura muestra los niveles de bater\u00eda y e-l\u00edquido en tiempo real, lo que le proporciona una visibilidad instant\u00e1nea del estado del dispositivo. Desp\u00eddete de las frustraciones causadas por un fallo repentino de la bater\u00eda o del e-l\u00edquido y disfruta de la tranquilidad que te ofrece el vapeo.<\/p><h2>Sistema de caudal de aire regulable<\/h2><p>El JNR Falcon-X 18K est\u00e1 equipado con un preciso regulador de flujo de aire para ajustar f\u00e1cilmente la resistencia a la calada, permiti\u00e9ndole cambiar libremente entre una calada directa suave (DL) y una calada apretada (MTL) para adaptarse a sus h\u00e1bitos de fumador y preferencias de sabor.<\/p>\t\t\t\t\t\t\t\t<\/div>\n\t\t\t\t<\/div>\n\t\t\t\t\t<\/div>\n\t\t\t\t<\/div>\n\t\t\t\t<\/div>\n\t\t\t\t\t<\/details>\n\t\t\t\t\t\t<details id=\"e-n-accordion-item-1871\" class=\"e-n-accordion-item\" >\n\t\t\t\t<summary class=\"e-n-accordion-item-title\" data-accordion-index=\"2\" tabindex=\"-1\" aria-expanded=\"false\" aria-controls=\"e-n-accordion-item-1871\" >\n\t\t\t\t\t<span class='e-n-accordion-item-title-header'><div class=\"e-n-accordion-item-title-text\"> Puff Melocot\u00f3n Hielo JNR Falcon X 18K <\/div><\/span>\n\t\t\t\t\t\t\t<span class='e-n-accordion-item-title-icon'>\n\t\t\t<span class='e-opened' ><svg aria-hidden=\"true\" class=\"e-font-icon-svg e-fas-minus\" viewbox=\"0 0 448 512\" xmlns=\"http:\/\/www.w3.org\/2000\/svg\"><path d=\"M416 208H32c-17.67 0-32 14.33-32 32v32c0 17.67 14.33 32 32 32h384c17.67 0 32-14.33 32-32v-32c0-17.67-14.33-32-32-32z\"><\/path><\/svg><\/span>\n\t\t\t<span class='e-closed'><svg aria-hidden=\"true\" class=\"e-font-icon-svg e-fas-plus\" viewbox=\"0 0 448 512\" xmlns=\"http:\/\/www.w3.org\/2000\/svg\"><path d=\"M416 208H272V64c0-17.67-14.33-32-32-32h-32c-17.67 0-32 14.33-32 32v144H32c-17.67 0-32 14.33-32 32v32c0 17.67 14.33 32 32 32h144v144c0 17.67 14.33 32 32 32h32c17.67 0 32-14.33 32-32V304h144c17.67 0 32-14.33 32-32v-32c0-17.67-14.33-32-32-32z\"><\/path><\/svg><\/span>\n\t\t<\/span>\n\n\t\t\t\t\t\t<\/summary>\n\t\t\t\t<div role=\"region\" aria-labelledby=\"e-n-accordion-item-1871\" class=\"elementor-element elementor-element-a5de9ac e-con-full e-flex e-con e-child\" data-id=\"a5de9ac\" data-element_type=\"container\" data-e-type=\"container\">\n\t\t<div role=\"region\" aria-labelledby=\"e-n-accordion-item-1871\" class=\"elementor-element elementor-element-71a5ecb e-flex e-con-boxed e-con e-child\" data-id=\"71a5ecb\" data-element_type=\"container\" data-e-type=\"container\">\n\t\t\t\t\t<div class=\"e-con-inner\">\n\t\t\t\t<div class=\"elementor-element elementor-element-55fd5fa elementor-widget elementor-widget-text-editor\" data-id=\"55fd5fa\" data-element_type=\"widget\" data-e-type=\"widget\" data-widget_type=\"text-editor.default\">\n\t\t\t\t<div class=\"elementor-widget-container\">\n\t\t\t\t\t\t\t\t\t<h2>Peach Ice: una nueva experiencia de cigarrillo electr\u00f3nico a la francesa<\/h2><p>El sabor de este cigarrillo electr\u00f3nico desechable Taozibing JNR Falcon 18000 es realmente pegadizo. En el primer uso, me atrajo su cuerpo delgado de 53,5 \u00d7 32 \u00d7 121 mm. Lo sent\u00ed ligero y con textura en la mano.<\/p><p>Cuando inhalas la primera bocanada de humo, el dulce aroma a melocot\u00f3n maduro llena inmediatamente tu boca, seguido de un toque de una fresca sensaci\u00f3n helada. \u00a1Esta sensaci\u00f3n en capas es incre\u00edble! Personalmente, creo que el contenido de nicotina del 2 % es perfecto, dando a la gente una sensaci\u00f3n satisfactoria pero no abrumadora. Lo m\u00e1s sorprendente es su dise\u00f1o de malla de doble bobina. La resistencia de 0,6 ohmios permite que cada calada de humo proporcione un sabor completo y rico y una cantidad moderada de humo, que es mejor que cualquier cigarrillo electr\u00f3nico desechable que haya usado antes.<\/p>\t\t\t\t\t\t\t\t<\/div>\n\t\t\t\t<\/div>\n\t\t<div role=\"region\" aria-labelledby=\"e-n-accordion-item-1871\" class=\"elementor-element elementor-element-3c1fb34 e-con-full e-flex e-con e-child\" data-id=\"3c1fb34\" data-element_type=\"container\" data-e-type=\"container\">\n\t\t<div role=\"region\" aria-labelledby=\"e-n-accordion-item-1871\" class=\"elementor-element elementor-element-2b9d469 e-con-full e-flex e-con e-child\" data-id=\"2b9d469\" data-element_type=\"container\" data-e-type=\"container\">\n\t\t\t\t<div class=\"elementor-element elementor-element-aa46266 elementor-widget elementor-widget-image-gallery\" data-id=\"aa46266\" data-element_type=\"widget\" data-e-type=\"widget\" data-widget_type=\"image-gallery.default\">\n\t\t\t\t<div class=\"elementor-widget-container\">\n\t\t\t\t\t\t\t<div class=\"elementor-image-gallery\">\n\t\t\t<div id='gallery-1' class='gallery galleryid-2064 gallery-columns-1 gallery-size-medium_large'><figure class='gallery-item'>\n\t\t\t<div class='gallery-icon portrait'>\n\t\t\t\t<img fetchpriority=\"high\" decoding=\"async\" width=\"654\" height=\"690\" src=\"https:\/\/puffvapestore.com\/wp-content\/uploads\/2025\/04\/pvajf18000-21.jpg\" class=\"attachment-medium_large size-medium_large\" alt=\"JNR Falcon 18k Peach Ice pvajf18000\" aria-describedby=\"gallery-1-1961\" srcset=\"https:\/\/puffvapestore.com\/wp-content\/uploads\/2025\/04\/pvajf18000-21.jpg 654w, https:\/\/puffvapestore.com\/wp-content\/uploads\/2025\/04\/pvajf18000-21-284x300.jpg 284w, https:\/\/puffvapestore.com\/wp-content\/uploads\/2025\/04\/pvajf18000-21-600x633.jpg 600w\" sizes=\"(max-width: 654px) 100vw, 654px\" \/>\n\t\t\t<\/div>\n\t\t\t\t<figcaption class='wp-caption-text gallery-caption' id='gallery-1-1961'>\n\t\t\t\tJNR Falcon 18k Peach Ice pvajf18000\n\t\t\t\t<\/figcaption><\/figure>\n\t\t<\/div>\n\t\t<\/div>\n\t\t\t\t\t\t<\/div>\n\t\t\t\t<\/div>\n\t\t\t\t<\/div>\n\t\t<div role=\"region\" aria-labelledby=\"e-n-accordion-item-1871\" class=\"elementor-element elementor-element-d5f00b5 e-con-full e-flex e-con e-child\" data-id=\"d5f00b5\" data-element_type=\"container\" data-e-type=\"container\">\n\t\t\t\t<div class=\"elementor-element elementor-element-b3c274b elementor-widget__width-initial elementor-widget elementor-widget-text-editor\" data-id=\"b3c274b\" data-element_type=\"widget\" data-e-type=\"widget\" data-widget_type=\"text-editor.default\">\n\t\t\t\t<div class=\"elementor-widget-container\">\n\t\t\t\t\t\t\t\t\t<p>Hace unos d\u00edas, tom\u00e9 un autob\u00fas de larga distancia de Par\u00eds a Provenza, y par\u00e9 en un \u00e1rea de descanso para estirar las piernas. Saqu\u00e9 mi JNR Falcon y le di unas caladas al cigarrillo electr\u00f3nico Peach Ice. \u00a1Qu\u00e9 bien! El cansancio se disip\u00f3 al instante, el dulzor del melocot\u00f3n mezclado con un toque de frescor, combinado con el paisaje provenzal fuera del \u00e1rea de descanso, me produjo una sensaci\u00f3n de confort indescriptible.<\/p><p>La caracter\u00edstica m\u00e1s pr\u00e1ctica es su pantalla digital, que permite ver en todo momento cu\u00e1ntas caladas de cigarrillos quedan y cu\u00e1nta energ\u00eda queda, sin tener que preocuparse por la verg\u00fcenza de quedarse sin energ\u00eda de repente. Con una gran capacidad de 24 ml y una autonom\u00eda de 18.000 caladas, no tendr\u00e1s que preocuparte por quedarte sin cigarrillos mientras est\u00e1s de vacaciones. Adem\u00e1s, usted mismo puede ajustar el flujo de aire. Puede hacerlo m\u00e1s ligero o m\u00e1s fuerte, como prefiera.<\/p>\t\t\t\t\t\t\t\t<\/div>\n\t\t\t\t<\/div>\n\t\t\t\t<\/div>\n\t\t\t\t<\/div>\n\t\t<div role=\"region\" aria-labelledby=\"e-n-accordion-item-1871\" class=\"elementor-element elementor-element-7926c6b e-con-full e-flex e-con e-child\" data-id=\"7926c6b\" data-element_type=\"container\" data-e-type=\"container\">\n\t\t\t\t<div class=\"elementor-element elementor-element-2b41948 elementor-widget elementor-widget-text-editor\" data-id=\"2b41948\" data-element_type=\"widget\" data-e-type=\"widget\" data-widget_type=\"text-editor.default\">\n\t\t\t\t<div class=\"elementor-widget-container\">\n\t\t\t\t\t\t\t\t\t<p>La carga tambi\u00e9n es muy pr\u00e1ctica. Puedes pedir prestado un cargador con interfaz Type-C casi en cualquier sitio, y la bater\u00eda de 950 mAh da para mucho. En Francia, mucha gente ha empezado a usar cigarrillos electr\u00f3nicos en situaciones sociales. Al sacar el JNR Falcon, muchos amigos locales preguntan con curiosidad de qu\u00e9 marca es. El sabor a helado de melocot\u00f3n tambi\u00e9n ha sido bien recibido.<\/p><p>Si desea un cigarrillo electr\u00f3nico desechable con bater\u00eda de larga duraci\u00f3n, gran sabor y facilidad de uso, el JNR Falcon 18000 Peach Ice merece la pena probarlo. Ya sea para uso diario o para viajar, no le defraudar\u00e1. Especialmente el sabor a helado de melocot\u00f3n, que es dulce pero no graso, fresco pero no fr\u00edo, \u00a1y realmente inolvidable!<\/p>\t\t\t\t\t\t\t\t<\/div>\n\t\t\t\t<\/div>\n\t\t\t\t<\/div>\n\t\t\t\t\t<\/div>\n\t\t\t\t<\/div>\n\t\t\t\t<\/div>\n\t\t\t\t\t<\/details>\n\t\t\t\t\t<\/div>\n\t\t\t\t\t\t<\/div>\n\t\t\t\t<\/div>\n\t\t\t\t\t<\/div>\n\t\t\t\t<\/div>\n\t\t\t\t<\/div>","protected":false},"excerpt":{"rendered":"<p>Caract\u00e9ristiques du JNR Falcon 18K Peach Ice: Bouff\u00e9es : Jusqu\u2019\u00e0 18000 bouff\u00e9es Liquide : 24 ml Taux de nicotine : 0 %, 2 %, 5 % R\u00e9sistance : 0.6 ohm Capacit\u00e9 de la batterie : 950 mAh Chargement : Type-C D\u00e9bit d\u2019air r\u00e9glable : Oui Affichage num\u00e9rique R\u00e9sistance double maille et double c\u0153ur Dimensions : [&hellip;]<\/p>\n","protected":false},"featured_media":1961,"comment_status":"open","ping_status":"closed","template":"","meta":{"site-sidebar-layout":"no-sidebar","site-content-layout":"page-builder","ast-site-content-layout":"normal-width-container","site-content-style":"default","site-sidebar-style":"default","ast-global-header-display":"","ast-banner-title-visibility":"","ast-main-header-display":"","ast-hfb-above-header-display":"","ast-hfb-below-header-display":"","ast-hfb-mobile-header-display":"","site-post-title":"disabled","ast-breadcrumbs-content":"","ast-featured-img":"disabled","footer-sml-layout":"","ast-disable-related-posts":"","theme-transparent-header-meta":"default","adv-header-id-meta":"","stick-header-meta":"default","header-above-stick-meta":"","header-main-stick-meta":"","header-below-stick-meta":"","astra-migrate-meta-layouts":"set","ast-page-background-enabled":"default","ast-page-background-meta":{"desktop":{"background-color":"","background-image":"","background-repeat":"repeat","background-position":"center center","background-size":"auto","background-attachment":"scroll","background-type":"","background-media":"","overlay-type":"","overlay-color":"","overlay-opacity":"","overlay-gradient":""},"tablet":{"background-color":"","background-image":"","background-repeat":"repeat","background-position":"center center","background-size":"auto","background-attachment":"scroll","background-type":"","background-media":"","overlay-type":"","overlay-color":"","overlay-opacity":"","overlay-gradient":""},"mobile":{"background-color":"","background-image":"","background-repeat":"repeat","background-position":"center center","background-size":"auto","background-attachment":"scroll","background-type":"","background-media":"","overlay-type":"","overlay-color":"","overlay-opacity":"","overlay-gradient":""}},"ast-content-background-meta":{"desktop":{"background-color":"var(--ast-global-color-5)","background-image":"","background-repeat":"repeat","background-position":"center center","background-size":"auto","background-attachment":"scroll","background-type":"","background-media":"","overlay-type":"","overlay-color":"","overlay-opacity":"","overlay-gradient":""},"tablet":{"background-color":"var(--ast-global-color-5)","background-image":"","background-repeat":"repeat","background-position":"center center","background-size":"auto","background-attachment":"scroll","background-type":"","background-media":"","overlay-type":"","overlay-color":"","overlay-opacity":"","overlay-gradient":""},"mobile":{"background-color":"var(--ast-global-color-5)","background-image":"","background-repeat":"repeat","background-position":"center center","background-size":"auto","background-attachment":"scroll","background-type":"","background-media":"","overlay-type":"","overlay-color":"","overlay-opacity":"","overlay-gradient":""}}},"product_brand":[30],"product_cat":[40,84,77,34,35],"product_tag":[],"class_list":{"0":"post-2064","1":"product","2":"type-product","3":"status-publish","4":"has-post-thumbnail","6":"product_brand-jnr","7":"product_cat-jnr-18k","8":"product_cat-puff-18k","9":"product_cat-entrepot-de-lue","10":"product_cat-puff-jnr","11":"product_cat-jnr-vape","12":"desktop-align-center","13":"tablet-align-center","14":"mobile-align-center","15":"ast-product-gallery-layout-horizontal","16":"ast-product-gallery-with-no-image","17":"ast-product-single-variable","18":"ast-product-tabs-layout-horizontal","19":"ast-qv-on-image","21":"first","22":"instock","23":"sale","24":"shipping-taxable","25":"purchasable","26":"product-type-variable","27":"has-default-attributes"},"tiered_pricing_type":"fixed","tiered_pricing_fixed_rules":{"30":10.08,"60":9.28,"100":8.13,"200":7.48,"500":7.28,"1000":6.98},"tiered_pricing_product_settings":{"layout":"default","base_unit_name":{"singular":null,"plural":null},"default_variation":null},"tiered_pricing_minimum_quantity":null,"tiered_pricing_roles_data":[],"tiered_pricing_percentage_rules":[],"_links":{"self":[{"href":"https:\/\/puffvapestore.com\/es\/wp-json\/wp\/v2\/product\/2064","targetHints":{"allow":["GET"]}}],"collection":[{"href":"https:\/\/puffvapestore.com\/es\/wp-json\/wp\/v2\/product"}],"about":[{"href":"https:\/\/puffvapestore.com\/es\/wp-json\/wp\/v2\/types\/product"}],"replies":[{"embeddable":true,"href":"https:\/\/puffvapestore.com\/es\/wp-json\/wp\/v2\/comments?post=2064"}],"version-history":[{"count":22,"href":"https:\/\/puffvapestore.com\/es\/wp-json\/wp\/v2\/product\/2064\/revisions"}],"predecessor-version":[{"id":13613,"href":"https:\/\/puffvapestore.com\/es\/wp-json\/wp\/v2\/product\/2064\/revisions\/13613"}],"wp:featuredmedia":[{"embeddable":true,"href":"https:\/\/puffvapestore.com\/es\/wp-json\/wp\/v2\/media\/1961"}],"wp:attachment":[{"href":"https:\/\/puffvapestore.com\/es\/wp-json\/wp\/v2\/media?parent=2064"}],"wp:term":[{"taxonomy":"product_brand","embeddable":true,"href":"https:\/\/puffvapestore.com\/es\/wp-json\/wp\/v2\/product_brand?post=2064"},{"taxonomy":"product_cat","embeddable":true,"href":"https:\/\/puffvapestore.com\/es\/wp-json\/wp\/v2\/product_cat?post=2064"},{"taxonomy":"product_tag","embeddable":true,"href":"https:\/\/puffvapestore.com\/es\/wp-json\/wp\/v2\/product_tag?post=2064"}],"curies":[{"name":"wp","href":"https:\/\/api.w.org\/{rel}","templated":true}]}}