{"id":2050,"date":"2025-04-12T15:26:23","date_gmt":"2025-04-12T15:26:23","guid":{"rendered":"https:\/\/puffvapestore.com\/?post_type=product&#038;p=2050"},"modified":"2026-01-19T10:37:34","modified_gmt":"2026-01-19T10:37:34","slug":"jnr-falcon-18k-puff-cherry-cola","status":"publish","type":"product","link":"https:\/\/puffvapestore.com\/es\/product\/jnr-falcon-18k-puff-cereza-cola\/","title":{"rendered":"JNR Falcon 18k Puff Cherry Cola | JNR Falcon X 18000"},"content":{"rendered":"<div data-elementor-type=\"wp-post\" data-elementor-id=\"2050\" class=\"elementor elementor-2050\">\n\t\t\t\t<div class=\"elementor-element elementor-element-4ca192a e-flex e-con-boxed e-con e-parent\" data-id=\"4ca192a\" data-element_type=\"container\" data-e-type=\"container\">\n\t\t\t\t\t<div class=\"e-con-inner\">\n\t\t<div class=\"elementor-element elementor-element-46c6e9e e-con-full e-flex e-con e-child\" data-id=\"46c6e9e\" data-element_type=\"container\" data-e-type=\"container\">\n\t\t\t\t<div class=\"elementor-element elementor-element-c0e8939 elementor-widget elementor-widget-text-editor\" data-id=\"c0e8939\" data-element_type=\"widget\" data-e-type=\"widget\" data-widget_type=\"text-editor.default\">\n\t\t\t\t<div class=\"elementor-widget-container\">\n\t\t\t\t\t\t\t\t\t<h2>Especificaciones para el JNR Falcon 18K Cherry Cola:<\/h2><p>Bocanadas : Hasta 18.000 caladas<br \/>L\u00edquido: 24 ml<br \/>Niveles de nicotina: 0 %, 2 %, 5 %<br \/>Resistencia: 0,6 ohmios<br \/>Capacidad de la bater\u00eda: 950 mAh<br \/>Carga: Tipo-C<br \/>Caudal de aire regulable: S\u00ed<br \/>Pantalla digital<br \/>Doble malla y doble n\u00facleo de resistencia<br \/>Dimensiones: 53,5 x 32 x 121 mm<\/p>\t\t\t\t\t\t\t\t<\/div>\n\t\t\t\t<\/div>\n\t\t\t\t<\/div>\n\t\t<div class=\"elementor-element elementor-element-07054d0 e-con-full e-flex e-con e-child\" data-id=\"07054d0\" data-element_type=\"container\" data-e-type=\"container\">\n\t\t\t\t<div class=\"elementor-element elementor-element-7ced557 elementor-widget elementor-widget-image-gallery\" data-id=\"7ced557\" data-element_type=\"widget\" data-e-type=\"widget\" data-widget_type=\"image-gallery.default\">\n\t\t\t\t<div class=\"elementor-widget-container\">\n\t\t\t\t\t\t\t<div class=\"elementor-image-gallery\">\n\t\t\t<div id='gallery-1' class='gallery galleryid-2050 gallery-columns-1 gallery-size-medium_large'><figure class='gallery-item'>\n\t\t\t<div class='gallery-icon portrait'>\n\t\t\t\t<img fetchpriority=\"high\" decoding=\"async\" width=\"654\" height=\"690\" src=\"https:\/\/puffvapestore.com\/wp-content\/uploads\/2025\/04\/pvajf18000-11.jpg\" class=\"attachment-medium_large size-medium_large\" alt=\"JNR Falcon 18000 Cherry Cola pvajf18000\" aria-describedby=\"gallery-1-1951\" srcset=\"https:\/\/puffvapestore.com\/wp-content\/uploads\/2025\/04\/pvajf18000-11.jpg 654w, https:\/\/puffvapestore.com\/wp-content\/uploads\/2025\/04\/pvajf18000-11-284x300.jpg 284w, https:\/\/puffvapestore.com\/wp-content\/uploads\/2025\/04\/pvajf18000-11-600x633.jpg 600w\" sizes=\"(max-width: 654px) 100vw, 654px\" \/>\n\t\t\t<\/div>\n\t\t\t\t<figcaption class='wp-caption-text gallery-caption' id='gallery-1-1951'>\n\t\t\t\tJNR Falcon 18000 Cherry Cola pvajf18000\n\t\t\t\t<\/figcaption><\/figure>\n\t\t<\/div>\n\t\t<\/div>\n\t\t\t\t\t\t<\/div>\n\t\t\t\t<\/div>\n\t\t\t\t<\/div>\n\t\t\t\t\t<\/div>\n\t\t\t\t<\/div>\n\t\t<div class=\"elementor-element elementor-element-d9054f1 e-flex e-con-boxed e-con e-parent\" data-id=\"d9054f1\" data-element_type=\"container\" data-e-type=\"container\">\n\t\t\t\t\t<div class=\"e-con-inner\">\n\t\t\t\t<div class=\"elementor-element elementor-element-aa28a77 elementor-widget elementor-widget-n-accordion\" data-id=\"aa28a77\" data-element_type=\"widget\" data-e-type=\"widget\" data-settings=\"{&quot;default_state&quot;:&quot;expanded&quot;,&quot;max_items_expended&quot;:&quot;one&quot;,&quot;n_accordion_animation_duration&quot;:{&quot;unit&quot;:&quot;ms&quot;,&quot;size&quot;:400,&quot;sizes&quot;:[]}}\" data-widget_type=\"nested-accordion.default\">\n\t\t\t\t<div class=\"elementor-widget-container\">\n\t\t\t\t\t\t\t<div class=\"e-n-accordion\" aria-label=\"Acorde\u00f3n. Abra los enlaces con Intro o Espacio, ci\u00e9rrelos con Escape y navegue con las teclas de flecha.\">\n\t\t\t\t\t\t<details id=\"e-n-accordion-item-1780\" class=\"e-n-accordion-item\" open>\n\t\t\t\t<summary class=\"e-n-accordion-item-title\" data-accordion-index=\"1\" tabindex=\"0\" aria-expanded=\"true\" aria-controls=\"e-n-accordion-item-1780\" >\n\t\t\t\t\t<span class='e-n-accordion-item-title-header'><div class=\"e-n-accordion-item-title-text\"> Caracter\u00edsticas y funciones del JNR Falcon X 18K Cherry Cola <\/div><\/span>\n\t\t\t\t\t\t\t<span class='e-n-accordion-item-title-icon'>\n\t\t\t<span class='e-opened' ><svg aria-hidden=\"true\" class=\"e-font-icon-svg e-fas-minus\" viewbox=\"0 0 448 512\" xmlns=\"http:\/\/www.w3.org\/2000\/svg\"><path d=\"M416 208H32c-17.67 0-32 14.33-32 32v32c0 17.67 14.33 32 32 32h384c17.67 0 32-14.33 32-32v-32c0-17.67-14.33-32-32-32z\"><\/path><\/svg><\/span>\n\t\t\t<span class='e-closed'><svg aria-hidden=\"true\" class=\"e-font-icon-svg e-fas-plus\" viewbox=\"0 0 448 512\" xmlns=\"http:\/\/www.w3.org\/2000\/svg\"><path d=\"M416 208H272V64c0-17.67-14.33-32-32-32h-32c-17.67 0-32 14.33-32 32v144H32c-17.67 0-32 14.33-32 32v32c0 17.67 14.33 32 32 32h144v144c0 17.67 14.33 32 32 32h32c17.67 0 32-14.33 32-32V304h144c17.67 0 32-14.33 32-32v-32c0-17.67-14.33-32-32-32z\"><\/path><\/svg><\/span>\n\t\t<\/span>\n\n\t\t\t\t\t\t<\/summary>\n\t\t\t\t<div role=\"region\" aria-labelledby=\"e-n-accordion-item-1780\" class=\"elementor-element elementor-element-0ebb8e8 e-con-full e-flex e-con e-child\" data-id=\"0ebb8e8\" data-element_type=\"container\" data-e-type=\"container\">\n\t\t<div role=\"region\" aria-labelledby=\"e-n-accordion-item-1780\" class=\"elementor-element elementor-element-4254c7d e-flex e-con-boxed e-con e-child\" data-id=\"4254c7d\" data-element_type=\"container\" data-e-type=\"container\">\n\t\t\t\t\t<div class=\"e-con-inner\">\n\t\t\t\t<div class=\"elementor-element elementor-element-0d5171c elementor-widget elementor-widget-text-editor\" data-id=\"0d5171c\" data-element_type=\"widget\" data-e-type=\"widget\" data-widget_type=\"text-editor.default\">\n\t\t\t\t<div class=\"elementor-widget-container\">\n\t\t\t\t\t\t\t\t\t<h2>Gran capacidad de e-l\u00edquido de 24 ml<\/h2><p>El cigarrillo electr\u00f3nico JNR Falcon-X 18K contiene 24 ml de e-l\u00edquido de alta calidad, multiplicando su autonom\u00eda respecto a los cigarrillos electr\u00f3nicos desechables convencionales. Esta generosa capacidad permite disfrutar de vapor y sabor de larga duraci\u00f3n sin tener que recargar con frecuencia ni preocuparse por quedarse sin l\u00edquido, por lo que es ideal para viajes largos o usuarios intensivos.<\/p><h2>Hasta 18.000 caladas<\/h2><p>Gracias a su dise\u00f1o optimizado de la v\u00eda de aire y a su eficaz mecanismo de atomizaci\u00f3n, el JNR Falcon-X 18K ofrece hasta 18.000 caladas. Un solo dispositivo equivale a varios cigarrillos electr\u00f3nicos desechables convencionales, por el precio de uno, pero con una vida \u00fatil m\u00e1s larga.<\/p><p>Al ofrecer tres niveles de nicotina: 0 %, 2 % y 5 %, puedes elegir entre una amplia gama de opciones sin nicotina, desde ligeras y sin nicotina hasta intensas y satisfactorias. Tanto si eres un principiante que busca controlar su dosis o un vaper experimentado que busca el impulso definitivo de nicotina, encontrar\u00e1s la dosis perfecta.<\/p><p>El JNR Falcon-X 18K cuenta con un dise\u00f1o de doble n\u00facleo de malla dual de 0,6 ohmios para un calentamiento uniforme y una atomizaci\u00f3n eficiente, garantizando una calada rica y suave llena de sabores distintos. La estructura de doble malla no s\u00f3lo mejora el refinamiento del sabor, sino que tambi\u00e9n ofrece un volumen de vapor m\u00e1s rico, proporcionando una experiencia comparable a la de los dispositivos de gama alta.<\/p><h2>Autonom\u00eda excepcional para vapear sin preocupaciones<\/h2><p>El JNR Falcon 18K est\u00e1 equipado con una bater\u00eda de iones de litio de alta densidad de 950 mAh, que proporciona mucha potencia para un uso prolongado. Gracias a la tecnolog\u00eda de carga r\u00e1pida Type-C, se carga de forma r\u00e1pida y eficiente, lo que te permite pasar r\u00e1pidamente de una bater\u00eda baja a una carga completa. Ya est\u00e9s en casa, en la oficina o de viaje, podr\u00e1s vapear sin problemas y eliminar las preocupaciones por la bater\u00eda.<\/p><p>Una pantalla digital en miniatura muestra los niveles de bater\u00eda y e-l\u00edquido en tiempo real, lo que le proporciona una visibilidad instant\u00e1nea del estado del dispositivo. Desp\u00eddete de las frustraciones causadas por un fallo repentino de la bater\u00eda o del e-l\u00edquido y disfruta de la tranquilidad que te ofrece el vapeo.<\/p><h2>Sistema de caudal de aire regulable<\/h2><p>El JNR Falcon-X 18K est\u00e1 equipado con un preciso regulador de flujo de aire para ajustar f\u00e1cilmente la resistencia a la calada, permiti\u00e9ndole cambiar libremente entre una calada directa suave (DL) y una calada apretada (MTL) para adaptarse a sus h\u00e1bitos de fumador y preferencias de sabor.<\/p>\t\t\t\t\t\t\t\t<\/div>\n\t\t\t\t<\/div>\n\t\t\t\t\t<\/div>\n\t\t\t\t<\/div>\n\t\t\t\t<\/div>\n\t\t\t\t\t<\/details>\n\t\t\t\t\t\t<details id=\"e-n-accordion-item-1781\" class=\"e-n-accordion-item\" >\n\t\t\t\t<summary class=\"e-n-accordion-item-title\" data-accordion-index=\"2\" tabindex=\"-1\" aria-expanded=\"false\" aria-controls=\"e-n-accordion-item-1781\" >\n\t\t\t\t\t<span class='e-n-accordion-item-title-header'><div class=\"e-n-accordion-item-title-text\"> Puff Cereza Cola JNR Falcon X 18K <\/div><\/span>\n\t\t\t\t\t\t\t<span class='e-n-accordion-item-title-icon'>\n\t\t\t<span class='e-opened' ><svg aria-hidden=\"true\" class=\"e-font-icon-svg e-fas-minus\" viewbox=\"0 0 448 512\" xmlns=\"http:\/\/www.w3.org\/2000\/svg\"><path d=\"M416 208H32c-17.67 0-32 14.33-32 32v32c0 17.67 14.33 32 32 32h384c17.67 0 32-14.33 32-32v-32c0-17.67-14.33-32-32-32z\"><\/path><\/svg><\/span>\n\t\t\t<span class='e-closed'><svg aria-hidden=\"true\" class=\"e-font-icon-svg e-fas-plus\" viewbox=\"0 0 448 512\" xmlns=\"http:\/\/www.w3.org\/2000\/svg\"><path d=\"M416 208H272V64c0-17.67-14.33-32-32-32h-32c-17.67 0-32 14.33-32 32v144H32c-17.67 0-32 14.33-32 32v32c0 17.67 14.33 32 32 32h144v144c0 17.67 14.33 32 32 32h32c17.67 0 32-14.33 32-32V304h144c17.67 0 32-14.33 32-32v-32c0-17.67-14.33-32-32-32z\"><\/path><\/svg><\/span>\n\t\t<\/span>\n\n\t\t\t\t\t\t<\/summary>\n\t\t\t\t<div role=\"region\" aria-labelledby=\"e-n-accordion-item-1781\" class=\"elementor-element elementor-element-c13c78c e-con-full e-flex e-con e-child\" data-id=\"c13c78c\" data-element_type=\"container\" data-e-type=\"container\">\n\t\t<div role=\"region\" aria-labelledby=\"e-n-accordion-item-1781\" class=\"elementor-element elementor-element-823f7dc e-flex e-con-boxed e-con e-child\" data-id=\"823f7dc\" data-element_type=\"container\" data-e-type=\"container\">\n\t\t\t\t\t<div class=\"e-con-inner\">\n\t\t\t\t<div class=\"elementor-element elementor-element-55fd5fa elementor-widget elementor-widget-text-editor\" data-id=\"55fd5fa\" data-element_type=\"widget\" data-e-type=\"widget\" data-widget_type=\"text-editor.default\">\n\t\t\t\t<div class=\"elementor-widget-container\">\n\t\t\t\t\t\t\t\t\t<p>El sabor Cherry Cola del cigarrillo electr\u00f3nico JNR Falcon 18000 es uno de los sabores m\u00e1s populares entre los consumidores franceses de este cigarrillo electr\u00f3nico desechable. Este sabor combina a la perfecci\u00f3n la sensaci\u00f3n efervescente de la cola cl\u00e1sica con el aroma afrutado de las cerezas dulces, ofreciendo una experiencia de sabor \u00fanica.<\/p>\t\t\t\t\t\t\t\t<\/div>\n\t\t\t\t<\/div>\n\t\t<div role=\"region\" aria-labelledby=\"e-n-accordion-item-1781\" class=\"elementor-element elementor-element-942ccb0 e-con-full e-flex e-con e-child\" data-id=\"942ccb0\" data-element_type=\"container\" data-e-type=\"container\">\n\t\t<div role=\"region\" aria-labelledby=\"e-n-accordion-item-1781\" class=\"elementor-element elementor-element-d5e4b56 e-con-full e-flex e-con e-child\" data-id=\"d5e4b56\" data-element_type=\"container\" data-e-type=\"container\">\n\t\t\t\t<div class=\"elementor-element elementor-element-381dfcb elementor-widget elementor-widget-image-gallery\" data-id=\"381dfcb\" data-element_type=\"widget\" data-e-type=\"widget\" data-widget_type=\"image-gallery.default\">\n\t\t\t\t<div class=\"elementor-widget-container\">\n\t\t\t\t\t\t\t<div class=\"elementor-image-gallery\">\n\t\t\t<div id='gallery-1' class='gallery galleryid-2050 gallery-columns-1 gallery-size-medium_large'><figure class='gallery-item'>\n\t\t\t<div class='gallery-icon portrait'>\n\t\t\t\t<img fetchpriority=\"high\" decoding=\"async\" width=\"654\" height=\"690\" src=\"https:\/\/puffvapestore.com\/wp-content\/uploads\/2025\/04\/pvajf18000-11.jpg\" class=\"attachment-medium_large size-medium_large\" alt=\"JNR Falcon 18000 Cherry Cola pvajf18000\" aria-describedby=\"gallery-1-1951\" srcset=\"https:\/\/puffvapestore.com\/wp-content\/uploads\/2025\/04\/pvajf18000-11.jpg 654w, https:\/\/puffvapestore.com\/wp-content\/uploads\/2025\/04\/pvajf18000-11-284x300.jpg 284w, https:\/\/puffvapestore.com\/wp-content\/uploads\/2025\/04\/pvajf18000-11-600x633.jpg 600w\" sizes=\"(max-width: 654px) 100vw, 654px\" \/>\n\t\t\t<\/div>\n\t\t\t\t<figcaption class='wp-caption-text gallery-caption' id='gallery-1-1951'>\n\t\t\t\tJNR Falcon 18000 Cherry Cola pvajf18000\n\t\t\t\t<\/figcaption><\/figure>\n\t\t<\/div>\n\t\t<\/div>\n\t\t\t\t\t\t<\/div>\n\t\t\t\t<\/div>\n\t\t\t\t<\/div>\n\t\t<div role=\"region\" aria-labelledby=\"e-n-accordion-item-1781\" class=\"elementor-element elementor-element-577deeb e-con-full e-flex e-con e-child\" data-id=\"577deeb\" data-element_type=\"container\" data-e-type=\"container\">\n\t\t\t\t<div class=\"elementor-element elementor-element-5d167cf elementor-widget elementor-widget-text-editor\" data-id=\"5d167cf\" data-element_type=\"widget\" data-e-type=\"widget\" data-widget_type=\"text-editor.default\">\n\t\t\t\t<div class=\"elementor-widget-container\">\n\t\t\t\t\t\t\t\t\t<p>Al acampar en el bosque, cuando cae la noche y se enciende la hoguera, el Falcon JNR sabor Cherry Cola ser\u00e1 la elecci\u00f3n perfecta para tus momentos de relax. Gracias a su precisa bobina de doble malla de 0,6 ohmios y a la tecnolog\u00eda de doble n\u00facleo, cada calada proporciona un sabor equilibrado y rico. La frescura de la cola y la dulzura de las cerezas se mezclan en tu boca, refrescante como el aire fresco del bosque.<\/p><p>La duraci\u00f3n ultralarga de la bater\u00eda de 18.000 caladas y la gran capacidad de 24 ml garantizan que no tendr\u00e1 que preocuparse por quedarse sin cigarrillos electr\u00f3nicos durante su fin de semana de acampada. Ya est\u00e9s descansando en una tienda de campa\u00f1a o paseando bajo las estrellas, el sistema de flujo de aire ajustable del JNR Falcon te permite ajustar libremente la intensidad de inhalaci\u00f3n seg\u00fan tus preferencias personales para satisfacer las necesidades de diferentes escenarios.<\/p>\t\t\t\t\t\t\t\t<\/div>\n\t\t\t\t<\/div>\n\t\t\t\t<\/div>\n\t\t\t\t<\/div>\n\t\t<div role=\"region\" aria-labelledby=\"e-n-accordion-item-1781\" class=\"elementor-element elementor-element-7926c6b e-con-full e-flex e-con e-child\" data-id=\"7926c6b\" data-element_type=\"container\" data-e-type=\"container\">\n\t\t\t\t<div class=\"elementor-element elementor-element-2b41948 elementor-widget elementor-widget-text-editor\" data-id=\"2b41948\" data-element_type=\"widget\" data-e-type=\"widget\" data-widget_type=\"text-editor.default\">\n\t\t\t\t<div class=\"elementor-widget-container\">\n\t\t\t\t\t\t\t\t\t<p>En mitad de la noche, la pantalla LED digital del producto le ofrece una visi\u00f3n clara de la energ\u00eda restante y el n\u00famero de usos, por lo que la experiencia de acampada no se ver\u00e1 afectada por cortes repentinos de energ\u00eda. La bater\u00eda de 950 mAh se combina con un puerto de carga de tipo C, para que pueda recargar f\u00e1cilmente su dispositivo incluso al aire libre.<\/p><p>El contenido de nicotina 2% de este cigarrillo electr\u00f3nico con sabor a Cherry Cola proporciona la cantidad justa de satisfacci\u00f3n, ni demasiado fuerte ni demasiado d\u00e9bil. Su dise\u00f1o port\u00e1til de 53,5 \u00d7 32 \u00d7 121 mm hace que sea f\u00e1cil de transportar y no ocupe demasiado espacio en un bolsillo o mochila. Es un pr\u00e1ctico imprescindible para actividades al aire libre como acampadas y excursiones.<\/p><p>Tanto si est\u00e1 disfrutando de la tranquilidad del bosque en solitario como compartiendo momentos felices con amigos, el sabor a Cherry Cola del JNR Falcon 18000 puede a\u00f1adir un sabor diferente a su experiencia al aire libre y hacer de cada acampada un recuerdo inolvidable.<\/p>\t\t\t\t\t\t\t\t<\/div>\n\t\t\t\t<\/div>\n\t\t\t\t<\/div>\n\t\t\t\t\t<\/div>\n\t\t\t\t<\/div>\n\t\t\t\t<\/div>\n\t\t\t\t\t<\/details>\n\t\t\t\t\t<\/div>\n\t\t\t\t\t\t<\/div>\n\t\t\t\t<\/div>\n\t\t\t\t\t<\/div>\n\t\t\t\t<\/div>\n\t\t\t\t<\/div>","protected":false},"excerpt":{"rendered":"<p>Caract\u00e9ristiques du JNR Falcon 18K Cherry Cola: Bouff\u00e9es : Jusqu\u2019\u00e0 18000 bouff\u00e9es Liquide : 24 ml Taux de nicotine : 0 %, 2 %, 5 % R\u00e9sistance : 0.6 ohm Capacit\u00e9 de la batterie : 950 mAh Chargement : Type-C D\u00e9bit d\u2019air r\u00e9glable : Oui Affichage num\u00e9rique R\u00e9sistance double maille et double c\u0153ur Dimensions : [&hellip;]<\/p>\n","protected":false},"featured_media":1951,"comment_status":"open","ping_status":"closed","template":"","meta":{"site-sidebar-layout":"no-sidebar","site-content-layout":"page-builder","ast-site-content-layout":"normal-width-container","site-content-style":"default","site-sidebar-style":"default","ast-global-header-display":"","ast-banner-title-visibility":"","ast-main-header-display":"","ast-hfb-above-header-display":"","ast-hfb-below-header-display":"","ast-hfb-mobile-header-display":"","site-post-title":"disabled","ast-breadcrumbs-content":"","ast-featured-img":"disabled","footer-sml-layout":"","ast-disable-related-posts":"","theme-transparent-header-meta":"default","adv-header-id-meta":"","stick-header-meta":"default","header-above-stick-meta":"","header-main-stick-meta":"","header-below-stick-meta":"","astra-migrate-meta-layouts":"set","ast-page-background-enabled":"default","ast-page-background-meta":{"desktop":{"background-color":"","background-image":"","background-repeat":"repeat","background-position":"center center","background-size":"auto","background-attachment":"scroll","background-type":"","background-media":"","overlay-type":"","overlay-color":"","overlay-opacity":"","overlay-gradient":""},"tablet":{"background-color":"","background-image":"","background-repeat":"repeat","background-position":"center center","background-size":"auto","background-attachment":"scroll","background-type":"","background-media":"","overlay-type":"","overlay-color":"","overlay-opacity":"","overlay-gradient":""},"mobile":{"background-color":"","background-image":"","background-repeat":"repeat","background-position":"center center","background-size":"auto","background-attachment":"scroll","background-type":"","background-media":"","overlay-type":"","overlay-color":"","overlay-opacity":"","overlay-gradient":""}},"ast-content-background-meta":{"desktop":{"background-color":"var(--ast-global-color-5)","background-image":"","background-repeat":"repeat","background-position":"center center","background-size":"auto","background-attachment":"scroll","background-type":"","background-media":"","overlay-type":"","overlay-color":"","overlay-opacity":"","overlay-gradient":""},"tablet":{"background-color":"var(--ast-global-color-5)","background-image":"","background-repeat":"repeat","background-position":"center center","background-size":"auto","background-attachment":"scroll","background-type":"","background-media":"","overlay-type":"","overlay-color":"","overlay-opacity":"","overlay-gradient":""},"mobile":{"background-color":"var(--ast-global-color-5)","background-image":"","background-repeat":"repeat","background-position":"center center","background-size":"auto","background-attachment":"scroll","background-type":"","background-media":"","overlay-type":"","overlay-color":"","overlay-opacity":"","overlay-gradient":""}}},"product_brand":[30],"product_cat":[40,84,77,34],"product_tag":[],"class_list":{"0":"post-2050","1":"product","2":"type-product","3":"status-publish","4":"has-post-thumbnail","6":"product_brand-jnr","7":"product_cat-jnr-18k","8":"product_cat-puff-18k","9":"product_cat-entrepot-de-lue","10":"product_cat-puff-jnr","11":"desktop-align-center","12":"tablet-align-center","13":"mobile-align-center","14":"ast-product-gallery-layout-horizontal","15":"ast-product-gallery-with-no-image","16":"ast-product-single-variable","17":"ast-product-tabs-layout-horizontal","18":"ast-qv-on-image","20":"first","21":"instock","22":"sale","23":"shipping-taxable","24":"purchasable","25":"product-type-variable","26":"has-default-attributes"},"tiered_pricing_type":"fixed","tiered_pricing_fixed_rules":{"30":10.08,"60":9.28,"100":8.13,"200":7.48,"500":7.28,"1000":6.98},"tiered_pricing_product_settings":{"layout":"default","base_unit_name":{"singular":null,"plural":null},"default_variation":null},"tiered_pricing_minimum_quantity":null,"tiered_pricing_roles_data":[],"tiered_pricing_percentage_rules":[],"_links":{"self":[{"href":"https:\/\/puffvapestore.com\/es\/wp-json\/wp\/v2\/product\/2050","targetHints":{"allow":["GET"]}}],"collection":[{"href":"https:\/\/puffvapestore.com\/es\/wp-json\/wp\/v2\/product"}],"about":[{"href":"https:\/\/puffvapestore.com\/es\/wp-json\/wp\/v2\/types\/product"}],"replies":[{"embeddable":true,"href":"https:\/\/puffvapestore.com\/es\/wp-json\/wp\/v2\/comments?post=2050"}],"version-history":[{"count":24,"href":"https:\/\/puffvapestore.com\/es\/wp-json\/wp\/v2\/product\/2050\/revisions"}],"predecessor-version":[{"id":13616,"href":"https:\/\/puffvapestore.com\/es\/wp-json\/wp\/v2\/product\/2050\/revisions\/13616"}],"wp:featuredmedia":[{"embeddable":true,"href":"https:\/\/puffvapestore.com\/es\/wp-json\/wp\/v2\/media\/1951"}],"wp:attachment":[{"href":"https:\/\/puffvapestore.com\/es\/wp-json\/wp\/v2\/media?parent=2050"}],"wp:term":[{"taxonomy":"product_brand","embeddable":true,"href":"https:\/\/puffvapestore.com\/es\/wp-json\/wp\/v2\/product_brand?post=2050"},{"taxonomy":"product_cat","embeddable":true,"href":"https:\/\/puffvapestore.com\/es\/wp-json\/wp\/v2\/product_cat?post=2050"},{"taxonomy":"product_tag","embeddable":true,"href":"https:\/\/puffvapestore.com\/es\/wp-json\/wp\/v2\/product_tag?post=2050"}],"curies":[{"name":"wp","href":"https:\/\/api.w.org\/{rel}","templated":true}]}}