{"id":2036,"date":"2025-04-12T06:51:57","date_gmt":"2025-04-12T06:51:57","guid":{"rendered":"https:\/\/puffvapestore.com\/?post_type=product&#038;p=2036"},"modified":"2026-01-19T10:37:34","modified_gmt":"2026-01-19T10:37:34","slug":"18k-jnr-falcon-vape-cherry-berry","status":"publish","type":"product","link":"https:\/\/puffvapestore.com\/es\/product\/18k-jnr-falcon-vape-cereza-baya\/","title":{"rendered":"18k JNR Falcon Vape Cherry Berry | JNR Falcon X 18000"},"content":{"rendered":"<div data-elementor-type=\"wp-post\" data-elementor-id=\"2036\" class=\"elementor elementor-2036\">\n\t\t\t\t<div class=\"elementor-element elementor-element-69ed377 e-flex e-con-boxed e-con e-parent\" data-id=\"69ed377\" data-element_type=\"container\" data-e-type=\"container\">\n\t\t\t\t\t<div class=\"e-con-inner\">\n\t\t<div class=\"elementor-element elementor-element-de9e11a e-con-full e-flex e-con e-child\" data-id=\"de9e11a\" data-element_type=\"container\" data-e-type=\"container\">\n\t\t\t\t<div class=\"elementor-element elementor-element-8ed1867 elementor-widget elementor-widget-text-editor\" data-id=\"8ed1867\" data-element_type=\"widget\" data-e-type=\"widget\" data-widget_type=\"text-editor.default\">\n\t\t\t\t<div class=\"elementor-widget-container\">\n\t\t\t\t\t\t\t\t\t<h2>Especificaciones para el JNR Falcon 18K Cherry Berry:<\/h2><p>Bocanadas : Hasta 18.000 caladas<br \/>L\u00edquido: 24 ml<br \/>Niveles de nicotina: 0 %, 2 %, 5 %<br \/>Resistencia: 0,6 ohmios<br \/>Capacidad de la bater\u00eda: 950 mAh<br \/>Carga: Tipo-C<br \/>Caudal de aire regulable: S\u00ed<br \/>Pantalla digital<br \/>Doble malla y doble n\u00facleo de resistencia<br \/>Dimensiones: 53,5 x 32 x 121 mm<\/p>\t\t\t\t\t\t\t\t<\/div>\n\t\t\t\t<\/div>\n\t\t\t\t<\/div>\n\t\t<div class=\"elementor-element elementor-element-0c034ab e-con-full e-flex e-con e-child\" data-id=\"0c034ab\" data-element_type=\"container\" data-e-type=\"container\">\n\t\t\t\t<div class=\"elementor-element elementor-element-ecddc2d elementor-widget elementor-widget-image-gallery\" data-id=\"ecddc2d\" data-element_type=\"widget\" data-e-type=\"widget\" data-widget_type=\"image-gallery.default\">\n\t\t\t\t<div class=\"elementor-widget-container\">\n\t\t\t\t\t\t\t<div class=\"elementor-image-gallery\">\n\t\t\t<div id='gallery-1' class='gallery galleryid-2036 gallery-columns-1 gallery-size-medium_large'><figure class='gallery-item'>\n\t\t\t<div class='gallery-icon portrait'>\n\t\t\t\t<img fetchpriority=\"high\" decoding=\"async\" width=\"654\" height=\"690\" src=\"https:\/\/puffvapestore.com\/wp-content\/uploads\/2025\/04\/pvajf18000-29.jpg\" class=\"attachment-medium_large size-medium_large\" alt=\"JNR Falcon 18k Cherry Berry pvajf18000\" aria-describedby=\"gallery-1-1969\" srcset=\"https:\/\/puffvapestore.com\/wp-content\/uploads\/2025\/04\/pvajf18000-29.jpg 654w, https:\/\/puffvapestore.com\/wp-content\/uploads\/2025\/04\/pvajf18000-29-284x300.jpg 284w, https:\/\/puffvapestore.com\/wp-content\/uploads\/2025\/04\/pvajf18000-29-600x633.jpg 600w\" sizes=\"(max-width: 654px) 100vw, 654px\" \/>\n\t\t\t<\/div>\n\t\t\t\t<figcaption class='wp-caption-text gallery-caption' id='gallery-1-1969'>\n\t\t\t\tJNR Falcon 18k Cherry Berry pvajf18000\n\t\t\t\t<\/figcaption><\/figure>\n\t\t<\/div>\n\t\t<\/div>\n\t\t\t\t\t\t<\/div>\n\t\t\t\t<\/div>\n\t\t\t\t<\/div>\n\t\t\t\t\t<\/div>\n\t\t\t\t<\/div>\n\t\t<div class=\"elementor-element elementor-element-752f98a e-flex e-con-boxed e-con e-parent\" data-id=\"752f98a\" data-element_type=\"container\" data-e-type=\"container\">\n\t\t\t\t\t<div class=\"e-con-inner\">\n\t\t\t\t<div class=\"elementor-element elementor-element-215ac61 elementor-widget elementor-widget-n-accordion\" data-id=\"215ac61\" data-element_type=\"widget\" data-e-type=\"widget\" data-settings=\"{&quot;default_state&quot;:&quot;expanded&quot;,&quot;max_items_expended&quot;:&quot;one&quot;,&quot;n_accordion_animation_duration&quot;:{&quot;unit&quot;:&quot;ms&quot;,&quot;size&quot;:400,&quot;sizes&quot;:[]}}\" data-widget_type=\"nested-accordion.default\">\n\t\t\t\t<div class=\"elementor-widget-container\">\n\t\t\t\t\t\t\t<div class=\"e-n-accordion\" aria-label=\"Acorde\u00f3n. Abra los enlaces con Intro o Espacio, ci\u00e9rrelos con Escape y navegue con las teclas de flecha.\">\n\t\t\t\t\t\t<details id=\"e-n-accordion-item-3490\" class=\"e-n-accordion-item\" open>\n\t\t\t\t<summary class=\"e-n-accordion-item-title\" data-accordion-index=\"1\" tabindex=\"0\" aria-expanded=\"true\" aria-controls=\"e-n-accordion-item-3490\" >\n\t\t\t\t\t<span class='e-n-accordion-item-title-header'><div class=\"e-n-accordion-item-title-text\"> Caracter\u00edsticas y funciones del JNR Falcon X 18K Cherry Berry <\/div><\/span>\n\t\t\t\t\t\t\t<span class='e-n-accordion-item-title-icon'>\n\t\t\t<span class='e-opened' ><svg aria-hidden=\"true\" class=\"e-font-icon-svg e-fas-minus\" viewbox=\"0 0 448 512\" xmlns=\"http:\/\/www.w3.org\/2000\/svg\"><path d=\"M416 208H32c-17.67 0-32 14.33-32 32v32c0 17.67 14.33 32 32 32h384c17.67 0 32-14.33 32-32v-32c0-17.67-14.33-32-32-32z\"><\/path><\/svg><\/span>\n\t\t\t<span class='e-closed'><svg aria-hidden=\"true\" class=\"e-font-icon-svg e-fas-plus\" viewbox=\"0 0 448 512\" xmlns=\"http:\/\/www.w3.org\/2000\/svg\"><path d=\"M416 208H272V64c0-17.67-14.33-32-32-32h-32c-17.67 0-32 14.33-32 32v144H32c-17.67 0-32 14.33-32 32v32c0 17.67 14.33 32 32 32h144v144c0 17.67 14.33 32 32 32h32c17.67 0 32-14.33 32-32V304h144c17.67 0 32-14.33 32-32v-32c0-17.67-14.33-32-32-32z\"><\/path><\/svg><\/span>\n\t\t<\/span>\n\n\t\t\t\t\t\t<\/summary>\n\t\t\t\t<div role=\"region\" aria-labelledby=\"e-n-accordion-item-3490\" class=\"elementor-element elementor-element-001817c e-con-full e-flex e-con e-child\" data-id=\"001817c\" data-element_type=\"container\" data-e-type=\"container\">\n\t\t<div role=\"region\" aria-labelledby=\"e-n-accordion-item-3490\" class=\"elementor-element elementor-element-138fe67 e-flex e-con-boxed e-con e-child\" data-id=\"138fe67\" data-element_type=\"container\" data-e-type=\"container\">\n\t\t\t\t\t<div class=\"e-con-inner\">\n\t\t\t\t<div class=\"elementor-element elementor-element-8cea485 elementor-widget elementor-widget-text-editor\" data-id=\"8cea485\" data-element_type=\"widget\" data-e-type=\"widget\" data-widget_type=\"text-editor.default\">\n\t\t\t\t<div class=\"elementor-widget-container\">\n\t\t\t\t\t\t\t\t\t<h2>Bater\u00eda de larga duraci\u00f3n y gran capacidad<\/h2><p>El JNR Falcon-X 18K est\u00e1 equipado con una bater\u00eda de iones de litio de alta densidad de 950 mAh con un sistema optimizado de gesti\u00f3n de la energ\u00eda, que garantiza una mayor autonom\u00eda con cada carga. Incluso los usuarios frecuentes pueden utilizarlo c\u00f3modamente durante todo el d\u00eda sin tener que recargarlo con frecuencia. El puerto de carga r\u00e1pida Type-C garantiza una carga r\u00e1pida, fiable y segura.<\/p><h2>Dep\u00f3sito grande de 24 ml<\/h2><p>Un solo JNR Falcon-X 18K ofrece hasta 18.000 caladas, mucho m\u00e1s que un cigarrillo electr\u00f3nico desechable convencional. Ya sea para uso diario o para viajes largos, este dispositivo ofrece una experiencia de sabor consistente, eliminando la necesidad de reemplazos frecuentes y garantizando un placer duradero.<\/p><p>El dep\u00f3sito de 24 ml permite utilizarla durante m\u00e1s tiempo. Esta es una ventaja pr\u00e1ctica para las personas que viajan mucho o prefieren evitar las recargas frecuentes. El dep\u00f3sito de e-l\u00edquido de gran capacidad tambi\u00e9n reduce el riesgo de quemadura en seco de la resistencia del atomizador, garantizando un sabor constante.<\/p><h2>Varias dosis de nicotina<\/h2><p>El JNR Falcon-X 18K ofrece tres dosis de nicotina: 0 %, 2 % y 5 %, que satisfacen diferentes necesidades de vapeo, desde un ligero sabor sin nicotina hasta un potente golpe de garganta. Tanto si eres un vapeador novato como un usuario experimentado que busca una experiencia m\u00e1s satisfactoria, encontrar\u00e1s la soluci\u00f3n de sabor adecuada para ti.<\/p><h2>Construcci\u00f3n de doble malla + doble n\u00facleo<\/h2><p>El JNR Falcon-X 18K utiliza un sistema de calentamiento de doble malla con una resistencia de doble n\u00facleo para un calentamiento m\u00e1s uniforme y un vapor m\u00e1s refinado. Esta estructura de doble malla calienta el e-l\u00edquido de manera uniforme e instant\u00e1nea, minimizando el sobrecalentamiento localizado. El dise\u00f1o de doble n\u00facleo asegura una vida m\u00e1s larga de la resistencia y un perfil de sabor m\u00e1s consistente. Disfrute de un sabor intenso y un vapor suave en cada calada.<\/p><p>El JNR Falcon-X 18K cuenta con una resistencia de baja resistencia de 0,6 ohmios, que ofrece el equilibrio perfecto entre sabor y volumen de vapor. Este dise\u00f1o de baja resistencia ofrece un mayor volumen de vapor y una calada m\u00e1s suave, ideal para la inhalaci\u00f3n pulmonar directa. Tambi\u00e9n permite un flujo de aire ajustable para caladas boca a boca, ofreciendo una experiencia m\u00e1s personalizada.<\/p><h2>Dise\u00f1o de flujo de aire ajustable<\/h2><p>El JNR Falcon-X 18K cuenta con un sistema de flujo de aire ajustable, que permite a los usuarios cambiar libremente entre el modo de pulm\u00f3n directo de alto vapor y el modo boca a boca apretado, dependiendo de sus preferencias. Tanto si prefiere una inhalaci\u00f3n suave y aireada como un golpe de garganta rico y concentrado, podr\u00e1 encontrar f\u00e1cilmente el ajuste m\u00e1s c\u00f3modo.<\/p><p>La pantalla digital de alta definici\u00f3n integrada muestra los niveles de bater\u00eda y e-l\u00edquido en tiempo real, para que pueda controlar claramente el estado del dispositivo de un vistazo, evitando cortes de energ\u00eda inesperados o quemaduras en seco. La informaci\u00f3n visual intuitiva garantiza un uso m\u00e1s seguro y sin estr\u00e9s.<\/p><p>Con unas dimensiones de 53,5 \u00d7 32 \u00d7 121 mm, el JNR Falcon-X 18K incorpora una bater\u00eda y un dep\u00f3sito de gran capacidad, al tiempo que ofrece un c\u00f3modo agarre y una gran portabilidad. Ya sea en el bolsillo o en el bolso, se desliza f\u00e1cilmente en su sitio y te ofrece una experiencia de vapeo de alta calidad est\u00e9s donde est\u00e9s.<\/p><p>El JNR Falcon-X 18K tiene un dise\u00f1o elegante con curvas ergon\u00f3micas. El tratamiento de su superficie es resistente al desgaste y antideslizante, para una comodidad \u00f3ptima. Sus colores minimalistas de alta gama y sus cuidados detalles lo convierten en mucho m\u00e1s que un cigarrillo electr\u00f3nico: es un accesorio elegante para llevar a todas partes.<\/p>\t\t\t\t\t\t\t\t<\/div>\n\t\t\t\t<\/div>\n\t\t\t\t\t<\/div>\n\t\t\t\t<\/div>\n\t\t\t\t<\/div>\n\t\t\t\t\t<\/details>\n\t\t\t\t\t\t<details id=\"e-n-accordion-item-3491\" class=\"e-n-accordion-item\" >\n\t\t\t\t<summary class=\"e-n-accordion-item-title\" data-accordion-index=\"2\" tabindex=\"-1\" aria-expanded=\"false\" aria-controls=\"e-n-accordion-item-3491\" >\n\t\t\t\t\t<span class='e-n-accordion-item-title-header'><div class=\"e-n-accordion-item-title-text\"> Puff Cereza Baya JNR Falcon X 18K <\/div><\/span>\n\t\t\t\t\t\t\t<span class='e-n-accordion-item-title-icon'>\n\t\t\t<span class='e-opened' ><svg aria-hidden=\"true\" class=\"e-font-icon-svg e-fas-minus\" viewbox=\"0 0 448 512\" xmlns=\"http:\/\/www.w3.org\/2000\/svg\"><path d=\"M416 208H32c-17.67 0-32 14.33-32 32v32c0 17.67 14.33 32 32 32h384c17.67 0 32-14.33 32-32v-32c0-17.67-14.33-32-32-32z\"><\/path><\/svg><\/span>\n\t\t\t<span class='e-closed'><svg aria-hidden=\"true\" class=\"e-font-icon-svg e-fas-plus\" viewbox=\"0 0 448 512\" xmlns=\"http:\/\/www.w3.org\/2000\/svg\"><path d=\"M416 208H272V64c0-17.67-14.33-32-32-32h-32c-17.67 0-32 14.33-32 32v144H32c-17.67 0-32 14.33-32 32v32c0 17.67 14.33 32 32 32h144v144c0 17.67 14.33 32 32 32h32c17.67 0 32-14.33 32-32V304h144c17.67 0 32-14.33 32-32v-32c0-17.67-14.33-32-32-32z\"><\/path><\/svg><\/span>\n\t\t<\/span>\n\n\t\t\t\t\t\t<\/summary>\n\t\t\t\t<div role=\"region\" aria-labelledby=\"e-n-accordion-item-3491\" class=\"elementor-element elementor-element-0eda4a5 e-con-full e-flex e-con e-child\" data-id=\"0eda4a5\" data-element_type=\"container\" data-e-type=\"container\">\n\t\t<div role=\"region\" aria-labelledby=\"e-n-accordion-item-3491\" class=\"elementor-element elementor-element-e31ce10 e-flex e-con-boxed e-con e-child\" data-id=\"e31ce10\" data-element_type=\"container\" data-e-type=\"container\">\n\t\t\t\t\t<div class=\"e-con-inner\">\n\t\t\t\t<div class=\"elementor-element elementor-element-55fd5fa elementor-widget elementor-widget-text-editor\" data-id=\"55fd5fa\" data-element_type=\"widget\" data-e-type=\"widget\" data-widget_type=\"text-editor.default\">\n\t\t\t\t<div class=\"elementor-widget-container\">\n\t\t\t\t\t\t\t\t\t<h2>Cherry Berry: Una suave experiencia en las calles de Francia<\/h2><p>El sabor Cherry Berry del cigarrillo electr\u00f3nico JNR Falcon X 18000 le ofrece la combinaci\u00f3n perfecta de romanticismo franc\u00e9s y tecnolog\u00eda moderna. Este sabor combina la dulzura de las cerezas jugosas con la frescura de las bayas silvestres, dej\u00e1ndote un regusto duradero en cada calada.<\/p><p>En las concurridas calles de Par\u00eds, los taxistas suelen sacar este cigarrillo electr\u00f3nico durante sus breves descansos. Se apoyan en el coche y pulsan un bot\u00f3n, y el aroma de cerezas y bayas llena el aire, lavando el cansancio del d\u00eda. El rico dulzor de las cerezas invadi\u00f3 primero el paladar, seguido de la ligera acidez de las bayas, un equilibrio perfecto, igual que los exquisitos postres que adoran los franceses.<\/p>\t\t\t\t\t\t\t\t<\/div>\n\t\t\t\t<\/div>\n\t\t<div role=\"region\" aria-labelledby=\"e-n-accordion-item-3491\" class=\"elementor-element elementor-element-942ccb0 e-con-full e-flex e-con e-child\" data-id=\"942ccb0\" data-element_type=\"container\" data-e-type=\"container\">\n\t\t<div role=\"region\" aria-labelledby=\"e-n-accordion-item-3491\" class=\"elementor-element elementor-element-577deeb e-con-full e-flex e-con e-child\" data-id=\"577deeb\" data-element_type=\"container\" data-e-type=\"container\">\n\t\t\t\t<div class=\"elementor-element elementor-element-5d167cf elementor-widget elementor-widget-text-editor\" data-id=\"5d167cf\" data-element_type=\"widget\" data-e-type=\"widget\" data-widget_type=\"text-editor.default\">\n\t\t\t\t<div class=\"elementor-widget-container\">\n\t\t\t\t\t\t\t\t\t<p>El encanto de Cherry Berry reside en el potente soporte t\u00e9cnico del JNR Falcon X. La bobina de malla doble de 0,6 ohmios y el dise\u00f1o de doble n\u00facleo garantizan que cada bocanada de humo pueda liberar completamente el sabor, lo que le permite experimentar un nivel de sabor sin precedentes. El contenido de nicotina del 2% ayuda a satisfacer las necesidades sin ser demasiado fuerte, lo que resulta especialmente adecuado para los consumidores franceses a los que les gusta saborear la vida.<\/p><p>El sistema de flujo de aire ajustable es otro punto fuerte de este producto. \u00bfQuieres un aroma intenso a cereza? Reduzca el flujo de aire. \u00bfBusca una refrescante sensaci\u00f3n a bayas? Aumente el flujo de aire. Esta experiencia personalizada permite a cada usuario encontrar el m\u00e9todo de fumar que m\u00e1s le convenga.<\/p>\t\t\t\t\t\t\t\t<\/div>\n\t\t\t\t<\/div>\n\t\t\t\t<\/div>\n\t\t<div role=\"region\" aria-labelledby=\"e-n-accordion-item-3491\" class=\"elementor-element elementor-element-d5e4b56 e-con-full e-flex e-con e-child\" data-id=\"d5e4b56\" data-element_type=\"container\" data-e-type=\"container\">\n\t\t\t\t<div class=\"elementor-element elementor-element-381dfcb elementor-widget elementor-widget-image-gallery\" data-id=\"381dfcb\" data-element_type=\"widget\" data-e-type=\"widget\" data-widget_type=\"image-gallery.default\">\n\t\t\t\t<div class=\"elementor-widget-container\">\n\t\t\t\t\t\t\t<div class=\"elementor-image-gallery\">\n\t\t\t<div id='gallery-1' class='gallery galleryid-2036 gallery-columns-1 gallery-size-medium_large'><figure class='gallery-item'>\n\t\t\t<div class='gallery-icon portrait'>\n\t\t\t\t<img fetchpriority=\"high\" decoding=\"async\" width=\"654\" height=\"690\" src=\"https:\/\/puffvapestore.com\/wp-content\/uploads\/2025\/04\/pvajf18000-29.jpg\" class=\"attachment-medium_large size-medium_large\" alt=\"JNR Falcon 18k Cherry Berry pvajf18000\" aria-describedby=\"gallery-1-1969\" srcset=\"https:\/\/puffvapestore.com\/wp-content\/uploads\/2025\/04\/pvajf18000-29.jpg 654w, https:\/\/puffvapestore.com\/wp-content\/uploads\/2025\/04\/pvajf18000-29-284x300.jpg 284w, https:\/\/puffvapestore.com\/wp-content\/uploads\/2025\/04\/pvajf18000-29-600x633.jpg 600w\" sizes=\"(max-width: 654px) 100vw, 654px\" \/>\n\t\t\t<\/div>\n\t\t\t\t<figcaption class='wp-caption-text gallery-caption' id='gallery-1-1969'>\n\t\t\t\tJNR Falcon 18k Cherry Berry pvajf18000\n\t\t\t\t<\/figcaption><\/figure>\n\t\t<\/div>\n\t\t<\/div>\n\t\t\t\t\t\t<\/div>\n\t\t\t\t<\/div>\n\t\t\t\t<\/div>\n\t\t\t\t<\/div>\n\t\t<div role=\"region\" aria-labelledby=\"e-n-accordion-item-3491\" class=\"elementor-element elementor-element-3c1fb34 e-con-full e-flex e-con e-child\" data-id=\"3c1fb34\" data-element_type=\"container\" data-e-type=\"container\">\n\t\t<div role=\"region\" aria-labelledby=\"e-n-accordion-item-3491\" class=\"elementor-element elementor-element-2b9d469 e-con-full e-flex e-con e-child\" data-id=\"2b9d469\" data-element_type=\"container\" data-e-type=\"container\">\n\t\t\t\t<div class=\"elementor-element elementor-element-aa46266 elementor-widget elementor-widget-image-gallery\" data-id=\"aa46266\" data-element_type=\"widget\" data-e-type=\"widget\" data-widget_type=\"image-gallery.default\">\n\t\t\t\t<div class=\"elementor-widget-container\">\n\t\t\t\t\t\t\t<div class=\"elementor-image-gallery\">\n\t\t\t<div id='gallery-2' class='gallery galleryid-2036 gallery-columns-1 gallery-size-medium_large'><figure class='gallery-item'>\n\t\t\t<div class='gallery-icon portrait'>\n\t\t\t\t<img decoding=\"async\" width=\"654\" height=\"690\" src=\"https:\/\/puffvapestore.com\/wp-content\/uploads\/2025\/04\/pvajf18000-29.jpg\" class=\"attachment-medium_large size-medium_large\" alt=\"JNR Falcon 18k Cherry Berry pvajf18000\" aria-describedby=\"gallery-2-1969\" srcset=\"https:\/\/puffvapestore.com\/wp-content\/uploads\/2025\/04\/pvajf18000-29.jpg 654w, https:\/\/puffvapestore.com\/wp-content\/uploads\/2025\/04\/pvajf18000-29-284x300.jpg 284w, https:\/\/puffvapestore.com\/wp-content\/uploads\/2025\/04\/pvajf18000-29-600x633.jpg 600w\" sizes=\"(max-width: 654px) 100vw, 654px\" \/>\n\t\t\t<\/div>\n\t\t\t\t<figcaption class='wp-caption-text gallery-caption' id='gallery-2-1969'>\n\t\t\t\tJNR Falcon 18k Cherry Berry pvajf18000\n\t\t\t\t<\/figcaption><\/figure>\n\t\t<\/div>\n\t\t<\/div>\n\t\t\t\t\t\t<\/div>\n\t\t\t\t<\/div>\n\t\t\t\t<\/div>\n\t\t<div role=\"region\" aria-labelledby=\"e-n-accordion-item-3491\" class=\"elementor-element elementor-element-d5f00b5 e-con-full e-flex e-con e-child\" data-id=\"d5f00b5\" data-element_type=\"container\" data-e-type=\"container\">\n\t\t\t\t<div class=\"elementor-element elementor-element-b3c274b elementor-widget__width-initial elementor-widget elementor-widget-text-editor\" data-id=\"b3c274b\" data-element_type=\"widget\" data-e-type=\"widget\" data-widget_type=\"text-editor.default\">\n\t\t\t\t<div class=\"elementor-widget-container\">\n\t\t\t\t\t\t\t\t\t<p>La bater\u00eda de alta capacidad de 950 mAh combinada con la carga r\u00e1pida de tipo C garantiza que no te molestar\u00e1 el bajo consumo durante un largo d\u00eda en Par\u00eds. La pantalla digital muestra claramente el n\u00famero de caladas restantes y el estado de la bater\u00eda, lo que hace que su uso sea m\u00e1s intuitivo. El rendimiento de larga duraci\u00f3n de hasta 18.000 caladas es suficiente para durarte semanas.<\/p><p>Su dise\u00f1o ligero (s\u00f3lo 53,5 \u00d7 32 \u00d7 121 mm) permite guardarlo f\u00e1cilmente en un bolsillo o bolso y disfrutarlo en cualquier momento y lugar. La fusi\u00f3n perfecta de cerezas y bayas se ha convertido en una opci\u00f3n diaria de relajaci\u00f3n para muchas personas en Francia, un pa\u00eds que pone gran \u00e9nfasis en la calidad de vida.<\/p>\t\t\t\t\t\t\t\t<\/div>\n\t\t\t\t<\/div>\n\t\t\t\t<\/div>\n\t\t\t\t<\/div>\n\t\t<div role=\"region\" aria-labelledby=\"e-n-accordion-item-3491\" class=\"elementor-element elementor-element-7926c6b e-con-full e-flex e-con e-child\" data-id=\"7926c6b\" data-element_type=\"container\" data-e-type=\"container\">\n\t\t\t\t<div class=\"elementor-element elementor-element-2b41948 elementor-widget elementor-widget-text-editor\" data-id=\"2b41948\" data-element_type=\"widget\" data-e-type=\"widget\" data-widget_type=\"text-editor.default\">\n\t\t\t\t<div class=\"elementor-widget-container\">\n\t\t\t\t\t\t\t\t\t<p>Ya se trate de una breve pausa entre dos horas de trabajo o de un momento de convivencia con los amigos, Cherry Berry puede aportar el placer que los franceses llaman \u00abpetit bonheur\u00bb. No es s\u00f3lo un cigarrillo electr\u00f3nico, es tambi\u00e9n un reflejo de nuestra actitud ante la vida: buscar la calidad y disfrutar del momento.<\/p><p>JNR Falcon X 18000 Cherry Berry utiliza la tecnolog\u00eda para crear una dulce fragancia que le permite experimentar el romance franc\u00e9s con sus papilas gustativas.<\/p>\t\t\t\t\t\t\t\t<\/div>\n\t\t\t\t<\/div>\n\t\t\t\t<\/div>\n\t\t\t\t\t<\/div>\n\t\t\t\t<\/div>\n\t\t\t\t<\/div>\n\t\t\t\t\t<\/details>\n\t\t\t\t\t<\/div>\n\t\t\t\t\t\t<\/div>\n\t\t\t\t<\/div>\n\t\t\t\t\t<\/div>\n\t\t\t\t<\/div>\n\t\t\t\t<\/div>","protected":false},"excerpt":{"rendered":"<p>Caract\u00e9ristiques du JNR Falcon 18K Cherry Berry: Bouff\u00e9es : Jusqu\u2019\u00e0 18000 bouff\u00e9es Liquide : 24 ml Taux de nicotine : 0 %, 2 %, 5 % R\u00e9sistance : 0.6 ohm Capacit\u00e9 de la batterie : 950 mAh Chargement : Type-C D\u00e9bit d\u2019air r\u00e9glable : Oui Affichage num\u00e9rique R\u00e9sistance double maille et double c\u0153ur Dimensions : [&hellip;]<\/p>\n","protected":false},"featured_media":1969,"comment_status":"open","ping_status":"closed","template":"","meta":{"site-sidebar-layout":"no-sidebar","site-content-layout":"page-builder","ast-site-content-layout":"normal-width-container","site-content-style":"default","site-sidebar-style":"default","ast-global-header-display":"","ast-banner-title-visibility":"","ast-main-header-display":"","ast-hfb-above-header-display":"","ast-hfb-below-header-display":"","ast-hfb-mobile-header-display":"","site-post-title":"disabled","ast-breadcrumbs-content":"","ast-featured-img":"disabled","footer-sml-layout":"","ast-disable-related-posts":"","theme-transparent-header-meta":"default","adv-header-id-meta":"","stick-header-meta":"default","header-above-stick-meta":"","header-main-stick-meta":"","header-below-stick-meta":"","astra-migrate-meta-layouts":"set","ast-page-background-enabled":"default","ast-page-background-meta":{"desktop":{"background-color":"","background-image":"","background-repeat":"repeat","background-position":"center center","background-size":"auto","background-attachment":"scroll","background-type":"","background-media":"","overlay-type":"","overlay-color":"","overlay-opacity":"","overlay-gradient":""},"tablet":{"background-color":"","background-image":"","background-repeat":"repeat","background-position":"center center","background-size":"auto","background-attachment":"scroll","background-type":"","background-media":"","overlay-type":"","overlay-color":"","overlay-opacity":"","overlay-gradient":""},"mobile":{"background-color":"","background-image":"","background-repeat":"repeat","background-position":"center center","background-size":"auto","background-attachment":"scroll","background-type":"","background-media":"","overlay-type":"","overlay-color":"","overlay-opacity":"","overlay-gradient":""}},"ast-content-background-meta":{"desktop":{"background-color":"var(--ast-global-color-5)","background-image":"","background-repeat":"repeat","background-position":"center center","background-size":"auto","background-attachment":"scroll","background-type":"","background-media":"","overlay-type":"","overlay-color":"","overlay-opacity":"","overlay-gradient":""},"tablet":{"background-color":"var(--ast-global-color-5)","background-image":"","background-repeat":"repeat","background-position":"center center","background-size":"auto","background-attachment":"scroll","background-type":"","background-media":"","overlay-type":"","overlay-color":"","overlay-opacity":"","overlay-gradient":""},"mobile":{"background-color":"var(--ast-global-color-5)","background-image":"","background-repeat":"repeat","background-position":"center center","background-size":"auto","background-attachment":"scroll","background-type":"","background-media":"","overlay-type":"","overlay-color":"","overlay-opacity":"","overlay-gradient":""}}},"product_brand":[30],"product_cat":[40,84,77,34,35],"product_tag":[],"class_list":{"0":"post-2036","1":"product","2":"type-product","3":"status-publish","4":"has-post-thumbnail","6":"product_brand-jnr","7":"product_cat-jnr-18k","8":"product_cat-puff-18k","9":"product_cat-entrepot-de-lue","10":"product_cat-puff-jnr","11":"product_cat-jnr-vape","12":"desktop-align-center","13":"tablet-align-center","14":"mobile-align-center","15":"ast-product-gallery-layout-horizontal","16":"ast-product-gallery-with-no-image","17":"ast-product-single-variable","18":"ast-product-tabs-layout-horizontal","19":"ast-qv-on-image","21":"first","22":"instock","23":"sale","24":"shipping-taxable","25":"purchasable","26":"product-type-variable","27":"has-default-attributes"},"tiered_pricing_type":"fixed","tiered_pricing_fixed_rules":{"30":10.08,"60":9.28,"100":8.13,"200":7.48,"500":7.28,"1000":6.98},"tiered_pricing_product_settings":{"layout":"default","base_unit_name":{"singular":null,"plural":null},"default_variation":null},"tiered_pricing_minimum_quantity":null,"tiered_pricing_roles_data":[],"tiered_pricing_percentage_rules":[],"_links":{"self":[{"href":"https:\/\/puffvapestore.com\/es\/wp-json\/wp\/v2\/product\/2036","targetHints":{"allow":["GET"]}}],"collection":[{"href":"https:\/\/puffvapestore.com\/es\/wp-json\/wp\/v2\/product"}],"about":[{"href":"https:\/\/puffvapestore.com\/es\/wp-json\/wp\/v2\/types\/product"}],"replies":[{"embeddable":true,"href":"https:\/\/puffvapestore.com\/es\/wp-json\/wp\/v2\/comments?post=2036"}],"version-history":[{"count":23,"href":"https:\/\/puffvapestore.com\/es\/wp-json\/wp\/v2\/product\/2036\/revisions"}],"predecessor-version":[{"id":13619,"href":"https:\/\/puffvapestore.com\/es\/wp-json\/wp\/v2\/product\/2036\/revisions\/13619"}],"wp:featuredmedia":[{"embeddable":true,"href":"https:\/\/puffvapestore.com\/es\/wp-json\/wp\/v2\/media\/1969"}],"wp:attachment":[{"href":"https:\/\/puffvapestore.com\/es\/wp-json\/wp\/v2\/media?parent=2036"}],"wp:term":[{"taxonomy":"product_brand","embeddable":true,"href":"https:\/\/puffvapestore.com\/es\/wp-json\/wp\/v2\/product_brand?post=2036"},{"taxonomy":"product_cat","embeddable":true,"href":"https:\/\/puffvapestore.com\/es\/wp-json\/wp\/v2\/product_cat?post=2036"},{"taxonomy":"product_tag","embeddable":true,"href":"https:\/\/puffvapestore.com\/es\/wp-json\/wp\/v2\/product_tag?post=2036"}],"curies":[{"name":"wp","href":"https:\/\/api.w.org\/{rel}","templated":true}]}}