{"id":2029,"date":"2025-04-12T05:46:37","date_gmt":"2025-04-12T05:46:37","guid":{"rendered":"https:\/\/puffvapestore.com\/?post_type=product&#038;p=2029"},"modified":"2026-01-19T10:37:34","modified_gmt":"2026-01-19T10:37:34","slug":"18000-jnr-falcon-strawberry-ice","status":"publish","type":"product","link":"https:\/\/puffvapestore.com\/es\/product\/18000-jnr-falcon-fresa-hielo\/","title":{"rendered":"18000 JNR Falcon Hielo Fresa | Puff JNR Falcon X 18K"},"content":{"rendered":"<div data-elementor-type=\"wp-post\" data-elementor-id=\"2029\" class=\"elementor elementor-2029\">\n\t\t\t\t<div class=\"elementor-element elementor-element-942ccb0 e-flex e-con-boxed e-con e-parent\" data-id=\"942ccb0\" data-element_type=\"container\" data-e-type=\"container\">\n\t\t\t\t\t<div class=\"e-con-inner\">\n\t\t<div class=\"elementor-element elementor-element-577deeb e-con-full e-flex e-con e-child\" data-id=\"577deeb\" data-element_type=\"container\" data-e-type=\"container\">\n\t\t\t\t<div class=\"elementor-element elementor-element-5d167cf elementor-widget elementor-widget-text-editor\" data-id=\"5d167cf\" data-element_type=\"widget\" data-e-type=\"widget\" data-widget_type=\"text-editor.default\">\n\t\t\t\t<div class=\"elementor-widget-container\">\n\t\t\t\t\t\t\t\t\t<h2>Especificaciones para el JNR Falcon 18K Strawberry Ice:<\/h2><p>Bocanadas : Hasta 18.000 caladas<br \/>L\u00edquido: 24 ml<br \/>Niveles de nicotina: 0 %, 2 %, 5 %<br \/>Resistencia: 0,6 ohmios<br \/>Capacidad de la bater\u00eda: 950 mAh<br \/>Carga: Tipo-C<br \/>Caudal de aire regulable: S\u00ed<br \/>Pantalla digital<br \/>Doble malla y doble n\u00facleo de resistencia<br \/>Dimensiones: 53,5 x 32 x 121 mm<\/p>\t\t\t\t\t\t\t\t<\/div>\n\t\t\t\t<\/div>\n\t\t\t\t<\/div>\n\t\t<div class=\"elementor-element elementor-element-d5e4b56 e-con-full e-flex e-con e-child\" data-id=\"d5e4b56\" data-element_type=\"container\" data-e-type=\"container\">\n\t\t\t\t<div class=\"elementor-element elementor-element-381dfcb elementor-widget elementor-widget-image-gallery\" data-id=\"381dfcb\" data-element_type=\"widget\" data-e-type=\"widget\" data-widget_type=\"image-gallery.default\">\n\t\t\t\t<div class=\"elementor-widget-container\">\n\t\t\t\t\t\t\t<div class=\"elementor-image-gallery\">\n\t\t\t<div id='gallery-1' class='gallery galleryid-2029 gallery-columns-1 gallery-size-medium_large'><figure class='gallery-item'>\n\t\t\t<div class='gallery-icon portrait'>\n\t\t\t\t<img fetchpriority=\"high\" decoding=\"async\" width=\"654\" height=\"690\" src=\"https:\/\/puffvapestore.com\/wp-content\/uploads\/2025\/04\/pvajf18000-4.jpg\" class=\"attachment-medium_large size-medium_large\" alt=\"JNR Falcon 18000 Fresa Helada pvajf18000\" aria-describedby=\"gallery-1-1944\" srcset=\"https:\/\/puffvapestore.com\/wp-content\/uploads\/2025\/04\/pvajf18000-4.jpg 654w, https:\/\/puffvapestore.com\/wp-content\/uploads\/2025\/04\/pvajf18000-4-284x300.jpg 284w, https:\/\/puffvapestore.com\/wp-content\/uploads\/2025\/04\/pvajf18000-4-600x633.jpg 600w\" sizes=\"(max-width: 654px) 100vw, 654px\" \/>\n\t\t\t<\/div>\n\t\t\t\t<figcaption class='wp-caption-text gallery-caption' id='gallery-1-1944'>\n\t\t\t\tJNR Falcon 18000 Fresa Helada pvajf18000\n\t\t\t\t<\/figcaption><\/figure>\n\t\t<\/div>\n\t\t<\/div>\n\t\t\t\t\t\t<\/div>\n\t\t\t\t<\/div>\n\t\t\t\t<\/div>\n\t\t\t\t\t<\/div>\n\t\t\t\t<\/div>\n\t\t<div class=\"elementor-element elementor-element-c019a1a e-flex e-con-boxed e-con e-parent\" data-id=\"c019a1a\" data-element_type=\"container\" data-e-type=\"container\">\n\t\t\t\t\t<div class=\"e-con-inner\">\n\t\t\t\t<div class=\"elementor-element elementor-element-92778d3 elementor-widget elementor-widget-n-accordion\" data-id=\"92778d3\" data-element_type=\"widget\" data-e-type=\"widget\" data-settings=\"{&quot;default_state&quot;:&quot;expanded&quot;,&quot;max_items_expended&quot;:&quot;one&quot;,&quot;n_accordion_animation_duration&quot;:{&quot;unit&quot;:&quot;ms&quot;,&quot;size&quot;:400,&quot;sizes&quot;:[]}}\" data-widget_type=\"nested-accordion.default\">\n\t\t\t\t<div class=\"elementor-widget-container\">\n\t\t\t\t\t\t\t<div class=\"e-n-accordion\" aria-label=\"Acorde\u00f3n. Abra los enlaces con Intro o Espacio, ci\u00e9rrelos con Escape y navegue con las teclas de flecha.\">\n\t\t\t\t\t\t<details id=\"e-n-accordion-item-1530\" class=\"e-n-accordion-item\" open>\n\t\t\t\t<summary class=\"e-n-accordion-item-title\" data-accordion-index=\"1\" tabindex=\"0\" aria-expanded=\"true\" aria-controls=\"e-n-accordion-item-1530\" >\n\t\t\t\t\t<span class='e-n-accordion-item-title-header'><div class=\"e-n-accordion-item-title-text\"> Caracter\u00edsticas y funciones del JNR Falcon X 18K Strawberry Ice <\/div><\/span>\n\t\t\t\t\t\t\t<span class='e-n-accordion-item-title-icon'>\n\t\t\t<span class='e-opened' ><svg aria-hidden=\"true\" class=\"e-font-icon-svg e-fas-minus\" viewbox=\"0 0 448 512\" xmlns=\"http:\/\/www.w3.org\/2000\/svg\"><path d=\"M416 208H32c-17.67 0-32 14.33-32 32v32c0 17.67 14.33 32 32 32h384c17.67 0 32-14.33 32-32v-32c0-17.67-14.33-32-32-32z\"><\/path><\/svg><\/span>\n\t\t\t<span class='e-closed'><svg aria-hidden=\"true\" class=\"e-font-icon-svg e-fas-plus\" viewbox=\"0 0 448 512\" xmlns=\"http:\/\/www.w3.org\/2000\/svg\"><path d=\"M416 208H272V64c0-17.67-14.33-32-32-32h-32c-17.67 0-32 14.33-32 32v144H32c-17.67 0-32 14.33-32 32v32c0 17.67 14.33 32 32 32h144v144c0 17.67 14.33 32 32 32h32c17.67 0 32-14.33 32-32V304h144c17.67 0 32-14.33 32-32v-32c0-17.67-14.33-32-32-32z\"><\/path><\/svg><\/span>\n\t\t<\/span>\n\n\t\t\t\t\t\t<\/summary>\n\t\t\t\t<div role=\"region\" aria-labelledby=\"e-n-accordion-item-1530\" class=\"elementor-element elementor-element-e455d40 e-con-full e-flex e-con e-child\" data-id=\"e455d40\" data-element_type=\"container\" data-e-type=\"container\">\n\t\t<div role=\"region\" aria-labelledby=\"e-n-accordion-item-1530\" class=\"elementor-element elementor-element-d00213a e-flex e-con-boxed e-con e-child\" data-id=\"d00213a\" data-element_type=\"container\" data-e-type=\"container\">\n\t\t\t\t\t<div class=\"e-con-inner\">\n\t\t\t\t<div class=\"elementor-element elementor-element-222f913 elementor-widget elementor-widget-text-editor\" data-id=\"222f913\" data-element_type=\"widget\" data-e-type=\"widget\" data-widget_type=\"text-editor.default\">\n\t\t\t\t<div class=\"elementor-widget-container\">\n\t\t\t\t\t\t\t\t\t<h2>Bater\u00eda de larga duraci\u00f3n y gran capacidad<\/h2><p>El JNR Falcon-X 18K est\u00e1 equipado con una bater\u00eda de iones de litio de alta densidad de 950 mAh con un sistema optimizado de gesti\u00f3n de la energ\u00eda, que garantiza una mayor autonom\u00eda con cada carga. Incluso los usuarios frecuentes pueden utilizarlo c\u00f3modamente durante todo el d\u00eda sin tener que recargarlo con frecuencia. El puerto de carga r\u00e1pida Type-C garantiza una carga r\u00e1pida, fiable y segura.<\/p><h2>Dep\u00f3sito grande de 24 ml<\/h2><p>Un solo JNR Falcon-X 18K ofrece hasta 18.000 caladas, mucho m\u00e1s que un cigarrillo electr\u00f3nico desechable convencional. Ya sea para uso diario o para viajes largos, este dispositivo ofrece una experiencia de sabor consistente, eliminando la necesidad de reemplazos frecuentes y garantizando un placer duradero.<\/p><p>El dep\u00f3sito de 24 ml permite utilizarla durante m\u00e1s tiempo. Esta es una ventaja pr\u00e1ctica para las personas que viajan mucho o prefieren evitar las recargas frecuentes. El dep\u00f3sito de e-l\u00edquido de gran capacidad tambi\u00e9n reduce el riesgo de quemadura en seco de la resistencia del atomizador, garantizando un sabor constante.<\/p><h2>Varias dosis de nicotina<\/h2><p>El JNR Falcon-X 18K ofrece tres dosis de nicotina: 0 %, 2 % y 5 %, que satisfacen diferentes necesidades de vapeo, desde un ligero sabor sin nicotina hasta un potente golpe de garganta. Tanto si eres un vapeador novato como un usuario experimentado que busca una experiencia m\u00e1s satisfactoria, encontrar\u00e1s la soluci\u00f3n de sabor adecuada para ti.<\/p><h2>Construcci\u00f3n de doble malla + doble n\u00facleo<\/h2><p>El JNR Falcon-X 18K utiliza un sistema de calentamiento de doble malla con una resistencia de doble n\u00facleo para un calentamiento m\u00e1s uniforme y un vapor m\u00e1s refinado. Esta estructura de doble malla calienta el e-l\u00edquido de manera uniforme e instant\u00e1nea, minimizando el sobrecalentamiento localizado. El dise\u00f1o de doble n\u00facleo asegura una vida m\u00e1s larga de la resistencia y un perfil de sabor m\u00e1s consistente. Disfrute de un sabor intenso y un vapor suave en cada calada.<\/p><p>El JNR Falcon-X 18K cuenta con una resistencia de baja resistencia de 0,6 ohmios, que ofrece el equilibrio perfecto entre sabor y volumen de vapor. Este dise\u00f1o de baja resistencia ofrece un mayor volumen de vapor y una calada m\u00e1s suave, ideal para la inhalaci\u00f3n pulmonar directa. Tambi\u00e9n permite un flujo de aire ajustable para caladas boca a boca, ofreciendo una experiencia m\u00e1s personalizada.<\/p><h2>Dise\u00f1o de flujo de aire ajustable<\/h2><p>El JNR Falcon-X 18K cuenta con un sistema de flujo de aire ajustable, que permite a los usuarios cambiar libremente entre el modo de pulm\u00f3n directo de alto vapor y el modo boca a boca apretado, dependiendo de sus preferencias. Tanto si prefiere una inhalaci\u00f3n suave y aireada como un golpe de garganta rico y concentrado, podr\u00e1 encontrar f\u00e1cilmente el ajuste m\u00e1s c\u00f3modo.<\/p><p>La pantalla digital de alta definici\u00f3n integrada muestra los niveles de bater\u00eda y e-l\u00edquido en tiempo real, para que pueda controlar claramente el estado del dispositivo de un vistazo, evitando cortes de energ\u00eda inesperados o quemaduras en seco. La informaci\u00f3n visual intuitiva garantiza un uso m\u00e1s seguro y sin estr\u00e9s.<\/p><p>Con unas dimensiones de 53,5 \u00d7 32 \u00d7 121 mm, el JNR Falcon-X 18K incorpora una bater\u00eda y un dep\u00f3sito de gran capacidad, al tiempo que ofrece un c\u00f3modo agarre y una gran portabilidad. Ya sea en el bolsillo o en el bolso, se desliza f\u00e1cilmente en su sitio y te ofrece una experiencia de vapeo de alta calidad est\u00e9s donde est\u00e9s.<\/p><p>El JNR Falcon-X 18K tiene un dise\u00f1o elegante con curvas ergon\u00f3micas. El tratamiento de su superficie es resistente al desgaste y antideslizante, para una comodidad \u00f3ptima. Sus colores minimalistas de alta gama y sus cuidados detalles lo convierten en mucho m\u00e1s que un cigarrillo electr\u00f3nico: es un accesorio elegante para llevar a todas partes.<\/p>\t\t\t\t\t\t\t\t<\/div>\n\t\t\t\t<\/div>\n\t\t\t\t\t<\/div>\n\t\t\t\t<\/div>\n\t\t\t\t<\/div>\n\t\t\t\t\t<\/details>\n\t\t\t\t\t\t<details id=\"e-n-accordion-item-1531\" class=\"e-n-accordion-item\" >\n\t\t\t\t<summary class=\"e-n-accordion-item-title\" data-accordion-index=\"2\" tabindex=\"-1\" aria-expanded=\"false\" aria-controls=\"e-n-accordion-item-1531\" >\n\t\t\t\t\t<span class='e-n-accordion-item-title-header'><div class=\"e-n-accordion-item-title-text\"> Puff Fresa Hielo JNR Falcon X 18K <\/div><\/span>\n\t\t\t\t\t\t\t<span class='e-n-accordion-item-title-icon'>\n\t\t\t<span class='e-opened' ><svg aria-hidden=\"true\" class=\"e-font-icon-svg e-fas-minus\" viewbox=\"0 0 448 512\" xmlns=\"http:\/\/www.w3.org\/2000\/svg\"><path d=\"M416 208H32c-17.67 0-32 14.33-32 32v32c0 17.67 14.33 32 32 32h384c17.67 0 32-14.33 32-32v-32c0-17.67-14.33-32-32-32z\"><\/path><\/svg><\/span>\n\t\t\t<span class='e-closed'><svg aria-hidden=\"true\" class=\"e-font-icon-svg e-fas-plus\" viewbox=\"0 0 448 512\" xmlns=\"http:\/\/www.w3.org\/2000\/svg\"><path d=\"M416 208H272V64c0-17.67-14.33-32-32-32h-32c-17.67 0-32 14.33-32 32v144H32c-17.67 0-32 14.33-32 32v32c0 17.67 14.33 32 32 32h144v144c0 17.67 14.33 32 32 32h32c17.67 0 32-14.33 32-32V304h144c17.67 0 32-14.33 32-32v-32c0-17.67-14.33-32-32-32z\"><\/path><\/svg><\/span>\n\t\t<\/span>\n\n\t\t\t\t\t\t<\/summary>\n\t\t\t\t<div role=\"region\" aria-labelledby=\"e-n-accordion-item-1531\" class=\"elementor-element elementor-element-7bd8be1 e-con-full e-flex e-con e-child\" data-id=\"7bd8be1\" data-element_type=\"container\" data-e-type=\"container\">\n\t\t<div role=\"region\" aria-labelledby=\"e-n-accordion-item-1531\" class=\"elementor-element elementor-element-1d178cb e-flex e-con-boxed e-con e-child\" data-id=\"1d178cb\" data-element_type=\"container\" data-e-type=\"container\">\n\t\t\t\t\t<div class=\"e-con-inner\">\n\t\t\t\t<div class=\"elementor-element elementor-element-55fd5fa elementor-widget elementor-widget-text-editor\" data-id=\"55fd5fa\" data-element_type=\"widget\" data-e-type=\"widget\" data-widget_type=\"text-editor.default\">\n\t\t\t\t<div class=\"elementor-widget-container\">\n\t\t\t\t\t\t\t\t\t<p>El cigarrillo electr\u00f3nico desechable JNR Falcon 18000 con sabor a fresa helada es realmente fant\u00e1stico. Prob\u00e9 este producto por primera vez la semana pasada mientras paseaba por las calles comerciales del centro de Lille y simplemente me enamor\u00e9 de su olor.<\/p><p>Este sabor a helado de fresa es super \u00fanico y no tan mon\u00f3tono como los cigarrillos electr\u00f3nicos comunes. Desde la primera calada del cigarrillo, se puede saborear la rica dulzura de la fresa, y luego una agradable sensaci\u00f3n de frescor se extiende por toda la boca. Especialmente cuando est\u00e1s cansado de caminar por la calle, \u00a1dar una calada te har\u00e1 sentir renovado!<\/p><p>En uso real, la bater\u00eda del JNR Falcon 18000 es realmente potente. Ese d\u00eda, fui de compras desde la ma\u00f1ana hasta la noche y visit\u00e9 varias tiendas entre medias. La bater\u00eda nunca se agot\u00f3 en todo el tiempo, y la capacidad de 950 mAh de la bater\u00eda era realmente suficiente. La comodidad de carga tambi\u00e9n es una gran ventaja. El puerto Tipo-C se puede utilizar para cargar en cualquier lugar. Lo cargu\u00e9 un rato durante un descanso en una cafeter\u00eda.<\/p>\t\t\t\t\t\t\t\t<\/div>\n\t\t\t\t<\/div>\n\t\t<div role=\"region\" aria-labelledby=\"e-n-accordion-item-1531\" class=\"elementor-element elementor-element-866ca3a e-con-full e-flex e-con e-child\" data-id=\"866ca3a\" data-element_type=\"container\" data-e-type=\"container\">\n\t\t<div role=\"region\" aria-labelledby=\"e-n-accordion-item-1531\" class=\"elementor-element elementor-element-73379e6 e-con-full e-flex e-con e-child\" data-id=\"73379e6\" data-element_type=\"container\" data-e-type=\"container\">\n\t\t\t\t<div class=\"elementor-element elementor-element-6fe1cdc elementor-widget elementor-widget-image-gallery\" data-id=\"6fe1cdc\" data-element_type=\"widget\" data-e-type=\"widget\" data-widget_type=\"image-gallery.default\">\n\t\t\t\t<div class=\"elementor-widget-container\">\n\t\t\t\t\t\t\t<div class=\"elementor-image-gallery\">\n\t\t\t<div id='gallery-1' class='gallery galleryid-2029 gallery-columns-1 gallery-size-medium_large'><figure class='gallery-item'>\n\t\t\t<div class='gallery-icon portrait'>\n\t\t\t\t<img fetchpriority=\"high\" decoding=\"async\" width=\"654\" height=\"690\" src=\"https:\/\/puffvapestore.com\/wp-content\/uploads\/2025\/04\/pvajf18000-4.jpg\" class=\"attachment-medium_large size-medium_large\" alt=\"JNR Falcon 18000 Fresa Helada pvajf18000\" aria-describedby=\"gallery-1-1944\" srcset=\"https:\/\/puffvapestore.com\/wp-content\/uploads\/2025\/04\/pvajf18000-4.jpg 654w, https:\/\/puffvapestore.com\/wp-content\/uploads\/2025\/04\/pvajf18000-4-284x300.jpg 284w, https:\/\/puffvapestore.com\/wp-content\/uploads\/2025\/04\/pvajf18000-4-600x633.jpg 600w\" sizes=\"(max-width: 654px) 100vw, 654px\" \/>\n\t\t\t<\/div>\n\t\t\t\t<figcaption class='wp-caption-text gallery-caption' id='gallery-1-1944'>\n\t\t\t\tJNR Falcon 18000 Fresa Helada pvajf18000\n\t\t\t\t<\/figcaption><\/figure>\n\t\t<\/div>\n\t\t<\/div>\n\t\t\t\t\t\t<\/div>\n\t\t\t\t<\/div>\n\t\t\t\t<\/div>\n\t\t<div role=\"region\" aria-labelledby=\"e-n-accordion-item-1531\" class=\"elementor-element elementor-element-b9ec568 e-con-full e-flex e-con e-child\" data-id=\"b9ec568\" data-element_type=\"container\" data-e-type=\"container\">\n\t\t\t\t<div class=\"elementor-element elementor-element-fd6f118 elementor-widget elementor-widget-text-editor\" data-id=\"fd6f118\" data-element_type=\"widget\" data-e-type=\"widget\" data-widget_type=\"text-editor.default\">\n\t\t\t\t<div class=\"elementor-widget-container\">\n\t\t\t\t\t\t\t\t\t<p>Lo que m\u00e1s me gusta es su dise\u00f1o de doble bobina de malla. La resistencia de 0,6 ohmios hace que la producci\u00f3n de humo sea especialmente uniforme y el sabor a helado de fresa se libera en su justa medida. La funci\u00f3n de flujo de aire ajustable es realmente pr\u00e1ctica. A veces quieres un sabor m\u00e1s ligero, y a veces quieres un sabor m\u00e1s fuerte. Esto se puede hacer con un simple ajuste.<\/p><p>La pantalla digital tambi\u00e9n est\u00e1 muy bien pensada. Siempre puedo ver cu\u00e1ntas caladas de cigarrillos me quedan, as\u00ed que no tengo que preocuparme de que se me acaben mientras voy de compras. Y hay 18.000 caladas en total, y despu\u00e9s de usarlo durante una semana, siento que todav\u00eda quedan la mayor\u00eda, as\u00ed que la relaci\u00f3n calidad-precio es realmente alta.<\/p>\t\t\t\t\t\t\t\t<\/div>\n\t\t\t\t<\/div>\n\t\t\t\t<\/div>\n\t\t\t\t<\/div>\n\t\t<div role=\"region\" aria-labelledby=\"e-n-accordion-item-1531\" class=\"elementor-element elementor-element-7926c6b e-con-full e-flex e-con e-child\" data-id=\"7926c6b\" data-element_type=\"container\" data-e-type=\"container\">\n\t\t\t\t<div class=\"elementor-element elementor-element-2b41948 elementor-widget elementor-widget-text-editor\" data-id=\"2b41948\" data-element_type=\"widget\" data-e-type=\"widget\" data-widget_type=\"text-editor.default\">\n\t\t\t\t<div class=\"elementor-widget-container\">\n\t\t\t\t\t\t\t\t\t<p>Si a usted tambi\u00e9n le gustan los sabores dulces y ligeramente frescos y suele pasear al aire libre, le recomiendo que pruebe este helado de fresa. En una ciudad como Lille, donde historia y modernidad se dan la mano, es perfectamente apropiado tener un e-cigarrillo tan de moda.<\/p>\t\t\t\t\t\t\t\t<\/div>\n\t\t\t\t<\/div>\n\t\t\t\t<\/div>\n\t\t\t\t\t<\/div>\n\t\t\t\t<\/div>\n\t\t\t\t<\/div>\n\t\t\t\t\t<\/details>\n\t\t\t\t\t<\/div>\n\t\t\t\t\t\t<\/div>\n\t\t\t\t<\/div>\n\t\t\t\t\t<\/div>\n\t\t\t\t<\/div>\n\t\t\t\t<\/div>","protected":false},"excerpt":{"rendered":"<p>Caract\u00e9ristiques du JNR Falcon 18K Strawberry Ice: Bouff\u00e9es : Jusqu\u2019\u00e0 18000 bouff\u00e9es Liquide : 24 ml Taux de nicotine : 0 %, 2 %, 5 % R\u00e9sistance : 0.6 ohm Capacit\u00e9 de la batterie : 950 mAh Chargement : Type-C D\u00e9bit d\u2019air r\u00e9glable : Oui Affichage num\u00e9rique R\u00e9sistance double maille et double c\u0153ur Dimensions : [&hellip;]<\/p>\n","protected":false},"featured_media":1944,"comment_status":"open","ping_status":"closed","template":"","meta":{"site-sidebar-layout":"no-sidebar","site-content-layout":"page-builder","ast-site-content-layout":"normal-width-container","site-content-style":"default","site-sidebar-style":"default","ast-global-header-display":"","ast-banner-title-visibility":"","ast-main-header-display":"","ast-hfb-above-header-display":"","ast-hfb-below-header-display":"","ast-hfb-mobile-header-display":"","site-post-title":"disabled","ast-breadcrumbs-content":"","ast-featured-img":"disabled","footer-sml-layout":"","ast-disable-related-posts":"","theme-transparent-header-meta":"default","adv-header-id-meta":"","stick-header-meta":"default","header-above-stick-meta":"","header-main-stick-meta":"","header-below-stick-meta":"","astra-migrate-meta-layouts":"set","ast-page-background-enabled":"default","ast-page-background-meta":{"desktop":{"background-color":"","background-image":"","background-repeat":"repeat","background-position":"center center","background-size":"auto","background-attachment":"scroll","background-type":"","background-media":"","overlay-type":"","overlay-color":"","overlay-opacity":"","overlay-gradient":""},"tablet":{"background-color":"","background-image":"","background-repeat":"repeat","background-position":"center center","background-size":"auto","background-attachment":"scroll","background-type":"","background-media":"","overlay-type":"","overlay-color":"","overlay-opacity":"","overlay-gradient":""},"mobile":{"background-color":"","background-image":"","background-repeat":"repeat","background-position":"center center","background-size":"auto","background-attachment":"scroll","background-type":"","background-media":"","overlay-type":"","overlay-color":"","overlay-opacity":"","overlay-gradient":""}},"ast-content-background-meta":{"desktop":{"background-color":"var(--ast-global-color-5)","background-image":"","background-repeat":"repeat","background-position":"center center","background-size":"auto","background-attachment":"scroll","background-type":"","background-media":"","overlay-type":"","overlay-color":"","overlay-opacity":"","overlay-gradient":""},"tablet":{"background-color":"var(--ast-global-color-5)","background-image":"","background-repeat":"repeat","background-position":"center center","background-size":"auto","background-attachment":"scroll","background-type":"","background-media":"","overlay-type":"","overlay-color":"","overlay-opacity":"","overlay-gradient":""},"mobile":{"background-color":"var(--ast-global-color-5)","background-image":"","background-repeat":"repeat","background-position":"center center","background-size":"auto","background-attachment":"scroll","background-type":"","background-media":"","overlay-type":"","overlay-color":"","overlay-opacity":"","overlay-gradient":""}}},"product_brand":[30],"product_cat":[40,84,77,31,15],"product_tag":[],"class_list":{"0":"post-2029","1":"product","2":"type-product","3":"status-publish","4":"has-post-thumbnail","6":"product_brand-jnr","7":"product_cat-jnr-18k","8":"product_cat-puff-18k","9":"product_cat-entrepot-de-lue","10":"product_cat-jnr-falcon","11":"product_cat-magasin-cigarette-electronique","12":"desktop-align-center","13":"tablet-align-center","14":"mobile-align-center","15":"ast-product-gallery-layout-horizontal","16":"ast-product-gallery-with-no-image","17":"ast-product-single-variable","18":"ast-product-tabs-layout-horizontal","19":"ast-qv-on-image","21":"first","22":"instock","23":"sale","24":"shipping-taxable","25":"purchasable","26":"product-type-variable","27":"has-default-attributes"},"tiered_pricing_type":"fixed","tiered_pricing_fixed_rules":{"30":10.08,"60":9.28,"100":8.13,"200":7.48,"500":7.28,"1000":6.98},"tiered_pricing_product_settings":{"layout":"default","base_unit_name":{"singular":null,"plural":null},"default_variation":null},"tiered_pricing_minimum_quantity":null,"tiered_pricing_roles_data":[],"tiered_pricing_percentage_rules":[],"_links":{"self":[{"href":"https:\/\/puffvapestore.com\/es\/wp-json\/wp\/v2\/product\/2029","targetHints":{"allow":["GET"]}}],"collection":[{"href":"https:\/\/puffvapestore.com\/es\/wp-json\/wp\/v2\/product"}],"about":[{"href":"https:\/\/puffvapestore.com\/es\/wp-json\/wp\/v2\/types\/product"}],"replies":[{"embeddable":true,"href":"https:\/\/puffvapestore.com\/es\/wp-json\/wp\/v2\/comments?post=2029"}],"version-history":[{"count":23,"href":"https:\/\/puffvapestore.com\/es\/wp-json\/wp\/v2\/product\/2029\/revisions"}],"predecessor-version":[{"id":13618,"href":"https:\/\/puffvapestore.com\/es\/wp-json\/wp\/v2\/product\/2029\/revisions\/13618"}],"wp:featuredmedia":[{"embeddable":true,"href":"https:\/\/puffvapestore.com\/es\/wp-json\/wp\/v2\/media\/1944"}],"wp:attachment":[{"href":"https:\/\/puffvapestore.com\/es\/wp-json\/wp\/v2\/media?parent=2029"}],"wp:term":[{"taxonomy":"product_brand","embeddable":true,"href":"https:\/\/puffvapestore.com\/es\/wp-json\/wp\/v2\/product_brand?post=2029"},{"taxonomy":"product_cat","embeddable":true,"href":"https:\/\/puffvapestore.com\/es\/wp-json\/wp\/v2\/product_cat?post=2029"},{"taxonomy":"product_tag","embeddable":true,"href":"https:\/\/puffvapestore.com\/es\/wp-json\/wp\/v2\/product_tag?post=2029"}],"curies":[{"name":"wp","href":"https:\/\/api.w.org\/{rel}","templated":true}]}}