{"id":2022,"date":"2025-04-12T03:40:23","date_gmt":"2025-04-12T03:40:23","guid":{"rendered":"https:\/\/puffvapestore.com\/?post_type=product&#038;p=2022"},"modified":"2026-01-19T10:37:34","modified_gmt":"2026-01-19T10:37:34","slug":"puff-jnr-falcon-18k-sour-apple-ice","status":"publish","type":"product","link":"https:\/\/puffvapestore.com\/es\/product\/puff-jnr-falcon-18k-sour-apple-ice\/","title":{"rendered":"Puff JNR Falcon 18k Sour Apple Ice | JNR Falcon X 18000"},"content":{"rendered":"<div data-elementor-type=\"wp-post\" data-elementor-id=\"2022\" class=\"elementor elementor-2022\">\n\t\t\t\t<div class=\"elementor-element elementor-element-3c1fb34 e-flex e-con-boxed e-con e-parent\" data-id=\"3c1fb34\" data-element_type=\"container\" data-e-type=\"container\">\n\t\t\t\t\t<div class=\"e-con-inner\">\n\t\t<div class=\"elementor-element elementor-element-d5f00b5 e-con-full e-flex e-con e-child\" data-id=\"d5f00b5\" data-element_type=\"container\" data-e-type=\"container\">\n\t\t\t\t<div class=\"elementor-element elementor-element-b3c274b elementor-widget__width-initial elementor-widget elementor-widget-text-editor\" data-id=\"b3c274b\" data-element_type=\"widget\" data-e-type=\"widget\" data-widget_type=\"text-editor.default\">\n\t\t\t\t<div class=\"elementor-widget-container\">\n\t\t\t\t\t\t\t\t\t<h2>Caracter\u00edsticas del JNR Falcon 18K Sour Apple Ice:<\/h2><p>Bocanadas : Hasta 18.000 caladas<br \/>L\u00edquido: 24 ml<br \/>Niveles de nicotina: 0 %, 2 %, 5 %<br \/>Resistencia: 0,6 ohmios<br \/>Capacidad de la bater\u00eda: 950 mAh<br \/>Carga: Tipo-C<br \/>Caudal de aire regulable: S\u00ed<br \/>Pantalla digital<br \/>Doble malla y doble n\u00facleo de resistencia<br \/>Dimensiones: 53,5 x 32 x 121 mm<\/p>\t\t\t\t\t\t\t\t<\/div>\n\t\t\t\t<\/div>\n\t\t\t\t<\/div>\n\t\t<div class=\"elementor-element elementor-element-2b9d469 e-con-full e-flex e-con e-child\" data-id=\"2b9d469\" data-element_type=\"container\" data-e-type=\"container\">\n\t\t\t\t<div class=\"elementor-element elementor-element-aa46266 elementor-widget elementor-widget-image-gallery\" data-id=\"aa46266\" data-element_type=\"widget\" data-e-type=\"widget\" data-widget_type=\"image-gallery.default\">\n\t\t\t\t<div class=\"elementor-widget-container\">\n\t\t\t\t\t\t\t<div class=\"elementor-image-gallery\">\n\t\t\t<div id='gallery-1' class='gallery galleryid-2022 gallery-columns-1 gallery-size-medium_large'><figure class='gallery-item'>\n\t\t\t<div class='gallery-icon portrait'>\n\t\t\t\t<img fetchpriority=\"high\" decoding=\"async\" width=\"654\" height=\"690\" src=\"https:\/\/puffvapestore.com\/wp-content\/uploads\/2025\/04\/pvajf18000-22.jpg\" class=\"attachment-medium_large size-medium_large\" alt=\"JNR Falcon 18k Hielo de manzana \u00e1cida pvajf18000\" aria-describedby=\"gallery-1-1962\" srcset=\"https:\/\/puffvapestore.com\/wp-content\/uploads\/2025\/04\/pvajf18000-22.jpg 654w, https:\/\/puffvapestore.com\/wp-content\/uploads\/2025\/04\/pvajf18000-22-284x300.jpg 284w, https:\/\/puffvapestore.com\/wp-content\/uploads\/2025\/04\/pvajf18000-22-600x633.jpg 600w\" sizes=\"(max-width: 654px) 100vw, 654px\" \/>\n\t\t\t<\/div>\n\t\t\t\t<figcaption class='wp-caption-text gallery-caption' id='gallery-1-1962'>\n\t\t\t\tJNR Falcon 18k Hielo de manzana \u00e1cida pvajf18000\n\t\t\t\t<\/figcaption><\/figure>\n\t\t<\/div>\n\t\t<\/div>\n\t\t\t\t\t\t<\/div>\n\t\t\t\t<\/div>\n\t\t\t\t<\/div>\n\t\t\t\t\t<\/div>\n\t\t\t\t<\/div>\n\t\t<div class=\"elementor-element elementor-element-28b6058 e-flex e-con-boxed e-con e-parent\" data-id=\"28b6058\" data-element_type=\"container\" data-e-type=\"container\">\n\t\t\t\t\t<div class=\"e-con-inner\">\n\t\t\t\t<div class=\"elementor-element elementor-element-518b9cf elementor-widget elementor-widget-n-accordion\" data-id=\"518b9cf\" data-element_type=\"widget\" data-e-type=\"widget\" data-settings=\"{&quot;default_state&quot;:&quot;expanded&quot;,&quot;max_items_expended&quot;:&quot;one&quot;,&quot;n_accordion_animation_duration&quot;:{&quot;unit&quot;:&quot;ms&quot;,&quot;size&quot;:400,&quot;sizes&quot;:[]}}\" data-widget_type=\"nested-accordion.default\">\n\t\t\t\t<div class=\"elementor-widget-container\">\n\t\t\t\t\t\t\t<div class=\"e-n-accordion\" aria-label=\"Acorde\u00f3n. Abra los enlaces con Intro o Espacio, ci\u00e9rrelos con Escape y navegue con las teclas de flecha.\">\n\t\t\t\t\t\t<details id=\"e-n-accordion-item-8550\" class=\"e-n-accordion-item\" open>\n\t\t\t\t<summary class=\"e-n-accordion-item-title\" data-accordion-index=\"1\" tabindex=\"0\" aria-expanded=\"true\" aria-controls=\"e-n-accordion-item-8550\" >\n\t\t\t\t\t<span class='e-n-accordion-item-title-header'><div class=\"e-n-accordion-item-title-text\"> Caracter\u00edsticas y funciones del JNR Falcon X 18K Sour Apple Ice <\/div><\/span>\n\t\t\t\t\t\t\t<span class='e-n-accordion-item-title-icon'>\n\t\t\t<span class='e-opened' ><svg aria-hidden=\"true\" class=\"e-font-icon-svg e-fas-minus\" viewbox=\"0 0 448 512\" xmlns=\"http:\/\/www.w3.org\/2000\/svg\"><path d=\"M416 208H32c-17.67 0-32 14.33-32 32v32c0 17.67 14.33 32 32 32h384c17.67 0 32-14.33 32-32v-32c0-17.67-14.33-32-32-32z\"><\/path><\/svg><\/span>\n\t\t\t<span class='e-closed'><svg aria-hidden=\"true\" class=\"e-font-icon-svg e-fas-plus\" viewbox=\"0 0 448 512\" xmlns=\"http:\/\/www.w3.org\/2000\/svg\"><path d=\"M416 208H272V64c0-17.67-14.33-32-32-32h-32c-17.67 0-32 14.33-32 32v144H32c-17.67 0-32 14.33-32 32v32c0 17.67 14.33 32 32 32h144v144c0 17.67 14.33 32 32 32h32c17.67 0 32-14.33 32-32V304h144c17.67 0 32-14.33 32-32v-32c0-17.67-14.33-32-32-32z\"><\/path><\/svg><\/span>\n\t\t<\/span>\n\n\t\t\t\t\t\t<\/summary>\n\t\t\t\t<div role=\"region\" aria-labelledby=\"e-n-accordion-item-8550\" class=\"elementor-element elementor-element-3556f13 e-con-full e-flex e-con e-child\" data-id=\"3556f13\" data-element_type=\"container\" data-e-type=\"container\">\n\t\t<div role=\"region\" aria-labelledby=\"e-n-accordion-item-8550\" class=\"elementor-element elementor-element-928a202 e-flex e-con-boxed e-con e-child\" data-id=\"928a202\" data-element_type=\"container\" data-e-type=\"container\">\n\t\t\t\t\t<div class=\"e-con-inner\">\n\t\t\t\t<div class=\"elementor-element elementor-element-be1c2a2 elementor-widget elementor-widget-text-editor\" data-id=\"be1c2a2\" data-element_type=\"widget\" data-e-type=\"widget\" data-widget_type=\"text-editor.default\">\n\t\t\t\t<div class=\"elementor-widget-container\">\n\t\t\t\t\t\t\t\t\t<h2>Bater\u00eda de larga duraci\u00f3n y gran capacidad<\/h2><p>El JNR Falcon-X 18K est\u00e1 equipado con una bater\u00eda de iones de litio de alta densidad de 950 mAh con un sistema optimizado de gesti\u00f3n de la energ\u00eda, que garantiza una mayor autonom\u00eda con cada carga. Incluso los usuarios frecuentes pueden utilizarlo c\u00f3modamente durante todo el d\u00eda sin tener que recargarlo con frecuencia. El puerto de carga r\u00e1pida Type-C garantiza una carga r\u00e1pida, fiable y segura.<\/p><h2>Dep\u00f3sito grande de 24 ml<\/h2><p>Un solo JNR Falcon-X 18K ofrece hasta 18.000 caladas, mucho m\u00e1s que un cigarrillo electr\u00f3nico desechable convencional. Ya sea para uso diario o para viajes largos, este dispositivo ofrece una experiencia de sabor consistente, eliminando la necesidad de reemplazos frecuentes y garantizando un placer duradero.<\/p><p>El dep\u00f3sito de 24 ml permite utilizarla durante m\u00e1s tiempo. Esta es una ventaja pr\u00e1ctica para las personas que viajan mucho o prefieren evitar las recargas frecuentes. El dep\u00f3sito de e-l\u00edquido de gran capacidad tambi\u00e9n reduce el riesgo de quemadura en seco de la resistencia del atomizador, garantizando un sabor constante.<\/p><h2>Varias dosis de nicotina<\/h2><p>El JNR Falcon-X 18K ofrece tres dosis de nicotina: 0 %, 2 % y 5 %, que satisfacen diferentes necesidades de vapeo, desde un ligero sabor sin nicotina hasta un potente golpe de garganta. Tanto si eres un vapeador novato como un usuario experimentado que busca una experiencia m\u00e1s satisfactoria, encontrar\u00e1s la soluci\u00f3n de sabor adecuada para ti.<\/p><h2>Construcci\u00f3n de doble malla + doble n\u00facleo<\/h2><p>El JNR Falcon-X 18K utiliza un sistema de calentamiento de doble malla con una resistencia de doble n\u00facleo para un calentamiento m\u00e1s uniforme y un vapor m\u00e1s refinado. Esta estructura de doble malla calienta el e-l\u00edquido de manera uniforme e instant\u00e1nea, minimizando el sobrecalentamiento localizado. El dise\u00f1o de doble n\u00facleo asegura una vida m\u00e1s larga de la resistencia y un perfil de sabor m\u00e1s consistente. Disfrute de un sabor intenso y un vapor suave en cada calada.<\/p><p>El JNR Falcon-X 18K cuenta con una resistencia de baja resistencia de 0,6 ohmios, que ofrece el equilibrio perfecto entre sabor y volumen de vapor. Este dise\u00f1o de baja resistencia ofrece un mayor volumen de vapor y una calada m\u00e1s suave, ideal para la inhalaci\u00f3n pulmonar directa. Tambi\u00e9n permite un flujo de aire ajustable para caladas boca a boca, ofreciendo una experiencia m\u00e1s personalizada.<\/p><h2>Dise\u00f1o de flujo de aire ajustable<\/h2><p>El JNR Falcon-X 18K cuenta con un sistema de flujo de aire ajustable, que permite a los usuarios cambiar libremente entre el modo de pulm\u00f3n directo de alto vapor y el modo boca a boca apretado, dependiendo de sus preferencias. Tanto si prefiere una inhalaci\u00f3n suave y aireada como un golpe de garganta rico y concentrado, podr\u00e1 encontrar f\u00e1cilmente el ajuste m\u00e1s c\u00f3modo.<\/p><p>La pantalla digital de alta definici\u00f3n integrada muestra los niveles de bater\u00eda y e-l\u00edquido en tiempo real, para que pueda controlar claramente el estado del dispositivo de un vistazo, evitando cortes de energ\u00eda inesperados o quemaduras en seco. La informaci\u00f3n visual intuitiva garantiza un uso m\u00e1s seguro y sin estr\u00e9s.<\/p><p>Con unas dimensiones de 53,5 \u00d7 32 \u00d7 121 mm, el JNR Falcon-X 18K incorpora una bater\u00eda y un dep\u00f3sito de gran capacidad, al tiempo que ofrece un c\u00f3modo agarre y una gran portabilidad. Ya sea en el bolsillo o en el bolso, se desliza f\u00e1cilmente en su sitio y te ofrece una experiencia de vapeo de alta calidad est\u00e9s donde est\u00e9s.<\/p><p>El JNR Falcon-X 18K tiene un dise\u00f1o elegante con curvas ergon\u00f3micas. El tratamiento de su superficie es resistente al desgaste y antideslizante, para una comodidad \u00f3ptima. Sus colores minimalistas de alta gama y sus cuidados detalles lo convierten en mucho m\u00e1s que un cigarrillo electr\u00f3nico: es un accesorio elegante para llevar a todas partes.<\/p>\t\t\t\t\t\t\t\t<\/div>\n\t\t\t\t<\/div>\n\t\t\t\t\t<\/div>\n\t\t\t\t<\/div>\n\t\t\t\t<\/div>\n\t\t\t\t\t<\/details>\n\t\t\t\t\t\t<details id=\"e-n-accordion-item-8551\" class=\"e-n-accordion-item\" >\n\t\t\t\t<summary class=\"e-n-accordion-item-title\" data-accordion-index=\"2\" tabindex=\"-1\" aria-expanded=\"false\" aria-controls=\"e-n-accordion-item-8551\" >\n\t\t\t\t\t<span class='e-n-accordion-item-title-header'><div class=\"e-n-accordion-item-title-text\"> Hielo Puff Manzana Agria JNR Falcon X 18K <\/div><\/span>\n\t\t\t\t\t\t\t<span class='e-n-accordion-item-title-icon'>\n\t\t\t<span class='e-opened' ><svg aria-hidden=\"true\" class=\"e-font-icon-svg e-fas-minus\" viewbox=\"0 0 448 512\" xmlns=\"http:\/\/www.w3.org\/2000\/svg\"><path d=\"M416 208H32c-17.67 0-32 14.33-32 32v32c0 17.67 14.33 32 32 32h384c17.67 0 32-14.33 32-32v-32c0-17.67-14.33-32-32-32z\"><\/path><\/svg><\/span>\n\t\t\t<span class='e-closed'><svg aria-hidden=\"true\" class=\"e-font-icon-svg e-fas-plus\" viewbox=\"0 0 448 512\" xmlns=\"http:\/\/www.w3.org\/2000\/svg\"><path d=\"M416 208H272V64c0-17.67-14.33-32-32-32h-32c-17.67 0-32 14.33-32 32v144H32c-17.67 0-32 14.33-32 32v32c0 17.67 14.33 32 32 32h144v144c0 17.67 14.33 32 32 32h32c17.67 0 32-14.33 32-32V304h144c17.67 0 32-14.33 32-32v-32c0-17.67-14.33-32-32-32z\"><\/path><\/svg><\/span>\n\t\t<\/span>\n\n\t\t\t\t\t\t<\/summary>\n\t\t\t\t<div role=\"region\" aria-labelledby=\"e-n-accordion-item-8551\" class=\"elementor-element elementor-element-7b6c483 e-con-full e-flex e-con e-child\" data-id=\"7b6c483\" data-element_type=\"container\" data-e-type=\"container\">\n\t\t<div role=\"region\" aria-labelledby=\"e-n-accordion-item-8551\" class=\"elementor-element elementor-element-278dca9 e-flex e-con-boxed e-con e-child\" data-id=\"278dca9\" data-element_type=\"container\" data-e-type=\"container\">\n\t\t\t\t\t<div class=\"e-con-inner\">\n\t\t\t\t<div class=\"elementor-element elementor-element-55fd5fa elementor-widget elementor-widget-text-editor\" data-id=\"55fd5fa\" data-element_type=\"widget\" data-e-type=\"widget\" data-widget_type=\"text-editor.default\">\n\t\t\t\t<div class=\"elementor-widget-container\">\n\t\t\t\t\t\t\t\t\t<p>En verano en Par\u00eds, el sol brilla sobre el Sena y la ciudad es vibrante pero extremadamente ajetreada. Para muchos oficinistas franceses, los pocos minutos antes de volver a casa tras una jornada de trabajo son un raro momento de respiro.<\/p><p>El sabor Sour Apple Ice del cigarrillo electr\u00f3nico JNR Falcon 18000 est\u00e1 hecho para momentos como \u00e9ste. De pie junto al coche, di una calada al cigarrillo, y el sabor agridulce de la manzana verde floreci\u00f3 inmediatamente en mi boca, seguido de un ligero frescor que se extend\u00eda desde la punta de la lengua hasta la garganta. La sensaci\u00f3n es como la de tomar un zumo de manzana helado, refrescante y relajante.<\/p><p>La mayor ventaja de este cigarrillo electr\u00f3nico es su durabilidad. La gran capacidad de 18.000 caladas permite no tener que preocuparse por las reposiciones frecuentes, y los 24 ml de e-l\u00edquido son suficientes para varias semanas de uso diario. Como jefe de ventas que viaja con frecuencia entre Par\u00eds y Lyon, aprecio especialmente su autonom\u00eda. No hay que subestimar la capacidad de la bater\u00eda de 950 mAh. Con el m\u00e9todo de carga de tipo C, puede recargar la bater\u00eda en cualquier momento, incluso durante un viaje de larga distancia.<\/p>\t\t\t\t\t\t\t\t<\/div>\n\t\t\t\t<\/div>\n\t\t<div role=\"region\" aria-labelledby=\"e-n-accordion-item-8551\" class=\"elementor-element elementor-element-fcfdbde e-con-full e-flex e-con e-child\" data-id=\"fcfdbde\" data-element_type=\"container\" data-e-type=\"container\">\n\t\t<div role=\"region\" aria-labelledby=\"e-n-accordion-item-8551\" class=\"elementor-element elementor-element-94b2a6b e-con-full e-flex e-con e-child\" data-id=\"94b2a6b\" data-element_type=\"container\" data-e-type=\"container\">\n\t\t\t\t<div class=\"elementor-element elementor-element-3bb21ea elementor-widget elementor-widget-image-gallery\" data-id=\"3bb21ea\" data-element_type=\"widget\" data-e-type=\"widget\" data-widget_type=\"image-gallery.default\">\n\t\t\t\t<div class=\"elementor-widget-container\">\n\t\t\t\t\t\t\t<div class=\"elementor-image-gallery\">\n\t\t\t<div id='gallery-1' class='gallery galleryid-2022 gallery-columns-1 gallery-size-medium_large'><figure class='gallery-item'>\n\t\t\t<div class='gallery-icon portrait'>\n\t\t\t\t<img fetchpriority=\"high\" decoding=\"async\" width=\"654\" height=\"690\" src=\"https:\/\/puffvapestore.com\/wp-content\/uploads\/2025\/04\/pvajf18000-22.jpg\" class=\"attachment-medium_large size-medium_large\" alt=\"JNR Falcon 18k Hielo de manzana \u00e1cida pvajf18000\" aria-describedby=\"gallery-1-1962\" srcset=\"https:\/\/puffvapestore.com\/wp-content\/uploads\/2025\/04\/pvajf18000-22.jpg 654w, https:\/\/puffvapestore.com\/wp-content\/uploads\/2025\/04\/pvajf18000-22-284x300.jpg 284w, https:\/\/puffvapestore.com\/wp-content\/uploads\/2025\/04\/pvajf18000-22-600x633.jpg 600w\" sizes=\"(max-width: 654px) 100vw, 654px\" \/>\n\t\t\t<\/div>\n\t\t\t\t<figcaption class='wp-caption-text gallery-caption' id='gallery-1-1962'>\n\t\t\t\tJNR Falcon 18k Hielo de manzana \u00e1cida pvajf18000\n\t\t\t\t<\/figcaption><\/figure>\n\t\t<\/div>\n\t\t<\/div>\n\t\t\t\t\t\t<\/div>\n\t\t\t\t<\/div>\n\t\t\t\t<\/div>\n\t\t<div role=\"region\" aria-labelledby=\"e-n-accordion-item-8551\" class=\"elementor-element elementor-element-9b86ae6 e-con-full e-flex e-con e-child\" data-id=\"9b86ae6\" data-element_type=\"container\" data-e-type=\"container\">\n\t\t\t\t<div class=\"elementor-element elementor-element-756979a elementor-widget__width-initial elementor-widget elementor-widget-text-editor\" data-id=\"756979a\" data-element_type=\"widget\" data-e-type=\"widget\" data-widget_type=\"text-editor.default\">\n\t\t\t\t<div class=\"elementor-widget-container\">\n\t\t\t\t\t\t\t\t\t<p>El sabor Sour Apple Ice es muy expresivo gracias al dise\u00f1o de la bobina de doble malla de 0,6 ohmios del JNR Falcon 18000. A diferencia de otros productos del mercado, esta tecnolog\u00eda de doble n\u00facleo puede liberar plenamente el sabor de m\u00faltiples capas de la manzana verde: primero la acidez crujiente, luego el dulzor moderado y, por \u00faltimo, dejando una sensaci\u00f3n duradera de frescura. La densidad del humo es perfecta, no demasiado espeso para obstruir la visi\u00f3n del conductor.<\/p><p>Menci\u00f3n especial merece su funci\u00f3n de flujo de aire ajustable. A veces, cuando me siento cansado despu\u00e9s del trabajo, subo el caudal de aire para que la sensaci\u00f3n de frescor sea m\u00e1s intensa y directa; y en un fin de semana tranquilo, puedo bajar el caudal de aire y saborear los niveles cambiantes de sabor agridulce. Esta experiencia personalizada forma parte de nuestra b\u00fasqueda francesa de la calidad de vida.<\/p>\t\t\t\t\t\t\t\t<\/div>\n\t\t\t\t<\/div>\n\t\t\t\t<\/div>\n\t\t\t\t<\/div>\n\t\t<div role=\"region\" aria-labelledby=\"e-n-accordion-item-8551\" class=\"elementor-element elementor-element-7926c6b e-con-full e-flex e-con e-child\" data-id=\"7926c6b\" data-element_type=\"container\" data-e-type=\"container\">\n\t\t\t\t<div class=\"elementor-element elementor-element-2b41948 elementor-widget elementor-widget-text-editor\" data-id=\"2b41948\" data-element_type=\"widget\" data-e-type=\"widget\" data-widget_type=\"text-editor.default\">\n\t\t\t\t<div class=\"elementor-widget-container\">\n\t\t\t\t\t\t\t\t\t<p>El dise\u00f1o con pantalla LED tambi\u00e9n est\u00e1 muy pensado, ya que elimina la necesidad de adivinar el n\u00famero de inhalaciones restantes y la carga de la bater\u00eda, lo que hace que su uso sea m\u00e1s intuitivo. El cuerpo mide 53,5 \u00d7 32 \u00d7 121 mm, lo que es perfecto para sostenerlo en la mano y no parecer\u00e1 voluminoso al meterlo en un bolsillo.<\/p><p>Para ser sincero, he probado bastantes cigarrillos electr\u00f3nicos antes, pero pocos productos pueden ofrecer una experiencia de sabor tan fresca y natural como el JNR Falcon 18000, conservando al mismo tiempo la satisfacci\u00f3n de la nicotina (el contenido de nicotina del 2% es perfecto). Incluso en Francia, donde la prohibici\u00f3n de fumar es cada vez m\u00e1s estricta, este producto me permite disfrutar de una agradable siesta en el poco tiempo que queda antes de salir a la carretera.<\/p><p>Si ya est\u00e1 harto de la monoton\u00eda del tabaco tradicional o si busca un cigarrillo electr\u00f3nico capaz de aportar un toque de frescura a la agitada vida urbana, el Sour Apple Ice de JNR Falcon 18000 es sin duda una buena elecci\u00f3n. No es s\u00f3lo un cigarrillo electr\u00f3nico, es tambi\u00e9n una declaraci\u00f3n de moda en la vida moderna francesa.<\/p>\t\t\t\t\t\t\t\t<\/div>\n\t\t\t\t<\/div>\n\t\t\t\t<\/div>\n\t\t\t\t\t<\/div>\n\t\t\t\t<\/div>\n\t\t\t\t<\/div>\n\t\t\t\t\t<\/details>\n\t\t\t\t\t<\/div>\n\t\t\t\t\t\t<\/div>\n\t\t\t\t<\/div>\n\t\t\t\t\t<\/div>\n\t\t\t\t<\/div>\n\t\t\t\t<\/div>","protected":false},"excerpt":{"rendered":"<p>Caract\u00e9ristiques du JNR Falcon 18K Sour Apple Ice: Bouff\u00e9es : Jusqu\u2019\u00e0 18000 bouff\u00e9es Liquide : 24 ml Taux de nicotine : 0 %, 2 %, 5 % R\u00e9sistance : 0.6 ohm Capacit\u00e9 de la batterie : 950 mAh Chargement : Type-C D\u00e9bit d\u2019air r\u00e9glable : Oui Affichage num\u00e9rique R\u00e9sistance double maille et double c\u0153ur Dimensions [&hellip;]<\/p>\n","protected":false},"featured_media":1962,"comment_status":"open","ping_status":"closed","template":"","meta":{"site-sidebar-layout":"no-sidebar","site-content-layout":"page-builder","ast-site-content-layout":"normal-width-container","site-content-style":"default","site-sidebar-style":"default","ast-global-header-display":"","ast-banner-title-visibility":"","ast-main-header-display":"","ast-hfb-above-header-display":"","ast-hfb-below-header-display":"","ast-hfb-mobile-header-display":"","site-post-title":"disabled","ast-breadcrumbs-content":"","ast-featured-img":"disabled","footer-sml-layout":"","ast-disable-related-posts":"","theme-transparent-header-meta":"default","adv-header-id-meta":"","stick-header-meta":"default","header-above-stick-meta":"","header-main-stick-meta":"","header-below-stick-meta":"","astra-migrate-meta-layouts":"set","ast-page-background-enabled":"default","ast-page-background-meta":{"desktop":{"background-color":"","background-image":"","background-repeat":"repeat","background-position":"center center","background-size":"auto","background-attachment":"scroll","background-type":"","background-media":"","overlay-type":"","overlay-color":"","overlay-opacity":"","overlay-gradient":""},"tablet":{"background-color":"","background-image":"","background-repeat":"repeat","background-position":"center center","background-size":"auto","background-attachment":"scroll","background-type":"","background-media":"","overlay-type":"","overlay-color":"","overlay-opacity":"","overlay-gradient":""},"mobile":{"background-color":"","background-image":"","background-repeat":"repeat","background-position":"center center","background-size":"auto","background-attachment":"scroll","background-type":"","background-media":"","overlay-type":"","overlay-color":"","overlay-opacity":"","overlay-gradient":""}},"ast-content-background-meta":{"desktop":{"background-color":"var(--ast-global-color-5)","background-image":"","background-repeat":"repeat","background-position":"center center","background-size":"auto","background-attachment":"scroll","background-type":"","background-media":"","overlay-type":"","overlay-color":"","overlay-opacity":"","overlay-gradient":""},"tablet":{"background-color":"var(--ast-global-color-5)","background-image":"","background-repeat":"repeat","background-position":"center center","background-size":"auto","background-attachment":"scroll","background-type":"","background-media":"","overlay-type":"","overlay-color":"","overlay-opacity":"","overlay-gradient":""},"mobile":{"background-color":"var(--ast-global-color-5)","background-image":"","background-repeat":"repeat","background-position":"center center","background-size":"auto","background-attachment":"scroll","background-type":"","background-media":"","overlay-type":"","overlay-color":"","overlay-opacity":"","overlay-gradient":""}}},"product_brand":[30],"product_cat":[40,84,77,34,15],"product_tag":[],"class_list":{"0":"post-2022","1":"product","2":"type-product","3":"status-publish","4":"has-post-thumbnail","6":"product_brand-jnr","7":"product_cat-jnr-18k","8":"product_cat-puff-18k","9":"product_cat-entrepot-de-lue","10":"product_cat-puff-jnr","11":"product_cat-magasin-cigarette-electronique","12":"desktop-align-center","13":"tablet-align-center","14":"mobile-align-center","15":"ast-product-gallery-layout-horizontal","16":"ast-product-gallery-with-no-image","17":"ast-product-single-variable","18":"ast-product-tabs-layout-horizontal","19":"ast-qv-on-image","21":"first","22":"instock","23":"sale","24":"shipping-taxable","25":"purchasable","26":"product-type-variable","27":"has-default-attributes"},"tiered_pricing_type":"fixed","tiered_pricing_fixed_rules":{"30":10.08,"60":9.28,"100":8.13,"200":7.48,"500":7.28,"1000":6.98},"tiered_pricing_product_settings":{"layout":"default","base_unit_name":{"singular":null,"plural":null},"default_variation":null},"tiered_pricing_minimum_quantity":null,"tiered_pricing_roles_data":[],"tiered_pricing_percentage_rules":[],"_links":{"self":[{"href":"https:\/\/puffvapestore.com\/es\/wp-json\/wp\/v2\/product\/2022","targetHints":{"allow":["GET"]}}],"collection":[{"href":"https:\/\/puffvapestore.com\/es\/wp-json\/wp\/v2\/product"}],"about":[{"href":"https:\/\/puffvapestore.com\/es\/wp-json\/wp\/v2\/types\/product"}],"replies":[{"embeddable":true,"href":"https:\/\/puffvapestore.com\/es\/wp-json\/wp\/v2\/comments?post=2022"}],"version-history":[{"count":23,"href":"https:\/\/puffvapestore.com\/es\/wp-json\/wp\/v2\/product\/2022\/revisions"}],"predecessor-version":[{"id":13620,"href":"https:\/\/puffvapestore.com\/es\/wp-json\/wp\/v2\/product\/2022\/revisions\/13620"}],"wp:featuredmedia":[{"embeddable":true,"href":"https:\/\/puffvapestore.com\/es\/wp-json\/wp\/v2\/media\/1962"}],"wp:attachment":[{"href":"https:\/\/puffvapestore.com\/es\/wp-json\/wp\/v2\/media?parent=2022"}],"wp:term":[{"taxonomy":"product_brand","embeddable":true,"href":"https:\/\/puffvapestore.com\/es\/wp-json\/wp\/v2\/product_brand?post=2022"},{"taxonomy":"product_cat","embeddable":true,"href":"https:\/\/puffvapestore.com\/es\/wp-json\/wp\/v2\/product_cat?post=2022"},{"taxonomy":"product_tag","embeddable":true,"href":"https:\/\/puffvapestore.com\/es\/wp-json\/wp\/v2\/product_tag?post=2022"}],"curies":[{"name":"wp","href":"https:\/\/api.w.org\/{rel}","templated":true}]}}