{"id":1868,"date":"2025-04-02T12:03:07","date_gmt":"2025-04-02T12:03:07","guid":{"rendered":"https:\/\/puffvapestore.com\/?post_type=product&#038;p=1868"},"modified":"2026-04-20T11:03:13","modified_gmt":"2026-04-20T11:03:13","slug":"jnr-falcon-16000-blue-razz-cherry","status":"publish","type":"product","link":"https:\/\/puffvapestore.com\/es\/product\/jnr-falcon-16000-azul-razz-cereza\/","title":{"rendered":"JNR Falcon 16000 Azul Razz Cereza"},"content":{"rendered":"<div data-elementor-type=\"wp-post\" data-elementor-id=\"1868\" class=\"elementor elementor-1868\">\n\t\t\t\t<div class=\"elementor-element elementor-element-824a998 e-flex e-con-boxed e-con e-parent\" data-id=\"824a998\" data-element_type=\"container\" data-e-type=\"container\">\n\t\t\t\t\t<div class=\"e-con-inner\">\n\t\t\t\t<div class=\"elementor-element elementor-element-55fd5fa elementor-widget elementor-widget-text-editor\" data-id=\"55fd5fa\" data-element_type=\"widget\" data-e-type=\"widget\" data-widget_type=\"text-editor.default\">\n\t\t\t\t<div class=\"elementor-widget-container\">\n\t\t\t\t\t\t\t\t\t<h2>JNR Falcon 16000 Cereza Azul Razz<\/h2><p>Imag\u00ednese sentado a orillas del Sena, en Par\u00eds, con la brisa soplando suavemente y el sol brillando sobre usted. <strong>JNR Falcon 16000 Azul Razz Cereza<\/strong> en la mano exhalando lentamente un hilillo de humo mezclado con ar\u00e1ndanos y frambuesas, y luego emerge silenciosamente un toque de dulzura de cereza. No se trata de una experiencia de cigarrillo electr\u00f3nico corriente, sino de un fest\u00edn de sabor, un encuentro rom\u00e1ntico entre el sabor afrutado y la tecnolog\u00eda.<\/p><h3>Blue Razz Cherry: una experiencia digna de una cereza en un huerto<\/h3><p>El sabor Blue Razz Cherry es una estrella del rock en el mundo de la fruta. Combina a la perfecci\u00f3n la acidez de las frambuesas azules, su fragancia y la sedosa dulzura de las cerezas. Cada inhalaci\u00f3n del humo es como una sinfon\u00eda en la boca. La nota alta es refrescante, la media es rica, el final es dulce y el regusto es infinito.<\/p><p>A los franceses les encanta la comida deliciosa y son casi exigentes cuando se trata de mezclar sabores. <strong>Azul Razz Cereza<\/strong> es m\u00e1s que un simple sabor de cigarrillo electr\u00f3nico; es un experimento audaz, una aventura para el paladar, como el destello de inspiraci\u00f3n que tiene un pastelero parisino cuando experimenta con una nueva receta.<\/p>\t\t\t\t\t\t\t\t<\/div>\n\t\t\t\t<\/div>\n\t\t\t\t\t<\/div>\n\t\t\t\t<\/div>\n\t\t<div class=\"elementor-element elementor-element-942ccb0 e-flex e-con-boxed e-con e-parent\" data-id=\"942ccb0\" data-element_type=\"container\" data-e-type=\"container\">\n\t\t\t\t\t<div class=\"e-con-inner\">\n\t\t<div class=\"elementor-element elementor-element-577deeb e-con-full e-flex e-con e-child\" data-id=\"577deeb\" data-element_type=\"container\" data-e-type=\"container\">\n\t\t\t\t<div class=\"elementor-element elementor-element-5d167cf elementor-widget elementor-widget-text-editor\" data-id=\"5d167cf\" data-element_type=\"widget\" data-e-type=\"widget\" data-widget_type=\"text-editor.default\">\n\t\t\t\t<div class=\"elementor-widget-container\">\n\t\t\t\t\t\t\t\t\t<h2>Detalles de JNR Falcon 16000 Azul Razz Cereza<\/h2><p>Bocanadas : Hasta 16.000 caladas<br \/>L\u00edquido: 22 ml<br \/>Niveles de nicotina: 0 %, 2 %, 5 %<br \/>Resistencia: 1,0 ohm<br \/>Capacidad de la bater\u00eda: 850 mAh<br \/>Carga: Tipo-C<br \/>Doble malla y doble n\u00facleo de resistencia<br \/>Dimensiones: 53,5 x 32 x 110 mm<\/p>\t\t\t\t\t\t\t\t<\/div>\n\t\t\t\t<\/div>\n\t\t\t\t<\/div>\n\t\t<div class=\"elementor-element elementor-element-d5e4b56 e-con-full e-flex e-con e-child\" data-id=\"d5e4b56\" data-element_type=\"container\" data-e-type=\"container\">\n\t\t\t\t<div class=\"elementor-element elementor-element-381dfcb elementor-widget elementor-widget-image-gallery\" data-id=\"381dfcb\" data-element_type=\"widget\" data-e-type=\"widget\" data-widget_type=\"image-gallery.default\">\n\t\t\t\t<div class=\"elementor-widget-container\">\n\t\t\t\t\t\t\t<div class=\"elementor-image-gallery\">\n\t\t\t<div id='gallery-1' class='gallery galleryid-1868 gallery-columns-1 gallery-size-medium_large'><figure class='gallery-item'>\n\t\t\t<div class='gallery-icon portrait'>\n\t\t\t\t<img fetchpriority=\"high\" decoding=\"async\" width=\"654\" height=\"690\" src=\"https:\/\/puffvapestore.com\/wp-content\/uploads\/2025\/03\/pvajf16000-9.jpg\" class=\"attachment-medium_large size-medium_large\" alt=\"JNR Falcon 16K Azul Razz Hielo\" aria-describedby=\"gallery-1-1556\" srcset=\"https:\/\/puffvapestore.com\/wp-content\/uploads\/2025\/03\/pvajf16000-9.jpg 654w, https:\/\/puffvapestore.com\/wp-content\/uploads\/2025\/03\/pvajf16000-9-284x300.jpg 284w, https:\/\/puffvapestore.com\/wp-content\/uploads\/2025\/03\/pvajf16000-9-600x633.jpg 600w\" sizes=\"(max-width: 654px) 100vw, 654px\" \/>\n\t\t\t<\/div>\n\t\t\t\t<figcaption class='wp-caption-text gallery-caption' id='gallery-1-1556'>\n\t\t\t\tJNR Falcon 16K Azul Razz Hielo\n\t\t\t\t<\/figcaption><\/figure>\n\t\t<\/div>\n\t\t<\/div>\n\t\t\t\t\t\t<\/div>\n\t\t\t\t<\/div>\n\t\t\t\t<\/div>\n\t\t\t\t\t<\/div>\n\t\t\t\t<\/div>\n\t\t<div class=\"elementor-element elementor-element-7926c6b e-flex e-con-boxed e-con e-parent\" data-id=\"7926c6b\" data-element_type=\"container\" data-e-type=\"container\">\n\t\t\t\t\t<div class=\"e-con-inner\">\n\t\t\t\t<div class=\"elementor-element elementor-element-2b41948 elementor-widget elementor-widget-text-editor\" data-id=\"2b41948\" data-element_type=\"widget\" data-e-type=\"widget\" data-widget_type=\"text-editor.default\">\n\t\t\t\t<div class=\"elementor-widget-container\">\n\t\t\t\t\t\t\t\t\t<h2>\u00bfPor qu\u00e9 Blue Razz Cherry es una excelente opci\u00f3n para los franceses?<\/h2><h3>1. Un viaje sensorial afrutado<\/h3><p>A los franceses les encanta la comida deliciosa, y tanto si se trata de un exquisito postre de un restaurante Michelin como de una tarta fresca de una boulangerie local, el equilibrio y la superposici\u00f3n de sabores son esenciales. El sabor de Blue Razz Cherry es como un viaje gustativo cuidadosamente planificado, con una explosi\u00f3n de aroma afrutado, seguida de una lenta liberaci\u00f3n de dulzor y, por \u00faltimo, un ligero regusto inolvidable.<\/p><h3>2. Adecuado para cualquier momento y ocasi\u00f3n<\/h3><p>Ya sea paseando por las calles de Par\u00eds o de vacaciones en la playa del sur de Francia, un <strong>cigarrillo puff JNR Falcon 16000 Azul Razz Cereza<\/strong> puede sumergirle en un ambiente relajado y agradable. No es ni demasiado dulce ni demasiado picante, la mezcla justa de frescor afrutado y satisfacci\u00f3n ahumada.<\/p>\t\t\t\t\t\t\t\t<\/div>\n\t\t\t\t<\/div>\n\t\t\t\t\t<\/div>\n\t\t\t\t<\/div>\n\t\t\t\t<\/div>","protected":false},"excerpt":{"rendered":"<p>JNR Falcon 16000 Bleu Razz Cerise Imaginez-vous assis au bord de la Seine \u00e0 Paris, avec la brise qui souffle doucement, et le JNR Falcon 16000 Blue Razz Cherry dans votre main exhalant lentement un filet de fum\u00e9e m\u00e9lang\u00e9 \u00e0 des myrtilles et des framboises, puis un soup\u00e7on de douceur de cerise \u00e9merge tranquillement. Il [&hellip;]<\/p>\n","protected":false},"featured_media":1556,"comment_status":"open","ping_status":"closed","template":"","meta":{"site-sidebar-layout":"no-sidebar","site-content-layout":"page-builder","ast-site-content-layout":"normal-width-container","site-content-style":"default","site-sidebar-style":"default","ast-global-header-display":"","ast-banner-title-visibility":"","ast-main-header-display":"","ast-hfb-above-header-display":"","ast-hfb-below-header-display":"","ast-hfb-mobile-header-display":"","site-post-title":"disabled","ast-breadcrumbs-content":"","ast-featured-img":"disabled","footer-sml-layout":"","ast-disable-related-posts":"","theme-transparent-header-meta":"default","adv-header-id-meta":"","stick-header-meta":"default","header-above-stick-meta":"","header-main-stick-meta":"","header-below-stick-meta":"","astra-migrate-meta-layouts":"set","ast-page-background-enabled":"default","ast-page-background-meta":{"desktop":{"background-color":"","background-image":"","background-repeat":"repeat","background-position":"center center","background-size":"auto","background-attachment":"scroll","background-type":"","background-media":"","overlay-type":"","overlay-color":"","overlay-opacity":"","overlay-gradient":""},"tablet":{"background-color":"","background-image":"","background-repeat":"repeat","background-position":"center center","background-size":"auto","background-attachment":"scroll","background-type":"","background-media":"","overlay-type":"","overlay-color":"","overlay-opacity":"","overlay-gradient":""},"mobile":{"background-color":"","background-image":"","background-repeat":"repeat","background-position":"center center","background-size":"auto","background-attachment":"scroll","background-type":"","background-media":"","overlay-type":"","overlay-color":"","overlay-opacity":"","overlay-gradient":""}},"ast-content-background-meta":{"desktop":{"background-color":"var(--ast-global-color-5)","background-image":"","background-repeat":"repeat","background-position":"center center","background-size":"auto","background-attachment":"scroll","background-type":"","background-media":"","overlay-type":"","overlay-color":"","overlay-opacity":"","overlay-gradient":""},"tablet":{"background-color":"var(--ast-global-color-5)","background-image":"","background-repeat":"repeat","background-position":"center center","background-size":"auto","background-attachment":"scroll","background-type":"","background-media":"","overlay-type":"","overlay-color":"","overlay-opacity":"","overlay-gradient":""},"mobile":{"background-color":"var(--ast-global-color-5)","background-image":"","background-repeat":"repeat","background-position":"center center","background-size":"auto","background-attachment":"scroll","background-type":"","background-media":"","overlay-type":"","overlay-color":"","overlay-opacity":"","overlay-gradient":""}}},"product_brand":[30],"product_cat":[15,81,77,36],"product_tag":[],"class_list":{"0":"post-1868","1":"product","2":"type-product","3":"status-publish","4":"has-post-thumbnail","6":"product_brand-jnr","7":"product_cat-magasin-cigarette-electronique","8":"product_cat-puff-16k","9":"product_cat-entrepot-de-lue","10":"product_cat-jnr-16k","11":"desktop-align-center","12":"tablet-align-center","13":"mobile-align-center","14":"ast-product-gallery-layout-horizontal","15":"ast-product-gallery-with-no-image","16":"ast-product-single-variable","17":"ast-product-tabs-layout-horizontal","18":"ast-qv-on-image","20":"first","21":"instock","22":"sale","23":"shipping-taxable","24":"purchasable","25":"product-type-variable","26":"has-default-attributes"},"tiered_pricing_type":"fixed","tiered_pricing_fixed_rules":{"30":9.88,"60":9.26,"100":8.06,"200":7.38,"500":6.98,"1000":6.8},"tiered_pricing_product_settings":{"layout":"default","base_unit_name":{"singular":null,"plural":null},"default_variation":null},"tiered_pricing_minimum_quantity":null,"tiered_pricing_roles_data":[],"tiered_pricing_percentage_rules":[],"_links":{"self":[{"href":"https:\/\/puffvapestore.com\/es\/wp-json\/wp\/v2\/product\/1868","targetHints":{"allow":["GET"]}}],"collection":[{"href":"https:\/\/puffvapestore.com\/es\/wp-json\/wp\/v2\/product"}],"about":[{"href":"https:\/\/puffvapestore.com\/es\/wp-json\/wp\/v2\/types\/product"}],"replies":[{"embeddable":true,"href":"https:\/\/puffvapestore.com\/es\/wp-json\/wp\/v2\/comments?post=1868"}],"version-history":[{"count":16,"href":"https:\/\/puffvapestore.com\/es\/wp-json\/wp\/v2\/product\/1868\/revisions"}],"predecessor-version":[{"id":17673,"href":"https:\/\/puffvapestore.com\/es\/wp-json\/wp\/v2\/product\/1868\/revisions\/17673"}],"wp:featuredmedia":[{"embeddable":true,"href":"https:\/\/puffvapestore.com\/es\/wp-json\/wp\/v2\/media\/1556"}],"wp:attachment":[{"href":"https:\/\/puffvapestore.com\/es\/wp-json\/wp\/v2\/media?parent=1868"}],"wp:term":[{"taxonomy":"product_brand","embeddable":true,"href":"https:\/\/puffvapestore.com\/es\/wp-json\/wp\/v2\/product_brand?post=1868"},{"taxonomy":"product_cat","embeddable":true,"href":"https:\/\/puffvapestore.com\/es\/wp-json\/wp\/v2\/product_cat?post=1868"},{"taxonomy":"product_tag","embeddable":true,"href":"https:\/\/puffvapestore.com\/es\/wp-json\/wp\/v2\/product_tag?post=1868"}],"curies":[{"name":"wp","href":"https:\/\/api.w.org\/{rel}","templated":true}]}}