{"id":1854,"date":"2025-03-31T02:49:42","date_gmt":"2025-03-31T02:49:42","guid":{"rendered":"https:\/\/puffvapestore.com\/?post_type=product&#038;p=1854"},"modified":"2026-04-20T11:03:27","modified_gmt":"2026-04-20T11:03:27","slug":"jnr-falcon-16000-cola-ice","status":"publish","type":"product","link":"https:\/\/puffvapestore.com\/es\/product\/jnr-falcon-16000-cola-ice\/","title":{"rendered":"JNR Falcon 16000 Cola Ice"},"content":{"rendered":"<div data-elementor-type=\"wp-post\" data-elementor-id=\"1854\" class=\"elementor elementor-1854\">\n\t\t\t\t<div class=\"elementor-element elementor-element-824a998 e-flex e-con-boxed e-con e-parent\" data-id=\"824a998\" data-element_type=\"container\" data-e-type=\"container\">\n\t\t\t\t\t<div class=\"e-con-inner\">\n\t\t\t\t<div class=\"elementor-element elementor-element-55fd5fa elementor-widget elementor-widget-text-editor\" data-id=\"55fd5fa\" data-element_type=\"widget\" data-e-type=\"widget\" data-widget_type=\"text-editor.default\">\n\t\t\t\t<div class=\"elementor-widget-container\">\n\t\t\t\t\t\t\t\t\t<h2>JNR Falcon 16000 Cola Ice<\/h2><p>En Francia, disfrutar de un vaso de Coca-Cola bien fr\u00edo es un placer irresistible para muchos. Ya sea en un caf\u00e9 al aire libre en una tarde de verano o en una charla nocturna con amigos, su sabor dulce y fresco, con burbujas ligeramente burbujeantes, siempre invita a quedarse. A partir de ahora, <strong>JNR Falcon 16000 - Cola Ice<\/strong> puede llevar esa experiencia cl\u00e1sica a su cigarrillo electr\u00f3nico, permiti\u00e9ndole disfrutar de ese sabor refrescante familiar en cualquier momento y en cualquier lugar.<\/p>\t\t\t\t\t\t\t\t<\/div>\n\t\t\t\t<\/div>\n\t\t\t\t\t<\/div>\n\t\t\t\t<\/div>\n\t\t<div class=\"elementor-element elementor-element-942ccb0 e-flex e-con-boxed e-con e-parent\" data-id=\"942ccb0\" data-element_type=\"container\" data-e-type=\"container\">\n\t\t\t\t\t<div class=\"e-con-inner\">\n\t\t<div class=\"elementor-element elementor-element-577deeb e-con-full e-flex e-con e-child\" data-id=\"577deeb\" data-element_type=\"container\" data-e-type=\"container\">\n\t\t\t\t<div class=\"elementor-element elementor-element-5d167cf elementor-widget elementor-widget-text-editor\" data-id=\"5d167cf\" data-element_type=\"widget\" data-e-type=\"widget\" data-widget_type=\"text-editor.default\">\n\t\t\t\t<div class=\"elementor-widget-container\">\n\t\t\t\t\t\t\t\t\t<h2>Detalles de JNR Falcon 16000 Cola Ice<\/h2><p>Bocanadas : Hasta 16.000 caladas<br \/>L\u00edquido: 22 ml<br \/>Niveles de nicotina: 0 %, 2 %, 5 %<br \/>Resistencia: 1,0 ohm<br \/>Capacidad de la bater\u00eda: 850 mAh<br \/>Carga: Tipo-C<br \/>Doble malla y doble n\u00facleo de resistencia<br \/>Dimensiones: 53,5 x 32 x 110 mm<\/p>\t\t\t\t\t\t\t\t<\/div>\n\t\t\t\t<\/div>\n\t\t\t\t<\/div>\n\t\t<div class=\"elementor-element elementor-element-d5e4b56 e-con-full e-flex e-con e-child\" data-id=\"d5e4b56\" data-element_type=\"container\" data-e-type=\"container\">\n\t\t\t\t<div class=\"elementor-element elementor-element-381dfcb elementor-widget elementor-widget-image-gallery\" data-id=\"381dfcb\" data-element_type=\"widget\" data-e-type=\"widget\" data-widget_type=\"image-gallery.default\">\n\t\t\t\t<div class=\"elementor-widget-container\">\n\t\t\t\t\t\t\t<div class=\"elementor-image-gallery\">\n\t\t\t<div id='gallery-1' class='gallery galleryid-1854 gallery-columns-1 gallery-size-medium_large'><figure class='gallery-item'>\n\t\t\t<div class='gallery-icon portrait'>\n\t\t\t\t<img fetchpriority=\"high\" decoding=\"async\" width=\"654\" height=\"690\" src=\"https:\/\/puffvapestore.com\/wp-content\/uploads\/2025\/03\/pvajf16000-18.jpg\" class=\"attachment-medium_large size-medium_large\" alt=\"JNR Falcon 16K Cola Ice\" aria-describedby=\"gallery-1-1565\" srcset=\"https:\/\/puffvapestore.com\/wp-content\/uploads\/2025\/03\/pvajf16000-18.jpg 654w, https:\/\/puffvapestore.com\/wp-content\/uploads\/2025\/03\/pvajf16000-18-284x300.jpg 284w, https:\/\/puffvapestore.com\/wp-content\/uploads\/2025\/03\/pvajf16000-18-600x633.jpg 600w\" sizes=\"(max-width: 654px) 100vw, 654px\" \/>\n\t\t\t<\/div>\n\t\t\t\t<figcaption class='wp-caption-text gallery-caption' id='gallery-1-1565'>\n\t\t\t\tJNR Falcon 16K Cola Ice\n\t\t\t\t<\/figcaption><\/figure>\n\t\t<\/div>\n\t\t<\/div>\n\t\t\t\t\t\t<\/div>\n\t\t\t\t<\/div>\n\t\t\t\t<\/div>\n\t\t\t\t\t<\/div>\n\t\t\t\t<\/div>\n\t\t<div class=\"elementor-element elementor-element-7926c6b e-flex e-con-boxed e-con e-parent\" data-id=\"7926c6b\" data-element_type=\"container\" data-e-type=\"container\">\n\t\t\t\t\t<div class=\"e-con-inner\">\n\t\t\t\t<div class=\"elementor-element elementor-element-2b41948 elementor-widget elementor-widget-text-editor\" data-id=\"2b41948\" data-element_type=\"widget\" data-e-type=\"widget\" data-widget_type=\"text-editor.default\">\n\t\t\t\t<div class=\"elementor-widget-container\">\n\t\t\t\t\t\t\t\t\t<h2>Cola Ice: convertir la frescura de la memoria en vapor<\/h2><p>\u00bfRecuerdas la primera vez que abriste una lata de Coca-Cola bien fr\u00eda? El dulzor del caramelo con un sutil aroma c\u00edtrico, mezclado con las burbujas frescas, golpea las papilas gustativas, disipa instant\u00e1neamente el calor y hace que quieras tomar otro sorbo. La <strong>cigarrillo electr\u00f3nico JNR Falcon 16000 - Cola Ice<\/strong> reproduce a la perfecci\u00f3n esta experiencia y a\u00f1ade un toque extra de hielo, haciendo que cada inhalaci\u00f3n de humo sea como un soplo refrescante en mitad de la noche, \u00a1despertando al instante tus papilas gustativas!<\/p><ul><li><strong>Aut\u00e9ntico sabor a cola<\/strong> La riqueza del caramelo, el ligero sabor c\u00edtrico y la combinaci\u00f3n perfecta de esa cl\u00e1sica \u00absensaci\u00f3n de soda\u00bb.<\/li><li><strong>Buena actualizaci\u00f3n<\/strong> La cantidad justa de frescor, como una lata de cola reci\u00e9n sacada de la nevera, estimulante pero no irritante para la garganta, refrescante pero no demasiado estimulante.<\/li><li><strong>Regusto duradero<\/strong> Cola Ice: A diferencia de la cola real, que se vuelve ins\u00edpida a medida que el hielo se derrite, el sabor de este cigarrillo electr\u00f3nico Cola Ice se mantiene estable desde la primera hasta la \u00faltima calada, proporcionando siempre puro placer gustativo.<\/li><\/ul><h3>\u00bfPor qu\u00e9 es tan popular en Francia el sabor Cola Ice?<\/h3><p>Los franceses son famosos por su b\u00fasqueda del sabor, y no es casualidad que Cola Ice haya conquistado a los exigentes aficionados franceses a los cigarrillos electr\u00f3nicos.<\/p><h4>1. No faltan cl\u00e1sicos para evocar la nostalgia<\/h4><p>La Coca-Cola no es s\u00f3lo una bebida, es una memoria colectiva. Desde las fiestas de cumplea\u00f1os de mi infancia, pasando por las meriendas en el cine de mi adolescencia, hasta las siestas vespertinas de la edad adulta, el sabor de la Coca-Cola lleva consigo recuerdos de alegr\u00eda, libertad y despreocupaci\u00f3n. <strong>JNR Falcon 16000 - Cola Ice<\/strong> permite a las personas evocar esos maravillosos recuerdos cada vez que inhalan el humo, como si retrocedieran en el tiempo hasta aquella despreocupada tarde de verano.<\/p><h4>2. Adecuado para todas las ocasiones, una opci\u00f3n vers\u00e1til<\/h4><p>A diferencia de algunos sabores fuertes o complejos que requieren un estado de \u00e1nimo o una escena espec\u00edfica para ser disfrutados, Cola Ice es el tipo de sabor de cigarrillo electr\u00f3nico que puede proporcionar placer en cualquier momento y lugar. Ya sea una calada de humo por la ma\u00f1ana para refrescarte, un toque de frescor por la tarde o un momento de relajaci\u00f3n por la noche, se adapta perfectamente para que tu experiencia sea constante.<\/p>\t\t\t\t\t\t\t\t<\/div>\n\t\t\t\t<\/div>\n\t\t\t\t\t<\/div>\n\t\t\t\t<\/div>\n\t\t\t\t<\/div>","protected":false},"excerpt":{"rendered":"<p>JNR Falcon 16000 Cola Ice En France, d\u00e9guster un verre de Coca-Cola bien frais est un plaisir que beaucoup de gens trouvent irr\u00e9sistible. Qu&rsquo;il s&rsquo;agisse d&rsquo;un caf\u00e9 en plein air un apr\u00e8s-midi d&rsquo;\u00e9t\u00e9 ou d&rsquo;une discussion avec des amis tard le soir, le go\u00fbt familier, sucr\u00e9 et frais, avec des bulles l\u00e9g\u00e8rement sautillantes, incite toujours [&hellip;]<\/p>\n","protected":false},"featured_media":1565,"comment_status":"open","ping_status":"closed","template":"","meta":{"site-sidebar-layout":"no-sidebar","site-content-layout":"page-builder","ast-site-content-layout":"normal-width-container","site-content-style":"default","site-sidebar-style":"default","ast-global-header-display":"","ast-banner-title-visibility":"","ast-main-header-display":"","ast-hfb-above-header-display":"","ast-hfb-below-header-display":"","ast-hfb-mobile-header-display":"","site-post-title":"disabled","ast-breadcrumbs-content":"","ast-featured-img":"disabled","footer-sml-layout":"","ast-disable-related-posts":"","theme-transparent-header-meta":"default","adv-header-id-meta":"","stick-header-meta":"default","header-above-stick-meta":"","header-main-stick-meta":"","header-below-stick-meta":"","astra-migrate-meta-layouts":"set","ast-page-background-enabled":"default","ast-page-background-meta":{"desktop":{"background-color":"","background-image":"","background-repeat":"repeat","background-position":"center center","background-size":"auto","background-attachment":"scroll","background-type":"","background-media":"","overlay-type":"","overlay-color":"","overlay-opacity":"","overlay-gradient":""},"tablet":{"background-color":"","background-image":"","background-repeat":"repeat","background-position":"center center","background-size":"auto","background-attachment":"scroll","background-type":"","background-media":"","overlay-type":"","overlay-color":"","overlay-opacity":"","overlay-gradient":""},"mobile":{"background-color":"","background-image":"","background-repeat":"repeat","background-position":"center center","background-size":"auto","background-attachment":"scroll","background-type":"","background-media":"","overlay-type":"","overlay-color":"","overlay-opacity":"","overlay-gradient":""}},"ast-content-background-meta":{"desktop":{"background-color":"var(--ast-global-color-5)","background-image":"","background-repeat":"repeat","background-position":"center center","background-size":"auto","background-attachment":"scroll","background-type":"","background-media":"","overlay-type":"","overlay-color":"","overlay-opacity":"","overlay-gradient":""},"tablet":{"background-color":"var(--ast-global-color-5)","background-image":"","background-repeat":"repeat","background-position":"center center","background-size":"auto","background-attachment":"scroll","background-type":"","background-media":"","overlay-type":"","overlay-color":"","overlay-opacity":"","overlay-gradient":""},"mobile":{"background-color":"var(--ast-global-color-5)","background-image":"","background-repeat":"repeat","background-position":"center center","background-size":"auto","background-attachment":"scroll","background-type":"","background-media":"","overlay-type":"","overlay-color":"","overlay-opacity":"","overlay-gradient":""}}},"product_brand":[30],"product_cat":[15,81,77,36],"product_tag":[],"class_list":{"0":"post-1854","1":"product","2":"type-product","3":"status-publish","4":"has-post-thumbnail","6":"product_brand-jnr","7":"product_cat-magasin-cigarette-electronique","8":"product_cat-puff-16k","9":"product_cat-entrepot-de-lue","10":"product_cat-jnr-16k","11":"desktop-align-center","12":"tablet-align-center","13":"mobile-align-center","14":"ast-product-gallery-layout-horizontal","15":"ast-product-gallery-with-no-image","16":"ast-product-single-variable","17":"ast-product-tabs-layout-horizontal","18":"ast-qv-on-image","20":"first","21":"instock","22":"sale","23":"shipping-taxable","24":"purchasable","25":"product-type-variable","26":"has-default-attributes"},"tiered_pricing_type":"fixed","tiered_pricing_fixed_rules":{"30":9.88,"60":9.26,"100":8.06,"200":7.38,"500":6.98,"1000":6.8},"tiered_pricing_product_settings":{"layout":"default","base_unit_name":{"singular":null,"plural":null},"default_variation":null},"tiered_pricing_minimum_quantity":null,"tiered_pricing_roles_data":[],"tiered_pricing_percentage_rules":[],"_links":{"self":[{"href":"https:\/\/puffvapestore.com\/es\/wp-json\/wp\/v2\/product\/1854","targetHints":{"allow":["GET"]}}],"collection":[{"href":"https:\/\/puffvapestore.com\/es\/wp-json\/wp\/v2\/product"}],"about":[{"href":"https:\/\/puffvapestore.com\/es\/wp-json\/wp\/v2\/types\/product"}],"replies":[{"embeddable":true,"href":"https:\/\/puffvapestore.com\/es\/wp-json\/wp\/v2\/comments?post=1854"}],"version-history":[{"count":16,"href":"https:\/\/puffvapestore.com\/es\/wp-json\/wp\/v2\/product\/1854\/revisions"}],"predecessor-version":[{"id":17681,"href":"https:\/\/puffvapestore.com\/es\/wp-json\/wp\/v2\/product\/1854\/revisions\/17681"}],"wp:featuredmedia":[{"embeddable":true,"href":"https:\/\/puffvapestore.com\/es\/wp-json\/wp\/v2\/media\/1565"}],"wp:attachment":[{"href":"https:\/\/puffvapestore.com\/es\/wp-json\/wp\/v2\/media?parent=1854"}],"wp:term":[{"taxonomy":"product_brand","embeddable":true,"href":"https:\/\/puffvapestore.com\/es\/wp-json\/wp\/v2\/product_brand?post=1854"},{"taxonomy":"product_cat","embeddable":true,"href":"https:\/\/puffvapestore.com\/es\/wp-json\/wp\/v2\/product_cat?post=1854"},{"taxonomy":"product_tag","embeddable":true,"href":"https:\/\/puffvapestore.com\/es\/wp-json\/wp\/v2\/product_tag?post=1854"}],"curies":[{"name":"wp","href":"https:\/\/api.w.org\/{rel}","templated":true}]}}