{"id":1840,"date":"2025-03-28T13:25:09","date_gmt":"2025-03-28T13:25:09","guid":{"rendered":"https:\/\/puffvapestore.com\/?post_type=product&#038;p=1840"},"modified":"2026-04-20T11:03:41","modified_gmt":"2026-04-20T11:03:41","slug":"puff-jnr-falcon-16000-watermelon-bubblegum","status":"publish","type":"product","link":"https:\/\/puffvapestore.com\/es\/product\/puff-jnr-falcon-16000-sandia-chicle\/","title":{"rendered":"Puff JNR Falcon 16000 Sand\u00eda Chicle"},"content":{"rendered":"<div data-elementor-type=\"wp-post\" data-elementor-id=\"1840\" class=\"elementor elementor-1840\">\n\t\t\t\t<div class=\"elementor-element elementor-element-824a998 e-flex e-con-boxed e-con e-parent\" data-id=\"824a998\" data-element_type=\"container\" data-e-type=\"container\">\n\t\t\t\t\t<div class=\"e-con-inner\">\n\t\t\t\t<div class=\"elementor-element elementor-element-55fd5fa elementor-widget elementor-widget-text-editor\" data-id=\"55fd5fa\" data-element_type=\"widget\" data-e-type=\"widget\" data-widget_type=\"text-editor.default\">\n\t\t\t\t<div class=\"elementor-widget-container\">\n\t\t\t\t\t\t\t\t\t<h2>Puff JNR Falcon 16000 Sand\u00eda Chicle<\/h2><p>En Francia, el cigarrillo electr\u00f3nico no es s\u00f3lo una alternativa para dejar de fumar, sino tambi\u00e9n un estilo, una actitud y una aventura gustativa. Visite <strong>Sand\u00eda sabor chicle de JNR Falcon 16000<\/strong> es el ejemplo perfecto de esta aventura. No es s\u00f3lo un cigarrillo electr\u00f3nico, es un viaje al pasado de sabor. Una bocanada de humo te transporta a tu despreocupada infancia, y una calada de humo te sumerge en dulces recuerdos de tardes de verano.<\/p>\t\t\t\t\t\t\t\t<\/div>\n\t\t\t\t<\/div>\n\t\t\t\t\t<\/div>\n\t\t\t\t<\/div>\n\t\t<div class=\"elementor-element elementor-element-942ccb0 e-flex e-con-boxed e-con e-parent\" data-id=\"942ccb0\" data-element_type=\"container\" data-e-type=\"container\">\n\t\t\t\t\t<div class=\"e-con-inner\">\n\t\t<div class=\"elementor-element elementor-element-577deeb e-con-full e-flex e-con e-child\" data-id=\"577deeb\" data-element_type=\"container\" data-e-type=\"container\">\n\t\t\t\t<div class=\"elementor-element elementor-element-5d167cf elementor-widget elementor-widget-text-editor\" data-id=\"5d167cf\" data-element_type=\"widget\" data-e-type=\"widget\" data-widget_type=\"text-editor.default\">\n\t\t\t\t<div class=\"elementor-widget-container\">\n\t\t\t\t\t\t\t\t\t<h2>Detalles de JNR Falcon 16000 Sand\u00eda Chicle<\/h2><p>Bocanadas : Hasta 16.000 caladas<br \/>L\u00edquido: 22 ml<br \/>Niveles de nicotina: 0 %, 2 %, 5 %<br \/>Resistencia: 1,0 ohm<br \/>Capacidad de la bater\u00eda: 850 mAh<br \/>Carga: Tipo-C<br \/>Doble malla y doble n\u00facleo de resistencia<br \/>Dimensiones: 53,5 x 32 x 110 mm<\/p>\t\t\t\t\t\t\t\t<\/div>\n\t\t\t\t<\/div>\n\t\t\t\t<\/div>\n\t\t<div class=\"elementor-element elementor-element-d5e4b56 e-con-full e-flex e-con e-child\" data-id=\"d5e4b56\" data-element_type=\"container\" data-e-type=\"container\">\n\t\t\t\t<div class=\"elementor-element elementor-element-381dfcb elementor-widget elementor-widget-image-gallery\" data-id=\"381dfcb\" data-element_type=\"widget\" data-e-type=\"widget\" data-widget_type=\"image-gallery.default\">\n\t\t\t\t<div class=\"elementor-widget-container\">\n\t\t\t\t\t\t\t<div class=\"elementor-image-gallery\">\n\t\t\t<div id='gallery-1' class='gallery galleryid-1840 gallery-columns-1 gallery-size-medium_large'><figure class='gallery-item'>\n\t\t\t<div class='gallery-icon portrait'>\n\t\t\t\t<img fetchpriority=\"high\" decoding=\"async\" width=\"654\" height=\"690\" src=\"https:\/\/puffvapestore.com\/wp-content\/uploads\/2025\/03\/pvajf16000-4.jpg\" class=\"attachment-medium_large size-medium_large\" alt=\"JNR Falcon 16K Sand\u00eda Chicle\" aria-describedby=\"gallery-1-1551\" srcset=\"https:\/\/puffvapestore.com\/wp-content\/uploads\/2025\/03\/pvajf16000-4.jpg 654w, https:\/\/puffvapestore.com\/wp-content\/uploads\/2025\/03\/pvajf16000-4-284x300.jpg 284w, https:\/\/puffvapestore.com\/wp-content\/uploads\/2025\/03\/pvajf16000-4-600x633.jpg 600w\" sizes=\"(max-width: 654px) 100vw, 654px\" \/>\n\t\t\t<\/div>\n\t\t\t\t<figcaption class='wp-caption-text gallery-caption' id='gallery-1-1551'>\n\t\t\t\tJNR Falcon 16K Sand\u00eda Chicle\n\t\t\t\t<\/figcaption><\/figure>\n\t\t<\/div>\n\t\t<\/div>\n\t\t\t\t\t\t<\/div>\n\t\t\t\t<\/div>\n\t\t\t\t<\/div>\n\t\t\t\t\t<\/div>\n\t\t\t\t<\/div>\n\t\t<div class=\"elementor-element elementor-element-7926c6b e-flex e-con-boxed e-con e-parent\" data-id=\"7926c6b\" data-element_type=\"container\" data-e-type=\"container\">\n\t\t\t\t\t<div class=\"e-con-inner\">\n\t\t\t\t<div class=\"elementor-element elementor-element-2b41948 elementor-widget elementor-widget-text-editor\" data-id=\"2b41948\" data-element_type=\"widget\" data-e-type=\"widget\" data-widget_type=\"text-editor.default\">\n\t\t\t\t<div class=\"elementor-widget-container\">\n\t\t\t\t\t\t\t\t\t<h2>Cuando el sabor refrescante de la sand\u00eda se encuentra con la dulzura del chicle<\/h2><p>Imag\u00ednese bajo el sol del sur de Francia, con un trozo de jugosa sand\u00eda reci\u00e9n cortada entre las manos y su dulce aroma llenando el aire. Y ese sabor a chicle de sand\u00eda es como sellar esa frescura veraniega en cada bocanada de humo.<\/p><p><strong>En cuanto das la primera calada, te golpea un refrescante sabor a zumo de sand\u00eda.<\/strong><br \/>El equilibrio entre acidez y dulzor es perfecto, como una sand\u00eda reci\u00e9n sacada de la nevera, con una jugosidad sutil que refresca al instante.<\/p><p><strong>Entonces, la dulzura del chicle apareci\u00f3 lentamente<\/strong><br \/>\u00bfRecuerda la alegr\u00eda de mascar chicle cuando era ni\u00f1o? El aireado dulzor perdura en la boca durante mucho tiempo, proporcion\u00e1ndole una sensaci\u00f3n de completa satisfacci\u00f3n. Este cigarrillo electr\u00f3nico recrea esa sensaci\u00f3n a la perfecci\u00f3n, haciendo que quieras dar calada tras calada.<\/p><p><strong>Por \u00faltimo, el regusto a sand\u00eda y chicle se entremezcla.<\/strong><br \/>No es ni demasiado dulce ni demasiado r\u00e1pido, dejando un dulzor duradero, haciendo que cada humo exhalado sea una fiesta para las papilas gustativas.<\/p><h3>La filosof\u00eda francesa del cigarrillo electr\u00f3nico: una experiencia gustativa exquisita<\/h3><p>Los franceses prestan mucha atenci\u00f3n a la comida, los sabores y los rituales de la vida. Visite <strong>sabor JNR Falcon 16000 Sand\u00eda Chicle<\/strong> est\u00e1 dise\u00f1ado para este tipo de exquisitez. No es s\u00f3lo un cigarrillo electr\u00f3nico, es una \u00abalegr\u00eda de vivir\u00bb.<\/p><p>En Par\u00eds, mientras pasea por el Sena, saboree este cigarrillo electr\u00f3nico con sus recuerdos de infancia y sienta la dulce mezcla del romanticismo y el sabor de la ciudad.<\/p><p>En el sur de Francia - Mientras el sol se pone, con un vaso de limonada helada en la mano y un soplo de <strong>Puff JNR Falcon 16000 Sand\u00eda Chicle<\/strong> hacen que el sabor del verano sea m\u00e1s completo.<\/p><p>Carnaval - \u00bfRecuerda la sensaci\u00f3n de mascar chicle en un parque de atracciones cuando era ni\u00f1o, esperando impaciente a que subiera la gran rueda? Este cigarrillo electr\u00f3nico puede devolverle instant\u00e1neamente a ese momento de despreocupaci\u00f3n.<\/p>\t\t\t\t\t\t\t\t<\/div>\n\t\t\t\t<\/div>\n\t\t\t\t\t<\/div>\n\t\t\t\t<\/div>\n\t\t\t\t<\/div>","protected":false},"excerpt":{"rendered":"<p>Puff JNR Falcon 16000 Past\u00e8que Bubblegum En France, la cigarette \u00e9lectronique n\u2019est pas seulement une alternative au sevrage tabagique, mais aussi un style, une attitude et une aventure gustative. La saveur Watermelon Bubblegum du JNR Falcon 16000 est l&rsquo;exemple parfait de cette aventure. Ce n\u2019est pas seulement une cigarette \u00e9lectronique, mais aussi un voyage dans [&hellip;]<\/p>\n","protected":false},"featured_media":1551,"comment_status":"open","ping_status":"closed","template":"","meta":{"site-sidebar-layout":"no-sidebar","site-content-layout":"page-builder","ast-site-content-layout":"normal-width-container","site-content-style":"default","site-sidebar-style":"default","ast-global-header-display":"","ast-banner-title-visibility":"","ast-main-header-display":"","ast-hfb-above-header-display":"","ast-hfb-below-header-display":"","ast-hfb-mobile-header-display":"","site-post-title":"disabled","ast-breadcrumbs-content":"","ast-featured-img":"disabled","footer-sml-layout":"","ast-disable-related-posts":"","theme-transparent-header-meta":"default","adv-header-id-meta":"","stick-header-meta":"default","header-above-stick-meta":"","header-main-stick-meta":"","header-below-stick-meta":"","astra-migrate-meta-layouts":"set","ast-page-background-enabled":"default","ast-page-background-meta":{"desktop":{"background-color":"","background-image":"","background-repeat":"repeat","background-position":"center center","background-size":"auto","background-attachment":"scroll","background-type":"","background-media":"","overlay-type":"","overlay-color":"","overlay-opacity":"","overlay-gradient":""},"tablet":{"background-color":"","background-image":"","background-repeat":"repeat","background-position":"center center","background-size":"auto","background-attachment":"scroll","background-type":"","background-media":"","overlay-type":"","overlay-color":"","overlay-opacity":"","overlay-gradient":""},"mobile":{"background-color":"","background-image":"","background-repeat":"repeat","background-position":"center center","background-size":"auto","background-attachment":"scroll","background-type":"","background-media":"","overlay-type":"","overlay-color":"","overlay-opacity":"","overlay-gradient":""}},"ast-content-background-meta":{"desktop":{"background-color":"var(--ast-global-color-5)","background-image":"","background-repeat":"repeat","background-position":"center center","background-size":"auto","background-attachment":"scroll","background-type":"","background-media":"","overlay-type":"","overlay-color":"","overlay-opacity":"","overlay-gradient":""},"tablet":{"background-color":"var(--ast-global-color-5)","background-image":"","background-repeat":"repeat","background-position":"center center","background-size":"auto","background-attachment":"scroll","background-type":"","background-media":"","overlay-type":"","overlay-color":"","overlay-opacity":"","overlay-gradient":""},"mobile":{"background-color":"var(--ast-global-color-5)","background-image":"","background-repeat":"repeat","background-position":"center center","background-size":"auto","background-attachment":"scroll","background-type":"","background-media":"","overlay-type":"","overlay-color":"","overlay-opacity":"","overlay-gradient":""}}},"product_brand":[30],"product_cat":[15,81,77,36],"product_tag":[],"class_list":{"0":"post-1840","1":"product","2":"type-product","3":"status-publish","4":"has-post-thumbnail","6":"product_brand-jnr","7":"product_cat-magasin-cigarette-electronique","8":"product_cat-puff-16k","9":"product_cat-entrepot-de-lue","10":"product_cat-jnr-16k","11":"desktop-align-center","12":"tablet-align-center","13":"mobile-align-center","14":"ast-product-gallery-layout-horizontal","15":"ast-product-gallery-with-no-image","16":"ast-product-single-variable","17":"ast-product-tabs-layout-horizontal","18":"ast-qv-on-image","20":"first","21":"instock","22":"sale","23":"shipping-taxable","24":"purchasable","25":"product-type-variable","26":"has-default-attributes"},"tiered_pricing_type":"fixed","tiered_pricing_fixed_rules":{"30":9.88,"60":9.26,"100":8.06,"200":7.38,"500":6.98,"1000":6.8},"tiered_pricing_product_settings":{"layout":"default","base_unit_name":{"singular":null,"plural":null},"default_variation":null},"tiered_pricing_minimum_quantity":null,"tiered_pricing_roles_data":[],"tiered_pricing_percentage_rules":[],"_links":{"self":[{"href":"https:\/\/puffvapestore.com\/es\/wp-json\/wp\/v2\/product\/1840","targetHints":{"allow":["GET"]}}],"collection":[{"href":"https:\/\/puffvapestore.com\/es\/wp-json\/wp\/v2\/product"}],"about":[{"href":"https:\/\/puffvapestore.com\/es\/wp-json\/wp\/v2\/types\/product"}],"replies":[{"embeddable":true,"href":"https:\/\/puffvapestore.com\/es\/wp-json\/wp\/v2\/comments?post=1840"}],"version-history":[{"count":16,"href":"https:\/\/puffvapestore.com\/es\/wp-json\/wp\/v2\/product\/1840\/revisions"}],"predecessor-version":[{"id":17689,"href":"https:\/\/puffvapestore.com\/es\/wp-json\/wp\/v2\/product\/1840\/revisions\/17689"}],"wp:featuredmedia":[{"embeddable":true,"href":"https:\/\/puffvapestore.com\/es\/wp-json\/wp\/v2\/media\/1551"}],"wp:attachment":[{"href":"https:\/\/puffvapestore.com\/es\/wp-json\/wp\/v2\/media?parent=1840"}],"wp:term":[{"taxonomy":"product_brand","embeddable":true,"href":"https:\/\/puffvapestore.com\/es\/wp-json\/wp\/v2\/product_brand?post=1840"},{"taxonomy":"product_cat","embeddable":true,"href":"https:\/\/puffvapestore.com\/es\/wp-json\/wp\/v2\/product_cat?post=1840"},{"taxonomy":"product_tag","embeddable":true,"href":"https:\/\/puffvapestore.com\/es\/wp-json\/wp\/v2\/product_tag?post=1840"}],"curies":[{"name":"wp","href":"https:\/\/api.w.org\/{rel}","templated":true}]}}