{"id":1819,"date":"2025-03-26T01:55:05","date_gmt":"2025-03-26T01:55:05","guid":{"rendered":"https:\/\/puffvapestore.com\/?post_type=product&#038;p=1819"},"modified":"2026-04-20T11:06:44","modified_gmt":"2026-04-20T11:06:44","slug":"jnr-falcon-16000-cherry-berry","status":"publish","type":"product","link":"https:\/\/puffvapestore.com\/es\/product\/jnr-falcon-16000-cereza-baya\/","title":{"rendered":"JNR Falcon 16000 Cereza Baya"},"content":{"rendered":"<div data-elementor-type=\"wp-post\" data-elementor-id=\"1819\" class=\"elementor elementor-1819\">\n\t\t\t\t<div class=\"elementor-element elementor-element-824a998 e-flex e-con-boxed e-con e-parent\" data-id=\"824a998\" data-element_type=\"container\" data-e-type=\"container\">\n\t\t\t\t\t<div class=\"e-con-inner\">\n\t\t\t\t<div class=\"elementor-element elementor-element-55fd5fa elementor-widget elementor-widget-text-editor\" data-id=\"55fd5fa\" data-element_type=\"widget\" data-e-type=\"widget\" data-widget_type=\"text-editor.default\">\n\t\t\t\t<div class=\"elementor-widget-container\">\n\t\t\t\t\t\t\t\t\t<h2>JNR Falcon 16000 Cereza Baya<\/h2><p>En Francia, disfrutar de la vida es un arte, y el cigarrillo electr\u00f3nico <strong>JNR Falcon 16000 Cereza Baya<\/strong> es la encarnaci\u00f3n de este arte. No es solo un cigarrillo electr\u00f3nico, sino un viaje gustativo, una experiencia afrutada envolvente que hace que cada bocanada de humo parezca un fest\u00edn de postres franceses.<\/p><h3>La combinaci\u00f3n perfecta de cerezas y bayas hace bailar a tus papilas gustativas<\/h3><p>Si el amor de Francia por la buena comida pudiera destilarse en un solo sabor de vape, ser\u00eda <strong>Cereza<\/strong>. La ligera acidez de las cerezas y el dulzor de las bayas se mezclan como un c\u00f3ctel afrutado cuidadosamente preparado, con el refrescante est\u00edmulo del primer amor y un persistente regusto dulce. Cada vez que inhalas el humo, es una fiesta para los sentidos, que te hace sentir como si estuvieras en los huertos de la Provenza, con el sol y el aroma de la fruta.<\/p>\t\t\t\t\t\t\t\t<\/div>\n\t\t\t\t<\/div>\n\t\t\t\t\t<\/div>\n\t\t\t\t<\/div>\n\t\t<div class=\"elementor-element elementor-element-942ccb0 e-flex e-con-boxed e-con e-parent\" data-id=\"942ccb0\" data-element_type=\"container\" data-e-type=\"container\">\n\t\t\t\t\t<div class=\"e-con-inner\">\n\t\t<div class=\"elementor-element elementor-element-577deeb e-con-full e-flex e-con e-child\" data-id=\"577deeb\" data-element_type=\"container\" data-e-type=\"container\">\n\t\t\t\t<div class=\"elementor-element elementor-element-5d167cf elementor-widget elementor-widget-text-editor\" data-id=\"5d167cf\" data-element_type=\"widget\" data-e-type=\"widget\" data-widget_type=\"text-editor.default\">\n\t\t\t\t<div class=\"elementor-widget-container\">\n\t\t\t\t\t\t\t\t\t<h2>Detalles de JNR Falcon 16000 Cherry Berry<\/h2><p>Bocanadas : Hasta 16.000 caladas<br \/>L\u00edquido: 22 ml<br \/>Niveles de nicotina: 0 %, 2 %, 5 %<br \/>Resistencia: 1,0 ohm<br \/>Capacidad de la bater\u00eda: 850 mAh<br \/>Carga: Tipo-C<br \/>Doble malla y doble n\u00facleo de resistencia<br \/>Dimensiones: 53,5 x 32 x 110 mm<\/p>\t\t\t\t\t\t\t\t<\/div>\n\t\t\t\t<\/div>\n\t\t\t\t<\/div>\n\t\t<div class=\"elementor-element elementor-element-d5e4b56 e-con-full e-flex e-con e-child\" data-id=\"d5e4b56\" data-element_type=\"container\" data-e-type=\"container\">\n\t\t\t\t<div class=\"elementor-element elementor-element-381dfcb elementor-widget elementor-widget-image-gallery\" data-id=\"381dfcb\" data-element_type=\"widget\" data-e-type=\"widget\" data-widget_type=\"image-gallery.default\">\n\t\t\t\t<div class=\"elementor-widget-container\">\n\t\t\t\t\t\t\t<div class=\"elementor-image-gallery\">\n\t\t\t<div id='gallery-1' class='gallery galleryid-1819 gallery-columns-1 gallery-size-medium_large'><figure class='gallery-item'>\n\t\t\t<div class='gallery-icon portrait'>\n\t\t\t\t<img fetchpriority=\"high\" decoding=\"async\" width=\"654\" height=\"690\" src=\"https:\/\/puffvapestore.com\/wp-content\/uploads\/2025\/03\/pvajf16000-15.jpg\" class=\"attachment-medium_large size-medium_large\" alt=\"JNR Falcon 16K Cereza Baya\" aria-describedby=\"gallery-1-1562\" srcset=\"https:\/\/puffvapestore.com\/wp-content\/uploads\/2025\/03\/pvajf16000-15.jpg 654w, https:\/\/puffvapestore.com\/wp-content\/uploads\/2025\/03\/pvajf16000-15-284x300.jpg 284w, https:\/\/puffvapestore.com\/wp-content\/uploads\/2025\/03\/pvajf16000-15-600x633.jpg 600w\" sizes=\"(max-width: 654px) 100vw, 654px\" \/>\n\t\t\t<\/div>\n\t\t\t\t<figcaption class='wp-caption-text gallery-caption' id='gallery-1-1562'>\n\t\t\t\tJNR Falcon 16K Cereza Baya\n\t\t\t\t<\/figcaption><\/figure>\n\t\t<\/div>\n\t\t<\/div>\n\t\t\t\t\t\t<\/div>\n\t\t\t\t<\/div>\n\t\t\t\t<\/div>\n\t\t\t\t\t<\/div>\n\t\t\t\t<\/div>\n\t\t<div class=\"elementor-element elementor-element-7926c6b e-flex e-con-boxed e-con e-parent\" data-id=\"7926c6b\" data-element_type=\"container\" data-e-type=\"container\">\n\t\t\t\t\t<div class=\"e-con-inner\">\n\t\t\t\t<div class=\"elementor-element elementor-element-2b41948 elementor-widget elementor-widget-text-editor\" data-id=\"2b41948\" data-element_type=\"widget\" data-e-type=\"widget\" data-widget_type=\"text-editor.default\">\n\t\t\t\t<div class=\"elementor-widget-container\">\n\t\t\t\t\t\t\t\t\t<h3>16.000 bocanadas de humo para acompa\u00f1arle cada noche en Par\u00eds<\/h3><p>Una noche en Par\u00eds, la brisa sopla a lo largo del Sena, est\u00e1s sentado en un caf\u00e9 al aire libre, con amigos conocidos a tu lado y un vaso de vino tinto reci\u00e9n servido en la mesa. En su mano sostiene un <strong>JNR Falcon 16000 Cereza Baya<\/strong>. En cuanto das una calada, el aroma de cerezas y bayas se cuela en tu boca, como para hacer la noche m\u00e1s rom\u00e1ntica. Con una experiencia de larga duraci\u00f3n de 16.000 caladas, no tendr\u00e1s que preocuparte de sustituir tu dispositivo, simplemente sum\u00e9rgete en este viaje de sabores franceses.<\/p><h3>Una potente bater\u00eda y dos puertos de carga hacen que las esperas sean cosa del pasado<\/h3><p>JNR Falcon 16000 Cherry Berry no s\u00f3lo es delicioso, tambi\u00e9n es potente. La bater\u00eda de alta capacidad de 850 mAh garantiza un uso prolongado, por lo que incluso los aficionados al cigarrillo electr\u00f3nico no necesitan cargarlo con frecuencia. Los puertos de carga duales Type-C y Lightning facilitan la carga de tu MacBook o iPhone, diciendo adi\u00f3s a la preocupaci\u00f3n de \u00ab\u00bfd\u00f3nde est\u00e1 el cargador?\u00bb.\u00bb<\/p><h3>Gran humo + bobina de doble malla, cada calada es un placer envolvente<\/h3><p>Si te gusta una fumada suave, el JNR Falcon 16000 Cherry Berry nunca te decepcionar\u00e1. La tecnolog\u00eda de doble bobina de malla proporciona una fumada m\u00e1s suave y completa, y cada bocanada de humo es tan suave como un vino meloso. Ya sea paseando por la calle, disfrutando de la luz de la ma\u00f1ana en el balc\u00f3n o charlando con los amigos en una fiesta nocturna, puede ser un compa\u00f1ero perfecto en tu mano.<\/p><h3>Un s\u00edmbolo de la elegancia francesa, en perfecta sinton\u00eda con la vida moderna<\/h3><p>Los franceses nunca han transigido en su b\u00fasqueda de la est\u00e9tica, y el <strong>JNR Falcon 16000 Cereza Baya<\/strong> no es una excepci\u00f3n. Dise\u00f1o sencillo y exquisito, l\u00edneas suaves y una textura de primera calidad, perfectamente adaptada a su estilo de vida. No es s\u00f3lo un cigarrillo electr\u00f3nico, es una actitud ante la vida: elegante, refinada y sofisticada.<\/p>\t\t\t\t\t\t\t\t<\/div>\n\t\t\t\t<\/div>\n\t\t\t\t\t<\/div>\n\t\t\t\t<\/div>\n\t\t\t\t<\/div>","protected":false},"excerpt":{"rendered":"<p>JNR Falcon 16000 Cherry Berry En France, profiter de la vie est un art, et la cigarette \u00e9lectronique JNR Falcon 16000 Cherry Berry est l&rsquo;incarnation de cet art. Ce n\u2019est pas seulement une cigarette \u00e9lectronique, mais un voyage gustatif, une exp\u00e9rience fruit\u00e9e immersive qui fait que chaque bouff\u00e9e de fum\u00e9e ressemble \u00e0 un festin de [&hellip;]<\/p>\n","protected":false},"featured_media":1562,"comment_status":"open","ping_status":"closed","template":"","meta":{"site-sidebar-layout":"no-sidebar","site-content-layout":"page-builder","ast-site-content-layout":"normal-width-container","site-content-style":"default","site-sidebar-style":"default","ast-global-header-display":"","ast-banner-title-visibility":"","ast-main-header-display":"","ast-hfb-above-header-display":"","ast-hfb-below-header-display":"","ast-hfb-mobile-header-display":"","site-post-title":"disabled","ast-breadcrumbs-content":"","ast-featured-img":"disabled","footer-sml-layout":"","ast-disable-related-posts":"","theme-transparent-header-meta":"default","adv-header-id-meta":"","stick-header-meta":"default","header-above-stick-meta":"","header-main-stick-meta":"","header-below-stick-meta":"","astra-migrate-meta-layouts":"set","ast-page-background-enabled":"default","ast-page-background-meta":{"desktop":{"background-color":"","background-image":"","background-repeat":"repeat","background-position":"center center","background-size":"auto","background-attachment":"scroll","background-type":"","background-media":"","overlay-type":"","overlay-color":"","overlay-opacity":"","overlay-gradient":""},"tablet":{"background-color":"","background-image":"","background-repeat":"repeat","background-position":"center center","background-size":"auto","background-attachment":"scroll","background-type":"","background-media":"","overlay-type":"","overlay-color":"","overlay-opacity":"","overlay-gradient":""},"mobile":{"background-color":"","background-image":"","background-repeat":"repeat","background-position":"center center","background-size":"auto","background-attachment":"scroll","background-type":"","background-media":"","overlay-type":"","overlay-color":"","overlay-opacity":"","overlay-gradient":""}},"ast-content-background-meta":{"desktop":{"background-color":"var(--ast-global-color-5)","background-image":"","background-repeat":"repeat","background-position":"center center","background-size":"auto","background-attachment":"scroll","background-type":"","background-media":"","overlay-type":"","overlay-color":"","overlay-opacity":"","overlay-gradient":""},"tablet":{"background-color":"var(--ast-global-color-5)","background-image":"","background-repeat":"repeat","background-position":"center center","background-size":"auto","background-attachment":"scroll","background-type":"","background-media":"","overlay-type":"","overlay-color":"","overlay-opacity":"","overlay-gradient":""},"mobile":{"background-color":"var(--ast-global-color-5)","background-image":"","background-repeat":"repeat","background-position":"center center","background-size":"auto","background-attachment":"scroll","background-type":"","background-media":"","overlay-type":"","overlay-color":"","overlay-opacity":"","overlay-gradient":""}}},"product_brand":[30],"product_cat":[15,81,77,36],"product_tag":[],"class_list":{"0":"post-1819","1":"product","2":"type-product","3":"status-publish","4":"has-post-thumbnail","6":"product_brand-jnr","7":"product_cat-magasin-cigarette-electronique","8":"product_cat-puff-16k","9":"product_cat-entrepot-de-lue","10":"product_cat-jnr-16k","11":"desktop-align-center","12":"tablet-align-center","13":"mobile-align-center","14":"ast-product-gallery-layout-horizontal","15":"ast-product-gallery-with-no-image","16":"ast-product-single-variable","17":"ast-product-tabs-layout-horizontal","18":"ast-qv-on-image","20":"first","21":"instock","22":"sale","23":"shipping-taxable","24":"purchasable","25":"product-type-variable","26":"has-default-attributes"},"tiered_pricing_type":"fixed","tiered_pricing_fixed_rules":{"30":9.88,"60":9.26,"100":8.06,"200":7.38,"500":6.98,"1000":6.8},"tiered_pricing_product_settings":{"layout":"default","base_unit_name":{"singular":null,"plural":null},"default_variation":null},"tiered_pricing_minimum_quantity":null,"tiered_pricing_roles_data":[],"tiered_pricing_percentage_rules":[],"_links":{"self":[{"href":"https:\/\/puffvapestore.com\/es\/wp-json\/wp\/v2\/product\/1819","targetHints":{"allow":["GET"]}}],"collection":[{"href":"https:\/\/puffvapestore.com\/es\/wp-json\/wp\/v2\/product"}],"about":[{"href":"https:\/\/puffvapestore.com\/es\/wp-json\/wp\/v2\/types\/product"}],"replies":[{"embeddable":true,"href":"https:\/\/puffvapestore.com\/es\/wp-json\/wp\/v2\/comments?post=1819"}],"version-history":[{"count":16,"href":"https:\/\/puffvapestore.com\/es\/wp-json\/wp\/v2\/product\/1819\/revisions"}],"predecessor-version":[{"id":17707,"href":"https:\/\/puffvapestore.com\/es\/wp-json\/wp\/v2\/product\/1819\/revisions\/17707"}],"wp:featuredmedia":[{"embeddable":true,"href":"https:\/\/puffvapestore.com\/es\/wp-json\/wp\/v2\/media\/1562"}],"wp:attachment":[{"href":"https:\/\/puffvapestore.com\/es\/wp-json\/wp\/v2\/media?parent=1819"}],"wp:term":[{"taxonomy":"product_brand","embeddable":true,"href":"https:\/\/puffvapestore.com\/es\/wp-json\/wp\/v2\/product_brand?post=1819"},{"taxonomy":"product_cat","embeddable":true,"href":"https:\/\/puffvapestore.com\/es\/wp-json\/wp\/v2\/product_cat?post=1819"},{"taxonomy":"product_tag","embeddable":true,"href":"https:\/\/puffvapestore.com\/es\/wp-json\/wp\/v2\/product_tag?post=1819"}],"curies":[{"name":"wp","href":"https:\/\/api.w.org\/{rel}","templated":true}]}}