{"id":1722,"date":"2025-03-23T21:42:13","date_gmt":"2025-03-23T21:42:13","guid":{"rendered":"https:\/\/puffvapestore.com\/?post_type=product&#038;p=1722"},"modified":"2026-04-20T11:07:16","modified_gmt":"2026-04-20T11:07:16","slug":"jnr-falcon-16000-watermelon-ice","status":"publish","type":"product","link":"https:\/\/puffvapestore.com\/es\/product\/jnr-falcon-16000-sandia-hielo\/","title":{"rendered":"JNR Falcon 16000 Sand\u00eda Ice"},"content":{"rendered":"<div data-elementor-type=\"wp-post\" data-elementor-id=\"1722\" class=\"elementor elementor-1722\">\n\t\t\t\t<div class=\"elementor-element elementor-element-824a998 e-flex e-con-boxed e-con e-parent\" data-id=\"824a998\" data-element_type=\"container\" data-e-type=\"container\">\n\t\t\t\t\t<div class=\"e-con-inner\">\n\t\t\t\t<div class=\"elementor-element elementor-element-55fd5fa elementor-widget elementor-widget-text-editor\" data-id=\"55fd5fa\" data-element_type=\"widget\" data-e-type=\"widget\" data-widget_type=\"text-editor.default\">\n\t\t\t\t<div class=\"elementor-widget-container\">\n\t\t\t\t\t\t\t\t\t<h2>JNR Falcon 16000 Sand\u00eda Ice<\/h2><p>Imag\u00ednese que est\u00e1 sentado a orillas del Sena, el sol acaba de ponerse y el aire a\u00fan est\u00e1 caliente por el d\u00eda. En ese momento, saca el JNR Falcon 16000 Watermelon Ice de su bolsillo y da una ligera calada al cigarrillo: al instante, el dulzor de la sand\u00eda florece en la punta de su lengua y el aliento fresco se desliza por su garganta, como una brisa repentina en una noche de verano que se lleva todo el calor.<\/p><h3>Sand\u00eda + helado = lo \u00faltimo en verano<\/h3><p>Los veranos en Francia son calurosos. Ya sea en los vi\u00f1edos bajo el sol abrasador del sur de Francia o en las burbujas de una fiesta en una azotea de Par\u00eds, un toque de frescor es esencial. <strong>Watermelon Ice es exactamente el refresco perfecto.<\/strong> - No el chile mentolado demasiado picante, sino la sand\u00eda reci\u00e9n cortada que lleva un rato en la nevera, y cuando le das un mordisco, el dulzor y la frescura se mezclan a la perfecci\u00f3n, tan refrescante que no puedes evitar dar otra calada.<\/p>\t\t\t\t\t\t\t\t<\/div>\n\t\t\t\t<\/div>\n\t\t\t\t\t<\/div>\n\t\t\t\t<\/div>\n\t\t<div class=\"elementor-element elementor-element-942ccb0 e-flex e-con-boxed e-con e-parent\" data-id=\"942ccb0\" data-element_type=\"container\" data-e-type=\"container\">\n\t\t\t\t\t<div class=\"e-con-inner\">\n\t\t<div class=\"elementor-element elementor-element-577deeb e-con-full e-flex e-con e-child\" data-id=\"577deeb\" data-element_type=\"container\" data-e-type=\"container\">\n\t\t\t\t<div class=\"elementor-element elementor-element-5d167cf elementor-widget elementor-widget-text-editor\" data-id=\"5d167cf\" data-element_type=\"widget\" data-e-type=\"widget\" data-widget_type=\"text-editor.default\">\n\t\t\t\t<div class=\"elementor-widget-container\">\n\t\t\t\t\t\t\t\t\t<h2>Detalles de JNR Falcon 16000 Sand\u00eda Ice<\/h2><p>Bocanadas : Hasta 16.000 caladas<br \/>L\u00edquido: 22 ml<br \/>Niveles de nicotina: 0 %, 2 %, 5 %<br \/>Resistencia: 1,0 ohm<br \/>Capacidad de la bater\u00eda: 850 mAh<br \/>Carga: Tipo-C<br \/>Doble malla y doble n\u00facleo de resistencia<br \/>Dimensiones: 53,5 x 32 x 110 mm<\/p>\t\t\t\t\t\t\t\t<\/div>\n\t\t\t\t<\/div>\n\t\t\t\t<\/div>\n\t\t<div class=\"elementor-element elementor-element-d5e4b56 e-con-full e-flex e-con e-child\" data-id=\"d5e4b56\" data-element_type=\"container\" data-e-type=\"container\">\n\t\t\t\t<div class=\"elementor-element elementor-element-381dfcb elementor-widget elementor-widget-image-gallery\" data-id=\"381dfcb\" data-element_type=\"widget\" data-e-type=\"widget\" data-widget_type=\"image-gallery.default\">\n\t\t\t\t<div class=\"elementor-widget-container\">\n\t\t\t\t\t\t\t<div class=\"elementor-image-gallery\">\n\t\t\t<div id='gallery-1' class='gallery galleryid-1722 gallery-columns-1 gallery-size-medium_large'><figure class='gallery-item'>\n\t\t\t<div class='gallery-icon portrait'>\n\t\t\t\t<img fetchpriority=\"high\" decoding=\"async\" width=\"654\" height=\"690\" src=\"https:\/\/puffvapestore.com\/wp-content\/uploads\/2025\/03\/pvajf16000-26.jpg\" class=\"attachment-medium_large size-medium_large\" alt=\"JNR Falcon 16K Sand\u00eda Ice\" aria-describedby=\"gallery-1-1573\" srcset=\"https:\/\/puffvapestore.com\/wp-content\/uploads\/2025\/03\/pvajf16000-26.jpg 654w, https:\/\/puffvapestore.com\/wp-content\/uploads\/2025\/03\/pvajf16000-26-284x300.jpg 284w, https:\/\/puffvapestore.com\/wp-content\/uploads\/2025\/03\/pvajf16000-26-600x633.jpg 600w\" sizes=\"(max-width: 654px) 100vw, 654px\" \/>\n\t\t\t<\/div>\n\t\t\t\t<figcaption class='wp-caption-text gallery-caption' id='gallery-1-1573'>\n\t\t\t\tJNR Falcon 16K Sand\u00eda Ice\n\t\t\t\t<\/figcaption><\/figure>\n\t\t<\/div>\n\t\t<\/div>\n\t\t\t\t\t\t<\/div>\n\t\t\t\t<\/div>\n\t\t\t\t<\/div>\n\t\t\t\t\t<\/div>\n\t\t\t\t<\/div>\n\t\t<div class=\"elementor-element elementor-element-7926c6b e-flex e-con-boxed e-con e-parent\" data-id=\"7926c6b\" data-element_type=\"container\" data-e-type=\"container\">\n\t\t\t\t\t<div class=\"e-con-inner\">\n\t\t\t\t<div class=\"elementor-element elementor-element-2b41948 elementor-widget elementor-widget-text-editor\" data-id=\"2b41948\" data-element_type=\"widget\" data-e-type=\"widget\" data-widget_type=\"text-editor.default\">\n\t\t\t\t<div class=\"elementor-widget-container\">\n\t\t\t\t\t\t\t\t\t<h3>16.000 caladas, suficientes para todo el verano<\/h3><p>El JNR Falcon 16000 no se llama as\u00ed al azar, y con 22 ml de e-l\u00edquido y una vida \u00fatil de 16.000 caladas, eso significa que incluso si disfrutas de ese frescor de sand\u00eda todos los d\u00edas, te durar\u00e1 mucho tiempo. \u00bfChateando con amigos hasta altas horas de la noche en un caf\u00e9 al aire libre? No hay problema, la <strong>JNR Falcon 16000 Sand\u00eda Ice<\/strong> puede acompa\u00f1arle a tomar otra taza de espresso. \u00bfSe va de vacaciones a C\u00f3rcega? No se preocupe, no pasar\u00e1 hasta el final de sus vacaciones.<\/p><h3>El humo es denso, como la atomizaci\u00f3n del zumo de sand\u00eda.<\/h3><p>El sabor por s\u00ed solo no es suficiente, la textura es clave. El JNR Falcon 16000 utiliza una bobina de malla dual de 1 \u03a9, que hace que el humo sea m\u00e1s delicado y suave, como un vaso de aut\u00e9ntico zumo de sand\u00eda atomizado en el aire, y cada bocanada de humo es rica y suave. Adem\u00e1s, el flujo de aire es ajustable, por lo que puede elegir una brisa ligera o una niebla espesa, todo depende de su preferencia.<\/p><h3>Dise\u00f1o franc\u00e9s, la dosis justa de refinamiento<\/h3><p>Los franceses buscan la belleza, desde la arquitectura a la moda, pasando por cada objeto que tienen en sus manos. El JNR Falcon 16000 tiene una caja cristalina que es a la vez moderna y elegante. Queda perfecto en una mesa de caf\u00e9 y es f\u00e1cil de sujetar. Visite <strong>JNR Falcon 16000 Sand\u00eda Ice<\/strong> no es el tipo de jugador extravagante y llamativo, sino el tipo de art\u00edculo discreto pero exquisito que hace que la gente quiera echarle un segundo vistazo.<\/p>\t\t\t\t\t\t\t\t<\/div>\n\t\t\t\t<\/div>\n\t\t\t\t\t<\/div>\n\t\t\t\t<\/div>\n\t\t\t\t<\/div>","protected":false},"excerpt":{"rendered":"<p>JNR Falcon 16000 Watermelon Ice Imaginez que vous \u00eates assis sur les rives de la Seine, le soleil vient de se coucher et l&rsquo;air conserve encore la chaleur de la journ\u00e9e. \u00c0 ce moment-l\u00e0, vous sortez le JNR Falcon 16000 Watermelon Ice de votre poche et prenez une l\u00e9g\u00e8re bouff\u00e9e de cigarette &#8211; instantan\u00e9ment, la [&hellip;]<\/p>\n","protected":false},"featured_media":1573,"comment_status":"open","ping_status":"closed","template":"","meta":{"site-sidebar-layout":"no-sidebar","site-content-layout":"page-builder","ast-site-content-layout":"normal-width-container","site-content-style":"default","site-sidebar-style":"default","ast-global-header-display":"","ast-banner-title-visibility":"","ast-main-header-display":"","ast-hfb-above-header-display":"","ast-hfb-below-header-display":"","ast-hfb-mobile-header-display":"","site-post-title":"disabled","ast-breadcrumbs-content":"","ast-featured-img":"disabled","footer-sml-layout":"","ast-disable-related-posts":"","theme-transparent-header-meta":"default","adv-header-id-meta":"","stick-header-meta":"default","header-above-stick-meta":"","header-main-stick-meta":"","header-below-stick-meta":"","astra-migrate-meta-layouts":"set","ast-page-background-enabled":"default","ast-page-background-meta":{"desktop":{"background-color":"","background-image":"","background-repeat":"repeat","background-position":"center center","background-size":"auto","background-attachment":"scroll","background-type":"","background-media":"","overlay-type":"","overlay-color":"","overlay-opacity":"","overlay-gradient":""},"tablet":{"background-color":"","background-image":"","background-repeat":"repeat","background-position":"center center","background-size":"auto","background-attachment":"scroll","background-type":"","background-media":"","overlay-type":"","overlay-color":"","overlay-opacity":"","overlay-gradient":""},"mobile":{"background-color":"","background-image":"","background-repeat":"repeat","background-position":"center center","background-size":"auto","background-attachment":"scroll","background-type":"","background-media":"","overlay-type":"","overlay-color":"","overlay-opacity":"","overlay-gradient":""}},"ast-content-background-meta":{"desktop":{"background-color":"var(--ast-global-color-5)","background-image":"","background-repeat":"repeat","background-position":"center center","background-size":"auto","background-attachment":"scroll","background-type":"","background-media":"","overlay-type":"","overlay-color":"","overlay-opacity":"","overlay-gradient":""},"tablet":{"background-color":"var(--ast-global-color-5)","background-image":"","background-repeat":"repeat","background-position":"center center","background-size":"auto","background-attachment":"scroll","background-type":"","background-media":"","overlay-type":"","overlay-color":"","overlay-opacity":"","overlay-gradient":""},"mobile":{"background-color":"var(--ast-global-color-5)","background-image":"","background-repeat":"repeat","background-position":"center center","background-size":"auto","background-attachment":"scroll","background-type":"","background-media":"","overlay-type":"","overlay-color":"","overlay-opacity":"","overlay-gradient":""}}},"product_brand":[30],"product_cat":[15,81,77,35,36],"product_tag":[],"class_list":{"0":"post-1722","1":"product","2":"type-product","3":"status-publish","4":"has-post-thumbnail","6":"product_brand-jnr","7":"product_cat-magasin-cigarette-electronique","8":"product_cat-puff-16k","9":"product_cat-entrepot-de-lue","10":"product_cat-jnr-vape","11":"product_cat-jnr-16k","12":"desktop-align-center","13":"tablet-align-center","14":"mobile-align-center","15":"ast-product-gallery-layout-horizontal","16":"ast-product-gallery-with-no-image","17":"ast-product-single-variable","18":"ast-product-tabs-layout-horizontal","19":"ast-qv-on-image","21":"first","22":"instock","23":"sale","24":"shipping-taxable","25":"purchasable","26":"product-type-variable","27":"has-default-attributes"},"tiered_pricing_type":"fixed","tiered_pricing_fixed_rules":{"30":9.88,"60":9.26,"100":8.06,"200":7.38,"500":6.98,"1000":6.8},"tiered_pricing_product_settings":{"layout":"default","base_unit_name":{"singular":null,"plural":null},"default_variation":null},"tiered_pricing_minimum_quantity":null,"tiered_pricing_roles_data":[],"tiered_pricing_percentage_rules":[],"_links":{"self":[{"href":"https:\/\/puffvapestore.com\/es\/wp-json\/wp\/v2\/product\/1722","targetHints":{"allow":["GET"]}}],"collection":[{"href":"https:\/\/puffvapestore.com\/es\/wp-json\/wp\/v2\/product"}],"about":[{"href":"https:\/\/puffvapestore.com\/es\/wp-json\/wp\/v2\/types\/product"}],"replies":[{"embeddable":true,"href":"https:\/\/puffvapestore.com\/es\/wp-json\/wp\/v2\/comments?post=1722"}],"version-history":[{"count":14,"href":"https:\/\/puffvapestore.com\/es\/wp-json\/wp\/v2\/product\/1722\/revisions"}],"predecessor-version":[{"id":17727,"href":"https:\/\/puffvapestore.com\/es\/wp-json\/wp\/v2\/product\/1722\/revisions\/17727"}],"wp:featuredmedia":[{"embeddable":true,"href":"https:\/\/puffvapestore.com\/es\/wp-json\/wp\/v2\/media\/1573"}],"wp:attachment":[{"href":"https:\/\/puffvapestore.com\/es\/wp-json\/wp\/v2\/media?parent=1722"}],"wp:term":[{"taxonomy":"product_brand","embeddable":true,"href":"https:\/\/puffvapestore.com\/es\/wp-json\/wp\/v2\/product_brand?post=1722"},{"taxonomy":"product_cat","embeddable":true,"href":"https:\/\/puffvapestore.com\/es\/wp-json\/wp\/v2\/product_cat?post=1722"},{"taxonomy":"product_tag","embeddable":true,"href":"https:\/\/puffvapestore.com\/es\/wp-json\/wp\/v2\/product_tag?post=1722"}],"curies":[{"name":"wp","href":"https:\/\/api.w.org\/{rel}","templated":true}]}}