{"id":1698,"date":"2025-03-23T11:07:01","date_gmt":"2025-03-23T11:07:01","guid":{"rendered":"https:\/\/puffvapestore.com\/?post_type=product&#038;p=1698"},"modified":"2026-04-20T11:07:40","modified_gmt":"2026-04-20T11:07:40","slug":"puff-jnr-falcon-16k-passion-fruit-kiwi","status":"publish","type":"product","link":"https:\/\/puffvapestore.com\/es\/product\/puff-jnr-falcon-16k-fruta-de-la-pasion-kiwi\/","title":{"rendered":"Puff JNR Falcon 16k Maracuy\u00e1 Kiwi"},"content":{"rendered":"<div data-elementor-type=\"wp-post\" data-elementor-id=\"1698\" class=\"elementor elementor-1698\">\n\t\t\t\t<div class=\"elementor-element elementor-element-824a998 e-flex e-con-boxed e-con e-parent\" data-id=\"824a998\" data-element_type=\"container\" data-e-type=\"container\">\n\t\t\t\t\t<div class=\"e-con-inner\">\n\t\t\t\t<div class=\"elementor-element elementor-element-55fd5fa elementor-widget elementor-widget-text-editor\" data-id=\"55fd5fa\" data-element_type=\"widget\" data-e-type=\"widget\" data-widget_type=\"text-editor.default\">\n\t\t\t\t<div class=\"elementor-widget-container\">\n\t\t\t\t\t\t\t\t\t<h2>Puff JNR Falcon 16k Maracuy\u00e1 Kiwi<\/h2><p>\u00bfSe ha dado cuenta alguna vez de que los franceses tienen un aprecio natural por la vida? Una taza de caf\u00e9 no debe ser demasiado amarga, el pan debe estar reci\u00e9n horneado con una corteza crujiente y el aire debe estar lleno del aroma de croissants reci\u00e9n horneados. Y cuando se trata de cigarrillos electr\u00f3nicos, no queremos conformarnos con cualquier cosa.<\/p><p>Esa es la belleza de <strong>Fruta de la pasi\u00f3n sabor Kiwi de JNR Falcon 16000<\/strong> No se trata de esos sabores de frutas de toda la vida, sino de una aut\u00e9ntica aventura gustativa, como tropezar con un bar en un callej\u00f3n escondido de Par\u00eds que s\u00f3lo atiende a clientes habituales.<\/p>\t\t\t\t\t\t\t\t<\/div>\n\t\t\t\t<\/div>\n\t\t\t\t\t<\/div>\n\t\t\t\t<\/div>\n\t\t<div class=\"elementor-element elementor-element-942ccb0 e-flex e-con-boxed e-con e-parent\" data-id=\"942ccb0\" data-element_type=\"container\" data-e-type=\"container\">\n\t\t\t\t\t<div class=\"e-con-inner\">\n\t\t<div class=\"elementor-element elementor-element-577deeb e-con-full e-flex e-con e-child\" data-id=\"577deeb\" data-element_type=\"container\" data-e-type=\"container\">\n\t\t\t\t<div class=\"elementor-element elementor-element-5d167cf elementor-widget elementor-widget-text-editor\" data-id=\"5d167cf\" data-element_type=\"widget\" data-e-type=\"widget\" data-widget_type=\"text-editor.default\">\n\t\t\t\t<div class=\"elementor-widget-container\">\n\t\t\t\t\t\t\t\t\t<h2>Detalles de Puff JNR Falcon 16k Fruta de la Pasi\u00f3n Kiwi<\/h2><p>Bocanadas : Hasta 16.000 caladas<br \/>L\u00edquido: 22 ml<br \/>Niveles de nicotina: 0 %, 2 %, 5 %<br \/>Resistencia: 1,0 ohm<br \/>Capacidad de la bater\u00eda: 850 mAh<br \/>Carga: Tipo-C<br \/>Doble malla y doble n\u00facleo de resistencia<br \/>Dimensiones: 53,5 x 32 x 110 mm<\/p>\t\t\t\t\t\t\t\t<\/div>\n\t\t\t\t<\/div>\n\t\t\t\t<\/div>\n\t\t<div class=\"elementor-element elementor-element-d5e4b56 e-con-full e-flex e-con e-child\" data-id=\"d5e4b56\" data-element_type=\"container\" data-e-type=\"container\">\n\t\t\t\t<div class=\"elementor-element elementor-element-381dfcb elementor-widget elementor-widget-image-gallery\" data-id=\"381dfcb\" data-element_type=\"widget\" data-e-type=\"widget\" data-widget_type=\"image-gallery.default\">\n\t\t\t\t<div class=\"elementor-widget-container\">\n\t\t\t\t\t\t\t<div class=\"elementor-image-gallery\">\n\t\t\t<div id='gallery-1' class='gallery galleryid-1698 gallery-columns-1 gallery-size-medium_large'><figure class='gallery-item'>\n\t\t\t<div class='gallery-icon portrait'>\n\t\t\t\t<img fetchpriority=\"high\" decoding=\"async\" width=\"654\" height=\"690\" src=\"https:\/\/puffvapestore.com\/wp-content\/uploads\/2025\/03\/pvajf16000-29.jpg\" class=\"attachment-medium_large size-medium_large\" alt=\"JNR Falcon 16K Maracuy\u00e1 Kiwi\" aria-describedby=\"gallery-1-1576\" srcset=\"https:\/\/puffvapestore.com\/wp-content\/uploads\/2025\/03\/pvajf16000-29.jpg 654w, https:\/\/puffvapestore.com\/wp-content\/uploads\/2025\/03\/pvajf16000-29-284x300.jpg 284w, https:\/\/puffvapestore.com\/wp-content\/uploads\/2025\/03\/pvajf16000-29-600x633.jpg 600w\" sizes=\"(max-width: 654px) 100vw, 654px\" \/>\n\t\t\t<\/div>\n\t\t\t\t<figcaption class='wp-caption-text gallery-caption' id='gallery-1-1576'>\n\t\t\t\tJNR Falcon 16K Maracuy\u00e1 Kiwi\n\t\t\t\t<\/figcaption><\/figure>\n\t\t<\/div>\n\t\t<\/div>\n\t\t\t\t\t\t<\/div>\n\t\t\t\t<\/div>\n\t\t\t\t<\/div>\n\t\t\t\t\t<\/div>\n\t\t\t\t<\/div>\n\t\t<div class=\"elementor-element elementor-element-7926c6b e-flex e-con-boxed e-con e-parent\" data-id=\"7926c6b\" data-element_type=\"container\" data-e-type=\"container\">\n\t\t\t\t\t<div class=\"e-con-inner\">\n\t\t\t\t<div class=\"elementor-element elementor-element-2b41948 elementor-widget elementor-widget-text-editor\" data-id=\"2b41948\" data-element_type=\"widget\" data-e-type=\"widget\" data-widget_type=\"text-editor.default\">\n\t\t\t\t<div class=\"elementor-widget-container\">\n\t\t\t\t\t\t\t\t\t<h3>Estilo tropical, alma francesa<\/h3><p>La fruta de la pasi\u00f3n, con su dulzura perezosa y encantadora, es como el sol de la tarde en el sur de Francia, c\u00e1lido pero no deslumbrante. Su fragancia es rica, un poco ex\u00f3tica, pero no demasiado ostentosa, como la elegancia relajada de los franceses.<\/p><p>El kiwi es ligeramente \u00e1cido y refrescante, como la brisa matinal a orillas del Sena, que aporta un toque de frescor pero refresca al instante. El equilibrio agridulce es perfecto, ni graso ni mon\u00f3tono, como una cita perfecta de verano.<\/p><p>Cuando estos dos sabores se encuentran, es como si Par\u00eds se encontrara con la Riviera, con la sofisticaci\u00f3n de la ciudad y la relajaci\u00f3n de las vacaciones. Cada calada del cigarrillo es como saborear un c\u00f3ctel perfectamente mezclado, que hace que la gente quiera dar otra calada.<\/p><h3>\u00bfPor qu\u00e9 elegir JNR Falcon 16000 Fruta de la pasi\u00f3n Kiwi?<\/h3><ul><li>Porque no quieres un sabor a fruta mediocre, quieres un sabor realmente complejo con una historia detr\u00e1s.<\/li><li>Porque crees en el \u00abarte de vivir\u00bb, incluso cuando das una calada a un cigarrillo electr\u00f3nico, tienes que prestar atenci\u00f3n a la experiencia y a los detalles.<\/li><li>Porque, ya se sabe, el verdadero placer no se limita a las papilas gustativas, sino a la experiencia global, desde el dise\u00f1o a la tecnolog\u00eda, pasando por el sabor.<\/li><\/ul><h3>JNR Falcon 16000 - Haga de cada calada un placer franc\u00e9s<\/h3><p>No es s\u00f3lo un cigarrillo electr\u00f3nico, es un viaje gustativo, que te transporta a un tranquilo ambiente tropical en medio del ajetreo de la ciudad. \u00bfEst\u00e1 listo para a\u00f1adir un poco de sabor franc\u00e9s a su vida cotidiana con este cigarrillo de fruta de la pasi\u00f3n y kiwi?<\/p>\t\t\t\t\t\t\t\t<\/div>\n\t\t\t\t<\/div>\n\t\t\t\t\t<\/div>\n\t\t\t\t<\/div>\n\t\t\t\t<\/div>","protected":false},"excerpt":{"rendered":"<p>Puff JNR Falcon 16k Fruit de la passion Kiwi Avez-vous d\u00e9j\u00e0 remarqu\u00e9 que les Fran\u00e7ais ont une appr\u00e9ciation naturelle de la vie ? Une tasse de caf\u00e9 ne doit pas \u00eatre trop am\u00e8re, le pain doit \u00eatre juste cuit avec une cro\u00fbte croustillante et l&rsquo;air doit \u00eatre rempli de l&rsquo;ar\u00f4me des croissants fra\u00eechement cuits. Et [&hellip;]<\/p>\n","protected":false},"featured_media":1576,"comment_status":"open","ping_status":"closed","template":"","meta":{"site-sidebar-layout":"no-sidebar","site-content-layout":"page-builder","ast-site-content-layout":"normal-width-container","site-content-style":"default","site-sidebar-style":"default","ast-global-header-display":"","ast-banner-title-visibility":"","ast-main-header-display":"","ast-hfb-above-header-display":"","ast-hfb-below-header-display":"","ast-hfb-mobile-header-display":"","site-post-title":"disabled","ast-breadcrumbs-content":"","ast-featured-img":"disabled","footer-sml-layout":"","ast-disable-related-posts":"","theme-transparent-header-meta":"default","adv-header-id-meta":"","stick-header-meta":"default","header-above-stick-meta":"","header-main-stick-meta":"","header-below-stick-meta":"","astra-migrate-meta-layouts":"set","ast-page-background-enabled":"default","ast-page-background-meta":{"desktop":{"background-color":"","background-image":"","background-repeat":"repeat","background-position":"center center","background-size":"auto","background-attachment":"scroll","background-type":"","background-media":"","overlay-type":"","overlay-color":"","overlay-opacity":"","overlay-gradient":""},"tablet":{"background-color":"","background-image":"","background-repeat":"repeat","background-position":"center center","background-size":"auto","background-attachment":"scroll","background-type":"","background-media":"","overlay-type":"","overlay-color":"","overlay-opacity":"","overlay-gradient":""},"mobile":{"background-color":"","background-image":"","background-repeat":"repeat","background-position":"center center","background-size":"auto","background-attachment":"scroll","background-type":"","background-media":"","overlay-type":"","overlay-color":"","overlay-opacity":"","overlay-gradient":""}},"ast-content-background-meta":{"desktop":{"background-color":"var(--ast-global-color-5)","background-image":"","background-repeat":"repeat","background-position":"center center","background-size":"auto","background-attachment":"scroll","background-type":"","background-media":"","overlay-type":"","overlay-color":"","overlay-opacity":"","overlay-gradient":""},"tablet":{"background-color":"var(--ast-global-color-5)","background-image":"","background-repeat":"repeat","background-position":"center center","background-size":"auto","background-attachment":"scroll","background-type":"","background-media":"","overlay-type":"","overlay-color":"","overlay-opacity":"","overlay-gradient":""},"mobile":{"background-color":"var(--ast-global-color-5)","background-image":"","background-repeat":"repeat","background-position":"center center","background-size":"auto","background-attachment":"scroll","background-type":"","background-media":"","overlay-type":"","overlay-color":"","overlay-opacity":"","overlay-gradient":""}}},"product_brand":[30],"product_cat":[15,81,77,36,31],"product_tag":[],"class_list":{"0":"post-1698","1":"product","2":"type-product","3":"status-publish","4":"has-post-thumbnail","6":"product_brand-jnr","7":"product_cat-magasin-cigarette-electronique","8":"product_cat-puff-16k","9":"product_cat-entrepot-de-lue","10":"product_cat-jnr-16k","11":"product_cat-jnr-falcon","12":"desktop-align-center","13":"tablet-align-center","14":"mobile-align-center","15":"ast-product-gallery-layout-horizontal","16":"ast-product-gallery-with-no-image","17":"ast-product-single-variable","18":"ast-product-tabs-layout-horizontal","19":"ast-qv-on-image","21":"first","22":"instock","23":"sale","24":"shipping-taxable","25":"purchasable","26":"product-type-variable","27":"has-default-attributes"},"tiered_pricing_type":"fixed","tiered_pricing_fixed_rules":{"30":9.88,"60":9.26,"100":8.06,"200":7.38,"500":6.98,"1000":6.8},"tiered_pricing_product_settings":{"layout":"default","base_unit_name":{"singular":null,"plural":null},"default_variation":null},"tiered_pricing_minimum_quantity":null,"tiered_pricing_roles_data":[],"tiered_pricing_percentage_rules":[],"_links":{"self":[{"href":"https:\/\/puffvapestore.com\/es\/wp-json\/wp\/v2\/product\/1698","targetHints":{"allow":["GET"]}}],"collection":[{"href":"https:\/\/puffvapestore.com\/es\/wp-json\/wp\/v2\/product"}],"about":[{"href":"https:\/\/puffvapestore.com\/es\/wp-json\/wp\/v2\/types\/product"}],"replies":[{"embeddable":true,"href":"https:\/\/puffvapestore.com\/es\/wp-json\/wp\/v2\/comments?post=1698"}],"version-history":[{"count":18,"href":"https:\/\/puffvapestore.com\/es\/wp-json\/wp\/v2\/product\/1698\/revisions"}],"predecessor-version":[{"id":17743,"href":"https:\/\/puffvapestore.com\/es\/wp-json\/wp\/v2\/product\/1698\/revisions\/17743"}],"wp:featuredmedia":[{"embeddable":true,"href":"https:\/\/puffvapestore.com\/es\/wp-json\/wp\/v2\/media\/1576"}],"wp:attachment":[{"href":"https:\/\/puffvapestore.com\/es\/wp-json\/wp\/v2\/media?parent=1698"}],"wp:term":[{"taxonomy":"product_brand","embeddable":true,"href":"https:\/\/puffvapestore.com\/es\/wp-json\/wp\/v2\/product_brand?post=1698"},{"taxonomy":"product_cat","embeddable":true,"href":"https:\/\/puffvapestore.com\/es\/wp-json\/wp\/v2\/product_cat?post=1698"},{"taxonomy":"product_tag","embeddable":true,"href":"https:\/\/puffvapestore.com\/es\/wp-json\/wp\/v2\/product_tag?post=1698"}],"curies":[{"name":"wp","href":"https:\/\/api.w.org\/{rel}","templated":true}]}}