{"id":1686,"date":"2025-03-23T02:42:11","date_gmt":"2025-03-23T02:42:11","guid":{"rendered":"https:\/\/puffvapestore.com\/?post_type=product&#038;p=1686"},"modified":"2026-04-20T11:07:52","modified_gmt":"2026-04-20T11:07:52","slug":"jnr-falcon-16000-cigarette-electronique-jetable-blueberry-red-raspberry","status":"publish","type":"product","link":"https:\/\/puffvapestore.com\/es\/product\/jnr-falcon-16000-cigarrillo-electronico-desechable-arandano-rojo-frambuesa\/","title":{"rendered":"JNR Falcon 16000 Cigarrillo electr\u00f3nico desechable Blueberry Red Raspberry"},"content":{"rendered":"<div data-elementor-type=\"wp-post\" data-elementor-id=\"1686\" class=\"elementor elementor-1686\">\n\t\t\t\t<div class=\"elementor-element elementor-element-824a998 e-flex e-con-boxed e-con e-parent\" data-id=\"824a998\" data-element_type=\"container\" data-e-type=\"container\">\n\t\t\t\t\t<div class=\"e-con-inner\">\n\t\t\t\t<div class=\"elementor-element elementor-element-55fd5fa elementor-widget elementor-widget-text-editor\" data-id=\"55fd5fa\" data-element_type=\"widget\" data-e-type=\"widget\" data-widget_type=\"text-editor.default\">\n\t\t\t\t<div class=\"elementor-widget-container\">\n\t\t\t\t\t\t\t\t\t<h2>Cigarrillo electr\u00f3nico desechable JNR Falcon 16000 Blueberry Red Raspberry<\/h2><p>Si hay algo que saben los franceses es disfrutar de la vida. La <strong>Ar\u00e1ndano Rojo sabor Frambuesa de JNR Falcon 16000<\/strong> es la interpretaci\u00f3n perfecta de esta filosof\u00eda: cada bocanada de humo es como robarle medio d\u00eda de ocio a los huertos de la Provenza, ya que el profundo dulzor de los ar\u00e1ndanos y las frambuesas rojas, ligeramente \u00e1cidas y frescas, se entremezclan para ofrecer un viaje errante a sus papilas gustativas.<\/p>\t\t\t\t\t\t\t\t<\/div>\n\t\t\t\t<\/div>\n\t\t\t\t\t<\/div>\n\t\t\t\t<\/div>\n\t\t<div class=\"elementor-element elementor-element-942ccb0 e-flex e-con-boxed e-con e-parent\" data-id=\"942ccb0\" data-element_type=\"container\" data-e-type=\"container\">\n\t\t\t\t\t<div class=\"e-con-inner\">\n\t\t<div class=\"elementor-element elementor-element-577deeb e-con-full e-flex e-con e-child\" data-id=\"577deeb\" data-element_type=\"container\" data-e-type=\"container\">\n\t\t\t\t<div class=\"elementor-element elementor-element-5d167cf elementor-widget elementor-widget-text-editor\" data-id=\"5d167cf\" data-element_type=\"widget\" data-e-type=\"widget\" data-widget_type=\"text-editor.default\">\n\t\t\t\t<div class=\"elementor-widget-container\">\n\t\t\t\t\t\t\t\t\t<h2>Detalles de JNR Falcon 16000 Ar\u00e1ndano Rojo Frambuesa<\/h2><p>Bocanadas : Hasta 16.000 caladas<br \/>L\u00edquido: 22 ml<br \/>Niveles de nicotina: 0 %, 2 %, 5 %<br \/>Resistencia: 1,0 ohm<br \/>Capacidad de la bater\u00eda: 850 mAh<br \/>Carga: Tipo-C<br \/>Doble malla y doble n\u00facleo de resistencia<br \/>Dimensiones: 53,5 x 32 x 110 mm<\/p>\t\t\t\t\t\t\t\t<\/div>\n\t\t\t\t<\/div>\n\t\t\t\t<\/div>\n\t\t<div class=\"elementor-element elementor-element-d5e4b56 e-con-full e-flex e-con e-child\" data-id=\"d5e4b56\" data-element_type=\"container\" data-e-type=\"container\">\n\t\t\t\t<div class=\"elementor-element elementor-element-381dfcb elementor-widget elementor-widget-image-gallery\" data-id=\"381dfcb\" data-element_type=\"widget\" data-e-type=\"widget\" data-widget_type=\"image-gallery.default\">\n\t\t\t\t<div class=\"elementor-widget-container\">\n\t\t\t\t\t\t\t<div class=\"elementor-image-gallery\">\n\t\t\t<div id='gallery-1' class='gallery galleryid-1686 gallery-columns-1 gallery-size-medium_large'><figure class='gallery-item'>\n\t\t\t<div class='gallery-icon portrait'>\n\t\t\t\t<img fetchpriority=\"high\" decoding=\"async\" width=\"654\" height=\"690\" src=\"https:\/\/puffvapestore.com\/wp-content\/uploads\/2025\/03\/pvajf16000-31.jpg\" class=\"attachment-medium_large size-medium_large\" alt=\"JNR Falcon 16K Ar\u00e1ndano Rojo Frambuesa\" aria-describedby=\"gallery-1-1578\" srcset=\"https:\/\/puffvapestore.com\/wp-content\/uploads\/2025\/03\/pvajf16000-31.jpg 654w, https:\/\/puffvapestore.com\/wp-content\/uploads\/2025\/03\/pvajf16000-31-284x300.jpg 284w, https:\/\/puffvapestore.com\/wp-content\/uploads\/2025\/03\/pvajf16000-31-600x633.jpg 600w\" sizes=\"(max-width: 654px) 100vw, 654px\" \/>\n\t\t\t<\/div>\n\t\t\t\t<figcaption class='wp-caption-text gallery-caption' id='gallery-1-1578'>\n\t\t\t\tJNR Falcon 16K Ar\u00e1ndano Rojo Frambuesa\n\t\t\t\t<\/figcaption><\/figure>\n\t\t<\/div>\n\t\t<\/div>\n\t\t\t\t\t\t<\/div>\n\t\t\t\t<\/div>\n\t\t\t\t<\/div>\n\t\t\t\t\t<\/div>\n\t\t\t\t<\/div>\n\t\t<div class=\"elementor-element elementor-element-7926c6b e-flex e-con-boxed e-con e-parent\" data-id=\"7926c6b\" data-element_type=\"container\" data-e-type=\"container\">\n\t\t\t\t\t<div class=\"e-con-inner\">\n\t\t\t\t<div class=\"elementor-element elementor-element-2b41948 elementor-widget elementor-widget-text-editor\" data-id=\"2b41948\" data-element_type=\"widget\" data-e-type=\"widget\" data-widget_type=\"text-editor.default\">\n\t\t\t\t<div class=\"elementor-widget-container\">\n\t\t\t\t\t\t\t\t\t<h3>Cuando el cigarrillo electr\u00f3nico se convierte tambi\u00e9n en una especie de \u00abpostre franc\u00e9s\u00bb<\/h3><p>Imag\u00ednese sentado en un caf\u00e9 al aire libre a orillas del Sena, en Par\u00eds, con una taza de caf\u00e9 espresso reci\u00e9n molido en la mano y el aroma de los cruasanes reci\u00e9n horneados en el aire. En ese momento, <strong>dar una calada a los cigarrillos JNR Falcon 16000<\/strong>, El aroma afrutado y suave de los ar\u00e1ndanos envuelve instant\u00e1neamente la punta de la lengua, seguido del sutil sabor agridulce de las frambuesas rojas, como si se untara una cucharada de mermelada cuidadosamente preparada sobre un suave pan con mantequilla. Esto no es s\u00f3lo un cigarrillo electr\u00f3nico, es un encuentro rom\u00e1ntico con el sabor.<\/p><h3>\u00bfQu\u00e9 hace que este sabor sea tan especial?<\/h3><ul><li>El suave dulzor de los ar\u00e1ndanos es tan rico y complejo como el vino tinto de Burdeos, aportando un regalo de la naturaleza que hace que cada bocanada de humo est\u00e9 llena de profundidad.<\/li><li>El aroma afrutado ligeramente \u00e1cido de las frambuesas rojas, un toque del alma de los postres franceses, aporta vitalidad y ligereza al conjunto del sabor.<\/li><li>La mezcla perfecta de ambos crea una experiencia de sabor c\u00e1lida pero refrescante que resulta irresistible.<\/li><\/ul><h3>Combinaci\u00f3n de tecnolog\u00eda y elegancia francesa<\/h3><p>Por supuesto, el JNR Falcon 16000 ofrece mucho m\u00e1s que un sabor incre\u00edble. Su tecnolog\u00eda Dual Mesh Coil garantiza una fumada completa y sabrosa en cada calada, mientras que el sistema de flujo de aire ajustable te permite elegir entre una experiencia de vapeo intensa o ligera. Junto con una bater\u00eda recargable de 850 mAh y dos puertos de carga Type-C y Lightning, este cigarrillo electr\u00f3nico refleja el dise\u00f1o cl\u00e1sico que adoran los franceses: elegante sin renunciar a la practicidad.<\/p>\t\t\t\t\t\t\t\t<\/div>\n\t\t\t\t<\/div>\n\t\t\t\t\t<\/div>\n\t\t\t\t<\/div>\n\t\t\t\t<\/div>","protected":false},"excerpt":{"rendered":"<p>Cigarette \u00e9lectronique jetable JNR Falcon 16000 Myrtille Rouge Framboise S&rsquo;il y a une chose que les Fran\u00e7ais savent, c&rsquo;est profiter de la vie. La saveur Myrtille Rouge Framboise du JNR Falcon 16000 est l&rsquo;interpr\u00e9tation parfaite de cette philosophie &#8211; chaque bouff\u00e9e de fum\u00e9e est comme voler une demi-journ\u00e9e de loisirs dans les vergers de Provence, [&hellip;]<\/p>\n","protected":false},"featured_media":1578,"comment_status":"open","ping_status":"closed","template":"","meta":{"site-sidebar-layout":"no-sidebar","site-content-layout":"page-builder","ast-site-content-layout":"normal-width-container","site-content-style":"default","site-sidebar-style":"default","ast-global-header-display":"","ast-banner-title-visibility":"","ast-main-header-display":"","ast-hfb-above-header-display":"","ast-hfb-below-header-display":"","ast-hfb-mobile-header-display":"","site-post-title":"disabled","ast-breadcrumbs-content":"","ast-featured-img":"disabled","footer-sml-layout":"","ast-disable-related-posts":"","theme-transparent-header-meta":"default","adv-header-id-meta":"","stick-header-meta":"default","header-above-stick-meta":"","header-main-stick-meta":"","header-below-stick-meta":"","astra-migrate-meta-layouts":"set","ast-page-background-enabled":"default","ast-page-background-meta":{"desktop":{"background-color":"","background-image":"","background-repeat":"repeat","background-position":"center center","background-size":"auto","background-attachment":"scroll","background-type":"","background-media":"","overlay-type":"","overlay-color":"","overlay-opacity":"","overlay-gradient":""},"tablet":{"background-color":"","background-image":"","background-repeat":"repeat","background-position":"center center","background-size":"auto","background-attachment":"scroll","background-type":"","background-media":"","overlay-type":"","overlay-color":"","overlay-opacity":"","overlay-gradient":""},"mobile":{"background-color":"","background-image":"","background-repeat":"repeat","background-position":"center center","background-size":"auto","background-attachment":"scroll","background-type":"","background-media":"","overlay-type":"","overlay-color":"","overlay-opacity":"","overlay-gradient":""}},"ast-content-background-meta":{"desktop":{"background-color":"var(--ast-global-color-5)","background-image":"","background-repeat":"repeat","background-position":"center center","background-size":"auto","background-attachment":"scroll","background-type":"","background-media":"","overlay-type":"","overlay-color":"","overlay-opacity":"","overlay-gradient":""},"tablet":{"background-color":"var(--ast-global-color-5)","background-image":"","background-repeat":"repeat","background-position":"center center","background-size":"auto","background-attachment":"scroll","background-type":"","background-media":"","overlay-type":"","overlay-color":"","overlay-opacity":"","overlay-gradient":""},"mobile":{"background-color":"var(--ast-global-color-5)","background-image":"","background-repeat":"repeat","background-position":"center center","background-size":"auto","background-attachment":"scroll","background-type":"","background-media":"","overlay-type":"","overlay-color":"","overlay-opacity":"","overlay-gradient":""}}},"product_brand":[30],"product_cat":[15,81,77,34,36,31],"product_tag":[],"class_list":{"0":"post-1686","1":"product","2":"type-product","3":"status-publish","4":"has-post-thumbnail","6":"product_brand-jnr","7":"product_cat-magasin-cigarette-electronique","8":"product_cat-puff-16k","9":"product_cat-entrepot-de-lue","10":"product_cat-puff-jnr","11":"product_cat-jnr-16k","12":"product_cat-jnr-falcon","13":"desktop-align-center","14":"tablet-align-center","15":"mobile-align-center","16":"ast-product-gallery-layout-horizontal","17":"ast-product-gallery-with-no-image","18":"ast-product-single-variable","19":"ast-product-tabs-layout-horizontal","20":"ast-qv-on-image","22":"first","23":"instock","24":"sale","25":"shipping-taxable","26":"purchasable","27":"product-type-variable","28":"has-default-attributes"},"tiered_pricing_type":"fixed","tiered_pricing_fixed_rules":{"30":9.88,"60":9.26,"100":8.06,"200":7.38,"500":6.98,"1000":6.8},"tiered_pricing_product_settings":{"layout":"default","base_unit_name":{"singular":null,"plural":null},"default_variation":null},"tiered_pricing_minimum_quantity":null,"tiered_pricing_roles_data":[],"tiered_pricing_percentage_rules":[],"_links":{"self":[{"href":"https:\/\/puffvapestore.com\/es\/wp-json\/wp\/v2\/product\/1686","targetHints":{"allow":["GET"]}}],"collection":[{"href":"https:\/\/puffvapestore.com\/es\/wp-json\/wp\/v2\/product"}],"about":[{"href":"https:\/\/puffvapestore.com\/es\/wp-json\/wp\/v2\/types\/product"}],"replies":[{"embeddable":true,"href":"https:\/\/puffvapestore.com\/es\/wp-json\/wp\/v2\/comments?post=1686"}],"version-history":[{"count":18,"href":"https:\/\/puffvapestore.com\/es\/wp-json\/wp\/v2\/product\/1686\/revisions"}],"predecessor-version":[{"id":17751,"href":"https:\/\/puffvapestore.com\/es\/wp-json\/wp\/v2\/product\/1686\/revisions\/17751"}],"wp:featuredmedia":[{"embeddable":true,"href":"https:\/\/puffvapestore.com\/es\/wp-json\/wp\/v2\/media\/1578"}],"wp:attachment":[{"href":"https:\/\/puffvapestore.com\/es\/wp-json\/wp\/v2\/media?parent=1686"}],"wp:term":[{"taxonomy":"product_brand","embeddable":true,"href":"https:\/\/puffvapestore.com\/es\/wp-json\/wp\/v2\/product_brand?post=1686"},{"taxonomy":"product_cat","embeddable":true,"href":"https:\/\/puffvapestore.com\/es\/wp-json\/wp\/v2\/product_cat?post=1686"},{"taxonomy":"product_tag","embeddable":true,"href":"https:\/\/puffvapestore.com\/es\/wp-json\/wp\/v2\/product_tag?post=1686"}],"curies":[{"name":"wp","href":"https:\/\/api.w.org\/{rel}","templated":true}]}}