{"id":1680,"date":"2025-03-22T17:35:11","date_gmt":"2025-03-22T17:35:11","guid":{"rendered":"https:\/\/puffvapestore.com\/?post_type=product&#038;p=1680"},"modified":"2026-04-20T11:07:58","modified_gmt":"2026-04-20T11:07:58","slug":"puff-jnr-falcon-16000-blueberry-pomegranate-ice","status":"publish","type":"product","link":"https:\/\/puffvapestore.com\/es\/product\/puff-jnr-falcon-16000-arandano-granada-ice\/","title":{"rendered":"Puff JNR Falcon 16000 Ar\u00e1ndano Granada Hielo"},"content":{"rendered":"<div data-elementor-type=\"wp-post\" data-elementor-id=\"1680\" class=\"elementor elementor-1680\">\n\t\t\t\t<div class=\"elementor-element elementor-element-824a998 e-flex e-con-boxed e-con e-parent\" data-id=\"824a998\" data-element_type=\"container\" data-e-type=\"container\">\n\t\t\t\t\t<div class=\"e-con-inner\">\n\t\t\t\t<div class=\"elementor-element elementor-element-55fd5fa elementor-widget elementor-widget-text-editor\" data-id=\"55fd5fa\" data-element_type=\"widget\" data-e-type=\"widget\" data-widget_type=\"text-editor.default\">\n\t\t\t\t<div class=\"elementor-widget-container\">\n\t\t\t\t\t\t\t\t\t<h2>Puff JNR Falcon 16000 Helado de ar\u00e1ndano y granada<\/h2><p>Imag\u00ednese sentado en un peque\u00f1o caf\u00e9 escondido en Par\u00eds, con el Sena fluyendo lentamente por la ventana, un vaso de vino tinto reci\u00e9n mezclado en la mano y el tenue aroma de los ar\u00e1ndanos y las granadas flotando en el aire. No se trata de una fantas\u00eda, sino de una experiencia real tra\u00edda por el sabor. <strong>Hielo Ar\u00e1ndano Granada de JNR Falcon 16000<\/strong>.<\/p><h3>Un soplo de humo franc\u00e9s<\/h3><p>Los franceses siempre han sabido disfrutar de la vida, y el sabor de este cigarrillo electr\u00f3nico es un homenaje a esa actitud ante la vida. El aroma afrutado y dulce de los ar\u00e1ndanos evoca la brisa veraniega de la Provenza, mientras que el sabor ligeramente \u00e1cido de la granada a\u00f1ade un toque de juguetona elegancia francesa. Por \u00faltimo, el toque de frescor transforma la experiencia en un c\u00f3ctel perfecto, refrescante y persistente.<\/p>\t\t\t\t\t\t\t\t<\/div>\n\t\t\t\t<\/div>\n\t\t\t\t\t<\/div>\n\t\t\t\t<\/div>\n\t\t<div class=\"elementor-element elementor-element-942ccb0 e-flex e-con-boxed e-con e-parent\" data-id=\"942ccb0\" data-element_type=\"container\" data-e-type=\"container\">\n\t\t\t\t\t<div class=\"e-con-inner\">\n\t\t<div class=\"elementor-element elementor-element-577deeb e-con-full e-flex e-con e-child\" data-id=\"577deeb\" data-element_type=\"container\" data-e-type=\"container\">\n\t\t\t\t<div class=\"elementor-element elementor-element-5d167cf elementor-widget elementor-widget-text-editor\" data-id=\"5d167cf\" data-element_type=\"widget\" data-e-type=\"widget\" data-widget_type=\"text-editor.default\">\n\t\t\t\t<div class=\"elementor-widget-container\">\n\t\t\t\t\t\t\t\t\t<h2>Detalles de JNR Falcon 16000 Blueberry Pomegranate Ice<\/h2><p>Bocanadas : Hasta 16.000 caladas<br \/>L\u00edquido: 22 ml<br \/>Niveles de nicotina: 0 %, 2 %, 5 %<br \/>Resistencia: 1,0 ohm<br \/>Capacidad de la bater\u00eda: 850 mAh<br \/>Carga: Tipo-C<br \/>Doble malla y doble n\u00facleo de resistencia<br \/>Dimensiones: 53,5 x 32 x 110 mm<\/p>\t\t\t\t\t\t\t\t<\/div>\n\t\t\t\t<\/div>\n\t\t\t\t<\/div>\n\t\t<div class=\"elementor-element elementor-element-d5e4b56 e-con-full e-flex e-con e-child\" data-id=\"d5e4b56\" data-element_type=\"container\" data-e-type=\"container\">\n\t\t\t\t<div class=\"elementor-element elementor-element-381dfcb elementor-widget elementor-widget-image-gallery\" data-id=\"381dfcb\" data-element_type=\"widget\" data-e-type=\"widget\" data-widget_type=\"image-gallery.default\">\n\t\t\t\t<div class=\"elementor-widget-container\">\n\t\t\t\t\t\t\t<div class=\"elementor-image-gallery\">\n\t\t\t<div id='gallery-1' class='gallery galleryid-1680 gallery-columns-1 gallery-size-medium_large'><figure class='gallery-item'>\n\t\t\t<div class='gallery-icon portrait'>\n\t\t\t\t<img fetchpriority=\"high\" decoding=\"async\" width=\"654\" height=\"690\" src=\"https:\/\/puffvapestore.com\/wp-content\/uploads\/2025\/03\/pvajf16000-7.jpg\" class=\"attachment-medium_large size-medium_large\" alt=\"JNR Falcon 16K Hielo de ar\u00e1ndano y granada\" aria-describedby=\"gallery-1-1554\" srcset=\"https:\/\/puffvapestore.com\/wp-content\/uploads\/2025\/03\/pvajf16000-7.jpg 654w, https:\/\/puffvapestore.com\/wp-content\/uploads\/2025\/03\/pvajf16000-7-284x300.jpg 284w, https:\/\/puffvapestore.com\/wp-content\/uploads\/2025\/03\/pvajf16000-7-600x633.jpg 600w\" sizes=\"(max-width: 654px) 100vw, 654px\" \/>\n\t\t\t<\/div>\n\t\t\t\t<figcaption class='wp-caption-text gallery-caption' id='gallery-1-1554'>\n\t\t\t\tJNR Falcon 16K Hielo de ar\u00e1ndano y granada\n\t\t\t\t<\/figcaption><\/figure>\n\t\t<\/div>\n\t\t<\/div>\n\t\t\t\t\t\t<\/div>\n\t\t\t\t<\/div>\n\t\t\t\t<\/div>\n\t\t\t\t\t<\/div>\n\t\t\t\t<\/div>\n\t\t<div class=\"elementor-element elementor-element-7926c6b e-flex e-con-boxed e-con e-parent\" data-id=\"7926c6b\" data-element_type=\"container\" data-e-type=\"container\">\n\t\t\t\t\t<div class=\"e-con-inner\">\n\t\t\t\t<div class=\"elementor-element elementor-element-2b41948 elementor-widget elementor-widget-text-editor\" data-id=\"2b41948\" data-element_type=\"widget\" data-e-type=\"widget\" data-widget_type=\"text-editor.default\">\n\t\t\t\t<div class=\"elementor-widget-container\">\n\t\t\t\t\t\t\t\t\t<h3>\u00bfPara qui\u00e9n es adecuado Puff JNR Falcon 16000 Blueberry Pomegranate Ice?<\/h3><p>Este sabor a helado de ar\u00e1ndanos y granada es perfecto para quienes les gusta encontrar las peque\u00f1as cosas de la vida. Es la personificaci\u00f3n del estilo bohemio parisino, un toque de frescura bajo el sol del sur de Francia y el toque final para las fiestas de medianoche.<\/p><ul><li><strong>\u00bfJuventud literaria?<\/strong> Si escribes poes\u00eda mientras fumas en un caf\u00e9, el olor puede inspirarte.<\/li><li><strong>\u00bfAmantes de la vida nocturna?<\/strong> En las calles h\u00famedas, el aroma de un cigarrillo helado de ar\u00e1ndanos y granada hace la noche m\u00e1s encantadora.<\/li><li><strong>Puff JNR Falcon 16000 ?<\/strong> El complejo sabor afrutado es suficiente para saborearlo con cuidado, en lugar de limitarse a un aburrido sabor dulce.<\/li><\/ul><h3>Puff JNR Falcon 16000 Blueberry Pomegranate Ice - Haz del vapeo una forma de vida<\/h3><p>Los franceses saben que la belleza de la vida reside en los detalles, y este JNR Falcon 16000 sabor a helado de ar\u00e1ndanos y granada es la elecci\u00f3n \u00abgourmet\u00bb en el mundo de los cigarrillos electr\u00f3nicos. No es s\u00f3lo un sustituto de la nicotina, es una actitud elegante y sofisticada ante la vida.<\/p><p>As\u00ed que la pr\u00f3xima vez que pasee por el Sena o se tome una copa en un bistr\u00f3 de Montmartre, ll\u00e9vese un JNR Falcon 16000 y deje que el aroma de los ar\u00e1ndanos y las granadas forme parte de su vida francesa.<\/p>\t\t\t\t\t\t\t\t<\/div>\n\t\t\t\t<\/div>\n\t\t\t\t\t<\/div>\n\t\t\t\t<\/div>\n\t\t\t\t<\/div>","protected":false},"excerpt":{"rendered":"<p>Puff JNR Falcon 16000 Glace Myrtille Grenade Imaginez que vous \u00eates assis dans un petit caf\u00e9 cach\u00e9 \u00e0 Paris, avec la Seine qui coule lentement \u00e0 l&rsquo;ext\u00e9rieur de la fen\u00eatre, un verre de vin rouge fra\u00eechement m\u00e9lang\u00e9 \u00e0 la main et le l\u00e9ger ar\u00f4me de myrtilles et de grenades flottant dans l&rsquo;air. Ce n\u2019est pas [&hellip;]<\/p>\n","protected":false},"featured_media":1554,"comment_status":"open","ping_status":"closed","template":"","meta":{"site-sidebar-layout":"no-sidebar","site-content-layout":"page-builder","ast-site-content-layout":"normal-width-container","site-content-style":"default","site-sidebar-style":"default","ast-global-header-display":"","ast-banner-title-visibility":"","ast-main-header-display":"","ast-hfb-above-header-display":"","ast-hfb-below-header-display":"","ast-hfb-mobile-header-display":"","site-post-title":"disabled","ast-breadcrumbs-content":"","ast-featured-img":"disabled","footer-sml-layout":"","ast-disable-related-posts":"","theme-transparent-header-meta":"default","adv-header-id-meta":"","stick-header-meta":"default","header-above-stick-meta":"","header-main-stick-meta":"","header-below-stick-meta":"","astra-migrate-meta-layouts":"set","ast-page-background-enabled":"default","ast-page-background-meta":{"desktop":{"background-color":"","background-image":"","background-repeat":"repeat","background-position":"center center","background-size":"auto","background-attachment":"scroll","background-type":"","background-media":"","overlay-type":"","overlay-color":"","overlay-opacity":"","overlay-gradient":""},"tablet":{"background-color":"","background-image":"","background-repeat":"repeat","background-position":"center center","background-size":"auto","background-attachment":"scroll","background-type":"","background-media":"","overlay-type":"","overlay-color":"","overlay-opacity":"","overlay-gradient":""},"mobile":{"background-color":"","background-image":"","background-repeat":"repeat","background-position":"center center","background-size":"auto","background-attachment":"scroll","background-type":"","background-media":"","overlay-type":"","overlay-color":"","overlay-opacity":"","overlay-gradient":""}},"ast-content-background-meta":{"desktop":{"background-color":"var(--ast-global-color-5)","background-image":"","background-repeat":"repeat","background-position":"center center","background-size":"auto","background-attachment":"scroll","background-type":"","background-media":"","overlay-type":"","overlay-color":"","overlay-opacity":"","overlay-gradient":""},"tablet":{"background-color":"var(--ast-global-color-5)","background-image":"","background-repeat":"repeat","background-position":"center center","background-size":"auto","background-attachment":"scroll","background-type":"","background-media":"","overlay-type":"","overlay-color":"","overlay-opacity":"","overlay-gradient":""},"mobile":{"background-color":"var(--ast-global-color-5)","background-image":"","background-repeat":"repeat","background-position":"center center","background-size":"auto","background-attachment":"scroll","background-type":"","background-media":"","overlay-type":"","overlay-color":"","overlay-opacity":"","overlay-gradient":""}}},"product_brand":[30],"product_cat":[15,81,77,34,35,36],"product_tag":[],"class_list":{"0":"post-1680","1":"product","2":"type-product","3":"status-publish","4":"has-post-thumbnail","6":"product_brand-jnr","7":"product_cat-magasin-cigarette-electronique","8":"product_cat-puff-16k","9":"product_cat-entrepot-de-lue","10":"product_cat-puff-jnr","11":"product_cat-jnr-vape","12":"product_cat-jnr-16k","13":"desktop-align-center","14":"tablet-align-center","15":"mobile-align-center","16":"ast-product-gallery-layout-horizontal","17":"ast-product-gallery-with-no-image","18":"ast-product-single-variable","19":"ast-product-tabs-layout-horizontal","20":"ast-qv-on-image","22":"first","23":"instock","24":"sale","25":"shipping-taxable","26":"purchasable","27":"product-type-variable","28":"has-default-attributes"},"tiered_pricing_type":"fixed","tiered_pricing_fixed_rules":{"30":9.88,"60":9.26,"100":8.06,"200":7.38,"500":6.98,"1000":6.8},"tiered_pricing_product_settings":{"layout":"default","base_unit_name":{"singular":null,"plural":null},"default_variation":null},"tiered_pricing_minimum_quantity":null,"tiered_pricing_roles_data":[],"tiered_pricing_percentage_rules":[],"_links":{"self":[{"href":"https:\/\/puffvapestore.com\/es\/wp-json\/wp\/v2\/product\/1680","targetHints":{"allow":["GET"]}}],"collection":[{"href":"https:\/\/puffvapestore.com\/es\/wp-json\/wp\/v2\/product"}],"about":[{"href":"https:\/\/puffvapestore.com\/es\/wp-json\/wp\/v2\/types\/product"}],"replies":[{"embeddable":true,"href":"https:\/\/puffvapestore.com\/es\/wp-json\/wp\/v2\/comments?post=1680"}],"version-history":[{"count":18,"href":"https:\/\/puffvapestore.com\/es\/wp-json\/wp\/v2\/product\/1680\/revisions"}],"predecessor-version":[{"id":17755,"href":"https:\/\/puffvapestore.com\/es\/wp-json\/wp\/v2\/product\/1680\/revisions\/17755"}],"wp:featuredmedia":[{"embeddable":true,"href":"https:\/\/puffvapestore.com\/es\/wp-json\/wp\/v2\/media\/1554"}],"wp:attachment":[{"href":"https:\/\/puffvapestore.com\/es\/wp-json\/wp\/v2\/media?parent=1680"}],"wp:term":[{"taxonomy":"product_brand","embeddable":true,"href":"https:\/\/puffvapestore.com\/es\/wp-json\/wp\/v2\/product_brand?post=1680"},{"taxonomy":"product_cat","embeddable":true,"href":"https:\/\/puffvapestore.com\/es\/wp-json\/wp\/v2\/product_cat?post=1680"},{"taxonomy":"product_tag","embeddable":true,"href":"https:\/\/puffvapestore.com\/es\/wp-json\/wp\/v2\/product_tag?post=1680"}],"curies":[{"name":"wp","href":"https:\/\/api.w.org\/{rel}","templated":true}]}}