{"id":1674,"date":"2025-03-22T09:27:00","date_gmt":"2025-03-22T09:27:00","guid":{"rendered":"https:\/\/puffvapestore.com\/?post_type=product&#038;p=1674"},"modified":"2026-04-20T11:08:10","modified_gmt":"2026-04-20T11:08:10","slug":"jnr-falcon-16000-vape-blue-razz-ice","status":"publish","type":"product","link":"https:\/\/puffvapestore.com\/es\/product\/jnr-falcon-16000-vape-blue-razz-ice\/","title":{"rendered":"JNR Falcon 16000 Vape Azul Razz Hielo"},"content":{"rendered":"<div data-elementor-type=\"wp-post\" data-elementor-id=\"1674\" class=\"elementor elementor-1674\">\n\t\t\t\t<div class=\"elementor-element elementor-element-824a998 e-flex e-con-boxed e-con e-parent\" data-id=\"824a998\" data-element_type=\"container\" data-e-type=\"container\">\n\t\t\t\t\t<div class=\"e-con-inner\">\n\t\t\t\t<div class=\"elementor-element elementor-element-55fd5fa elementor-widget elementor-widget-text-editor\" data-id=\"55fd5fa\" data-element_type=\"widget\" data-e-type=\"widget\" data-widget_type=\"text-editor.default\">\n\t\t\t\t<div class=\"elementor-widget-container\">\n\t\t\t\t\t\t\t\t\t<h2>JNR Falcon 16000 Vape Azul Razz Hielo<\/h2><p>Imag\u00ednese sentado a orillas del Sena, en Par\u00eds, al atardecer, con una suave brisa y un c\u00f3ctel reci\u00e9n preparado en la mano. En cuanto huela <strong>JNR Falcon 16000 Azul Razz Hielo<\/strong>, El aroma agridulce de las frambuesas azules estalla en el paladar. La sensaci\u00f3n helada que sigue recuerda a un viaje a los Alpes en pleno verano: fresca, estimulante y adictiva. No es s\u00f3lo un cigarrillo electr\u00f3nico, es una aventura gustativa y una subversi\u00f3n de los sabores tradicionales.<\/p><h3>Frambuesa azul + frescor helado = una combinaci\u00f3n perfecta<\/h3><p>En Francia nos gustan las capas de sabor, y Blue Razz Ice lo capta a la perfecci\u00f3n. No se trata de un sabor a fruta soso y corriente, sino de una sinfon\u00eda de sabores cuidadosamente orquestada. En primer lugar, las frambuesas azules aportan un sabor afrutado \u00fanico, entre dulce y \u00e1cido, que estimula las papilas gustativas pero no las domina. A continuaci\u00f3n, el frescor llega en silencio, dando a este e-cigarrillo una sensaci\u00f3n refrescante que no es demasiado estimulante, pero lo suficiente como para mantener a la gente persistente en \u00e9l.<\/p>\t\t\t\t\t\t\t\t<\/div>\n\t\t\t\t<\/div>\n\t\t\t\t\t<\/div>\n\t\t\t\t<\/div>\n\t\t<div class=\"elementor-element elementor-element-942ccb0 e-flex e-con-boxed e-con e-parent\" data-id=\"942ccb0\" data-element_type=\"container\" data-e-type=\"container\">\n\t\t\t\t\t<div class=\"e-con-inner\">\n\t\t<div class=\"elementor-element elementor-element-577deeb e-con-full e-flex e-con e-child\" data-id=\"577deeb\" data-element_type=\"container\" data-e-type=\"container\">\n\t\t\t\t<div class=\"elementor-element elementor-element-5d167cf elementor-widget elementor-widget-text-editor\" data-id=\"5d167cf\" data-element_type=\"widget\" data-e-type=\"widget\" data-widget_type=\"text-editor.default\">\n\t\t\t\t<div class=\"elementor-widget-container\">\n\t\t\t\t\t\t\t\t\t<h2>Detalles de JNR Falcon 16000 Azul Razz Hielo<\/h2><p>Bocanadas : Hasta 16.000 caladas<br \/>L\u00edquido: 22 ml<br \/>Niveles de nicotina: 0 %, 2 %, 5 %<br \/>Resistencia: 1,0 ohm<br \/>Capacidad de la bater\u00eda: 850 mAh<br \/>Carga: Tipo-C<br \/>Doble malla y doble n\u00facleo de resistencia<br \/>Dimensiones: 53,5 x 32 x 110 mm<\/p>\t\t\t\t\t\t\t\t<\/div>\n\t\t\t\t<\/div>\n\t\t\t\t<\/div>\n\t\t<div class=\"elementor-element elementor-element-d5e4b56 e-con-full e-flex e-con e-child\" data-id=\"d5e4b56\" data-element_type=\"container\" data-e-type=\"container\">\n\t\t\t\t<div class=\"elementor-element elementor-element-381dfcb elementor-widget elementor-widget-image-gallery\" data-id=\"381dfcb\" data-element_type=\"widget\" data-e-type=\"widget\" data-widget_type=\"image-gallery.default\">\n\t\t\t\t<div class=\"elementor-widget-container\">\n\t\t\t\t\t\t\t<div class=\"elementor-image-gallery\">\n\t\t\t<div id='gallery-1' class='gallery galleryid-1674 gallery-columns-1 gallery-size-medium_large'><figure class='gallery-item'>\n\t\t\t<div class='gallery-icon portrait'>\n\t\t\t\t<img fetchpriority=\"high\" decoding=\"async\" width=\"654\" height=\"690\" src=\"https:\/\/puffvapestore.com\/wp-content\/uploads\/2025\/03\/pvajf16000-9.jpg\" class=\"attachment-medium_large size-medium_large\" alt=\"JNR Falcon 16K Azul Razz Hielo\" aria-describedby=\"gallery-1-1556\" srcset=\"https:\/\/puffvapestore.com\/wp-content\/uploads\/2025\/03\/pvajf16000-9.jpg 654w, https:\/\/puffvapestore.com\/wp-content\/uploads\/2025\/03\/pvajf16000-9-284x300.jpg 284w, https:\/\/puffvapestore.com\/wp-content\/uploads\/2025\/03\/pvajf16000-9-600x633.jpg 600w\" sizes=\"(max-width: 654px) 100vw, 654px\" \/>\n\t\t\t<\/div>\n\t\t\t\t<figcaption class='wp-caption-text gallery-caption' id='gallery-1-1556'>\n\t\t\t\tJNR Falcon 16K Azul Razz Hielo\n\t\t\t\t<\/figcaption><\/figure>\n\t\t<\/div>\n\t\t<\/div>\n\t\t\t\t\t\t<\/div>\n\t\t\t\t<\/div>\n\t\t\t\t<\/div>\n\t\t\t\t\t<\/div>\n\t\t\t\t<\/div>\n\t\t<div class=\"elementor-element elementor-element-7926c6b e-flex e-con-boxed e-con e-parent\" data-id=\"7926c6b\" data-element_type=\"container\" data-e-type=\"container\">\n\t\t\t\t\t<div class=\"e-con-inner\">\n\t\t\t\t<div class=\"elementor-element elementor-element-2b41948 elementor-widget elementor-widget-text-editor\" data-id=\"2b41948\" data-element_type=\"widget\" data-e-type=\"widget\" data-widget_type=\"text-editor.default\">\n\t\t\t\t<div class=\"elementor-widget-container\">\n\t\t\t\t\t\t\t\t\t<h3>Elegancia francesa, perfecta para usted<\/h3><p>Le <strong>JNR Falcon 16000 Vape Azul Razz Hielo<\/strong> no s\u00f3lo destaca por su funcionalidad, sino que su dise\u00f1o cristalino tambi\u00e9n responde a la m\u00e1xima b\u00fasqueda de atractivo est\u00e9tico de los franceses. Ya sea en una conversaci\u00f3n en un caf\u00e9 o bajo las luces de ne\u00f3n de una velada a medianoche, puede convertirse en su declaraci\u00f3n de estilo. Al fin y al cabo, en Francia, sabor y moda van de la mano.<\/p><h3>\u00bfPor qu\u00e9 JNR Falcon 16000 Vape Blue Razz Ice?<\/h3><ul><li><strong>M\u00e1s que dulzura<\/strong> - el equilibrio agridulce de las frambuesas azules es inolvidable<\/li><li><strong>Bendici\u00f3n de la sensaci\u00f3n de hielo<\/strong> - refrescante y completo, adecuado para todas las ocasiones<\/li><li><strong>Bater\u00eda de larga duraci\u00f3n<\/strong> - 16.000 veces, se acabaron los problemas de sustituci\u00f3n frecuente<\/li><li><strong>Dise\u00f1o exquisito<\/strong> - elegante aspecto de cristal, lujo discreto<\/li><\/ul><h3>Redefina su experiencia de fumar<\/h3><p>Los franceses saben disfrutar de la vida, y los <strong>JNR Falcon 16000 Azul Razz Hielo<\/strong> es para la gente que quiere calidad de vida. No es s\u00f3lo un cigarrillo electr\u00f3nico, sino una actitud, una persistencia en el sabor y una b\u00fasqueda de la libertad.<\/p><p>Una bocanada de Blue Razz Ice hace que tu mundo sea un poco m\u00e1s fresco.<\/p>\t\t\t\t\t\t\t\t<\/div>\n\t\t\t\t<\/div>\n\t\t\t\t\t<\/div>\n\t\t\t\t<\/div>\n\t\t\t\t<\/div>","protected":false},"excerpt":{"rendered":"<p>JNR Falcon 16000 Vape Bleu Razz Ice Imaginez que vous \u00eates assis au bord de la Seine \u00e0 Paris le soir, avec une douce brise qui souffle et un cocktail fra\u00eechement pr\u00e9par\u00e9 \u00e0 la main. D\u00e8s que vous prenez une bouff\u00e9e de JNR Falcon 16000 Blue Razz Ice, l&rsquo;ar\u00f4me sucr\u00e9-amer des framboises bleues explose en [&hellip;]<\/p>\n","protected":false},"featured_media":1556,"comment_status":"open","ping_status":"closed","template":"","meta":{"site-sidebar-layout":"no-sidebar","site-content-layout":"page-builder","ast-site-content-layout":"normal-width-container","site-content-style":"default","site-sidebar-style":"default","ast-global-header-display":"","ast-banner-title-visibility":"","ast-main-header-display":"","ast-hfb-above-header-display":"","ast-hfb-below-header-display":"","ast-hfb-mobile-header-display":"","site-post-title":"disabled","ast-breadcrumbs-content":"","ast-featured-img":"disabled","footer-sml-layout":"","ast-disable-related-posts":"","theme-transparent-header-meta":"default","adv-header-id-meta":"","stick-header-meta":"default","header-above-stick-meta":"","header-main-stick-meta":"","header-below-stick-meta":"","astra-migrate-meta-layouts":"set","ast-page-background-enabled":"default","ast-page-background-meta":{"desktop":{"background-color":"","background-image":"","background-repeat":"repeat","background-position":"center center","background-size":"auto","background-attachment":"scroll","background-type":"","background-media":"","overlay-type":"","overlay-color":"","overlay-opacity":"","overlay-gradient":""},"tablet":{"background-color":"","background-image":"","background-repeat":"repeat","background-position":"center center","background-size":"auto","background-attachment":"scroll","background-type":"","background-media":"","overlay-type":"","overlay-color":"","overlay-opacity":"","overlay-gradient":""},"mobile":{"background-color":"","background-image":"","background-repeat":"repeat","background-position":"center center","background-size":"auto","background-attachment":"scroll","background-type":"","background-media":"","overlay-type":"","overlay-color":"","overlay-opacity":"","overlay-gradient":""}},"ast-content-background-meta":{"desktop":{"background-color":"var(--ast-global-color-5)","background-image":"","background-repeat":"repeat","background-position":"center center","background-size":"auto","background-attachment":"scroll","background-type":"","background-media":"","overlay-type":"","overlay-color":"","overlay-opacity":"","overlay-gradient":""},"tablet":{"background-color":"var(--ast-global-color-5)","background-image":"","background-repeat":"repeat","background-position":"center center","background-size":"auto","background-attachment":"scroll","background-type":"","background-media":"","overlay-type":"","overlay-color":"","overlay-opacity":"","overlay-gradient":""},"mobile":{"background-color":"var(--ast-global-color-5)","background-image":"","background-repeat":"repeat","background-position":"center center","background-size":"auto","background-attachment":"scroll","background-type":"","background-media":"","overlay-type":"","overlay-color":"","overlay-opacity":"","overlay-gradient":""}}},"product_brand":[30],"product_cat":[15,81,77,36,31,32],"product_tag":[],"class_list":{"0":"post-1674","1":"product","2":"type-product","3":"status-publish","4":"has-post-thumbnail","6":"product_brand-jnr","7":"product_cat-magasin-cigarette-electronique","8":"product_cat-puff-16k","9":"product_cat-entrepot-de-lue","10":"product_cat-jnr-16k","11":"product_cat-jnr-falcon","12":"product_cat-puff-jnr-16k","13":"desktop-align-center","14":"tablet-align-center","15":"mobile-align-center","16":"ast-product-gallery-layout-horizontal","17":"ast-product-gallery-with-no-image","18":"ast-product-single-variable","19":"ast-product-tabs-layout-horizontal","20":"ast-qv-on-image","22":"first","23":"instock","24":"sale","25":"shipping-taxable","26":"purchasable","27":"product-type-variable","28":"has-default-attributes"},"tiered_pricing_type":"fixed","tiered_pricing_fixed_rules":{"30":9.88,"60":9.26,"100":8.06,"200":7.38,"500":6.98,"1000":6.8},"tiered_pricing_product_settings":{"layout":"default","base_unit_name":{"singular":null,"plural":null},"default_variation":null},"tiered_pricing_minimum_quantity":null,"tiered_pricing_roles_data":[],"tiered_pricing_percentage_rules":[],"_links":{"self":[{"href":"https:\/\/puffvapestore.com\/es\/wp-json\/wp\/v2\/product\/1674","targetHints":{"allow":["GET"]}}],"collection":[{"href":"https:\/\/puffvapestore.com\/es\/wp-json\/wp\/v2\/product"}],"about":[{"href":"https:\/\/puffvapestore.com\/es\/wp-json\/wp\/v2\/types\/product"}],"replies":[{"embeddable":true,"href":"https:\/\/puffvapestore.com\/es\/wp-json\/wp\/v2\/comments?post=1674"}],"version-history":[{"count":18,"href":"https:\/\/puffvapestore.com\/es\/wp-json\/wp\/v2\/product\/1674\/revisions"}],"predecessor-version":[{"id":17763,"href":"https:\/\/puffvapestore.com\/es\/wp-json\/wp\/v2\/product\/1674\/revisions\/17763"}],"wp:featuredmedia":[{"embeddable":true,"href":"https:\/\/puffvapestore.com\/es\/wp-json\/wp\/v2\/media\/1556"}],"wp:attachment":[{"href":"https:\/\/puffvapestore.com\/es\/wp-json\/wp\/v2\/media?parent=1674"}],"wp:term":[{"taxonomy":"product_brand","embeddable":true,"href":"https:\/\/puffvapestore.com\/es\/wp-json\/wp\/v2\/product_brand?post=1674"},{"taxonomy":"product_cat","embeddable":true,"href":"https:\/\/puffvapestore.com\/es\/wp-json\/wp\/v2\/product_cat?post=1674"},{"taxonomy":"product_tag","embeddable":true,"href":"https:\/\/puffvapestore.com\/es\/wp-json\/wp\/v2\/product_tag?post=1674"}],"curies":[{"name":"wp","href":"https:\/\/api.w.org\/{rel}","templated":true}]}}