{"id":3,"date":"2025-03-23T09:13:23","date_gmt":"2025-03-23T09:13:23","guid":{"rendered":"https:\/\/puffvapestore.com\/?page_id=3"},"modified":"2025-03-24T07:27:33","modified_gmt":"2025-03-24T07:27:33","slug":"politique-de-confidentialite","status":"publish","type":"page","link":"https:\/\/puffvapestore.com\/es\/politica-de-privacidad\/","title":{"rendered":"pol\u00edtica de privacidad"},"content":{"rendered":"<div data-elementor-type=\"wp-page\" data-elementor-id=\"3\" class=\"elementor elementor-3\">\n\t\t\t\t<div class=\"elementor-element elementor-element-84991eb e-flex e-con-boxed e-con e-parent\" data-id=\"84991eb\" data-element_type=\"container\" data-e-type=\"container\">\n\t\t\t\t\t<div class=\"e-con-inner\">\n\t\t<div class=\"elementor-element elementor-element-9e8c2e3 e-con-full e-flex e-con e-child\" data-id=\"9e8c2e3\" data-element_type=\"container\" data-e-type=\"container\">\n\t\t\t\t<div class=\"elementor-element elementor-element-77c916f elementor-widget elementor-widget-text-editor\" data-id=\"77c916f\" data-element_type=\"widget\" data-e-type=\"widget\" data-widget_type=\"text-editor.default\">\n\t\t\t\t<div class=\"elementor-widget-container\">\n\t\t\t\t\t\t\t\t\t<h1>pol\u00edtica de privacidad<\/h1><p>La presente Pol\u00edtica de Privacidad explica c\u00f3mo nosotros (el \u00abSitio\u00bb, \u00abnosotros\u00bb o \u00abnos\u00bb) recopilamos, utilizamos y divulgamos su informaci\u00f3n personal cuando usted visita, utiliza nuestros servicios o realiza una compra en nuestro sitio web (el \u00abSitio\u00bb) o se comunica de cualquier otra forma con nosotros en relaci\u00f3n con el Sitio (colectivamente, los \u00abServicios\u00bb). A efectos de la presente Pol\u00edtica de Privacidad, \u00abusted\u00bb, \u00absu\u00bb y \u00absuyo\u00bb se refieren a usted como usuario de los Servicios, ya sea un cliente, un visitante del Sitio Web u otra persona cuya informaci\u00f3n recopilamos en virtud de la presente Pol\u00edtica de Privacidad.<\/p><h2>C\u00f3mo recopilamos y utilizamos sus datos personales<\/h2><p>Con el fin de prestar los Servicios, recogemos su informaci\u00f3n personal de diversas fuentes, como se describe a continuaci\u00f3n. La informaci\u00f3n que recopilamos y utilizamos depende de c\u00f3mo interact\u00fae con nosotros.<\/p><p>Adem\u00e1s de los usos espec\u00edficos establecidos a continuaci\u00f3n, podemos utilizar la informaci\u00f3n que recopilamos sobre usted para comunicarnos con usted, para proporcionar o mejorar los Servicios, para cumplir con cualquier obligaci\u00f3n legal aplicable, para hacer cumplir las Condiciones del servicio aplicables y para proteger o defender los Servicios, nuestros derechos y los derechos de nuestros usuarios u otros.<\/p><h2>Informaci\u00f3n personal que recopilamos<\/h2><p>Los tipos de informaci\u00f3n personal que obtenemos sobre usted dependen de c\u00f3mo interact\u00fae con nuestro sitio web y utilice nuestros servicios. Cuando utilizamos el t\u00e9rmino \u00abinformaci\u00f3n personal\u00bb, nos referimos a informaci\u00f3n que le identifica, se refiere a usted, le describe o puede asociarse con usted. Las siguientes secciones describen las categor\u00edas y tipos espec\u00edficos de informaci\u00f3n personal que recopilamos.<\/p><h2>Informaci\u00f3n que recabamos directamente de usted<\/h2><p>La informaci\u00f3n que nos env\u00ede directamente a trav\u00e9s de nuestros Servicios puede incluir:<\/p><p>Datos de contacto, incluidos su nombre, direcci\u00f3n, n\u00famero de tel\u00e9fono y direcci\u00f3n de correo electr\u00f3nico.<br \/>La informaci\u00f3n del pedido incluye su nombre, direcci\u00f3n de facturaci\u00f3n, direcci\u00f3n de entrega, confirmaci\u00f3n de pago, direcci\u00f3n de correo electr\u00f3nico y n\u00famero de tel\u00e9fono.<br \/>La informaci\u00f3n de la cuenta incluye su nombre de usuario, contrase\u00f1a, preguntas de seguridad y otra informaci\u00f3n utilizada para la seguridad de la cuenta.<br \/>La informaci\u00f3n de servicio al cliente incluye informaci\u00f3n que usted decide incluir en sus comunicaciones con nosotros, por ejemplo cuando env\u00eda un mensaje a trav\u00e9s de los Servicios.<br \/>Algunas funciones de los Servicios pueden requerir que nos facilite directamente determinada informaci\u00f3n sobre usted. Usted puede optar por no proporcionar esta informaci\u00f3n, pero esto puede impedirle utilizar o acceder a estas funciones.<\/p><h2>Informaci\u00f3n que recopilamos sobre su uso<\/h2><p>Tambi\u00e9n podemos recopilar autom\u00e1ticamente cierta informaci\u00f3n sobre sus interacciones con el Servicio (\u00abDatos de uso\u00bb). Para ello, podemos utilizar cookies, p\u00edxeles y tecnolog\u00edas similares (\u00abCookies\u00bb). Los Datos de Uso pueden incluir informaci\u00f3n sobre c\u00f3mo accede y utiliza nuestro sitio web y su cuenta, incluyendo informaci\u00f3n del dispositivo, informaci\u00f3n del navegador, informaci\u00f3n sobre su conexi\u00f3n de red, su direcci\u00f3n IP y otra informaci\u00f3n sobre su interacci\u00f3n con el Servicio.<\/p><h2>C\u00f3mo utilizamos su informaci\u00f3n personal<\/h2><p>Para proporcionar productos y servicios. Utilizamos su informaci\u00f3n personal para prestarle servicios con el fin de cumplir nuestro contrato con usted, incluido el procesamiento de sus pagos, el cumplimiento de sus pedidos, el env\u00edo de notificaciones relacionadas con su cuenta, sus compras, devoluciones, cambios u otras transacciones, la creaci\u00f3n, el mantenimiento y la gesti\u00f3n de su cuenta, la organizaci\u00f3n de env\u00edos, la facilitaci\u00f3n de devoluciones y cambios, y otras funciones relacionadas con la cuenta.<\/p><p>Marketing y publicidad. Podemos utilizar su informaci\u00f3n personal para fines de marketing y promoci\u00f3n, como enviarle comunicaciones de marketing, publicidad y promoci\u00f3n por correo electr\u00f3nico, SMS o correo postal, y mostrarle anuncios de productos o servicios. Esto puede incluir el uso de su informaci\u00f3n personal para adaptar mejor los servicios y la publicidad en nuestro sitio y en otros sitios. Si se encuentra en el Espacio Econ\u00f3mico Europeo (EEE), la base jur\u00eddica de estas actividades de tratamiento de datos es nuestro inter\u00e9s leg\u00edtimo en vender nuestros productos, de conformidad con el Art. Art\u00edculo 6(1)(f) del GDPR.<\/p><p>Seguridad y prevenci\u00f3n del fraude. Utilizamos su informaci\u00f3n personal para detectar, investigar o tomar medidas en relaci\u00f3n con posibles actividades fraudulentas, ilegales o maliciosas. Si decide utilizar los Servicios y crear una cuenta, usted es responsable de mantener la seguridad de las credenciales de su cuenta. Le recomendamos encarecidamente que no comparta su nombre de usuario, contrase\u00f1a u otra informaci\u00f3n de acceso. Si cree que su cuenta ha sido comprometida, p\u00f3ngase en contacto con nosotros inmediatamente. Si se encuentra en el Espacio Econ\u00f3mico Europeo (EEE), la base jur\u00eddica de estas actividades de tratamiento de datos es nuestro inter\u00e9s leg\u00edtimo en mantener la seguridad de nuestro sitio web para usted y otros clientes, de conformidad con el art\u00edculo 6. Art\u00edculo 6(1)(f) del GDPR.<\/p><p>Comunicarnos con usted y mejorar los Servicios. Utilizamos su informaci\u00f3n personal para ofrecerle un servicio de atenci\u00f3n al cliente y mejorar nuestros servicios. Es en nuestro inter\u00e9s leg\u00edtimo garantizar que respondemos y le proporcionamos un servicio eficiente y mantener nuestra relaci\u00f3n comercial con usted de conformidad con el art\u00edculo 6. Art\u00edculo 6(1)(f) del GDPR.<\/p><h2>Gesti\u00f3n de cookies y otros identificadores<\/h2><p>Los sitios web utilizan \u00abcookies\u00bb y otras herramientas similares para mejorar la experiencia de compra, prestar servicios y comprender c\u00f3mo utilizan los clientes nuestros servicios, de modo que podamos introducir mejoras.<\/p><p>El men\u00fa \u00abAyuda\u00bb de la mayor\u00eda de los navegadores y dispositivos contiene instrucciones sobre c\u00f3mo impedir que su navegador o dispositivo acepte nuevas cookies, c\u00f3mo gestionar las notificaciones cuando recibe una nueva cookie y c\u00f3mo desactivar las cookies por completo. Dado que las cookies le permiten utilizar determinados servicios esenciales, le recomendamos que las mantenga activadas. Por ejemplo, si bloquea o rechaza nuestras cookies, no podr\u00e1 a\u00f1adir art\u00edculos a su cesta de la compra, completar su pedido o utilizar servicios que requieran autenticaci\u00f3n.<\/p><p>Si desea navegar por nuestro sitio web pero no quiere que su actividad de navegaci\u00f3n se asocie a su cuenta, puede desconectarse de su cuenta y desactivar las cookies en su navegador.<\/p><p>Finalidad de la recogida de datos: Recogemos estos datos para garantizar que el sitio web se muestra correctamente en su dispositivo y para analizar el uso del sitio web con el fin de optimizarlo.<\/p><p>C\u00f3mo recopilamos los datos: Cuando utiliza nuestro sitio web, recopilamos datos autom\u00e1ticamente a trav\u00e9s de cookies, archivos de registro, balizas web, etiquetas, p\u00edxeles u otras tecnolog\u00edas de seguimiento digital.<\/p><p>Uso de la informaci\u00f3n personal: Utilizamos su informaci\u00f3n personal para prestar nuestros servicios, incluida la venta de productos, la tramitaci\u00f3n de pagos, el cumplimiento de pedidos y la oferta de nuevos productos y ofertas.<\/p><p>Contacte con nosotros : Para obtener m\u00e1s informaci\u00f3n sobre nuestras pr\u00e1cticas de privacidad o plantear cualquier pregunta o duda, p\u00f3ngase en contacto con nosotros a trav\u00e9s de la direcci\u00f3n de correo electr\u00f3nico oficial.<\/p>\t\t\t\t\t\t\t\t<\/div>\n\t\t\t\t<\/div>\n\t\t\t\t<\/div>\n\t\t\t\t\t<\/div>\n\t\t\t\t<\/div>\n\t\t\t\t<\/div>","protected":false},"excerpt":{"rendered":"<p>politique de confidentialit\u00e9 Cette politique de confidentialit\u00e9 explique comment nous (le \u00ab Site \u00bb, \u00ab nous \u00bb ou \u00ab nos \u00bb) collectons, utilisons et divulguons vos informations personnelles lorsque vous visitez, utilisez nos services ou effectuez un achat sur notre site Web (le \u00ab Site \u00bb) ou communiquez autrement avec nous concernant le Site (collectivement, [&hellip;]<\/p>\n","protected":false},"author":1,"featured_media":0,"parent":0,"menu_order":12,"comment_status":"closed","ping_status":"open","template":"","meta":{"site-sidebar-layout":"no-sidebar","site-content-layout":"page-builder","ast-site-content-layout":"full-width-container","site-content-style":"default","site-sidebar-style":"default","ast-global-header-display":"","ast-banner-title-visibility":"","ast-main-header-display":"","ast-hfb-above-header-display":"","ast-hfb-below-header-display":"","ast-hfb-mobile-header-display":"","site-post-title":"disabled","ast-breadcrumbs-content":"","ast-featured-img":"disabled","footer-sml-layout":"","ast-disable-related-posts":"","theme-transparent-header-meta":"","adv-header-id-meta":"","stick-header-meta":"","header-above-stick-meta":"","header-main-stick-meta":"","header-below-stick-meta":"","astra-migrate-meta-layouts":"set","ast-page-background-enabled":"default","ast-page-background-meta":{"desktop":{"background-color":"","background-image":"","background-repeat":"repeat","background-position":"center center","background-size":"auto","background-attachment":"scroll","background-type":"","background-media":"","overlay-type":"","overlay-color":"","overlay-opacity":"","overlay-gradient":""},"tablet":{"background-color":"","background-image":"","background-repeat":"repeat","background-position":"center center","background-size":"auto","background-attachment":"scroll","background-type":"","background-media":"","overlay-type":"","overlay-color":"","overlay-opacity":"","overlay-gradient":""},"mobile":{"background-color":"","background-image":"","background-repeat":"repeat","background-position":"center center","background-size":"auto","background-attachment":"scroll","background-type":"","background-media":"","overlay-type":"","overlay-color":"","overlay-opacity":"","overlay-gradient":""}},"ast-content-background-meta":{"desktop":{"background-color":"var(--ast-global-color-5)","background-image":"","background-repeat":"repeat","background-position":"center center","background-size":"auto","background-attachment":"scroll","background-type":"","background-media":"","overlay-type":"","overlay-color":"","overlay-opacity":"","overlay-gradient":""},"tablet":{"background-color":"var(--ast-global-color-5)","background-image":"","background-repeat":"repeat","background-position":"center center","background-size":"auto","background-attachment":"scroll","background-type":"","background-media":"","overlay-type":"","overlay-color":"","overlay-opacity":"","overlay-gradient":""},"mobile":{"background-color":"var(--ast-global-color-5)","background-image":"","background-repeat":"repeat","background-position":"center center","background-size":"auto","background-attachment":"scroll","background-type":"","background-media":"","overlay-type":"","overlay-color":"","overlay-opacity":"","overlay-gradient":""}},"footnotes":""},"class_list":["post-3","page","type-page","status-publish","hentry"],"_links":{"self":[{"href":"https:\/\/puffvapestore.com\/es\/wp-json\/wp\/v2\/pages\/3","targetHints":{"allow":["GET"]}}],"collection":[{"href":"https:\/\/puffvapestore.com\/es\/wp-json\/wp\/v2\/pages"}],"about":[{"href":"https:\/\/puffvapestore.com\/es\/wp-json\/wp\/v2\/types\/page"}],"author":[{"embeddable":true,"href":"https:\/\/puffvapestore.com\/es\/wp-json\/wp\/v2\/users\/1"}],"replies":[{"embeddable":true,"href":"https:\/\/puffvapestore.com\/es\/wp-json\/wp\/v2\/comments?post=3"}],"version-history":[{"count":4,"href":"https:\/\/puffvapestore.com\/es\/wp-json\/wp\/v2\/pages\/3\/revisions"}],"predecessor-version":[{"id":1757,"href":"https:\/\/puffvapestore.com\/es\/wp-json\/wp\/v2\/pages\/3\/revisions\/1757"}],"wp:attachment":[{"href":"https:\/\/puffvapestore.com\/es\/wp-json\/wp\/v2\/media?parent=3"}],"curies":[{"name":"wp","href":"https:\/\/api.w.org\/{rel}","templated":true}]}}