{"id":1752,"date":"2025-03-24T07:37:06","date_gmt":"2025-03-24T07:37:06","guid":{"rendered":"https:\/\/puffvapestore.com\/?page_id=1752"},"modified":"2025-03-24T07:42:16","modified_gmt":"2025-03-24T07:42:16","slug":"livraison","status":"publish","type":"page","link":"https:\/\/puffvapestore.com\/es\/entrega\/","title":{"rendered":"Informaci\u00f3n de entrega"},"content":{"rendered":"<div data-elementor-type=\"wp-page\" data-elementor-id=\"1752\" class=\"elementor elementor-1752\">\n\t\t\t\t<div class=\"elementor-element elementor-element-b106341 e-flex e-con-boxed e-con e-parent\" data-id=\"b106341\" data-element_type=\"container\" data-e-type=\"container\">\n\t\t\t\t\t<div class=\"e-con-inner\">\n\t\t<div class=\"elementor-element elementor-element-2048edd e-con-full e-flex e-con e-child\" data-id=\"2048edd\" data-element_type=\"container\" data-e-type=\"container\">\n\t\t\t\t<div class=\"elementor-element elementor-element-f39cc7f elementor-widget elementor-widget-text-editor\" data-id=\"f39cc7f\" data-element_type=\"widget\" data-e-type=\"widget\" data-widget_type=\"text-editor.default\">\n\t\t\t\t<div class=\"elementor-widget-container\">\n\t\t\t\t\t\t\t\t\t<h1>Informaci\u00f3n de entrega<\/h1><p>Nos comprometemos a ofrecer a cada cliente una experiencia de compra excelente, desde el pedido hasta la entrega, con todos los eslabones esforz\u00e1ndonos por ser eficientes y c\u00f3modos.<\/p><h2>Haga su pedido ahora y se lo haremos llegar r\u00e1pidamente.<\/h2><p>En cuanto llega su pedido, nuestros expertos en almac\u00e9n se ponen manos a la obra y embalan sus productos en un tiempo r\u00e9cord. Por lo general, su pedido se env\u00eda en un plazo de 1 a 3 d\u00edas laborables. \u00bfY la velocidad de entrega? En general, su pedido puede entregarse en un plazo de 3 a 5 d\u00edas laborables. Si tiene suerte, podr\u00eda estar llamando a su puerta en 1 \u00f3 2 d\u00edas. (Tambi\u00e9n tenemos que tomarnos un descanso el fin de semana, as\u00ed que no enviaremos ninguna mercanc\u00eda).<\/p><h2>\u00bfCambiar el pedido? \u00a1Dese prisa y aproveche el tiempo!<\/h2><p>\u00bfSigue pregunt\u00e1ndose si se ha equivocado de direcci\u00f3n o si desea cambiar el color? \u00a1No hay problema! Mientras su pedido no haya sido enviado, puede anularlo o cambiar la direcci\u00f3n de entrega en cualquier momento. P\u00f3ngase en contacto con nosotros lo antes posible a trav\u00e9s de nuestra direcci\u00f3n de correo electr\u00f3nico oficial y haremos todo lo posible por satisfacer sus necesidades. Pero si el pedido ya ha salido del almac\u00e9n, s\u00f3lo puede esperar a que le llegue sano y salvo, \u00a1y ya no podemos hacer cambios ni reembolsos!<\/p><h2>Es importante tener la direcci\u00f3n correcta.<\/h2><p>El paquete se entregar\u00e1 en la direcci\u00f3n que haya indicado al realizar el pago, por lo que le rogamos que la rellene antes de realizar el pago para asegurarse de que la direcci\u00f3n es correcta.<\/p><h2>\u00bfTiene alguna pregunta? Venga a vernos.<\/h2><p>Si tiene alg\u00fan problema durante el proceso de compra o alguna pregunta, no dude en ponerse en contacto con nosotros. \u00a1Nos pondremos en contacto contigo lo antes posible para ayudarte a resolver cualquier problema que puedas tener y hacer que tu experiencia de compra sea lo m\u00e1s sencilla y agradable posible!<\/p>\t\t\t\t\t\t\t\t<\/div>\n\t\t\t\t<\/div>\n\t\t\t\t<\/div>\n\t\t\t\t\t<\/div>\n\t\t\t\t<\/div>\n\t\t\t\t<\/div>","protected":false},"excerpt":{"rendered":"<p>Informations sur la livraison Nous nous engageons \u00e0 offrir \u00e0 chaque client une excellente exp\u00e9rience d&rsquo;achat, de la commande \u00e0 la livraison, chaque lien s&rsquo;efforce d&rsquo;\u00eatre efficace et pratique. Passez votre commande maintenant et nous vous la livrerons rapidement ! D\u00e8s l&rsquo;arriv\u00e9e de votre commande, nos experts en entrep\u00f4t se mettent imm\u00e9diatement en action et [&hellip;]<\/p>\n","protected":false},"author":1,"featured_media":0,"parent":0,"menu_order":1,"comment_status":"closed","ping_status":"closed","template":"","meta":{"site-sidebar-layout":"no-sidebar","site-content-layout":"page-builder","ast-site-content-layout":"full-width-container","site-content-style":"default","site-sidebar-style":"default","ast-global-header-display":"","ast-banner-title-visibility":"","ast-main-header-display":"","ast-hfb-above-header-display":"","ast-hfb-below-header-display":"","ast-hfb-mobile-header-display":"","site-post-title":"disabled","ast-breadcrumbs-content":"","ast-featured-img":"disabled","footer-sml-layout":"","ast-disable-related-posts":"","theme-transparent-header-meta":"","adv-header-id-meta":"","stick-header-meta":"","header-above-stick-meta":"","header-main-stick-meta":"","header-below-stick-meta":"","astra-migrate-meta-layouts":"set","ast-page-background-enabled":"default","ast-page-background-meta":{"desktop":{"background-color":"","background-image":"","background-repeat":"repeat","background-position":"center center","background-size":"auto","background-attachment":"scroll","background-type":"","background-media":"","overlay-type":"","overlay-color":"","overlay-opacity":"","overlay-gradient":""},"tablet":{"background-color":"","background-image":"","background-repeat":"repeat","background-position":"center center","background-size":"auto","background-attachment":"scroll","background-type":"","background-media":"","overlay-type":"","overlay-color":"","overlay-opacity":"","overlay-gradient":""},"mobile":{"background-color":"","background-image":"","background-repeat":"repeat","background-position":"center center","background-size":"auto","background-attachment":"scroll","background-type":"","background-media":"","overlay-type":"","overlay-color":"","overlay-opacity":"","overlay-gradient":""}},"ast-content-background-meta":{"desktop":{"background-color":"var(--ast-global-color-5)","background-image":"","background-repeat":"repeat","background-position":"center center","background-size":"auto","background-attachment":"scroll","background-type":"","background-media":"","overlay-type":"","overlay-color":"","overlay-opacity":"","overlay-gradient":""},"tablet":{"background-color":"var(--ast-global-color-5)","background-image":"","background-repeat":"repeat","background-position":"center center","background-size":"auto","background-attachment":"scroll","background-type":"","background-media":"","overlay-type":"","overlay-color":"","overlay-opacity":"","overlay-gradient":""},"mobile":{"background-color":"var(--ast-global-color-5)","background-image":"","background-repeat":"repeat","background-position":"center center","background-size":"auto","background-attachment":"scroll","background-type":"","background-media":"","overlay-type":"","overlay-color":"","overlay-opacity":"","overlay-gradient":""}},"footnotes":""},"class_list":["post-1752","page","type-page","status-publish","hentry"],"_links":{"self":[{"href":"https:\/\/puffvapestore.com\/es\/wp-json\/wp\/v2\/pages\/1752","targetHints":{"allow":["GET"]}}],"collection":[{"href":"https:\/\/puffvapestore.com\/es\/wp-json\/wp\/v2\/pages"}],"about":[{"href":"https:\/\/puffvapestore.com\/es\/wp-json\/wp\/v2\/types\/page"}],"author":[{"embeddable":true,"href":"https:\/\/puffvapestore.com\/es\/wp-json\/wp\/v2\/users\/1"}],"replies":[{"embeddable":true,"href":"https:\/\/puffvapestore.com\/es\/wp-json\/wp\/v2\/comments?post=1752"}],"version-history":[{"count":4,"href":"https:\/\/puffvapestore.com\/es\/wp-json\/wp\/v2\/pages\/1752\/revisions"}],"predecessor-version":[{"id":1767,"href":"https:\/\/puffvapestore.com\/es\/wp-json\/wp\/v2\/pages\/1752\/revisions\/1767"}],"wp:attachment":[{"href":"https:\/\/puffvapestore.com\/es\/wp-json\/wp\/v2\/media?parent=1752"}],"curies":[{"name":"wp","href":"https:\/\/api.w.org\/{rel}","templated":true}]}}