{"id":6757,"date":"2025-08-18T01:56:40","date_gmt":"2025-08-18T01:56:40","guid":{"rendered":"https:\/\/puffvapestore.com\/?post_type=product&#038;p=6757"},"modified":"2026-01-19T10:31:54","modified_gmt":"2026-01-19T10:31:54","slug":"bang-king-35000-grape-ice-met-en-valeur-larome-fruite","status":"publish","type":"product","link":"https:\/\/puffvapestore.com\/en\/product\/bang-king-35000-grape-ice-enhances-fruity-aromas\/","title":{"rendered":"Bang King 35000 - Grape Ice"},"content":{"rendered":"<div data-elementor-type=\"wp-post\" data-elementor-id=\"6757\" class=\"elementor elementor-6757\">\n\t\t\t\t<div class=\"elementor-element elementor-element-08c26f9 e-flex e-con-boxed e-con e-parent\" data-id=\"08c26f9\" data-element_type=\"container\" data-e-type=\"container\">\n\t\t\t\t\t<div class=\"e-con-inner\">\n\t\t\t\t<div class=\"elementor-element elementor-element-a005a97 elementor-widget elementor-widget-text-editor\" data-id=\"a005a97\" data-element_type=\"widget\" data-e-type=\"widget\" data-widget_type=\"text-editor.default\">\n\t\t\t\t<div class=\"elementor-widget-container\">\n\t\t\t\t\t\t\t\t\t<p>The unique appeal of Grape Ice lies in its perfect balance between sweetness and ice cubes: neither too sweet nor too strong, it never masks the natural sweetness of the grape. On the contrary, this contrast enhances the fruity aroma while providing a refreshing aftertaste.<\/p><p>Bang King 35000 Grape Ice vape is ideal for those who appreciate intense, refreshing fruity flavors, especially in summer or when looking for an energy boost. A must-try flavor.<\/p><h2>Main flavor :<\/h2><p>The initial smoke gives off a rich, juicy, sweet grape aroma, like fresh grapes just out of the fridge, fresh and sweet, but with a vibrant fruity aroma.<\/p><h2>Frozen Diapers :<\/h2><p>This is followed by a sensation of intense, icy coolness, like frost melting instantly in your mouth, giving you a refreshing chill. The vapor from this electronic cigarette is comparable to the pleasure of swallowing a sip of iced grape soda.<\/p><h2>Balance of flavours and finish :<\/h2><p>Sweetness and freshness are balanced without being overpowering, offering a refreshing, lingering finish. The warmth of the fruity aroma and the freshness of the ice create a complex experience that captivates your palate.<\/p><h2>Long-life battery and high-capacity rechargeable battery<\/h2><p>The BANG KING 35000 is a high-capacity disposable electronic vaporizer designed for a long-lasting experience and incomparable flavors. Each BANG KING 35000 electronic cigarette offers up to 35,000 puffs. Its built-in high-capacity rechargeable battery and extra-large e-liquid reservoir guarantee ample, smooth inhalation.<\/p><p>Thanks to its high-performance 1000 mAh rechargeable lithium battery and Type-C quick-charge port, you'll never have to worry about battery failure again. Its extra-large 23 ml pre-filled e-liquid tank, combined with Mesh Coil technology and an optimized 0.6 \u03a9 resistor, ensures even heating, rich flavor and generous vapor volume.<\/p><h2>LED display and multiple nicotine levels<\/h2><p>The BANG KING 35000 features an intelligent LED display that shows the remaining battery charge and e-liquid level in real time, allowing you to monitor the status of the device at all times. Unique Anti-Dry-Burn technology effectively prevents burning odors when e-liquid levels are low, prolonging the life of the atomizer resistor.<\/p><p>The BANG KING 35000 offers several nicotine levels: 0 %, 2 %, 3 % and 5 %, to meet different user needs. Whether you're a nicotine-free smoker looking for pure flavor, or an experienced smoker favoring the satisfaction of a powerful vape, you'll find the ideal choice.<\/p><p>With its refined design, long-lasting battery and numerous flavor options, the BANG KING 35000 (DSK032) stands out among high-end disposable electronic vaporizers. For everyday use or travel, it offers a smooth, stable and long-lasting vape experience.<\/p><h2>BANG KING 35000 specifications :<\/h2><p>Number of puffs : Up to 35,000<\/p><p>Battery capacity: 1,000 mAh rechargeable (Type-C)<\/p><p>Liquid capacity: 23 ml pre-filled<\/p><p>Atomizer: 0.6 \u03a9 mesh resistor<\/p><p>Display: Intelligent LED display (battery\/liquid level)<\/p><p>Protection: Anti-scald protection<\/p><p>Nicotine levels: 0 %, 2 %, 3 %, 5 %<\/p>\t\t\t\t\t\t\t\t<\/div>\n\t\t\t\t<\/div>\n\t\t\t\t\t<\/div>\n\t\t\t\t<\/div>\n\t\t\t\t<\/div>","protected":false},"excerpt":{"rendered":"<p>L&rsquo;attrait unique de la saveur \u00ab Grape Ice \u00bb r\u00e9side dans son \u00e9quilibre parfait entre douceur et gla\u00e7ons\u00a0: ni trop sucr\u00e9e, ni trop prononc\u00e9e, elle ne masque la douceur naturelle du raisin. Au contraire, ce contraste met en valeur l&rsquo;ar\u00f4me fruit\u00e9 tout en offrant un arri\u00e8re-go\u00fbt rafra\u00eechissant. Bang King 35000 Grape Ice vape est id\u00e9ale [&hellip;]<\/p>\n","protected":false},"featured_media":6663,"comment_status":"open","ping_status":"closed","template":"","meta":{"site-sidebar-layout":"no-sidebar","site-content-layout":"page-builder","ast-site-content-layout":"normal-width-container","site-content-style":"default","site-sidebar-style":"default","ast-global-header-display":"","ast-banner-title-visibility":"","ast-main-header-display":"","ast-hfb-above-header-display":"","ast-hfb-below-header-display":"","ast-hfb-mobile-header-display":"","site-post-title":"disabled","ast-breadcrumbs-content":"","ast-featured-img":"disabled","footer-sml-layout":"","ast-disable-related-posts":"","theme-transparent-header-meta":"default","adv-header-id-meta":"","stick-header-meta":"default","header-above-stick-meta":"","header-main-stick-meta":"","header-below-stick-meta":"","astra-migrate-meta-layouts":"set","ast-page-background-enabled":"default","ast-page-background-meta":{"desktop":{"background-color":"","background-image":"","background-repeat":"repeat","background-position":"center center","background-size":"auto","background-attachment":"scroll","background-type":"","background-media":"","overlay-type":"","overlay-color":"","overlay-opacity":"","overlay-gradient":""},"tablet":{"background-color":"","background-image":"","background-repeat":"repeat","background-position":"center center","background-size":"auto","background-attachment":"scroll","background-type":"","background-media":"","overlay-type":"","overlay-color":"","overlay-opacity":"","overlay-gradient":""},"mobile":{"background-color":"","background-image":"","background-repeat":"repeat","background-position":"center center","background-size":"auto","background-attachment":"scroll","background-type":"","background-media":"","overlay-type":"","overlay-color":"","overlay-opacity":"","overlay-gradient":""}},"ast-content-background-meta":{"desktop":{"background-color":"var(--ast-global-color-5)","background-image":"","background-repeat":"repeat","background-position":"center center","background-size":"auto","background-attachment":"scroll","background-type":"","background-media":"","overlay-type":"","overlay-color":"","overlay-opacity":"","overlay-gradient":""},"tablet":{"background-color":"var(--ast-global-color-5)","background-image":"","background-repeat":"repeat","background-position":"center center","background-size":"auto","background-attachment":"scroll","background-type":"","background-media":"","overlay-type":"","overlay-color":"","overlay-opacity":"","overlay-gradient":""},"mobile":{"background-color":"var(--ast-global-color-5)","background-image":"","background-repeat":"repeat","background-position":"center center","background-size":"auto","background-attachment":"scroll","background-type":"","background-media":"","overlay-type":"","overlay-color":"","overlay-opacity":"","overlay-gradient":""}}},"product_brand":[52],"product_cat":[57,105,15],"product_tag":[],"class_list":{"0":"post-6757","1":"product","2":"type-product","3":"status-publish","4":"has-post-thumbnail","6":"product_brand-bang-king","7":"product_cat-bang-king-35k-resistance-mesh","8":"product_cat-puff-35k","9":"product_cat-magasin-cigarette-electronique","10":"desktop-align-center","11":"tablet-align-center","12":"mobile-align-center","13":"ast-product-gallery-layout-horizontal","14":"ast-product-gallery-with-no-image","15":"ast-product-single-variable","16":"ast-product-tabs-layout-horizontal","17":"ast-qv-on-image","19":"first","20":"instock","21":"sale","22":"shipping-taxable","23":"purchasable","24":"product-type-variable","25":"has-default-attributes"},"tiered_pricing_type":"fixed","tiered_pricing_fixed_rules":{"50":6.83,"100":6.22},"tiered_pricing_product_settings":{"layout":"default","base_unit_name":{"singular":null,"plural":null},"default_variation":null},"tiered_pricing_minimum_quantity":null,"tiered_pricing_roles_data":[],"tiered_pricing_percentage_rules":[],"_links":{"self":[{"href":"https:\/\/puffvapestore.com\/en\/wp-json\/wp\/v2\/product\/6757","targetHints":{"allow":["GET"]}}],"collection":[{"href":"https:\/\/puffvapestore.com\/en\/wp-json\/wp\/v2\/product"}],"about":[{"href":"https:\/\/puffvapestore.com\/en\/wp-json\/wp\/v2\/types\/product"}],"replies":[{"embeddable":true,"href":"https:\/\/puffvapestore.com\/en\/wp-json\/wp\/v2\/comments?post=6757"}],"version-history":[{"count":7,"href":"https:\/\/puffvapestore.com\/en\/wp-json\/wp\/v2\/product\/6757\/revisions"}],"predecessor-version":[{"id":7219,"href":"https:\/\/puffvapestore.com\/en\/wp-json\/wp\/v2\/product\/6757\/revisions\/7219"}],"wp:featuredmedia":[{"embeddable":true,"href":"https:\/\/puffvapestore.com\/en\/wp-json\/wp\/v2\/media\/6663"}],"wp:attachment":[{"href":"https:\/\/puffvapestore.com\/en\/wp-json\/wp\/v2\/media?parent=6757"}],"wp:term":[{"taxonomy":"product_brand","embeddable":true,"href":"https:\/\/puffvapestore.com\/en\/wp-json\/wp\/v2\/product_brand?post=6757"},{"taxonomy":"product_cat","embeddable":true,"href":"https:\/\/puffvapestore.com\/en\/wp-json\/wp\/v2\/product_cat?post=6757"},{"taxonomy":"product_tag","embeddable":true,"href":"https:\/\/puffvapestore.com\/en\/wp-json\/wp\/v2\/product_tag?post=6757"}],"curies":[{"name":"wp","href":"https:\/\/api.w.org\/{rel}","templated":true}]}}