{"id":6147,"date":"2025-08-01T06:14:17","date_gmt":"2025-08-01T06:14:17","guid":{"rendered":"https:\/\/puffvapestore.com\/?post_type=product&#038;p=6147"},"modified":"2026-01-19T10:36:11","modified_gmt":"2026-01-19T10:36:11","slug":"watermelon-ice-strawberry-mango-bang-king-30k-un-melange-parfait-de-fraicheur","status":"publish","type":"product","link":"https:\/\/puffvapestore.com\/en\/product\/watermelon-ice-strawberry-mango-bang-king-30k-a-perfect-blend-of-freshness\/","title":{"rendered":"Watermelon Ice &amp; Strawberry And Mango - Bang King 30K"},"content":{"rendered":"<div data-elementor-type=\"wp-post\" data-elementor-id=\"6147\" class=\"elementor elementor-6147\">\n\t\t\t\t<div class=\"elementor-element elementor-element-08c26f9 e-flex e-con-boxed e-con e-parent\" data-id=\"08c26f9\" data-element_type=\"container\" data-e-type=\"container\">\n\t\t\t\t\t<div class=\"e-con-inner\">\n\t\t\t\t<div class=\"elementor-element elementor-element-a005a97 elementor-widget elementor-widget-text-editor\" data-id=\"a005a97\" data-element_type=\"widget\" data-e-type=\"widget\" data-widget_type=\"text-editor.default\">\n\t\t\t\t<div class=\"elementor-widget-container\">\n\t\t\t\t\t\t\t\t\t<p>The \u00abdual flavor\u00bb design of the Bang King 30K electronic cigarette allows users to discover two totally different flavors on the same electronic cigarette. Among them, the \u00abWatermelon Ice &amp; Strawberry And Mango\u00bb combination offers a perfect blend of freshness and tropical flavors.<\/p><p><strong>Flavor 1: Iced Watermelon<\/strong><br \/>The taste of iced watermelon is fresh and natural, like biting into a juicy watermelon on a hot summer's day, with a hint of fresh mint. This refreshing taste quenches thirst and provides an instant sensation of coolness, ideal for lovers of cool flavors.<\/p><p><strong>Flavor 2: Strawberry and Mango<\/strong><br \/>The combination of strawberry and mango brings the intense sweetness of tropical fruit. The sweetness of strawberry and the richness of mango complement each other harmoniously, creating a rich taste experience. This sweet taste is perfect for lovers of tropical fruit flavors.<\/p><h2>Dual flavor change function<\/h2><p>The Bang King 30000 Watermelon Ice &amp; Strawberry And Mango features an innovative dual-flavour switching function. Users can discover two different flavors in the same electronic cigarette and switch easily, anytime and anywhere, for a diversified smoking experience. This feature is particularly suited to users who like to try out different flavors. They can enjoy a rich taste without having to carry several devices, which greatly enhances the comfort and pleasure of use.<\/p><h2>Various nicotine concentration options<\/h2><p>To meet the needs of every user, the Bang King 30000 Watermelon Ice &amp; Strawberry And Mango offers different nicotine concentration options, including 0 % (nicotine-free), 2 %, 3 % and 5 %. Whether you're looking for a pure taste or special nicotine satisfaction, this electronic cigarette will suit all your needs, from novices to enthusiasts.<\/p><p>The Bang King 30000 has a very large e-liquid capacity of 36 ml, well above the capacity of current electronic cigarettes on the market. This design guarantees prolonged use without frequent replacement or refilling of e-liquid, ideal for long outings or intensive users, for lasting satisfaction.<\/p><p>With its 1.0 \u03a9 mesh resistor atomizer, the Bang King 30000 Watermelon Ice &amp; Strawberry And Mango offers a perfect balance between taste and smoke volume. Mesh technology enhances e-liquid atomization efficiency, guaranteeing rich flavor and delicate smoke with every puff, ideal for users seeking a high-quality vaping experience.<\/p><h2>Long-lasting battery and convenient charging<\/h2><p>Equipped with a high-performance 550 mAh battery, the Bang King 30000 offers stable autonomy for worry-free 24\/7 use. What's more, its USB-C port supports fast charging, reducing waiting time and enabling rapid recovery to adapt to the needs of today's fast-paced lifestyle.<\/p><p>A single Bang King 30000 electronic cigarette provides up to 30K puffs, and its ultra-long service life makes it one of the most durable options on the market. Whether for everyday use or a long trip, this device will reliably accompany you, saving you the need for frequent replacement.<\/p>\t\t\t\t\t\t\t\t<\/div>\n\t\t\t\t<\/div>\n\t\t\t\t\t<\/div>\n\t\t\t\t<\/div>\n\t\t\t\t<\/div>","protected":false},"excerpt":{"rendered":"<p>La conception \u00ab\u00a0double saveur\u00a0\u00bb de la cigarette \u00e9lectronique Bang King 30K permet aux utilisateurs de d\u00e9couvrir deux saveurs totalement diff\u00e9rentes sur une m\u00eame cigarette \u00e9lectronique. Parmi elles, la combinaison \u00ab Watermelon Ice &amp; Strawberry And Mango\u00a0\u00bb offre un m\u00e9lange parfait de fra\u00eecheur et de saveurs tropicales. Saveur 1\u00a0: Past\u00e8que Glac\u00e9eLe go\u00fbt de la past\u00e8que glac\u00e9e [&hellip;]<\/p>\n","protected":false},"featured_media":5983,"comment_status":"open","ping_status":"closed","template":"","meta":{"site-sidebar-layout":"no-sidebar","site-content-layout":"page-builder","ast-site-content-layout":"normal-width-container","site-content-style":"default","site-sidebar-style":"default","ast-global-header-display":"","ast-banner-title-visibility":"","ast-main-header-display":"","ast-hfb-above-header-display":"","ast-hfb-below-header-display":"","ast-hfb-mobile-header-display":"","site-post-title":"disabled","ast-breadcrumbs-content":"","ast-featured-img":"disabled","footer-sml-layout":"","ast-disable-related-posts":"","theme-transparent-header-meta":"default","adv-header-id-meta":"","stick-header-meta":"default","header-above-stick-meta":"","header-main-stick-meta":"","header-below-stick-meta":"","astra-migrate-meta-layouts":"set","ast-page-background-enabled":"default","ast-page-background-meta":{"desktop":{"background-color":"","background-image":"","background-repeat":"repeat","background-position":"center center","background-size":"auto","background-attachment":"scroll","background-type":"","background-media":"","overlay-type":"","overlay-color":"","overlay-opacity":"","overlay-gradient":""},"tablet":{"background-color":"","background-image":"","background-repeat":"repeat","background-position":"center center","background-size":"auto","background-attachment":"scroll","background-type":"","background-media":"","overlay-type":"","overlay-color":"","overlay-opacity":"","overlay-gradient":""},"mobile":{"background-color":"","background-image":"","background-repeat":"repeat","background-position":"center center","background-size":"auto","background-attachment":"scroll","background-type":"","background-media":"","overlay-type":"","overlay-color":"","overlay-opacity":"","overlay-gradient":""}},"ast-content-background-meta":{"desktop":{"background-color":"var(--ast-global-color-5)","background-image":"","background-repeat":"repeat","background-position":"center center","background-size":"auto","background-attachment":"scroll","background-type":"","background-media":"","overlay-type":"","overlay-color":"","overlay-opacity":"","overlay-gradient":""},"tablet":{"background-color":"var(--ast-global-color-5)","background-image":"","background-repeat":"repeat","background-position":"center center","background-size":"auto","background-attachment":"scroll","background-type":"","background-media":"","overlay-type":"","overlay-color":"","overlay-opacity":"","overlay-gradient":""},"mobile":{"background-color":"var(--ast-global-color-5)","background-image":"","background-repeat":"repeat","background-position":"center center","background-size":"auto","background-attachment":"scroll","background-type":"","background-media":"","overlay-type":"","overlay-color":"","overlay-opacity":"","overlay-gradient":""}}},"product_brand":[52],"product_cat":[55,86,15],"product_tag":[],"class_list":{"0":"post-6147","1":"product","2":"type-product","3":"status-publish","4":"has-post-thumbnail","6":"product_brand-bang-king","7":"product_cat-bang-king-30000-double-saveur-offre-jusqua-36ml-de-liquide","8":"product_cat-puff-30k","9":"product_cat-magasin-cigarette-electronique","10":"desktop-align-center","11":"tablet-align-center","12":"mobile-align-center","13":"ast-product-gallery-layout-horizontal","14":"ast-product-gallery-with-no-image","15":"ast-product-single-variable","16":"ast-product-tabs-layout-horizontal","17":"ast-qv-on-image","19":"first","20":"instock","21":"sale","22":"shipping-taxable","23":"purchasable","24":"product-type-variable","25":"has-default-attributes"},"tiered_pricing_type":"fixed","tiered_pricing_fixed_rules":{"50":7.33,"100":6.66},"tiered_pricing_product_settings":{"layout":"default","base_unit_name":{"singular":null,"plural":null},"default_variation":null},"tiered_pricing_minimum_quantity":null,"tiered_pricing_roles_data":[],"tiered_pricing_percentage_rules":[],"_links":{"self":[{"href":"https:\/\/puffvapestore.com\/en\/wp-json\/wp\/v2\/product\/6147","targetHints":{"allow":["GET"]}}],"collection":[{"href":"https:\/\/puffvapestore.com\/en\/wp-json\/wp\/v2\/product"}],"about":[{"href":"https:\/\/puffvapestore.com\/en\/wp-json\/wp\/v2\/types\/product"}],"replies":[{"embeddable":true,"href":"https:\/\/puffvapestore.com\/en\/wp-json\/wp\/v2\/comments?post=6147"}],"version-history":[{"count":7,"href":"https:\/\/puffvapestore.com\/en\/wp-json\/wp\/v2\/product\/6147\/revisions"}],"predecessor-version":[{"id":6570,"href":"https:\/\/puffvapestore.com\/en\/wp-json\/wp\/v2\/product\/6147\/revisions\/6570"}],"wp:featuredmedia":[{"embeddable":true,"href":"https:\/\/puffvapestore.com\/en\/wp-json\/wp\/v2\/media\/5983"}],"wp:attachment":[{"href":"https:\/\/puffvapestore.com\/en\/wp-json\/wp\/v2\/media?parent=6147"}],"wp:term":[{"taxonomy":"product_brand","embeddable":true,"href":"https:\/\/puffvapestore.com\/en\/wp-json\/wp\/v2\/product_brand?post=6147"},{"taxonomy":"product_cat","embeddable":true,"href":"https:\/\/puffvapestore.com\/en\/wp-json\/wp\/v2\/product_cat?post=6147"},{"taxonomy":"product_tag","embeddable":true,"href":"https:\/\/puffvapestore.com\/en\/wp-json\/wp\/v2\/product_tag?post=6147"}],"curies":[{"name":"wp","href":"https:\/\/api.w.org\/{rel}","templated":true}]}}