{"id":6099,"date":"2025-07-30T10:40:13","date_gmt":"2025-07-30T10:40:13","guid":{"rendered":"https:\/\/puffvapestore.com\/?post_type=product&#038;p=6099"},"modified":"2026-01-19T10:36:10","modified_gmt":"2026-01-19T10:36:10","slug":"blueberry-ice-strawberry-and-banana-bang-king-30k-allie-fraicheur-fruitee-et-saveur","status":"publish","type":"product","link":"https:\/\/puffvapestore.com\/en\/product\/blueberry-ice-strawberry-and-banana-bang-king-30k-combines-fruity-freshness-and-flavor\/","title":{"rendered":"Bang King 30K - Blueberry Ice &amp; Strawberry And Banana"},"content":{"rendered":"<div data-elementor-type=\"wp-post\" data-elementor-id=\"6099\" class=\"elementor elementor-6099\">\n\t\t\t\t<div class=\"elementor-element elementor-element-08c26f9 e-flex e-con-boxed e-con e-parent\" data-id=\"08c26f9\" data-element_type=\"container\" data-e-type=\"container\">\n\t\t\t\t\t<div class=\"e-con-inner\">\n\t\t\t\t<div class=\"elementor-element elementor-element-a005a97 elementor-widget elementor-widget-text-editor\" data-id=\"a005a97\" data-element_type=\"widget\" data-e-type=\"widget\" data-widget_type=\"text-editor.default\">\n\t\t\t\t<div class=\"elementor-widget-container\">\n\t\t\t\t\t\t\t\t\t<p>This combination of \u00abfrozen blueberry + strawberry banana\u00bb is ideal for electronic cigarette fans who appreciate intense fruity flavors, sometimes looking for a refreshing, icy taste, sometimes a warm, sweet one. The fluid change of flavors lets you change your mood at any time and experience totally different sensations.<\/p><h2>Blueberry Ice<\/h2><p>Fruity and sweet: The main aroma is the freshness and roundness of blueberries, with a slight natural fruity acidity and a sweet sweetness reminiscent of freshly picked blueberries.<\/p><p>Fresh aftertaste: The refreshing effect of iced mint (menthol) adds to the final aroma. Each puff of smoke is like a sip of fresh dew in the morning, a long and refreshing experience.<\/p><p>Taste: The first puff offers a rich blueberry flavor, then the middle is gradually covered with a thin layer of ice. The fruitiness and freshness are balanced, and the overall taste is smooth and creamy.<\/p><h2>Strawberry and Banana<\/h2><p>A blend of fruity aromas: it combines the sweetness of ripe red strawberries with the creaminess of banana. The slight acidity of strawberries softens the whole.<\/p><p>Rich taste: The first puff offers the tart, sweet sensation of strawberries, followed by the dense milky aroma of banana, and the finish is smooth and creamy, like a fresh smoothie.<\/p><h2>Change of experience<\/h2><p>Instant changeover: Just after smoking the blueberry ice cream, you can switch to a hot strawberry-banana smoothie to suit your mood and taste.<\/p><h2>Flavor highlights<\/h2><p>Cold + Milky: The two extreme flavors, \u00abfruity freshness\u00bb and \u00abmilky, creamy aroma\u00bb, combine to create a unique experience.<\/p><p>Strong sense of layering: Every flavor change is a little surprise, with a natural progression of flavors from the front, middle and back sections.<\/p><h2>Specifications of the Bang King 30000 Blueberry Ice &amp; Strawberry And Banana<\/h2><p>Number of puffs: Each electronic cigarette offers up to 30,000 puffs.<\/p><p>Liquid capacity: 36 ml<\/p><p>Battery capacity: 550 mAh, rechargeable via USB-C<\/p><p>Atomizing resistor: 1.0 \u03a9 mesh resistor, taking into account taste and smoke volume.<\/p><p>Choice of nicotine concentrations: 0 %, 2 %, 3 %, 5 %<\/p><h2>Functions of the Bang King 30000 Blueberry Ice &amp; Strawberry And Banana<\/h2><p>Dual flavour switching function: supports two different flavour switching functions, easy flavour switching<\/p><p>Type-C fast charging: offers faster charging for the 550 mAh rechargeable battery.<\/p><h2>Advantages of the Bang King 30000<\/h2><p>Lightweight: disposable electronic cigarette design, no need to add oil or replace mesh resistance, easy to carry.<\/p><p>Excellent autonomy: suitable for long-term use, no need to recharge or add oil frequently.<\/p><p>Structural design: standard Strip-shaped body, pleasant feel, easy flavor change.<\/p><p>High capacity (36 ml oil + 550 mAh battery), long life.<\/p><p>The dual flavor change offers a variety of taste experiences.<\/p><p>Mesh resistance improves smoke and flavor.<\/p><p>Fast, convenient USB-C charging.<\/p>\t\t\t\t\t\t\t\t<\/div>\n\t\t\t\t<\/div>\n\t\t\t\t\t<\/div>\n\t\t\t\t<\/div>\n\t\t\t\t<\/div>","protected":false},"excerpt":{"rendered":"<p>Cette combinaison \u00ab\u00a0myrtille glac\u00e9e + fraise banane\u00a0\u00bb convient aux amateurs de cigarettes \u00e9lectroniques qui appr\u00e9cient les saveurs fruit\u00e9es intenses, recherchent tant\u00f4t un go\u00fbt rafra\u00eechissant et glac\u00e9, tant\u00f4t un go\u00fbt chaud et sucr\u00e9. Le changement de saveurs fluide vous permet de changer d&rsquo;humeur \u00e0 tout moment et de vivre des sensations totalement diff\u00e9rentes. Blueberry Ice (Myrtille [&hellip;]<\/p>\n","protected":false},"featured_media":5973,"comment_status":"open","ping_status":"closed","template":"","meta":{"site-sidebar-layout":"no-sidebar","site-content-layout":"page-builder","ast-site-content-layout":"normal-width-container","site-content-style":"default","site-sidebar-style":"default","ast-global-header-display":"","ast-banner-title-visibility":"","ast-main-header-display":"","ast-hfb-above-header-display":"","ast-hfb-below-header-display":"","ast-hfb-mobile-header-display":"","site-post-title":"disabled","ast-breadcrumbs-content":"","ast-featured-img":"disabled","footer-sml-layout":"","ast-disable-related-posts":"","theme-transparent-header-meta":"default","adv-header-id-meta":"","stick-header-meta":"default","header-above-stick-meta":"","header-main-stick-meta":"","header-below-stick-meta":"","astra-migrate-meta-layouts":"set","ast-page-background-enabled":"default","ast-page-background-meta":{"desktop":{"background-color":"","background-image":"","background-repeat":"repeat","background-position":"center center","background-size":"auto","background-attachment":"scroll","background-type":"","background-media":"","overlay-type":"","overlay-color":"","overlay-opacity":"","overlay-gradient":""},"tablet":{"background-color":"","background-image":"","background-repeat":"repeat","background-position":"center center","background-size":"auto","background-attachment":"scroll","background-type":"","background-media":"","overlay-type":"","overlay-color":"","overlay-opacity":"","overlay-gradient":""},"mobile":{"background-color":"","background-image":"","background-repeat":"repeat","background-position":"center center","background-size":"auto","background-attachment":"scroll","background-type":"","background-media":"","overlay-type":"","overlay-color":"","overlay-opacity":"","overlay-gradient":""}},"ast-content-background-meta":{"desktop":{"background-color":"var(--ast-global-color-5)","background-image":"","background-repeat":"repeat","background-position":"center center","background-size":"auto","background-attachment":"scroll","background-type":"","background-media":"","overlay-type":"","overlay-color":"","overlay-opacity":"","overlay-gradient":""},"tablet":{"background-color":"var(--ast-global-color-5)","background-image":"","background-repeat":"repeat","background-position":"center center","background-size":"auto","background-attachment":"scroll","background-type":"","background-media":"","overlay-type":"","overlay-color":"","overlay-opacity":"","overlay-gradient":""},"mobile":{"background-color":"var(--ast-global-color-5)","background-image":"","background-repeat":"repeat","background-position":"center center","background-size":"auto","background-attachment":"scroll","background-type":"","background-media":"","overlay-type":"","overlay-color":"","overlay-opacity":"","overlay-gradient":""}}},"product_brand":[52],"product_cat":[55,86,15],"product_tag":[],"class_list":{"0":"post-6099","1":"product","2":"type-product","3":"status-publish","4":"has-post-thumbnail","6":"product_brand-bang-king","7":"product_cat-bang-king-30000-double-saveur-offre-jusqua-36ml-de-liquide","8":"product_cat-puff-30k","9":"product_cat-magasin-cigarette-electronique","10":"desktop-align-center","11":"tablet-align-center","12":"mobile-align-center","13":"ast-product-gallery-layout-horizontal","14":"ast-product-gallery-with-no-image","15":"ast-product-single-variable","16":"ast-product-tabs-layout-horizontal","17":"ast-qv-on-image","19":"first","20":"instock","21":"sale","22":"shipping-taxable","23":"purchasable","24":"product-type-variable","25":"has-default-attributes"},"tiered_pricing_type":"fixed","tiered_pricing_fixed_rules":{"50":7.33,"100":6.66},"tiered_pricing_product_settings":{"layout":"default","base_unit_name":{"singular":null,"plural":null},"default_variation":null},"tiered_pricing_minimum_quantity":null,"tiered_pricing_roles_data":[],"tiered_pricing_percentage_rules":[],"_links":{"self":[{"href":"https:\/\/puffvapestore.com\/en\/wp-json\/wp\/v2\/product\/6099","targetHints":{"allow":["GET"]}}],"collection":[{"href":"https:\/\/puffvapestore.com\/en\/wp-json\/wp\/v2\/product"}],"about":[{"href":"https:\/\/puffvapestore.com\/en\/wp-json\/wp\/v2\/types\/product"}],"replies":[{"embeddable":true,"href":"https:\/\/puffvapestore.com\/en\/wp-json\/wp\/v2\/comments?post=6099"}],"version-history":[{"count":7,"href":"https:\/\/puffvapestore.com\/en\/wp-json\/wp\/v2\/product\/6099\/revisions"}],"predecessor-version":[{"id":6232,"href":"https:\/\/puffvapestore.com\/en\/wp-json\/wp\/v2\/product\/6099\/revisions\/6232"}],"wp:featuredmedia":[{"embeddable":true,"href":"https:\/\/puffvapestore.com\/en\/wp-json\/wp\/v2\/media\/5973"}],"wp:attachment":[{"href":"https:\/\/puffvapestore.com\/en\/wp-json\/wp\/v2\/media?parent=6099"}],"wp:term":[{"taxonomy":"product_brand","embeddable":true,"href":"https:\/\/puffvapestore.com\/en\/wp-json\/wp\/v2\/product_brand?post=6099"},{"taxonomy":"product_cat","embeddable":true,"href":"https:\/\/puffvapestore.com\/en\/wp-json\/wp\/v2\/product_cat?post=6099"},{"taxonomy":"product_tag","embeddable":true,"href":"https:\/\/puffvapestore.com\/en\/wp-json\/wp\/v2\/product_tag?post=6099"}],"curies":[{"name":"wp","href":"https:\/\/api.w.org\/{rel}","templated":true}]}}