{"id":6077,"date":"2025-07-30T06:22:38","date_gmt":"2025-07-30T06:22:38","guid":{"rendered":"https:\/\/puffvapestore.com\/?post_type=product&#038;p=6077"},"modified":"2026-01-19T10:36:10","modified_gmt":"2026-01-19T10:36:10","slug":"bang-king-30k-watermelon-ice-blueberry-mint-offre-un-equilibre-parfait-entre","status":"publish","type":"product","link":"https:\/\/puffvapestore.com\/en\/product\/bang-king-30k-watermelon-ice-blueberry-mint-offers-a-perfect-balance-between\/","title":{"rendered":"Bang King 30K - Watermelon Ice &amp; Blueberry Mint"},"content":{"rendered":"<div data-elementor-type=\"wp-post\" data-elementor-id=\"6077\" class=\"elementor elementor-6077\">\n\t\t\t\t<div class=\"elementor-element elementor-element-08c26f9 e-flex e-con-boxed e-con e-parent\" data-id=\"08c26f9\" data-element_type=\"container\" data-e-type=\"container\">\n\t\t\t\t\t<div class=\"e-con-inner\">\n\t\t\t\t<div class=\"elementor-element elementor-element-a005a97 elementor-widget elementor-widget-text-editor\" data-id=\"a005a97\" data-element_type=\"widget\" data-e-type=\"widget\" data-widget_type=\"text-editor.default\">\n\t\t\t\t<div class=\"elementor-widget-container\">\n\t\t\t\t\t\t\t\t\t<p>Glazed Watermelon &amp; Blueberry Mint flavor from the Bang King 30K electronic cigarette is a blend of fruit and mint, favoring a perfect balance between a sweet fruity aroma and a glazed taste.<\/p><h2>Frozen Watermelon Flavor<\/h2><p>Fruity and sweet: Inspired by the ripe, juicy watermelon, its sweetness is evident from the first taste, without being too pronounced, as if you were biting into an iced watermelon.<\/p><p>Iced embellishment: It offers a subtle sensation of freshness, as if a thin layer of refreshing ice cubes had been added. The aftertaste is fresh without irritating the throat, preserving the natural fragrance and sweetness of the fruit.<\/p><h2>Blueberry-mint flavor<\/h2><p>Blueberry sweet and sour: The blueberry aroma is sweet and fragrant, with a balance between sweet and tart, neither too acidic nor too sweet, preserving the natural richness of the fruity flavor.<\/p><p>Cold mint: The aftertaste brings a refreshing, cool, light and pleasant menthol sensation, providing freshness on the palate.<\/p><h2>Flavor change experience<\/h2><p>Gradual combination: You can first enjoy sweet iced watermelon, with a slight icy mouthfeel, then move on to the fresh aftertaste of blueberry-mint, ideal for summer, with alternating freshness and fruity aromas, and a strong stimulating sensation.<\/p><h2>Specifications of the Bang King 30000 Watermelon Ice &amp; Blueberry Mint<\/h2><p>Number of puffs: Each electronic cigarette offers up to 30,000 puffs.<\/p><p>Liquid capacity: 36 ml<\/p><p>Battery capacity: 550 mAh, rechargeable via USB-C<\/p><p>Atomizing resistor: 1.0 \u03a9 mesh resistor, taking into account taste and smoke volume.<\/p><p>Choice of nicotine concentrations: 0 %, 2 %, 3 %, 5 %<\/p><h2>Functions of the Bang King 30000 Watermelon Ice &amp; Blueberry Mint<\/h2><p>Dual flavour switching function: supports two different flavour switching functions, easy flavour switching<\/p><p>Type-C fast charging: offers faster charging for the 550 mAh rechargeable battery.<\/p><h2>Advantages of the Bang King 30000<\/h2><p>Lightweight: disposable electronic cigarette design, no need to add oil or replace mesh resistance, easy to carry.<\/p><p>Excellent autonomy: suitable for long-term use, no need to recharge or add oil frequently.<\/p><p>Structural design: standard Strip-shaped body, pleasant feel, easy flavor change.<\/p><p>High capacity (36 ml oil + 550 mAh battery), long life.<\/p><p>The dual flavor change offers a variety of taste experiences.<\/p><p>Mesh resistance improves smoke and flavor.<\/p><p>Fast, convenient USB-C charging.<\/p>\t\t\t\t\t\t\t\t<\/div>\n\t\t\t\t<\/div>\n\t\t\t\t\t<\/div>\n\t\t\t\t<\/div>\n\t\t\t\t<\/div>","protected":false},"excerpt":{"rendered":"<p>L&rsquo;ar\u00f4me Past\u00e8que Glac\u00e9e &amp; Menthe Myrtille de la cigarette \u00e9lectronique Bang King 30K est un m\u00e9lange de fruits et de menthe, privil\u00e9giant un \u00e9quilibre parfait entre un ar\u00f4me fruit\u00e9 sucr\u00e9 et un go\u00fbt glac\u00e9. Ar\u00f4me Past\u00e8que Glac\u00e9e Fruit et sucr\u00e9\u00a0: Inspir\u00e9 de la past\u00e8que m\u00fbre et juteuse, sa douceur est \u00e9vidente d\u00e8s la premi\u00e8re d\u00e9gustation, [&hellip;]<\/p>\n","protected":false},"featured_media":5982,"comment_status":"open","ping_status":"closed","template":"","meta":{"site-sidebar-layout":"no-sidebar","site-content-layout":"page-builder","ast-site-content-layout":"normal-width-container","site-content-style":"default","site-sidebar-style":"default","ast-global-header-display":"","ast-banner-title-visibility":"","ast-main-header-display":"","ast-hfb-above-header-display":"","ast-hfb-below-header-display":"","ast-hfb-mobile-header-display":"","site-post-title":"disabled","ast-breadcrumbs-content":"","ast-featured-img":"disabled","footer-sml-layout":"","ast-disable-related-posts":"","theme-transparent-header-meta":"default","adv-header-id-meta":"","stick-header-meta":"default","header-above-stick-meta":"","header-main-stick-meta":"","header-below-stick-meta":"","astra-migrate-meta-layouts":"set","ast-page-background-enabled":"default","ast-page-background-meta":{"desktop":{"background-color":"","background-image":"","background-repeat":"repeat","background-position":"center center","background-size":"auto","background-attachment":"scroll","background-type":"","background-media":"","overlay-type":"","overlay-color":"","overlay-opacity":"","overlay-gradient":""},"tablet":{"background-color":"","background-image":"","background-repeat":"repeat","background-position":"center center","background-size":"auto","background-attachment":"scroll","background-type":"","background-media":"","overlay-type":"","overlay-color":"","overlay-opacity":"","overlay-gradient":""},"mobile":{"background-color":"","background-image":"","background-repeat":"repeat","background-position":"center center","background-size":"auto","background-attachment":"scroll","background-type":"","background-media":"","overlay-type":"","overlay-color":"","overlay-opacity":"","overlay-gradient":""}},"ast-content-background-meta":{"desktop":{"background-color":"var(--ast-global-color-5)","background-image":"","background-repeat":"repeat","background-position":"center center","background-size":"auto","background-attachment":"scroll","background-type":"","background-media":"","overlay-type":"","overlay-color":"","overlay-opacity":"","overlay-gradient":""},"tablet":{"background-color":"var(--ast-global-color-5)","background-image":"","background-repeat":"repeat","background-position":"center center","background-size":"auto","background-attachment":"scroll","background-type":"","background-media":"","overlay-type":"","overlay-color":"","overlay-opacity":"","overlay-gradient":""},"mobile":{"background-color":"var(--ast-global-color-5)","background-image":"","background-repeat":"repeat","background-position":"center center","background-size":"auto","background-attachment":"scroll","background-type":"","background-media":"","overlay-type":"","overlay-color":"","overlay-opacity":"","overlay-gradient":""}}},"product_brand":[52],"product_cat":[55,86,15],"product_tag":[],"class_list":{"0":"post-6077","1":"product","2":"type-product","3":"status-publish","4":"has-post-thumbnail","6":"product_brand-bang-king","7":"product_cat-bang-king-30000-double-saveur-offre-jusqua-36ml-de-liquide","8":"product_cat-puff-30k","9":"product_cat-magasin-cigarette-electronique","10":"desktop-align-center","11":"tablet-align-center","12":"mobile-align-center","13":"ast-product-gallery-layout-horizontal","14":"ast-product-gallery-with-no-image","15":"ast-product-single-variable","16":"ast-product-tabs-layout-horizontal","17":"ast-qv-on-image","19":"first","20":"instock","21":"sale","22":"shipping-taxable","23":"purchasable","24":"product-type-variable","25":"has-default-attributes"},"tiered_pricing_type":"fixed","tiered_pricing_fixed_rules":{"50":7.33,"100":6.66},"tiered_pricing_product_settings":{"layout":"default","base_unit_name":{"singular":null,"plural":null},"default_variation":null},"tiered_pricing_minimum_quantity":null,"tiered_pricing_roles_data":[],"tiered_pricing_percentage_rules":[],"_links":{"self":[{"href":"https:\/\/puffvapestore.com\/en\/wp-json\/wp\/v2\/product\/6077","targetHints":{"allow":["GET"]}}],"collection":[{"href":"https:\/\/puffvapestore.com\/en\/wp-json\/wp\/v2\/product"}],"about":[{"href":"https:\/\/puffvapestore.com\/en\/wp-json\/wp\/v2\/types\/product"}],"replies":[{"embeddable":true,"href":"https:\/\/puffvapestore.com\/en\/wp-json\/wp\/v2\/comments?post=6077"}],"version-history":[{"count":7,"href":"https:\/\/puffvapestore.com\/en\/wp-json\/wp\/v2\/product\/6077\/revisions"}],"predecessor-version":[{"id":6230,"href":"https:\/\/puffvapestore.com\/en\/wp-json\/wp\/v2\/product\/6077\/revisions\/6230"}],"wp:featuredmedia":[{"embeddable":true,"href":"https:\/\/puffvapestore.com\/en\/wp-json\/wp\/v2\/media\/5982"}],"wp:attachment":[{"href":"https:\/\/puffvapestore.com\/en\/wp-json\/wp\/v2\/media?parent=6077"}],"wp:term":[{"taxonomy":"product_brand","embeddable":true,"href":"https:\/\/puffvapestore.com\/en\/wp-json\/wp\/v2\/product_brand?post=6077"},{"taxonomy":"product_cat","embeddable":true,"href":"https:\/\/puffvapestore.com\/en\/wp-json\/wp\/v2\/product_cat?post=6077"},{"taxonomy":"product_tag","embeddable":true,"href":"https:\/\/puffvapestore.com\/en\/wp-json\/wp\/v2\/product_tag?post=6077"}],"curies":[{"name":"wp","href":"https:\/\/api.w.org\/{rel}","templated":true}]}}