{"id":5934,"date":"2025-07-29T03:19:53","date_gmt":"2025-07-29T03:19:53","guid":{"rendered":"https:\/\/puffvapestore.com\/?post_type=product&#038;p=5934"},"modified":"2026-02-05T03:54:29","modified_gmt":"2026-02-05T03:54:29","slug":"watermelon-ice-strawberry-mango-banana-bang-leader-80k","status":"publish","type":"product","link":"https:\/\/puffvapestore.com\/en\/product\/watermelon-ice-strawberry-mango-banana-bang-leader-80k\/","title":{"rendered":"Watermelon Ice &amp; Strawberry Mango &amp; Banana - Bang Leader 80K 3 in 1 Triple Flavor"},"content":{"rendered":"<div data-elementor-type=\"wp-post\" data-elementor-id=\"5934\" class=\"elementor elementor-5934\">\n\t\t\t\t<div class=\"elementor-element elementor-element-08c26f9 e-flex e-con-boxed e-con e-parent\" data-id=\"08c26f9\" data-element_type=\"container\" data-e-type=\"container\">\n\t\t\t\t\t<div class=\"e-con-inner\">\n\t\t\t\t<div class=\"elementor-element elementor-element-a005a97 elementor-widget elementor-widget-text-editor\" data-id=\"a005a97\" data-element_type=\"widget\" data-e-type=\"widget\" data-widget_type=\"text-editor.default\">\n\t\t\t\t<div class=\"elementor-widget-container\">\n\t\t\t\t\t\t\t\t\t<p>The strength of the Bang Leader 80000 lies in its unique three-in-one design, equipped with three independent 26 ml e-liquid tanks, with a total capacity of up to 78 ml, allowing up to 80,000 puffs. Each Bang Leader 80000 e-cigarette offers three different flavors, designed to satisfy every enthusiast:<\/p><h2>Frozen Watermelon Flavor<\/h2><p>When the last rays of Parisian twilight appear, take a slow sip of watermelon ice-cold vapor from the comfort of your balcony. A fresh, fruity aroma will transport you to a summery orchard in the South of France. Its refreshing taste, accompanied by a subtle minty, icy note, soothes the body and mind after a tiring day.<\/p><h2>Strawberry Mango Flavor<\/h2><p>This Strawberry Mango flavor evokes a sunset on the C\u00f4te d'Azur in the south of France, with its fruity, passionate aromas. The sweetness of strawberries meets the tropical richness of mangoes for a rich taste. Smoking a cigarette in the street, late at night after a music festival, is not only a gustatory pleasure, but also a spiritual dance.<\/p><h2>Banana flavor<\/h2><p>The banana aroma gives you a warm, gentle feeling of well-being, as if you were sitting in the corner of a literary caf\u00e9, in a light rain, and you were at home, leafing through old magazines while enjoying the soft clouds enveloped in a banana aroma. Take a puff on an electronic cigarette to relax; this calm is a rare moment of well-being in our modern rhythm.<\/p><h2>Three flavor-changing systems, large 78-ml e-liquid tank<\/h2><p>The Bang Leader 80000 Watermelon Ice &amp; Strawberry Mango &amp; Banana adopts an innovative three-in-one design, with three independent integrated e-liquid tanks, each with a capacity of 26 ml, for a total of 78 ml of liquid. The flavor selector makes it easy to change flavors, and three flavors appear simultaneously on a single electronic cigarette, giving you the freedom to change moods and tastes at any time.<\/p><p>Exceptionally durable among disposables, each Bang Leader 80000 Watermelon Ice &amp; Strawberry Mango &amp; Banana electronic cigarette can deliver up to 80K puffs, making it the ideal choice for regular vapers. Enjoy long-lasting use and reduce frequent replacements.<\/p><p>Up to four nicotine concentrations available: 0 %, 2 %, 3 %, 5 %. Whether you're looking for a refreshing nicotine-free experience or you're a smoker looking for a highly concentrated throat hit, you'll find the intensity to suit you and easily adapt to your stop-smoking needs or changing tastes.<\/p><h2>1.0 \u03a9 mesh resistance, exquisite taste of the next level<\/h2><p>The Bang Leader 80000 Watermelon Ice &amp; Strawberry Mango &amp; Banana features a high-performance 1.0 \u03a9 mesh resistor, which heats more evenly and atomizes more completely than traditional resistors, for a rich, non-irritating smoke. Each puff is smooth and creamy, maximizing the release of authentic e-liquid flavor.<\/p><h2>Type-C 850 mAh fast-charging battery, stable output without power interruption<\/h2><p>Built-in high-capacity 850 mAh rechargeable lithium battery, compatible with Type-C fast-charging interface, for a charge time of around 60 minutes. Long-lasting autonomy and efficient charging keep you motivated for an uninterrupted high-performance atomizing experience.<\/p><p>Lightweight and portable, its integrated casing combines ergonomics and resistance to wear and tear, making it ideal for daily transport and intensive use. Its three-in-one design not only enhances practicality, but also reduces the weight associated with carrying several electronic cigarettes. A must-have for lovers of rich flavors.<\/p>\t\t\t\t\t\t\t\t<\/div>\n\t\t\t\t<\/div>\n\t\t\t\t\t<\/div>\n\t\t\t\t<\/div>\n\t\t\t\t<\/div>","protected":false},"excerpt":{"rendered":"<p>Le point fort du Bang Leader 80000 r\u00e9side dans sa conception unique trois-en-un, \u00e9quip\u00e9e de trois r\u00e9servoirs d&rsquo;e-liquide ind\u00e9pendants de 26 ml, d&rsquo;une capacit\u00e9 totale allant jusqu&rsquo;\u00e0 78 ml, permettant jusqu&rsquo;\u00e0 80000 bouff\u00e9es. Chaque e-cigarette Bang Leader 80000 propose trois saveurs diff\u00e9rentes, con\u00e7ues pour satisfaire tous les amateurs\u00a0: Saveur Past\u00e8que Glac\u00e9e Lorsque le cr\u00e9puscule parisien [&hellip;]<\/p>\n","protected":false},"featured_media":5729,"comment_status":"open","ping_status":"closed","template":"","meta":{"site-sidebar-layout":"no-sidebar","site-content-layout":"page-builder","ast-site-content-layout":"normal-width-container","site-content-style":"default","site-sidebar-style":"default","ast-global-header-display":"","ast-banner-title-visibility":"","ast-main-header-display":"","ast-hfb-above-header-display":"","ast-hfb-below-header-display":"","ast-hfb-mobile-header-display":"","site-post-title":"disabled","ast-breadcrumbs-content":"","ast-featured-img":"disabled","footer-sml-layout":"","ast-disable-related-posts":"","theme-transparent-header-meta":"default","adv-header-id-meta":"","stick-header-meta":"default","header-above-stick-meta":"","header-main-stick-meta":"","header-below-stick-meta":"","astra-migrate-meta-layouts":"set","ast-page-background-enabled":"default","ast-page-background-meta":{"desktop":{"background-color":"","background-image":"","background-repeat":"repeat","background-position":"center center","background-size":"auto","background-attachment":"scroll","background-type":"","background-media":"","overlay-type":"","overlay-color":"","overlay-opacity":"","overlay-gradient":""},"tablet":{"background-color":"","background-image":"","background-repeat":"repeat","background-position":"center center","background-size":"auto","background-attachment":"scroll","background-type":"","background-media":"","overlay-type":"","overlay-color":"","overlay-opacity":"","overlay-gradient":""},"mobile":{"background-color":"","background-image":"","background-repeat":"repeat","background-position":"center center","background-size":"auto","background-attachment":"scroll","background-type":"","background-media":"","overlay-type":"","overlay-color":"","overlay-opacity":"","overlay-gradient":""}},"ast-content-background-meta":{"desktop":{"background-color":"var(--ast-global-color-5)","background-image":"","background-repeat":"repeat","background-position":"center center","background-size":"auto","background-attachment":"scroll","background-type":"","background-media":"","overlay-type":"","overlay-color":"","overlay-opacity":"","overlay-gradient":""},"tablet":{"background-color":"var(--ast-global-color-5)","background-image":"","background-repeat":"repeat","background-position":"center center","background-size":"auto","background-attachment":"scroll","background-type":"","background-media":"","overlay-type":"","overlay-color":"","overlay-opacity":"","overlay-gradient":""},"mobile":{"background-color":"var(--ast-global-color-5)","background-image":"","background-repeat":"repeat","background-position":"center center","background-size":"auto","background-attachment":"scroll","background-type":"","background-media":"","overlay-type":"","overlay-color":"","overlay-opacity":"","overlay-gradient":""}}},"product_brand":[53],"product_cat":[54,106,15],"product_tag":[],"class_list":{"0":"post-5934","1":"product","2":"type-product","3":"status-publish","4":"has-post-thumbnail","6":"product_brand-bang-cree-une-cigarette-electronique-plus-confortable","7":"product_cat-bang-leader-80k-dispose-de-trois-reservoirs-de-liquide-independants-integres","8":"product_cat-puff-80k","9":"product_cat-magasin-cigarette-electronique","10":"desktop-align-center","11":"tablet-align-center","12":"mobile-align-center","13":"ast-product-gallery-layout-horizontal","14":"ast-product-gallery-with-no-image","15":"ast-product-single-variable","16":"ast-product-tabs-layout-horizontal","17":"ast-qv-on-image","19":"first","20":"outofstock","21":"sale","22":"shipping-taxable","23":"purchasable","24":"product-type-variable","25":"has-default-attributes"},"tiered_pricing_type":"fixed","tiered_pricing_fixed_rules":{"50":7.24,"100":6.45},"tiered_pricing_product_settings":{"layout":"default","base_unit_name":{"singular":null,"plural":null},"default_variation":null},"tiered_pricing_minimum_quantity":null,"tiered_pricing_roles_data":[],"tiered_pricing_percentage_rules":[],"_links":{"self":[{"href":"https:\/\/puffvapestore.com\/en\/wp-json\/wp\/v2\/product\/5934","targetHints":{"allow":["GET"]}}],"collection":[{"href":"https:\/\/puffvapestore.com\/en\/wp-json\/wp\/v2\/product"}],"about":[{"href":"https:\/\/puffvapestore.com\/en\/wp-json\/wp\/v2\/types\/product"}],"replies":[{"embeddable":true,"href":"https:\/\/puffvapestore.com\/en\/wp-json\/wp\/v2\/comments?post=5934"}],"version-history":[{"count":7,"href":"https:\/\/puffvapestore.com\/en\/wp-json\/wp\/v2\/product\/5934\/revisions"}],"predecessor-version":[{"id":6226,"href":"https:\/\/puffvapestore.com\/en\/wp-json\/wp\/v2\/product\/5934\/revisions\/6226"}],"wp:featuredmedia":[{"embeddable":true,"href":"https:\/\/puffvapestore.com\/en\/wp-json\/wp\/v2\/media\/5729"}],"wp:attachment":[{"href":"https:\/\/puffvapestore.com\/en\/wp-json\/wp\/v2\/media?parent=5934"}],"wp:term":[{"taxonomy":"product_brand","embeddable":true,"href":"https:\/\/puffvapestore.com\/en\/wp-json\/wp\/v2\/product_brand?post=5934"},{"taxonomy":"product_cat","embeddable":true,"href":"https:\/\/puffvapestore.com\/en\/wp-json\/wp\/v2\/product_cat?post=5934"},{"taxonomy":"product_tag","embeddable":true,"href":"https:\/\/puffvapestore.com\/en\/wp-json\/wp\/v2\/product_tag?post=5934"}],"curies":[{"name":"wp","href":"https:\/\/api.w.org\/{rel}","templated":true}]}}