{"id":5882,"date":"2025-07-27T05:30:15","date_gmt":"2025-07-27T05:30:15","guid":{"rendered":"https:\/\/puffvapestore.com\/?post_type=product&#038;p=5882"},"modified":"2026-02-05T03:54:29","modified_gmt":"2026-02-05T03:54:29","slug":"blueberry-ice-strawberry-banana-mixed-berries-bang-leader-80k","status":"publish","type":"product","link":"https:\/\/puffvapestore.com\/en\/product\/blueberry-ice-strawberry-banana-mixed-berries-bang-leader-80k\/","title":{"rendered":"Blueberry Ice &amp; Strawberry Banana &amp; Mixed Berries - Bang Leader 80000 3 in 1"},"content":{"rendered":"<div data-elementor-type=\"wp-post\" data-elementor-id=\"5882\" class=\"elementor elementor-5882\">\n\t\t\t\t<div class=\"elementor-element elementor-element-08c26f9 e-flex e-con-boxed e-con e-parent\" data-id=\"08c26f9\" data-element_type=\"container\" data-e-type=\"container\">\n\t\t\t\t\t<div class=\"e-con-inner\">\n\t\t\t\t<div class=\"elementor-element elementor-element-a005a97 elementor-widget elementor-widget-text-editor\" data-id=\"a005a97\" data-element_type=\"widget\" data-e-type=\"widget\" data-widget_type=\"text-editor.default\">\n\t\t\t\t<div class=\"elementor-widget-container\">\n\t\t\t\t\t\t\t\t\t<p>The Bang Leader 80000 Blueberry Ice &amp; Strawberry Banana &amp; Mixed Berries 3 in 1 offers three distinct flavors to satisfy every taste, from fresh to sweet to tart.<\/p><p>Frozen Blueberry flavor: This electronic cigarette offers a refreshingly cool taste, with the sweetness of ripe blueberries, like a refreshing iced fruit drink on a summer's night in the south of France. Ideal for sitting quietly on a balcony, taking a big puff of your iced blueberry-flavored e-cigarette, letting the mind calm down and irritability gently dissipate.<\/p><p>Strawberry Banana Flavor: The sweetness of strawberry and the creaminess of banana combine perfectly, like a milkshake freshly made in a Parisian patisserie. Ideal for relaxing after a busy day. Take a puff on our Strawberry Banana flavor electronic cigarette, smooth and warm, like a return to the sweetness of the afternoon.<\/p><p>Fruits Rouges flavor: The combination of several red fruits is full of vitality and cheerfulness, ideal for brightening up evenings with friends. It's a flavor not to be missed, like a surprise escapade to the vineyards of southern France.<\/p><h2>Different nicotine concentrations<\/h2><p>The Bang Leader 80000 Blueberry Ice &amp; Strawberry Banana &amp; Mixed Berries offers different nicotine concentrations, including 0 %, 2 %, 3 % and 5 %, to suit every user's needs. Whether you're looking for a nicotine-free experience or a higher concentration to satisfy your cravings, this electronic cigarette offers flexible options for use to suit your preferences.<\/p><h2>Innovative three-in-one e-liquid design<\/h2><p>This electronic cigarette offers a 78 ml capacity of extra-large liquid, cleverly divided into three separate 26 ml tanks. This unique three-in-one design not only enhances user comfort, but also makes it easy to switch from one flavor to another for a varied experience. Each tank is carefully designed to ensure safe storage and easy liquid replacement.<\/p><p>The Bang Leader 80000 Blueberry Ice &amp; Strawberry Banana &amp; Mixed Berries offers up to 80K puffs and is designed for long-lasting use. Whether for daily use or extended outings, this device offers a continuous, stable vapor experience without frequent replacement or refilling. Ideal for users looking for durability.<\/p><h2>High-performance battery and fast charging<\/h2><p>This electronic cigarette features an integrated 850 mAh rechargeable battery and supports Type-C fast-charging technology, which takes just around 60 minutes. The efficient battery management system ensures longer battery life, while the fast charge function lets you resume use quickly, for a smooth experience anytime, anywhere.<\/p><h2>Optimized mesh resistance technology<\/h2><p>The Bang Leader 80000 Blueberry Ice &amp; Strawberry Banana &amp; Mixed Berries adopts a 1.0 \u03a9 mesh resistor. This ensures even heating and a rich, creamy vapor. The mesh resistor structure optimizes liquid atomization, guaranteeing a consistently rich taste with every puff.<\/p>\t\t\t\t\t\t\t\t<\/div>\n\t\t\t\t<\/div>\n\t\t\t\t\t<\/div>\n\t\t\t\t<\/div>\n\t\t\t\t<\/div>","protected":false},"excerpt":{"rendered":"<p>La Bang Leader 80000 Blueberry Ice &amp; Strawberry Banana &amp; Mixed Berries 3 en 1 offre trois saveurs distinctes pour satisfaire tous les go\u00fbts, du frais au sucr\u00e9 en passant par l&rsquo;acidul\u00e9. Go\u00fbt Myrtille Glac\u00e9e\u00a0: Cette cigarette \u00e9lectronique offre un go\u00fbt rafra\u00eechissant et frais, avec la douceur des myrtilles m\u00fbres, comme une boisson glac\u00e9e aux [&hellip;]<\/p>\n","protected":false},"featured_media":5720,"comment_status":"open","ping_status":"closed","template":"","meta":{"site-sidebar-layout":"no-sidebar","site-content-layout":"page-builder","ast-site-content-layout":"normal-width-container","site-content-style":"default","site-sidebar-style":"default","ast-global-header-display":"","ast-banner-title-visibility":"","ast-main-header-display":"","ast-hfb-above-header-display":"","ast-hfb-below-header-display":"","ast-hfb-mobile-header-display":"","site-post-title":"disabled","ast-breadcrumbs-content":"","ast-featured-img":"disabled","footer-sml-layout":"","ast-disable-related-posts":"","theme-transparent-header-meta":"default","adv-header-id-meta":"","stick-header-meta":"default","header-above-stick-meta":"","header-main-stick-meta":"","header-below-stick-meta":"","astra-migrate-meta-layouts":"set","ast-page-background-enabled":"default","ast-page-background-meta":{"desktop":{"background-color":"","background-image":"","background-repeat":"repeat","background-position":"center center","background-size":"auto","background-attachment":"scroll","background-type":"","background-media":"","overlay-type":"","overlay-color":"","overlay-opacity":"","overlay-gradient":""},"tablet":{"background-color":"","background-image":"","background-repeat":"repeat","background-position":"center center","background-size":"auto","background-attachment":"scroll","background-type":"","background-media":"","overlay-type":"","overlay-color":"","overlay-opacity":"","overlay-gradient":""},"mobile":{"background-color":"","background-image":"","background-repeat":"repeat","background-position":"center center","background-size":"auto","background-attachment":"scroll","background-type":"","background-media":"","overlay-type":"","overlay-color":"","overlay-opacity":"","overlay-gradient":""}},"ast-content-background-meta":{"desktop":{"background-color":"var(--ast-global-color-5)","background-image":"","background-repeat":"repeat","background-position":"center center","background-size":"auto","background-attachment":"scroll","background-type":"","background-media":"","overlay-type":"","overlay-color":"","overlay-opacity":"","overlay-gradient":""},"tablet":{"background-color":"var(--ast-global-color-5)","background-image":"","background-repeat":"repeat","background-position":"center center","background-size":"auto","background-attachment":"scroll","background-type":"","background-media":"","overlay-type":"","overlay-color":"","overlay-opacity":"","overlay-gradient":""},"mobile":{"background-color":"var(--ast-global-color-5)","background-image":"","background-repeat":"repeat","background-position":"center center","background-size":"auto","background-attachment":"scroll","background-type":"","background-media":"","overlay-type":"","overlay-color":"","overlay-opacity":"","overlay-gradient":""}}},"product_brand":[53],"product_cat":[54,106,15],"product_tag":[],"class_list":{"0":"post-5882","1":"product","2":"type-product","3":"status-publish","4":"has-post-thumbnail","6":"product_brand-bang-cree-une-cigarette-electronique-plus-confortable","7":"product_cat-bang-leader-80k-dispose-de-trois-reservoirs-de-liquide-independants-integres","8":"product_cat-puff-80k","9":"product_cat-magasin-cigarette-electronique","10":"desktop-align-center","11":"tablet-align-center","12":"mobile-align-center","13":"ast-product-gallery-layout-horizontal","14":"ast-product-gallery-with-no-image","15":"ast-product-single-variable","16":"ast-product-tabs-layout-horizontal","17":"ast-qv-on-image","19":"first","20":"outofstock","21":"sale","22":"shipping-taxable","23":"purchasable","24":"product-type-variable","25":"has-default-attributes"},"tiered_pricing_type":"fixed","tiered_pricing_fixed_rules":{"50":7.24,"100":6.45},"tiered_pricing_product_settings":{"layout":"default","base_unit_name":{"singular":null,"plural":null},"default_variation":null},"tiered_pricing_minimum_quantity":null,"tiered_pricing_roles_data":[],"tiered_pricing_percentage_rules":[],"_links":{"self":[{"href":"https:\/\/puffvapestore.com\/en\/wp-json\/wp\/v2\/product\/5882","targetHints":{"allow":["GET"]}}],"collection":[{"href":"https:\/\/puffvapestore.com\/en\/wp-json\/wp\/v2\/product"}],"about":[{"href":"https:\/\/puffvapestore.com\/en\/wp-json\/wp\/v2\/types\/product"}],"replies":[{"embeddable":true,"href":"https:\/\/puffvapestore.com\/en\/wp-json\/wp\/v2\/comments?post=5882"}],"version-history":[{"count":7,"href":"https:\/\/puffvapestore.com\/en\/wp-json\/wp\/v2\/product\/5882\/revisions"}],"predecessor-version":[{"id":6222,"href":"https:\/\/puffvapestore.com\/en\/wp-json\/wp\/v2\/product\/5882\/revisions\/6222"}],"wp:featuredmedia":[{"embeddable":true,"href":"https:\/\/puffvapestore.com\/en\/wp-json\/wp\/v2\/media\/5720"}],"wp:attachment":[{"href":"https:\/\/puffvapestore.com\/en\/wp-json\/wp\/v2\/media?parent=5882"}],"wp:term":[{"taxonomy":"product_brand","embeddable":true,"href":"https:\/\/puffvapestore.com\/en\/wp-json\/wp\/v2\/product_brand?post=5882"},{"taxonomy":"product_cat","embeddable":true,"href":"https:\/\/puffvapestore.com\/en\/wp-json\/wp\/v2\/product_cat?post=5882"},{"taxonomy":"product_tag","embeddable":true,"href":"https:\/\/puffvapestore.com\/en\/wp-json\/wp\/v2\/product_tag?post=5882"}],"curies":[{"name":"wp","href":"https:\/\/api.w.org\/{rel}","templated":true}]}}