{"id":5639,"date":"2025-07-23T08:03:48","date_gmt":"2025-07-23T08:03:48","guid":{"rendered":"https:\/\/puffvapestore.com\/?post_type=product&#038;p=5639"},"modified":"2026-01-19T10:54:36","modified_gmt":"2026-01-19T10:54:36","slug":"berry-lemonade-strawberry-red-bull-strawberry-pomp-bang-king-85000-3-en-1","status":"publish","type":"product","link":"https:\/\/puffvapestore.com\/en\/product\/berry-lemonade-strawberry-red-bull-strawberry-pomp-bang-king-85000-3-in-1\/","title":{"rendered":"Berry Lemonade &amp; Strawberry Red Bull &amp; Strawberry Pomp - Bang King 85000 3 in 1 Triple Flavor"},"content":{"rendered":"<div data-elementor-type=\"wp-post\" data-elementor-id=\"5639\" class=\"elementor elementor-5639\">\n\t\t\t\t<div class=\"elementor-element elementor-element-08c26f9 e-flex e-con-boxed e-con e-parent\" data-id=\"08c26f9\" data-element_type=\"container\" data-e-type=\"container\">\n\t\t\t\t\t<div class=\"e-con-inner\">\n\t\t\t\t<div class=\"elementor-element elementor-element-a005a97 elementor-widget elementor-widget-text-editor\" data-id=\"a005a97\" data-element_type=\"widget\" data-e-type=\"widget\" data-widget_type=\"text-editor.default\">\n\t\t\t\t<div class=\"elementor-widget-container\">\n\t\t\t\t\t\t\t\t\t<h2>Trio of flavors, unleash your French comfort.<\/h2><p>At dusk, on the banks of the Seine in Paris, you pick up this Bang King 85000 3 in 1 Triple Flavor electronic cigarette, choose your favorite flavor and take a deep breath.<\/p><p>The slightly tart, sweet taste of red berry lemonade gives you a refreshing, gourmet fragrance at the start of summer.<\/p><p>Switching to Red Bull Strawberry flavour is a real taste awakening: the sweetness of strawberries and the stimulation of energy drinks come together, ideal for regaining vitality before nightfall.<\/p><p>The Strawberry Pomp fragrance combines the fruity aroma of strawberries with a touch of creamy, dense and delicate foam, with a lingering aftertaste like the sunshine of an afternoon in the South of France.<\/p><p>These three fragrances adapt to your mood, the occasion and the moment, just like your perfume, your outfit or your playlist.<\/p><h2>Intelligent HD display<\/h2><p>The Bang King Triple 85000 Berry Lemonade &amp; Strawberry Red Bull &amp; Strawberry Pomp features an advanced integrated HD display, offering an intuitive user experience. This screen displays key information in real time, including remaining battery charge and amount of e-liquid remaining, enabling users to always monitor the status of the device and optimize their experience.<\/p><h2>Choice of three flavors and independent oil reservoir<\/h2><p>The Bang King 85000 3 in 1 Triple Flavor innovatively integrates three independent e-liquid tanks, each pre-filled with 21 ml of e-liquid, for a total capacity of up to 63 ml. A practical selector allows you to choose freely between three flavors. Each flavor allows up to 28300 puffs and up to 85000 puffs in total, for a varied and long-lasting vape experience.<\/p><p>To meet the needs of every user, the Bang King Triple 85000 Berry Lemonade &amp; Strawberry Red Bull &amp; Strawberry Pomp offers four levels of nicotine concentration: 0 % (nicotine-free), 2 %, 3 % and 5 %. This flexibility means you can choose the dosage to suit your preferences, from smokers to occasional users.<\/p><p>This electronic cigarette is equipped with a 600 mAh rechargeable battery and supports USB-C fast charging technology. This enables the device to be recharged quickly, reducing waiting time and guaranteeing constant availability, ideal for frequent use.<\/p><h2>Optimized resistor configuration<\/h2><p>The Bang King Triple 85000 Berry Lemonade &amp; Strawberry Red Bull &amp; Strawberry Pomp adopts a three-level 1.0 \u03a9 mesh resistor, optimized for optimal flavor reproduction and atomization. The mesh resistor ensures even heating, guaranteeing intense flavor and vapor production with every puff.<\/p><p>Each Bang King Triple 85000 electronic cigarette offers a total capacity of 63 ml of e-liquid (3 tanks of 21 ml each) and up to 85,000 puffs, making it one of the longest-running devices on the market. Whether for everyday use or extended outings, it offers you a carefree vaping experience.<\/p>\t\t\t\t\t\t\t\t<\/div>\n\t\t\t\t<\/div>\n\t\t\t\t\t<\/div>\n\t\t\t\t<\/div>\n\t\t\t\t<\/div>","protected":false},"excerpt":{"rendered":"<p>Trio de saveurs, lib\u00e9rez votre confort fran\u00e7ais. Au cr\u00e9puscule, sur les quais de la Seine \u00e0 Paris, vous prenez cette cigarette \u00e9lectronique Bang King 85000 3 en 1 Triple Saveur, vous choisissez votre saveur pr\u00e9f\u00e9r\u00e9e et vous inspirez profond\u00e9ment. Le go\u00fbt l\u00e9g\u00e8rement acidul\u00e9 et sucr\u00e9 de la limonade aux fruits rouges, vous offre un parfum [&hellip;]<\/p>\n","protected":false},"featured_media":5389,"comment_status":"open","ping_status":"closed","template":"","meta":{"site-sidebar-layout":"no-sidebar","site-content-layout":"page-builder","ast-site-content-layout":"normal-width-container","site-content-style":"default","site-sidebar-style":"default","ast-global-header-display":"","ast-banner-title-visibility":"","ast-main-header-display":"","ast-hfb-above-header-display":"","ast-hfb-below-header-display":"","ast-hfb-mobile-header-display":"","site-post-title":"disabled","ast-breadcrumbs-content":"","ast-featured-img":"disabled","footer-sml-layout":"","ast-disable-related-posts":"","theme-transparent-header-meta":"default","adv-header-id-meta":"","stick-header-meta":"default","header-above-stick-meta":"","header-main-stick-meta":"","header-below-stick-meta":"","astra-migrate-meta-layouts":"set","ast-page-background-enabled":"default","ast-page-background-meta":{"desktop":{"background-color":"","background-image":"","background-repeat":"repeat","background-position":"center center","background-size":"auto","background-attachment":"scroll","background-type":"","background-media":"","overlay-type":"","overlay-color":"","overlay-opacity":"","overlay-gradient":""},"tablet":{"background-color":"","background-image":"","background-repeat":"repeat","background-position":"center center","background-size":"auto","background-attachment":"scroll","background-type":"","background-media":"","overlay-type":"","overlay-color":"","overlay-opacity":"","overlay-gradient":""},"mobile":{"background-color":"","background-image":"","background-repeat":"repeat","background-position":"center center","background-size":"auto","background-attachment":"scroll","background-type":"","background-media":"","overlay-type":"","overlay-color":"","overlay-opacity":"","overlay-gradient":""}},"ast-content-background-meta":{"desktop":{"background-color":"var(--ast-global-color-5)","background-image":"","background-repeat":"repeat","background-position":"center center","background-size":"auto","background-attachment":"scroll","background-type":"","background-media":"","overlay-type":"","overlay-color":"","overlay-opacity":"","overlay-gradient":""},"tablet":{"background-color":"var(--ast-global-color-5)","background-image":"","background-repeat":"repeat","background-position":"center center","background-size":"auto","background-attachment":"scroll","background-type":"","background-media":"","overlay-type":"","overlay-color":"","overlay-opacity":"","overlay-gradient":""},"mobile":{"background-color":"var(--ast-global-color-5)","background-image":"","background-repeat":"repeat","background-position":"center center","background-size":"auto","background-attachment":"scroll","background-type":"","background-media":"","overlay-type":"","overlay-color":"","overlay-opacity":"","overlay-gradient":""}}},"product_brand":[52],"product_cat":[51,107,15],"product_tag":[],"class_list":{"0":"post-5639","1":"product","2":"type-product","3":"status-publish","4":"has-post-thumbnail","6":"product_brand-bang-king","7":"product_cat-bang-king-triple-85000-trois-saveurs-en-une","8":"product_cat-puff-85k","9":"product_cat-magasin-cigarette-electronique","10":"desktop-align-center","11":"tablet-align-center","12":"mobile-align-center","13":"ast-product-gallery-layout-horizontal","14":"ast-product-gallery-with-no-image","15":"ast-product-single-variable","16":"ast-product-tabs-layout-horizontal","17":"ast-qv-on-image","19":"first","20":"instock","21":"sale","22":"shipping-taxable","23":"purchasable","24":"product-type-variable","25":"has-default-attributes"},"tiered_pricing_type":"fixed","tiered_pricing_fixed_rules":[],"tiered_pricing_product_settings":{"layout":"default","base_unit_name":{"singular":null,"plural":null},"default_variation":null},"tiered_pricing_minimum_quantity":null,"tiered_pricing_roles_data":[],"tiered_pricing_percentage_rules":[],"_links":{"self":[{"href":"https:\/\/puffvapestore.com\/en\/wp-json\/wp\/v2\/product\/5639","targetHints":{"allow":["GET"]}}],"collection":[{"href":"https:\/\/puffvapestore.com\/en\/wp-json\/wp\/v2\/product"}],"about":[{"href":"https:\/\/puffvapestore.com\/en\/wp-json\/wp\/v2\/types\/product"}],"replies":[{"embeddable":true,"href":"https:\/\/puffvapestore.com\/en\/wp-json\/wp\/v2\/comments?post=5639"}],"version-history":[{"count":8,"href":"https:\/\/puffvapestore.com\/en\/wp-json\/wp\/v2\/product\/5639\/revisions"}],"predecessor-version":[{"id":10700,"href":"https:\/\/puffvapestore.com\/en\/wp-json\/wp\/v2\/product\/5639\/revisions\/10700"}],"wp:featuredmedia":[{"embeddable":true,"href":"https:\/\/puffvapestore.com\/en\/wp-json\/wp\/v2\/media\/5389"}],"wp:attachment":[{"href":"https:\/\/puffvapestore.com\/en\/wp-json\/wp\/v2\/media?parent=5639"}],"wp:term":[{"taxonomy":"product_brand","embeddable":true,"href":"https:\/\/puffvapestore.com\/en\/wp-json\/wp\/v2\/product_brand?post=5639"},{"taxonomy":"product_cat","embeddable":true,"href":"https:\/\/puffvapestore.com\/en\/wp-json\/wp\/v2\/product_cat?post=5639"},{"taxonomy":"product_tag","embeddable":true,"href":"https:\/\/puffvapestore.com\/en\/wp-json\/wp\/v2\/product_tag?post=5639"}],"curies":[{"name":"wp","href":"https:\/\/api.w.org\/{rel}","templated":true}]}}