{"id":5271,"date":"2025-07-17T06:37:40","date_gmt":"2025-07-17T06:37:40","guid":{"rendered":"https:\/\/puffvapestore.com\/?post_type=product&#038;p=5271"},"modified":"2026-04-21T07:09:14","modified_gmt":"2026-04-21T07:09:14","slug":"watermelon-bubblegum-fumot-leopard-40000-offre-la-fraicheur","status":"publish","type":"product","link":"https:\/\/puffvapestore.com\/en\/product\/watermelon-bubblegum-fumot-leopard-40000-offers-freshness\/","title":{"rendered":"Watermelon Bubblegum - Fumot Leopard 40000"},"content":{"rendered":"<div data-elementor-type=\"wp-post\" data-elementor-id=\"5271\" class=\"elementor elementor-5271\">\n\t\t\t\t<div class=\"elementor-element elementor-element-08c26f9 e-flex e-con-boxed e-con e-parent\" data-id=\"08c26f9\" data-element_type=\"container\" data-e-type=\"container\">\n\t\t\t\t\t<div class=\"e-con-inner\">\n\t\t\t\t<div class=\"elementor-element elementor-element-a005a97 elementor-widget elementor-widget-text-editor\" data-id=\"a005a97\" data-element_type=\"widget\" data-e-type=\"widget\" data-widget_type=\"text-editor.default\">\n\t\t\t\t<div class=\"elementor-widget-container\">\n\t\t\t\t\t\t\t\t\t<p>This Watermelon Bubblegum flavor combines the freshness of juicy watermelon with the sweet aroma of bubblegum. As soon as you inhale, the smoke reveals the natural freshness of a summer orchard, followed by the sweet fragrance of pink bubblegum, the symbol of childhood. With each inhalation, you'll feel like you're in an open-air garden in the South of France. The sun is shining and, on a relaxing afternoon, an electronic cigarette Fumot Leopard 40000 in Watermelon Bubblegum flavor in hand lets you exhale a puff of vapor. The atmosphere seems tinged with a gentle breeze, particularly natural and elegant in this setting.<\/p><h2>Sweet and Juicy Watermelon<\/h2><p>Main flavor: Watermelon is at the heart of this flavor, revealing the fresh, sweet and juicy characteristics of a ripe watermelon.<\/p><p>Details: Watermelon takes on fresh fruity aromas with a slightly pulpy texture, as if you were sipping watermelon juice. This sweetness is immediately perceptible on inhalation, offering a summery freshness to the taste buds.<\/p><h2>Sweet and nostalgic Bubblegum<\/h2><p>Secondary Flavor: Bubblegum flavor adds a sweet, slightly creamy touch to this flavor, evoking nostalgic memories of the chewing gums of your childhood. Slightly sweeter than watermelon, it has a sweet candy aroma, similar to classic Bubblicious or Hubba Bubba chewing gum.<\/p><p>Details: The chewing-gum taste is more pronounced on exhalation, offering a soft, sweet finish.<\/p>\t\t\t\t\t\t\t\t<\/div>\n\t\t\t\t<\/div>\n\t\t\t\t\t<\/div>\n\t\t\t\t<\/div>\n\t\t<div class=\"elementor-element elementor-element-718b380 e-flex e-con-boxed e-con e-parent\" data-id=\"718b380\" data-element_type=\"container\" data-e-type=\"container\">\n\t\t\t\t\t<div class=\"e-con-inner\">\n\t\t\t\t<div class=\"elementor-element elementor-element-d2cc8fa elementor-widget elementor-widget-text-editor\" data-id=\"d2cc8fa\" data-element_type=\"widget\" data-e-type=\"widget\" data-widget_type=\"text-editor.default\">\n\t\t\t\t<div class=\"elementor-widget-container\">\n\t\t\t\t\t\t\t\t\t<h2>Features of the Fumot Leopard 40000 Watermelon Bubblegum:<\/h2><p>Puffs and battery: Equipped with a 700 mAh rechargeable battery that recharges via USB-C for up to 40,000 puffs.<\/p><p>Double mesh resistance system: Equipped with a double mesh resistance that heats continuously and produces rich, creamy steam throughout its lifetime.<\/p><p>LED and digital display: Equipped with a set of RGB lights and a double digital tube display: one side indicates the remaining e-liquid level, the other the battery level.<\/p><p>Nicotine levels and flavours: Available in 0 %, 2 %, 3 % or 5 % nicotine levels.<\/p><p>Design: Transparent shell with attractive leopard print, colorful interior lights that rotate with every puff.<\/p><h2>Advantages of the Fumot Leopard 40000 Watermelon Bubblegum:<\/h2><p>Rechargeable, no need to dispose of the device prematurely.<\/p><p>Elegant LED displays + clear, attractive design.<\/p><p>Easy monitoring of remaining e-liquid and battery levels.<\/p>\t\t\t\t\t\t\t\t<\/div>\n\t\t\t\t<\/div>\n\t\t\t\t\t<\/div>\n\t\t\t\t<\/div>\n\t\t\t\t<\/div>","protected":false},"excerpt":{"rendered":"<p>Ce go\u00fbt Past\u00e8que Bubblegum allie avec raffinement la fra\u00eecheur d&rsquo;une past\u00e8que juteuse \u00e0 l&rsquo;ar\u00f4me sucr\u00e9 du bubblegum. D\u00e8s l&rsquo;inhalation, la fum\u00e9e r\u00e9v\u00e8le la fra\u00eecheur naturelle d&rsquo;un verger estival, suivie du doux parfum d&rsquo;un bubblegum rose, symbole de l&rsquo;enfance. \u00c0 chaque inhalation, vous vous sentirez comme dans un jardin en plein air du sud de la [&hellip;]<\/p>\n","protected":false},"featured_media":5096,"comment_status":"open","ping_status":"closed","template":"","meta":{"site-sidebar-layout":"no-sidebar","site-content-layout":"page-builder","ast-site-content-layout":"normal-width-container","site-content-style":"default","site-sidebar-style":"default","ast-global-header-display":"","ast-banner-title-visibility":"","ast-main-header-display":"","ast-hfb-above-header-display":"","ast-hfb-below-header-display":"","ast-hfb-mobile-header-display":"","site-post-title":"disabled","ast-breadcrumbs-content":"","ast-featured-img":"disabled","footer-sml-layout":"","ast-disable-related-posts":"","theme-transparent-header-meta":"default","adv-header-id-meta":"","stick-header-meta":"default","header-above-stick-meta":"","header-main-stick-meta":"","header-below-stick-meta":"","astra-migrate-meta-layouts":"set","ast-page-background-enabled":"default","ast-page-background-meta":{"desktop":{"background-color":"","background-image":"","background-repeat":"repeat","background-position":"center center","background-size":"auto","background-attachment":"scroll","background-type":"","background-media":"","overlay-type":"","overlay-color":"","overlay-opacity":"","overlay-gradient":""},"tablet":{"background-color":"","background-image":"","background-repeat":"repeat","background-position":"center center","background-size":"auto","background-attachment":"scroll","background-type":"","background-media":"","overlay-type":"","overlay-color":"","overlay-opacity":"","overlay-gradient":""},"mobile":{"background-color":"","background-image":"","background-repeat":"repeat","background-position":"center center","background-size":"auto","background-attachment":"scroll","background-type":"","background-media":"","overlay-type":"","overlay-color":"","overlay-opacity":"","overlay-gradient":""}},"ast-content-background-meta":{"desktop":{"background-color":"var(--ast-global-color-5)","background-image":"","background-repeat":"repeat","background-position":"center center","background-size":"auto","background-attachment":"scroll","background-type":"","background-media":"","overlay-type":"","overlay-color":"","overlay-opacity":"","overlay-gradient":""},"tablet":{"background-color":"var(--ast-global-color-5)","background-image":"","background-repeat":"repeat","background-position":"center center","background-size":"auto","background-attachment":"scroll","background-type":"","background-media":"","overlay-type":"","overlay-color":"","overlay-opacity":"","overlay-gradient":""},"mobile":{"background-color":"var(--ast-global-color-5)","background-image":"","background-repeat":"repeat","background-position":"center center","background-size":"auto","background-attachment":"scroll","background-type":"","background-media":"","overlay-type":"","overlay-color":"","overlay-opacity":"","overlay-gradient":""}}},"product_brand":[42],"product_cat":[50,88,77,15],"product_tag":[],"class_list":{"0":"post-5271","1":"product","2":"type-product","3":"status-publish","4":"has-post-thumbnail","6":"product_brand-randm-tornado","7":"product_cat-randm-tornado-40000-avec-ecran-led-hd","8":"product_cat-puff-40k","9":"product_cat-entrepot-de-lue","10":"product_cat-magasin-cigarette-electronique","11":"desktop-align-center","12":"tablet-align-center","13":"mobile-align-center","14":"ast-product-gallery-layout-horizontal","15":"ast-product-gallery-with-no-image","16":"ast-product-single-variable","17":"ast-product-tabs-layout-horizontal","18":"ast-qv-on-image","20":"first","21":"instock","22":"sale","23":"shipping-taxable","24":"purchasable","25":"product-type-variable","26":"has-default-attributes"},"tiered_pricing_type":"fixed","tiered_pricing_fixed_rules":{"30":10.42,"60":9.26,"100":8.05,"200":7.8,"500":7.67,"1000":7.38},"tiered_pricing_product_settings":{"layout":"default","base_unit_name":{"singular":null,"plural":null},"default_variation":null},"tiered_pricing_minimum_quantity":null,"tiered_pricing_roles_data":[],"tiered_pricing_percentage_rules":[],"_links":{"self":[{"href":"https:\/\/puffvapestore.com\/en\/wp-json\/wp\/v2\/product\/5271","targetHints":{"allow":["GET"]}}],"collection":[{"href":"https:\/\/puffvapestore.com\/en\/wp-json\/wp\/v2\/product"}],"about":[{"href":"https:\/\/puffvapestore.com\/en\/wp-json\/wp\/v2\/types\/product"}],"replies":[{"embeddable":true,"href":"https:\/\/puffvapestore.com\/en\/wp-json\/wp\/v2\/comments?post=5271"}],"version-history":[{"count":7,"href":"https:\/\/puffvapestore.com\/en\/wp-json\/wp\/v2\/product\/5271\/revisions"}],"predecessor-version":[{"id":10756,"href":"https:\/\/puffvapestore.com\/en\/wp-json\/wp\/v2\/product\/5271\/revisions\/10756"}],"wp:featuredmedia":[{"embeddable":true,"href":"https:\/\/puffvapestore.com\/en\/wp-json\/wp\/v2\/media\/5096"}],"wp:attachment":[{"href":"https:\/\/puffvapestore.com\/en\/wp-json\/wp\/v2\/media?parent=5271"}],"wp:term":[{"taxonomy":"product_brand","embeddable":true,"href":"https:\/\/puffvapestore.com\/en\/wp-json\/wp\/v2\/product_brand?post=5271"},{"taxonomy":"product_cat","embeddable":true,"href":"https:\/\/puffvapestore.com\/en\/wp-json\/wp\/v2\/product_cat?post=5271"},{"taxonomy":"product_tag","embeddable":true,"href":"https:\/\/puffvapestore.com\/en\/wp-json\/wp\/v2\/product_tag?post=5271"}],"curies":[{"name":"wp","href":"https:\/\/api.w.org\/{rel}","templated":true}]}}