{"id":2526,"date":"2025-06-20T03:30:08","date_gmt":"2025-06-20T03:30:08","guid":{"rendered":"https:\/\/puffvapestore.com\/?post_type=product&#038;p=2526"},"modified":"2026-01-19T10:32:53","modified_gmt":"2026-01-19T10:32:53","slug":"r-and-m-tornado-7000-pacific-cooler","status":"publish","type":"product","link":"https:\/\/puffvapestore.com\/en\/product\/r-and-m-tornado-7000-pacific-cooler\/","title":{"rendered":"R and M Tornado 7000 Pacific Cooler"},"content":{"rendered":"<div data-elementor-type=\"wp-post\" data-elementor-id=\"2526\" class=\"elementor elementor-2526\">\n\t\t\t\t<div class=\"elementor-element elementor-element-d3f3f97 e-flex e-con-boxed e-con e-parent\" data-id=\"d3f3f97\" data-element_type=\"container\" data-e-type=\"container\">\n\t\t\t\t\t<div class=\"e-con-inner\">\n\t\t\t\t<div class=\"elementor-element elementor-element-9600b1d elementor-widget elementor-widget-text-editor\" data-id=\"9600b1d\" data-element_type=\"widget\" data-e-type=\"widget\" data-widget_type=\"text-editor.default\">\n\t\t\t\t<div class=\"elementor-widget-container\">\n\t\t\t\t\t\t\t\t\t<h2>Flavor: Pacific Cooler<\/h2><p>The flavor of the RandM Tornado 7000 - Pacific Cooler offers a fresh, fruity and refreshing experience, combining the vitality of tropical fruit and citrus for a cool, Pacific Coast feel.<\/p><ul><li><strong>Mixture of tropical fruits (pineapple, mango, guava, etc.):<\/strong><br \/>Pacific Cooler flavored electronic cigarettes combine the sweetness and tartness of tropical fruits, including pineapple, mango and guava. Pineapple brings a tangy, lively fruity flavor, mango a sweet tropical sweetness, and guava a unique aroma, creating a juicy, complex fruity experience.<\/li><li><strong>Citrus Cool (Lemon, Lime) :<\/strong><br \/>Lemon provides a refreshingly sweet-and-sour sensation, while lime adds a more pronounced acidity and lively flavor, mimicking the taste of iced lemonade. This citrus flavor brings a refreshing coolness to every puff, similar to the feel of a sea breeze. On the inhale, the acidity of citrus stimulates the taste buds; on the exhale, the sensation of freshness is gradually felt, leaving a pure, refreshing aftertaste.<\/li><\/ul>\t\t\t\t\t\t\t\t<\/div>\n\t\t\t\t<\/div>\n\t\t\t\t\t<\/div>\n\t\t\t\t<\/div>\n\t\t<div class=\"elementor-element elementor-element-08c26f9 e-flex e-con-boxed e-con e-parent\" data-id=\"08c26f9\" data-element_type=\"container\" data-e-type=\"container\">\n\t\t\t\t\t<div class=\"e-con-inner\">\n\t\t\t\t<div class=\"elementor-element elementor-element-a005a97 elementor-widget elementor-widget-text-editor\" data-id=\"a005a97\" data-element_type=\"widget\" data-e-type=\"widget\" data-widget_type=\"text-editor.default\">\n\t\t\t\t<div class=\"elementor-widget-container\">\n\t\t\t\t\t\t\t\t\t<h2>R and M Tornado 7000 Pacific Cooler<\/h2><p>The R and M Tornado 7000 Pacific Cooler disposable electronic cigarette is pre-filled with 14 ml of premium e-liquid with nicotine salts, with two nicotine concentrations: 2 % and 5 %, meeting the needs of occasional vapers as well as those seeking a more intense experience. The built-in battery features a reliable Type-C charging port for continuous power, allowing users to savor every puff. Its sleek, portable design combines practicality with long-lasting performance, making it an ideal choice for electronic cigarette enthusiasts.<\/p>\t\t\t\t\t\t\t\t<\/div>\n\t\t\t\t<\/div>\n\t\t\t\t\t<\/div>\n\t\t\t\t<\/div>\n\t\t<div class=\"elementor-element elementor-element-4ac287c e-flex e-con-boxed e-con e-parent\" data-id=\"4ac287c\" data-element_type=\"container\" data-e-type=\"container\">\n\t\t\t\t\t<div class=\"e-con-inner\">\n\t\t<div class=\"elementor-element elementor-element-bbd8e4a e-con-full e-flex e-con e-child\" data-id=\"bbd8e4a\" data-element_type=\"container\" data-e-type=\"container\">\n\t\t\t\t<div class=\"elementor-element elementor-element-0dc5338 elementor-widget elementor-widget-text-editor\" data-id=\"0dc5338\" data-element_type=\"widget\" data-e-type=\"widget\" data-widget_type=\"text-editor.default\">\n\t\t\t\t<div class=\"elementor-widget-container\">\n\t\t\t\t\t\t\t\t\t<h2>Features of the RandM Tornado 7000 Pacific Cooler:<\/h2><ul><li><strong>Number of puffs<\/strong>\u00a0Each device can take up to 7,000 puffs, making it ideal for long-term use.<\/li><li><strong>Battery\u00a0<\/strong>850 mAh rechargeable battery with Type C charging port for rapid charging (30 to 60 minutes).<\/li><li><strong>E-liquid capacity<\/strong>\u00a014-ml pre-filled tanks with a choice of 2 % or 5 % nicotine salts.<\/li><li><strong>Design\u00a0<\/strong>Portable, made from durable materials, it features a transparent oil reservoir for checking the remaining oil level. RGB lights and LED indicators add a touch of elegance.<\/li><li><strong>Mesh resistance<\/strong>\u00a0Use a Mesh resistor for consistent flavor and steam production.<\/li><\/ul>\t\t\t\t\t\t\t\t<\/div>\n\t\t\t\t<\/div>\n\t\t\t\t<\/div>\n\t\t<div class=\"elementor-element elementor-element-8e0e87d e-con-full e-flex e-con e-child\" data-id=\"8e0e87d\" data-element_type=\"container\" data-e-type=\"container\">\n\t\t\t\t<div class=\"elementor-element elementor-element-63d978d elementor-widget elementor-widget-image-gallery\" data-id=\"63d978d\" data-element_type=\"widget\" data-e-type=\"widget\" data-widget_type=\"image-gallery.default\">\n\t\t\t\t<div class=\"elementor-widget-container\">\n\t\t\t\t\t\t\t<div class=\"elementor-image-gallery\">\n\t\t\t<div id='gallery-1' class='gallery galleryid-2526 gallery-columns-1 gallery-size-medium_large'><figure class='gallery-item'>\n\t\t\t<div class='gallery-icon landscape'>\n\t\t\t\t<img fetchpriority=\"high\" decoding=\"async\" width=\"768\" height=\"768\" src=\"https:\/\/puffvapestore.com\/wp-content\/uploads\/2025\/06\/RandM-Tornado-Vape-7000-Pacific-Cooler-pvafrt7000-768x768.jpg\" class=\"attachment-medium_large size-medium_large\" alt=\"Pacific Cooler RandM Tornado Vape 7000\" aria-describedby=\"gallery-1-2280\" srcset=\"https:\/\/puffvapestore.com\/wp-content\/uploads\/2025\/06\/RandM-Tornado-Vape-7000-Pacific-Cooler-pvafrt7000-768x768.jpg 768w, https:\/\/puffvapestore.com\/wp-content\/uploads\/2025\/06\/RandM-Tornado-Vape-7000-Pacific-Cooler-pvafrt7000-300x300.jpg 300w, https:\/\/puffvapestore.com\/wp-content\/uploads\/2025\/06\/RandM-Tornado-Vape-7000-Pacific-Cooler-pvafrt7000-1024x1024.jpg 1024w, https:\/\/puffvapestore.com\/wp-content\/uploads\/2025\/06\/RandM-Tornado-Vape-7000-Pacific-Cooler-pvafrt7000-150x150.jpg 150w, https:\/\/puffvapestore.com\/wp-content\/uploads\/2025\/06\/RandM-Tornado-Vape-7000-Pacific-Cooler-pvafrt7000-600x600.jpg 600w, https:\/\/puffvapestore.com\/wp-content\/uploads\/2025\/06\/RandM-Tornado-Vape-7000-Pacific-Cooler-pvafrt7000-100x100.jpg 100w, https:\/\/puffvapestore.com\/wp-content\/uploads\/2025\/06\/RandM-Tornado-Vape-7000-Pacific-Cooler-pvafrt7000.jpg 1039w\" sizes=\"(max-width: 768px) 100vw, 768px\" \/>\n\t\t\t<\/div>\n\t\t\t\t<figcaption class='wp-caption-text gallery-caption' id='gallery-1-2280'>\n\t\t\t\tPacific Cooler RandM Tornado Vape 7000 \n\t\t\t\t<\/figcaption><\/figure>\n\t\t<\/div>\n\t\t<\/div>\n\t\t\t\t\t\t<\/div>\n\t\t\t\t<\/div>\n\t\t\t\t<\/div>\n\t\t\t\t\t<\/div>\n\t\t\t\t<\/div>\n\t\t<div class=\"elementor-element elementor-element-718b380 e-flex e-con-boxed e-con e-parent\" data-id=\"718b380\" data-element_type=\"container\" data-e-type=\"container\">\n\t\t\t\t\t<div class=\"e-con-inner\">\n\t\t\t\t<div class=\"elementor-element elementor-element-d2cc8fa elementor-widget elementor-widget-text-editor\" data-id=\"d2cc8fa\" data-element_type=\"widget\" data-e-type=\"widget\" data-widget_type=\"text-editor.default\">\n\t\t\t\t<div class=\"elementor-widget-container\">\n\t\t\t\t\t\t\t\t\t<h3>Does the RandM Tornado 7000 Pacific Cooler emit odours or leak?<\/h3><p>RandM Tornado 7000 Pacific Cooler electronic cigarettes are odorless and oil-free in normal use.<\/p><p>The RandM Tornado 7000 Pacific Cooler electronic cigarette adopts a closed, integrated design: components such as the oil tank, battery, mesh resistor and mouthpiece are integrated into a solid shell. Made from high-strength materials and precision-machined, this shell improves not only its structural strength, but also its resistance to leaks. In particular, food-grade materials are used for oil storage, and a multi-layer sealing treatment is applied to effectively prevent oil volatilization, oxidation and leakage.<\/p><p>To prevent oil leaks, the RandM Tornado 7000 Pacific Cooler is fitted with highly elastic, corrosion-resistant rubber seals and pads at various key points, including the connection between the oil reservoir and the atomizer core, the electronic cigarette mouthpiece, and so on. In addition, the lower part of the device is fitted with a silicone plug or sealing sticker, which effectively absorbs external shocks and air pressure variations during transport or storage, and thus prevents oil leaks. The whole electronic cigarette benefits from multiple protections, notably in terms of sealing structure and choice of materials, to guarantee its stability and cleanliness on a daily basis.<\/p><h3>Is the RandM Tornado 7000 Pacific Cooler compatible with automatic inhalation start?<\/h3><p>Yes, the RandM Tornado 7000 Pacific Cooler electronic cigarette is compatible with automatic inhalation activation. This design requires no buttons. Simply inhale and the atomizer automatically lights up, heats the e-liquid and produces smoke. The basic principle is the integration of an air pressure sensor. On inhalation, the flow of air triggers the sensor's signal, which instantly powers the battery and activates the heating element to finalize atomization. This \u00abpneumatic switch\u00bb technology is one of the most common and proven methods of controlling disposable electronic cigarettes.<\/p><p>Automatic inhalation activation technology greatly enhances user comfort and intuitiveness, especially for novice users or those looking for a ready-to-use experience. It simplifies the use of buttons and avoids tedious settings. It's ideal for quick use in the car, during outdoor activities or in hard-to-reach situations. What's more, this feature reduces the risk of accidental contact, improves overall safety and extends the life of the device.<\/p><p>It's worth mentioning that the RandM Tornado 7000 Pacific Cooler's automatic activation system has been optimized to maintain sensitive response and stable triggering even under multiple continuous use, avoiding delayed triggering or trigger failures.<\/p>\t\t\t\t\t\t\t\t<\/div>\n\t\t\t\t<\/div>\n\t\t\t\t\t<\/div>\n\t\t\t\t<\/div>\n\t\t\t\t<\/div>","protected":false},"excerpt":{"rendered":"<p>Saveur\u00a0: Pacific Cooler La saveur de la RandM Tornado 7000 &#8211; Pacific Cooler offre une exp\u00e9rience fra\u00eeche, fruit\u00e9e et rafra\u00eechissante, alliant la vitalit\u00e9 des fruits tropicaux et des agrumes pour une sensation de fra\u00eecheur, comme si vous \u00e9tiez sur la c\u00f4te Pacifique. M\u00e9lange de fruits tropicaux (ananas, mangue, goyave, etc.)\u00a0:Les cigarettes \u00e9lectroniques aromatis\u00e9es Pacific Cooler [&hellip;]<\/p>\n","protected":false},"featured_media":2280,"comment_status":"open","ping_status":"closed","template":"","meta":{"site-sidebar-layout":"no-sidebar","site-content-layout":"page-builder","ast-site-content-layout":"normal-width-container","site-content-style":"default","site-sidebar-style":"default","ast-global-header-display":"","ast-banner-title-visibility":"","ast-main-header-display":"","ast-hfb-above-header-display":"","ast-hfb-below-header-display":"","ast-hfb-mobile-header-display":"","site-post-title":"disabled","ast-breadcrumbs-content":"","ast-featured-img":"disabled","footer-sml-layout":"","ast-disable-related-posts":"","theme-transparent-header-meta":"default","adv-header-id-meta":"","stick-header-meta":"default","header-above-stick-meta":"","header-main-stick-meta":"","header-below-stick-meta":"","astra-migrate-meta-layouts":"set","ast-page-background-enabled":"default","ast-page-background-meta":{"desktop":{"background-color":"","background-image":"","background-repeat":"repeat","background-position":"center center","background-size":"auto","background-attachment":"scroll","background-type":"","background-media":"","overlay-type":"","overlay-color":"","overlay-opacity":"","overlay-gradient":""},"tablet":{"background-color":"","background-image":"","background-repeat":"repeat","background-position":"center center","background-size":"auto","background-attachment":"scroll","background-type":"","background-media":"","overlay-type":"","overlay-color":"","overlay-opacity":"","overlay-gradient":""},"mobile":{"background-color":"","background-image":"","background-repeat":"repeat","background-position":"center center","background-size":"auto","background-attachment":"scroll","background-type":"","background-media":"","overlay-type":"","overlay-color":"","overlay-opacity":"","overlay-gradient":""}},"ast-content-background-meta":{"desktop":{"background-color":"var(--ast-global-color-5)","background-image":"","background-repeat":"repeat","background-position":"center center","background-size":"auto","background-attachment":"scroll","background-type":"","background-media":"","overlay-type":"","overlay-color":"","overlay-opacity":"","overlay-gradient":""},"tablet":{"background-color":"var(--ast-global-color-5)","background-image":"","background-repeat":"repeat","background-position":"center center","background-size":"auto","background-attachment":"scroll","background-type":"","background-media":"","overlay-type":"","overlay-color":"","overlay-opacity":"","overlay-gradient":""},"mobile":{"background-color":"var(--ast-global-color-5)","background-image":"","background-repeat":"repeat","background-position":"center center","background-size":"auto","background-attachment":"scroll","background-type":"","background-media":"","overlay-type":"","overlay-color":"","overlay-opacity":"","overlay-gradient":""}}},"product_brand":[42],"product_cat":[41,94,15],"product_tag":[],"class_list":{"0":"post-2526","1":"product","2":"type-product","3":"status-publish","4":"has-post-thumbnail","6":"product_brand-randm-tornado","7":"product_cat-randm-tornado-7000","8":"product_cat-puff-7k","9":"product_cat-magasin-cigarette-electronique","10":"desktop-align-center","11":"tablet-align-center","12":"mobile-align-center","13":"ast-product-gallery-layout-horizontal","14":"ast-product-gallery-with-no-image","15":"ast-product-single-variable","16":"ast-product-tabs-layout-horizontal","17":"ast-qv-on-image","19":"first","20":"outofstock","21":"sale","22":"shipping-taxable","23":"purchasable","24":"product-type-variable","25":"has-default-attributes"},"tiered_pricing_type":"fixed","tiered_pricing_fixed_rules":{"30":8.58,"60":8.12,"100":7.48,"200":6.98},"tiered_pricing_product_settings":{"layout":"default","base_unit_name":{"singular":null,"plural":null},"default_variation":null},"tiered_pricing_minimum_quantity":null,"tiered_pricing_roles_data":[],"tiered_pricing_percentage_rules":[],"_links":{"self":[{"href":"https:\/\/puffvapestore.com\/en\/wp-json\/wp\/v2\/product\/2526","targetHints":{"allow":["GET"]}}],"collection":[{"href":"https:\/\/puffvapestore.com\/en\/wp-json\/wp\/v2\/product"}],"about":[{"href":"https:\/\/puffvapestore.com\/en\/wp-json\/wp\/v2\/types\/product"}],"replies":[{"embeddable":true,"href":"https:\/\/puffvapestore.com\/en\/wp-json\/wp\/v2\/comments?post=2526"}],"version-history":[{"count":7,"href":"https:\/\/puffvapestore.com\/en\/wp-json\/wp\/v2\/product\/2526\/revisions"}],"predecessor-version":[{"id":3341,"href":"https:\/\/puffvapestore.com\/en\/wp-json\/wp\/v2\/product\/2526\/revisions\/3341"}],"wp:featuredmedia":[{"embeddable":true,"href":"https:\/\/puffvapestore.com\/en\/wp-json\/wp\/v2\/media\/2280"}],"wp:attachment":[{"href":"https:\/\/puffvapestore.com\/en\/wp-json\/wp\/v2\/media?parent=2526"}],"wp:term":[{"taxonomy":"product_brand","embeddable":true,"href":"https:\/\/puffvapestore.com\/en\/wp-json\/wp\/v2\/product_brand?post=2526"},{"taxonomy":"product_cat","embeddable":true,"href":"https:\/\/puffvapestore.com\/en\/wp-json\/wp\/v2\/product_cat?post=2526"},{"taxonomy":"product_tag","embeddable":true,"href":"https:\/\/puffvapestore.com\/en\/wp-json\/wp\/v2\/product_tag?post=2526"}],"curies":[{"name":"wp","href":"https:\/\/api.w.org\/{rel}","templated":true}]}}