{"id":2099,"date":"2025-04-15T15:50:20","date_gmt":"2025-04-15T15:50:20","guid":{"rendered":"https:\/\/puffvapestore.com\/?post_type=product&#038;p=2099"},"modified":"2026-01-19T10:37:33","modified_gmt":"2026-01-19T10:37:33","slug":"watermelon-lychee-puff-jnr-falcon-18k-vape","status":"publish","type":"product","link":"https:\/\/puffvapestore.com\/en\/product\/watermelon-lychee-puff-jnr-falcon-18k-vape\/","title":{"rendered":"Watermelon Lychee Puff JNR Falcon 18k Vape | JNR Falcon X 18000"},"content":{"rendered":"<div data-elementor-type=\"wp-post\" data-elementor-id=\"2099\" class=\"elementor elementor-2099\">\n\t\t\t\t<div class=\"elementor-element elementor-element-cfc1dc8 e-flex e-con-boxed e-con e-parent\" data-id=\"cfc1dc8\" data-element_type=\"container\" data-e-type=\"container\">\n\t\t\t\t\t<div class=\"e-con-inner\">\n\t\t<div class=\"elementor-element elementor-element-da8e3bc e-con-full e-flex e-con e-child\" data-id=\"da8e3bc\" data-element_type=\"container\" data-e-type=\"container\">\n\t\t\t\t<div class=\"elementor-element elementor-element-dcc85c6 elementor-widget__width-initial elementor-widget elementor-widget-text-editor\" data-id=\"dcc85c6\" data-element_type=\"widget\" data-e-type=\"widget\" data-widget_type=\"text-editor.default\">\n\t\t\t\t<div class=\"elementor-widget-container\">\n\t\t\t\t\t\t\t\t\t<h2>Features JNR Falcon 18K Watermelon Lychee:<\/h2><p>Puffs : Up to 18,000 puffs<br \/>Liquid: 24 ml<br \/>Nicotine levels: 0 %, 2 %, 5 %<br \/>Resistance: 0.6 ohm<br \/>Battery capacity: 950 mAh<br \/>Charging: Type-C<br \/>Adjustable airflow: Yes<br \/>Digital display<br \/>Double mesh and double core resistance<br \/>Dimensions: 53.5 x 32 x 121 mm<\/p>\t\t\t\t\t\t\t\t<\/div>\n\t\t\t\t<\/div>\n\t\t\t\t<\/div>\n\t\t<div class=\"elementor-element elementor-element-0d338e0 e-con-full e-flex e-con e-child\" data-id=\"0d338e0\" data-element_type=\"container\" data-e-type=\"container\">\n\t\t\t\t<div class=\"elementor-element elementor-element-344113e elementor-widget elementor-widget-image-gallery\" data-id=\"344113e\" data-element_type=\"widget\" data-e-type=\"widget\" data-widget_type=\"image-gallery.default\">\n\t\t\t\t<div class=\"elementor-widget-container\">\n\t\t\t\t\t\t\t<div class=\"elementor-image-gallery\">\n\t\t\t<div id='gallery-1' class='gallery galleryid-2099 gallery-columns-1 gallery-size-medium_large'><figure class='gallery-item'>\n\t\t\t<div class='gallery-icon portrait'>\n\t\t\t\t<img fetchpriority=\"high\" decoding=\"async\" width=\"654\" height=\"690\" src=\"https:\/\/puffvapestore.com\/wp-content\/uploads\/2025\/04\/pvajf18000-17.jpg\" class=\"attachment-medium_large size-medium_large\" alt=\"JNR Falcon 18000 29 flavors available pvajf18000\" aria-describedby=\"gallery-1-1957\" srcset=\"https:\/\/puffvapestore.com\/wp-content\/uploads\/2025\/04\/pvajf18000-17.jpg 654w, https:\/\/puffvapestore.com\/wp-content\/uploads\/2025\/04\/pvajf18000-17-284x300.jpg 284w, https:\/\/puffvapestore.com\/wp-content\/uploads\/2025\/04\/pvajf18000-17-600x633.jpg 600w\" sizes=\"(max-width: 654px) 100vw, 654px\" \/>\n\t\t\t<\/div>\n\t\t\t\t<figcaption class='wp-caption-text gallery-caption' id='gallery-1-1957'>\n\t\t\t\tJNR Falcon 18000 29 flavors available pvajf18000\n\t\t\t\t<\/figcaption><\/figure>\n\t\t<\/div>\n\t\t<\/div>\n\t\t\t\t\t\t<\/div>\n\t\t\t\t<\/div>\n\t\t\t\t<\/div>\n\t\t\t\t\t<\/div>\n\t\t\t\t<\/div>\n\t\t<div class=\"elementor-element elementor-element-5b68b49 e-flex e-con-boxed e-con e-parent\" data-id=\"5b68b49\" data-element_type=\"container\" data-e-type=\"container\">\n\t\t\t\t\t<div class=\"e-con-inner\">\n\t\t\t\t<div class=\"elementor-element elementor-element-7264117 elementor-widget elementor-widget-n-accordion\" data-id=\"7264117\" data-element_type=\"widget\" data-e-type=\"widget\" data-settings=\"{&quot;default_state&quot;:&quot;expanded&quot;,&quot;max_items_expended&quot;:&quot;one&quot;,&quot;n_accordion_animation_duration&quot;:{&quot;unit&quot;:&quot;ms&quot;,&quot;size&quot;:400,&quot;sizes&quot;:[]}}\" data-widget_type=\"nested-accordion.default\">\n\t\t\t\t<div class=\"elementor-widget-container\">\n\t\t\t\t\t\t\t<div class=\"e-n-accordion\" aria-label=\"Accordion. Open links with Enter or Space, close with Escape, and navigate with Arrow Keys\">\n\t\t\t\t\t\t<details id=\"e-n-accordion-item-1190\" class=\"e-n-accordion-item\" open>\n\t\t\t\t<summary class=\"e-n-accordion-item-title\" data-accordion-index=\"1\" tabindex=\"0\" aria-expanded=\"true\" aria-controls=\"e-n-accordion-item-1190\" >\n\t\t\t\t\t<span class='e-n-accordion-item-title-header'><div class=\"e-n-accordion-item-title-text\"> Features and functions of the JNR Falcon X 18K Watermelon Lychee <\/div><\/span>\n\t\t\t\t\t\t\t<span class='e-n-accordion-item-title-icon'>\n\t\t\t<span class='e-opened' ><svg aria-hidden=\"true\" class=\"e-font-icon-svg e-fas-minus\" viewbox=\"0 0 448 512\" xmlns=\"http:\/\/www.w3.org\/2000\/svg\"><path d=\"M416 208H32c-17.67 0-32 14.33-32 32v32c0 17.67 14.33 32 32 32h384c17.67 0 32-14.33 32-32v-32c0-17.67-14.33-32-32-32z\"><\/path><\/svg><\/span>\n\t\t\t<span class='e-closed'><svg aria-hidden=\"true\" class=\"e-font-icon-svg e-fas-plus\" viewbox=\"0 0 448 512\" xmlns=\"http:\/\/www.w3.org\/2000\/svg\"><path d=\"M416 208H272V64c0-17.67-14.33-32-32-32h-32c-17.67 0-32 14.33-32 32v144H32c-17.67 0-32 14.33-32 32v32c0 17.67 14.33 32 32 32h144v144c0 17.67 14.33 32 32 32h32c17.67 0 32-14.33 32-32V304h144c17.67 0 32-14.33 32-32v-32c0-17.67-14.33-32-32-32z\"><\/path><\/svg><\/span>\n\t\t<\/span>\n\n\t\t\t\t\t\t<\/summary>\n\t\t\t\t<div role=\"region\" aria-labelledby=\"e-n-accordion-item-1190\" class=\"elementor-element elementor-element-385c2c2 e-con-full e-flex e-con e-child\" data-id=\"385c2c2\" data-element_type=\"container\" data-e-type=\"container\">\n\t\t<div role=\"region\" aria-labelledby=\"e-n-accordion-item-1190\" class=\"elementor-element elementor-element-036e65d e-flex e-con-boxed e-con e-child\" data-id=\"036e65d\" data-element_type=\"container\" data-e-type=\"container\">\n\t\t\t\t\t<div class=\"e-con-inner\">\n\t\t\t\t<div class=\"elementor-element elementor-element-f4eeb91 elementor-widget elementor-widget-text-editor\" data-id=\"f4eeb91\" data-element_type=\"widget\" data-e-type=\"widget\" data-widget_type=\"text-editor.default\">\n\t\t\t\t<div class=\"elementor-widget-container\">\n\t\t\t\t\t\t\t\t\t<h2>Large e-liquid capacity for a long-lasting experience<\/h2><p>The JNR Falcon-X 18K electronic cigarette offers up to 18,000 puffs, guaranteeing long-lasting use without frequent device changes. Whether for everyday use or travel, it meets your frequent e-liquid needs, considerably enhancing your comfort and convenience.<\/p><p>Its large 24 ml e-liquid capacity dramatically reduces the need for frequent refills, allowing you to enjoy a rich, smooth experience for long periods. Whether you're an occasional or regular user, its long-lasting design means you don't have to constantly monitor your e-liquid level.<\/p><h2>Several nicotine levels to suit your needs<\/h2><p>The JNR Falcon-X 18K offers three nicotine levels: 0 %, 2 % and 5 %, designed to suit your taste preferences and smoking cessation needs. Whether you prefer the pure taste of zero nicotine or are looking for a moderate nicotine level, you'll easily find the level that's right for you.<\/p><h2>Precise digital display for clear information at a glance<\/h2><p>The JNR Falcon-X 18K features a high-definition digital display showing key data such as battery charge and remaining e-liquid level in real time. This allows users to clearly monitor the status of the device, avoiding the annoying situations of power failure or e-liquid running out. The user experience is enhanced, and device management and maintenance are simplified.<\/p><p>The integrated high-capacity 950 mAh lithium-ion battery enables extended use, while the Type-C quick-charge port makes charging more efficient and convenient. Whether at work, on the move or in everyday life, power output is constant, eliminating the strain of frequent charging.<\/p><h2>Adjustable airflow for a personalized inhalation experience<\/h2><p>The unique airflow adjustment system allows users to adjust the inhalation resistance to suit their preferences. Whether you prefer a firmer or smoother vapor, you can easily adjust the inhalation resistance to achieve the perfect vaping experience for you.<\/p><p>The JNR Falcon-X 18K uses advanced 0.6 ohm dual-mesh, dual-core resistor technology, improving atomization efficiency and vapor density, offering a richer, fuller flavor and smoother inhalation. Each puff is filled with a delicate, smooth smoke, meeting the needs of music lovers.<\/p>\t\t\t\t\t\t\t\t<\/div>\n\t\t\t\t<\/div>\n\t\t\t\t\t<\/div>\n\t\t\t\t<\/div>\n\t\t\t\t<\/div>\n\t\t\t\t\t<\/details>\n\t\t\t\t\t\t<details id=\"e-n-accordion-item-1191\" class=\"e-n-accordion-item\" >\n\t\t\t\t<summary class=\"e-n-accordion-item-title\" data-accordion-index=\"2\" tabindex=\"-1\" aria-expanded=\"false\" aria-controls=\"e-n-accordion-item-1191\" >\n\t\t\t\t\t<span class='e-n-accordion-item-title-header'><div class=\"e-n-accordion-item-title-text\"> Watermelon Lychee Puff JNR Falcon X 18K <\/div><\/span>\n\t\t\t\t\t\t\t<span class='e-n-accordion-item-title-icon'>\n\t\t\t<span class='e-opened' ><svg aria-hidden=\"true\" class=\"e-font-icon-svg e-fas-minus\" viewbox=\"0 0 448 512\" xmlns=\"http:\/\/www.w3.org\/2000\/svg\"><path d=\"M416 208H32c-17.67 0-32 14.33-32 32v32c0 17.67 14.33 32 32 32h384c17.67 0 32-14.33 32-32v-32c0-17.67-14.33-32-32-32z\"><\/path><\/svg><\/span>\n\t\t\t<span class='e-closed'><svg aria-hidden=\"true\" class=\"e-font-icon-svg e-fas-plus\" viewbox=\"0 0 448 512\" xmlns=\"http:\/\/www.w3.org\/2000\/svg\"><path d=\"M416 208H272V64c0-17.67-14.33-32-32-32h-32c-17.67 0-32 14.33-32 32v144H32c-17.67 0-32 14.33-32 32v32c0 17.67 14.33 32 32 32h144v144c0 17.67 14.33 32 32 32h32c17.67 0 32-14.33 32-32V304h144c17.67 0 32-14.33 32-32v-32c0-17.67-14.33-32-32-32z\"><\/path><\/svg><\/span>\n\t\t<\/span>\n\n\t\t\t\t\t\t<\/summary>\n\t\t\t\t<div role=\"region\" aria-labelledby=\"e-n-accordion-item-1191\" class=\"elementor-element elementor-element-aaac0cb e-con-full e-flex e-con e-child\" data-id=\"aaac0cb\" data-element_type=\"container\" data-e-type=\"container\">\n\t\t<div role=\"region\" aria-labelledby=\"e-n-accordion-item-1191\" class=\"elementor-element elementor-element-490ed75 e-flex e-con-boxed e-con e-child\" data-id=\"490ed75\" data-element_type=\"container\" data-e-type=\"container\">\n\t\t\t\t\t<div class=\"e-con-inner\">\n\t\t\t\t<div class=\"elementor-element elementor-element-55fd5fa elementor-widget elementor-widget-text-editor\" data-id=\"55fd5fa\" data-element_type=\"widget\" data-e-type=\"widget\" data-widget_type=\"text-editor.default\">\n\t\t\t\t<div class=\"elementor-widget-container\">\n\t\t\t\t\t\t\t\t\t<p>After a horseback ride through the French countryside, there's nothing like sitting on the terrace and lighting up a JNR Falcon X 18000 watermelon and lychee-flavored vape. This e-cigarette isn't just a product, it's an experience, a comfort after a tiring ride.<\/p><p>The combination of watermelon and lychee sounds strange, but once you've tried it, you'll be won over. The refreshing sensation of watermelon instantly invades the mouth, followed by the sweet scent of lychee dancing on the tip of the tongue. This flavor is particularly refreshing when you return from a walk, and the nicotine content of 2 % relaxes you without being too strong.<\/p>\t\t\t\t\t\t\t\t<\/div>\n\t\t\t\t<\/div>\n\t\t<div role=\"region\" aria-labelledby=\"e-n-accordion-item-1191\" class=\"elementor-element elementor-element-3c1fb34 e-con-full e-flex e-con e-child\" data-id=\"3c1fb34\" data-element_type=\"container\" data-e-type=\"container\">\n\t\t<div role=\"region\" aria-labelledby=\"e-n-accordion-item-1191\" class=\"elementor-element elementor-element-2b9d469 e-con-full e-flex e-con e-child\" data-id=\"2b9d469\" data-element_type=\"container\" data-e-type=\"container\">\n\t\t\t\t<div class=\"elementor-element elementor-element-aa46266 elementor-widget elementor-widget-image-gallery\" data-id=\"aa46266\" data-element_type=\"widget\" data-e-type=\"widget\" data-widget_type=\"image-gallery.default\">\n\t\t\t\t<div class=\"elementor-widget-container\">\n\t\t\t\t\t\t\t<div class=\"elementor-image-gallery\">\n\t\t\t<div id='gallery-1' class='gallery galleryid-2099 gallery-columns-1 gallery-size-medium_large'><figure class='gallery-item'>\n\t\t\t<div class='gallery-icon portrait'>\n\t\t\t\t<img fetchpriority=\"high\" decoding=\"async\" width=\"654\" height=\"690\" src=\"https:\/\/puffvapestore.com\/wp-content\/uploads\/2025\/04\/pvajf18000-17.jpg\" class=\"attachment-medium_large size-medium_large\" alt=\"JNR Falcon 18000 29 flavors available pvajf18000\" aria-describedby=\"gallery-1-1957\" srcset=\"https:\/\/puffvapestore.com\/wp-content\/uploads\/2025\/04\/pvajf18000-17.jpg 654w, https:\/\/puffvapestore.com\/wp-content\/uploads\/2025\/04\/pvajf18000-17-284x300.jpg 284w, https:\/\/puffvapestore.com\/wp-content\/uploads\/2025\/04\/pvajf18000-17-600x633.jpg 600w\" sizes=\"(max-width: 654px) 100vw, 654px\" \/>\n\t\t\t<\/div>\n\t\t\t\t<figcaption class='wp-caption-text gallery-caption' id='gallery-1-1957'>\n\t\t\t\tJNR Falcon 18000 29 flavors available pvajf18000\n\t\t\t\t<\/figcaption><\/figure>\n\t\t<\/div>\n\t\t<\/div>\n\t\t\t\t\t\t<\/div>\n\t\t\t\t<\/div>\n\t\t\t\t<\/div>\n\t\t<div role=\"region\" aria-labelledby=\"e-n-accordion-item-1191\" class=\"elementor-element elementor-element-d5f00b5 e-con-full e-flex e-con e-child\" data-id=\"d5f00b5\" data-element_type=\"container\" data-e-type=\"container\">\n\t\t\t\t<div class=\"elementor-element elementor-element-b3c274b elementor-widget__width-initial elementor-widget elementor-widget-text-editor\" data-id=\"b3c274b\" data-element_type=\"widget\" data-e-type=\"widget\" data-widget_type=\"text-editor.default\">\n\t\t\t\t<div class=\"elementor-widget-container\">\n\t\t\t\t\t\t\t\t\t<p>The JNR Falcon X 18000's technology is truly impressive. Its dual-mesh coil and dual-core technology (0.6 \u03a9) deliver perfect flavors every time. After a day on the bike, you'll appreciate its 950 mAh battery and Type C charging port: you won't have to worry about running out of battery while on vacation in the countryside. Its 24 ml capacity means you can use it over and over again, up to 18,000 puffs, enough for an entire vacation.<\/p><p>The adjustable airflow is one of my favorite features. Sometimes I like to breathe gently after a walk; other times, I need a more intense experience. The LED display is also very handy, letting me know how much energy is left and how many times I've used it.<\/p>\t\t\t\t\t\t\t\t<\/div>\n\t\t\t\t<\/div>\n\t\t\t\t<\/div>\n\t\t\t\t<\/div>\n\t\t<div role=\"region\" aria-labelledby=\"e-n-accordion-item-1191\" class=\"elementor-element elementor-element-7926c6b e-con-full e-flex e-con e-child\" data-id=\"7926c6b\" data-element_type=\"container\" data-e-type=\"container\">\n\t\t\t\t<div class=\"elementor-element elementor-element-2b41948 elementor-widget elementor-widget-text-editor\" data-id=\"2b41948\" data-element_type=\"widget\" data-e-type=\"widget\" data-widget_type=\"text-editor.default\">\n\t\t\t\t<div class=\"elementor-widget-container\">\n\t\t\t\t\t\t\t\t\t<p>At the end of the ride, when the horse is resting, take out this compact device measuring 53.5\u00d732\u00d7121mm, inhale a puff of watermelon and lychee-flavored electronic cigarette and feel the breath of the summer orchard. It's another way to enjoy life in the French countryside.<\/p><p>Whether you're watching the sun set in Provence or beside the vineyards of the Loire Valley, JNR Falcon X 18000 Watermelon Lychee flavour is the perfect choice for unwinding and relaxing after a walk.<\/p>\t\t\t\t\t\t\t\t<\/div>\n\t\t\t\t<\/div>\n\t\t\t\t<\/div>\n\t\t\t\t\t<\/div>\n\t\t\t\t<\/div>\n\t\t\t\t<\/div>\n\t\t\t\t\t<\/details>\n\t\t\t\t\t<\/div>\n\t\t\t\t\t\t<\/div>\n\t\t\t\t<\/div>\n\t\t\t\t\t<\/div>\n\t\t\t\t<\/div>\n\t\t\t\t<\/div>","protected":false},"excerpt":{"rendered":"<p>Caract\u00e9ristiques du JNR Falcon 18K Watermelon Lychee: Bouff\u00e9es : Jusqu\u2019\u00e0 18000 bouff\u00e9es Liquide : 24 ml Taux de nicotine : 0 %, 2 %, 5 % R\u00e9sistance : 0.6 ohm Capacit\u00e9 de la batterie : 950 mAh Chargement : Type-C D\u00e9bit d\u2019air r\u00e9glable : Oui Affichage num\u00e9rique R\u00e9sistance double maille et double c\u0153ur Dimensions : [&hellip;]<\/p>\n","protected":false},"featured_media":1957,"comment_status":"open","ping_status":"closed","template":"","meta":{"site-sidebar-layout":"no-sidebar","site-content-layout":"page-builder","ast-site-content-layout":"normal-width-container","site-content-style":"default","site-sidebar-style":"default","ast-global-header-display":"","ast-banner-title-visibility":"","ast-main-header-display":"","ast-hfb-above-header-display":"","ast-hfb-below-header-display":"","ast-hfb-mobile-header-display":"","site-post-title":"disabled","ast-breadcrumbs-content":"","ast-featured-img":"disabled","footer-sml-layout":"","ast-disable-related-posts":"","theme-transparent-header-meta":"default","adv-header-id-meta":"","stick-header-meta":"default","header-above-stick-meta":"","header-main-stick-meta":"","header-below-stick-meta":"","astra-migrate-meta-layouts":"set","ast-page-background-enabled":"default","ast-page-background-meta":{"desktop":{"background-color":"","background-image":"","background-repeat":"repeat","background-position":"center center","background-size":"auto","background-attachment":"scroll","background-type":"","background-media":"","overlay-type":"","overlay-color":"","overlay-opacity":"","overlay-gradient":""},"tablet":{"background-color":"","background-image":"","background-repeat":"repeat","background-position":"center center","background-size":"auto","background-attachment":"scroll","background-type":"","background-media":"","overlay-type":"","overlay-color":"","overlay-opacity":"","overlay-gradient":""},"mobile":{"background-color":"","background-image":"","background-repeat":"repeat","background-position":"center center","background-size":"auto","background-attachment":"scroll","background-type":"","background-media":"","overlay-type":"","overlay-color":"","overlay-opacity":"","overlay-gradient":""}},"ast-content-background-meta":{"desktop":{"background-color":"var(--ast-global-color-5)","background-image":"","background-repeat":"repeat","background-position":"center center","background-size":"auto","background-attachment":"scroll","background-type":"","background-media":"","overlay-type":"","overlay-color":"","overlay-opacity":"","overlay-gradient":""},"tablet":{"background-color":"var(--ast-global-color-5)","background-image":"","background-repeat":"repeat","background-position":"center center","background-size":"auto","background-attachment":"scroll","background-type":"","background-media":"","overlay-type":"","overlay-color":"","overlay-opacity":"","overlay-gradient":""},"mobile":{"background-color":"var(--ast-global-color-5)","background-image":"","background-repeat":"repeat","background-position":"center center","background-size":"auto","background-attachment":"scroll","background-type":"","background-media":"","overlay-type":"","overlay-color":"","overlay-opacity":"","overlay-gradient":""}}},"product_brand":[30],"product_cat":[40,84,77,34,35,31],"product_tag":[],"class_list":{"0":"post-2099","1":"product","2":"type-product","3":"status-publish","4":"has-post-thumbnail","6":"product_brand-jnr","7":"product_cat-jnr-18k","8":"product_cat-puff-18k","9":"product_cat-entrepot-de-lue","10":"product_cat-puff-jnr","11":"product_cat-jnr-vape","12":"product_cat-jnr-falcon","13":"desktop-align-center","14":"tablet-align-center","15":"mobile-align-center","16":"ast-product-gallery-layout-horizontal","17":"ast-product-gallery-with-no-image","18":"ast-product-single-variable","19":"ast-product-tabs-layout-horizontal","20":"ast-qv-on-image","22":"first","23":"instock","24":"sale","25":"shipping-taxable","26":"purchasable","27":"product-type-variable","28":"has-default-attributes"},"tiered_pricing_type":"fixed","tiered_pricing_fixed_rules":{"30":10.08,"60":9.28,"100":8.13,"200":7.48,"500":7.28,"1000":6.98},"tiered_pricing_product_settings":{"layout":"default","base_unit_name":{"singular":null,"plural":null},"default_variation":null},"tiered_pricing_minimum_quantity":null,"tiered_pricing_roles_data":[],"tiered_pricing_percentage_rules":[],"_links":{"self":[{"href":"https:\/\/puffvapestore.com\/en\/wp-json\/wp\/v2\/product\/2099","targetHints":{"allow":["GET"]}}],"collection":[{"href":"https:\/\/puffvapestore.com\/en\/wp-json\/wp\/v2\/product"}],"about":[{"href":"https:\/\/puffvapestore.com\/en\/wp-json\/wp\/v2\/types\/product"}],"replies":[{"embeddable":true,"href":"https:\/\/puffvapestore.com\/en\/wp-json\/wp\/v2\/comments?post=2099"}],"version-history":[{"count":24,"href":"https:\/\/puffvapestore.com\/en\/wp-json\/wp\/v2\/product\/2099\/revisions"}],"predecessor-version":[{"id":13623,"href":"https:\/\/puffvapestore.com\/en\/wp-json\/wp\/v2\/product\/2099\/revisions\/13623"}],"wp:featuredmedia":[{"embeddable":true,"href":"https:\/\/puffvapestore.com\/en\/wp-json\/wp\/v2\/media\/1957"}],"wp:attachment":[{"href":"https:\/\/puffvapestore.com\/en\/wp-json\/wp\/v2\/media?parent=2099"}],"wp:term":[{"taxonomy":"product_brand","embeddable":true,"href":"https:\/\/puffvapestore.com\/en\/wp-json\/wp\/v2\/product_brand?post=2099"},{"taxonomy":"product_cat","embeddable":true,"href":"https:\/\/puffvapestore.com\/en\/wp-json\/wp\/v2\/product_cat?post=2099"},{"taxonomy":"product_tag","embeddable":true,"href":"https:\/\/puffvapestore.com\/en\/wp-json\/wp\/v2\/product_tag?post=2099"}],"curies":[{"name":"wp","href":"https:\/\/api.w.org\/{rel}","templated":true}]}}