{"id":1660,"date":"2025-03-22T03:45:28","date_gmt":"2025-03-22T03:45:28","guid":{"rendered":"https:\/\/puffvapestore.com\/?post_type=product&#038;p=1660"},"modified":"2026-04-20T11:08:16","modified_gmt":"2026-04-20T11:08:16","slug":"jnr-falcon-16k-watermelon-mango-peach","status":"publish","type":"product","link":"https:\/\/puffvapestore.com\/en\/product\/jnr-falcon-16k-watermelon-mango-peach\/","title":{"rendered":"JNR Falcon 16K Watermelon Mango Peach"},"content":{"rendered":"<div data-elementor-type=\"wp-post\" data-elementor-id=\"1660\" class=\"elementor elementor-1660\">\n\t\t\t\t<div class=\"elementor-element elementor-element-824a998 e-flex e-con-boxed e-con e-parent\" data-id=\"824a998\" data-element_type=\"container\" data-e-type=\"container\">\n\t\t\t\t\t<div class=\"e-con-inner\">\n\t\t\t\t<div class=\"elementor-element elementor-element-55fd5fa elementor-widget elementor-widget-text-editor\" data-id=\"55fd5fa\" data-element_type=\"widget\" data-e-type=\"widget\" data-widget_type=\"text-editor.default\">\n\t\t\t\t<div class=\"elementor-widget-container\">\n\t\t\t\t\t\t\t\t\t<h2>JNR Falcon 16K Watermelon Mango Peach<\/h2><p>If summer in France has a taste, it must be the freshness of watermelon, the sweetness of mango and the creaminess of peach. The combination of these three elements is like a vacation on the C\u00f4te d'Azur: relaxing, sunny and full of energy. The JNR Falcon 16K Watermelon Mango Peach puts it all in your pocket. Every puff of smoke is a perfect reproduction of a French summer.<\/p><h3>Imagine...<\/h3><p>You're sitting on the banks of the Seine in Paris, with the breeze blowing in your face. You take a whiff of JNR Falcon 16K Watermelon Mango Peach. The freshness of the watermelon first jumps to the tip of your tongue, like the flesh of the fruit that hasn't yet dried with the morning dew. Then, the passionate, unbridled mango hits you, reminding you of golden orchards under the southern French sun. Finally, the soft peach finish is like a lazy afternoon dessert in Provence, sweet and lingering.<\/p>\t\t\t\t\t\t\t\t<\/div>\n\t\t\t\t<\/div>\n\t\t\t\t\t<\/div>\n\t\t\t\t<\/div>\n\t\t<div class=\"elementor-element elementor-element-942ccb0 e-flex e-con-boxed e-con e-parent\" data-id=\"942ccb0\" data-element_type=\"container\" data-e-type=\"container\">\n\t\t\t\t\t<div class=\"e-con-inner\">\n\t\t<div class=\"elementor-element elementor-element-577deeb e-con-full e-flex e-con e-child\" data-id=\"577deeb\" data-element_type=\"container\" data-e-type=\"container\">\n\t\t\t\t<div class=\"elementor-element elementor-element-5d167cf elementor-widget elementor-widget-text-editor\" data-id=\"5d167cf\" data-element_type=\"widget\" data-e-type=\"widget\" data-widget_type=\"text-editor.default\">\n\t\t\t\t<div class=\"elementor-widget-container\">\n\t\t\t\t\t\t\t\t\t<h2>Details of JNR Falcon 16000<\/h2><p>Puffs : Up to 16,000 puffs<br \/>Liquid: 22 ml<br \/>Nicotine levels: 0 %, 2 %, 5 %<br \/>Resistance: 1.0 ohm<br \/>Battery capacity: 850 mAh<br \/>Charging: Type-C<br \/>Double mesh and double core resistance<br \/>Dimensions: 53.5 x 32 x 110 mm<\/p>\t\t\t\t\t\t\t\t<\/div>\n\t\t\t\t<\/div>\n\t\t\t\t<\/div>\n\t\t<div class=\"elementor-element elementor-element-d5e4b56 e-con-full e-flex e-con e-child\" data-id=\"d5e4b56\" data-element_type=\"container\" data-e-type=\"container\">\n\t\t\t\t<div class=\"elementor-element elementor-element-381dfcb elementor-widget elementor-widget-image-gallery\" data-id=\"381dfcb\" data-element_type=\"widget\" data-e-type=\"widget\" data-widget_type=\"image-gallery.default\">\n\t\t\t\t<div class=\"elementor-widget-container\">\n\t\t\t\t\t\t\t<div class=\"elementor-image-gallery\">\n\t\t\t<div id='gallery-1' class='gallery galleryid-1660 gallery-columns-1 gallery-size-medium_large'><figure class='gallery-item'>\n\t\t\t<div class='gallery-icon portrait'>\n\t\t\t\t<img fetchpriority=\"high\" decoding=\"async\" width=\"654\" height=\"690\" src=\"https:\/\/puffvapestore.com\/wp-content\/uploads\/2025\/03\/pvajf16000-2.jpg\" class=\"attachment-medium_large size-medium_large\" alt=\"JNR Falcon 16K Watermelon Mango Peach\" aria-describedby=\"gallery-1-1549\" srcset=\"https:\/\/puffvapestore.com\/wp-content\/uploads\/2025\/03\/pvajf16000-2.jpg 654w, https:\/\/puffvapestore.com\/wp-content\/uploads\/2025\/03\/pvajf16000-2-284x300.jpg 284w, https:\/\/puffvapestore.com\/wp-content\/uploads\/2025\/03\/pvajf16000-2-600x633.jpg 600w\" sizes=\"(max-width: 654px) 100vw, 654px\" \/>\n\t\t\t<\/div>\n\t\t\t\t<figcaption class='wp-caption-text gallery-caption' id='gallery-1-1549'>\n\t\t\t\tpvajf16000 2\n\t\t\t\t<\/figcaption><\/figure>\n\t\t<\/div>\n\t\t<\/div>\n\t\t\t\t\t\t<\/div>\n\t\t\t\t<\/div>\n\t\t\t\t<\/div>\n\t\t\t\t\t<\/div>\n\t\t\t\t<\/div>\n\t\t<div class=\"elementor-element elementor-element-7926c6b e-flex e-con-boxed e-con e-parent\" data-id=\"7926c6b\" data-element_type=\"container\" data-e-type=\"container\">\n\t\t\t\t\t<div class=\"e-con-inner\">\n\t\t\t\t<div class=\"elementor-element elementor-element-2b41948 elementor-widget elementor-widget-text-editor\" data-id=\"2b41948\" data-element_type=\"widget\" data-e-type=\"widget\" data-widget_type=\"text-editor.default\">\n\t\t\t\t<div class=\"elementor-widget-container\">\n\t\t\t\t\t\t\t\t\t<h2>What makes this flavor so special?<\/h2><p>In France, it's all about balance, whether it's food, wine or the taste of electronic cigarettes. Watermelon Mango Peach is not just a simple fruit platter, but a carefully crafted symphony of tastes:<\/p><ul><li>Watermelon adds freshness without being too sweet and quenches thirst perfectly; ;<\/li><li>Mango adds tropical flavor and instantly warms the taste buds;<\/li><li>Peach is the finishing touch, soft and delicate, like a touch of French elegance.<\/li><\/ul><h3>JNR Falcon 16K, not just taste, but also attitude<\/h3><p>The large 22 ml capacity is enough to see you through a long summer; ; <strong>16,000 puffs of smoking experience<\/strong>, No need to worry about finishing too quickly; rechargeable battery + dual Type-C and Lightning charging ports keep you in top condition anytime, anywhere. Not to mention the smooth smoke provided by dual mesh coils, every inhalation of the <strong>electronic cigarette JNR Falcon 16K Watermelon Mango Peach<\/strong> is like enjoying a perfectly blended cocktail - rich, smooth and memorable.<\/p><p>In France, the art of living is a matter of details, and JNR Falcon 16K Watermelon Mango Peach is the \u00abstar dessert\u00bb in the world of electronic cigarettes - every puff is worth savoring.<\/p>\t\t\t\t\t\t\t\t<\/div>\n\t\t\t\t<\/div>\n\t\t\t\t\t<\/div>\n\t\t\t\t<\/div>\n\t\t\t\t<\/div>","protected":false},"excerpt":{"rendered":"<p>JNR Falcon 16K Watermelon Mango Peach Si l\u2019\u00e9t\u00e9 en France a un go\u00fbt, ce doit \u00eatre la fra\u00eecheur de la past\u00e8que, la douceur de la mangue et l\u2019onctuosit\u00e9 de la p\u00eache. La combinaison de ces trois \u00e9l\u00e9ments est comme des vacances sur la C\u00f4te d&rsquo;Azur : relaxantes, ensoleill\u00e9es et pleines d&rsquo;\u00e9nergie. Le JNR Falcon 16K [&hellip;]<\/p>\n","protected":false},"featured_media":1549,"comment_status":"open","ping_status":"closed","template":"","meta":{"site-sidebar-layout":"no-sidebar","site-content-layout":"page-builder","ast-site-content-layout":"normal-width-container","site-content-style":"default","site-sidebar-style":"default","ast-global-header-display":"","ast-banner-title-visibility":"","ast-main-header-display":"","ast-hfb-above-header-display":"","ast-hfb-below-header-display":"","ast-hfb-mobile-header-display":"","site-post-title":"disabled","ast-breadcrumbs-content":"","ast-featured-img":"disabled","footer-sml-layout":"","ast-disable-related-posts":"","theme-transparent-header-meta":"default","adv-header-id-meta":"","stick-header-meta":"default","header-above-stick-meta":"","header-main-stick-meta":"","header-below-stick-meta":"","astra-migrate-meta-layouts":"set","ast-page-background-enabled":"default","ast-page-background-meta":{"desktop":{"background-color":"","background-image":"","background-repeat":"repeat","background-position":"center center","background-size":"auto","background-attachment":"scroll","background-type":"","background-media":"","overlay-type":"","overlay-color":"","overlay-opacity":"","overlay-gradient":""},"tablet":{"background-color":"","background-image":"","background-repeat":"repeat","background-position":"center center","background-size":"auto","background-attachment":"scroll","background-type":"","background-media":"","overlay-type":"","overlay-color":"","overlay-opacity":"","overlay-gradient":""},"mobile":{"background-color":"","background-image":"","background-repeat":"repeat","background-position":"center center","background-size":"auto","background-attachment":"scroll","background-type":"","background-media":"","overlay-type":"","overlay-color":"","overlay-opacity":"","overlay-gradient":""}},"ast-content-background-meta":{"desktop":{"background-color":"var(--ast-global-color-5)","background-image":"","background-repeat":"repeat","background-position":"center center","background-size":"auto","background-attachment":"scroll","background-type":"","background-media":"","overlay-type":"","overlay-color":"","overlay-opacity":"","overlay-gradient":""},"tablet":{"background-color":"var(--ast-global-color-5)","background-image":"","background-repeat":"repeat","background-position":"center center","background-size":"auto","background-attachment":"scroll","background-type":"","background-media":"","overlay-type":"","overlay-color":"","overlay-opacity":"","overlay-gradient":""},"mobile":{"background-color":"var(--ast-global-color-5)","background-image":"","background-repeat":"repeat","background-position":"center center","background-size":"auto","background-attachment":"scroll","background-type":"","background-media":"","overlay-type":"","overlay-color":"","overlay-opacity":"","overlay-gradient":""}}},"product_brand":[30],"product_cat":[36,81,77,34,35,32,15],"product_tag":[],"class_list":{"0":"post-1660","1":"product","2":"type-product","3":"status-publish","4":"has-post-thumbnail","6":"product_brand-jnr","7":"product_cat-jnr-16k","8":"product_cat-puff-16k","9":"product_cat-entrepot-de-lue","10":"product_cat-puff-jnr","11":"product_cat-jnr-vape","12":"product_cat-puff-jnr-16k","13":"product_cat-magasin-cigarette-electronique","14":"desktop-align-center","15":"tablet-align-center","16":"mobile-align-center","17":"ast-product-gallery-layout-horizontal","18":"ast-product-gallery-with-no-image","19":"ast-product-single-variable","20":"ast-product-tabs-layout-horizontal","21":"ast-qv-on-image","23":"first","24":"instock","25":"sale","26":"shipping-taxable","27":"purchasable","28":"product-type-variable","29":"has-default-attributes"},"tiered_pricing_type":"fixed","tiered_pricing_fixed_rules":{"30":9.88,"60":9.26,"100":8.06,"200":7.38,"500":6.98,"1000":6.8},"tiered_pricing_product_settings":{"layout":"default","base_unit_name":{"singular":null,"plural":null},"default_variation":null},"tiered_pricing_minimum_quantity":null,"tiered_pricing_roles_data":[],"tiered_pricing_percentage_rules":[],"_links":{"self":[{"href":"https:\/\/puffvapestore.com\/en\/wp-json\/wp\/v2\/product\/1660","targetHints":{"allow":["GET"]}}],"collection":[{"href":"https:\/\/puffvapestore.com\/en\/wp-json\/wp\/v2\/product"}],"about":[{"href":"https:\/\/puffvapestore.com\/en\/wp-json\/wp\/v2\/types\/product"}],"replies":[{"embeddable":true,"href":"https:\/\/puffvapestore.com\/en\/wp-json\/wp\/v2\/comments?post=1660"}],"version-history":[{"count":14,"href":"https:\/\/puffvapestore.com\/en\/wp-json\/wp\/v2\/product\/1660\/revisions"}],"predecessor-version":[{"id":17767,"href":"https:\/\/puffvapestore.com\/en\/wp-json\/wp\/v2\/product\/1660\/revisions\/17767"}],"wp:featuredmedia":[{"embeddable":true,"href":"https:\/\/puffvapestore.com\/en\/wp-json\/wp\/v2\/media\/1549"}],"wp:attachment":[{"href":"https:\/\/puffvapestore.com\/en\/wp-json\/wp\/v2\/media?parent=1660"}],"wp:term":[{"taxonomy":"product_brand","embeddable":true,"href":"https:\/\/puffvapestore.com\/en\/wp-json\/wp\/v2\/product_brand?post=1660"},{"taxonomy":"product_cat","embeddable":true,"href":"https:\/\/puffvapestore.com\/en\/wp-json\/wp\/v2\/product_cat?post=1660"},{"taxonomy":"product_tag","embeddable":true,"href":"https:\/\/puffvapestore.com\/en\/wp-json\/wp\/v2\/product_tag?post=1660"}],"curies":[{"name":"wp","href":"https:\/\/api.w.org\/{rel}","templated":true}]}}