{"id":14030,"date":"2026-01-20T01:25:38","date_gmt":"2026-01-20T01:25:38","guid":{"rendered":"https:\/\/puffvapestore.com\/?post_type=product&#038;p=14030"},"modified":"2026-01-20T06:56:44","modified_gmt":"2026-01-20T06:56:44","slug":"elf-bar-600-est-equipee-dune-batterie-integree-de-550mah","status":"publish","type":"product","link":"https:\/\/puffvapestore.com\/en\/product\/elf-bar-600-is-equipped-with-an-integrated-550mah-battery\/","title":{"rendered":"The Elf Bar 600 electronic cigarette is equipped with an integrated 550 mAh battery and 2 ml of e-liquid, offering 600 puffs."},"content":{"rendered":"<div data-elementor-type=\"wp-post\" data-elementor-id=\"14030\" class=\"elementor elementor-14030\">\n\t\t\t\t<div class=\"elementor-element elementor-element-261636b e-flex e-con-boxed e-con e-parent\" data-id=\"261636b\" data-element_type=\"container\" data-e-type=\"container\">\n\t\t\t\t\t<div class=\"e-con-inner\">\n\t\t<div class=\"elementor-element elementor-element-8265c3c e-con-full e-flex e-con e-child\" data-id=\"8265c3c\" data-element_type=\"container\" data-e-type=\"container\">\n\t\t\t\t<div class=\"elementor-element elementor-element-2d0a3fa uael-faq-box-layout-yes align-at-left elementor-widget elementor-widget-uael-faq\" data-id=\"2d0a3fa\" data-element_type=\"widget\" data-e-type=\"widget\" data-widget_type=\"uael-faq.default\">\n\t\t\t\t<div class=\"elementor-widget-container\">\n\t\t\t\t\t\n\t\t\t<div id='uael-faq-wrapper-472' class=\"uael-faq-wrapper\">\n\t\t\t\t<div class=\"uael-faq-container uael-faq-layout-accordion\" data-layout=\"accordion\" >\n\t\t\t\t\t\t\t\t\t\t\t\t<div id=\"uael-accordion-2855c07\" class=\"uael-faq-accordion\" role=\"tablist\">\n\t\t\t\t\t\t\t\t<div class= \"uael-accordion-title\" aria-expanded=\"false\" role=\"tab\">\n\t\t\t\t\t\t\t\t\t<span class=\"uael-accordion-icon uael-accordion-icon-left\">\n\t\t\t\t\t\t\t\t\t\t<span class=\"uael-accordion-icon-closed\"><svg class=\"e-font-icon-svg e-fas-angle-right\" viewbox=\"0 0 256 512\" xmlns=\"http:\/\/www.w3.org\/2000\/svg\"><path d=\"M224.3 273l-136 136c-9.4 9.4-24.6 9.4-33.9 0l-22.6-22.6c-9.4-9.4-9.4-24.6 0-33.9l96.4-96.4-96.4-96.4c-9.4-9.4-9.4-24.6 0-33.9L54.3 103c9.4-9.4 24.6-9.4 33.9 0l136 136c9.5 9.4 9.5 24.6.1 34z\"><\/path><\/svg><\/span>\n\t\t\t\t\t\t\t\t\t\t<span class=\"uael-accordion-icon-opened\"><svg class=\"e-font-icon-svg e-fas-angle-up\" viewbox=\"0 0 320 512\" xmlns=\"http:\/\/www.w3.org\/2000\/svg\"><path d=\"M177 159.7l136 136c9.4 9.4 9.4 24.6 0 33.9l-22.6 22.6c-9.4 9.4-24.6 9.4-33.9 0L160 255.9l-96.4 96.4c-9.4 9.4-24.6 9.4-33.9 0L7 329.7c-9.4-9.4-9.4-24.6 0-33.9l136-136c9.4-9.5 24.6-9.5 34-.1z\"><\/path><\/svg><\/span>\n\t\t\t\t\t\t\t\t\t<\/span>\n\t\t\t\t\t\t\t\t\t<span class=\"uael-question-2855c07 uael-question-span\" tabindex=\"0\" id=\"uael-faq-1-69f13e5bb614d\">20 flavours for the Elf Bar 600<\/span>\n\t\t\t\t\t\t\t\t<\/div>\n\t\t\t\t\t\t\t\t<div class=\"uael-accordion-content\" role=\"tabpanel\">\n\t\t\t\t\t\t\t\t\t<span>\n\t\t\t\t\t\t\t\t\t<span><p>The 20 flavors of the Elf Bar 600 electronic cigarette form a complete range of fruity flavors, divided into five main categories: pure fruit, mixed fruit, refreshing, specialty drinks and tobacco desserts. Most flavors (such as\u00ab\u00a0<strong>Apple Peach<\/strong>\u00a0\u00bband \u00ab\u00a0<strong>Grape Mango<\/strong>\u00a0\u00bb) emphasize the sweetness and natural juiciness of the fruit, while blends such as \u00ab\u00a0<strong>Kiwi Passion Fruit Guava<\/strong>\u00a0\u00bband \u00ab\u00a0<strong>Pineapple Peach Mango<\/strong>\u00a0\u00bboffer more complex flavors.<\/p><p>What's more, the range focuses on freshness: about half of the flavours have a distinct icy taste, such as \u00ab\u00a0<strong>Banana Ice<\/strong>\u00a0\u00bb, \u00ab\u00a0<strong>Lychee Ice<\/strong>\u00a0\u00bband \u00ab\u00a0<strong>Strawberry Raspberry Cherry Ice<\/strong>\u00a0\u00bbThis is a wide choice for those who appreciate a refreshingly intense sensation. In addition to fruity flavours, \u00ab\u00a0<strong>Blue Razz Lemonade<\/strong>\u00a0\u00bband \u00ab\u00a0<strong>Pink Lemonade<\/strong>\u00a0\u00bbmimic the fizzy taste of soft drinks.\u00ab\u00a0<strong>Cream Tobacco<\/strong>\u00a0\u00bband \u00ab\u00a0<strong>Strawberry Ice Cream<\/strong>\u00a0\u00bbThey are aimed at those who prefer rich, creamy flavors or traditional tobacco notes, covering a whole range of experiences, from the tangy and refreshing to the rich and creamy.<\/p><h2>Detailed categorization of popular flavors<\/h2><p>Based on market feedback and the originality of the flavors, here is a selection of the most popular flavors among these 20 aromas, classified in detail according to their characteristics:<\/p><h3>1. Popular red fruit flavours and drinks<\/h3><p>These flavors offer a perfect balance of sweet and tart, with a refreshing, beverage-like feel, making them one of Elf Bar's most popular categories.<\/p><h4>\u00abBlue Razz Lemonade\u00bb<\/h4><p><strong>\u00abBlue Razz Lemonade\u00bb<\/strong> is a true bestseller at Elf Bar. It perfectly combines the rich sweetness of blueberries and raspberries with the light acidity and bubbles of lemonade.<\/p><p>Blue Razz Lemonade electronic cigarette offers an explosion of sweet fruity flavors on inhalation, followed by a refreshing citrus finish. The overall taste is comparable to that of a glass of ice-cold blue sparkling water: sweet, but not sickening.<\/p><h4>\u00abBlueberry Sour Raspberry\u00bb<\/h4><p>Ideal for users who enjoy sweet-tart flavours. <strong>\u00abBlueberry Sour Raspberry\u00bb<\/strong> combines the intense sweetness of blueberries with the lively acidity of raspberries.<\/p><p>Compared to lemonade, this drink <strong>\u00abBlueberry Sour Raspberry\u00bb<\/strong> offers a juicier feel and more pronounced acidity, stimulating salivation for a more pleasurable taste experience.<\/p><h4>\u00abPink Lemonade\u00bb<\/h4><p>Visit <strong>\u00abPink Lemonade\u00bb<\/strong> combines the classic flavour of red fruit (strawberry or raspberry) with lemonade, a summer drink par excellence.<\/p><p>Visit <strong>\u00abPink Lemonade\u00bb<\/strong> has a subtle citrus peel aroma and fruity sweetness, offering a refreshing taste that evokes a summer party.<\/p><h3>2. Tropical blends<\/h3><p>These flavors are rich and complex, usually combining three or more fruits for an intense palette.<\/p><h4>\u00abKiwi Passion Fruit Guava\u00bb<\/h4><p><strong>\u00abKiwi Passion Fruit Guava\u00bb<\/strong> A veritable explosion of tropical fruit! The light acidity of Kiwi Passion Fruit Guava and the unctuous sweetness of guava harmonize perfectly.<\/p><p>Every puff from an electronic cigarette <strong>\u00abKiwi Passion Fruit Guava\u00bb<\/strong> offers a unique fruity aromatic profile, with a rich, assertive aroma, making it a preferred choice for lovers of intense fruity flavours.<\/p><h4>\u00abPineapple Peach Mango\u00bb<\/h4><p><strong>\u00abPineapple Peach Mango\u00bb\u00a0<\/strong>A feast of three golden fruits. Pineapple brings a crunchy, sweet and tangy flavor, mango a tropical richness and peach a smooth, juicy touch.<\/p><p>Soft and sunny, with a pronounced sweetness, it's like tasting a tropical fruit juice.<\/p><h3>3. Fresh and Refreshing (Fruits Glac\u00e9s)<\/h3><p>Ideal for users looking for a simple, straightforward taste, with a noticeably refreshing, thirst-quenching sensation.<\/p><h4>\u00abWatermelon\u00bb<\/h4><p><strong>\u00abWatermelon\u00bb<\/strong> An extremely authentic taste of ripe watermelon, usually accompanied by a slight freshness (although the name doesn't contain the word \u00abice\u00bb, the refreshing effect is there).<\/p><p>Like a watermelon fresh from the fridge, it's sweet, juicy and leaves a clean aftertaste, making it an ideal everyday flavor, perfect for vaping all day long.<\/p><h4>\u00abStrawberry Ice\u00bb<\/h4><p><strong>\u00abStrawberry Ice\u00bb<\/strong> The classic sweetness of strawberry combined with a strong minty freshness.<\/p><p>The strawberry flavor is not overly jammy, but rather a refreshing, fruity freshness, combined with an icy sensation in the throat, for a highly stimulating effect.<\/p><h3>4. Rich and creamy<\/h3><p>For those who don't like pure sweet-tart fruity flavors, or those who want to switch from traditional cigarettes to electronic cigarettes.<\/p><h4>\u00abCream Tobacco\u00bb<\/h4><p><strong>\u00abCream Tobacco\u00bb<\/strong> Combines the rich aroma of roasted tobacco with the sweetness of cream.<\/p><p>Visit <strong>\u00abCream Tobacco\u00bb<\/strong> is highly appreciated by long-time smokers. Without the bitterness of traditional tobacco, the cream neutralizes its harshness, leaving a warm, slightly nutty flavor of great sweetness.<\/p><h4>\u00abStrawberry Ice Cream\u00bb<\/h4><p><strong>\u00abStrawberry Ice Cream\u00bb<\/strong>\u00a0A rich vanilla ice cream base, enhanced by the flavour of strawberry pulp.<\/p><p>Inspired by the electronic cigarette <strong>\u00abStrawberry Ice Cream\u00bb<\/strong> offers a distinct milky aroma and silky feel, while on the exhale, the sweetness of strawberries is revealed, providing a sensation as pleasant as tasting dessert.<\/p><\/span>\t\t\t\t\t\t\t\t\t<\/span>\n\t\t\t\t\t\t\t\t<\/div>\n\t\t\t\t\t\t\t<\/div>\n\t\t\t\t\t\t\t\t\t\t\t\t\t\t<div id=\"uael-accordion-9124efe\" class=\"uael-faq-accordion\" role=\"tablist\">\n\t\t\t\t\t\t\t\t<div class= \"uael-accordion-title\" aria-expanded=\"false\" role=\"tab\">\n\t\t\t\t\t\t\t\t\t<span class=\"uael-accordion-icon uael-accordion-icon-left\">\n\t\t\t\t\t\t\t\t\t\t<span class=\"uael-accordion-icon-closed\"><svg class=\"e-font-icon-svg e-fas-angle-right\" viewbox=\"0 0 256 512\" xmlns=\"http:\/\/www.w3.org\/2000\/svg\"><path d=\"M224.3 273l-136 136c-9.4 9.4-24.6 9.4-33.9 0l-22.6-22.6c-9.4-9.4-9.4-24.6 0-33.9l96.4-96.4-96.4-96.4c-9.4-9.4-9.4-24.6 0-33.9L54.3 103c9.4-9.4 24.6-9.4 33.9 0l136 136c9.5 9.4 9.5 24.6.1 34z\"><\/path><\/svg><\/span>\n\t\t\t\t\t\t\t\t\t\t<span class=\"uael-accordion-icon-opened\"><svg class=\"e-font-icon-svg e-fas-angle-up\" viewbox=\"0 0 320 512\" xmlns=\"http:\/\/www.w3.org\/2000\/svg\"><path d=\"M177 159.7l136 136c9.4 9.4 9.4 24.6 0 33.9l-22.6 22.6c-9.4 9.4-24.6 9.4-33.9 0L160 255.9l-96.4 96.4c-9.4 9.4-24.6 9.4-33.9 0L7 329.7c-9.4-9.4-9.4-24.6 0-33.9l136-136c9.4-9.5 24.6-9.5 34-.1z\"><\/path><\/svg><\/span>\n\t\t\t\t\t\t\t\t\t<\/span>\n\t\t\t\t\t\t\t\t\t<span class=\"uael-question-9124efe uael-question-span\" tabindex=\"0\" id=\"uael-faq-2-69f13e5bb62cd\">Detailed specifications, parameters and main features of the Elf Bar 600.<\/span>\n\t\t\t\t\t\t\t\t<\/div>\n\t\t\t\t\t\t\t\t<div class=\"uael-accordion-content\" role=\"tabpanel\">\n\t\t\t\t\t\t\t\t\t<span>\n\t\t\t\t\t\t\t\t\t<span><p>The Elf Bar 600 is a very popular disposable electronic cigarette.<\/p><h2>1. Detailed specifications<\/h2><p><strong>The size of electronic cigarettes:<\/strong><\/p><ul><li>Height: 104 mm<\/li><li>Diameter: 16 mm<\/li><li>Compact, pen-shaped design, easy to carry.<\/li><\/ul><p><strong>Battery capacity :<\/strong><\/p><ul><li>550 mAh<\/li><\/ul><p><strong>E-liquid capacity :<\/strong><\/p><ul><li>2 ml (in compliance with European TPD directive)<\/li><\/ul><p><strong>Nicotine content :<\/strong><\/p><ul><li>20 mg\/ml (2 %): The most common nicotine salt dosage.<\/li><\/ul><p><strong>Number of puffs per electronic cigarette :<\/strong><\/p><ul><li>Each Elf Bar 600 electronic cigarette offers 600 puffs (depending on vaping intensity and frequency).<\/li><\/ul><p><strong>Resistance type :<\/strong><\/p><ul><li>Organic cotton resistor \/ Vertical cotton resistor<\/li><\/ul><p><strong>Main ingredients :<\/strong><\/p><ul><li>Vegetable glycerine (VG), propylene glycol (PG), flavor, nicotine benzoate (nicotine salt).<\/li><li>The VG\/PG ratio is generally 50\/50.<\/li><\/ul><h2>2. Main features<\/h2><h3>Ready to use :<\/h3><p>Pre-filled and pre-loaded, no buttons to push. Automatic activation by inhalation: inhalation through the mouthpiece automatically activates the electronic cigarette.<\/p><h3>Nicotine salt technology :<\/h3><p>Uses an e-liquid with nicotine salts, offering a softer throat sensation and better nicotine absorption than traditional free nicotine.<\/p><h3>Handling and materials :<\/h3><p>The body features a soft-touch matte finish for a comfortable, non-slip grip, with colors to match the flavor.<\/p><h3>Constant output voltage :<\/h3><p>Provides a relatively constant output voltage to ensure the most consistent flavor and vapor production possible, from the first puff to the last.<\/p><h3>LED indicator light :<\/h3><p>An LED on the base lights up on inhalation and flashes to indicate a low battery.<\/p><\/span>\t\t\t\t\t\t\t\t\t<\/span>\n\t\t\t\t\t\t\t\t<\/div>\n\t\t\t\t\t\t\t<\/div>\n\t\t\t\t\t\t\t\t\t\t\t<\/div>\n\t\t\t<\/div>\n\t\t\t\t\t\t\t<\/div>\n\t\t\t\t<\/div>\n\t\t\t\t<div class=\"elementor-element elementor-element-a005a97 elementor-widget elementor-widget-text-editor\" data-id=\"a005a97\" data-element_type=\"widget\" data-e-type=\"widget\" data-widget_type=\"text-editor.default\">\n\t\t\t\t<div class=\"elementor-widget-container\">\n\t\t\t\t\t\t\t\t\t<p><strong>Frequently asked questions about the Elf Bar 600<\/strong><\/p>\t\t\t\t\t\t\t\t<\/div>\n\t\t\t\t<\/div>\n\t\t\t\t<div class=\"elementor-element elementor-element-6d3c478 uael-faq-box-layout-yes align-at-left elementor-widget elementor-widget-uael-faq\" data-id=\"6d3c478\" data-element_type=\"widget\" data-e-type=\"widget\" data-widget_type=\"uael-faq.default\">\n\t\t\t\t<div class=\"elementor-widget-container\">\n\t\t\t\t\t\n\t\t\t<div id='uael-faq-wrapper-114' class=\"uael-faq-wrapper\">\n\t\t\t\t<div class=\"uael-faq-container uael-faq-layout-accordion\" data-layout=\"accordion\" >\n\t\t\t\t\t\t\t\t\t\t\t\t<div id=\"uael-accordion-2855c07\" class=\"uael-faq-accordion\" role=\"tablist\">\n\t\t\t\t\t\t\t\t<div class= \"uael-accordion-title\" aria-expanded=\"false\" role=\"tab\">\n\t\t\t\t\t\t\t\t\t<span class=\"uael-accordion-icon uael-accordion-icon-left\">\n\t\t\t\t\t\t\t\t\t\t<span class=\"uael-accordion-icon-closed\"><svg class=\"e-font-icon-svg e-fas-angle-right\" viewbox=\"0 0 256 512\" xmlns=\"http:\/\/www.w3.org\/2000\/svg\"><path d=\"M224.3 273l-136 136c-9.4 9.4-24.6 9.4-33.9 0l-22.6-22.6c-9.4-9.4-9.4-24.6 0-33.9l96.4-96.4-96.4-96.4c-9.4-9.4-9.4-24.6 0-33.9L54.3 103c9.4-9.4 24.6-9.4 33.9 0l136 136c9.5 9.4 9.5 24.6.1 34z\"><\/path><\/svg><\/span>\n\t\t\t\t\t\t\t\t\t\t<span class=\"uael-accordion-icon-opened\"><svg class=\"e-font-icon-svg e-fas-angle-up\" viewbox=\"0 0 320 512\" xmlns=\"http:\/\/www.w3.org\/2000\/svg\"><path d=\"M177 159.7l136 136c9.4 9.4 9.4 24.6 0 33.9l-22.6 22.6c-9.4 9.4-24.6 9.4-33.9 0L160 255.9l-96.4 96.4c-9.4 9.4-24.6 9.4-33.9 0L7 329.7c-9.4-9.4-9.4-24.6 0-33.9l136-136c9.4-9.5 24.6-9.5 34-.1z\"><\/path><\/svg><\/span>\n\t\t\t\t\t\t\t\t\t<\/span>\n\t\t\t\t\t\t\t\t\t<span class=\"uael-question-2855c07 uael-question-span\" tabindex=\"0\" id=\"uael-faq-1-69f13e5bb64b0\">Are the specifications the same for all flavors of the Elf Bar 600 electronic cigarette?<\/span>\n\t\t\t\t\t\t\t\t<\/div>\n\t\t\t\t\t\t\t\t<div class=\"uael-accordion-content\" role=\"tabpanel\">\n\t\t\t\t\t\t\t\t\t<span>\n\t\t\t\t\t\t\t\t\t<span><p>Rest assured, all flavors in the same generation of Elf Bar 600 electronic cigarettes have the same basic hardware specifications.<\/p><ul><li><strong>Battery capacity :<\/strong> All flavors use the same battery.<\/li><li><strong>E-liquid capacity :<\/strong> 2 ml (in compliance with TPD regulations).<\/li><li><strong>Nicotine content :<\/strong> The nicotine level you have chosen.<\/li><li><strong>Number of puffs :<\/strong> Designed for 600 puffs per electronic cigarette Elf Bar 600.<\/li><\/ul><p>The only difference is in the composition of the e-liquid (i.e. the flavours), but this does not affect the power or durability of the device.<\/p><\/span>\t\t\t\t\t\t\t\t\t<\/span>\n\t\t\t\t\t\t\t\t<\/div>\n\t\t\t\t\t\t\t<\/div>\n\t\t\t\t\t\t\t\t\t\t\t\t\t\t<div id=\"uael-accordion-3869b40\" class=\"uael-faq-accordion\" role=\"tablist\">\n\t\t\t\t\t\t\t\t<div class= \"uael-accordion-title\" aria-expanded=\"false\" role=\"tab\">\n\t\t\t\t\t\t\t\t\t<span class=\"uael-accordion-icon uael-accordion-icon-left\">\n\t\t\t\t\t\t\t\t\t\t<span class=\"uael-accordion-icon-closed\"><svg class=\"e-font-icon-svg e-fas-angle-right\" viewbox=\"0 0 256 512\" xmlns=\"http:\/\/www.w3.org\/2000\/svg\"><path d=\"M224.3 273l-136 136c-9.4 9.4-24.6 9.4-33.9 0l-22.6-22.6c-9.4-9.4-9.4-24.6 0-33.9l96.4-96.4-96.4-96.4c-9.4-9.4-9.4-24.6 0-33.9L54.3 103c9.4-9.4 24.6-9.4 33.9 0l136 136c9.5 9.4 9.5 24.6.1 34z\"><\/path><\/svg><\/span>\n\t\t\t\t\t\t\t\t\t\t<span class=\"uael-accordion-icon-opened\"><svg class=\"e-font-icon-svg e-fas-angle-up\" viewbox=\"0 0 320 512\" xmlns=\"http:\/\/www.w3.org\/2000\/svg\"><path d=\"M177 159.7l136 136c9.4 9.4 9.4 24.6 0 33.9l-22.6 22.6c-9.4 9.4-24.6 9.4-33.9 0L160 255.9l-96.4 96.4c-9.4 9.4-24.6 9.4-33.9 0L7 329.7c-9.4-9.4-9.4-24.6 0-33.9l136-136c9.4-9.5 24.6-9.5 34-.1z\"><\/path><\/svg><\/span>\n\t\t\t\t\t\t\t\t\t<\/span>\n\t\t\t\t\t\t\t\t\t<span class=\"uael-question-3869b40 uael-question-span\" tabindex=\"0\" id=\"uael-faq-2-69f13e5bb64d6\">Does the Elf Bar 600 electronic cigarette require a button?<\/span>\n\t\t\t\t\t\t\t\t<\/div>\n\t\t\t\t\t\t\t\t<div class=\"uael-accordion-content\" role=\"tabpanel\">\n\t\t\t\t\t\t\t\t\t<span>\n\t\t\t\t\t\t\t\t\t<span><p>The Elf Bar 600 electronic cigarette uses a fully automatic airflow detection system, with no buttons or switches.<\/p><p>Simply inhale directly into the mouthpiece of the Elf Bar 600 electronic cigarette, and it automatically produces vapor. It stops automatically as soon as you stop inhaling. Designed to replicate the smoking experience as closely as possible, it's incredibly easy to use.<\/p><\/span>\t\t\t\t\t\t\t\t\t<\/span>\n\t\t\t\t\t\t\t\t<\/div>\n\t\t\t\t\t\t\t<\/div>\n\t\t\t\t\t\t\t\t\t\t\t\t\t\t<div id=\"uael-accordion-a683db7\" class=\"uael-faq-accordion\" role=\"tablist\">\n\t\t\t\t\t\t\t\t<div class= \"uael-accordion-title\" aria-expanded=\"false\" role=\"tab\">\n\t\t\t\t\t\t\t\t\t<span class=\"uael-accordion-icon uael-accordion-icon-left\">\n\t\t\t\t\t\t\t\t\t\t<span class=\"uael-accordion-icon-closed\"><svg class=\"e-font-icon-svg e-fas-angle-right\" viewbox=\"0 0 256 512\" xmlns=\"http:\/\/www.w3.org\/2000\/svg\"><path d=\"M224.3 273l-136 136c-9.4 9.4-24.6 9.4-33.9 0l-22.6-22.6c-9.4-9.4-9.4-24.6 0-33.9l96.4-96.4-96.4-96.4c-9.4-9.4-9.4-24.6 0-33.9L54.3 103c9.4-9.4 24.6-9.4 33.9 0l136 136c9.5 9.4 9.5 24.6.1 34z\"><\/path><\/svg><\/span>\n\t\t\t\t\t\t\t\t\t\t<span class=\"uael-accordion-icon-opened\"><svg class=\"e-font-icon-svg e-fas-angle-up\" viewbox=\"0 0 320 512\" xmlns=\"http:\/\/www.w3.org\/2000\/svg\"><path d=\"M177 159.7l136 136c9.4 9.4 9.4 24.6 0 33.9l-22.6 22.6c-9.4 9.4-24.6 9.4-33.9 0L160 255.9l-96.4 96.4c-9.4 9.4-24.6 9.4-33.9 0L7 329.7c-9.4-9.4-9.4-24.6 0-33.9l136-136c9.4-9.5 24.6-9.5 34-.1z\"><\/path><\/svg><\/span>\n\t\t\t\t\t\t\t\t\t<\/span>\n\t\t\t\t\t\t\t\t\t<span class=\"uael-question-a683db7 uael-question-span\" tabindex=\"0\" id=\"uael-faq-3-69f13e5bb64f2\">Will the taste of the Elf Bar 600 electronic cigarette be affected if it is not used for a long time?<\/span>\n\t\t\t\t\t\t\t\t<\/div>\n\t\t\t\t\t\t\t\t<div class=\"uael-accordion-content\" role=\"tabpanel\">\n\t\t\t\t\t\t\t\t\t<span>\n\t\t\t\t\t\t\t\t\t<span><p>If it's a brand-new, unopened Elf Bar 600 electronic cigarette, then there's absolutely no problem.<\/p><p>The shelf life of Elf Bar 600 is generally 18 to 24 months (check the expiration date on the packaging). Its packaging is sealed, so if you store it in a cool, dry place away from direct sunlight, and reuse it after a few months, the taste will be virtually identical to the original; there will be no impact.<\/p><\/span>\t\t\t\t\t\t\t\t\t<\/span>\n\t\t\t\t\t\t\t\t<\/div>\n\t\t\t\t\t\t\t<\/div>\n\t\t\t\t\t\t\t\t\t\t\t<\/div>\n\t\t\t<\/div>\n\t\t\t\t\t\t\t<\/div>\n\t\t\t\t<\/div>\n\t\t\t\t<\/div>\n\t\t<div class=\"elementor-element elementor-element-b7b36d7 e-con-full e-flex e-con e-child\" data-id=\"b7b36d7\" data-element_type=\"container\" data-e-type=\"container\">\n\t\t\t\t<div class=\"elementor-element elementor-element-dc65780 elementor-widget elementor-widget-image-gallery\" data-id=\"dc65780\" data-element_type=\"widget\" data-e-type=\"widget\" data-widget_type=\"image-gallery.default\">\n\t\t\t\t<div class=\"elementor-widget-container\">\n\t\t\t\t\t\t\t<div class=\"elementor-image-gallery\">\n\t\t\t<div id='gallery-1' class='gallery galleryid-14030 gallery-columns-1 gallery-size-medium_large'><figure class='gallery-item'>\n\t\t\t<div class='gallery-icon portrait'>\n\t\t\t\t<img fetchpriority=\"high\" decoding=\"async\" width=\"423\" height=\"634\" src=\"https:\/\/puffvapestore.com\/wp-content\/uploads\/2026\/01\/Pineapple-Peach-Mango-Elf-Bar-600-pvafreb600.jpg\" class=\"attachment-medium_large size-medium_large\" alt=\"Pineapple Peach Mango Elf Bar 600 Pvafreb600\" aria-describedby=\"gallery-1-13973\" srcset=\"https:\/\/puffvapestore.com\/wp-content\/uploads\/2026\/01\/Pineapple-Peach-Mango-Elf-Bar-600-pvafreb600.jpg 423w, https:\/\/puffvapestore.com\/wp-content\/uploads\/2026\/01\/Pineapple-Peach-Mango-Elf-Bar-600-pvafreb600-200x300.jpg 200w, https:\/\/puffvapestore.com\/wp-content\/uploads\/2026\/01\/Pineapple-Peach-Mango-Elf-Bar-600-pvafreb600-8x12.jpg 8w\" sizes=\"(max-width: 423px) 100vw, 423px\" \/>\n\t\t\t<\/div>\n\t\t\t\t<figcaption class='wp-caption-text gallery-caption' id='gallery-1-13973'>\n\t\t\t\tPineapple Peach Mango Elf Bar 600 Pvafreb600\n\t\t\t\t<\/figcaption><\/figure>\n\t\t<\/div>\n\t\t<\/div>\n\t\t\t\t\t\t<\/div>\n\t\t\t\t<\/div>\n\t\t\t\t<\/div>\n\t\t\t\t\t<\/div>\n\t\t\t\t<\/div>\n\t\t<div class=\"elementor-element elementor-element-e2d8b98 e-flex e-con-boxed e-con e-parent\" data-id=\"e2d8b98\" data-element_type=\"container\" data-e-type=\"container\">\n\t\t\t\t\t<div class=\"e-con-inner\">\n\t\t\t\t\t<\/div>\n\t\t\t\t<\/div>\n\t\t\t\t<\/div>","protected":false},"excerpt":{"rendered":"<p>20 saveurs pour l&rsquo;Elf Bar 600 Les 20 saveurs de la cigarette \u00e9lectronique Elf Bar 600 forment une gamme compl\u00e8te de saveurs fruit\u00e9es, r\u00e9parties en cinq cat\u00e9gories principales\u00a0: fruits purs, fruits m\u00e9lang\u00e9s, rafra\u00eechissant, boissons sp\u00e9ciales et desserts au tabac. La plupart des saveurs (comme \u00ab\u00a0Apple Peach\u00a0\u00bb et \u00ab\u00a0Grape Mango\u00a0\u00bb) mettent l&rsquo;accent sur la douceur et [&hellip;]<\/p>\n","protected":false},"featured_media":13960,"comment_status":"open","ping_status":"closed","template":"","meta":{"site-sidebar-layout":"no-sidebar","site-content-layout":"page-builder","ast-site-content-layout":"normal-width-container","site-content-style":"default","site-sidebar-style":"default","ast-global-header-display":"","ast-banner-title-visibility":"","ast-main-header-display":"","ast-hfb-above-header-display":"","ast-hfb-below-header-display":"","ast-hfb-mobile-header-display":"","site-post-title":"disabled","ast-breadcrumbs-content":"","ast-featured-img":"disabled","footer-sml-layout":"","ast-disable-related-posts":"","theme-transparent-header-meta":"default","adv-header-id-meta":"","stick-header-meta":"default","header-above-stick-meta":"","header-main-stick-meta":"","header-below-stick-meta":"","astra-migrate-meta-layouts":"set","ast-page-background-enabled":"default","ast-page-background-meta":{"desktop":{"background-color":"","background-image":"","background-repeat":"repeat","background-position":"center center","background-size":"auto","background-attachment":"scroll","background-type":"","background-media":"","overlay-type":"","overlay-color":"","overlay-opacity":"","overlay-gradient":""},"tablet":{"background-color":"","background-image":"","background-repeat":"repeat","background-position":"center center","background-size":"auto","background-attachment":"scroll","background-type":"","background-media":"","overlay-type":"","overlay-color":"","overlay-opacity":"","overlay-gradient":""},"mobile":{"background-color":"","background-image":"","background-repeat":"repeat","background-position":"center center","background-size":"auto","background-attachment":"scroll","background-type":"","background-media":"","overlay-type":"","overlay-color":"","overlay-opacity":"","overlay-gradient":""}},"ast-content-background-meta":{"desktop":{"background-color":"var(--ast-global-color-5)","background-image":"","background-repeat":"repeat","background-position":"center center","background-size":"auto","background-attachment":"scroll","background-type":"","background-media":"","overlay-type":"","overlay-color":"","overlay-opacity":"","overlay-gradient":""},"tablet":{"background-color":"var(--ast-global-color-5)","background-image":"","background-repeat":"repeat","background-position":"center center","background-size":"auto","background-attachment":"scroll","background-type":"","background-media":"","overlay-type":"","overlay-color":"","overlay-opacity":"","overlay-gradient":""},"mobile":{"background-color":"var(--ast-global-color-5)","background-image":"","background-repeat":"repeat","background-position":"center center","background-size":"auto","background-attachment":"scroll","background-type":"","background-media":"","overlay-type":"","overlay-color":"","overlay-opacity":"","overlay-gradient":""}}},"product_brand":[111],"product_cat":[110,91,15],"product_tag":[],"class_list":{"0":"post-14030","1":"product","2":"type-product","3":"status-publish","4":"has-post-thumbnail","6":"product_brand-elf-bar","7":"product_cat-elf-bar-600-pense-pour-le-mode-de-vie-europeen-moderne","8":"product_cat-puff-600","9":"product_cat-magasin-cigarette-electronique","10":"desktop-align-center","11":"tablet-align-center","12":"mobile-align-center","13":"ast-product-gallery-layout-horizontal","14":"ast-product-single-variable","15":"ast-product-tabs-layout-horizontal","16":"ast-qv-on-image","18":"first","19":"outofstock","20":"sale","21":"shipping-taxable","22":"purchasable","23":"product-type-variable"},"tiered_pricing_type":"fixed","tiered_pricing_fixed_rules":[],"tiered_pricing_product_settings":{"layout":"default","base_unit_name":{"singular":null,"plural":null},"default_variation":null},"tiered_pricing_minimum_quantity":null,"tiered_pricing_roles_data":[],"tiered_pricing_percentage_rules":[],"_links":{"self":[{"href":"https:\/\/puffvapestore.com\/en\/wp-json\/wp\/v2\/product\/14030","targetHints":{"allow":["GET"]}}],"collection":[{"href":"https:\/\/puffvapestore.com\/en\/wp-json\/wp\/v2\/product"}],"about":[{"href":"https:\/\/puffvapestore.com\/en\/wp-json\/wp\/v2\/types\/product"}],"replies":[{"embeddable":true,"href":"https:\/\/puffvapestore.com\/en\/wp-json\/wp\/v2\/comments?post=14030"}],"version-history":[{"count":7,"href":"https:\/\/puffvapestore.com\/en\/wp-json\/wp\/v2\/product\/14030\/revisions"}],"predecessor-version":[{"id":14058,"href":"https:\/\/puffvapestore.com\/en\/wp-json\/wp\/v2\/product\/14030\/revisions\/14058"}],"wp:featuredmedia":[{"embeddable":true,"href":"https:\/\/puffvapestore.com\/en\/wp-json\/wp\/v2\/media\/13960"}],"wp:attachment":[{"href":"https:\/\/puffvapestore.com\/en\/wp-json\/wp\/v2\/media?parent=14030"}],"wp:term":[{"taxonomy":"product_brand","embeddable":true,"href":"https:\/\/puffvapestore.com\/en\/wp-json\/wp\/v2\/product_brand?post=14030"},{"taxonomy":"product_cat","embeddable":true,"href":"https:\/\/puffvapestore.com\/en\/wp-json\/wp\/v2\/product_cat?post=14030"},{"taxonomy":"product_tag","embeddable":true,"href":"https:\/\/puffvapestore.com\/en\/wp-json\/wp\/v2\/product_tag?post=14030"}],"curies":[{"name":"wp","href":"https:\/\/api.w.org\/{rel}","templated":true}]}}