{"id":1752,"date":"2025-03-24T07:37:06","date_gmt":"2025-03-24T07:37:06","guid":{"rendered":"https:\/\/puffvapestore.com\/?page_id=1752"},"modified":"2025-03-24T07:42:16","modified_gmt":"2025-03-24T07:42:16","slug":"livraison","status":"publish","type":"page","link":"https:\/\/puffvapestore.com\/en\/delivery\/","title":{"rendered":"Delivery information"},"content":{"rendered":"<div data-elementor-type=\"wp-page\" data-elementor-id=\"1752\" class=\"elementor elementor-1752\">\n\t\t\t\t<div class=\"elementor-element elementor-element-b106341 e-flex e-con-boxed e-con e-parent\" data-id=\"b106341\" data-element_type=\"container\" data-e-type=\"container\">\n\t\t\t\t\t<div class=\"e-con-inner\">\n\t\t<div class=\"elementor-element elementor-element-2048edd e-con-full e-flex e-con e-child\" data-id=\"2048edd\" data-element_type=\"container\" data-e-type=\"container\">\n\t\t\t\t<div class=\"elementor-element elementor-element-f39cc7f elementor-widget elementor-widget-text-editor\" data-id=\"f39cc7f\" data-element_type=\"widget\" data-e-type=\"widget\" data-widget_type=\"text-editor.default\">\n\t\t\t\t<div class=\"elementor-widget-container\">\n\t\t\t\t\t\t\t\t\t<h1>Delivery information<\/h1><p>We are committed to providing every customer with an excellent shopping experience, from ordering to delivery, with every link striving to be efficient and convenient.<\/p><h2>Place your order now and we'll get it to you fast!<\/h2><p>As soon as your order arrives, our warehouse experts spring into action and pack your products in record time! Your order will usually be dispatched within 1 to 3 working days. What about delivery speed? In general, your order can be delivered within 3 to 5 working days. If you're lucky, it could even be knocking on your door within 1-2 days! (We also have to take a weekend break, so we won't be shipping any goods).<\/p><h2>Change your order? Hurry up and seize the time!<\/h2><p>Still wondering if you've filled in the wrong address or if you'd like to change the color? No problem! As long as your order hasn't been shipped, you can cancel or change the delivery address at any time. Contact us as soon as possible via our official email address and we'll do our best to accommodate your needs. But if the order has already been dispatched from the warehouse, you can only wait for it to reach you safely, and we can no longer make changes or issue refunds!<\/p><h2>It's important to have the right address!<\/h2><p>Your package will be delivered to the address you provided at checkout, so please fill it in before you check out to make sure the address is correct!<\/p><h2>Do you have any questions? Come to us!<\/h2><p>If you encounter any problems during the purchasing process or if you have any questions, please do not hesitate to contact us. We'll get back to you as soon as possible to help you solve any problems you may have and make your shopping experience both simple and enjoyable!<\/p>\t\t\t\t\t\t\t\t<\/div>\n\t\t\t\t<\/div>\n\t\t\t\t<\/div>\n\t\t\t\t\t<\/div>\n\t\t\t\t<\/div>\n\t\t\t\t<\/div>","protected":false},"excerpt":{"rendered":"<p>Informations sur la livraison Nous nous engageons \u00e0 offrir \u00e0 chaque client une excellente exp\u00e9rience d&rsquo;achat, de la commande \u00e0 la livraison, chaque lien s&rsquo;efforce d&rsquo;\u00eatre efficace et pratique. Passez votre commande maintenant et nous vous la livrerons rapidement ! D\u00e8s l&rsquo;arriv\u00e9e de votre commande, nos experts en entrep\u00f4t se mettent imm\u00e9diatement en action et [&hellip;]<\/p>\n","protected":false},"author":1,"featured_media":0,"parent":0,"menu_order":1,"comment_status":"closed","ping_status":"closed","template":"","meta":{"site-sidebar-layout":"no-sidebar","site-content-layout":"page-builder","ast-site-content-layout":"full-width-container","site-content-style":"default","site-sidebar-style":"default","ast-global-header-display":"","ast-banner-title-visibility":"","ast-main-header-display":"","ast-hfb-above-header-display":"","ast-hfb-below-header-display":"","ast-hfb-mobile-header-display":"","site-post-title":"disabled","ast-breadcrumbs-content":"","ast-featured-img":"disabled","footer-sml-layout":"","ast-disable-related-posts":"","theme-transparent-header-meta":"","adv-header-id-meta":"","stick-header-meta":"","header-above-stick-meta":"","header-main-stick-meta":"","header-below-stick-meta":"","astra-migrate-meta-layouts":"set","ast-page-background-enabled":"default","ast-page-background-meta":{"desktop":{"background-color":"","background-image":"","background-repeat":"repeat","background-position":"center center","background-size":"auto","background-attachment":"scroll","background-type":"","background-media":"","overlay-type":"","overlay-color":"","overlay-opacity":"","overlay-gradient":""},"tablet":{"background-color":"","background-image":"","background-repeat":"repeat","background-position":"center center","background-size":"auto","background-attachment":"scroll","background-type":"","background-media":"","overlay-type":"","overlay-color":"","overlay-opacity":"","overlay-gradient":""},"mobile":{"background-color":"","background-image":"","background-repeat":"repeat","background-position":"center center","background-size":"auto","background-attachment":"scroll","background-type":"","background-media":"","overlay-type":"","overlay-color":"","overlay-opacity":"","overlay-gradient":""}},"ast-content-background-meta":{"desktop":{"background-color":"var(--ast-global-color-5)","background-image":"","background-repeat":"repeat","background-position":"center center","background-size":"auto","background-attachment":"scroll","background-type":"","background-media":"","overlay-type":"","overlay-color":"","overlay-opacity":"","overlay-gradient":""},"tablet":{"background-color":"var(--ast-global-color-5)","background-image":"","background-repeat":"repeat","background-position":"center center","background-size":"auto","background-attachment":"scroll","background-type":"","background-media":"","overlay-type":"","overlay-color":"","overlay-opacity":"","overlay-gradient":""},"mobile":{"background-color":"var(--ast-global-color-5)","background-image":"","background-repeat":"repeat","background-position":"center center","background-size":"auto","background-attachment":"scroll","background-type":"","background-media":"","overlay-type":"","overlay-color":"","overlay-opacity":"","overlay-gradient":""}},"footnotes":""},"class_list":["post-1752","page","type-page","status-publish","hentry"],"_links":{"self":[{"href":"https:\/\/puffvapestore.com\/en\/wp-json\/wp\/v2\/pages\/1752","targetHints":{"allow":["GET"]}}],"collection":[{"href":"https:\/\/puffvapestore.com\/en\/wp-json\/wp\/v2\/pages"}],"about":[{"href":"https:\/\/puffvapestore.com\/en\/wp-json\/wp\/v2\/types\/page"}],"author":[{"embeddable":true,"href":"https:\/\/puffvapestore.com\/en\/wp-json\/wp\/v2\/users\/1"}],"replies":[{"embeddable":true,"href":"https:\/\/puffvapestore.com\/en\/wp-json\/wp\/v2\/comments?post=1752"}],"version-history":[{"count":4,"href":"https:\/\/puffvapestore.com\/en\/wp-json\/wp\/v2\/pages\/1752\/revisions"}],"predecessor-version":[{"id":1767,"href":"https:\/\/puffvapestore.com\/en\/wp-json\/wp\/v2\/pages\/1752\/revisions\/1767"}],"wp:attachment":[{"href":"https:\/\/puffvapestore.com\/en\/wp-json\/wp\/v2\/media?parent=1752"}],"curies":[{"name":"wp","href":"https:\/\/api.w.org\/{rel}","templated":true}]}}