{"id":1751,"date":"2025-03-24T07:29:29","date_gmt":"2025-03-24T07:29:29","guid":{"rendered":"https:\/\/puffvapestore.com\/?page_id=1751"},"modified":"2025-03-24T07:35:38","modified_gmt":"2025-03-24T07:35:38","slug":"retour-et-remboursement","status":"publish","type":"page","link":"https:\/\/puffvapestore.com\/en\/returns-and-refunds\/","title":{"rendered":"Returns and refunds"},"content":{"rendered":"<div data-elementor-type=\"wp-page\" data-elementor-id=\"1751\" class=\"elementor elementor-1751\">\n\t\t\t\t<div class=\"elementor-element elementor-element-e0ce140 e-flex e-con-boxed e-con e-parent\" data-id=\"e0ce140\" data-element_type=\"container\" data-e-type=\"container\">\n\t\t\t\t\t<div class=\"e-con-inner\">\n\t\t<div class=\"elementor-element elementor-element-e2886f3 e-con-full e-flex e-con e-child\" data-id=\"e2886f3\" data-element_type=\"container\" data-e-type=\"container\">\n\t\t\t\t<div class=\"elementor-element elementor-element-bbd6036 elementor-widget elementor-widget-text-editor\" data-id=\"bbd6036\" data-element_type=\"widget\" data-e-type=\"widget\" data-widget_type=\"text-editor.default\">\n\t\t\t\t<div class=\"elementor-widget-container\">\n\t\t\t\t\t\t\t\t\t<h1>Returns and refunds<\/h1><p>When you shop with us, you can enjoy a safe and worry-free shopping experience.<\/p><h2>Refund policy<\/h2><p><strong>1. Order cancellation (before processing)<\/strong><br \/>If your order has not yet been processed by the warehouse, you may cancel your order at any time and receive a full refund (including delivery charges). However, please note that once an order has entered the processing phase, it cannot be cancelled.<\/p><p><strong>2. Returns and refunds<\/strong><br \/>If you return an eligible item within the specified period, you will be refunded the value of the product (excluding delivery charges).<br \/>If the item is defective or damaged, we offer you the following two solutions:<br \/>Redeem the discount code on your next purchase.<br \/>Refunds will be made according to the original method of payment (but shipping costs will not be refunded).<br \/>If the item is damaged or leaks due to shipping problems, we will provide you with a full refund (including shipping costs).<br \/>If products are missing from your order, you are entitled to a refund (excluding delivery costs).<\/p><h2>Refund delayed or not received?<\/h2><p>Refunds are usually processed within 5 working days, but your bank or payment provider may take longer.<br \/>If you have not received your refund after 7 working days, please contact us first to confirm the status of your return.<br \/>Then contact your bank or payment provider for an update on the status of your refund processing.<\/p><h2>Situations in which refunds are not applicable<\/h2><p>Second-hand items: Second-hand items cannot be returned or refunded.<br \/>Non-refundable items: items marked \u00abNon-refundable\u00bb cannot be returned or refunded.<br \/>Packages not collected: If the customer does not collect the package and the package is not returned to us, no refund will be made.<br \/>Returns not made via UPS: Returns must be made via UPS, otherwise the customer will be responsible for the loss of the package and no refund will be made.<\/p><h2>Lost, damaged or misdelivered parcel?<\/h2><p>If your package indicates that it has been delivered but you have not received it, please contact our customer service department immediately by e-mail.<br \/>We will process your request within 15 days and help you resolve the problem.<\/p><h2>Age restriction declaration<\/h2><p>Our products are sold only to customers aged 18 and over.<br \/>If a minor places an order using his\/her parents' means of payment, the responsibility lies with the parents.<br \/>No refunds will be given unless the item is eligible for return (unopened and re-saleable).<\/p><h2>Contact us<\/h2><p>If you have any questions about returns or refunds, please do not hesitate to contact our customer service department via the official e-mail address. We are always committed to providing you with an exceptional shopping experience!<\/p>\t\t\t\t\t\t\t\t<\/div>\n\t\t\t\t<\/div>\n\t\t\t\t<\/div>\n\t\t\t\t\t<\/div>\n\t\t\t\t<\/div>\n\t\t\t\t<\/div>","protected":false},"excerpt":{"rendered":"<p>Retour et remboursement Lorsque vous faites vos achats chez nous, vous pouvez profiter d&rsquo;une exp\u00e9rience d&rsquo;achat s\u00fbre et sans souci. Politique de remboursement 1. Annulation de la commande (avant traitement)Si votre commande n&rsquo;a pas encore \u00e9t\u00e9 trait\u00e9e par l&rsquo;entrep\u00f4t, vous pouvez annuler votre commande \u00e0 tout moment et recevoir un remboursement complet (y compris les [&hellip;]<\/p>\n","protected":false},"author":1,"featured_media":0,"parent":0,"menu_order":3,"comment_status":"closed","ping_status":"closed","template":"","meta":{"site-sidebar-layout":"no-sidebar","site-content-layout":"page-builder","ast-site-content-layout":"full-width-container","site-content-style":"default","site-sidebar-style":"default","ast-global-header-display":"","ast-banner-title-visibility":"","ast-main-header-display":"","ast-hfb-above-header-display":"","ast-hfb-below-header-display":"","ast-hfb-mobile-header-display":"","site-post-title":"disabled","ast-breadcrumbs-content":"","ast-featured-img":"disabled","footer-sml-layout":"","ast-disable-related-posts":"","theme-transparent-header-meta":"","adv-header-id-meta":"","stick-header-meta":"","header-above-stick-meta":"","header-main-stick-meta":"","header-below-stick-meta":"","astra-migrate-meta-layouts":"set","ast-page-background-enabled":"default","ast-page-background-meta":{"desktop":{"background-color":"","background-image":"","background-repeat":"repeat","background-position":"center center","background-size":"auto","background-attachment":"scroll","background-type":"","background-media":"","overlay-type":"","overlay-color":"","overlay-opacity":"","overlay-gradient":""},"tablet":{"background-color":"","background-image":"","background-repeat":"repeat","background-position":"center center","background-size":"auto","background-attachment":"scroll","background-type":"","background-media":"","overlay-type":"","overlay-color":"","overlay-opacity":"","overlay-gradient":""},"mobile":{"background-color":"","background-image":"","background-repeat":"repeat","background-position":"center center","background-size":"auto","background-attachment":"scroll","background-type":"","background-media":"","overlay-type":"","overlay-color":"","overlay-opacity":"","overlay-gradient":""}},"ast-content-background-meta":{"desktop":{"background-color":"var(--ast-global-color-5)","background-image":"","background-repeat":"repeat","background-position":"center center","background-size":"auto","background-attachment":"scroll","background-type":"","background-media":"","overlay-type":"","overlay-color":"","overlay-opacity":"","overlay-gradient":""},"tablet":{"background-color":"var(--ast-global-color-5)","background-image":"","background-repeat":"repeat","background-position":"center center","background-size":"auto","background-attachment":"scroll","background-type":"","background-media":"","overlay-type":"","overlay-color":"","overlay-opacity":"","overlay-gradient":""},"mobile":{"background-color":"var(--ast-global-color-5)","background-image":"","background-repeat":"repeat","background-position":"center center","background-size":"auto","background-attachment":"scroll","background-type":"","background-media":"","overlay-type":"","overlay-color":"","overlay-opacity":"","overlay-gradient":""}},"footnotes":""},"class_list":["post-1751","page","type-page","status-publish","hentry"],"_links":{"self":[{"href":"https:\/\/puffvapestore.com\/en\/wp-json\/wp\/v2\/pages\/1751","targetHints":{"allow":["GET"]}}],"collection":[{"href":"https:\/\/puffvapestore.com\/en\/wp-json\/wp\/v2\/pages"}],"about":[{"href":"https:\/\/puffvapestore.com\/en\/wp-json\/wp\/v2\/types\/page"}],"author":[{"embeddable":true,"href":"https:\/\/puffvapestore.com\/en\/wp-json\/wp\/v2\/users\/1"}],"replies":[{"embeddable":true,"href":"https:\/\/puffvapestore.com\/en\/wp-json\/wp\/v2\/comments?post=1751"}],"version-history":[{"count":4,"href":"https:\/\/puffvapestore.com\/en\/wp-json\/wp\/v2\/pages\/1751\/revisions"}],"predecessor-version":[{"id":1762,"href":"https:\/\/puffvapestore.com\/en\/wp-json\/wp\/v2\/pages\/1751\/revisions\/1762"}],"wp:attachment":[{"href":"https:\/\/puffvapestore.com\/en\/wp-json\/wp\/v2\/media?parent=1751"}],"curies":[{"name":"wp","href":"https:\/\/api.w.org\/{rel}","templated":true}]}}