{"id":6879,"date":"2025-08-24T07:27:22","date_gmt":"2025-08-24T07:27:22","guid":{"rendered":"https:\/\/puffvapestore.com\/?post_type=product&#038;p=6879"},"modified":"2026-01-19T10:31:54","modified_gmt":"2026-01-19T10:31:54","slug":"peach-ice-bang-king-35k-offre-une-saveur-de-peche-sucree","status":"publish","type":"product","link":"https:\/\/puffvapestore.com\/de\/product\/peach-ice-bang-king-35k-bietet-einen-susen-pfirsichgeschmack\/","title":{"rendered":"Peach Ice - Bang King 35K"},"content":{"rendered":"<div data-elementor-type=\"wp-post\" data-elementor-id=\"6879\" class=\"elementor elementor-6879\">\n\t\t\t\t<div class=\"elementor-element elementor-element-08c26f9 e-flex e-con-boxed e-con e-parent\" data-id=\"08c26f9\" data-element_type=\"container\" data-e-type=\"container\">\n\t\t\t\t\t<div class=\"e-con-inner\">\n\t\t\t\t<div class=\"elementor-element elementor-element-a005a97 elementor-widget elementor-widget-text-editor\" data-id=\"a005a97\" data-element_type=\"widget\" data-e-type=\"widget\" data-widget_type=\"text-editor.default\">\n\t\t\t\t<div class=\"elementor-widget-container\">\n\t\t\t\t\t\t\t\t\t<p>Bang King 35000 Frozen Peach bietet einen s\u00fc\u00dfen, saftigen Pfirsichgeschmack mit einem s\u00fc\u00dfen Gef\u00fchl von Frische, wodurch ein erfrischender und komplexer Geschmack entsteht.<\/p><h2>Reiches Pfirsicharoma<\/h2><p>Der vorherrschende Geschmack ist der eines reifen, frischen Pfirsichs mit einem nat\u00fcrlichen, fruchtigen Aroma, das s\u00fc\u00df, aber nicht aufdringlich ist. Es ist, als w\u00fcrde man in einen saftigen gelben Pfirsich mit einem vibrierenden Aroma bei\u00dfen. Das Pfirsicharoma mit einer subtilen S\u00e4ure gleicht die S\u00fc\u00dfe aus und macht den Geschmack authentischer und nat\u00fcrlicher.<\/p><p>Dem Pfirsichgeschmack f\u00fcgt der Bang King 35000 Frozen Peach eine deutliche, erfrischende Mentholnote hinzu. Diese Frische ist erfrischend und s\u00fc\u00df, als ob Sie an einem hei\u00dfen Sommertag ein Glas eiskalten Pfirsichsaft trinken w\u00fcrden. Sie verleiht sofort eine erfrischende K\u00fchle, beruhigt den Mund und hebt die allgemeine Frische hervor.<\/p><h2>Ausgewogene S\u00fc\u00dfe und S\u00e4ure<\/h2><p>Die S\u00fc\u00dfe ist relativ rein und lang anhaltend, nicht zu s\u00fc\u00df oder klebrig. Die S\u00e4ure des Pfirsichs m\u00e4\u00dfigt die S\u00fc\u00dfe und schafft einen lebhaften und komplexen Geschmack, der eine eint\u00f6nige S\u00fc\u00dfe vermeidet und eine subtile Fruchts\u00e4ure hinzuf\u00fcgt, die die Tiefe des Geschmacks erh\u00f6ht.<\/p><p>Der Rauch ist mild und zart und reizt nicht den Hals. Die Kombination aus Frische und fruchtigen Aromen schafft ein angenehmes und erfrischendes Erlebnis.<\/p><h2>Hochaufl\u00f6sender LED-Bildschirm<\/h2><p>Der Bang King 35000 Peach Ice verf\u00fcgt \u00fcber ein intelligentes und innovatives LED-Display, das den Status des Ger\u00e4ts in Echtzeit anzeigt. Dieses benutzerfreundliche Display zeigt wichtige Informationen wie die verbleibende Akkulaufzeit und den F\u00fcllstand der E-Fl\u00fcssigkeit an, so dass die Benutzer ihren Verbrauch leicht \u00fcberwachen k\u00f6nnen. Diese Anzeige ist praktisch und garantiert eine optimale Nutzung bei leerem Akku oder niedrigem E-Fl\u00fcssigkeitsstand.<\/p><h2>Gro\u00dfe Kapazit\u00e4t an E-Liquid<\/h2><p>Der Bang King 35000 Peach Ice ist mit 23 ml Premium-E-Liquid vorgef\u00fcllt und garantiert eine lange Nutzung ohne Nachf\u00fcllen. Diese gro\u00dfe Kapazit\u00e4t ist ideal f\u00fcr alle, die eine lange und sorgenfreie Erfahrung suchen, egal ob sie gelegentliche oder intensive Nutzer sind. Das vorgef\u00fcllte Design macht den \u00c4rger mit dem manuellen Nachf\u00fcllen von E-Fl\u00fcssigkeit \u00fcberfl\u00fcssig und bietet eine einfache, sofort einsatzbereite L\u00f6sung.<\/p><p>Die Bang King 35000 wurde f\u00fcr eine langfristige Haltbarkeit entwickelt und bietet eine beeindruckende Kapazit\u00e4t von 35000 Z\u00fcgen pro Einheit. Diese hohe Anzahl an Z\u00fcgen macht sie zu einer der langlebigsten elektronischen Einwegzigaretten auf dem Markt und erf\u00fcllt die Bed\u00fcrfnisse von Benutzern, die eine lange Nutzungsdauer ohne h\u00e4ufigen Austausch des Ger\u00e4ts bevorzugen. Ein hoher Zugzyklus gew\u00e4hrleistet eine dauerhafte und konstante Leistung, was sie zu einer erschwinglichen Wahl f\u00fcr Dampfer macht.<\/p><h2>Verschiedene Nikotinst\u00e4rken und Mesh-Widerstandstechnologie<\/h2><p>Die Bang King 35000 Peach Ice bietet eine Vielzahl von Nikotinst\u00e4rken, um allen Bed\u00fcrfnissen gerecht zu werden: 0 %, 2 %, 3 % und 5 %. Egal, ob Sie eine nikotinfreie Erfahrung oder ein intensiveres Dampfen suchen, diese Optionen bieten eine gro\u00dfe Flexibilit\u00e4t, sowohl f\u00fcr Anf\u00e4nger, die von der traditionellen Zigarette wegkommen, als auch f\u00fcr erfahrene Dampfer, die eine individuelle Erfahrung suchen. Dieses Sortiment erf\u00fcllt die unterschiedlichsten Bed\u00fcrfnisse und spricht ein breites Publikum an.<\/p><p>Das Herzst\u00fcck des Bang King 35000 ist ein 0,6 \u03a9 Mesh-Widerstand, der zur Optimierung des Geschmacks und der Dampfproduktion entwickelt wurde. Die gr\u00f6\u00dfere Oberfl\u00e4che des Mesh-Widerstands sorgt f\u00fcr eine gleichm\u00e4\u00dfige Erw\u00e4rmung, f\u00fcr einen reichen und konstanten Geschmack und ein sanftes und komfortables Dampferlebnis. Diese fortschrittliche Technologie verbessert das gesamte Dampferlebnis und bietet einen besseren Geschmack und eine bessere Leistung als herk\u00f6mmliche Widerst\u00e4nde.<\/p><h2>Wiederaufladbarer Akku<\/h2><p>Die Bang King 35000 Peach Ice ist mit einem wiederaufladbaren 1000-mAh-Akku ausgestattet, der die Zweckm\u00e4\u00dfigkeit einer elektronischen Einwegzigarette mit der Haltbarkeit eines wiederaufladbaren Akkus verbindet. Der Akku mit hoher Kapazit\u00e4t erm\u00f6glicht einen l\u00e4ngeren Gebrauch, und der Typ-C-Ladeanschluss sorgt f\u00fcr ein schnelles und effizientes Aufladen. Diese Funktion minimiert die Ausfallzeiten, sodass die Nutzer ohne Unterbrechung dampfen k\u00f6nnen.<\/p>\t\t\t\t\t\t\t\t<\/div>\n\t\t\t\t<\/div>\n\t\t\t\t\t<\/div>\n\t\t\t\t<\/div>\n\t\t\t\t<\/div>","protected":false},"excerpt":{"rendered":"<p>La Bang King 35000 P\u00eache Glac\u00e9e offre une saveur de p\u00eache sucr\u00e9e et juteuse avec une douce sensation de fra\u00eecheur, cr\u00e9ant un go\u00fbt rafra\u00eechissant et complexe. Ar\u00f4me riche de p\u00eache La saveur dominante est celle de la p\u00eache m\u00fbre et fra\u00eeche, avec un ar\u00f4me fruit\u00e9 naturel, doux mais sans \u00eatre envahissant. C&rsquo;est comme croquer dans [&hellip;]<\/p>\n","protected":false},"featured_media":6666,"comment_status":"open","ping_status":"closed","template":"","meta":{"site-sidebar-layout":"no-sidebar","site-content-layout":"page-builder","ast-site-content-layout":"normal-width-container","site-content-style":"default","site-sidebar-style":"default","ast-global-header-display":"","ast-banner-title-visibility":"","ast-main-header-display":"","ast-hfb-above-header-display":"","ast-hfb-below-header-display":"","ast-hfb-mobile-header-display":"","site-post-title":"disabled","ast-breadcrumbs-content":"","ast-featured-img":"disabled","footer-sml-layout":"","ast-disable-related-posts":"","theme-transparent-header-meta":"default","adv-header-id-meta":"","stick-header-meta":"default","header-above-stick-meta":"","header-main-stick-meta":"","header-below-stick-meta":"","astra-migrate-meta-layouts":"set","ast-page-background-enabled":"default","ast-page-background-meta":{"desktop":{"background-color":"","background-image":"","background-repeat":"repeat","background-position":"center center","background-size":"auto","background-attachment":"scroll","background-type":"","background-media":"","overlay-type":"","overlay-color":"","overlay-opacity":"","overlay-gradient":""},"tablet":{"background-color":"","background-image":"","background-repeat":"repeat","background-position":"center center","background-size":"auto","background-attachment":"scroll","background-type":"","background-media":"","overlay-type":"","overlay-color":"","overlay-opacity":"","overlay-gradient":""},"mobile":{"background-color":"","background-image":"","background-repeat":"repeat","background-position":"center center","background-size":"auto","background-attachment":"scroll","background-type":"","background-media":"","overlay-type":"","overlay-color":"","overlay-opacity":"","overlay-gradient":""}},"ast-content-background-meta":{"desktop":{"background-color":"var(--ast-global-color-5)","background-image":"","background-repeat":"repeat","background-position":"center center","background-size":"auto","background-attachment":"scroll","background-type":"","background-media":"","overlay-type":"","overlay-color":"","overlay-opacity":"","overlay-gradient":""},"tablet":{"background-color":"var(--ast-global-color-5)","background-image":"","background-repeat":"repeat","background-position":"center center","background-size":"auto","background-attachment":"scroll","background-type":"","background-media":"","overlay-type":"","overlay-color":"","overlay-opacity":"","overlay-gradient":""},"mobile":{"background-color":"var(--ast-global-color-5)","background-image":"","background-repeat":"repeat","background-position":"center center","background-size":"auto","background-attachment":"scroll","background-type":"","background-media":"","overlay-type":"","overlay-color":"","overlay-opacity":"","overlay-gradient":""}}},"product_brand":[52],"product_cat":[57,105,15],"product_tag":[],"class_list":{"0":"post-6879","1":"product","2":"type-product","3":"status-publish","4":"has-post-thumbnail","6":"product_brand-bang-king","7":"product_cat-bang-king-35k-resistance-mesh","8":"product_cat-puff-35k","9":"product_cat-magasin-cigarette-electronique","10":"desktop-align-center","11":"tablet-align-center","12":"mobile-align-center","13":"ast-product-gallery-layout-horizontal","14":"ast-product-gallery-with-no-image","15":"ast-product-single-variable","16":"ast-product-tabs-layout-horizontal","17":"ast-qv-on-image","19":"first","20":"instock","21":"sale","22":"shipping-taxable","23":"purchasable","24":"product-type-variable","25":"has-default-attributes"},"tiered_pricing_type":"fixed","tiered_pricing_fixed_rules":{"50":6.83,"100":6.22},"tiered_pricing_product_settings":{"layout":"default","base_unit_name":{"singular":null,"plural":null},"default_variation":null},"tiered_pricing_minimum_quantity":null,"tiered_pricing_roles_data":[],"tiered_pricing_percentage_rules":[],"_links":{"self":[{"href":"https:\/\/puffvapestore.com\/de\/wp-json\/wp\/v2\/product\/6879","targetHints":{"allow":["GET"]}}],"collection":[{"href":"https:\/\/puffvapestore.com\/de\/wp-json\/wp\/v2\/product"}],"about":[{"href":"https:\/\/puffvapestore.com\/de\/wp-json\/wp\/v2\/types\/product"}],"replies":[{"embeddable":true,"href":"https:\/\/puffvapestore.com\/de\/wp-json\/wp\/v2\/comments?post=6879"}],"version-history":[{"count":7,"href":"https:\/\/puffvapestore.com\/de\/wp-json\/wp\/v2\/product\/6879\/revisions"}],"predecessor-version":[{"id":7229,"href":"https:\/\/puffvapestore.com\/de\/wp-json\/wp\/v2\/product\/6879\/revisions\/7229"}],"wp:featuredmedia":[{"embeddable":true,"href":"https:\/\/puffvapestore.com\/de\/wp-json\/wp\/v2\/media\/6666"}],"wp:attachment":[{"href":"https:\/\/puffvapestore.com\/de\/wp-json\/wp\/v2\/media?parent=6879"}],"wp:term":[{"taxonomy":"product_brand","embeddable":true,"href":"https:\/\/puffvapestore.com\/de\/wp-json\/wp\/v2\/product_brand?post=6879"},{"taxonomy":"product_cat","embeddable":true,"href":"https:\/\/puffvapestore.com\/de\/wp-json\/wp\/v2\/product_cat?post=6879"},{"taxonomy":"product_tag","embeddable":true,"href":"https:\/\/puffvapestore.com\/de\/wp-json\/wp\/v2\/product_tag?post=6879"}],"curies":[{"name":"wp","href":"https:\/\/api.w.org\/{rel}","templated":true}]}}