{"id":6857,"date":"2025-08-23T23:14:05","date_gmt":"2025-08-23T23:14:05","guid":{"rendered":"https:\/\/puffvapestore.com\/?post_type=product&#038;p=6857"},"modified":"2026-01-19T10:31:54","modified_gmt":"2026-01-19T10:31:54","slug":"fraise-mangue-bang-king-35k-allie-lenergie-fraiche-et-acidulee-de-la-fraise","status":"publish","type":"product","link":"https:\/\/puffvapestore.com\/de\/product\/erdbeere-mango-bang-king-35k-vereint-die-frische-und-sauerliche-energie-der-erdbeere\/","title":{"rendered":"Strawberry Mango - Bang King 35K"},"content":{"rendered":"<div data-elementor-type=\"wp-post\" data-elementor-id=\"6857\" class=\"elementor elementor-6857\">\n\t\t\t\t<div class=\"elementor-element elementor-element-08c26f9 e-flex e-con-boxed e-con e-parent\" data-id=\"08c26f9\" data-element_type=\"container\" data-e-type=\"container\">\n\t\t\t\t\t<div class=\"e-con-inner\">\n\t\t\t\t<div class=\"elementor-element elementor-element-a005a97 elementor-widget elementor-widget-text-editor\" data-id=\"a005a97\" data-element_type=\"widget\" data-e-type=\"widget\" data-widget_type=\"text-editor.default\">\n\t\t\t\t<div class=\"elementor-widget-container\">\n\t\t\t\t\t\t\t\t\t<p>Der Hauptgeschmack der elektronischen Zigarette Bang King 35000 Erdbeere Mango liegt in der frischen, s\u00e4uerlichen Energie der Erdbeere und dem reichen, s\u00fc\u00dfen Aroma der Mango. Diese perfekte Balance schafft ein erfrischendes Getr\u00e4nk mit dem Geschmack von tropischen Fr\u00fcchten.<\/p><h2>Aroma Erdbeere :<\/h2><p>Das Erdbeeraroma ist frisch und leicht s\u00e4uerlich und erinnert an frisch gepfl\u00fcckte Erdbeeren.<\/p><p>Die S\u00e4ure der Erdbeere ist beim Einatmen sp\u00fcrbar, gleicht die allgemeine S\u00fc\u00dfe aus und f\u00fcgt einen vibrierenden Geschmack hinzu.<\/p><p>Der Erdbeergeschmack bewahrt ein nat\u00fcrliches fruchtiges Aroma mit einem Hauch von Fleisch.<\/p><h2>Mangogeschmack :<\/h2><p>Der Mangogeschmack ist reich und s\u00fc\u00df, mit dem typischen intensiven tropischen Aroma von tropischen Fr\u00fcchten.<\/p><p>Die S\u00fc\u00dfe der Mango ist zart und weich, wie das Fruchtfleisch einer reifen Mango mit einem Hauch von Honig.<\/p><p>Der Mund wird von der einzigartigen, weichen und cremigen Textur sublimiert, die dem Ganzen noch mehr S\u00fc\u00dfe verleiht.<\/p><h2>Zusammenbau :<\/h2><p>Die S\u00e4ure der Erdbeere und die S\u00fc\u00dfe der Mango verbinden sich perfekt zu einem komplexen Geschmack, der erfrischend und reichhaltig zugleich ist.<\/p><p>Der Geschmack ist gut strukturiert und verbindet erfrischende S\u00e4ure mit fruchtiger S\u00fc\u00dfe.<\/p><p>Diese E-Zigarette verstr\u00f6mt das erfrischende und energiespendende Gef\u00fchl eines tropischen Obstgartens und hinterl\u00e4sst bei Ihnen ein angenehmes und erhebendes Gef\u00fchl.<\/p><h2>Nachgeschmack :<\/h2><p>Der Nachgeschmack ist leicht fruchtig, ohne lang anhaltend oder schnell abschw\u00e4chend, ideal f\u00fcr diejenigen, die einen erfrischenden Geschmack suchen.<\/p><p>Ohne dominierende k\u00fcnstliche Aromen, das Aroma ist nat\u00fcrlich, was es ideal f\u00fcr den t\u00e4glichen Gebrauch macht.<\/p><h2>Hochaufl\u00f6sender LED-Bildschirm<\/h2><p>Die Bang King 35000 Strawberry Mango verf\u00fcgt \u00fcber ein intelligentes und innovatives LED-Display, das den Status des Ger\u00e4ts in Echtzeit anzeigt. Dieses benutzerfreundliche Display zeigt wichtige Informationen wie die verbleibende Akkulaufzeit und den F\u00fcllstand der E-Fl\u00fcssigkeit an, so dass die Benutzer ihren Verbrauch leicht \u00fcberwachen k\u00f6nnen. Diese Anzeige ist praktisch und garantiert eine optimale Nutzung bei leerem Akku oder niedrigem E-Fl\u00fcssigkeitsstand.<\/p><h2>Gro\u00dfe Kapazit\u00e4t an E-Liquid<\/h2><p>Die Bang King 35000 Strawberry Mango ist mit 23 ml Premium-E-Liquid vorgef\u00fcllt und garantiert eine lange Nutzung ohne Nachf\u00fcllen. Diese gro\u00dfe Kapazit\u00e4t ist ideal f\u00fcr alle, die eine lange und sorgenfreie Erfahrung suchen, egal ob sie gelegentliche oder intensive Nutzer sind. Das vorgef\u00fcllte Design macht den \u00c4rger mit dem manuellen Nachf\u00fcllen von E-Fl\u00fcssigkeit \u00fcberfl\u00fcssig und bietet eine einfache, sofort einsatzbereite L\u00f6sung.<\/p><p>Die Bang King 35000 wurde f\u00fcr eine langfristige Haltbarkeit entwickelt und bietet eine beeindruckende Kapazit\u00e4t von 35000 Z\u00fcgen pro Einheit. Diese hohe Anzahl an Z\u00fcgen macht sie zu einer der langlebigsten elektronischen Einwegzigaretten auf dem Markt und erf\u00fcllt die Bed\u00fcrfnisse von Benutzern, die eine lange Nutzungsdauer ohne h\u00e4ufigen Austausch des Ger\u00e4ts bevorzugen. Ein hoher Zugzyklus gew\u00e4hrleistet eine dauerhafte und konstante Leistung, was sie zu einer erschwinglichen Wahl f\u00fcr Dampfer macht.<\/p><h2>Verschiedene Nikotinst\u00e4rken und Mesh-Widerstandstechnologie<\/h2><p>Die Bang King 35000 Strawberry Mango bietet eine Vielzahl von Nikotinst\u00e4rken, um allen Bed\u00fcrfnissen gerecht zu werden: 0 %, 2 %, 3 % und 5 %. Egal, ob Sie eine nikotinfreie Erfahrung oder ein intensiveres Dampfen suchen, diese Optionen bieten Flexibilit\u00e4t, sowohl f\u00fcr Anf\u00e4nger, die von der traditionellen Zigarette wegkommen, als auch f\u00fcr erfahrene Dampfer, die eine individuelle Erfahrung suchen. Dieses Sortiment erf\u00fcllt die unterschiedlichsten Bed\u00fcrfnisse und spricht ein breites Publikum an.<\/p><p>Das Herzst\u00fcck des Bang King 35000 ist ein 0,6 \u03a9 Mesh-Widerstand, der zur Optimierung des Geschmacks und der Dampfproduktion entwickelt wurde. Die gr\u00f6\u00dfere Oberfl\u00e4che des Mesh-Widerstands sorgt f\u00fcr eine gleichm\u00e4\u00dfige Erw\u00e4rmung, f\u00fcr einen reichen und konstanten Geschmack und ein sanftes und komfortables Dampferlebnis. Diese fortschrittliche Technologie verbessert das gesamte Dampferlebnis und bietet einen besseren Geschmack und eine bessere Leistung als herk\u00f6mmliche Widerst\u00e4nde.<\/p><h2>Wiederaufladbarer Akku<\/h2><p>Die Bang King 35000 Strawberry Mango ist mit einem wiederaufladbaren 1000-mAh-Akku ausgestattet und verbindet die Praktikabilit\u00e4t einer Einweg-e-Zigarette mit der Haltbarkeit eines wiederaufladbaren Akkus. Der Akku mit hoher Kapazit\u00e4t erm\u00f6glicht einen l\u00e4ngeren Gebrauch, und der Typ-C-Ladeanschluss sorgt f\u00fcr ein schnelles und effizientes Aufladen. Diese Funktion minimiert die Ausfallzeiten, sodass die Benutzer ohne Unterbrechung dampfen k\u00f6nnen.<\/p>\t\t\t\t\t\t\t\t<\/div>\n\t\t\t\t<\/div>\n\t\t\t\t\t<\/div>\n\t\t\t\t<\/div>\n\t\t\t\t<\/div>","protected":false},"excerpt":{"rendered":"<p>La saveur principale de la cigarette \u00e9lectronique Bang King 35000 Fraise Mangue r\u00e9side dans l&rsquo;\u00e9nergie fra\u00eeche et acidul\u00e9e de la fraise et l&rsquo;ar\u00f4me riche et sucr\u00e9 de la mangue. Cet \u00e9quilibre parfait cr\u00e9e une boisson rafra\u00eechissante aux saveurs de fruits tropicaux. Ar\u00f4me Fraise\u00a0: L&rsquo;ar\u00f4me de fraise est frais et l\u00e9g\u00e8rement acidul\u00e9, rappelant les fraises fra\u00eechement [&hellip;]<\/p>\n","protected":false},"featured_media":6668,"comment_status":"open","ping_status":"closed","template":"","meta":{"site-sidebar-layout":"no-sidebar","site-content-layout":"page-builder","ast-site-content-layout":"normal-width-container","site-content-style":"default","site-sidebar-style":"default","ast-global-header-display":"","ast-banner-title-visibility":"","ast-main-header-display":"","ast-hfb-above-header-display":"","ast-hfb-below-header-display":"","ast-hfb-mobile-header-display":"","site-post-title":"disabled","ast-breadcrumbs-content":"","ast-featured-img":"disabled","footer-sml-layout":"","ast-disable-related-posts":"","theme-transparent-header-meta":"default","adv-header-id-meta":"","stick-header-meta":"default","header-above-stick-meta":"","header-main-stick-meta":"","header-below-stick-meta":"","astra-migrate-meta-layouts":"set","ast-page-background-enabled":"default","ast-page-background-meta":{"desktop":{"background-color":"","background-image":"","background-repeat":"repeat","background-position":"center center","background-size":"auto","background-attachment":"scroll","background-type":"","background-media":"","overlay-type":"","overlay-color":"","overlay-opacity":"","overlay-gradient":""},"tablet":{"background-color":"","background-image":"","background-repeat":"repeat","background-position":"center center","background-size":"auto","background-attachment":"scroll","background-type":"","background-media":"","overlay-type":"","overlay-color":"","overlay-opacity":"","overlay-gradient":""},"mobile":{"background-color":"","background-image":"","background-repeat":"repeat","background-position":"center center","background-size":"auto","background-attachment":"scroll","background-type":"","background-media":"","overlay-type":"","overlay-color":"","overlay-opacity":"","overlay-gradient":""}},"ast-content-background-meta":{"desktop":{"background-color":"var(--ast-global-color-5)","background-image":"","background-repeat":"repeat","background-position":"center center","background-size":"auto","background-attachment":"scroll","background-type":"","background-media":"","overlay-type":"","overlay-color":"","overlay-opacity":"","overlay-gradient":""},"tablet":{"background-color":"var(--ast-global-color-5)","background-image":"","background-repeat":"repeat","background-position":"center center","background-size":"auto","background-attachment":"scroll","background-type":"","background-media":"","overlay-type":"","overlay-color":"","overlay-opacity":"","overlay-gradient":""},"mobile":{"background-color":"var(--ast-global-color-5)","background-image":"","background-repeat":"repeat","background-position":"center center","background-size":"auto","background-attachment":"scroll","background-type":"","background-media":"","overlay-type":"","overlay-color":"","overlay-opacity":"","overlay-gradient":""}}},"product_brand":[52],"product_cat":[57,105,15],"product_tag":[],"class_list":{"0":"post-6857","1":"product","2":"type-product","3":"status-publish","4":"has-post-thumbnail","6":"product_brand-bang-king","7":"product_cat-bang-king-35k-resistance-mesh","8":"product_cat-puff-35k","9":"product_cat-magasin-cigarette-electronique","10":"desktop-align-center","11":"tablet-align-center","12":"mobile-align-center","13":"ast-product-gallery-layout-horizontal","14":"ast-product-gallery-with-no-image","15":"ast-product-single-variable","16":"ast-product-tabs-layout-horizontal","17":"ast-qv-on-image","19":"first","20":"instock","21":"sale","22":"shipping-taxable","23":"purchasable","24":"product-type-variable","25":"has-default-attributes"},"tiered_pricing_type":"fixed","tiered_pricing_fixed_rules":{"50":6.83,"100":6.22},"tiered_pricing_product_settings":{"layout":"default","base_unit_name":{"singular":null,"plural":null},"default_variation":null},"tiered_pricing_minimum_quantity":null,"tiered_pricing_roles_data":[],"tiered_pricing_percentage_rules":[],"_links":{"self":[{"href":"https:\/\/puffvapestore.com\/de\/wp-json\/wp\/v2\/product\/6857","targetHints":{"allow":["GET"]}}],"collection":[{"href":"https:\/\/puffvapestore.com\/de\/wp-json\/wp\/v2\/product"}],"about":[{"href":"https:\/\/puffvapestore.com\/de\/wp-json\/wp\/v2\/types\/product"}],"replies":[{"embeddable":true,"href":"https:\/\/puffvapestore.com\/de\/wp-json\/wp\/v2\/comments?post=6857"}],"version-history":[{"count":7,"href":"https:\/\/puffvapestore.com\/de\/wp-json\/wp\/v2\/product\/6857\/revisions"}],"predecessor-version":[{"id":7227,"href":"https:\/\/puffvapestore.com\/de\/wp-json\/wp\/v2\/product\/6857\/revisions\/7227"}],"wp:featuredmedia":[{"embeddable":true,"href":"https:\/\/puffvapestore.com\/de\/wp-json\/wp\/v2\/media\/6668"}],"wp:attachment":[{"href":"https:\/\/puffvapestore.com\/de\/wp-json\/wp\/v2\/media?parent=6857"}],"wp:term":[{"taxonomy":"product_brand","embeddable":true,"href":"https:\/\/puffvapestore.com\/de\/wp-json\/wp\/v2\/product_brand?post=6857"},{"taxonomy":"product_cat","embeddable":true,"href":"https:\/\/puffvapestore.com\/de\/wp-json\/wp\/v2\/product_cat?post=6857"},{"taxonomy":"product_tag","embeddable":true,"href":"https:\/\/puffvapestore.com\/de\/wp-json\/wp\/v2\/product_tag?post=6857"}],"curies":[{"name":"wp","href":"https:\/\/api.w.org\/{rel}","templated":true}]}}