{"id":6835,"date":"2025-08-17T04:01:37","date_gmt":"2025-08-17T04:01:37","guid":{"rendered":"https:\/\/puffvapestore.com\/?post_type=product&#038;p=6835"},"modified":"2026-01-19T10:31:54","modified_gmt":"2026-01-19T10:31:54","slug":"love-66-bang-king-35k-offre-un-arome-sucre-et-fruite","status":"publish","type":"product","link":"https:\/\/puffvapestore.com\/de\/product\/love-66-bang-king-35k-bietet-ein-suses-und-fruchtiges-aroma\/","title":{"rendered":"Love 66 - Bang King 35000"},"content":{"rendered":"<div data-elementor-type=\"wp-post\" data-elementor-id=\"6835\" class=\"elementor elementor-6835\">\n\t\t\t\t<div class=\"elementor-element elementor-element-08c26f9 e-flex e-con-boxed e-con e-parent\" data-id=\"08c26f9\" data-element_type=\"container\" data-e-type=\"container\">\n\t\t\t\t\t<div class=\"e-con-inner\">\n\t\t\t\t<div class=\"elementor-element elementor-element-a005a97 elementor-widget elementor-widget-text-editor\" data-id=\"a005a97\" data-element_type=\"widget\" data-e-type=\"widget\" data-widget_type=\"text-editor.default\">\n\t\t\t\t<div class=\"elementor-widget-container\">\n\t\t\t\t\t\t\t\t\t<p>Die Bang King 35000 Love 66 ist f\u00fcr ihren reichen und komplexen Geschmack bekannt. Seine Gesamtbalance bietet ein s\u00fc\u00dfes, fruchtiges Aroma mit einem erfrischenden, leicht k\u00fchlenden Gef\u00fchl - ideal f\u00fcr Liebhaber komplexer Aromen.<\/p><h2>Details der Geschmacksrichtung Love 66<\/h2><p><strong>Fruchtige Noten<\/strong><br \/>Die elektronische Zigarette Love 66 bietet einen ausgepr\u00e4gten fruchtigen Geschmack, der haupts\u00e4chlich auf reifen Beeren wie Heidelbeeren und Brombeeren basiert, mit einem nat\u00fcrlich s\u00fc\u00df-sauren Geschmack. Schon beim Dampfen sp\u00fcren Sie zun\u00e4chst eine fruchtige S\u00fc\u00dfe und eine leichte S\u00e4ure, was ein reiches und komplexes Erlebnis schafft, ohne eint\u00f6nig zu sein.<\/p><p><strong>Sanft und frisch<\/strong><br \/>Love 66 hat eine moderate, runde, aber nicht \u00fcbertriebene S\u00fc\u00dfe, die sein fruchtiges Aroma perfekt erg\u00e4nzt. Ein Hauch von Minze oder eine leichte Frische durchdringt die S\u00fc\u00dfe, wodurch ein erfrischender und angenehmer Gesamtgeschmack entsteht. Die Frische beim Einatmen reizt den Hals nicht, wodurch die Frische im Mund noch betont wird.<\/p><p><strong>Subtile Aromen von Tabak und N\u00fcssen<\/strong><br \/>Neben den fruchtigen und s\u00fc\u00dfen Noten bietet Love 66 auch einen subtilen Tabakk\u00f6rper, der einem leicht ger\u00f6steten Nussgeschmack \u00e4hnelt und Tiefe und Komplexit\u00e4t hinzuf\u00fcgt. Dieses subtile Nussaroma verleiht dem Gaumen Dimension und W\u00e4rme.<\/p><p><strong>Finale<\/strong><br \/>Der Abgang ist klar, mit einer subtilen fruchtigen Frische und Minze. Das Aroma h\u00e4lt m\u00e4\u00dfig an, ohne den n\u00e4chsten Zug zu behindern, ohne zu leicht zu sein.<\/p><h2>Hochaufl\u00f6sender LED-Bildschirm<\/h2><p>Die Bang King 35000 Love 66 verf\u00fcgt \u00fcber ein intelligentes und innovatives LED-Display, das den Status des Ger\u00e4ts in Echtzeit anzeigt. Dieses benutzerfreundliche Display zeigt wichtige Informationen wie die verbleibende Akkulaufzeit und den F\u00fcllstand der E-Fl\u00fcssigkeit an, so dass die Benutzer ihren Verbrauch leicht \u00fcberwachen k\u00f6nnen. Diese Anzeige ist praktisch und garantiert eine optimale Nutzung bei leerem Akku oder niedrigem E-Fl\u00fcssigkeitsstand.<\/p><h2>Gro\u00dfe Kapazit\u00e4t an E-Liquid<\/h2><p>Die Bang King 35000 Love 66 ist mit 23 ml Premium-E-Liquid vorgef\u00fcllt und garantiert eine lange Nutzung ohne Nachf\u00fcllen. Dieses gro\u00dfe Fassungsverm\u00f6gen ist ideal f\u00fcr alle, die eine lange und sorgenfreie Erfahrung suchen, egal ob Gelegenheits- oder Intensivnutzer. Das vorgef\u00fcllte Design macht den \u00c4rger mit dem manuellen Nachf\u00fcllen von E-Fl\u00fcssigkeit \u00fcberfl\u00fcssig und bietet eine einfache, sofort einsatzbereite L\u00f6sung.<\/p><p>Die Bang King 35000 wurde f\u00fcr eine langfristige Haltbarkeit entwickelt und bietet eine beeindruckende Kapazit\u00e4t von 35000 Z\u00fcgen pro Einheit. Diese hohe Anzahl an Z\u00fcgen macht sie zu einer der langlebigsten elektronischen Einwegzigaretten auf dem Markt und erf\u00fcllt die Bed\u00fcrfnisse von Benutzern, die eine lange Nutzungsdauer ohne h\u00e4ufigen Austausch des Ger\u00e4ts bevorzugen. Ein hoher Zugzyklus gew\u00e4hrleistet eine dauerhafte und konstante Leistung, was sie zu einer erschwinglichen Wahl f\u00fcr Dampfer macht.<\/p><h2>Verschiedene Nikotinst\u00e4rken und Mesh-Widerstandstechnologie<\/h2><p>Die Bang King 35000 Love 66 bietet eine Vielzahl von Nikotinst\u00e4rken, um allen Bed\u00fcrfnissen gerecht zu werden: 0 %, 2 %, 3 % und 5 %. Egal, ob Sie eine nikotinfreie Erfahrung oder ein intensiveres Dampfen suchen, diese Optionen bieten eine gro\u00dfe Flexibilit\u00e4t, sowohl f\u00fcr Anf\u00e4nger, die von der traditionellen Zigarette wegkommen, als auch f\u00fcr erfahrene Dampfer, die eine individuelle Erfahrung suchen. Dieses Sortiment erf\u00fcllt die unterschiedlichsten Bed\u00fcrfnisse und spricht ein breites Publikum an.<\/p><p>Das Herzst\u00fcck des Bang King 35000 ist ein 0,6 \u03a9 Mesh-Widerstand, der zur Optimierung des Geschmacks und der Dampfproduktion entwickelt wurde. Die gr\u00f6\u00dfere Oberfl\u00e4che des Mesh-Widerstands sorgt f\u00fcr eine gleichm\u00e4\u00dfige Erw\u00e4rmung, f\u00fcr einen reichen und konstanten Geschmack und ein sanftes und komfortables Dampferlebnis. Diese fortschrittliche Technologie verbessert das gesamte Dampferlebnis und bietet einen besseren Geschmack und eine bessere Leistung als herk\u00f6mmliche Widerst\u00e4nde.<\/p><h2>Wiederaufladbarer Akku<\/h2><p>Die Bang King 35000 Love 66 ist mit einem wiederaufladbaren 1000-mAh-Akku ausgestattet und vereint die Zweckm\u00e4\u00dfigkeit einer elektronischen Einwegzigarette mit der Haltbarkeit eines wiederaufladbaren Akkus. Der Akku mit hoher Kapazit\u00e4t erm\u00f6glicht einen l\u00e4ngeren Gebrauch, und der Typ-C-Ladeanschluss sorgt f\u00fcr ein schnelles und effizientes Aufladen. Diese Funktion minimiert die Ausfallzeiten, sodass die Benutzer ohne Unterbrechung dampfen k\u00f6nnen.<\/p>\t\t\t\t\t\t\t\t<\/div>\n\t\t\t\t<\/div>\n\t\t\t\t\t<\/div>\n\t\t\t\t<\/div>\n\t\t\t\t<\/div>","protected":false},"excerpt":{"rendered":"<p>La Bang King 35000 Love 66 est r\u00e9put\u00e9e pour sa saveur riche et complexe. Son \u00e9quilibre global offre un ar\u00f4me sucr\u00e9 et fruit\u00e9 avec une sensation rafra\u00eechissante et l\u00e9g\u00e8rement rafra\u00eechissante, id\u00e9ale pour les amateurs de saveurs complexes. D\u00e9tails de la saveur Love 66 Notes fruit\u00e9es La cigarette \u00e9lectronique Love 66 offre une saveur fruit\u00e9e prononc\u00e9e, [&hellip;]<\/p>\n","protected":false},"featured_media":6665,"comment_status":"open","ping_status":"closed","template":"","meta":{"site-sidebar-layout":"no-sidebar","site-content-layout":"page-builder","ast-site-content-layout":"normal-width-container","site-content-style":"default","site-sidebar-style":"default","ast-global-header-display":"","ast-banner-title-visibility":"","ast-main-header-display":"","ast-hfb-above-header-display":"","ast-hfb-below-header-display":"","ast-hfb-mobile-header-display":"","site-post-title":"disabled","ast-breadcrumbs-content":"","ast-featured-img":"disabled","footer-sml-layout":"","ast-disable-related-posts":"","theme-transparent-header-meta":"default","adv-header-id-meta":"","stick-header-meta":"default","header-above-stick-meta":"","header-main-stick-meta":"","header-below-stick-meta":"","astra-migrate-meta-layouts":"set","ast-page-background-enabled":"default","ast-page-background-meta":{"desktop":{"background-color":"","background-image":"","background-repeat":"repeat","background-position":"center center","background-size":"auto","background-attachment":"scroll","background-type":"","background-media":"","overlay-type":"","overlay-color":"","overlay-opacity":"","overlay-gradient":""},"tablet":{"background-color":"","background-image":"","background-repeat":"repeat","background-position":"center center","background-size":"auto","background-attachment":"scroll","background-type":"","background-media":"","overlay-type":"","overlay-color":"","overlay-opacity":"","overlay-gradient":""},"mobile":{"background-color":"","background-image":"","background-repeat":"repeat","background-position":"center center","background-size":"auto","background-attachment":"scroll","background-type":"","background-media":"","overlay-type":"","overlay-color":"","overlay-opacity":"","overlay-gradient":""}},"ast-content-background-meta":{"desktop":{"background-color":"var(--ast-global-color-5)","background-image":"","background-repeat":"repeat","background-position":"center center","background-size":"auto","background-attachment":"scroll","background-type":"","background-media":"","overlay-type":"","overlay-color":"","overlay-opacity":"","overlay-gradient":""},"tablet":{"background-color":"var(--ast-global-color-5)","background-image":"","background-repeat":"repeat","background-position":"center center","background-size":"auto","background-attachment":"scroll","background-type":"","background-media":"","overlay-type":"","overlay-color":"","overlay-opacity":"","overlay-gradient":""},"mobile":{"background-color":"var(--ast-global-color-5)","background-image":"","background-repeat":"repeat","background-position":"center center","background-size":"auto","background-attachment":"scroll","background-type":"","background-media":"","overlay-type":"","overlay-color":"","overlay-opacity":"","overlay-gradient":""}}},"product_brand":[52],"product_cat":[57,105,15],"product_tag":[],"class_list":{"0":"post-6835","1":"product","2":"type-product","3":"status-publish","4":"has-post-thumbnail","6":"product_brand-bang-king","7":"product_cat-bang-king-35k-resistance-mesh","8":"product_cat-puff-35k","9":"product_cat-magasin-cigarette-electronique","10":"desktop-align-center","11":"tablet-align-center","12":"mobile-align-center","13":"ast-product-gallery-layout-horizontal","14":"ast-product-gallery-with-no-image","15":"ast-product-single-variable","16":"ast-product-tabs-layout-horizontal","17":"ast-qv-on-image","19":"first","20":"instock","21":"sale","22":"shipping-taxable","23":"purchasable","24":"product-type-variable","25":"has-default-attributes"},"tiered_pricing_type":"fixed","tiered_pricing_fixed_rules":{"50":6.83,"100":6.22},"tiered_pricing_product_settings":{"layout":"default","base_unit_name":{"singular":null,"plural":null},"default_variation":null},"tiered_pricing_minimum_quantity":null,"tiered_pricing_roles_data":[],"tiered_pricing_percentage_rules":[],"_links":{"self":[{"href":"https:\/\/puffvapestore.com\/de\/wp-json\/wp\/v2\/product\/6835","targetHints":{"allow":["GET"]}}],"collection":[{"href":"https:\/\/puffvapestore.com\/de\/wp-json\/wp\/v2\/product"}],"about":[{"href":"https:\/\/puffvapestore.com\/de\/wp-json\/wp\/v2\/types\/product"}],"replies":[{"embeddable":true,"href":"https:\/\/puffvapestore.com\/de\/wp-json\/wp\/v2\/comments?post=6835"}],"version-history":[{"count":7,"href":"https:\/\/puffvapestore.com\/de\/wp-json\/wp\/v2\/product\/6835\/revisions"}],"predecessor-version":[{"id":7225,"href":"https:\/\/puffvapestore.com\/de\/wp-json\/wp\/v2\/product\/6835\/revisions\/7225"}],"wp:featuredmedia":[{"embeddable":true,"href":"https:\/\/puffvapestore.com\/de\/wp-json\/wp\/v2\/media\/6665"}],"wp:attachment":[{"href":"https:\/\/puffvapestore.com\/de\/wp-json\/wp\/v2\/media?parent=6835"}],"wp:term":[{"taxonomy":"product_brand","embeddable":true,"href":"https:\/\/puffvapestore.com\/de\/wp-json\/wp\/v2\/product_brand?post=6835"},{"taxonomy":"product_cat","embeddable":true,"href":"https:\/\/puffvapestore.com\/de\/wp-json\/wp\/v2\/product_cat?post=6835"},{"taxonomy":"product_tag","embeddable":true,"href":"https:\/\/puffvapestore.com\/de\/wp-json\/wp\/v2\/product_tag?post=6835"}],"curies":[{"name":"wp","href":"https:\/\/api.w.org\/{rel}","templated":true}]}}