{"id":6809,"date":"2025-08-23T07:43:10","date_gmt":"2025-08-23T07:43:10","guid":{"rendered":"https:\/\/puffvapestore.com\/?post_type=product&#038;p=6809"},"modified":"2026-01-19T10:31:54","modified_gmt":"2026-01-19T10:31:54","slug":"blueberry-ice-bang-king-35k-est-incroyablement-authentique","status":"publish","type":"product","link":"https:\/\/puffvapestore.com\/de\/product\/blueberry-ice-bang-king-35k-ist-unglaublich-authentisch\/","title":{"rendered":"Blueberry Ice - Bang King 35000"},"content":{"rendered":"<div data-elementor-type=\"wp-post\" data-elementor-id=\"6809\" class=\"elementor elementor-6809\">\n\t\t\t\t<div class=\"elementor-element elementor-element-08c26f9 e-flex e-con-boxed e-con e-parent\" data-id=\"08c26f9\" data-element_type=\"container\" data-e-type=\"container\">\n\t\t\t\t\t<div class=\"e-con-inner\">\n\t\t\t\t<div class=\"elementor-element elementor-element-a005a97 elementor-widget elementor-widget-text-editor\" data-id=\"a005a97\" data-element_type=\"widget\" data-e-type=\"widget\" data-widget_type=\"text-editor.default\">\n\t\t\t\t<div class=\"elementor-widget-container\">\n\t\t\t\t\t\t\t\t\t<p>Das Blueberry Ice Aroma wird von Blaubeeren dominiert, und das erste, was man beim Rauchen wahrnimmt, ist ein reiches und frisches Blaubeeraroma. Der Heidelbeergeschmack ist lebhaft und s\u00fc\u00df, mit einer nat\u00fcrlichen S\u00e4ure, die die S\u00fc\u00dfe perfekt ausgleicht und so einen ekelhaften oder monotonen Geschmack vermeidet. Der Heidelbeergeschmack ist unglaublich authentisch, wie frisch gepfl\u00fcckte Heidelbeeren, mit einer kr\u00e4ftigen, fleischigen Textur und einer subtilen S\u00e4ure von roten Fr\u00fcchten.<\/p><p>Auf die s\u00fc\u00dfe Heidelbeere folgt ein deutlicher Geschmack von frischer Minze. Dieses k\u00fchle Gef\u00fchl ist erfrischend, nicht aggressiv, sondern sanft und anhaltend, bringt eine erfrischende K\u00fchle in den Mund und sublimiert den Gesamtgeschmack. Der k\u00fchlende Effekt hebt die S\u00fc\u00dfe der Heidelbeere hervor und gleicht die starke S\u00fc\u00dfe im Mund aus.<\/p><h2>Die S\u00fc\u00dfe ist m\u00e4\u00dfig und komplex.<\/h2><p>Trotz ihrer sehr s\u00fc\u00dfen Basis dominiert sie nicht die fruchtigen und mentholhaltigen Noten. Stattdessen bildet sie ein harmonisches Trio mit der S\u00e4ure der Heidelbeere und der Frische der Minze. Die S\u00fc\u00dfe ist zart, mit einem Hauch von Fruchtzucker, der den cremigen und weichen Geschmack abrundet.<\/p><h2>Der Abgang ist lang und ehrlich.<\/h2><p>Nach dem Einatmen des Rauchs bleibt der fruchtig-frische Geschmack der Heidelbeere im Mund erhalten und hinterl\u00e4sst einen klaren, erfrischenden Abgang ohne anhaltende S\u00fc\u00dfe oder unangenehme Empfindungen. Die Frische l\u00e4sst langsam nach und hinterl\u00e4sst einen leichten, anhaltenden fruchtigen Nachgeschmack.<\/p><h2>Allgemeine geschmackliche Beschreibung<\/h2><p>Bang King 35000 Blueberry Ice ist eine ausgewogene Mischung, die die Frische von Fr\u00fcchten mit der K\u00fchle von Eiscreme verbindet. Es ist perfekt f\u00fcr diejenigen, die einen reichhaltigen, fruchtigen Geschmack sch\u00e4tzen, und befriedigt gleichzeitig diejenigen, die einen erfrischenden Geschmack bevorzugen. Ob Sie es langsam genie\u00dfen oder schnell inhalieren, Sie werden einen reichen Geschmack und ein cremiges, angenehmes Mundgef\u00fchl erleben.<\/p><h2>Gro\u00dfe Fl\u00fcssigkeitskapazit\u00e4t und gro\u00dfe Batterie<\/h2><p>Die Bang King 35000 Blueberry Ice wird mit 23 ml vorgef\u00fcllter E-Fl\u00fcssigkeit geliefert, wodurch h\u00e4ufiges Nachf\u00fcllen entf\u00e4llt und eine lange, sorgenfreie Nutzung gew\u00e4hrleistet ist. Die gro\u00dfe Kapazit\u00e4t garantiert einen gleichbleibenden Geschmack und eine lang anhaltende Zerst\u00e4ubung.<\/p><p>Ausgestattet mit einem hochkapazitiven 1000-mAh-Lithium-Akku, der mit dem Typ-C-Schnellladeger\u00e4t kompatibel ist, bietet er eine l\u00e4ngere Akkulaufzeit und eine Schnellladefunktion, die Ihren t\u00e4glichen Vaporisationsbed\u00fcrfnissen gerecht wird.<\/p><p>Jede elektronische Zigarette Bang King 35000 Blueberry Ice bietet bis zu 35000 Z\u00fcge, d. h. eine l\u00e4ngere Reichweite als herk\u00f6mmliche Produkte auf dem Markt, ideal f\u00fcr Intensivnutzer oder lange Reisende.<\/p><h2>Hochleistungs-Zerst\u00e4uberwiderstand<\/h2><p>Die Bang King 35000 Blueberry Ice ist mit einem Mesh-Widerstand von 0,6 \u03a9 ausgestattet, der f\u00fcr eine gleichm\u00e4\u00dfige Erw\u00e4rmung und ein hohes Dampfvolumen sorgt und einen intensiveren Geschmack und eine sanftere Inhalation bietet.<\/p><h2>Intelligenter LED-Bildschirm<\/h2><p>Das unabh\u00e4ngige intelligente LED-Display zeigt den Akkustand und die verbleibende E-Fl\u00fcssigkeit in Echtzeit an, sodass die Benutzer den Status des Ger\u00e4ts klar \u00fcberwachen und unerwartete Stromausf\u00e4lle oder niedrige E-Fl\u00fcssigkeitsst\u00e4nde vermeiden k\u00f6nnen.<\/p><h2>Eine Vielzahl von Nikotinkonzentrationen zur Auswahl<\/h2><p>Die Bang King 35000 Blueberry Ice bietet verschiedene Nikotinst\u00e4rken: 0 %, 2 %, 3 % und 5 %, um den Bed\u00fcrfnissen aller Nutzer gerecht zu werden, von der Null-Nikotin-Erfahrung bis zum nikotinreichen Hals-Hit.<\/p><h2>Schutzsystem<\/h2><p>Der Bang King 35000 verf\u00fcgt \u00fcber ein integriertes Trockenbrandschutzsystem, das die Heizung automatisch stoppt, wenn die E-Fl\u00fcssigkeit aufgebraucht ist, wodurch Sch\u00e4den am Widerstand des Zerst\u00e4ubers vermieden werden und die Sicherheit des Benutzers gew\u00e4hrleistet ist.<\/p><p>Der Bang King 35000 hat einen ergonomischen, abgerundeten K\u00f6rper, der bequem zu halten ist, und eine zarte, kratzfeste und rutschfeste Oberfl\u00e4che, die einen einfachen Transport und Gebrauch erm\u00f6glicht.<\/p>\t\t\t\t\t\t\t\t<\/div>\n\t\t\t\t<\/div>\n\t\t\t\t\t<\/div>\n\t\t\t\t<\/div>\n\t\t\t\t<\/div>","protected":false},"excerpt":{"rendered":"<p>L&rsquo;ar\u00f4me Blueberry Ice est domin\u00e9 par la myrtille, et la premi\u00e8re chose que l&rsquo;on per\u00e7oit en fumant est un ar\u00f4me riche et frais de myrtille. La saveur de myrtille est vive et sucr\u00e9e, avec une acidit\u00e9 naturelle qui \u00e9quilibre parfaitement la douceur, \u00e9vitant ainsi un go\u00fbt \u00e9c\u0153urant ou monotone. La saveur de myrtille est incroyablement [&hellip;]<\/p>\n","protected":false},"featured_media":6659,"comment_status":"open","ping_status":"closed","template":"","meta":{"site-sidebar-layout":"no-sidebar","site-content-layout":"page-builder","ast-site-content-layout":"normal-width-container","site-content-style":"default","site-sidebar-style":"default","ast-global-header-display":"","ast-banner-title-visibility":"","ast-main-header-display":"","ast-hfb-above-header-display":"","ast-hfb-below-header-display":"","ast-hfb-mobile-header-display":"","site-post-title":"disabled","ast-breadcrumbs-content":"","ast-featured-img":"disabled","footer-sml-layout":"","ast-disable-related-posts":"","theme-transparent-header-meta":"default","adv-header-id-meta":"","stick-header-meta":"default","header-above-stick-meta":"","header-main-stick-meta":"","header-below-stick-meta":"","astra-migrate-meta-layouts":"set","ast-page-background-enabled":"default","ast-page-background-meta":{"desktop":{"background-color":"","background-image":"","background-repeat":"repeat","background-position":"center center","background-size":"auto","background-attachment":"scroll","background-type":"","background-media":"","overlay-type":"","overlay-color":"","overlay-opacity":"","overlay-gradient":""},"tablet":{"background-color":"","background-image":"","background-repeat":"repeat","background-position":"center center","background-size":"auto","background-attachment":"scroll","background-type":"","background-media":"","overlay-type":"","overlay-color":"","overlay-opacity":"","overlay-gradient":""},"mobile":{"background-color":"","background-image":"","background-repeat":"repeat","background-position":"center center","background-size":"auto","background-attachment":"scroll","background-type":"","background-media":"","overlay-type":"","overlay-color":"","overlay-opacity":"","overlay-gradient":""}},"ast-content-background-meta":{"desktop":{"background-color":"var(--ast-global-color-5)","background-image":"","background-repeat":"repeat","background-position":"center center","background-size":"auto","background-attachment":"scroll","background-type":"","background-media":"","overlay-type":"","overlay-color":"","overlay-opacity":"","overlay-gradient":""},"tablet":{"background-color":"var(--ast-global-color-5)","background-image":"","background-repeat":"repeat","background-position":"center center","background-size":"auto","background-attachment":"scroll","background-type":"","background-media":"","overlay-type":"","overlay-color":"","overlay-opacity":"","overlay-gradient":""},"mobile":{"background-color":"var(--ast-global-color-5)","background-image":"","background-repeat":"repeat","background-position":"center center","background-size":"auto","background-attachment":"scroll","background-type":"","background-media":"","overlay-type":"","overlay-color":"","overlay-opacity":"","overlay-gradient":""}}},"product_brand":[52],"product_cat":[57,105,15],"product_tag":[],"class_list":{"0":"post-6809","1":"product","2":"type-product","3":"status-publish","4":"has-post-thumbnail","6":"product_brand-bang-king","7":"product_cat-bang-king-35k-resistance-mesh","8":"product_cat-puff-35k","9":"product_cat-magasin-cigarette-electronique","10":"desktop-align-center","11":"tablet-align-center","12":"mobile-align-center","13":"ast-product-gallery-layout-horizontal","14":"ast-product-gallery-with-no-image","15":"ast-product-single-variable","16":"ast-product-tabs-layout-horizontal","17":"ast-qv-on-image","19":"first","20":"instock","21":"sale","22":"shipping-taxable","23":"purchasable","24":"product-type-variable","25":"has-default-attributes"},"tiered_pricing_type":"fixed","tiered_pricing_fixed_rules":{"50":6.83,"100":6.22},"tiered_pricing_product_settings":{"layout":"default","base_unit_name":{"singular":null,"plural":null},"default_variation":null},"tiered_pricing_minimum_quantity":null,"tiered_pricing_roles_data":[],"tiered_pricing_percentage_rules":[],"_links":{"self":[{"href":"https:\/\/puffvapestore.com\/de\/wp-json\/wp\/v2\/product\/6809","targetHints":{"allow":["GET"]}}],"collection":[{"href":"https:\/\/puffvapestore.com\/de\/wp-json\/wp\/v2\/product"}],"about":[{"href":"https:\/\/puffvapestore.com\/de\/wp-json\/wp\/v2\/types\/product"}],"replies":[{"embeddable":true,"href":"https:\/\/puffvapestore.com\/de\/wp-json\/wp\/v2\/comments?post=6809"}],"version-history":[{"count":7,"href":"https:\/\/puffvapestore.com\/de\/wp-json\/wp\/v2\/product\/6809\/revisions"}],"predecessor-version":[{"id":7223,"href":"https:\/\/puffvapestore.com\/de\/wp-json\/wp\/v2\/product\/6809\/revisions\/7223"}],"wp:featuredmedia":[{"embeddable":true,"href":"https:\/\/puffvapestore.com\/de\/wp-json\/wp\/v2\/media\/6659"}],"wp:attachment":[{"href":"https:\/\/puffvapestore.com\/de\/wp-json\/wp\/v2\/media?parent=6809"}],"wp:term":[{"taxonomy":"product_brand","embeddable":true,"href":"https:\/\/puffvapestore.com\/de\/wp-json\/wp\/v2\/product_brand?post=6809"},{"taxonomy":"product_cat","embeddable":true,"href":"https:\/\/puffvapestore.com\/de\/wp-json\/wp\/v2\/product_cat?post=6809"},{"taxonomy":"product_tag","embeddable":true,"href":"https:\/\/puffvapestore.com\/de\/wp-json\/wp\/v2\/product_tag?post=6809"}],"curies":[{"name":"wp","href":"https:\/\/api.w.org\/{rel}","templated":true}]}}