{"id":6787,"date":"2025-08-18T11:23:02","date_gmt":"2025-08-18T11:23:02","guid":{"rendered":"https:\/\/puffvapestore.com\/?post_type=product&#038;p=6787"},"modified":"2026-01-19T10:31:54","modified_gmt":"2026-01-19T10:31:54","slug":"bang-king-35k-blue-razz-ice-offre-un-arome-equilibre-de-framboise-bleue","status":"publish","type":"product","link":"https:\/\/puffvapestore.com\/de\/product\/bang-king-35k-blue-razz-ice-bietet-ein-ausgeglichenes-aroma-von-blauer-himbeere\/","title":{"rendered":"Bang King 35000 - Blue Razz Ice"},"content":{"rendered":"<div data-elementor-type=\"wp-post\" data-elementor-id=\"6787\" class=\"elementor elementor-6787\">\n\t\t\t\t<div class=\"elementor-element elementor-element-08c26f9 e-flex e-con-boxed e-con e-parent\" data-id=\"08c26f9\" data-element_type=\"container\" data-e-type=\"container\">\n\t\t\t\t\t<div class=\"e-con-inner\">\n\t\t\t\t<div class=\"elementor-element elementor-element-a005a97 elementor-widget elementor-widget-text-editor\" data-id=\"a005a97\" data-element_type=\"widget\" data-e-type=\"widget\" data-widget_type=\"text-editor.default\">\n\t\t\t\t<div class=\"elementor-widget-container\">\n\t\t\t\t\t\t\t\t\t<p>Die elektronische Zigarette Bang King 35000 Blue Razz Ice bietet ein ausgewogenes Aroma von blauer Himbeere ab dem ersten Zug. Sie bietet einen fruchtigen, saftigen und erfrischenden Geschmack ab dem ersten Zug, gefolgt von einem frischen, minzigen Gef\u00fchl, das sich schnell in der Kehle ausbreitet, f\u00fcr ein s\u00fc\u00dfes, klares und lang anhaltendes erfrischendes Erlebnis.<\/p><h2>Hauptnote: S\u00fc\u00df-saure blaue Himbeere<\/h2><p>Der Hauptgeschmack ist ein s\u00fc\u00dfer und s\u00e4uerlicher \"Heidelbeer\"-Geschmack, \u00e4hnlich dem fruchtigen und leicht s\u00e4uerlichen Geschmack der blauen Himbeere. Dies schafft ein erfrischendes Gleichgewicht zwischen fruchtigem Aroma und S\u00fc\u00dfe vom ersten Zug an.<\/p><h2>Eis: Ein erfrischender Boost aus Minze und Eis<\/h2><p>Ein deutliches Eisgef\u00fchl gesellt sich zu dem fruchtigen Geschmack und erzeugt ein erfrischendes und anregendes Gef\u00fchl, \u00e4hnlich wie bei einem Minz- oder Eisnebel. Es verleiht dem Geschmack Tiefe und hinterl\u00e4sst beim Einatmen ein erfrischendes Gef\u00fchl in Mund und Rachen.<\/p><h2>Geschmack: S\u00fc\u00df und klar<\/h2><p>Die Formel betont Weichheit und Frische, mit einem leichten Widerstand gegen das Einatmen und ohne Sch\u00e4rfe. Das Fehlen eines unangenehmen Nachgeschmacks und von Sch\u00e4rfe bietet ein reines und klares Erlebnis.<\/p><h2>Details der Geschmacksrichtung Blue Razz Ice<\/h2><h3>Frisches fruchtiges Aroma + eisiger Nachgeschmack<\/h3><p>Der Mund wird zun\u00e4chst von s\u00fc\u00dfen und s\u00e4uerlichen Blaubeeraromen \u00fcberschwemmt, gefolgt von einem schnellen eisigen Gef\u00fchl, das beim Einatmen einen \"fruchtigen Eissturm\" erzeugt: eine s\u00fc\u00dfe, erfrischende Mischung aus Frische, die Lust auf mehr macht.<\/p><h3>Geeignet f\u00fcr Liebhaber von Menthol, Minze oder eisigen Geschmacksrichtungen.<\/h3><p>Wenn Sie einen s\u00fc\u00dfen fruchtigen Geschmack mit einem eisigen Abgang bevorzugen, verk\u00f6rpert Blue Razz Ice diesen Stil: ein erfrischendes fruchtiges Erlebnis, ohne zu stark oder schwer zu sein.<\/p><h2>Gro\u00dfe Fl\u00fcssigkeitskapazit\u00e4t und gro\u00dfe Batterie<\/h2><p>Die Bang King 35000 Blue Razz Ice wird mit 23 ml vorgef\u00fcllter E-Fl\u00fcssigkeit geliefert, wodurch h\u00e4ufiges Nachf\u00fcllen entf\u00e4llt und eine lange, sorgenfreie Nutzung gew\u00e4hrleistet ist. Die gro\u00dfe Kapazit\u00e4t garantiert einen gleichbleibenden Geschmack und eine lang anhaltende Zerst\u00e4ubung.<\/p><p>Ausgestattet mit einem hochkapazitiven 1000-mAh-Lithium-Akku, der mit dem Typ-C-Schnellladeger\u00e4t kompatibel ist, bietet er eine l\u00e4ngere Akkulaufzeit und eine Schnellladefunktion, die Ihren t\u00e4glichen Vaporisationsbed\u00fcrfnissen gerecht wird.<\/p><p>Jede elektronische Zigarette Bang King 35000 Blue Razz Ice bietet bis zu 35000 Z\u00fcge, d. h. eine l\u00e4ngere Reichweite als herk\u00f6mmliche Produkte auf dem Markt, ideal f\u00fcr Intensivnutzer oder lange Reisende.<\/p><h2>Hochleistungs-Zerst\u00e4uberwiderstand<\/h2><p>Die Bang King 35000 Blue Razz Ice ist mit einem Mesh-Widerstand von 0,6 \u03a9 ausgestattet, der f\u00fcr eine gleichm\u00e4\u00dfige Erw\u00e4rmung und ein hohes Dampfvolumen sorgt und einen intensiveren Geschmack und eine sanftere Inhalation bietet.<\/p><h2>Intelligenter LED-Bildschirm<\/h2><p>Das unabh\u00e4ngige intelligente LED-Display zeigt den Akkustand und die verbleibende E-Fl\u00fcssigkeit in Echtzeit an, sodass die Benutzer den Status des Ger\u00e4ts klar \u00fcberwachen und unerwartete Stromausf\u00e4lle oder niedrige E-Fl\u00fcssigkeitsst\u00e4nde vermeiden k\u00f6nnen.<\/p><h2>Eine Vielzahl von Nikotinkonzentrationen zur Auswahl<\/h2><p>Die Bang King 35000 Blue Razz Ice bietet verschiedene Nikotinst\u00e4rken: 0 %, 2 %, 3 % und 5 %, um den Bed\u00fcrfnissen aller Nutzer gerecht zu werden, von der Null-Nikotin-Erfahrung bis zum nikotinreichen Hals-Hit.<\/p><h2>Schutzsystem<\/h2><p>Der Bang King 35000 verf\u00fcgt \u00fcber ein integriertes Trockenbrandschutzsystem, das die Heizung automatisch stoppt, wenn die E-Fl\u00fcssigkeit aufgebraucht ist, wodurch Sch\u00e4den am Widerstand des Zerst\u00e4ubers vermieden werden und die Sicherheit des Benutzers gew\u00e4hrleistet ist.<\/p><p>Der Bang King 35000 hat einen ergonomischen, abgerundeten K\u00f6rper, der bequem zu halten ist, und eine zarte, kratzfeste und rutschfeste Oberfl\u00e4che, die einen einfachen Transport und Gebrauch erm\u00f6glicht.<\/p>\t\t\t\t\t\t\t\t<\/div>\n\t\t\t\t<\/div>\n\t\t\t\t\t<\/div>\n\t\t\t\t<\/div>\n\t\t\t\t<\/div>","protected":false},"excerpt":{"rendered":"<p>La cigarette \u00e9lectronique Bang King 35000 Blue Razz Ice offre un ar\u00f4me \u00e9quilibr\u00e9 de framboise bleue d\u00e8s la premi\u00e8re bouff\u00e9e, offrant une saveur fruit\u00e9e, juteuse et rafra\u00eechissante d\u00e8s la premi\u00e8re bouff\u00e9e, suivie d&rsquo;une sensation fra\u00eeche et menthol\u00e9e qui se propage rapidement en gorge, pour une exp\u00e9rience rafra\u00eechissante douce, claire et durable. Note principale\u00a0: Framboise bleue [&hellip;]<\/p>\n","protected":false},"featured_media":6658,"comment_status":"open","ping_status":"closed","template":"","meta":{"site-sidebar-layout":"no-sidebar","site-content-layout":"page-builder","ast-site-content-layout":"normal-width-container","site-content-style":"default","site-sidebar-style":"default","ast-global-header-display":"","ast-banner-title-visibility":"","ast-main-header-display":"","ast-hfb-above-header-display":"","ast-hfb-below-header-display":"","ast-hfb-mobile-header-display":"","site-post-title":"disabled","ast-breadcrumbs-content":"","ast-featured-img":"disabled","footer-sml-layout":"","ast-disable-related-posts":"","theme-transparent-header-meta":"default","adv-header-id-meta":"","stick-header-meta":"default","header-above-stick-meta":"","header-main-stick-meta":"","header-below-stick-meta":"","astra-migrate-meta-layouts":"set","ast-page-background-enabled":"default","ast-page-background-meta":{"desktop":{"background-color":"","background-image":"","background-repeat":"repeat","background-position":"center center","background-size":"auto","background-attachment":"scroll","background-type":"","background-media":"","overlay-type":"","overlay-color":"","overlay-opacity":"","overlay-gradient":""},"tablet":{"background-color":"","background-image":"","background-repeat":"repeat","background-position":"center center","background-size":"auto","background-attachment":"scroll","background-type":"","background-media":"","overlay-type":"","overlay-color":"","overlay-opacity":"","overlay-gradient":""},"mobile":{"background-color":"","background-image":"","background-repeat":"repeat","background-position":"center center","background-size":"auto","background-attachment":"scroll","background-type":"","background-media":"","overlay-type":"","overlay-color":"","overlay-opacity":"","overlay-gradient":""}},"ast-content-background-meta":{"desktop":{"background-color":"var(--ast-global-color-5)","background-image":"","background-repeat":"repeat","background-position":"center center","background-size":"auto","background-attachment":"scroll","background-type":"","background-media":"","overlay-type":"","overlay-color":"","overlay-opacity":"","overlay-gradient":""},"tablet":{"background-color":"var(--ast-global-color-5)","background-image":"","background-repeat":"repeat","background-position":"center center","background-size":"auto","background-attachment":"scroll","background-type":"","background-media":"","overlay-type":"","overlay-color":"","overlay-opacity":"","overlay-gradient":""},"mobile":{"background-color":"var(--ast-global-color-5)","background-image":"","background-repeat":"repeat","background-position":"center center","background-size":"auto","background-attachment":"scroll","background-type":"","background-media":"","overlay-type":"","overlay-color":"","overlay-opacity":"","overlay-gradient":""}}},"product_brand":[52],"product_cat":[57,105,15],"product_tag":[],"class_list":{"0":"post-6787","1":"product","2":"type-product","3":"status-publish","4":"has-post-thumbnail","6":"product_brand-bang-king","7":"product_cat-bang-king-35k-resistance-mesh","8":"product_cat-puff-35k","9":"product_cat-magasin-cigarette-electronique","10":"desktop-align-center","11":"tablet-align-center","12":"mobile-align-center","13":"ast-product-gallery-layout-horizontal","14":"ast-product-gallery-with-no-image","15":"ast-product-single-variable","16":"ast-product-tabs-layout-horizontal","17":"ast-qv-on-image","19":"first","20":"instock","21":"sale","22":"shipping-taxable","23":"purchasable","24":"product-type-variable","25":"has-default-attributes"},"tiered_pricing_type":"fixed","tiered_pricing_fixed_rules":{"50":6.83,"100":6.22},"tiered_pricing_product_settings":{"layout":"default","base_unit_name":{"singular":null,"plural":null},"default_variation":null},"tiered_pricing_minimum_quantity":null,"tiered_pricing_roles_data":[],"tiered_pricing_percentage_rules":[],"_links":{"self":[{"href":"https:\/\/puffvapestore.com\/de\/wp-json\/wp\/v2\/product\/6787","targetHints":{"allow":["GET"]}}],"collection":[{"href":"https:\/\/puffvapestore.com\/de\/wp-json\/wp\/v2\/product"}],"about":[{"href":"https:\/\/puffvapestore.com\/de\/wp-json\/wp\/v2\/types\/product"}],"replies":[{"embeddable":true,"href":"https:\/\/puffvapestore.com\/de\/wp-json\/wp\/v2\/comments?post=6787"}],"version-history":[{"count":7,"href":"https:\/\/puffvapestore.com\/de\/wp-json\/wp\/v2\/product\/6787\/revisions"}],"predecessor-version":[{"id":7221,"href":"https:\/\/puffvapestore.com\/de\/wp-json\/wp\/v2\/product\/6787\/revisions\/7221"}],"wp:featuredmedia":[{"embeddable":true,"href":"https:\/\/puffvapestore.com\/de\/wp-json\/wp\/v2\/media\/6658"}],"wp:attachment":[{"href":"https:\/\/puffvapestore.com\/de\/wp-json\/wp\/v2\/media?parent=6787"}],"wp:term":[{"taxonomy":"product_brand","embeddable":true,"href":"https:\/\/puffvapestore.com\/de\/wp-json\/wp\/v2\/product_brand?post=6787"},{"taxonomy":"product_cat","embeddable":true,"href":"https:\/\/puffvapestore.com\/de\/wp-json\/wp\/v2\/product_cat?post=6787"},{"taxonomy":"product_tag","embeddable":true,"href":"https:\/\/puffvapestore.com\/de\/wp-json\/wp\/v2\/product_tag?post=6787"}],"curies":[{"name":"wp","href":"https:\/\/api.w.org\/{rel}","templated":true}]}}