{"id":6746,"date":"2025-08-15T06:18:15","date_gmt":"2025-08-15T06:18:15","guid":{"rendered":"https:\/\/puffvapestore.com\/?post_type=product&#038;p=6746"},"modified":"2026-01-19T10:31:54","modified_gmt":"2026-01-19T10:31:54","slug":"bang-king-35000-double-apple-arome-fruite-riche-et-complexe","status":"publish","type":"product","link":"https:\/\/puffvapestore.com\/de\/product\/bang-king-35000-double-apple-fruchtiges-aroma-reich-und-komplex\/","title":{"rendered":"Bang King 35000 - Doppelter Apple"},"content":{"rendered":"<div data-elementor-type=\"wp-post\" data-elementor-id=\"6746\" class=\"elementor elementor-6746\">\n\t\t\t\t<div class=\"elementor-element elementor-element-08c26f9 e-flex e-con-boxed e-con e-parent\" data-id=\"08c26f9\" data-element_type=\"container\" data-e-type=\"container\">\n\t\t\t\t\t<div class=\"e-con-inner\">\n\t\t\t\t<div class=\"elementor-element elementor-element-a005a97 elementor-widget elementor-widget-text-editor\" data-id=\"a005a97\" data-element_type=\"widget\" data-e-type=\"widget\" data-widget_type=\"text-editor.default\">\n\t\t\t\t<div class=\"elementor-widget-container\">\n\t\t\t\t\t\t\t\t\t<p>Der Hauptgeschmack des Bang King 35000 Doppelapfel ist der Doppelapfel, der ein reiches und komplexes Fruchtaroma mit einer perfekten Balance zwischen S\u00fc\u00dfe und S\u00e4ure bietet. Erg\u00e4nzt wird dieser Tabak durch eine weiche und sanfte Tabakbasis, die die erfrischende S\u00fc\u00dfe der Frucht mit der Schwere des Tabaks verbindet.<\/p><h2>Mit der Geschmacksrichtung Doppelter Apfel<\/h2><p>Das Herzst\u00fcck dieses Tabaks ist die Geschmacksrichtung \"Double Apple\", eine Verschmelzung der Aromen von roten und gr\u00fcnen \u00c4pfeln. Der rote Apfel bringt eine weiche, leicht nektarinenartige S\u00fc\u00dfe mit sich, w\u00e4hrend der gr\u00fcne Apfel ein frisches, leicht s\u00e4uerliches Fruchtaroma beisteuert und so einen auffallenden Kontrast und ein Gleichgewicht schafft.<\/p><h2>Reiches und komplexes fruchtiges Aroma<\/h2><p>Bei der Inhalation ist der erste Eindruck ein reiches Apfelaroma, vermischt mit S\u00fc\u00dfe und S\u00e4ure, jedoch nicht zu stark, sondern f\u00fcgt dem Ganzen eine vibrierende Note hinzu. Mit zunehmender Rauchintensit\u00e4t wird das fruchtige Aroma immer raffinierter und s\u00fc\u00dfer und enth\u00fcllt eine nat\u00fcrliche fruchtige S\u00fc\u00dfe.<\/p><h2>Die sanften Noten von Tabak<\/h2><p>Obwohl der fruchtige Geschmack dominiert, bleibt der Eigengeschmack des Tabaks bestehen und verleiht dem Double Apple Reichtum und K\u00f6rper.<\/p><p>\u00dcber den Hauptgeschmack hinaus sorgt ein subtiler Hauch von Zimt oder Nelken f\u00fcr Komplexit\u00e4t, wodurch der Geschmack des Double Apple ausgewogener und voller wird.<\/p><h2>Geschmackliche Details :<\/h2><p>Bei der Inhalation weckt das frische Apfelaroma sofort den Gaumen und schafft eine angenehme Obstgartenatmosph\u00e4re.<\/p><p>Der Rauch ist mild und cremig, ohne Reizung des Rachens, ideal f\u00fcr einen l\u00e4ngeren Konsum.<\/p><p>Der Nachgeschmack mit seinen Noten von s\u00fc\u00dfem Apfel und dezentem Tabak ist unglaublich lang anhaltend.<\/p><p>Der Abgang ist weich im Mund und das Aroma h\u00e4lt gerade so lange an, wie es n\u00f6tig ist, ohne zu schnell oder zu lange zu verblassen, um ekelerregend zu werden.<\/p><h2>Langlebiger Akku und wiederaufladbarer Akku mit hoher Kapazit\u00e4t<\/h2><p>Der BANG KING 35000 Double Apple ist ein Einweg-Elektronischer Verdampfer mit hoher Kapazit\u00e4t, der f\u00fcr ein lang anhaltendes Erlebnis und unvergleichliche Aromen entwickelt wurde. Jede elektronische Zigarette BANG KING 35000 bietet bis zu 35000 Z\u00fcge. Die eingebaute wiederaufladbare Batterie mit hoher Kapazit\u00e4t und der extra gro\u00dfe Liquidtank sorgen f\u00fcr eine volle und sanfte Inhalation.<\/p><p>Dank seines leistungsstarken, wiederaufladbaren Lithium-Akkus mit 1000 mAh und dem Typ-C-Schnellladeanschluss m\u00fcssen Sie sich nie wieder Sorgen um einen Batterieausfall machen. Sein extra gro\u00dfer, vorgef\u00fcllter 23-ml-E-Liquidtank sorgt zusammen mit der Mesh-Coil-Technologie und einem optimierten 0,6 \u03a9-Widerstand f\u00fcr eine gleichm\u00e4\u00dfige Erw\u00e4rmung, einen reichhaltigen Geschmack und ein gro\u00dfz\u00fcgiges Dampfvolumen.<\/p><h2>LED-Anzeige und mehrere Nikotinstufen<\/h2><p>Der BANG KING 35000 Double Apple verf\u00fcgt \u00fcber ein intelligentes LED-Display, das in Echtzeit die verbleibende Akkukapazit\u00e4t und den Stand der E-Fl\u00fcssigkeit anzeigt, sodass Sie den Status des Ger\u00e4ts jederzeit im Auge behalten k\u00f6nnen. Die einzigartige Anti-Dry-Burn-Technologie verhindert effektiv Brandger\u00fcche bei niedrigem E-Fl\u00fcssigkeitsstand und verl\u00e4ngert so die Lebensdauer des Widerstands im Zerst\u00e4uber.<\/p><p>Die BANG KING 35000 Double Apple bietet verschiedene Nikotinst\u00e4rken: 0 %, 2 %, 3 % und 5 %, um den unterschiedlichen Bed\u00fcrfnissen der Benutzer gerecht zu werden. Ob Sie ein nikotinfreier Raucher sind, der einen reinen Geschmack sucht, oder ein erfahrener Raucher, der die Befriedigung eines starken Dampfes bevorzugt, Sie werden die ideale Wahl finden.<\/p><p>Mit seinem raffinierten Design, der langlebigen Batterie und den vielen Geschmacksoptionen sticht der BANG KING 35000 (DSK032) unter den hochwertigen elektronischen Einweg-Vaporizern hervor. F\u00fcr den t\u00e4glichen Gebrauch oder auf Reisen bietet er ein fl\u00fcssiges, stabiles und langlebiges Dampferlebnis.<\/p><h2>Spezifikationen von BANG KING 35000 Dual Apple :<\/h2><p>Anzahl der Z\u00fcge : Bis zu 35000<\/p><p>Akkukapazit\u00e4t: 1.000 mAh wiederaufladbar (Typ-C)<\/p><p>Fl\u00fcssigkeitskapazit\u00e4t: 23 ml vorgef\u00fcllt<\/p><p>Zerst\u00e4uber: 0,6 \u03a9 Mesh-Widerstand<\/p><p>Anzeige: Intelligente LED-Anzeige (Akkustand\/Fl\u00fcssigkeitsstand)<\/p><p>Schutz: Verbr\u00fchungsschutz<\/p><p>Nikotinst\u00e4rke: 0 %, 2 %, 3 %, 5 %<\/p>\t\t\t\t\t\t\t\t<\/div>\n\t\t\t\t<\/div>\n\t\t\t\t\t<\/div>\n\t\t\t\t<\/div>\n\t\t\t\t<\/div>","protected":false},"excerpt":{"rendered":"<p>La saveur principale du Bang King 35000 Double Pomme est la pomme double, offrant un ar\u00f4me fruit\u00e9 riche et complexe, avec un \u00e9quilibre parfait entre douceur et acidit\u00e9. Ce tabac est compl\u00e9t\u00e9 par une base de tabac doux et moelleux, alliant la douceur rafra\u00eechissante du fruit \u00e0 la lourdeur du tabac. Avec la saveur Double [&hellip;]<\/p>\n","protected":false},"featured_media":6661,"comment_status":"open","ping_status":"closed","template":"","meta":{"site-sidebar-layout":"no-sidebar","site-content-layout":"page-builder","ast-site-content-layout":"normal-width-container","site-content-style":"default","site-sidebar-style":"default","ast-global-header-display":"","ast-banner-title-visibility":"","ast-main-header-display":"","ast-hfb-above-header-display":"","ast-hfb-below-header-display":"","ast-hfb-mobile-header-display":"","site-post-title":"disabled","ast-breadcrumbs-content":"","ast-featured-img":"disabled","footer-sml-layout":"","ast-disable-related-posts":"","theme-transparent-header-meta":"default","adv-header-id-meta":"","stick-header-meta":"default","header-above-stick-meta":"","header-main-stick-meta":"","header-below-stick-meta":"","astra-migrate-meta-layouts":"set","ast-page-background-enabled":"default","ast-page-background-meta":{"desktop":{"background-color":"","background-image":"","background-repeat":"repeat","background-position":"center center","background-size":"auto","background-attachment":"scroll","background-type":"","background-media":"","overlay-type":"","overlay-color":"","overlay-opacity":"","overlay-gradient":""},"tablet":{"background-color":"","background-image":"","background-repeat":"repeat","background-position":"center center","background-size":"auto","background-attachment":"scroll","background-type":"","background-media":"","overlay-type":"","overlay-color":"","overlay-opacity":"","overlay-gradient":""},"mobile":{"background-color":"","background-image":"","background-repeat":"repeat","background-position":"center center","background-size":"auto","background-attachment":"scroll","background-type":"","background-media":"","overlay-type":"","overlay-color":"","overlay-opacity":"","overlay-gradient":""}},"ast-content-background-meta":{"desktop":{"background-color":"var(--ast-global-color-5)","background-image":"","background-repeat":"repeat","background-position":"center center","background-size":"auto","background-attachment":"scroll","background-type":"","background-media":"","overlay-type":"","overlay-color":"","overlay-opacity":"","overlay-gradient":""},"tablet":{"background-color":"var(--ast-global-color-5)","background-image":"","background-repeat":"repeat","background-position":"center center","background-size":"auto","background-attachment":"scroll","background-type":"","background-media":"","overlay-type":"","overlay-color":"","overlay-opacity":"","overlay-gradient":""},"mobile":{"background-color":"var(--ast-global-color-5)","background-image":"","background-repeat":"repeat","background-position":"center center","background-size":"auto","background-attachment":"scroll","background-type":"","background-media":"","overlay-type":"","overlay-color":"","overlay-opacity":"","overlay-gradient":""}}},"product_brand":[52],"product_cat":[57,105,15],"product_tag":[],"class_list":{"0":"post-6746","1":"product","2":"type-product","3":"status-publish","4":"has-post-thumbnail","6":"product_brand-bang-king","7":"product_cat-bang-king-35k-resistance-mesh","8":"product_cat-puff-35k","9":"product_cat-magasin-cigarette-electronique","10":"desktop-align-center","11":"tablet-align-center","12":"mobile-align-center","13":"ast-product-gallery-layout-horizontal","14":"ast-product-gallery-with-no-image","15":"ast-product-single-variable","16":"ast-product-tabs-layout-horizontal","17":"ast-qv-on-image","19":"first","20":"instock","21":"sale","22":"shipping-taxable","23":"purchasable","24":"product-type-variable","25":"has-default-attributes"},"tiered_pricing_type":"fixed","tiered_pricing_fixed_rules":{"50":6.83,"100":6.22},"tiered_pricing_product_settings":{"layout":"default","base_unit_name":{"singular":null,"plural":null},"default_variation":null},"tiered_pricing_minimum_quantity":null,"tiered_pricing_roles_data":[],"tiered_pricing_percentage_rules":[],"_links":{"self":[{"href":"https:\/\/puffvapestore.com\/de\/wp-json\/wp\/v2\/product\/6746","targetHints":{"allow":["GET"]}}],"collection":[{"href":"https:\/\/puffvapestore.com\/de\/wp-json\/wp\/v2\/product"}],"about":[{"href":"https:\/\/puffvapestore.com\/de\/wp-json\/wp\/v2\/types\/product"}],"replies":[{"embeddable":true,"href":"https:\/\/puffvapestore.com\/de\/wp-json\/wp\/v2\/comments?post=6746"}],"version-history":[{"count":7,"href":"https:\/\/puffvapestore.com\/de\/wp-json\/wp\/v2\/product\/6746\/revisions"}],"predecessor-version":[{"id":7218,"href":"https:\/\/puffvapestore.com\/de\/wp-json\/wp\/v2\/product\/6746\/revisions\/7218"}],"wp:featuredmedia":[{"embeddable":true,"href":"https:\/\/puffvapestore.com\/de\/wp-json\/wp\/v2\/media\/6661"}],"wp:attachment":[{"href":"https:\/\/puffvapestore.com\/de\/wp-json\/wp\/v2\/media?parent=6746"}],"wp:term":[{"taxonomy":"product_brand","embeddable":true,"href":"https:\/\/puffvapestore.com\/de\/wp-json\/wp\/v2\/product_brand?post=6746"},{"taxonomy":"product_cat","embeddable":true,"href":"https:\/\/puffvapestore.com\/de\/wp-json\/wp\/v2\/product_cat?post=6746"},{"taxonomy":"product_tag","embeddable":true,"href":"https:\/\/puffvapestore.com\/de\/wp-json\/wp\/v2\/product_tag?post=6746"}],"curies":[{"name":"wp","href":"https:\/\/api.w.org\/{rel}","templated":true}]}}