{"id":6683,"date":"2025-08-14T05:04:16","date_gmt":"2025-08-14T05:04:16","guid":{"rendered":"https:\/\/puffvapestore.com\/?post_type=product&#038;p=6683"},"modified":"2026-01-19T10:31:53","modified_gmt":"2026-01-19T10:31:53","slug":"bang-king-35000-avec-23-ml-de-e-liquide-prerempli","status":"publish","type":"product","link":"https:\/\/puffvapestore.com\/de\/product\/bang-king-35000-mit-23-ml-flussigem-e-prerempli\/","title":{"rendered":"BANG KING 35000: Bietet 35000 Z\u00fcge, wird mit 23 ml vorgef\u00fcllter E-Fl\u00fcssigkeit, einem 0,6 \u03a9 Mesh-Widerstand und einem hochaufl\u00f6senden LED-Display geliefert."},"content":{"rendered":"<div data-elementor-type=\"wp-post\" data-elementor-id=\"6683\" class=\"elementor elementor-6683\">\n\t\t\t\t<div class=\"elementor-element elementor-element-08c26f9 e-flex e-con-boxed e-con e-parent\" data-id=\"08c26f9\" data-element_type=\"container\" data-e-type=\"container\">\n\t\t\t\t\t<div class=\"e-con-inner\">\n\t\t\t\t<div class=\"elementor-element elementor-element-a005a97 elementor-widget elementor-widget-text-editor\" data-id=\"a005a97\" data-element_type=\"widget\" data-e-type=\"widget\" data-widget_type=\"text-editor.default\">\n\t\t\t\t<div class=\"elementor-widget-container\">\n\t\t\t\t\t\t\t\t\t<h2>Langlebiger Akku und wiederaufladbarer Akku mit hoher Kapazit\u00e4t<\/h2><p>Der BANG KING 35000 ist ein Einweg-Elektronischer Verdampfer mit hoher Kapazit\u00e4t, der f\u00fcr ein langanhaltendes Erlebnis und unvergleichliche Aromen entwickelt wurde. Jede elektronische Zigarette BANG KING 35000 bietet bis zu 35000 Z\u00fcge. Die eingebaute wiederaufladbare Batterie mit hoher Kapazit\u00e4t und der extra gro\u00dfe Liquidtank sorgen f\u00fcr eine volle und sanfte Inhalation.<\/p><p>Dank seines leistungsstarken, wiederaufladbaren Lithium-Akkus mit 1000 mAh und dem Typ-C-Schnellladeanschluss m\u00fcssen Sie sich nie wieder Sorgen um einen Batterieausfall machen. Sein extra gro\u00dfer, vorgef\u00fcllter 23-ml-E-Liquidtank sorgt zusammen mit der Mesh-Coil-Technologie und einem optimierten 0,6 \u03a9-Widerstand f\u00fcr eine gleichm\u00e4\u00dfige Erw\u00e4rmung, einen reichhaltigen Geschmack und ein gro\u00dfz\u00fcgiges Dampfvolumen.<\/p><h2>LED-Anzeige und mehrere Nikotinstufen<\/h2><p>Der BANG KING 35000 verf\u00fcgt \u00fcber ein intelligentes LED-Display, das in Echtzeit die verbleibende Akkuladung und den Stand der E-Fl\u00fcssigkeit anzeigt, sodass Sie den Status des Ger\u00e4ts jederzeit im Auge behalten k\u00f6nnen. Die einzigartige Anti-Dry-Burn-Technologie verhindert effektiv Brandger\u00fcche bei niedrigem E-Fl\u00fcssigkeitsstand und verl\u00e4ngert so die Lebensdauer des Widerstands im Zerst\u00e4uber.<\/p><p>Die BANG KING 35000 bietet verschiedene Nikotinst\u00e4rken: 0 %, 2 %, 3 % und 5 %, um den unterschiedlichen Bed\u00fcrfnissen der Benutzer gerecht zu werden. Ob Sie ein nikotinfreier Raucher sind, der einen reinen Geschmack sucht, oder ein erfahrener Raucher, der die Befriedigung eines starken Dampfes bevorzugt, Sie werden die ideale Wahl finden.<\/p><p>Mit seinem raffinierten Design, der langlebigen Batterie und den vielen Geschmacksoptionen sticht der BANG KING 35000 (DSK032) unter den hochwertigen elektronischen Einweg-Vaporizern hervor. F\u00fcr den t\u00e4glichen Gebrauch oder auf Reisen bietet er ein fl\u00fcssiges, stabiles und langlebiges Dampferlebnis.<\/p><h2>Spezifikationen von BANG KING 35000 :<\/h2><p>Anzahl der Z\u00fcge : Bis zu 35000<\/p><p>Akkukapazit\u00e4t: 1.000 mAh wiederaufladbar (Typ-C)<\/p><p>Fl\u00fcssigkeitskapazit\u00e4t: 23 ml vorgef\u00fcllt<\/p><p>Zerst\u00e4uber: 0,6 \u03a9 Mesh-Widerstand<\/p><p>Anzeige: Intelligente LED-Anzeige (Akkustand\/Fl\u00fcssigkeitsstand)<\/p><p>Schutz: Verbr\u00fchungsschutz<\/p><p>Nikotinst\u00e4rke: 0 %, 2 %, 3 %, 5 %<\/p><h2>Die Serie BANG KING 35000 umfasst 12 verschiedene Geschmacksrichtungen.<\/h2><p>Die BANG KING 35000-Serie umfasst 12 verschiedene Geschmacksrichtungen, um den Vorlieben jedes Nutzers gerecht zu werden. Zun\u00e4chst einmal bietet die Auswahl an fruchtigen Geschmacksrichtungen eine Vielzahl klassischer Kombinationen wie \"Blue Razz Ice\", \"Blueberry Ice\", \"Raspberry Ice\", \"Peach Ice\", \"Strawberry Kiwi\", \"Strawberry Mango\", \"Strawberry Watermelon\" und \"Watermelon\". Diese Geschmacksrichtungen bieten ein erfrischendes, k\u00fchlendes Gef\u00fchl mit einem ausgewogenen s\u00fc\u00df-herben Geschmack - perfekt f\u00fcr alle, die fruchtige und eisige Eindr\u00fccke lieben.<\/p><p>Zweitens bietet BANG KING 35000 auch einzigartige Geschmacksrichtungen wie \"Double Apple\" und \"Lemon Mint\". Ersteres bietet ein reiches Apfelaroma, w\u00e4hrend letzteres die S\u00e4ure der Zitrone mit der Frische der Minze verbindet und so einen reichhaltigen und komplexen Geschmack erzeugt. Schlie\u00dflich bietet \"Energy Drink\" ein vertrautes und anregendes Geschmackserlebnis f\u00fcr Liebhaber von Energydrinks.<\/p><p>Schlie\u00dflich ist \"Love 66\" eine originellere Geschmacksrichtung des Sortiments mit einem eher geheimnisvollen Namen. Es k\u00f6nnte sich um eine Verschmelzung verschiedener Geschmacksrichtungen handeln, was ihr eine einzigartige Geschmacksposition verleiht - ideal f\u00fcr alle, die gerne neue Geschm\u00e4cker entdecken. Die Serie BANG KING 35000 ist haupts\u00e4chlich fruchtig und erfrischend, bietet aber gleichzeitig eine Vielzahl von Geschmacksrichtungen, um den Bed\u00fcrfnissen verschiedener Verbrauchergruppen gerecht zu werden.<\/p>\t\t\t\t\t\t\t\t<\/div>\n\t\t\t\t<\/div>\n\t\t\t\t\t<\/div>\n\t\t\t\t<\/div>\n\t\t\t\t<\/div>","protected":false},"excerpt":{"rendered":"<p>Batterie longue dur\u00e9e et batterie rechargeable grande capacit\u00e9 Le BANG KING 35000 est un vaporisateur \u00e9lectronique jetable haute capacit\u00e9 con\u00e7u pour une exp\u00e9rience longue dur\u00e9e et des saveurs incomparables. Chaque cigarette \u00e9lectronique BANG KING 35000 offre jusqu&rsquo;\u00e0 35000 bouff\u00e9es. Sa batterie rechargeable grande capacit\u00e9 int\u00e9gr\u00e9e et son r\u00e9servoir d&rsquo;e-liquide extra-large garantissent une inhalation ample et [&hellip;]<\/p>\n","protected":false},"featured_media":6663,"comment_status":"open","ping_status":"closed","template":"","meta":{"site-sidebar-layout":"no-sidebar","site-content-layout":"page-builder","ast-site-content-layout":"normal-width-container","site-content-style":"default","site-sidebar-style":"default","ast-global-header-display":"","ast-banner-title-visibility":"","ast-main-header-display":"","ast-hfb-above-header-display":"","ast-hfb-below-header-display":"","ast-hfb-mobile-header-display":"","site-post-title":"disabled","ast-breadcrumbs-content":"","ast-featured-img":"disabled","footer-sml-layout":"","ast-disable-related-posts":"","theme-transparent-header-meta":"default","adv-header-id-meta":"","stick-header-meta":"default","header-above-stick-meta":"","header-main-stick-meta":"","header-below-stick-meta":"","astra-migrate-meta-layouts":"set","ast-page-background-enabled":"default","ast-page-background-meta":{"desktop":{"background-color":"","background-image":"","background-repeat":"repeat","background-position":"center center","background-size":"auto","background-attachment":"scroll","background-type":"","background-media":"","overlay-type":"","overlay-color":"","overlay-opacity":"","overlay-gradient":""},"tablet":{"background-color":"","background-image":"","background-repeat":"repeat","background-position":"center center","background-size":"auto","background-attachment":"scroll","background-type":"","background-media":"","overlay-type":"","overlay-color":"","overlay-opacity":"","overlay-gradient":""},"mobile":{"background-color":"","background-image":"","background-repeat":"repeat","background-position":"center center","background-size":"auto","background-attachment":"scroll","background-type":"","background-media":"","overlay-type":"","overlay-color":"","overlay-opacity":"","overlay-gradient":""}},"ast-content-background-meta":{"desktop":{"background-color":"var(--ast-global-color-5)","background-image":"","background-repeat":"repeat","background-position":"center center","background-size":"auto","background-attachment":"scroll","background-type":"","background-media":"","overlay-type":"","overlay-color":"","overlay-opacity":"","overlay-gradient":""},"tablet":{"background-color":"var(--ast-global-color-5)","background-image":"","background-repeat":"repeat","background-position":"center center","background-size":"auto","background-attachment":"scroll","background-type":"","background-media":"","overlay-type":"","overlay-color":"","overlay-opacity":"","overlay-gradient":""},"mobile":{"background-color":"var(--ast-global-color-5)","background-image":"","background-repeat":"repeat","background-position":"center center","background-size":"auto","background-attachment":"scroll","background-type":"","background-media":"","overlay-type":"","overlay-color":"","overlay-opacity":"","overlay-gradient":""}}},"product_brand":[52],"product_cat":[57,105,15],"product_tag":[],"class_list":{"0":"post-6683","1":"product","2":"type-product","3":"status-publish","4":"has-post-thumbnail","6":"product_brand-bang-king","7":"product_cat-bang-king-35k-resistance-mesh","8":"product_cat-puff-35k","9":"product_cat-magasin-cigarette-electronique","10":"desktop-align-center","11":"tablet-align-center","12":"mobile-align-center","13":"ast-product-gallery-layout-horizontal","14":"ast-product-single-variable","15":"ast-product-tabs-layout-horizontal","16":"ast-qv-on-image","18":"first","19":"instock","20":"sale","21":"shipping-taxable","22":"purchasable","23":"product-type-variable","24":"has-default-attributes"},"tiered_pricing_type":"fixed","tiered_pricing_fixed_rules":{"50":6.83,"100":6.22},"tiered_pricing_product_settings":{"layout":"default","base_unit_name":{"singular":null,"plural":null},"default_variation":null},"tiered_pricing_minimum_quantity":null,"tiered_pricing_roles_data":[],"tiered_pricing_percentage_rules":[],"_links":{"self":[{"href":"https:\/\/puffvapestore.com\/de\/wp-json\/wp\/v2\/product\/6683","targetHints":{"allow":["GET"]}}],"collection":[{"href":"https:\/\/puffvapestore.com\/de\/wp-json\/wp\/v2\/product"}],"about":[{"href":"https:\/\/puffvapestore.com\/de\/wp-json\/wp\/v2\/types\/product"}],"replies":[{"embeddable":true,"href":"https:\/\/puffvapestore.com\/de\/wp-json\/wp\/v2\/comments?post=6683"}],"version-history":[{"count":7,"href":"https:\/\/puffvapestore.com\/de\/wp-json\/wp\/v2\/product\/6683\/revisions"}],"predecessor-version":[{"id":7230,"href":"https:\/\/puffvapestore.com\/de\/wp-json\/wp\/v2\/product\/6683\/revisions\/7230"}],"wp:featuredmedia":[{"embeddable":true,"href":"https:\/\/puffvapestore.com\/de\/wp-json\/wp\/v2\/media\/6663"}],"wp:attachment":[{"href":"https:\/\/puffvapestore.com\/de\/wp-json\/wp\/v2\/media?parent=6683"}],"wp:term":[{"taxonomy":"product_brand","embeddable":true,"href":"https:\/\/puffvapestore.com\/de\/wp-json\/wp\/v2\/product_brand?post=6683"},{"taxonomy":"product_cat","embeddable":true,"href":"https:\/\/puffvapestore.com\/de\/wp-json\/wp\/v2\/product_cat?post=6683"},{"taxonomy":"product_tag","embeddable":true,"href":"https:\/\/puffvapestore.com\/de\/wp-json\/wp\/v2\/product_tag?post=6683"}],"curies":[{"name":"wp","href":"https:\/\/api.w.org\/{rel}","templated":true}]}}