{"id":6575,"date":"2025-08-12T05:19:26","date_gmt":"2025-08-12T05:19:26","guid":{"rendered":"https:\/\/puffvapestore.com\/?post_type=product&#038;p=6575"},"modified":"2026-01-19T10:52:38","modified_gmt":"2026-01-19T10:52:38","slug":"cool-mint-bang-king-15000-une-menthe-rafraichissante","status":"publish","type":"product","link":"https:\/\/puffvapestore.com\/de\/product\/cool-mint-bang-king-15000-eine-erfrischende-minze\/","title":{"rendered":"Bang King 15K - Cool Mint"},"content":{"rendered":"<div data-elementor-type=\"wp-post\" data-elementor-id=\"6575\" class=\"elementor elementor-6575\">\n\t\t\t\t<div class=\"elementor-element elementor-element-08c26f9 e-flex e-con-boxed e-con e-parent\" data-id=\"08c26f9\" data-element_type=\"container\" data-e-type=\"container\">\n\t\t\t\t\t<div class=\"e-con-inner\">\n\t\t\t\t<div class=\"elementor-element elementor-element-a005a97 elementor-widget elementor-widget-text-editor\" data-id=\"a005a97\" data-element_type=\"widget\" data-e-type=\"widget\" data-widget_type=\"text-editor.default\">\n\t\t\t\t<div class=\"elementor-widget-container\">\n\t\t\t\t\t\t\t\t\t<p>Das Aroma Menthe Fra\u00eeche, wie die n\u00e4chtliche Brise entlang der Seine, bietet ein erfrischendes Gef\u00fchl, das ins Herz dringt. Es ist nicht nur minzige Frische; es ist mit subtilen Noten versehen: Ein erster Hauch von eisiger Frische, gefolgt von reiner, unverf\u00e4lschter Frische, wie die Morgenluft an einer Pariser Stra\u00dfenecke, die nat\u00fcrliche Frische und einen Hauch von Freiheit mit sich bringt.<\/p><h2>Erfahrung mit elektronischen Zigaretten :<\/h2><p>Der erste Zug des Dampfes Frische Minze verbreitet schnell eine erfrischende K\u00fchle, wie ein Schwall eiskalter Luft, der in die Kehle eindringt und tief in den K\u00f6rper eindringt.<\/p><p>Ohne \u00fcberm\u00e4\u00dfige S\u00fc\u00dfe oder unangenehme Noten, das Aroma ist rein und unvermischt.<\/p><h2>Halbgeschmack :<\/h2><p>Das Mentholaroma breitet sich im Mund aus und \u00e4hnelt dem Gef\u00fchl, ein frisches Minzbonbon zu kauen.<\/p><p>Er ist nicht nur erfrischend, sondern hat auch ein subtiles Kr\u00e4uteraroma, das einen nat\u00fcrlichen, cremigen Abgang erzeugt.<\/p><h2>Nachgeschmack :<\/h2><p>Ein anhaltendes k\u00fchles Gef\u00fchl im Hals, ohne Brennen oder Reizung; ein s\u00fc\u00dfes, eisiges Gef\u00fchl.<\/p><p>Beim Ausatmen verbleibt ein Hauch von Minze in der Nase und hinterl\u00e4sst einen sauberen, erfrischenden und unangenehmen Geruch.<\/p><h2>Elegantes und ergonomisches Design<\/h2><p>Der Bang King 15000 Cool Mint verf\u00fcgt \u00fcber ein schlankes Design und ein ergonomisches Geh\u00e4use, das einen komfortablen Griff und eine einfache Tragbarkeit gew\u00e4hrleistet. Das moderne Design verbessert nicht nur die \u00c4sthetik, sondern optimiert auch die Benutzererfahrung, wodurch es sich ideal f\u00fcr eine l\u00e4ngere Nutzung eignet. Die sorgf\u00e4ltig behandelte Oberfl\u00e4che des Ger\u00e4ts sorgt f\u00fcr eine rutschfeste und langlebige Oberfl\u00e4che, wodurch es sich f\u00fcr viele Gelegenheiten eignet - von t\u00e4glichen Fahrten bis hin zu Treffen mit Freunden.<\/p><h2>Vorgef\u00fcllte E-Liquids mit gro\u00dfer Kapazit\u00e4t<\/h2><p>Der Bang King 15000 Cool Mint verf\u00fcgt \u00fcber eine Kapazit\u00e4t von 25 ml vorgef\u00fcllter E-Fl\u00fcssigkeit, die weit \u00fcber der vieler \u00e4hnlicher Produkte auf dem Markt liegt. Diese gro\u00dfz\u00fcgige Kapazit\u00e4t reduziert das h\u00e4ufige Wechseln der e-Liquids und sorgt f\u00fcr ein sanftes und lang anhaltendes Dampferlebnis. Die e-Liquids verwenden eine hochwertige Formel, die einen reichhaltigen Geschmack und ein lang anhaltendes Aroma bietet, um den unterschiedlichen Bed\u00fcrfnissen der Nutzer gerecht zu werden.<\/p><p>Um den unterschiedlichen Vorlieben der Nutzer gerecht zu werden, ist die Bang King 15000 in vier Nikotinsalzdosierungen erh\u00e4ltlich: 0 %, 2 %, 3 % und 5 %. Die nikotinfreie Option eignet sich f\u00fcr Verbraucher, die einen reineren Geschmack suchen, w\u00e4hrend die hochkonzentrierte Option f\u00fcr diejenigen gedacht ist, die ein intensiveres Nikotingef\u00fchl suchen. Diese Flexibilit\u00e4t erm\u00f6glicht es den Nutzern, die Konzentration zu w\u00e4hlen, die am besten zu ihren Vorlieben passt.<\/p><h2>Mesh-Widerstandstechnologie<\/h2><p>Diese E-Zigarette ist mit einem fortschrittlichen Mesh-Widerstand ausgestattet, der im Vergleich zu herk\u00f6mmlichen Widerst\u00e4nden eine gleichm\u00e4\u00dfigere Zerst\u00e4ubung und eine stabile Erw\u00e4rmung bietet. Dieses Design garantiert einen reichen und schmackhaften Zug, verl\u00e4ngert effektiv die Lebensdauer des Ger\u00e4ts und verringert das Risiko von Verbrennungen oder unregelm\u00e4\u00dfigem Geschmack.<\/p><h2>Dauer eines extremen Buffs<\/h2><p>Die Bang King 15000 Cool Mint bietet bis zu 15000 Z\u00fcge, eine beeindruckende Zahl, die sie zu einer der langlebigsten E-Zigaretten auf dem Markt macht. Egal, ob Sie starker Raucher oder Gelegenheitsnutzer sind, diese E-Zigarette bietet eine au\u00dfergew\u00f6hnlich lange Akkulaufzeit, wodurch h\u00e4ufiges Nachf\u00fcllen und Austauschen des Ger\u00e4ts entf\u00e4llt.<\/p><h2>Umweltfreundliches, nachf\u00fcllbares Design<\/h2><p>Die Bang King 15000 ist umweltfreundlich und verf\u00fcgt \u00fcber einen eingebauten, wiederaufladbaren Hochleistungsakku mit 550 mAh, der \u00fcber einen USB-C-Anschluss schnell aufgeladen werden kann. Dieses Design verl\u00e4ngert nicht nur die Lebensdauer des Ger\u00e4ts, sondern reduziert auch die Umweltbelastung durch verbrauchte Batterien und zeigt damit unser Engagement f\u00fcr Nachhaltigkeit.<\/p><p>Diese E-Zigarette ist kompakt, leicht und tragbar und l\u00e4sst sich leicht \u00fcberall hin mitnehmen. Ihr Geh\u00e4use ist aus hochfesten Materialien gefertigt, die den t\u00e4glichen St\u00f6\u00dfen und Kratzern standhalten und eine lange Lebensdauer garantieren. Ob Sie sie in eine Tasche oder einen Rucksack stecken, die Bang King 15000 beh\u00e4lt ihre hervorragende Leistung bei.<\/p><h2>Schnelles Aufladen und effizientes Akkumanagement<\/h2><p>Der 550-mAh-Akku bietet nicht nur eine hohe Kapazit\u00e4t, sondern enth\u00e4lt auch ein intelligentes Managementsystem, das den Energieverbrauch optimiert und bei jedem Ladevorgang f\u00fcr eine konstante Stromversorgung sorgt. Der USB-C-Anschluss unterst\u00fctzt das Schnellladen, sodass das Ger\u00e4t in 30 bis 60 Minuten vollst\u00e4ndig aufgeladen ist, die Wartezeit verk\u00fcrzt wird und die Nutzer jederzeit entspannt rauchen k\u00f6nnen.<\/p>\t\t\t\t\t\t\t\t<\/div>\n\t\t\t\t<\/div>\n\t\t\t\t\t<\/div>\n\t\t\t\t<\/div>\n\t\t\t\t<\/div>","protected":false},"excerpt":{"rendered":"<p>L&rsquo;ar\u00f4me Menthe Fra\u00eeche, telle la brise nocturne le long de la Seine, offre une sensation rafra\u00eechissante qui p\u00e9n\u00e8tre en c\u0153ur. Ce n&rsquo;est pas seulement une fra\u00eecheur menthol\u00e9e ; il est agr\u00e9ment\u00e9 de notes subtiles : une premi\u00e8re bouff\u00e9e de fra\u00eecheur glaciale, suivie d&rsquo;une fra\u00eecheur pure et pure, telle l&rsquo;air matinal au coin d&rsquo;une rue parisienne, [&hellip;]<\/p>\n","protected":false},"featured_media":6238,"comment_status":"open","ping_status":"closed","template":"","meta":{"site-sidebar-layout":"no-sidebar","site-content-layout":"page-builder","ast-site-content-layout":"normal-width-container","site-content-style":"default","site-sidebar-style":"default","ast-global-header-display":"","ast-banner-title-visibility":"","ast-main-header-display":"","ast-hfb-above-header-display":"","ast-hfb-below-header-display":"","ast-hfb-mobile-header-display":"","site-post-title":"disabled","ast-breadcrumbs-content":"","ast-featured-img":"disabled","footer-sml-layout":"","ast-disable-related-posts":"","theme-transparent-header-meta":"default","adv-header-id-meta":"","stick-header-meta":"default","header-above-stick-meta":"","header-main-stick-meta":"","header-below-stick-meta":"","astra-migrate-meta-layouts":"set","ast-page-background-enabled":"default","ast-page-background-meta":{"desktop":{"background-color":"","background-image":"","background-repeat":"repeat","background-position":"center center","background-size":"auto","background-attachment":"scroll","background-type":"","background-media":"","overlay-type":"","overlay-color":"","overlay-opacity":"","overlay-gradient":""},"tablet":{"background-color":"","background-image":"","background-repeat":"repeat","background-position":"center center","background-size":"auto","background-attachment":"scroll","background-type":"","background-media":"","overlay-type":"","overlay-color":"","overlay-opacity":"","overlay-gradient":""},"mobile":{"background-color":"","background-image":"","background-repeat":"repeat","background-position":"center center","background-size":"auto","background-attachment":"scroll","background-type":"","background-media":"","overlay-type":"","overlay-color":"","overlay-opacity":"","overlay-gradient":""}},"ast-content-background-meta":{"desktop":{"background-color":"var(--ast-global-color-5)","background-image":"","background-repeat":"repeat","background-position":"center center","background-size":"auto","background-attachment":"scroll","background-type":"","background-media":"","overlay-type":"","overlay-color":"","overlay-opacity":"","overlay-gradient":""},"tablet":{"background-color":"var(--ast-global-color-5)","background-image":"","background-repeat":"repeat","background-position":"center center","background-size":"auto","background-attachment":"scroll","background-type":"","background-media":"","overlay-type":"","overlay-color":"","overlay-opacity":"","overlay-gradient":""},"mobile":{"background-color":"var(--ast-global-color-5)","background-image":"","background-repeat":"repeat","background-position":"center center","background-size":"auto","background-attachment":"scroll","background-type":"","background-media":"","overlay-type":"","overlay-color":"","overlay-opacity":"","overlay-gradient":""}}},"product_brand":[52],"product_cat":[56,80,15],"product_tag":[],"class_list":{"0":"post-6575","1":"product","2":"type-product","3":"status-publish","4":"has-post-thumbnail","6":"product_brand-bang-king","7":"product_cat-bang-king-15000-est-equipee-dune-resistance-mesh-nouvelle-generation","8":"product_cat-puff-15k","9":"product_cat-magasin-cigarette-electronique","10":"desktop-align-center","11":"tablet-align-center","12":"mobile-align-center","13":"ast-product-gallery-layout-horizontal","14":"ast-product-gallery-with-no-image","15":"ast-product-single-variable","16":"ast-product-tabs-layout-horizontal","17":"ast-qv-on-image","19":"first","20":"instock","21":"sale","22":"shipping-taxable","23":"purchasable","24":"product-type-variable","25":"has-default-attributes"},"tiered_pricing_type":"fixed","tiered_pricing_fixed_rules":{"50":6.05,"100":5.59},"tiered_pricing_product_settings":{"layout":"default","base_unit_name":{"singular":null,"plural":null},"default_variation":null},"tiered_pricing_minimum_quantity":null,"tiered_pricing_roles_data":[],"tiered_pricing_percentage_rules":[],"_links":{"self":[{"href":"https:\/\/puffvapestore.com\/de\/wp-json\/wp\/v2\/product\/6575","targetHints":{"allow":["GET"]}}],"collection":[{"href":"https:\/\/puffvapestore.com\/de\/wp-json\/wp\/v2\/product"}],"about":[{"href":"https:\/\/puffvapestore.com\/de\/wp-json\/wp\/v2\/types\/product"}],"replies":[{"embeddable":true,"href":"https:\/\/puffvapestore.com\/de\/wp-json\/wp\/v2\/comments?post=6575"}],"version-history":[{"count":7,"href":"https:\/\/puffvapestore.com\/de\/wp-json\/wp\/v2\/product\/6575\/revisions"}],"predecessor-version":[{"id":6622,"href":"https:\/\/puffvapestore.com\/de\/wp-json\/wp\/v2\/product\/6575\/revisions\/6622"}],"wp:featuredmedia":[{"embeddable":true,"href":"https:\/\/puffvapestore.com\/de\/wp-json\/wp\/v2\/media\/6238"}],"wp:attachment":[{"href":"https:\/\/puffvapestore.com\/de\/wp-json\/wp\/v2\/media?parent=6575"}],"wp:term":[{"taxonomy":"product_brand","embeddable":true,"href":"https:\/\/puffvapestore.com\/de\/wp-json\/wp\/v2\/product_brand?post=6575"},{"taxonomy":"product_cat","embeddable":true,"href":"https:\/\/puffvapestore.com\/de\/wp-json\/wp\/v2\/product_cat?post=6575"},{"taxonomy":"product_tag","embeddable":true,"href":"https:\/\/puffvapestore.com\/de\/wp-json\/wp\/v2\/product_tag?post=6575"}],"curies":[{"name":"wp","href":"https:\/\/api.w.org\/{rel}","templated":true}]}}