{"id":6544,"date":"2025-08-11T08:59:11","date_gmt":"2025-08-11T08:59:11","guid":{"rendered":"https:\/\/puffvapestore.com\/?post_type=product&#038;p=6544"},"modified":"2026-01-19T10:52:38","modified_gmt":"2026-01-19T10:52:38","slug":"pink-lemonade-bang-king-15000-offre-bien-plus-quune-simple-experience-gustative","status":"publish","type":"product","link":"https:\/\/puffvapestore.com\/de\/product\/pink-lemonade-bang-king-15000-bietet-mehr-als-nur-ein-geschmackserlebnis\/","title":{"rendered":"Pink Lemonade - Bang King 15K"},"content":{"rendered":"<div data-elementor-type=\"wp-post\" data-elementor-id=\"6544\" class=\"elementor elementor-6544\">\n\t\t\t\t<div class=\"elementor-element elementor-element-08c26f9 e-flex e-con-boxed e-con e-parent\" data-id=\"08c26f9\" data-element_type=\"container\" data-e-type=\"container\">\n\t\t\t\t\t<div class=\"e-con-inner\">\n\t\t\t\t<div class=\"elementor-element elementor-element-a005a97 elementor-widget elementor-widget-text-editor\" data-id=\"a005a97\" data-element_type=\"widget\" data-e-type=\"widget\" data-widget_type=\"text-editor.default\">\n\t\t\t\t<div class=\"elementor-widget-container\">\n\t\t\t\t\t\t\t\t\t<p>Das erfrischende s\u00fc\u00df-saure Aroma der elektronischen Zigarette Pink Lemonade erinnert an ein frisch zubereitetes Glas rosa Limonade: leicht prickelnd, mit der subtilen S\u00e4ure der Zitrone vermischt mit einem Hauch von S\u00fc\u00dfe, wodurch ein erfrischendes und komplexes Erlebnis geschaffen wird. In Frankreich, wo die Lebensqualit\u00e4t hoch gesch\u00e4tzt wird und \"entspanntes Dampfen\" praktiziert wird, bietet die Pink Lemonade mehr als nur ein Geschmackserlebnis; sie ist eine subtile und immersive Erfahrung, die an die romantische Atmosph\u00e4re ankn\u00fcpft: Sie erinnert an ein eiskaltes Getr\u00e4nk auf einem sommerlichen Balkon oder an ein entspanntes Gespr\u00e4ch an der Ecke eines Pariser Caf\u00e9s.<\/p><p>Pink Lemonade ist nicht irgendeine Limonade; Es ist ein in Nordamerika \u00fcbliches Zitronengetr\u00e4nk, bei dem normalerweise rote Fr\u00fcchte (wie Cranberries oder Himbeeren) mit Zitrone gemischt werden. Bei dieser Mischung bleibt die S\u00e4ure der Zitrone erhalten, w\u00e4hrend die subtile S\u00fc\u00dfe und das fruchtige Aroma der Fr\u00fcchte hinzukommen.<\/p><h2>Rosa Limonade: Raucherlebnis :<\/h2><p>Schon beim ersten Zug trifft eine deutliche Zitronens\u00e4ure auf die Zunge, die nicht aggressiv, sondern leicht s\u00e4uerlich ist.<\/p><p>Es folgt ein leichter Geschmack von s\u00fc\u00dfen roten Fr\u00fcchten wie Cranberry oder Himbeere, der eine subtile fruchtige S\u00fc\u00dfe bietet, die die zitronige S\u00e4ure abmildert.<\/p><h2>Mundmitte :<\/h2><p>S\u00fc\u00dfe und S\u00e4ure halten sich in der Mitte des Mundes die Waage und erzeugen einen Geschmack, der dem einer Limonade \u00e4hnelt, jedoch ohne die Kohlens\u00e4ure.<\/p><p>Der fruchtige Geschmack ist nat\u00fcrlich s\u00fc\u00df und erfrischend.<\/p><h2>Basisnote und Abgang :<\/h2><p>Das Ausatmen wird von einem Gef\u00fchl der Frische begleitet, das nicht zu stark oder eisig ist; Es ist ein leichtes, eisiges Gef\u00fchl, das die fruchtigen Noten nicht \u00fcbert\u00f6nt.<\/p><p>Was die Langlebigkeit angeht, so bleibt die zitronige S\u00e4ure etwas l\u00e4nger bestehen, w\u00e4hrend die S\u00fc\u00dfe der Beeren schnell nachl\u00e4sst und einen klaren, nicht ekelerregenden Abgang hinterl\u00e4sst.<\/p><h2>Wiederaufladbares, umweltfreundliches Design<\/h2><p>Mit einem eingebauten Akku, der \u00fcber USB-C aufgeladen werden kann, reduziert sie die Umweltauswirkungen von elektronischen Einwegzigaretten. Der Benutzer kann den Akku schnell aufladen und den Gebrauch jederzeit und \u00fcberall wieder aufnehmen, was Bequemlichkeit und Nachhaltigkeit miteinander verbindet. Dieses Design spart nicht nur Geld, sondern schont auch die Umwelt.<\/p><p>Die Bang King 15000 Pink Lemonade verf\u00fcgt \u00fcber ein schlankes, ergonomisches Design, das bequem in der Hand liegt und eine lange Lebensdauer garantiert. Sein leichtes Geh\u00e4use und die modernen Farben verbessern die Benutzererfahrung und zeigen gleichzeitig Individualit\u00e4t und Stil. Das Geh\u00e4use wurde sorgf\u00e4ltig behandelt, um Verschlei\u00dffestigkeit und Rutschfestigkeit zu gew\u00e4hrleisten und so \u00c4sthetik und Zweckm\u00e4\u00dfigkeit zu vereinen.<\/p><h2>Vorgef\u00fcllte E-Liquids mit gro\u00dfer Kapazit\u00e4t<\/h2><p>Jede Bang King 15000 Pink Lemonade ist mit 25 ml Premium-E-Liquid vorgef\u00fcllt, einer deutlich gr\u00f6\u00dferen Menge als bei herk\u00f6mmlichen elektronischen Zigaretten, f\u00fcr einen lang anhaltenden Gebrauch. Die E-Liquids bestehen aus hochwertigen Inhaltsstoffen und bieten ein weiches Gef\u00fchl im Hals und eine gro\u00dfe Vielfalt an Geschmacksrichtungen, sodass Sie bei jedem Zug gleichm\u00e4\u00dfig zufrieden sind.<\/p><h2>Eine Vielzahl von Nikotinkonzentrationen erh\u00e4ltlich<\/h2><p>Die Bang King 15000 Pink Lemonade bietet vier Nikotinsalzdosierungen: 0 %, 2 %, 3 % und 5 %, um den Bed\u00fcrfnissen verschiedener Dampfer gerecht zu werden. Die nikotinfreie Option mit 0 % ist ideal f\u00fcr diejenigen, die einen reineren Geschmack suchen, w\u00e4hrend die Option mit 5 % Nikotinsalz eine befriedigende Erfahrung f\u00fcr regelm\u00e4\u00dfige Dampfer bietet. Diese Flexibilit\u00e4t erm\u00f6glicht es jedem, das richtige Erlebnis f\u00fcr sich zu finden.<\/p><p>Eine einzige elektronische Zigarette Bang King 15000 reicht f\u00fcr bis zu 15000 Z\u00fcge, und dank ihrer au\u00dfergew\u00f6hnlich langen Batterielebensdauer muss das Ger\u00e4t nicht h\u00e4ufig ausgetauscht werden. Ob f\u00fcr den t\u00e4glichen Gebrauch oder auf Reisen, diese E-Zigarette bietet lang anhaltenden Komfort und vereinfacht das Nachf\u00fcllen.<\/p><h2>Mesh-Widerstandstechnologie<\/h2><p>Diese E-Zigarette ist mit einem fortschrittlichen Mesh-Widerstand ausgestattet, der eine gleichm\u00e4\u00dfigere Zerst\u00e4ubung und eine stabilere Erhitzung als herk\u00f6mmliche Widerst\u00e4nde bietet und so f\u00fcr einen weichen, authentischen Dampf sorgt. Die Mesh-Struktur verl\u00e4ngert auch die Lebensdauer des Widerstands und reduziert den Brandgeruch, wodurch bei jedem Zug ein hochwertiges Dampfen gew\u00e4hrleistet wird.<\/p><p>Die kompakte und leichte Bang King 15000 Pink Lemonade ist leicht zu transportieren und passt problemlos in eine Tasche oder einen Rucksack. Hergestellt aus hochfesten Materialien, ist sie sturzsicher und langlebig und beh\u00e4lt ihr Aussehen und ihre Leistung auch bei h\u00e4ufigem t\u00e4glichen Gebrauch bei.<\/p><h2>Wiederaufladbarer Akku mit hoher Kapazit\u00e4t<\/h2><p>Ausgestattet mit einem integrierten Akku mit einer Kapazit\u00e4t von ca. 550 mAh bietet die Bang King 15000 eine beeindruckende Akkulaufzeit. Dank der USB-C-Schnellladetechnologie k\u00f6nnen die Nutzer ihr Handy schnell aufladen und so die Wartezeit verk\u00fcrzen. Ein Batteriemanagementsystem optimiert den Energieverbrauch und sorgt so f\u00fcr einen stabilen und lang anhaltenden Betrieb.<\/p>\t\t\t\t\t\t\t\t<\/div>\n\t\t\t\t<\/div>\n\t\t\t\t\t<\/div>\n\t\t\t\t<\/div>\n\t\t\t\t<\/div>","protected":false},"excerpt":{"rendered":"<p>L&rsquo;ar\u00f4me aigre-doux rafra\u00eechissant de la cigarette \u00e9lectronique Pink Lemonade \u00e9voque un verre de limonade rose fra\u00eechement pr\u00e9par\u00e9\u00a0: l\u00e9g\u00e8rement p\u00e9tillant, avec la subtile acidit\u00e9 du citron m\u00eal\u00e9e \u00e0 une touche sucr\u00e9e, cr\u00e9ant une exp\u00e9rience rafra\u00eechissante et complexe. En France, o\u00f9 la qualit\u00e9 de vie est valoris\u00e9e et o\u00f9 l&rsquo;on pratique le \u00ab\u00a0vapotage relaxant\u00a0\u00bb, la Pink Lemonade [&hellip;]<\/p>\n","protected":false},"featured_media":6246,"comment_status":"open","ping_status":"closed","template":"","meta":{"site-sidebar-layout":"no-sidebar","site-content-layout":"page-builder","ast-site-content-layout":"normal-width-container","site-content-style":"default","site-sidebar-style":"default","ast-global-header-display":"","ast-banner-title-visibility":"","ast-main-header-display":"","ast-hfb-above-header-display":"","ast-hfb-below-header-display":"","ast-hfb-mobile-header-display":"","site-post-title":"disabled","ast-breadcrumbs-content":"","ast-featured-img":"disabled","footer-sml-layout":"","ast-disable-related-posts":"","theme-transparent-header-meta":"default","adv-header-id-meta":"","stick-header-meta":"default","header-above-stick-meta":"","header-main-stick-meta":"","header-below-stick-meta":"","astra-migrate-meta-layouts":"set","ast-page-background-enabled":"default","ast-page-background-meta":{"desktop":{"background-color":"","background-image":"","background-repeat":"repeat","background-position":"center center","background-size":"auto","background-attachment":"scroll","background-type":"","background-media":"","overlay-type":"","overlay-color":"","overlay-opacity":"","overlay-gradient":""},"tablet":{"background-color":"","background-image":"","background-repeat":"repeat","background-position":"center center","background-size":"auto","background-attachment":"scroll","background-type":"","background-media":"","overlay-type":"","overlay-color":"","overlay-opacity":"","overlay-gradient":""},"mobile":{"background-color":"","background-image":"","background-repeat":"repeat","background-position":"center center","background-size":"auto","background-attachment":"scroll","background-type":"","background-media":"","overlay-type":"","overlay-color":"","overlay-opacity":"","overlay-gradient":""}},"ast-content-background-meta":{"desktop":{"background-color":"var(--ast-global-color-5)","background-image":"","background-repeat":"repeat","background-position":"center center","background-size":"auto","background-attachment":"scroll","background-type":"","background-media":"","overlay-type":"","overlay-color":"","overlay-opacity":"","overlay-gradient":""},"tablet":{"background-color":"var(--ast-global-color-5)","background-image":"","background-repeat":"repeat","background-position":"center center","background-size":"auto","background-attachment":"scroll","background-type":"","background-media":"","overlay-type":"","overlay-color":"","overlay-opacity":"","overlay-gradient":""},"mobile":{"background-color":"var(--ast-global-color-5)","background-image":"","background-repeat":"repeat","background-position":"center center","background-size":"auto","background-attachment":"scroll","background-type":"","background-media":"","overlay-type":"","overlay-color":"","overlay-opacity":"","overlay-gradient":""}}},"product_brand":[52],"product_cat":[56,80,15],"product_tag":[],"class_list":{"0":"post-6544","1":"product","2":"type-product","3":"status-publish","4":"has-post-thumbnail","6":"product_brand-bang-king","7":"product_cat-bang-king-15000-est-equipee-dune-resistance-mesh-nouvelle-generation","8":"product_cat-puff-15k","9":"product_cat-magasin-cigarette-electronique","10":"desktop-align-center","11":"tablet-align-center","12":"mobile-align-center","13":"ast-product-gallery-layout-horizontal","14":"ast-product-gallery-with-no-image","15":"ast-product-single-variable","16":"ast-product-tabs-layout-horizontal","17":"ast-qv-on-image","19":"first","20":"instock","21":"sale","22":"shipping-taxable","23":"purchasable","24":"product-type-variable","25":"has-default-attributes"},"tiered_pricing_type":"fixed","tiered_pricing_fixed_rules":{"50":6.05,"100":5.59},"tiered_pricing_product_settings":{"layout":"default","base_unit_name":{"singular":null,"plural":null},"default_variation":null},"tiered_pricing_minimum_quantity":null,"tiered_pricing_roles_data":[],"tiered_pricing_percentage_rules":[],"_links":{"self":[{"href":"https:\/\/puffvapestore.com\/de\/wp-json\/wp\/v2\/product\/6544","targetHints":{"allow":["GET"]}}],"collection":[{"href":"https:\/\/puffvapestore.com\/de\/wp-json\/wp\/v2\/product"}],"about":[{"href":"https:\/\/puffvapestore.com\/de\/wp-json\/wp\/v2\/types\/product"}],"replies":[{"embeddable":true,"href":"https:\/\/puffvapestore.com\/de\/wp-json\/wp\/v2\/comments?post=6544"}],"version-history":[{"count":11,"href":"https:\/\/puffvapestore.com\/de\/wp-json\/wp\/v2\/product\/6544\/revisions"}],"predecessor-version":[{"id":6624,"href":"https:\/\/puffvapestore.com\/de\/wp-json\/wp\/v2\/product\/6544\/revisions\/6624"}],"wp:featuredmedia":[{"embeddable":true,"href":"https:\/\/puffvapestore.com\/de\/wp-json\/wp\/v2\/media\/6246"}],"wp:attachment":[{"href":"https:\/\/puffvapestore.com\/de\/wp-json\/wp\/v2\/media?parent=6544"}],"wp:term":[{"taxonomy":"product_brand","embeddable":true,"href":"https:\/\/puffvapestore.com\/de\/wp-json\/wp\/v2\/product_brand?post=6544"},{"taxonomy":"product_cat","embeddable":true,"href":"https:\/\/puffvapestore.com\/de\/wp-json\/wp\/v2\/product_cat?post=6544"},{"taxonomy":"product_tag","embeddable":true,"href":"https:\/\/puffvapestore.com\/de\/wp-json\/wp\/v2\/product_tag?post=6544"}],"curies":[{"name":"wp","href":"https:\/\/api.w.org\/{rel}","templated":true}]}}