{"id":6522,"date":"2025-08-07T01:25:40","date_gmt":"2025-08-07T01:25:40","guid":{"rendered":"https:\/\/puffvapestore.com\/?post_type=product&#038;p=6522"},"modified":"2026-01-19T10:52:38","modified_gmt":"2026-01-19T10:52:38","slug":"aloe-grape-bang-king-15000-moderement-sucre","status":"publish","type":"product","link":"https:\/\/puffvapestore.com\/de\/product\/aloe-grape-bang-king-15000-masig-sus\/","title":{"rendered":"Aloe Grape - Bang King 15K"},"content":{"rendered":"<div data-elementor-type=\"wp-post\" data-elementor-id=\"6522\" class=\"elementor elementor-6522\">\n\t\t\t\t<div class=\"elementor-element elementor-element-08c26f9 e-flex e-con-boxed e-con e-parent\" data-id=\"08c26f9\" data-element_type=\"container\" data-e-type=\"container\">\n\t\t\t\t\t<div class=\"e-con-inner\">\n\t\t\t\t<div class=\"elementor-element elementor-element-a005a97 elementor-widget elementor-widget-text-editor\" data-id=\"a005a97\" data-element_type=\"widget\" data-e-type=\"widget\" data-widget_type=\"text-editor.default\">\n\t\t\t\t<div class=\"elementor-widget-container\">\n\t\t\t\t\t\t\t\t\t<p>Das Aloe-Trauben-Aroma des Bang King 15000 bietet ein authentisches, m\u00e4\u00dfig s\u00fc\u00dfes Fruchtaroma mit einem erfrischenden und lang anhaltenden Geschmack, ideal f\u00fcr alle, die einen nat\u00fcrlichen und frischen Geschmack bevorzugen. Wenn Sie ein nicht ekelerregendes, leicht erfrischendes und authentisch fruchtiges Dampferlebnis bevorzugen, ist dieses Aloe-Raisin-Aroma auf jeden Fall einen Blick wert.<\/p><h2>Aroma Traube - Hauptanmerkung<\/h2><p>M\u00e4\u00dfig s\u00fc\u00df: Im Gegensatz zu einigen Traubenaromen bietet das Traubenaroma des Bang King ein nat\u00fcrliches fruchtiges Aroma mit leichter S\u00e4ure, das dem authentischen Geschmack frischer violetter Trauben n\u00e4her kommt.<\/p><p>Reichlich fruchtig: Vom ersten Schluck an liefert der Rauch ein reiches, saftiges Aroma mit deutlichen Nuancen und einem berauschenden Gef\u00fchl, das an das Aufplatzen frisch angebissener Trauben erinnert.<\/p><p>Cremig und s\u00fc\u00df: Die Textur der Trauben im Rauch reizt die Kehle nicht und hinterl\u00e4sst einen seidigen, lang anhaltenden Abgang.<\/p><h2>Aloe-vera-Aroma: eine subtile, unverwechselbare Note<\/h2><p>Frische Kr\u00e4uter: Aloe Vera verstr\u00f6mt ein leicht frisches Kr\u00e4uteraroma, das der Frische von Gurken- oder Zuckerrohrsaft \u00e4hnelt und dem Ganzen einen Hauch von Frische verleiht.<\/p><p>Subtil, nicht \u00fcbertrieben: Aloe Vera \u00fcberdeckt die Traubennote nicht, sondern erscheint zwischen dem Ein- und Ausatmen, schmiert und reinigt den Mund und hinterl\u00e4sst ein reines, nicht fettiges Geschmackserlebnis.<\/p><h2>Wiederaufladbares, umweltfreundliches Design<\/h2><p>Mit einem eingebauten Akku, der \u00fcber USB-C aufgeladen werden kann, reduziert sie die Umweltauswirkungen von elektronischen Einwegzigaretten. Der Benutzer kann den Akku schnell aufladen und den Gebrauch jederzeit und \u00fcberall wieder aufnehmen, was Bequemlichkeit und Nachhaltigkeit miteinander verbindet. Dieses Design spart nicht nur Geld, sondern schont auch die Umwelt.<\/p><p>Die Bang King 15000 Aloe Grape verf\u00fcgt \u00fcber ein schlankes, ergonomisches Design, das einen angenehmen Griff und eine lange Lebensdauer garantiert. Sein leichtes Geh\u00e4use und die modernen Farben verbessern die Benutzererfahrung und zeigen gleichzeitig Individualit\u00e4t und Stil. Das Geh\u00e4use wurde sorgf\u00e4ltig behandelt, um Verschlei\u00dffestigkeit und Rutschfestigkeit zu gew\u00e4hrleisten und so \u00c4sthetik und Zweckm\u00e4\u00dfigkeit zu vereinen.<\/p><h2>Vorgef\u00fcllte E-Liquids mit gro\u00dfer Kapazit\u00e4t<\/h2><p>Jede Bang King 15000 Aloe Grape ist mit 25 ml Premium-E-Liquid vorgef\u00fcllt, einer deutlich gr\u00f6\u00dferen Menge als bei herk\u00f6mmlichen elektronischen Zigaretten, f\u00fcr einen lang anhaltenden Gebrauch. Die E-Liquids bestehen aus hochwertigen Inhaltsstoffen und bieten ein weiches Gef\u00fchl im Hals und eine gro\u00dfe Auswahl an Geschmacksrichtungen, sodass Sie bei jedem Zug gleichm\u00e4\u00dfig zufrieden sind.<\/p><h2>Eine Vielzahl von Nikotinkonzentrationen erh\u00e4ltlich<\/h2><p>Die Bang King 15000 Aloe Grape bietet vier Nikotinsalzdosierungen: 0 %, 2 %, 3 % und 5 %, um den Bed\u00fcrfnissen verschiedener Dampfer gerecht zu werden. Die nikotinfreie Option mit 0 % ist ideal f\u00fcr diejenigen, die einen reineren Geschmack suchen, w\u00e4hrend die Option mit 5 % Nikotinsalz eine befriedigende Erfahrung f\u00fcr regelm\u00e4\u00dfige Dampfer bietet. Diese Flexibilit\u00e4t erm\u00f6glicht es jedem, das richtige Erlebnis f\u00fcr sich zu finden.<\/p><p>Eine einzige elektronische Zigarette Bang King 15000 reicht f\u00fcr bis zu 15000 Z\u00fcge, und dank ihrer au\u00dfergew\u00f6hnlich langen Batterielebensdauer muss das Ger\u00e4t nicht h\u00e4ufig ausgetauscht werden. Ob f\u00fcr den t\u00e4glichen Gebrauch oder auf Reisen, diese E-Zigarette bietet lang anhaltenden Komfort und vereinfacht das Nachf\u00fcllen.<\/p><h2>Mesh-Widerstandstechnologie<\/h2><p>Diese E-Zigarette ist mit einem fortschrittlichen Mesh-Widerstand ausgestattet, der eine gleichm\u00e4\u00dfigere Zerst\u00e4ubung und eine stabilere Erhitzung als herk\u00f6mmliche Widerst\u00e4nde bietet und so f\u00fcr einen weichen, authentischen Dampf sorgt. Die Mesh-Struktur verl\u00e4ngert auch die Lebensdauer des Widerstands und reduziert den Brandgeruch, wodurch bei jedem Zug ein hochwertiges Dampfen gew\u00e4hrleistet wird.<\/p><p>Die kompakte und leichte Bang King 15000 Aloe Grape ist leicht zu transportieren und passt problemlos in eine Tasche oder einen Rucksack. Hergestellt aus hochfesten Materialien, ist sie sturzsicher und langlebig und beh\u00e4lt ihr Aussehen und ihre Leistung auch bei h\u00e4ufigem t\u00e4glichen Gebrauch bei.<\/p><h2>Wiederaufladbarer Akku mit hoher Kapazit\u00e4t<\/h2><p>Ausgestattet mit einem integrierten Akku mit einer Kapazit\u00e4t von ca. 550 mAh bietet die Bang King 15000 eine beeindruckende Akkulaufzeit. Dank der USB-C-Schnellladetechnologie k\u00f6nnen die Nutzer ihr Handy schnell aufladen und so die Wartezeit verk\u00fcrzen. Ein Batteriemanagementsystem optimiert den Energieverbrauch und sorgt so f\u00fcr einen stabilen und lang anhaltenden Betrieb.<\/p>\t\t\t\t\t\t\t\t<\/div>\n\t\t\t\t<\/div>\n\t\t\t\t\t<\/div>\n\t\t\t\t<\/div>\n\t\t\t\t<\/div>","protected":false},"excerpt":{"rendered":"<p>L&rsquo;ar\u00f4me Aloe Raisin du Bang King 15000 offre un ar\u00f4me fruit\u00e9 authentique et mod\u00e9r\u00e9ment sucr\u00e9, avec une saveur rafra\u00eechissante et persistante, id\u00e9al pour ceux qui pr\u00e9f\u00e8rent un go\u00fbt naturel et frais. Si vous pr\u00e9f\u00e9rez une exp\u00e9rience de vapotage non \u00e9coeurante, l\u00e9g\u00e8rement rafra\u00eechissante et authentiquement fruit\u00e9e, cet ar\u00f4me Aloe Raisin vaut vraiment le d\u00e9tour. Ar\u00f4me Raisin [&hellip;]<\/p>\n","protected":false},"featured_media":6234,"comment_status":"open","ping_status":"closed","template":"","meta":{"site-sidebar-layout":"no-sidebar","site-content-layout":"page-builder","ast-site-content-layout":"normal-width-container","site-content-style":"default","site-sidebar-style":"default","ast-global-header-display":"","ast-banner-title-visibility":"","ast-main-header-display":"","ast-hfb-above-header-display":"","ast-hfb-below-header-display":"","ast-hfb-mobile-header-display":"","site-post-title":"disabled","ast-breadcrumbs-content":"","ast-featured-img":"disabled","footer-sml-layout":"","ast-disable-related-posts":"","theme-transparent-header-meta":"default","adv-header-id-meta":"","stick-header-meta":"default","header-above-stick-meta":"","header-main-stick-meta":"","header-below-stick-meta":"","astra-migrate-meta-layouts":"set","ast-page-background-enabled":"default","ast-page-background-meta":{"desktop":{"background-color":"","background-image":"","background-repeat":"repeat","background-position":"center center","background-size":"auto","background-attachment":"scroll","background-type":"","background-media":"","overlay-type":"","overlay-color":"","overlay-opacity":"","overlay-gradient":""},"tablet":{"background-color":"","background-image":"","background-repeat":"repeat","background-position":"center center","background-size":"auto","background-attachment":"scroll","background-type":"","background-media":"","overlay-type":"","overlay-color":"","overlay-opacity":"","overlay-gradient":""},"mobile":{"background-color":"","background-image":"","background-repeat":"repeat","background-position":"center center","background-size":"auto","background-attachment":"scroll","background-type":"","background-media":"","overlay-type":"","overlay-color":"","overlay-opacity":"","overlay-gradient":""}},"ast-content-background-meta":{"desktop":{"background-color":"var(--ast-global-color-5)","background-image":"","background-repeat":"repeat","background-position":"center center","background-size":"auto","background-attachment":"scroll","background-type":"","background-media":"","overlay-type":"","overlay-color":"","overlay-opacity":"","overlay-gradient":""},"tablet":{"background-color":"var(--ast-global-color-5)","background-image":"","background-repeat":"repeat","background-position":"center center","background-size":"auto","background-attachment":"scroll","background-type":"","background-media":"","overlay-type":"","overlay-color":"","overlay-opacity":"","overlay-gradient":""},"mobile":{"background-color":"var(--ast-global-color-5)","background-image":"","background-repeat":"repeat","background-position":"center center","background-size":"auto","background-attachment":"scroll","background-type":"","background-media":"","overlay-type":"","overlay-color":"","overlay-opacity":"","overlay-gradient":""}}},"product_brand":[52],"product_cat":[56,80,15],"product_tag":[],"class_list":{"0":"post-6522","1":"product","2":"type-product","3":"status-publish","4":"has-post-thumbnail","6":"product_brand-bang-king","7":"product_cat-bang-king-15000-est-equipee-dune-resistance-mesh-nouvelle-generation","8":"product_cat-puff-15k","9":"product_cat-magasin-cigarette-electronique","10":"desktop-align-center","11":"tablet-align-center","12":"mobile-align-center","13":"ast-product-gallery-layout-horizontal","14":"ast-product-gallery-with-no-image","15":"ast-product-single-variable","16":"ast-product-tabs-layout-horizontal","17":"ast-qv-on-image","19":"first","20":"instock","21":"sale","22":"shipping-taxable","23":"purchasable","24":"product-type-variable","25":"has-default-attributes"},"tiered_pricing_type":"fixed","tiered_pricing_fixed_rules":{"50":6.05,"100":5.59},"tiered_pricing_product_settings":{"layout":"default","base_unit_name":{"singular":null,"plural":null},"default_variation":null},"tiered_pricing_minimum_quantity":null,"tiered_pricing_roles_data":[],"tiered_pricing_percentage_rules":[],"_links":{"self":[{"href":"https:\/\/puffvapestore.com\/de\/wp-json\/wp\/v2\/product\/6522","targetHints":{"allow":["GET"]}}],"collection":[{"href":"https:\/\/puffvapestore.com\/de\/wp-json\/wp\/v2\/product"}],"about":[{"href":"https:\/\/puffvapestore.com\/de\/wp-json\/wp\/v2\/types\/product"}],"replies":[{"embeddable":true,"href":"https:\/\/puffvapestore.com\/de\/wp-json\/wp\/v2\/comments?post=6522"}],"version-history":[{"count":7,"href":"https:\/\/puffvapestore.com\/de\/wp-json\/wp\/v2\/product\/6522\/revisions"}],"predecessor-version":[{"id":6626,"href":"https:\/\/puffvapestore.com\/de\/wp-json\/wp\/v2\/product\/6522\/revisions\/6626"}],"wp:featuredmedia":[{"embeddable":true,"href":"https:\/\/puffvapestore.com\/de\/wp-json\/wp\/v2\/media\/6234"}],"wp:attachment":[{"href":"https:\/\/puffvapestore.com\/de\/wp-json\/wp\/v2\/media?parent=6522"}],"wp:term":[{"taxonomy":"product_brand","embeddable":true,"href":"https:\/\/puffvapestore.com\/de\/wp-json\/wp\/v2\/product_brand?post=6522"},{"taxonomy":"product_cat","embeddable":true,"href":"https:\/\/puffvapestore.com\/de\/wp-json\/wp\/v2\/product_cat?post=6522"},{"taxonomy":"product_tag","embeddable":true,"href":"https:\/\/puffvapestore.com\/de\/wp-json\/wp\/v2\/product_tag?post=6522"}],"curies":[{"name":"wp","href":"https:\/\/api.w.org\/{rel}","templated":true}]}}