{"id":6495,"date":"2025-08-11T06:11:27","date_gmt":"2025-08-11T06:11:27","guid":{"rendered":"https:\/\/puffvapestore.com\/?post_type=product&#038;p=6495"},"modified":"2026-01-19T10:52:39","modified_gmt":"2026-01-19T10:52:39","slug":"lush-ice-bang-king-15000-debordez-instantanement-daromes-rafraichissants","status":"publish","type":"product","link":"https:\/\/puffvapestore.com\/de\/product\/lush-ice-bang-king-15000-debordet-sofort-erfrischende-daromes\/","title":{"rendered":"Lush Ice - Bang King 15K"},"content":{"rendered":"<div data-elementor-type=\"wp-post\" data-elementor-id=\"6495\" class=\"elementor elementor-6495\">\n\t\t\t\t<div class=\"elementor-element elementor-element-08c26f9 e-flex e-con-boxed e-con e-parent\" data-id=\"08c26f9\" data-element_type=\"container\" data-e-type=\"container\">\n\t\t\t\t\t<div class=\"e-con-inner\">\n\t\t\t\t<div class=\"elementor-element elementor-element-a005a97 elementor-widget elementor-widget-text-editor\" data-id=\"a005a97\" data-element_type=\"widget\" data-e-type=\"widget\" data-widget_type=\"text-editor.default\">\n\t\t\t\t<div class=\"elementor-widget-container\">\n\t\t\t\t\t\t\t\t\t<p>Die ergonomisch gestaltete elektronische Zigarette Lush Ice von Bang King 15000 ist ein echtes Designerst\u00fcck. Beim Inhalieren f\u00fcllt das erfrischende Aroma von Wassermelone und leichter Minze sofort Ihren Mund und bietet eine subtile S\u00fc\u00dfe und ein k\u00fchles, eisiges Gef\u00fchl, wie der erste Schluck eisgek\u00fchlten Wassermelonensafts an der s\u00fcdfranz\u00f6sischen Sommerk\u00fcste: erfrischend und durstl\u00f6schend.<\/p><h2>Aroma mit Schwerpunkt Wassermelone :<\/h2><p>Wirklich fruchtig: Das Wassermelonenaroma des Bang King ist weniger s\u00fc\u00df als ein k\u00fcnstliches Bonbon und erinnert eher an eine frisch aufgeschnittene Wassermelone mit einem Hauch von nat\u00fcrlicher Frucht.<\/p><p>Intensives Fruchtaroma: Eine leichte Note von Honigmelone oder Gurke erg\u00e4nzt den Wassermelonengeschmack und erzeugt ein s\u00fc\u00dfes, erfrischendes Gef\u00fchl.<\/p><h2>Menthol\/Minze erfrischend :<\/h2><p>Sp\u00fcrbares, aber nicht irritierendes Frischegef\u00fchl : Sie bietet ein subtiles Frischegef\u00fchl, wie ein Eisw\u00fcrfel, der langsam auf der Zunge schmilzt.<\/p><p>Klarer Nachgeschmack: Nach dem Ausatmen bleibt ein frisches, reines Minzaroma im Mund zur\u00fcck, das hilft, die \u00fcberm\u00e4\u00dfige S\u00fc\u00dfe der Fruchtaromen zu zerstreuen und das gesamte Aromaprofil auszugleichen.<\/p><h2>Gesamterfahrung mit Lush Ice :<\/h2><p>Der Rauch ist mild im Mund, mit einem weichen Gef\u00fchl im Hals: Er reizt den Hals nicht, was ihn ideal f\u00fcr einen l\u00e4ngeren Gebrauch macht, besonders f\u00fcr diejenigen, die einen erfrischenden Geschmack bevorzugen.<\/p><p>Langanhaltend, nicht fettig: Trotz der fruchtig-eisigen Mischung ist die Gesamtwirkung nicht fettig oder aufdringlich, was den Geschmack zu einem angenehmen Alltagsgeschmack macht.<\/p><p>Langer Abgang: Ein erfrischendes, s\u00fc\u00dfes Aroma, das einer Kombination aus Wassermelonensaft und Minzbonbons \u00e4hnelt, verbleibt im Hals und im Mund und hinterl\u00e4sst ein angenehm erfrischendes Gef\u00fchl.<\/p><h2>Gro\u00dfe Kapazit\u00e4t zur Aufbewahrung von e-Liquids<\/h2><p>Die Bang King 15000 Lush Ice ist mit 25 ml E-Fl\u00fcssigkeit mit hochwertigen Nikotinsalzen vorgef\u00fcllt, eine Kapazit\u00e4t, die bei \u00e4hnlichen Produkten selten ist. Dies garantiert eine l\u00e4ngere Lebensdauer und reduziert den h\u00e4ufigen Austausch des Ger\u00e4ts.<\/p><p>Jede Bang King 15000 Lush Ice E-Zigarette bietet bis zu 15000 Z\u00fcge und \u00fcbertrifft damit die meisten Einweg-E-Zigaretten auf dem Markt bei weitem, was sie zum Ma\u00dfstab f\u00fcr ultralange Akkulaufzeiten macht.<\/p><h2>Verschiedene Nikotinst\u00e4rken erh\u00e4ltlich<\/h2><p>Um den Vorlieben der Benutzer und ihren Bed\u00fcrfnissen bei der Raucherentw\u00f6hnung gerecht zu werden, bietet die Bang King 15000 Lush Ice vier verschiedene Dosierungen von Nikotinsalzen: 0 %, 2 %, 3 % und 5 %. Ob Sie nun ganz mit dem Rauchen aufh\u00f6ren oder sich f\u00fcr eine h\u00f6here Dosierung entscheiden m\u00f6chten, Sie werden auf jeden Fall die ideale Option finden.<\/p><p>Diese E-Zigarette verwendet einen Mesh-Widerstand der neuen Generation f\u00fcr eine gleichm\u00e4\u00dfige Erw\u00e4rmung der E-Fl\u00fcssigkeit und eine effiziente Zerst\u00e4ubung. Im Vergleich zu herk\u00f6mmlichen Widerst\u00e4nden bietet es eine feinere Zerst\u00e4ubung, einen reicheren Geschmack und ein gr\u00f6\u00dferes Dampfvolumen, wodurch die Benutzererfahrung verbessert wird.<\/p><h2>Umweltfreundliches, nachf\u00fcllbares Design<\/h2><p>Es verf\u00fcgt \u00fcber einen eingebauten 550-mAh-Akku mit Schnellladefunktion \u00fcber USB-C. Dieses wiederaufladbare Design verl\u00e4ngert seine Lebensdauer erheblich und ist umweltfreundlicher als Einwegger\u00e4te, sodass es den Nachhaltigkeitsanforderungen moderner Nutzer gerecht wird.<\/p><p>Der Bang King 15000 Lush Ice verf\u00fcgt \u00fcber ein ergonomisches Design und eine moderne \u00c4sthetik. Seine Haptik, Textur und \u00c4sthetik spiegeln den Fokus auf das Benutzererlebnis wider und verbinden Komfort mit Stil.<\/p><p>Trotz seiner leistungsstarken Funktionen und der gro\u00dfen Speicherkapazit\u00e4t beh\u00e4lt der Bang King 15000 Lush Ice sein kompaktes und tragbares Design bei, das leicht zu transportieren ist und zu jedem Lebensstil passt. Dar\u00fcber hinaus ist er durch die Herstellung aus langlebigen Materialien sturzsicher und langlebig, was eine stabile Langzeitnutzung gew\u00e4hrleistet.<\/p>\t\t\t\t\t\t\t\t<\/div>\n\t\t\t\t<\/div>\n\t\t\t\t\t<\/div>\n\t\t\t\t<\/div>\n\t\t\t\t<\/div>","protected":false},"excerpt":{"rendered":"<p>La cigarette \u00e9lectronique Lush Ice de Bang King 15000, au design ergonomique, est un v\u00e9ritable bijou de design. D\u00e8s l&rsquo;inhalation, l&rsquo;ar\u00f4me rafra\u00eechissant de past\u00e8que et de menthe l\u00e9g\u00e8re emplit instantan\u00e9ment votre bouche, offrant une douceur subtile et une sensation fra\u00eeche et glac\u00e9e, comme la premi\u00e8re gorg\u00e9e de jus de past\u00e8que glac\u00e9 sur la c\u00f4te sud [&hellip;]<\/p>\n","protected":false},"featured_media":6243,"comment_status":"open","ping_status":"closed","template":"","meta":{"site-sidebar-layout":"no-sidebar","site-content-layout":"page-builder","ast-site-content-layout":"normal-width-container","site-content-style":"default","site-sidebar-style":"default","ast-global-header-display":"","ast-banner-title-visibility":"","ast-main-header-display":"","ast-hfb-above-header-display":"","ast-hfb-below-header-display":"","ast-hfb-mobile-header-display":"","site-post-title":"disabled","ast-breadcrumbs-content":"","ast-featured-img":"disabled","footer-sml-layout":"","ast-disable-related-posts":"","theme-transparent-header-meta":"default","adv-header-id-meta":"","stick-header-meta":"default","header-above-stick-meta":"","header-main-stick-meta":"","header-below-stick-meta":"","astra-migrate-meta-layouts":"set","ast-page-background-enabled":"default","ast-page-background-meta":{"desktop":{"background-color":"","background-image":"","background-repeat":"repeat","background-position":"center center","background-size":"auto","background-attachment":"scroll","background-type":"","background-media":"","overlay-type":"","overlay-color":"","overlay-opacity":"","overlay-gradient":""},"tablet":{"background-color":"","background-image":"","background-repeat":"repeat","background-position":"center center","background-size":"auto","background-attachment":"scroll","background-type":"","background-media":"","overlay-type":"","overlay-color":"","overlay-opacity":"","overlay-gradient":""},"mobile":{"background-color":"","background-image":"","background-repeat":"repeat","background-position":"center center","background-size":"auto","background-attachment":"scroll","background-type":"","background-media":"","overlay-type":"","overlay-color":"","overlay-opacity":"","overlay-gradient":""}},"ast-content-background-meta":{"desktop":{"background-color":"var(--ast-global-color-5)","background-image":"","background-repeat":"repeat","background-position":"center center","background-size":"auto","background-attachment":"scroll","background-type":"","background-media":"","overlay-type":"","overlay-color":"","overlay-opacity":"","overlay-gradient":""},"tablet":{"background-color":"var(--ast-global-color-5)","background-image":"","background-repeat":"repeat","background-position":"center center","background-size":"auto","background-attachment":"scroll","background-type":"","background-media":"","overlay-type":"","overlay-color":"","overlay-opacity":"","overlay-gradient":""},"mobile":{"background-color":"var(--ast-global-color-5)","background-image":"","background-repeat":"repeat","background-position":"center center","background-size":"auto","background-attachment":"scroll","background-type":"","background-media":"","overlay-type":"","overlay-color":"","overlay-opacity":"","overlay-gradient":""}}},"product_brand":[52],"product_cat":[56,80,15],"product_tag":[],"class_list":{"0":"post-6495","1":"product","2":"type-product","3":"status-publish","4":"has-post-thumbnail","6":"product_brand-bang-king","7":"product_cat-bang-king-15000-est-equipee-dune-resistance-mesh-nouvelle-generation","8":"product_cat-puff-15k","9":"product_cat-magasin-cigarette-electronique","10":"desktop-align-center","11":"tablet-align-center","12":"mobile-align-center","13":"ast-product-gallery-layout-horizontal","14":"ast-product-gallery-with-no-image","15":"ast-product-single-variable","16":"ast-product-tabs-layout-horizontal","17":"ast-qv-on-image","19":"first","20":"instock","21":"sale","22":"shipping-taxable","23":"purchasable","24":"product-type-variable","25":"has-default-attributes"},"tiered_pricing_type":"fixed","tiered_pricing_fixed_rules":{"50":6.05,"100":5.59},"tiered_pricing_product_settings":{"layout":"default","base_unit_name":{"singular":null,"plural":null},"default_variation":null},"tiered_pricing_minimum_quantity":null,"tiered_pricing_roles_data":[],"tiered_pricing_percentage_rules":[],"_links":{"self":[{"href":"https:\/\/puffvapestore.com\/de\/wp-json\/wp\/v2\/product\/6495","targetHints":{"allow":["GET"]}}],"collection":[{"href":"https:\/\/puffvapestore.com\/de\/wp-json\/wp\/v2\/product"}],"about":[{"href":"https:\/\/puffvapestore.com\/de\/wp-json\/wp\/v2\/types\/product"}],"replies":[{"embeddable":true,"href":"https:\/\/puffvapestore.com\/de\/wp-json\/wp\/v2\/comments?post=6495"}],"version-history":[{"count":11,"href":"https:\/\/puffvapestore.com\/de\/wp-json\/wp\/v2\/product\/6495\/revisions"}],"predecessor-version":[{"id":6627,"href":"https:\/\/puffvapestore.com\/de\/wp-json\/wp\/v2\/product\/6495\/revisions\/6627"}],"wp:featuredmedia":[{"embeddable":true,"href":"https:\/\/puffvapestore.com\/de\/wp-json\/wp\/v2\/media\/6243"}],"wp:attachment":[{"href":"https:\/\/puffvapestore.com\/de\/wp-json\/wp\/v2\/media?parent=6495"}],"wp:term":[{"taxonomy":"product_brand","embeddable":true,"href":"https:\/\/puffvapestore.com\/de\/wp-json\/wp\/v2\/product_brand?post=6495"},{"taxonomy":"product_cat","embeddable":true,"href":"https:\/\/puffvapestore.com\/de\/wp-json\/wp\/v2\/product_cat?post=6495"},{"taxonomy":"product_tag","embeddable":true,"href":"https:\/\/puffvapestore.com\/de\/wp-json\/wp\/v2\/product_tag?post=6495"}],"curies":[{"name":"wp","href":"https:\/\/api.w.org\/{rel}","templated":true}]}}